{"id":45633,"date":"2024-01-26T16:37:07","date_gmt":"2024-01-26T21:37:07","guid":{"rendered":"https:\/\/www.sisinternational.com\/?page_id=45633"},"modified":"2026-01-30T23:17:30","modified_gmt":"2026-01-31T04:17:30","slug":"pesquisa-de-mercado-de-ecoturismo","status":"publish","type":"page","link":"https:\/\/www.sisinternational.com\/pt\/solucoes\/consultoria-em-hotelaria-e-turismo-em-viagens\/pesquisa-de-mercado-de-ecoturismo\/","title":{"rendered":"Pesquisa de Mercado de Ecoturismo"},"content":{"rendered":"<h1 class=\"wp-block-heading\">Pesquisa de Mercado de Ecoturismo<\/h1>\n\n\n\n<figure class=\"gb-block-image gb-block-image-b445a780\"><img loading=\"lazy\" decoding=\"async\" width=\"1456\" height=\"816\" class=\"gb-image gb-image-b445a780\" src=\"https:\/\/www.sisinternational.com\/wp-content\/uploads\/2025\/08\/Circular-economy-2.jpg\" alt=\"Pesquisa e Estrat\u00e9gia de Mercado Internacional da SIS\" title=\"Circular economy (2)\" srcset=\"https:\/\/www.sisinternational.com\/wp-content\/uploads\/2025\/08\/Circular-economy-2.jpg 1456w, https:\/\/www.sisinternational.com\/wp-content\/uploads\/2025\/08\/Circular-economy-2-300x168.jpg 300w, https:\/\/www.sisinternational.com\/wp-content\/uploads\/2025\/08\/Circular-economy-2-1024x574.jpg 1024w, https:\/\/www.sisinternational.com\/wp-content\/uploads\/2025\/08\/Circular-economy-2-768x430.jpg 768w, https:\/\/www.sisinternational.com\/wp-content\/uploads\/2025\/08\/Circular-economy-2-18x10.jpg 18w\" sizes=\"auto, (max-width: 1456px) 100vw, 1456px\"><\/figure>\n\n\n\n<p><\/p>\n\n\n\n<hr class=\"wp-block-separator has-alpha-channel-opacity is-style-dots\"\/>\n\n\n\n<p>A pesquisa de mercado do ecoturismo analisa uma nova mudan\u00e7a na ind\u00fastria, onde a preserva\u00e7\u00e3o do patrim\u00f3nio natural e cultural \u00e9 t\u00e3o importante como proporcionar experi\u00eancias de viagem memor\u00e1veis. Esta abordagem \u00e0 pesquisa de mercado n\u00e3o se limita apenas \u00e0 adapta\u00e7\u00e3o \u00e0s tend\u00eancias actuais; trata-se de moldar o futuro das viagens de uma forma que seja sustent\u00e1vel, \u00e9tica e profundamente gratificante.<\/p>\n\n\n\n<h2 class=\"wp-block-heading\">Compreendendo a pesquisa de mercado de ecoturismo<\/h2>\n\n\n\n<p>Eco-tourism market research aims to understand the rapidly growing segment of tourism that emphasizes environmental sustainability and cultural respect. This <a title=\"Pesquisa de mercado de streaming de m\u00fasica\" href=\"https:\/\/www.sisinternational.com\/pt\/pesquisa-de-mercado-de-streaming-de-musica\/\" data-wpil-monitor-id=\"2583\">research involves a comprehensive analysis of market<\/a> trends, traveler preferences, and the economic, social, and environmental impacts of eco-tourism. Here, businesses and policymakers gain insights into what drives the eco-conscious traveler \u2013 from the desire for immersive, nature-based experiences to the need to ensure their travel choices contribute positively to conservation efforts and local communities.<\/p>\n\n\n\n<p>Al\u00e9m disso, a pesquisa de mercado do ecoturismo avalia o potencial de mercado e os desafios das iniciativas de ecoturismo. Examina factores como a procura do mercado, a an\u00e1lise competitiva, os benchmarks de sustentabilidade e a viabilidade econ\u00f3mica dos modelos de ecoturismo.<\/p>\n\n\n\n<h2 class=\"wp-block-heading\">Por que as empresas precisam de pesquisas de mercado de ecoturismo<\/h2>\n\n\n\n<p>A pesquisa de mercado do ecoturismo \u00e9 crucial para compreender as prefer\u00eancias e comportamentos \u00fanicos dos viajantes eco-conscientes \u2013 e estes conhecimentos permitem que as empresas adaptem as suas ofertas, garantindo que satisfazem as expectativas espec\u00edficas desta base de clientes.<\/p>\n\n\n\n<p>Em qualquer caso, proporciona uma s\u00e9rie de benef\u00edcios para as empresas que operam (ou entram) no setor do ecoturismo. Estes benef\u00edcios ajudam as empresas a alinharem-se com pr\u00e1ticas sustent\u00e1veis e a capitalizarem a crescente procura de experi\u00eancias de ecoturismo. Aqui est\u00e3o algumas vantagens principais:<\/p>\n\n\n\n<ul class=\"wp-block-list\">\n<li><strong>Identifica\u00e7\u00e3o de oportunidades de mercado:<\/strong> A pesquisa de mercado do ecoturismo ajuda as empresas a identificar novas oportunidades no setor do ecoturismo, tais como destinos emergentes, segmentos de clientes inexplorados ou ofertas de servi\u00e7os inovadores. Permite que as empresas se mantenham \u00e0 frente da curva, reconhecendo e respondendo \u00e0s mudan\u00e7as do mercado e \u00e0s exig\u00eancias dos consumidores.<\/li>\n\n\n\n<li><strong>Vantagem competitiva:<\/strong> Businesses that utilize eco-tourism market research can gain a competitive advantage by offering differentiated and authentic eco-tourism experiences. <\/li>\n\n\n\n<li><strong>Brand Building and <\/strong><a title=\"Pesquisa de mercado de reputa\u00e7\u00e3o\" data-wpil-monitor-id=\"4082\" href=\"https:\/\/www.sisinternational.com\/pt\/pericia\/industrias\/pesquisa-de-mercado-de-reputacao\/\">Reputation Management: Eco-tourism market research<\/a> aids in building a strong, credible brand aligned with sustainable values. <\/li>\n<\/ul>\n\n\n\n<h2 class=\"wp-block-heading\">Quando realizar pesquisas de mercado de ecoturismo<\/h2>\n\n\n\n<ul class=\"wp-block-list\">\n<li><strong>Ao reavaliar a estrat\u00e9gia de neg\u00f3cios:<\/strong> Se uma empresa pretende renovar a sua estrat\u00e9gia global, a pesquisa de mercado pode fornecer os conhecimentos necess\u00e1rios para informar as decis\u00f5es estrat\u00e9gicas e orientar a dire\u00e7\u00e3o do neg\u00f3cio.<\/li>\n\n\n\n<li><strong>Durante os Planos de Expans\u00e3o:<\/strong> When considering expansion into new markets or regions, market research is vital to understand the local eco-tourism landscape, customer preferences, and regulatory environment. <\/li>\n\n\n\n<li><strong>Respondendo \u00e0s tend\u00eancias e mudan\u00e7as do setor:<\/strong> Em resposta a mudan\u00e7as significativas no setor, como novas regulamenta\u00e7\u00f5es de sustentabilidade, mudan\u00e7as no comportamento dos viajantes ou avan\u00e7os tecnol\u00f3gicos, a pesquisa de mercado do ecoturismo pode ajudar as empresas a se adaptarem e a permanecerem relevantes.<\/li>\n\n\n\n<li><strong>Benchmarking e An\u00e1lise Competitiva:<\/strong> Para se manterem competitivas, as empresas precisam avaliar regularmente seu desempenho em rela\u00e7\u00e3o aos padr\u00f5es da ind\u00fastria e aos concorrentes. A pesquisa de mercado do ecoturismo fornece informa\u00e7\u00f5es sobre a posi\u00e7\u00e3o de uma empresa no setor do ecoturismo \u2013 e que medidas podem ser tomadas para melhorar a sua posi\u00e7\u00e3o no mercado.<\/li>\n\n\n\n<li><strong>Avaliando a satisfa\u00e7\u00e3o e o feedback do cliente:<\/strong> A realiza\u00e7\u00e3o de pesquisas de mercado para recolher feedback dos clientes e medir a satisfa\u00e7\u00e3o \u00e9 importante para a melhoria cont\u00ednua das ofertas de ecoturismo e para garantir que est\u00e3o alinhadas com as expectativas dos clientes e os padr\u00f5es de sustentabilidade.<\/li>\n<\/ul>\n\n\n\n<h2 class=\"wp-block-heading\">O que esperar da pesquisa de mercado de ecoturismo<\/h2>\n\n\n\n<p>Ao aprofundarem-se na investiga\u00e7\u00e3o do mercado do ecoturismo, as empresas e as partes interessadas podem antecipar conhecimentos abrangentes que s\u00e3o cruciais para navegar eficazmente neste sector de turismo especializado. Aqui est\u00e1 o que esperar deste tipo de pesquisa de mercado:<\/p>\n\n\n\n<ul class=\"wp-block-list\">\n<li><strong>An\u00e1lise detalhada do mercado:<\/strong> Market research provides an in-depth analysis of the current market scenario, including size, growth potential, and segmentation. <\/li>\n\n\n\n<li><strong>Avalia\u00e7\u00e3o do cen\u00e1rio competitivo:<\/strong> Market research in the eco-tourism sector often includes an assessment of the competitive landscape.<\/li>\n\n\n\n<li><strong>Tend\u00eancias e Melhores Pr\u00e1ticas de Sustentabilidade:<\/strong> Understanding current trends and best practices in sustainability within the eco-tourism industry is another critical aspect. <\/li>\n\n\n\n<li><strong>Ambiente Regulat\u00f3rio e Pol\u00edtico:<\/strong> A investiga\u00e7\u00e3o neste dom\u00ednio abrange tamb\u00e9m o ambiente regulamentar e pol\u00edtico que afecta o ecoturismo. O conhecimento dessas regulamenta\u00e7\u00f5es \u00e9 essencial para garantir o cumprimento e para o planejamento estrat\u00e9gico.<\/li>\n\n\n\n<li><strong>Oportunidades e desafios de mercado:<\/strong> Eco-tourism market research identifies both opportunities and challenges within the market. <\/li>\n<\/ul>\n\n\n\n<h2 class=\"wp-block-heading\">Inova\u00e7\u00e3o <\/h2>\n\n\n\n<p>A pesquisa de mercado do ecoturismo est\u00e1 em constante evolu\u00e7\u00e3o, reflectindo a natureza din\u00e2mica do turismo e da sustentabilidade ambiental \u2013 e aqui est\u00e3o algumas das tend\u00eancias actuais not\u00e1veis:<\/p>\n\n\n\n<ul class=\"wp-block-list\">\n<li><strong>Integra\u00e7\u00e3o da Tecnologia no Ecoturismo:<\/strong> O papel da tecnologia na melhoria das experi\u00eancias de ecoturismo \u00e9 uma tend\u00eancia crescente. A pesquisa de mercado est\u00e1 explorando como as plataformas digitais, os aplicativos m\u00f3veis e a realidade virtual podem ser usados para melhorar a experi\u00eancia do cliente, mantendo ao mesmo tempo os princ\u00edpios de sustentabilidade.<\/li>\n\n\n\n<li><strong>Pr\u00e1ticas Sustent\u00e1veis e Relat\u00f3rios:<\/strong> Est\u00e1 sendo dada cada vez mais import\u00e2ncia \u00e0s pr\u00e1ticas sustent\u00e1veis e \u00e0 sua divulga\u00e7\u00e3o no ecoturismo. A pesquisa de mercado do ecoturismo investiga como as empresas est\u00e3o implementando pr\u00e1ticas sustent\u00e1veis, como redu\u00e7\u00e3o de res\u00edduos e efici\u00eancia energ\u00e9tica, e como essas pr\u00e1ticas s\u00e3o comunicadas e percebidas pelos viajantes.<\/li>\n\n\n\n<li><strong>Maior foco nas mudan\u00e7as clim\u00e1ticas:<\/strong> Climate change and its impact on travel destinations are becoming a critical area of focus in <a title=\"Pesquisa de mercado sobre mudan\u00e7as clim\u00e1ticas\" data-wpil-monitor-id=\"4979\" href=\"https:\/\/www.sisinternational.com\/pt\/pericia\/industrias\/pesquisa-de-mercado-sobre-mudancas-climaticas\/\">eco-tourism market research<\/a>. <\/li>\n\n\n\n<li><strong>Personaliza\u00e7\u00e3o em Ecoturismo:<\/strong> Personalization is becoming increasingly important in eco-tourism. Market research is exploring how personalized eco-tourism experiences can be created, catering to individual preferences while maintaining sustainability.<\/li>\n<\/ul>\n\n\n\n<h2 class=\"wp-block-heading\">Oportunidades em pesquisa de mercado de ecoturismo para empresas<\/h2>\n\n\n\n<p>A pesquisa de mercado do ecoturismo oferece diversas oportunidades para as empresas do setor do turismo, especialmente aquelas que se concentram em pr\u00e1ticas sustent\u00e1veis. \u00c9 por isso que compreender e capitalizar estas oportunidades pode levar a um crescimento significativo, a uma vantagem competitiva e ao alinhamento com os objetivos de sustentabilidade.<\/p>\n\n\n\n<ul class=\"wp-block-list\">\n<li><strong>Targeting <\/strong><a title=\"Pesquisa de Mercado Econ\u00f4mico na Est\u00f4nia\" data-wpil-monitor-id=\"2934\" href=\"https:\/\/www.sisinternational.com\/pt\/economia-da-estonia\/\">Emerging Markets and Segments: Market research<\/a> helps identify emerging markets and consumer segments that are interested in sustainable travel. <\/li>\n\n\n\n<li><strong>Desenvolvimento inovador de produtos e experi\u00eancias:<\/strong> Os insights provenientes de pesquisas de mercado podem inspirar o desenvolvimento de produtos e experi\u00eancias inovadoras de ecoturismo. Compreender as prefer\u00eancias e tend\u00eancias dos viajantes permite que as empresas criem ofertas \u00fanicas que se destacam no mercado, como acomoda\u00e7\u00f5es ecol\u00f3gicas, passeios focados na conserva\u00e7\u00e3o ou experi\u00eancias de imers\u00e3o cultural.<\/li>\n\n\n\n<li><strong>Oportunidades de parceria e colabora\u00e7\u00e3o:<\/strong> Os insights da pesquisa de mercado podem revelar oportunidades de parcerias e colabora\u00e7\u00f5es com outras empresas, ONGs ou comunidades locais.<\/li>\n\n\n\n<li><strong>Melhorando a imagem e a reputa\u00e7\u00e3o da marca:<\/strong> Businesses can leverage <a title=\"Pesquisa de mercado de diagn\u00f3stico por imagem\" data-wpil-monitor-id=\"6366\" href=\"https:\/\/www.sisinternational.com\/pt\/pericia\/industrias\/pesquisa-de-mercado-de-diagnostico-por-imagem\/\">Pesquisa de mercado<\/a> to enhance their brand image and reputation. Demonstrating a commitment to sustainability and responsible tourism practices can attract more customers and build loyalty among eco-conscious travelers.<\/li>\n\n\n\n<li><strong>Adapta\u00e7\u00e3o \u00e0s mudan\u00e7as e tend\u00eancias do mercado:<\/strong> Eco-tourism market research keeps businesses informed about changing market dynamics, emerging trends, and evolving traveler preferences. <\/li>\n<\/ul>","protected":false},"excerpt":{"rendered":"<p>A pesquisa de mercado do ecoturismo \u00e9 crucial para compreender as prefer\u00eancias e comportamentos \u00fanicos dos viajantes ecologicamente conscientes.<\/p>","protected":false},"author":1,"featured_media":64755,"parent":44644,"menu_order":11,"comment_status":"closed","ping_status":"closed","template":"","meta":{"footnotes":""},"class_list":["post-45633","page","type-page","status-publish","has-post-thumbnail"],"_links":{"self":[{"href":"https:\/\/www.sisinternational.com\/pt\/wp-json\/wp\/v2\/pages\/45633","targetHints":{"allow":["GET"]}}],"collection":[{"href":"https:\/\/www.sisinternational.com\/pt\/wp-json\/wp\/v2\/pages"}],"about":[{"href":"https:\/\/www.sisinternational.com\/pt\/wp-json\/wp\/v2\/types\/page"}],"author":[{"embeddable":true,"href":"https:\/\/www.sisinternational.com\/pt\/wp-json\/wp\/v2\/users\/1"}],"replies":[{"embeddable":true,"href":"https:\/\/www.sisinternational.com\/pt\/wp-json\/wp\/v2\/comments?post=45633"}],"version-history":[{"count":9,"href":"https:\/\/www.sisinternational.com\/pt\/wp-json\/wp\/v2\/pages\/45633\/revisions"}],"predecessor-version":[{"id":82064,"href":"https:\/\/www.sisinternational.com\/pt\/wp-json\/wp\/v2\/pages\/45633\/revisions\/82064"}],"up":[{"embeddable":true,"href":"https:\/\/www.sisinternational.com\/pt\/wp-json\/wp\/v2\/pages\/44644"}],"wp:featuredmedia":[{"embeddable":true,"href":"https:\/\/www.sisinternational.com\/pt\/wp-json\/wp\/v2\/media\/64755"}],"wp:attachment":[{"href":"https:\/\/www.sisinternational.com\/pt\/wp-json\/wp\/v2\/media?parent=45633"}],"curies":[{"name":"wp","href":"https:\/\/api.w.org\/{rel}","templated":true}]}}