{"id":45626,"date":"2024-01-26T16:17:34","date_gmt":"2024-01-26T21:17:34","guid":{"rendered":"https:\/\/www.sisinternational.com\/?page_id=45626"},"modified":"2026-01-31T00:39:38","modified_gmt":"2026-01-31T05:39:38","slug":"pesquisa-de-mercado-de-viagens-de-luxo","status":"publish","type":"page","link":"https:\/\/www.sisinternational.com\/pt\/solucoes\/consultoria-em-hotelaria-e-turismo-em-viagens\/pesquisa-de-mercado-de-viagens-de-luxo\/","title":{"rendered":"Pesquisa de mercado de viagens de luxo"},"content":{"rendered":"<h1 class=\"wp-block-heading\">Pesquisa de mercado de viagens de luxo<\/h1>\n\n\n\n<figure class=\"gb-block-image gb-block-image-b7de1c5a\"><img loading=\"lazy\" decoding=\"async\" width=\"1456\" height=\"816\" class=\"gb-image gb-image-b7de1c5a\" src=\"https:\/\/www.sisinternational.com\/wp-content\/uploads\/2025\/10\/First-class-traveler-1.jpg\" alt=\"Pesquisa e Estrat\u00e9gia de Mercado Internacional da SIS\" title=\"First class traveler (1)\" srcset=\"https:\/\/www.sisinternational.com\/wp-content\/uploads\/2025\/10\/First-class-traveler-1.jpg 1456w, https:\/\/www.sisinternational.com\/wp-content\/uploads\/2025\/10\/First-class-traveler-1-300x168.jpg 300w, https:\/\/www.sisinternational.com\/wp-content\/uploads\/2025\/10\/First-class-traveler-1-1024x574.jpg 1024w, https:\/\/www.sisinternational.com\/wp-content\/uploads\/2025\/10\/First-class-traveler-1-768x430.jpg 768w, https:\/\/www.sisinternational.com\/wp-content\/uploads\/2025\/10\/First-class-traveler-1-18x10.jpg 18w\" sizes=\"auto, (max-width: 1456px) 100vw, 1456px\"><\/figure>\n\n\n\n<p><\/p>\n\n\n\n<hr class=\"wp-block-separator has-alpha-channel-opacity is-style-dots\"\/>\n\n\n\n<p>A pesquisa de mercado de viagens de luxo \u00e9 a b\u00fassola que orienta as empresas atrav\u00e9s do cen\u00e1rio em constante evolu\u00e7\u00e3o das viagens de alto padr\u00e3o. Ele fornece informa\u00e7\u00f5es valiosas sobre as prefer\u00eancias, comportamentos e expectativas dos viajantes mais exigentes. Num mercado onde os padr\u00f5es de excel\u00eancia s\u00e3o constantemente redefinidos, compreender as nuances das viagens de luxo \u00e9 essencial para as empresas que pretendem destacar-se neste setor.<\/p>\n\n\n\n<h2 class=\"wp-block-heading\">O que \u00e9 pesquisa de mercado de viagens de luxo?<\/h2>\n\n\n\n<p><a title=\"Pesquisa de mercado de perfumes de luxo\" href=\"https:\/\/www.sisinternational.com\/pt\/pesquisa-de-mercado-de-perfumes-de-luxo\/\" data-wpil-monitor-id=\"2265\">Luxury travel market research<\/a> is a specialized study of the global luxury travel industry, focusing on market trends, consumer preferences, destination preferences, and the competitive landscape. This research is essential for luxury travel providers, hotels, tour operators, and other stakeholders looking to understand the luxury travel market and tailor their offerings to meet the needs of affluent travelers.<\/p>\n\n\n\n<h2 class=\"wp-block-heading\">Import\u00e2ncia e principais benef\u00edcios da pesquisa de mercado de viagens de luxo<\/h2>\n\n\n\n<p>Luxury <a title=\"Pesquisa de mercado de viagens a\u00e9reas: repensando a cabine do avi\u00e3o\" href=\"https:\/\/www.sisinternational.com\/pt\/publicacoes\/insights-de-viagens-aereas-repensando-a-cabine-do-aviao\/\" data-wpil-monitor-id=\"6496\">pesquisa de mercado de viagens<\/a> is essential for businesses targeting high-end travelers and seeking to capitalize on the growing luxury travel market. This research provides valuable insights into luxury travelers\u2019 preferences, behaviors, and spending habits, enabling companies to tailor their offerings and marketing strategies accordingly.<\/p>\n\n\n\n<p>Additionally, luxury <a class=\"wpil_keyword_link\" href=\"https:\/\/www.sisinternational.com\/pt\/pericia\/industrias\/viagem-de-turismo\/\"   title=\"Pesquisa de mercado de viagens e turismo\" data-wpil-keyword-link=\"linked\"  data-wpil-monitor-id=\"11328\">pesquisa de mercado de viagens<\/a> helps businesses understand the competitive landscape. Companies can identify their unique selling points by studying competitor offerings and market positioning and differentiate themselves in a crowded market. It has many benefits for businesses in this sector, including:<\/p>\n\n\n\n<ul class=\"wp-block-list\">\n<li><strong>Experi\u00eancias personalizadas do cliente:<\/strong> A pesquisa de mercado de viagens de luxo permite que as empresas adaptem seus servi\u00e7os e experi\u00eancias para atender aos altos padr\u00f5es dessa clientela, aumentando a satisfa\u00e7\u00e3o e a fidelidade do cliente.<\/li>\n\n\n\n<li><strong>Vantagem Competitiva em Marketing e Branding:<\/strong> With a deeper understanding of the luxury market dynamics, companies can craft more effective marketing and branding strategies. <\/li>\n\n\n\n<li><strong>Antecipando tend\u00eancias de mercado:<\/strong> A pesquisa de mercado de viagens de luxo fornece insights sobre tend\u00eancias emergentes. Permite \u00e0s empresas antecipar mudan\u00e7as e adaptar as suas estrat\u00e9gias em conformidade, mantendo assim a relev\u00e2ncia e o apelo num mercado em r\u00e1pida evolu\u00e7\u00e3o.<\/li>\n\n\n\n<li><strong>Estrat\u00e9gias de pre\u00e7os otimizadas:<\/strong> In the luxury travel market, pricing is a delicate balance between exclusivity and value. Luxury travel market research helps businesses understand the pricing expectations of luxury travelers, allowing them to optimize their pricing <a title=\"Descontos em varejistas de luxo\" data-wpil-monitor-id=\"2095\" href=\"https:\/\/www.sisinternational.com\/pt\/descontos-em-varejistas-superluxuosos\/\">strategies<\/a> for maximum profitability while maintaining the allure of luxury.<\/li>\n<\/ul>\n\n\n\n<h2 class=\"wp-block-heading\">Resultados esperados da pesquisa de mercado de viagens de luxo da SIS International<\/h2>\n\n\n\n<p>When businesses partner with SIS International for <a title=\"Pesquisa de mercado do Dia dos Namorados: como sua empresa pode sentir o amor\" href=\"https:\/\/www.sisinternational.com\/pt\/dia-dos-namorados-como-sua-empresa-pode-sentir-o-amor\/\" data-wpil-monitor-id=\"7381\">pesquisa de mercado de viagens de luxo<\/a>, they can expect a range of valuable outcomes that drive strategic decision-making and business success:<\/p>\n\n\n\n<ul class=\"wp-block-list\">\n<li><strong>Insights acion\u00e1veis:<\/strong> SIS International delivers actionable insights from comprehensive research methodologies and advanced analytical techniques. <\/li>\n\n\n\n<li><strong>Vantagem competitiva:<\/strong> As empresas ganham uma vantagem competitiva no mercado de viagens de luxo, aproveitando a experi\u00eancia industrial e a intelig\u00eancia de mercado da SIS International. Nossa pesquisa equipa os clientes com conhecimento e insights para identificar tend\u00eancias de mercado, avaliar estrat\u00e9gias de concorrentes e capitalizar oportunidades emergentes, posicionando-os para o sucesso em um cen\u00e1rio altamente competitivo.<\/li>\n\n\n\n<li><strong>Maior satisfa\u00e7\u00e3o do cliente:<\/strong> Compreender as prefer\u00eancias e expectativas dos viajantes de luxo \u00e9 essencial para proporcionar experi\u00eancias excepcionais aos clientes. Os insights de pesquisa da SIS International permitem que as empresas adaptem seus servi\u00e7os, comodidades e esfor\u00e7os de marketing para se alinharem aos desejos dos viajantes de luxo, aumentando, em \u00faltima an\u00e1lise, a satisfa\u00e7\u00e3o e a fidelidade do cliente.<\/li>\n\n\n\n<li><strong>ROI de marketing otimizado:<\/strong> Businesses can optimize their marketing ROI by targeting the right audience segments with personalized marketing messages and experiences. SIS International\u2019s <a title=\"Pesquisa de mercado de mRNA\" data-wpil-monitor-id=\"4663\" href=\"https:\/\/www.sisinternational.com\/pt\/pericia\/industrias\/pesquisa-de-mercado-mrna\/\">pesquisar<\/a> helps clients identify the most effective marketing channels, messaging strategies, and customer engagement tactics, maximizing the impact of their marketing investments and driving revenue growth.<\/li>\n<\/ul>\n\n\n\n<h2 class=\"wp-block-heading\">Tend\u00eancias atuais em pesquisas de mercado de viagens de luxo<\/h2>\n\n\n\n<p>O panorama das viagens de luxo \u00e9 continuamente moldado pela evolu\u00e7\u00e3o das tend\u00eancias e prefer\u00eancias, tornando crucial que as empresas se mantenham informadas e adapt\u00e1veis. Aqui est\u00e3o algumas das tend\u00eancias atuais que foram destacadas por meio de pesquisas de mercado recentes:<\/p>\n\n\n\n<ul class=\"wp-block-list\">\n<li><strong>Personaliza\u00e7\u00e3o e Personaliza\u00e7\u00e3o:<\/strong> Uma tend\u00eancia significativa no mercado de viagens de luxo \u00e9 a crescente demanda por experi\u00eancias personalizadas e personalizadas. Os viajantes de luxo procuram viagens adaptadas aos seus interesses, prefer\u00eancias e estilos espec\u00edficos.<\/li>\n\n\n\n<li><strong>Viagens focadas no bem-estar e na sa\u00fade:<\/strong> O mercado de viagens de luxo est\u00e1 vendo um aumento nas viagens focadas no bem-estar e na sa\u00fade. Os viajantes de luxo procuram experi\u00eancias que promovam o bem-estar f\u00edsico, mental e emocional, desde retiros de bem-estar at\u00e9 f\u00e9rias de aventura e fitness.<\/li>\n\n\n\n<li><strong>Experi\u00eancias aprimoradas com tecnologia:<\/strong> A integra\u00e7\u00e3o da tecnologia para melhorar as experi\u00eancias de viagem \u00e9 outra tend\u00eancia importante. Desde visualiza\u00e7\u00f5es de destinos em realidade virtual at\u00e9 servi\u00e7os de concierge pessoal orientados por IA, a tecnologia cria experi\u00eancias de viagens de luxo mais imersivas e integradas.<\/li>\n<\/ul>\n\n\n\n<h2 class=\"wp-block-heading\">Principais players da ind\u00fastria de viagens de luxo<\/h2>\n\n\n\n<p>No cen\u00e1rio din\u00e2mico das viagens de luxo, v\u00e1rios intervenientes importantes exercem uma influ\u00eancia significativa e moldam as tend\u00eancias do setor. Esses jogadores l\u00edderes incluem:<\/p>\n\n\n\n<ul class=\"wp-block-list\">\n<li><strong>Cadeias de hot\u00e9is de luxo:<\/strong> Cadeias de hot\u00e9is de luxo estabelecidas, como Four Seasons, Ritz-Carlton e Mandarin Oriental, s\u00e3o sin\u00f4nimos de opul\u00eancia, oferecendo aos viajantes mais exigentes acomoda\u00e7\u00f5es exclusivas, servi\u00e7os personalizados e comodidades excepcionais em destinos de prest\u00edgio em todo o mundo.<\/li>\n\n\n\n<li><strong>Linhas de cruzeiro de luxo:<\/strong> Linhas de cruzeiros de luxo como Seabourn, Crystal Cruises e Regent Seven Seas Cruises oferecem aos viajantes a oportunidade de explorar o mundo com estilo e conforto. Essas empresas de cruzeiro oferecem comodidades luxuosas a bordo, experi\u00eancias gastron\u00f4micas gourmet e excurs\u00f5es em terra selecionadas, atraindo viajantes abastados que buscam uma combina\u00e7\u00e3o perfeita de relaxamento e explora\u00e7\u00e3o.<\/li>\n\n\n\n<li><strong>Empresas de fretamento de jatos particulares:<\/strong> Empresas de fretamento de jatos particulares como NetJets, Flexjet e VistaJet oferecem aos viajantes abastados o m\u00e1ximo em luxo e conveni\u00eancia. Com acesso a uma frota de aeronaves particulares e servi\u00e7os personalizados, essas empresas atendem indiv\u00edduos de alto patrim\u00f4nio que buscam experi\u00eancias de viagem exclusivas e privacidade.<\/li>\n<\/ul>\n\n\n\n<h2 class=\"wp-block-heading\">Oportunidades em pesquisa de mercado de viagens de luxo para empresas<\/h2>\n\n\n\n<p>Os conhecimentos obtidos a partir da pesquisa de mercado abrem uma ampla gama de oportunidades para as empresas que operam ou pretendem entrar neste setor lucrativo \u2013 e aqui est\u00e1 o que as empresas podem esperar ganhar:<\/p>\n\n\n\n<ul class=\"wp-block-list\">\n<li><strong>Identificando novos destinos e tend\u00eancias de viagens de luxo:<\/strong> A pesquisa de mercado de viagens de luxo ajuda a identificar destinos e tend\u00eancias emergentes de viagens de luxo. As empresas podem capitalizar estas informa\u00e7\u00f5es sendo pioneiras, oferecendo destinos ou experi\u00eancias novas e excitantes antes de se tornarem populares.<\/li>\n\n\n\n<li><strong>Expandindo para novos segmentos de mercado:<\/strong> A pesquisa do mercado de viagens de luxo pode revelar segmentos inexplorados no mercado de luxo. Isso apresenta oportunidades para as empresas expandirem seu alcance e diversificarem sua base de clientes.<\/li>\n\n\n\n<li><strong>Personaliza\u00e7\u00e3o:<\/strong> Os viajantes de luxo procuram cada vez mais experi\u00eancias personalizadas, adaptadas \u00e0s suas prefer\u00eancias e interesses. Ao aproveitar os insights da pesquisa de mercado, as empresas podem compreender melhor os segmentos, prefer\u00eancias e comportamentos dos clientes, permitindo-lhes oferecer servi\u00e7os, comodidades e experi\u00eancias personalizadas que repercutem nos viajantes abastados.<\/li>\n\n\n\n<li><strong>Mercados emergentes:<\/strong> O mercado de viagens de luxo continua a expandir-se globalmente, com mercados emergentes como a China, a \u00cdndia e o Sudeste Asi\u00e1tico a registarem um r\u00e1pido crescimento nos segmentos de consumidores ricos. A realiza\u00e7\u00e3o de pesquisas de mercado nestas regi\u00f5es permite que as empresas identifiquem oportunidades inexploradas, compreendam as prefer\u00eancias locais e adaptem as suas ofertas para satisfazer as necessidades dos diversos viajantes de luxo.<\/li>\n\n\n\n<li><strong>Viagem Experiencial:<\/strong> Os viajantes de luxo priorizam cada vez mais experi\u00eancias de viagem experienciais que oferecem autenticidade, imers\u00e3o e enriquecimento cultural. A pesquisa de mercado pode ajudar as empresas a identificar tend\u00eancias experienciais emergentes, selecionar experi\u00eancias de viagem \u00fanicas e diferenciar-se num mercado competitivo, oferecendo experi\u00eancias culturais imersivas, viagens de aventura e iniciativas de turismo sustent\u00e1vel.<\/li>\n<\/ul>\n\n\n\n<h2 class=\"wp-block-heading\">Desafios da pesquisa de mercado de viagens de luxo para empresas<\/h2>\n\n\n\n<p>While luxury travel market research offers invaluable insights, conducting it effectively poses some challenges. Therefore, businesses venturing into this research must navigate these complexities to extract meaningful and actionable data. Here are some of the key challenges they might face:<\/p>\n\n\n\n<ul class=\"wp-block-list\">\n<li><strong>Mudando as prefer\u00eancias do consumidor:<\/strong> As prefer\u00eancias e o comportamento dos viajantes de luxo est\u00e3o em constante evolu\u00e7\u00e3o, influenciados por fatores como tend\u00eancias socioecon\u00f3micas, avan\u00e7os tecnol\u00f3gicos e eventos globais. As empresas devem estar atentas \u00e0s mudan\u00e7as nas prefer\u00eancias dos consumidores, antecipar as tend\u00eancias emergentes e adaptar as suas ofertas para permanecerem relevantes no competitivo mercado de viagens de luxo.<\/li>\n\n\n\n<li><strong>Privacidade e seguran\u00e7a de dados:<\/strong> Com a crescente depend\u00eancia de insights baseados em dados, as empresas enfrentam desafios de privacidade e seguran\u00e7a de dados. A coleta e o armazenamento de dados confidenciais de clientes exigem medidas robustas de prote\u00e7\u00e3o de dados para proteger contra viola\u00e7\u00f5es de dados, conformidade regulat\u00f3ria e eros\u00e3o da confian\u00e7a do consumidor.<\/li>\n\n\n\n<li><strong>Complexidade Operacional:<\/strong> Oferecer experi\u00eancias de viagens de luxo envolve log\u00edstica complexa, planejamento meticuloso e execu\u00e7\u00e3o perfeita em v\u00e1rios pontos de contato. As empresas devem gerir a complexidade operacional das viagens de luxo, incluindo transporte, alojamento, refei\u00e7\u00f5es e atividades, mantendo elevados padr\u00f5es de excel\u00eancia de servi\u00e7o e satisfa\u00e7\u00e3o do cliente.<\/li>\n\n\n\n<li><strong>Sustentabilidade e preocupa\u00e7\u00f5es ambientais:<\/strong> Os viajantes de luxo est\u00e3o cada vez mais conscientes da sustentabilidade ambiental e da responsabilidade social ao escolher destinos e experi\u00eancias de viagem. As empresas enfrentam desafios para equilibrar ofertas de luxo com pr\u00e1ticas sustent\u00e1veis, minimizar o impacto ambiental e responder \u00e0 procura dos consumidores por op\u00e7\u00f5es de viagens ecol\u00f3gicas.<\/li>\n<\/ul>\n\n\n\n<h2 class=\"wp-block-heading\">Perspectivas futuras da pesquisa de mercado de viagens de luxo para empresas<\/h2>\n\n\n\n<p>Espera-se que o futuro da pesquisa de mercado de viagens de luxo seja mais din\u00e2mico e influente do que nunca. A evolu\u00e7\u00e3o das prefer\u00eancias dos viajantes de luxo e o surgimento de novas tend\u00eancias significam que as empresas devem estar \u00e0 frente da curva para permanecerem competitivas e relevantes. Aqui est\u00e1 o que as perspectivas futuras da pesquisa de mercado de viagens de luxo podem trazer:<\/p>\n\n\n\n<ul class=\"wp-block-list\">\n<li><strong>Maior \u00eanfase em an\u00e1lises preditivas:<\/strong> Com os avan\u00e7os na ci\u00eancia de dados e na IA, espera-se que a pesquisa do mercado de viagens de luxo se apoie mais fortemente na an\u00e1lise preditiva. Isto permitir\u00e1 \u00e0s empresas antecipar as tend\u00eancias do mercado e as prefer\u00eancias dos viajantes, permitindo o desenvolvimento de estrat\u00e9gias proativas.<\/li>\n\n\n\n<li><strong>Integra\u00e7\u00e3o de M\u00e9tricas de Sustentabilidade:<\/strong> \u00c0 medida que a sustentabilidade se torna cada vez mais essencial, as futuras pesquisas de mercado provavelmente incorporar\u00e3o m\u00e9tricas de sustentabilidade. Compreender como os viajantes de luxo percebem e valorizam as pr\u00e1ticas sustent\u00e1veis ser\u00e1 crucial para que as empresas adaptem as suas ofertas em conformidade.<\/li>\n\n\n\n<li><strong>Abra\u00e7ando Novas Tecnologias:<\/strong> Espera-se que tecnologias emergentes como realidade virtual, blockchain e IoT desempenhem um papel mais importante na pesquisa do mercado de viagens de luxo. Estas tecnologias podem oferecer formas inovadoras de recolher e analisar dados, proporcionando uma compreens\u00e3o mais abrangente do mercado.<\/li>\n<\/ul>\n\n\n\n<h2 class=\"wp-block-heading\">Como os servi\u00e7os da SIS International ajudam as empresas em pesquisas de mercado de viagens de luxo<\/h2>\n\n\n\n<p>SIS provides strategic insights, actionable recommendations, and innovative solutions to drive business success in the luxury travel market. Here\u2019s how our services help businesses:<\/p>\n\n\n\n<ul class=\"wp-block-list\">\n<li><strong>Solu\u00e7\u00f5es de pesquisa personalizadas:<\/strong> SIS designs customized research solutions tailored to each client\u2019s specific objectives, industry dynamics, and target audience. <\/li>\n\n\n\n<li><strong>Alcance e experi\u00eancia globais:<\/strong> With a presence in key markets worldwide, SIS leverages its global network of experts and local insights to provide clients with a comprehensive understanding of the luxury travel market landscape. <\/li>\n\n\n\n<li><strong>Metodologias de ponta:<\/strong> SIS International employs cutting-edge research methodologies and innovative technologies to capture actionable insights and uncover hidden opportunities in the <a title=\"Pesquisa de mercado no Canad\u00e1\" data-wpil-monitor-id=\"2632\" href=\"https:\/\/www.sisinternational.com\/pt\/cobertura\/as-americas\/pesquisa-de-mercado-canada\/\">luxury travel<\/a> market. <\/li>\n\n\n\n<li><strong>Servi\u00e7os de Consultoria Estrat\u00e9gica:<\/strong> Besides research expertise, SIS International offers strategic consulting <a title=\"Servi\u00e7os de tradu\u00e7\u00e3o e transcri\u00e7\u00e3o em alem\u00e3o\" data-wpil-monitor-id=\"6514\" href=\"https:\/\/www.sisinternational.com\/pt\/solucoes\/traducao-e-transcricao\/servicos-de-traducao-e-transcricao-de-alemao\/\">services to help businesses translate<\/a> research findings into actionable strategies and initiatives. <\/li>\n<\/ul>","protected":false},"excerpt":{"rendered":"<p>A pesquisa de mercado de viagens de luxo \u00e9 a b\u00fassola que orienta as empresas atrav\u00e9s do cen\u00e1rio em constante evolu\u00e7\u00e3o das viagens de alto padr\u00e3o.<\/p>","protected":false},"author":1,"featured_media":70810,"parent":44644,"menu_order":10,"comment_status":"closed","ping_status":"closed","template":"","meta":{"footnotes":""},"class_list":["post-45626","page","type-page","status-publish","has-post-thumbnail"],"_links":{"self":[{"href":"https:\/\/www.sisinternational.com\/pt\/wp-json\/wp\/v2\/pages\/45626","targetHints":{"allow":["GET"]}}],"collection":[{"href":"https:\/\/www.sisinternational.com\/pt\/wp-json\/wp\/v2\/pages"}],"about":[{"href":"https:\/\/www.sisinternational.com\/pt\/wp-json\/wp\/v2\/types\/page"}],"author":[{"embeddable":true,"href":"https:\/\/www.sisinternational.com\/pt\/wp-json\/wp\/v2\/users\/1"}],"replies":[{"embeddable":true,"href":"https:\/\/www.sisinternational.com\/pt\/wp-json\/wp\/v2\/comments?post=45626"}],"version-history":[{"count":19,"href":"https:\/\/www.sisinternational.com\/pt\/wp-json\/wp\/v2\/pages\/45626\/revisions"}],"predecessor-version":[{"id":82084,"href":"https:\/\/www.sisinternational.com\/pt\/wp-json\/wp\/v2\/pages\/45626\/revisions\/82084"}],"up":[{"embeddable":true,"href":"https:\/\/www.sisinternational.com\/pt\/wp-json\/wp\/v2\/pages\/44644"}],"wp:featuredmedia":[{"embeddable":true,"href":"https:\/\/www.sisinternational.com\/pt\/wp-json\/wp\/v2\/media\/70810"}],"wp:attachment":[{"href":"https:\/\/www.sisinternational.com\/pt\/wp-json\/wp\/v2\/media?parent=45626"}],"curies":[{"name":"wp","href":"https:\/\/api.w.org\/{rel}","templated":true}]}}