{"id":45570,"date":"2024-01-25T18:06:08","date_gmt":"2024-01-25T23:06:08","guid":{"rendered":"https:\/\/www.sisinternational.com\/?page_id=45570"},"modified":"2026-01-31T19:00:51","modified_gmt":"2026-02-01T00:00:51","slug":"consultoria-de-identidade-de-marca-hoteleira","status":"publish","type":"page","link":"https:\/\/www.sisinternational.com\/pt\/solucoes\/consultoria-em-hotelaria-e-turismo-em-viagens\/consultoria-de-identidade-de-marca-hoteleira\/","title":{"rendered":"Consultoria de identidade de marca hoteleira"},"content":{"rendered":"<h1 class=\"wp-block-heading\">Consultoria de identidade de marca hoteleira<\/h1>\n\n\n\n<figure class=\"gb-block-image gb-block-image-bb6c043d\"><img loading=\"lazy\" decoding=\"async\" width=\"1456\" height=\"816\" class=\"gb-image gb-image-bb6c043d\" src=\"https:\/\/www.sisinternational.com\/wp-content\/uploads\/2025\/08\/Hotel-furniture-10.jpg\" alt=\"Pesquisa e Estrat\u00e9gia de Mercado Internacional da SIS\" title=\"Hotel furniture (10)\" srcset=\"https:\/\/www.sisinternational.com\/wp-content\/uploads\/2025\/08\/Hotel-furniture-10.jpg 1456w, https:\/\/www.sisinternational.com\/wp-content\/uploads\/2025\/08\/Hotel-furniture-10-300x168.jpg 300w, https:\/\/www.sisinternational.com\/wp-content\/uploads\/2025\/08\/Hotel-furniture-10-1024x574.jpg 1024w, https:\/\/www.sisinternational.com\/wp-content\/uploads\/2025\/08\/Hotel-furniture-10-768x430.jpg 768w, https:\/\/www.sisinternational.com\/wp-content\/uploads\/2025\/08\/Hotel-furniture-10-18x10.jpg 18w\" sizes=\"auto, (max-width: 1456px) 100vw, 1456px\"><\/figure>\n\n\n\n<p><\/p>\n\n\n\n<hr class=\"wp-block-separator has-alpha-channel-opacity is-style-dots\"\/>\n\n\n\n<p>Como \u00e9 que um hotel se destaca e cativa o cora\u00e7\u00e3o dos seus h\u00f3spedes? \u00c9 aqui que entra em jogo o conceito de consultoria de identidade de marca de hotel\u2026 Trata-se de criar uma hist\u00f3ria, uma experi\u00eancia que ressoe nos h\u00f3spedes a n\u00edvel pessoal.<\/p>\n\n\n\n<h2 class=\"wp-block-heading\">Compreendendo a consultoria de identidade de marca de hotel<\/h2>\n\n\n\n<p>A consultoria de identidade de marca de hotel \u00e9 a arte de unir os valores, o esp\u00edrito e as ofertas exclusivas de um hotel em uma narrativa convincente que o distingue da concorr\u00eancia.<\/p>\n\n\n\n<p>At the core of <a title=\"Consultoria Hoteleira do Futuro\" href=\"https:\/\/www.sisinternational.com\/pt\/solucoes\/consultoria-em-hotelaria-e-turismo-em-viagens\/hotel-do-futuro-consultoria\/\" data-wpil-monitor-id=\"7395\">consultoria de identidade de marca hoteleira<\/a> is the understanding that each hotel is more than just a place to stay; it&#8217;s a destination with its personality, ambiance, and character. That&#8217;s why this form of consulting delves deep into what makes a hotel unique \u2013 its heritage, its vision, and the experiences it offers. The goal is to create a brand that reflects the hotel\u2019s identity and also resonates deeply with its target audience, making it an attractive choice for travelers.<\/p>\n\n\n\n<h2 class=\"wp-block-heading\">Por que as empresas precisam de consultoria de identidade de marca de hotel?<\/h2>\n\n\n\n<p>Hoje, as escolhas dos consumidores s\u00e3o muitas vezes motivadas por experi\u00eancias emocionais e pessoais. Portanto, uma identidade de marca bem elaborada pode transformar h\u00f3spedes de primeira viagem em clientes fi\u00e9is. Esta resson\u00e2ncia emocional \u00e9 alcan\u00e7ada alinhando os valores, a hist\u00f3ria e a est\u00e9tica do hotel com as expectativas e prefer\u00eancias dos h\u00f3spedes.<\/p>\n\n\n\n<p>Al\u00e9m disso, a import\u00e2ncia da consultoria de identidade de marca hoteleira estende-se \u00e0 esfera digital, onde a presen\u00e7a online de um hotel \u00e9 t\u00e3o crucial como a sua presen\u00e7a f\u00edsica. A identidade da marca de um hotel precisa ser representada de forma consistente em diversas plataformas, desde seu site e canais de m\u00eddia social at\u00e9 portais de reservas online. Os consultores garantem que esta representa\u00e7\u00e3o digital seja visualmente apelativa e estrategicamente alinhada com a narrativa geral da marca do hotel.<\/p>\n\n\n\n<h2 class=\"wp-block-heading\">Benefits of Hotel Brand Identity Consulting<\/h2>\n\n\n\n<p>A consultoria de identidade de marca de hotel traz v\u00e1rios outros benef\u00edcios para as empresas, incluindo:<\/p>\n\n\n\n<ul class=\"wp-block-list\">\n<li><strong>Maior reconhecimento e recall da marca:<\/strong> Uma identidade de marca bem definida torna um hotel mais reconhec\u00edvel e memor\u00e1vel para potenciais h\u00f3spedes, ajudando-o a destacar-se e a ser a escolha mais lembrada pelos viajantes.<\/li>\n\n\n\n<li><strong>Penetra\u00e7\u00e3o eficaz no mercado-alvo:<\/strong> A consultoria de identidade de marca de hotel ajuda a definir com precis\u00e3o e atrair o mercado-alvo do hotel. Esta abordagem personalizada garante que os esfor\u00e7os de marketing sejam mais focados e eficazes, atraindo os h\u00f3spedes certos.<\/li>\n\n\n\n<li><strong>Marketing e comunica\u00e7\u00e3o simplificados:<\/strong> With a clear brand identity, all marketing and communication efforts can be aligned, resulting in a cohesive message across all platforms. <\/li>\n\n\n\n<li><strong>Diferencia\u00e7\u00e3o dos Concorrentes:<\/strong> Na ind\u00fastria hoteleira altamente competitiva, uma identidade de marca \u00fanica diferencia um hotel dos seus concorrentes, oferecendo uma vantagem competitiva que pode atrair h\u00f3spedes que procuram uma experi\u00eancia distinta.<\/li>\n\n\n\n<li><strong>Suporta pre\u00e7os premium:<\/strong> Uma identidade de marca forte e atraente pode justificar pre\u00e7os premium. Os h\u00f3spedes muitas vezes est\u00e3o dispostos a pagar mais por uma marca que oferece um valor percebido mais elevado, tanto em termos de qualidade como de experi\u00eancia.<\/li>\n<\/ul>\n\n\n\n<h2 class=\"wp-block-heading\">Steps in Hotel Brand Identity Consulting<\/h2>\n\n\n\n<p>Envolver-se na consultoria de identidade de marca de hotel \u00e9 uma decis\u00e3o estrat\u00e9gica que envolve uma s\u00e9rie de etapas destinadas a elevar a presen\u00e7a e o apelo da marca de um hotel \u2013 e aqui est\u00e1 o que as empresas podem esperar do processo:<\/p>\n\n\n\n<ul class=\"wp-block-list\">\n<li><strong>Desenvolvimento de um Pacote de Identidade de Marca:<\/strong> Consultants will create a comprehensive brand identity package, which includes the brand&#8217;s visual elements (like logos, color schemes, typography) and messaging (tone of voice, brand story, key messages). <\/li>\n\n\n\n<li><strong>Orienta\u00e7\u00e3o de implementa\u00e7\u00e3o:<\/strong> Al\u00e9m da cria\u00e7\u00e3o da identidade da marca, os consultores orientam como implementar esta nova identidade em todos os pontos de contacto, desde materiais de marketing e presen\u00e7a online at\u00e9 design de interiores e forma\u00e7\u00e3o de pessoal. Isso garante uma experi\u00eancia de marca consistente e coesa para os h\u00f3spedes.<\/li>\n\n\n\n<li><strong>Estrat\u00e9gia de Monitoramento e Ajuste:<\/strong> A consultoria de identidade de marca hoteleira envolve o acompanhamento cont\u00ednuo da atua\u00e7\u00e3o da marca no mercado. Os consultores podem oferecer insights sobre a adapta\u00e7\u00e3o da estrat\u00e9gia em resposta ao feedback dos h\u00f3spedes, \u00e0s tend\u00eancias do mercado e a outros fatores relevantes, garantindo que a marca permane\u00e7a din\u00e2mica e relevante.<\/li>\n<\/ul>\n\n\n\n<h2 class=\"wp-block-heading\">Tend\u00eancias atuais em consultoria de identidade de marca hoteleira<\/h2>\n\n\n\n<ul class=\"wp-block-list\">\n<li><strong>\u00canfase em experi\u00eancias aut\u00eanticas:<\/strong> H\u00e1 uma tend\u00eancia crescente de cria\u00e7\u00e3o de marcas que ofere\u00e7am experi\u00eancias locais aut\u00eanticas. Os hot\u00e9is est\u00e3o se concentrando em contar hist\u00f3rias que destacam sua localiza\u00e7\u00e3o, hist\u00f3ria ou conex\u00f5es culturais \u00fanicas, oferecendo aos h\u00f3spedes uma experi\u00eancia imersiva que vai al\u00e9m da hospitalidade padr\u00e3o.<\/li>\n\n\n\n<li><strong>Sustentabilidade e pr\u00e1ticas ecol\u00f3gicas:<\/strong> As awareness of environmental issues grows, more hotels are incorporating sustainability into their brand identity. <\/li>\n\n\n\n<li><strong>Personaliza\u00e7\u00e3o:<\/strong> A personaliza\u00e7\u00e3o \u00e9 uma tend\u00eancia chave, com os hot\u00e9is adaptando a sua marca e as experi\u00eancias dos h\u00f3spedes \u00e0s prefer\u00eancias individuais. Isso inclui comunica\u00e7\u00e3o personalizada, servi\u00e7os e at\u00e9 mesmo configura\u00e7\u00f5es de sala, possibilitadas pela an\u00e1lise de dados e tecnologias de IA.<\/li>\n\n\n\n<li><strong>Foco no bem-estar e sa\u00fade:<\/strong> With an increased focus on wellness, many hotel brands are incorporating wellness and health into their identity. <\/li>\n<\/ul>\n\n\n\n<h2 class=\"wp-block-heading\">Oportunidades para neg\u00f3cios<\/h2>\n\n\n\n<p>A consultoria de identidade de marca hoteleira apresenta diversas oportunidades para as empresas do setor hoteleiro melhorarem sua presen\u00e7a no mercado, atrair e reter h\u00f3spedes e, em \u00faltima an\u00e1lise, impulsionar o crescimento. Vamos explorar estas oportunidades:<\/p>\n\n\n\n<ul class=\"wp-block-list\">\n<li><strong>Construindo Relacionamentos Fortes com o Cliente:<\/strong><a title=\"Construindo Marcas Chinesas\" data-wpil-monitor-id=\"3659\" href=\"https:\/\/www.sisinternational.com\/pt\/criando-uma-marca-global-para-a-china-2\/\"> A well-defined brand<\/a> identity helps establish a deeper connection with guests. It also allows for the creation of more personalized and memorable experiences, fostering loyalty and repeat business.<\/li>\n\n\n\n<li><strong>Melhorando a presen\u00e7a online:<\/strong> Na era digital de hoje, uma identidade de marca forte \u00e9 crucial para uma presen\u00e7a online impactante. Isto inclui um site atraente, conte\u00fado envolvente de m\u00eddia social e marketing digital eficaz, todos essenciais para atrair os viajantes modernos.<\/li>\n\n\n\n<li><strong>Marketing Estrat\u00e9gico e Publicidade:<\/strong> Uma identidade de marca clara agiliza os esfor\u00e7os de marketing e publicidade, garantindo que sejam consistentes, direcionados e mais eficazes. Permite que os hot\u00e9is comuniquem a sua proposta de valor \u00fanica de forma clara e convincente.<\/li>\n\n\n\n<li><strong>Expandindo o alcance do mercado:<\/strong> Uma identidade de marca forte pode abrir portas para novos mercados, incluindo diferentes regi\u00f5es geogr\u00e1ficas ou demogr\u00e1ficas. Ele fornece uma base para explorar novos canais de marketing e parcerias.<\/li>\n\n\n\n<li><strong>Aproveitando a Sustentabilidade e a Responsabilidade Social:<\/strong> With the growing awareness of environmental and social issues, hotels can use their brand identity to showcase their commitment to sustainability and social responsibility, appealing to conscious consumers.<\/li>\n<\/ul>\n\n\n\n<h2 class=\"wp-block-heading\">Desafios para as empresas<\/h2>\n\n\n\n<p>A consultoria de identidade de marca de hotel apresenta certos desafios que as empresas precisam enfrentar com cuidado \u2013 e eles incluem:<\/p>\n\n\n\n<ul class=\"wp-block-list\">\n<li><strong>Consist\u00eancia em todas as plataformas:<\/strong> Manter a consist\u00eancia nas mensagens e visuais da marca em todas as plataformas e pontos de contato pode ser um desafio. Isso inclui presen\u00e7a online, marca f\u00edsica, treinamento de equipe e intera\u00e7\u00f5es com convidados. As inconsist\u00eancias podem diluir o impacto da marca e confundir os h\u00f3spedes.<\/li>\n\n\n\n<li><strong>Alinhando a identidade da marca com as expectativas do cliente:<\/strong> Equilibrar a cria\u00e7\u00e3o de uma identidade de marca \u00fanica, alinhando-a \u00e0s expectativas dos clientes e \u00e0s tend\u00eancias do mercado, \u00e9 uma tarefa delicada. O desalinhamento pode levar \u00e0 desconex\u00e3o com o p\u00fablico-alvo, afetando a percep\u00e7\u00e3o e a fidelidade \u00e0 marca.<\/li>\n\n\n\n<li><strong>Diferencia\u00e7\u00e3o em um Mercado Saturado:<\/strong> No altamente competitivo setor hoteleiro, criar uma identidade de marca verdadeiramente distinta e que se destaque pode ser um desafio. H\u00e1 uma linha t\u00eanue entre ser \u00fanico e alienar h\u00f3spedes em potencial com uma marca que \u00e9 muito espec\u00edfica ou pouco convencional.<\/li>\n\n\n\n<li><strong>Restri\u00e7\u00f5es or\u00e7ament\u00e1rias:<\/strong> Desenvolver e implementar uma nova identidade de marca pode ser dispendioso, especialmente para hot\u00e9is mais pequenos ou independentes. As restri\u00e7\u00f5es or\u00e7amentais podem limitar o \u00e2mbito das iniciativas de branding e a adop\u00e7\u00e3o das tecnologias e estrat\u00e9gias de marketing necess\u00e1rias.<\/li>\n\n\n\n<li><strong>Evolu\u00e7\u00e3o do cen\u00e1rio digital:<\/strong> Acompanhar as r\u00e1pidas mudan\u00e7as no cen\u00e1rio digital, incluindo as tend\u00eancias das redes sociais e as t\u00e1ticas de marketing online, \u00e9 um desafio, mas essencial para a relev\u00e2ncia e o apelo de uma marca.<\/li>\n<\/ul>\n\n\n\n<h2 class=\"wp-block-heading\">Sobre SIS Internacional<\/h2>\n\n\n\n<p><a href=\"https:\/\/www.sisinternational.com\/pt\/\">SIS Internacional<\/a> oferece pesquisa quantitativa, qualitativa e estrat\u00e9gica. Fornecemos dados, ferramentas, estrat\u00e9gias, relat\u00f3rios e insights para a tomada de decis\u00f5es. Tamb\u00e9m realizamos entrevistas, pesquisas, grupos focais e outros m\u00e9todos e abordagens de Pesquisa de Mercado.<a href=\"https:\/\/www.sisinternational.com\/pt\/sobre-a-sis-international-research\/contact-sis-international-market-research\/\"> Entre em contato conosco<\/a> para o seu pr\u00f3ximo projeto de pesquisa de mercado.<\/p>","protected":false},"excerpt":{"rendered":"<p>A consultoria de identidade de marca de hotel tece de maneira convincente os valores, a \u00e9tica e as ofertas exclusivas de um hotel e o distingue da concorr\u00eancia.<\/p>","protected":false},"author":1,"featured_media":63583,"parent":44644,"menu_order":4,"comment_status":"closed","ping_status":"closed","template":"","meta":{"footnotes":""},"class_list":["post-45570","page","type-page","status-publish","has-post-thumbnail"],"_links":{"self":[{"href":"https:\/\/www.sisinternational.com\/pt\/wp-json\/wp\/v2\/pages\/45570","targetHints":{"allow":["GET"]}}],"collection":[{"href":"https:\/\/www.sisinternational.com\/pt\/wp-json\/wp\/v2\/pages"}],"about":[{"href":"https:\/\/www.sisinternational.com\/pt\/wp-json\/wp\/v2\/types\/page"}],"author":[{"embeddable":true,"href":"https:\/\/www.sisinternational.com\/pt\/wp-json\/wp\/v2\/users\/1"}],"replies":[{"embeddable":true,"href":"https:\/\/www.sisinternational.com\/pt\/wp-json\/wp\/v2\/comments?post=45570"}],"version-history":[{"count":6,"href":"https:\/\/www.sisinternational.com\/pt\/wp-json\/wp\/v2\/pages\/45570\/revisions"}],"predecessor-version":[{"id":82127,"href":"https:\/\/www.sisinternational.com\/pt\/wp-json\/wp\/v2\/pages\/45570\/revisions\/82127"}],"up":[{"embeddable":true,"href":"https:\/\/www.sisinternational.com\/pt\/wp-json\/wp\/v2\/pages\/44644"}],"wp:featuredmedia":[{"embeddable":true,"href":"https:\/\/www.sisinternational.com\/pt\/wp-json\/wp\/v2\/media\/63583"}],"wp:attachment":[{"href":"https:\/\/www.sisinternational.com\/pt\/wp-json\/wp\/v2\/media?parent=45570"}],"curies":[{"name":"wp","href":"https:\/\/api.w.org\/{rel}","templated":true}]}}