{"id":45188,"date":"2024-01-15T22:35:29","date_gmt":"2024-01-16T03:35:29","guid":{"rendered":"https:\/\/www.sisinternational.com\/?page_id=45188"},"modified":"2026-02-18T13:38:00","modified_gmt":"2026-02-18T18:38:00","slug":"consultoria-em-inteligencia-artificial-para-automacao-de-petroleo-e-gas","status":"publish","type":"page","link":"https:\/\/www.sisinternational.com\/pt\/solucoes\/pesquisa-de-mercado-de-ia-e-consultoria-estrategica\/consultoria-em-inteligencia-artificial-para-automacao-de-petroleo-e-gas\/","title":{"rendered":"Consultoria em Automa\u00e7\u00e3o de Petr\u00f3leo e G\u00e1s e Intelig\u00eancia Artificial"},"content":{"rendered":"<h1 class=\"wp-block-heading\">Consultoria em Automa\u00e7\u00e3o de Petr\u00f3leo e G\u00e1s e Intelig\u00eancia Artificial<\/h1>\n\n\n\n<figure class=\"gb-block-image gb-block-image-d6b832b8\"><img loading=\"lazy\" decoding=\"async\" width=\"1456\" height=\"816\" class=\"gb-image gb-image-d6b832b8\" src=\"https:\/\/www.sisinternational.com\/wp-content\/uploads\/2025\/08\/Oil-3.jpg\" alt=\"Pesquisa e Estrat\u00e9gia de Mercado Internacional da SIS\" title=\"Oil (3)\" srcset=\"https:\/\/www.sisinternational.com\/wp-content\/uploads\/2025\/08\/Oil-3.jpg 1456w, https:\/\/www.sisinternational.com\/wp-content\/uploads\/2025\/08\/Oil-3-300x168.jpg 300w, https:\/\/www.sisinternational.com\/wp-content\/uploads\/2025\/08\/Oil-3-1024x574.jpg 1024w, https:\/\/www.sisinternational.com\/wp-content\/uploads\/2025\/08\/Oil-3-768x430.jpg 768w, https:\/\/www.sisinternational.com\/wp-content\/uploads\/2025\/08\/Oil-3-18x10.jpg 18w\" sizes=\"auto, (max-width: 1456px) 100vw, 1456px\"><\/figure>\n\n\n\n<p><\/p>\n\n\n\n<p>Numa ind\u00fastria t\u00e3o din\u00e2mica e desafiante como a do petr\u00f3leo e do g\u00e1s, poder\u00e1 a fus\u00e3o da automa\u00e7\u00e3o e da intelig\u00eancia artificial ser decisiva? \u00c0 medida que o mundo enfrenta as complexidades das exig\u00eancias energ\u00e9ticas, da sustentabilidade ambiental e da efici\u00eancia operacional \u2013 a automa\u00e7\u00e3o de petr\u00f3leo e g\u00e1s e a consultoria em intelig\u00eancia artificial s\u00e3o uma estrat\u00e9gia essencial para o sucesso que oferece solu\u00e7\u00f5es inovadoras que redefinem a forma como as empresas de energia exploram, produzem e gerem os seus recursos.<\/p>\n\n\n\n<h2 class=\"wp-block-heading\">O que \u00e9 Consultoria em Automa\u00e7\u00e3o de Petr\u00f3leo e G\u00e1s e Intelig\u00eancia Artificial?<\/h2>\n\n\n\n<p>A consultoria em automa\u00e7\u00e3o e intelig\u00eancia artificial de petr\u00f3leo e g\u00e1s visa aumentar a efici\u00eancia, a seguran\u00e7a e a produtividade das opera\u00e7\u00f5es de petr\u00f3leo e g\u00e1s por meio da implementa\u00e7\u00e3o estrat\u00e9gica de tecnologias de automa\u00e7\u00e3o e IA. Seu foco est\u00e1 na agiliza\u00e7\u00e3o e otimiza\u00e7\u00e3o de diversos processos operacionais, incluindo tudo, desde perfura\u00e7\u00e3o e extra\u00e7\u00e3o at\u00e9 transporte e refino.<\/p>\n\n\n\n<p>This consulting also involves assessing the specific needs and challenges of an oil and gas operation, devising a strategic plan to integrate relevant technologies, and providing ongoing support to ensure these technologies drive tangible improvements. Consultants in this field combine their technical expertise with a deep understanding of the <a title=\"Venezuela Oil &amp; Mining Industry Potential: Strategic Forecast 2026-2036\" href=\"https:\/\/www.sisinternational.com\/pt\/venezuela-oil-mining-industry-potential-strategic-forecast-2026-2036\/\" data-wpil-monitor-id=\"6935\">oil and gas industry<\/a> to deliver customized solutions that address the unique complexities of this sector.<\/p>\n\n\n\n<h2 class=\"wp-block-heading\">Import\u00e2ncia da consultoria em automa\u00e7\u00e3o de petr\u00f3leo e g\u00e1s e intelig\u00eancia artificial hoje<\/h2>\n\n\n\n<p>O setor do petr\u00f3leo e do g\u00e1s \u00e9 caracterizado por opera\u00e7\u00f5es complexas, muitas vezes situadas em ambientes remotos e desafiantes. A automa\u00e7\u00e3o e a IA simplificam essas opera\u00e7\u00f5es e melhoram significativamente a seguran\u00e7a, reduzindo a exposi\u00e7\u00e3o humana a condi\u00e7\u00f5es perigosas. Por exemplo, em opera\u00e7\u00f5es de perfura\u00e7\u00e3o offshore, os sistemas automatizados podem executar tarefas sob condi\u00e7\u00f5es extremas onde a opera\u00e7\u00e3o humana seria arriscada ou impratic\u00e1vel.<\/p>\n\n\n\n<p>Secondly, since the industry is under intense scrutiny regarding its environmental impact. Oil and gas <a title=\"Consultoria em Automa\u00e7\u00e3o de Mat\u00e9rias Primas e Intelig\u00eancia Artificial\" href=\"https:\/\/www.sisinternational.com\/pt\/solucoes\/pesquisa-de-mercado-de-ia-e-consultoria-estrategica\/consultoria-de-inteligencia-artificial-em-automacao-de-materias-primas\/\" data-wpil-monitor-id=\"2362\">automation and artificial intelligence consulting<\/a> offer solutions for more sustainable practices such as optimizing energy use, reducing flaring, and monitoring for environmental compliance. AI-driven data analytics can identify patterns and solutions that minimize the ecological footprint of oil and gas operations.<\/p>\n\n\n\n<p>Al\u00e9m disso, a rentabilidade da ind\u00fastria est\u00e1 intimamente ligada \u00e0 sua efici\u00eancia operacional. A an\u00e1lise preditiva da IA \u00e9 crucial para a manuten\u00e7\u00e3o de equipamentos e planejamento operacional, reduzindo o tempo de inatividade e prolongando a vida \u00fatil de m\u00e1quinas caras. Os algoritmos de IA podem analisar dados de v\u00e1rias fontes para otimizar as taxas de produ\u00e7\u00e3o, aprimorar o gerenciamento de recursos e melhorar os processos de tomada de decis\u00e3o.<\/p>\n\n\n\n<h2 class=\"wp-block-heading\">Como \u00e9 realizada a consultoria em automa\u00e7\u00e3o e intelig\u00eancia artificial de petr\u00f3leo e g\u00e1s?<\/h2>\n\n\n\n<p>Conducting oil and gas <a title=\"Consultoria em Automa\u00e7\u00e3o Biotecnol\u00f3gica e Intelig\u00eancia Artificial\" href=\"https:\/\/www.sisinternational.com\/pt\/solucoes\/pesquisa-de-mercado-de-ia-e-consultoria-estrategica\/consultoria-de-inteligencia-artificial-de-automacao-de-biotecnologia\/\" data-wpil-monitor-id=\"3922\">automation and artificial intelligence consulting<\/a> involves a structured approach, tailored to the unique complexities and demands of the oil and gas industry. Here\u2019s how this process typically unfolds:<\/p>\n\n\n\n<ul class=\"wp-block-list\">\n<li><strong>Avalia\u00e7\u00e3o:<\/strong> Uma avalia\u00e7\u00e3o abrangente das opera\u00e7\u00f5es existentes de petr\u00f3leo e g\u00e1s inclui a avalia\u00e7\u00e3o das tecnologias, processos e infraestruturas atuais, bem como a compreens\u00e3o dos desafios e objetivos espec\u00edficos do neg\u00f3cio.<\/li>\n\n\n\n<li><strong>Identificando oportunidades para automa\u00e7\u00e3o:<\/strong> A an\u00e1lise dos dados recolhidos para identificar \u00e1reas onde a automa\u00e7\u00e3o e a IA podem trazer melhorias significativas envolve opera\u00e7\u00f5es de perfura\u00e7\u00e3o, gest\u00e3o de reservat\u00f3rios, manuten\u00e7\u00e3o preditiva, otimiza\u00e7\u00e3o da cadeia de abastecimento ou melhorias de seguran\u00e7a.<\/li>\n\n\n\n<li><strong>Planejamento estrat\u00e9gico:<\/strong> O desenvolvimento de um plano estrat\u00e9gico para integrar a automa\u00e7\u00e3o e a IA nas \u00e1reas identificadas deve delinear os objetivos, as solu\u00e7\u00f5es tecnol\u00f3gicas a serem implementadas, o cronograma, os recursos necess\u00e1rios e os resultados esperados.<\/li>\n\n\n\n<li><strong>Sele\u00e7\u00e3o de tecnologia:<\/strong> A escolha de tecnologias de automa\u00e7\u00e3o e IA adequadas que se alinhem com as necessidades espec\u00edficas do neg\u00f3cio envolve a sele\u00e7\u00e3o de software para an\u00e1lise de dados, plataformas de IA para modelagem preditiva ou ferramentas de automa\u00e7\u00e3o para tarefas operacionais.<\/li>\n\n\n\n<li><strong>Projetos Piloto:<\/strong> A implementa\u00e7\u00e3o de projetos-piloto para testar e validar as tecnologias escolhidas num ambiente controlado \u00e9 um passo crucial para avaliar a viabilidade e efic\u00e1cia das solu\u00e7\u00f5es antes de uma implementa\u00e7\u00e3o em grande escala.<\/li>\n\n\n\n<li><strong>Treinamento e desenvolvimento de habilidades:<\/strong> Fornecer programas de treinamento e desenvolvimento de habilidades aos funcion\u00e1rios garante que a equipe esteja equipada para trabalhar com novas tecnologias e se adaptar \u00e0s mudan\u00e7as nos processos operacionais.<\/li>\n\n\n\n<li><strong>Implementa\u00e7\u00e3o em escala total:<\/strong> Prosseguir com a implementa\u00e7\u00e3o em grande escala das solu\u00e7\u00f5es de automa\u00e7\u00e3o e IA deve ser uma abordagem faseada e monitorizada de perto para garantir uma integra\u00e7\u00e3o harmoniosa com as opera\u00e7\u00f5es existentes.<\/li>\n<\/ul>\n\n\n\n<h2 class=\"wp-block-heading\">Resultados esperados da consultoria em automa\u00e7\u00e3o e intelig\u00eancia artificial de petr\u00f3leo e g\u00e1s<\/h2>\n\n\n\n<p>Engaging in oil and gas <a title=\"Consultoria em Automa\u00e7\u00e3o de Bebidas e Intelig\u00eancia Artificial\" href=\"https:\/\/www.sisinternational.com\/pt\/solucoes\/pesquisa-de-mercado-de-ia-e-consultoria-estrategica\/consultoria-em-inteligencia-artificial-para-automacao-de-bebidas\/\" data-wpil-monitor-id=\"3939\">automation and artificial intelligence consulting<\/a> leads to significant results that positively impact various aspects of operations. Companies in this sector can anticipate the following results:<\/p>\n\n\n\n<ul class=\"wp-block-list\">\n<li><strong>Seguran\u00e7a aprimorada:<\/strong> Ao automatizar opera\u00e7\u00f5es perigosas e empregar an\u00e1lises preditivas para prever potenciais problemas de seguran\u00e7a, as empresas podem reduzir significativamente o risco de acidentes e melhorar a seguran\u00e7a geral no local de trabalho.<\/li>\n\n\n\n<li><strong>Redu\u00e7\u00e3o de custos:<\/strong> A automa\u00e7\u00e3o reduz a necessidade de interven\u00e7\u00e3o manual, diminuindo os custos de m\u00e3o de obra. As otimiza\u00e7\u00f5es baseadas em IA tamb\u00e9m podem levar a economias em manuten\u00e7\u00e3o, despesas operacionais e utiliza\u00e7\u00e3o de recursos.<\/li>\n\n\n\n<li><strong>Maior otimiza\u00e7\u00e3o da produ\u00e7\u00e3o:<\/strong> Os algoritmos de IA podem otimizar as opera\u00e7\u00f5es de perfura\u00e7\u00e3o e produ\u00e7\u00e3o, maximizando a produ\u00e7\u00e3o e minimizando o impacto ambiental e o desperd\u00edcio de recursos.<\/li>\n\n\n\n<li><strong>Conformidade Ambiental Aprimorada:<\/strong> Oil and gas automation and <a title=\"Automa\u00e7\u00e3o de gerenciamento de mudan\u00e7as e consultoria de IA\" data-wpil-monitor-id=\"3576\" href=\"https:\/\/www.sisinternational.com\/pt\/solucoes\/pesquisa-de-mercado-de-ia-e-consultoria-estrategica\/consultoria-de-inteligencia-artificial-de-automacao-de-gerenciamento-de-mudancas\/\">artificial intelligence consulting<\/a> can help in monitoring and managing environmental impacts, ensuring compliance with regulatory standards and reducing the risk of fines or legal issues.<\/li>\n\n\n\n<li><strong>Melhor gerenciamento de reservat\u00f3rios:<\/strong> T\u00e9cnicas de IA, como aprendizado de m\u00e1quina e an\u00e1lise de dados, podem levar a um melhor gerenciamento de reservat\u00f3rios, permitindo estrat\u00e9gias de modelagem e extra\u00e7\u00e3o mais precisas.<\/li>\n<\/ul>\n\n\n\n<h2 class=\"wp-block-heading\">Tend\u00eancias atuais<\/h2>\n\n\n\n<p>Oil and gas automation and <a title=\"Automa\u00e7\u00e3o de produtos de cuidados pessoais e consultoria de IA\" href=\"https:\/\/www.sisinternational.com\/pt\/solucoes\/pesquisa-de-mercado-de-ia-e-consultoria-estrategica\/consultoria-de-ia-em-automacao-de-produtos-de-cuidados-pessoais\/\" data-wpil-monitor-id=\"2483\">artificial intelligence consulting<\/a> is driving advancements in this industry by adding the latest trends to optimize productivity and efficiency.<\/p>\n\n\n\n<ul class=\"wp-block-list\">\n<li><strong>Maior ado\u00e7\u00e3o de IoT:<\/strong> A Internet das Coisas (IoT) est\u00e1 sendo amplamente adotada para monitoramento e coleta de dados em tempo real. Sensores e dispositivos IoT em equipamentos e no campo fornecem dados cr\u00edticos que podem ser usados para otimizar opera\u00e7\u00f5es e manuten\u00e7\u00e3o preditiva.<\/li>\n\n\n\n<li><strong>An\u00e1lise preditiva:<\/strong> The use of predictive analytics is growing, enabling companies to anticipate equipment failures and operational disruptions. <\/li>\n\n\n\n<li><strong>G\u00eameos Digitais:<\/strong> A cria\u00e7\u00e3o de g\u00e9meos digitais, ou r\u00e9plicas virtuais de ativos e sistemas f\u00edsicos, est\u00e1 a tornar-se mais comum. Esses modelos digitais permitem simula\u00e7\u00e3o e an\u00e1lise, melhorando a tomada de decis\u00f5es e o planejamento operacional.<\/li>\n\n\n\n<li><strong>Opera\u00e7\u00f5es remotas:<\/strong> Com os avan\u00e7os na IA e na automa\u00e7\u00e3o, a monitoriza\u00e7\u00e3o e o controlo remotos das opera\u00e7\u00f5es de petr\u00f3leo e g\u00e1s est\u00e3o a tornar-se mais vi\u00e1veis, reduzindo a necessidade de o pessoal estar fisicamente presente em locais perigosos ou remotos.<\/li>\n\n\n\n<li><strong>Foco na Sustentabilidade:<\/strong> There is a growing emphasis on using automation and AI to achieve sustainability goals. <\/li>\n<\/ul>\n\n\n\n<h2 class=\"wp-block-heading\">Oportunidades e Desafios<\/h2>\n\n\n\n<p>The integration of automation and artificial intelligence in the <a title=\"A necessidade de intelig\u00eancia competitiva em uma recess\u00e3o\" href=\"https:\/\/www.sisinternational.com\/pt\/a-necessidade-de-inteligencia-competitiva-nesta-recessao\/\" data-wpil-monitor-id=\"7227\">oil and gas<\/a> sector presents a mix of opportunities and challenges that businesses need to navigate.<\/p>\n\n\n\n<h3 class=\"wp-block-heading\">Oportunidades<\/h3>\n\n\n\n<ul class=\"wp-block-list\">\n<li><strong>Otimiza\u00e7\u00e3o de produ\u00e7\u00e3o aprimorada:<\/strong> Oil and gas <a title=\"Consultoria em Automa\u00e7\u00e3o Banc\u00e1ria de Investimento e Intelig\u00eancia Artificial\" data-wpil-monitor-id=\"4119\" href=\"https:\/\/www.sisinternational.com\/pt\/solucoes\/pesquisa-de-consultoria-em-estrategia-fintech\/consultoria-de-ia-em-automacao-bancaria-de-investimento\/\">automation and artificial intelligence consulting<\/a> can optimize drilling and production processes, improving output and reducing environmental impact.<\/li>\n\n\n\n<li><strong>Modelos de neg\u00f3cios inovadores:<\/strong> A ado\u00e7\u00e3o destas tecnologias pode levar a novos modelos de neg\u00f3cios, como os campos petrol\u00edferos digitais, que podem revolucionar a ind\u00fastria.<\/li>\n\n\n\n<li><strong>Sustentabilidade ambiental:<\/strong> Oil and gas <a title=\"Consultoria em Automa\u00e7\u00e3o Esportiva e Intelig\u00eancia Artificial\" data-wpil-monitor-id=\"4351\" href=\"https:\/\/www.sisinternational.com\/pt\/solucoes\/pesquisa-de-mercado-de-ia-e-consultoria-estrategica\/consultoria-em-inteligencia-artificial-em-automacao-esportiva\/\">automation and artificial intelligence consulting<\/a> can help in monitoring and reducing the environmental impact of oil and gas operations.<\/li>\n<\/ul>\n\n\n\n<h3 class=\"wp-block-heading\">Desafios<\/h3>\n\n\n\n<ul class=\"wp-block-list\">\n<li><strong>Preocupa\u00e7\u00f5es com confiabilidade:<\/strong> A depend\u00eancia de tecnologia sofisticada levanta preocupa\u00e7\u00f5es sobre a fiabilidade e o impacto potencial de falhas do sistema.<\/li>\n\n\n\n<li><strong>Resist\u00eancia \u00e0 Mudan\u00e7a:<\/strong> Pode haver resist\u00eancia \u00e0 ado\u00e7\u00e3o de novas tecnologias, tanto dentro da organiza\u00e7\u00e3o como por parte de partes interessadas externas.<\/li>\n\n\n\n<li><strong>Gerenciamento de dados e privacidade:<\/strong> Gerenciar as grandes quantidades de dados gerados e garantir a privacidade e a seguran\u00e7a \u00e9 um desafio significativo.<\/li>\n<\/ul>\n\n\n\n<h2 class=\"wp-block-heading\">Perspectiva futura<\/h2>\n\n\n\n<p>The future of oil and gas <a title=\"Consultoria em Automa\u00e7\u00e3o em Sa\u00fade P\u00fablica e Intelig\u00eancia Artificial\" href=\"https:\/\/www.sisinternational.com\/pt\/solucoes\/pesquisa-de-mercado-de-ia-e-consultoria-estrategica\/consultoria-em-inteligencia-artificial-em-automacao-em-saude-publica\/\" data-wpil-monitor-id=\"4426\">automation and artificial intelligence consulting<\/a> looks promising \u2013 and there is room for growth and evolution. Several key trends and developments are expected to shape the future of this sector:<\/p>\n\n\n\n<ul class=\"wp-block-list\">\n<li><strong>Crescimento em Opera\u00e7\u00f5es Remotas:<\/strong> A tend\u00eancia para a monitoriza\u00e7\u00e3o e controlo remotos das opera\u00e7\u00f5es de petr\u00f3leo e g\u00e1s continuar\u00e1, reduzindo a necessidade de pessoal em ambientes perigosos e diminuindo os custos operacionais.<\/li>\n\n\n\n<li><strong>Foco na Sustentabilidade:<\/strong> \u00c0 medida que a aten\u00e7\u00e3o global \u00e0s quest\u00f5es ambientais se intensifica, a ind\u00fastria utilizar\u00e1 cada vez mais a IA e a automa\u00e7\u00e3o para minimizar o impacto ambiental e apoiar pr\u00e1ticas sustent\u00e1veis.<\/li>\n\n\n\n<li><strong>Medidas aprimoradas de seguran\u00e7a cibern\u00e9tica:<\/strong> \u00c0 medida que cresce a depend\u00eancia das tecnologias digitais, tamb\u00e9m aumenta o foco na seguran\u00e7a cibern\u00e9tica, sendo necess\u00e1rias solu\u00e7\u00f5es mais avan\u00e7adas para proteger infraestruturas e dados cr\u00edticos.<\/li>\n\n\n\n<li><strong>Transforma\u00e7\u00e3o da for\u00e7a de trabalho:<\/strong> A ind\u00fastria ver\u00e1 uma mudan\u00e7a nos requisitos da for\u00e7a de trabalho, com uma necessidade crescente de compet\u00eancias em ci\u00eancia de dados, IA e tecnologias digitais.<\/li>\n\n\n\n<li><strong>Ecossistemas Colaborativos:<\/strong> As colabora\u00e7\u00f5es entre fornecedores de tecnologia, empresas de petr\u00f3leo e g\u00e1s e outras partes interessadas tornar-se-\u00e3o mais importantes, promovendo a inova\u00e7\u00e3o e o crescimento partilhado.<\/li>\n<\/ul>\n\n\n\n<h2 class=\"wp-block-heading\">Solu\u00e7\u00f5es SIS: Consultoria em Automa\u00e7\u00e3o de Petr\u00f3leo e G\u00e1s e Intelig\u00eancia Artificial<\/h2>\n\n\n\n<p>Fornecemos insights sobre como otimizar a efici\u00eancia, a seguran\u00e7a e a produtividade nas opera\u00e7\u00f5es de petr\u00f3leo e g\u00e1s por meio da automa\u00e7\u00e3o e da IA. Nossas an\u00e1lises estrat\u00e9gicas oferecem insights acion\u00e1veis para uma vis\u00e3o abrangente do mercado, entregando solu\u00e7\u00f5es customizadas.<\/p>\n\n\n\n<ol class=\"wp-block-list\">\n<li>Simplifica\u00e7\u00e3o de Processos Operacionais<\/li>\n\n\n\n<li>Melhoria de seguran\u00e7a e produtividade<\/li>\n\n\n\n<li>Integra\u00e7\u00e3o Estrat\u00e9gica de Tecnologia<\/li>\n\n\n\n<li>An\u00e1lise de manuten\u00e7\u00e3o preditiva<\/li>\n\n\n\n<li>Otimiza\u00e7\u00e3o da Cadeia de Suprimentos e Log\u00edstica<\/li>\n\n\n\n<li>Redu\u00e7\u00e3o do Impacto Ambiental<\/li>\n\n\n\n<li>Suporte \u00e0 conformidade regulat\u00f3ria<\/li>\n<\/ol>\n\n\n\n<p>Nossos relacionamentos de longa data no setor permitem mergulhos profundos na automa\u00e7\u00e3o e na IA em petr\u00f3leo e g\u00e1s, aproveitando tend\u00eancias e conhecimentos globais.<\/p>","protected":false},"excerpt":{"rendered":"<p>A consultoria em automa\u00e7\u00e3o e intelig\u00eancia artificial de petr\u00f3leo e g\u00e1s visa aumentar a efici\u00eancia, seguran\u00e7a e produtividade das opera\u00e7\u00f5es de petr\u00f3leo e g\u00e1s.<\/p>","protected":false},"author":1,"featured_media":63381,"parent":44406,"menu_order":50,"comment_status":"closed","ping_status":"closed","template":"","meta":{"footnotes":""},"class_list":["post-45188","page","type-page","status-publish","has-post-thumbnail"],"_links":{"self":[{"href":"https:\/\/www.sisinternational.com\/pt\/wp-json\/wp\/v2\/pages\/45188","targetHints":{"allow":["GET"]}}],"collection":[{"href":"https:\/\/www.sisinternational.com\/pt\/wp-json\/wp\/v2\/pages"}],"about":[{"href":"https:\/\/www.sisinternational.com\/pt\/wp-json\/wp\/v2\/types\/page"}],"author":[{"embeddable":true,"href":"https:\/\/www.sisinternational.com\/pt\/wp-json\/wp\/v2\/users\/1"}],"replies":[{"embeddable":true,"href":"https:\/\/www.sisinternational.com\/pt\/wp-json\/wp\/v2\/comments?post=45188"}],"version-history":[{"count":14,"href":"https:\/\/www.sisinternational.com\/pt\/wp-json\/wp\/v2\/pages\/45188\/revisions"}],"predecessor-version":[{"id":83028,"href":"https:\/\/www.sisinternational.com\/pt\/wp-json\/wp\/v2\/pages\/45188\/revisions\/83028"}],"up":[{"embeddable":true,"href":"https:\/\/www.sisinternational.com\/pt\/wp-json\/wp\/v2\/pages\/44406"}],"wp:featuredmedia":[{"embeddable":true,"href":"https:\/\/www.sisinternational.com\/pt\/wp-json\/wp\/v2\/media\/63381"}],"wp:attachment":[{"href":"https:\/\/www.sisinternational.com\/pt\/wp-json\/wp\/v2\/media?parent=45188"}],"curies":[{"name":"wp","href":"https:\/\/api.w.org\/{rel}","templated":true}]}}