{"id":45169,"date":"2024-01-15T21:25:48","date_gmt":"2024-01-16T02:25:48","guid":{"rendered":"https:\/\/www.sisinternational.com\/?page_id=45169"},"modified":"2026-01-25T18:27:11","modified_gmt":"2026-01-25T23:27:11","slug":"consultoria-de-inteligencia-artificial-em-automacao-de-manufatura","status":"publish","type":"page","link":"https:\/\/www.sisinternational.com\/pt\/solucoes\/pesquisa-de-mercado-de-ia-e-consultoria-estrategica\/consultoria-de-inteligencia-artificial-em-automacao-de-manufatura\/","title":{"rendered":"Consultoria em Automa\u00e7\u00e3o de Manufatura e Intelig\u00eancia Artificial"},"content":{"rendered":"<h1 class=\"wp-block-heading\">Consultoria em Automa\u00e7\u00e3o de Manufatura e Intelig\u00eancia Artificial<\/h1>\n\n\n\n<figure class=\"gb-block-image gb-block-image-b59bc2f5\"><img loading=\"lazy\" decoding=\"async\" width=\"1456\" height=\"816\" class=\"gb-image gb-image-b59bc2f5\" src=\"https:\/\/www.sisinternational.com\/wp-content\/uploads\/2025\/10\/Manufacturing-Automation-2.jpg\" alt=\"Pesquisa e Estrat\u00e9gia de Mercado Internacional da SIS\" title=\"Manufacturing Automation (2)\" srcset=\"https:\/\/www.sisinternational.com\/wp-content\/uploads\/2025\/10\/Manufacturing-Automation-2.jpg 1456w, https:\/\/www.sisinternational.com\/wp-content\/uploads\/2025\/10\/Manufacturing-Automation-2-300x168.jpg 300w, https:\/\/www.sisinternational.com\/wp-content\/uploads\/2025\/10\/Manufacturing-Automation-2-1024x574.jpg 1024w, https:\/\/www.sisinternational.com\/wp-content\/uploads\/2025\/10\/Manufacturing-Automation-2-768x430.jpg 768w, https:\/\/www.sisinternational.com\/wp-content\/uploads\/2025\/10\/Manufacturing-Automation-2-18x10.jpg 18w\" sizes=\"auto, (max-width: 1456px) 100vw, 1456px\"><\/figure>\n\n\n\n<p><\/p>\n\n\n\n<hr class=\"wp-block-separator has-alpha-channel-opacity\"\/>\n\n\n\n<p>As the manufacturing sector stands at the crossroads of digital transformation, integrating cutting-edge automation and AI technologies is an operational need. Manufacturing automation and artificial intelligence consulting have emerged as a key tool to reshape supply chain management and overall business efficiency.<\/p>\n\n\n\n<h2 class=\"wp-block-heading\">O que \u00e9 Consultoria em Automa\u00e7\u00e3o de Manufatura e Intelig\u00eancia Artificial?<\/h2>\n\n\n\n<p>A consultoria em automa\u00e7\u00e3o de manufatura e intelig\u00eancia artificial concentra-se na integra\u00e7\u00e3o de tecnologias avan\u00e7adas de automa\u00e7\u00e3o e IA nos processos de manufatura. A consultoria nesta \u00e1rea envolve avaliar os processos atuais de um fabricante, identificar \u00e1reas onde a automa\u00e7\u00e3o e a IA podem trazer melhorias \u2013 e depois projetar e implementar solu\u00e7\u00f5es adaptadas \u00e0s necessidades espec\u00edficas da opera\u00e7\u00e3o.<\/p>\n\n\n\n<h2 class=\"wp-block-heading\">Por que as empresas precisam de consultoria em automa\u00e7\u00e3o de manufatura e intelig\u00eancia artificial<\/h2>\n\n\n\n<figure class=\"gb-block-image gb-block-image-0dd73a59\"><img loading=\"lazy\" decoding=\"async\" width=\"1456\" height=\"816\" class=\"gb-image gb-image-0dd73a59\" src=\"https:\/\/www.sisinternational.com\/wp-content\/uploads\/2025\/10\/Manufacturing-Automation-3.jpg\" alt=\"Pesquisa e Estrat\u00e9gia de Mercado Internacional da SIS\" title=\"Manufacturing Automation (3)\" srcset=\"https:\/\/www.sisinternational.com\/wp-content\/uploads\/2025\/10\/Manufacturing-Automation-3.jpg 1456w, https:\/\/www.sisinternational.com\/wp-content\/uploads\/2025\/10\/Manufacturing-Automation-3-300x168.jpg 300w, https:\/\/www.sisinternational.com\/wp-content\/uploads\/2025\/10\/Manufacturing-Automation-3-1024x574.jpg 1024w, https:\/\/www.sisinternational.com\/wp-content\/uploads\/2025\/10\/Manufacturing-Automation-3-768x430.jpg 768w, https:\/\/www.sisinternational.com\/wp-content\/uploads\/2025\/10\/Manufacturing-Automation-3-18x10.jpg 18w\" sizes=\"auto, (max-width: 1456px) 100vw, 1456px\"><\/figure>\n\n\n\n<p><\/p>\n\n\n\n<p>Fabrica\u00e7\u00e3o <a href=\"https:\/\/www.sisinternational.com\/pt\/solucoes\/pesquisa-de-mercado-de-ia-e-consultoria-estrategica\/consultoria-em-inteligencia-artificial-em-automacao-esportiva\/\" title=\"Consultoria em Automa\u00e7\u00e3o Esportiva e Intelig\u00eancia Artificial\"  data-wpil-monitor-id=\"4361\">automation and artificial intelligence consulting<\/a> help businesses set up AI-enhanced quality control systems that can detect defects and issues that might be missed by the human eye, ensuring higher product quality. Automation and AI also enable manufacturers to quickly adjust production lines and processes to meet these changing demands.<\/p>\n\n\n\n<p>Al\u00e9m disso, a consultoria pode contribuir para pr\u00e1ticas de produ\u00e7\u00e3o mais sustent\u00e1veis, otimizando a utiliza\u00e7\u00e3o de recursos, reduzindo o desperd\u00edcio e diminuindo o consumo de energia. No entanto, tem muitos outros benef\u00edcios, como:<\/p>\n\n\n\n<ul class=\"wp-block-list\">\n<li><strong>Melhor qualidade e consist\u00eancia do produto:<\/strong> Automated systems ensure precision and consistency in manufacturing, leading to higher-quality products. AI-driven quality control can identify defects or variations, ensuring that products meet stringent quality standards.<\/li>\n\n\n\n<li><strong>Escalabilidade aprimorada:<\/strong> Fabrica\u00e7\u00e3o <a href=\"https:\/\/www.sisinternational.com\/pt\/solucoes\/pesquisa-de-mercado-de-ia-e-consultoria-estrategica\/consultoria-em-inteligencia-artificial-em-automacao-em-saude-publica\/\" title=\"Consultoria em Automa\u00e7\u00e3o em Sa\u00fade P\u00fablica e Intelig\u00eancia Artificial\"  data-wpil-monitor-id=\"4440\">automation and artificial intelligence consulting<\/a> enable manufacturers to scale their operations up or down more easily, responding effectively to market demands without a corresponding increase in costs or complexity.<\/li>\n\n\n\n<li><strong>Insights e tomada de decis\u00e3o baseados em dados:<\/strong> O aspecto da consultoria de IA ajuda os fabricantes a aproveitar o poder de seus dados. Ao analisar dados de diversas fontes, a IA pode fornecer insights para uma melhor tomada de decis\u00f5es, desde a manuten\u00e7\u00e3o preditiva at\u00e9 a otimiza\u00e7\u00e3o da cadeia de suprimentos.<\/li>\n\n\n\n<li><strong>Maior flexibilidade e personaliza\u00e7\u00e3o:<\/strong> Os sistemas de automa\u00e7\u00e3o e IA permitem maior flexibilidade nos processos de fabrica\u00e7\u00e3o, facilitando a personaliza\u00e7\u00e3o dos produtos e a r\u00e1pida adapta\u00e7\u00e3o \u00e0s novas tend\u00eancias do mercado ou \u00e0s prefer\u00eancias dos clientes.<\/li>\n\n\n\n<li><strong>Seguran\u00e7a aprimorada do trabalhador:<\/strong> A automatiza\u00e7\u00e3o de tarefas perigosas ou repetitivas reduz o risco de acidentes e les\u00f5es, criando um ambiente de trabalho mais seguro.<\/li>\n<\/ul>\n\n\n\n<h2 class=\"wp-block-heading\">Diferen\u00e7as entre automa\u00e7\u00e3o de manufatura e consultoria de intelig\u00eancia artificial diferem da pesquisa de mercado tradicional<\/h2>\n\n\n\n<p>Traditional market research primarily concentrates on understanding market trends, consumer behaviors, and preferences. In contrast, <a href=\"https:\/\/www.sisinternational.com\/pt\/solucoes\/pesquisa-de-mercado-de-ia-e-consultoria-estrategica\/consultoria-de-inteligencia-artificial-de-automacao-da-industria-de-tecnologia\/\" title=\"Consultoria em Automa\u00e7\u00e3o da Ind\u00fastria de Tecnologia e Intelig\u00eancia Artificial\"  data-wpil-monitor-id=\"4441\">manufacturing automation and artificial intelligence consulting<\/a> focus on enhancing manufacturing processes through technology. It involves the application of AI and automation to improve efficiency, productivity, and innovation in manufacturing operations.<\/p>\n\n\n\n<p>While traditional market research utilizes data to understand external market dynamics and consumer sentiments, manufacturing <a href=\"https:\/\/www.sisinternational.com\/pt\/solucoes\/pesquisa-de-mercado-de-ia-e-consultoria-estrategica\/consultoria-em-inteligencia-artificial-em-automacao-de-transporte\/\" title=\"Consultoria em Automa\u00e7\u00e3o de Transportes e Intelig\u00eancia Artificial\"  data-wpil-monitor-id=\"4497\">automation and artificial intelligence consulting<\/a> leverage data for internal process optimization. Manufacturing <a href=\"https:\/\/www.sisinternational.com\/pt\/solucoes\/pesquisa-de-mercado-de-ia-e-consultoria-estrategica\/consultoria-em-inteligencia-artificial-para-automacao-de-fluxo-de-trabalho\/\" title=\"Consultoria em automa\u00e7\u00e3o de fluxo de trabalho e intelig\u00eancia artificial\"  data-wpil-monitor-id=\"4788\">automation and artificial intelligence consulting<\/a> tend to have a more direct and long-term strategic impact on the business\u2019s core operations. They improve current manufacturing processes and also sets the stage for ongoing innovation and adaptation to future technological advancements.<\/p>\n\n\n\n<h2 class=\"wp-block-heading\">Principais fatores de sucesso em automa\u00e7\u00e3o de manufatura e consultoria de intelig\u00eancia artificial<\/h2>\n\n\n\n<figure class=\"gb-block-image gb-block-image-97e2d763\"><img loading=\"lazy\" decoding=\"async\" width=\"1456\" height=\"816\" class=\"gb-image gb-image-97e2d763\" src=\"https:\/\/www.sisinternational.com\/wp-content\/uploads\/2025\/10\/Manufacturing-Automation-4.jpg\" alt=\"Pesquisa e Estrat\u00e9gia de Mercado Internacional da SIS\" title=\"Manufacturing Automation (4)\" srcset=\"https:\/\/www.sisinternational.com\/wp-content\/uploads\/2025\/10\/Manufacturing-Automation-4.jpg 1456w, https:\/\/www.sisinternational.com\/wp-content\/uploads\/2025\/10\/Manufacturing-Automation-4-300x168.jpg 300w, https:\/\/www.sisinternational.com\/wp-content\/uploads\/2025\/10\/Manufacturing-Automation-4-1024x574.jpg 1024w, https:\/\/www.sisinternational.com\/wp-content\/uploads\/2025\/10\/Manufacturing-Automation-4-768x430.jpg 768w, https:\/\/www.sisinternational.com\/wp-content\/uploads\/2025\/10\/Manufacturing-Automation-4-18x10.jpg 18w\" sizes=\"auto, (max-width: 1456px) 100vw, 1456px\"><\/figure>\n\n\n\n<p><\/p>\n\n\n\n<p>Businesses must meet certain criteria to successfully engage in <a href=\"https:\/\/sisaisolutions.com\/application-of-ai-in-manufacturing\/\" target=\"_blank\" rel=\"noopener\">manufacturing automation and artificial intelligence consulting<\/a>. These factors are essential in ensuring the effective implementation and optimization of these technologies in manufacturing.<\/p>\n\n\n\n<ul class=\"wp-block-list\">\n<li><strong>Infraestrutura de dados robusta:<\/strong> A base de aplica\u00e7\u00f5es eficazes de IA na fabrica\u00e7\u00e3o \u00e9 uma infraestrutura de dados robusta. Sistemas de coleta e gerenciamento de dados precisos, abrangentes e em tempo real s\u00e3o cruciais para que os algoritmos de IA funcionem de maneira eficaz e forne\u00e7am insights valiosos.<\/li>\n\n\n\n<li><strong>Sele\u00e7\u00e3o de tecnologias apropriadas:<\/strong> Identifying and choosing the right automation and AI technologies that fit the specific needs of the manufacturing process is crucial.\u00a0<\/li>\n\n\n\n<li><strong>Engajamento e treinamento dos funcion\u00e1rios:<\/strong> Successful implementation requires the engagement and training of employees. Workers must be educated on the new technologies, how they will impact their roles, and the benefits they bring to ensure smooth adoption and operation.<\/li>\n\n\n\n<li><strong>Gest\u00e3o de Risco e Conformidade:<\/strong> Ensuring that the automation and AI solutions comply with relevant regulations and standards, especially regarding safety and data security, is essential.<\/li>\n\n\n\n<li><strong>Medindo o ROI e o impacto:<\/strong> Medir regularmente o retorno do investimento (ROI) e o impacto global da automa\u00e7\u00e3o e da IA nas opera\u00e7\u00f5es de produ\u00e7\u00e3o \u00e9 crucial para compreender a sua efic\u00e1cia e orientar futuras decis\u00f5es tecnol\u00f3gicas.<\/li>\n<\/ul>\n\n\n\n<h2 class=\"wp-block-heading\">Quais s\u00e3o os resultados esperados da consultoria em automa\u00e7\u00e3o de manufatura e intelig\u00eancia artificial?<\/h2>\n\n\n\n<p>O envolvimento em consultoria produz resultados significativos nas opera\u00e7\u00f5es de produ\u00e7\u00e3o, impulsionando o crescimento e mantendo uma vantagem competitiva \u2013 e alguns dos resultados esperados mais importantes s\u00e3o:<\/p>\n\n\n\n<ul class=\"wp-block-list\">\n<li><strong>Qualidade de produto aprimorada:<\/strong> Os sistemas automatizados fornecem resultados de fabrica\u00e7\u00e3o consistentes e precisos, melhorando significativamente a qualidade do produto. Os sistemas de controle de qualidade habilitados para IA podem detectar e corrigir falhas, garantindo padr\u00f5es de alta qualidade.<\/li>\n\n\n\n<li><strong>Redu\u00e7\u00e3o de custos:<\/strong> A automa\u00e7\u00e3o reduz os custos de m\u00e3o de obra associados a tarefas manuais e minimiza erros que poderiam levar a retrabalhos dispendiosos. As otimiza\u00e7\u00f5es de processos baseadas em IA tamb\u00e9m contribuem para a economia de custos, reduzindo o desperd\u00edcio e melhorando a efici\u00eancia energ\u00e9tica.<\/li>\n\n\n\n<li><strong>Insights operacionais baseados em dados:<\/strong> AI&#8217;s ability to analyze vast amounts of operational data leads to deeper insights, enabling more informed decision-making in predictive maintenance, supply chain management, and production planning.<\/li>\n\n\n\n<li><strong>Maior flexibilidade e escalabilidade:<\/strong> Automation and AI provide the flexibility to quickly adapt production processes to changing market demands. They also allow for scalability, enabling manufacturers to increase production without proportionately growing costs.<\/li>\n\n\n\n<li><strong>Tempo de inatividade reduzido:<\/strong> AI-powered predictive maintenance reduces unplanned downtime by foreseeing equipment failures and scheduling timely maintenance.<\/li>\n<\/ul>\n\n\n\n<h2 class=\"wp-block-heading\">Tecnologias e Ferramentas em Automa\u00e7\u00e3o de Manufatura e Consultoria em Intelig\u00eancia Artificial<\/h2>\n\n\n\n<figure class=\"gb-block-image gb-block-image-5be4d956\"><img loading=\"lazy\" decoding=\"async\" width=\"1456\" height=\"816\" class=\"gb-image gb-image-5be4d956\" src=\"https:\/\/www.sisinternational.com\/wp-content\/uploads\/2025\/10\/Manufacturing-Automation-1.jpg\" alt=\"Pesquisa e Estrat\u00e9gia de Mercado Internacional da SIS\" title=\"Manufacturing Automation (1)\" srcset=\"https:\/\/www.sisinternational.com\/wp-content\/uploads\/2025\/10\/Manufacturing-Automation-1.jpg 1456w, https:\/\/www.sisinternational.com\/wp-content\/uploads\/2025\/10\/Manufacturing-Automation-1-300x168.jpg 300w, https:\/\/www.sisinternational.com\/wp-content\/uploads\/2025\/10\/Manufacturing-Automation-1-1024x574.jpg 1024w, https:\/\/www.sisinternational.com\/wp-content\/uploads\/2025\/10\/Manufacturing-Automation-1-768x430.jpg 768w, https:\/\/www.sisinternational.com\/wp-content\/uploads\/2025\/10\/Manufacturing-Automation-1-18x10.jpg 18w\" sizes=\"auto, (max-width: 1456px) 100vw, 1456px\"><\/figure>\n\n\n\n<p><\/p>\n\n\n\n<p>The field of manufacturing <a href=\"https:\/\/www.sisinternational.com\/pt\/solucoes\/pesquisa-de-mercado-de-ia-e-consultoria-estrategica\/consultoria-de-inteligencia-artificial-em-automacao-de-saude\/\" title=\"Consultoria em Automa\u00e7\u00e3o de Sa\u00fade e Intelig\u00eancia Artificial\" data-wpil-monitor-id=\"4857\">automation and artificial intelligence consulting<\/a> leverages a wide array of technologies and tools. These are essential in transforming traditional manufacturing processes into advanced, efficient systems.<\/p>\n\n\n\n<ul class=\"wp-block-list\">\n<li><strong>Plataformas de aprendizado de m\u00e1quina:<\/strong> TensorFlow e PyTorch s\u00e3o usados para desenvolver modelos de IA personalizados que podem prever falhas de equipamentos, otimizar cronogramas de produ\u00e7\u00e3o e aprimorar o controle de qualidade.<\/li>\n\n\n\n<li><strong>Plataformas IoT:<\/strong> Siemens MindSphere and GE Predix collect and analyze data from connected devices to monitor and optimize manufacturing processes.<\/li>\n\n\n\n<li><strong>Software de otimiza\u00e7\u00e3o de IA:<\/strong> Ferramentas como o Google AI Platform ajudam a otimizar v\u00e1rios aspectos da fabrica\u00e7\u00e3o, desde a aloca\u00e7\u00e3o de recursos at\u00e9 o consumo de energia.<\/li>\n\n\n\n<li><strong>Tecnologias de impress\u00e3o 3D:<\/strong> A impress\u00e3o 3D, ou manufatura aditiva, de empresas como Stratasys e 3D Systems, est\u00e1 cada vez mais integrada \u00e0 fabrica\u00e7\u00e3o para prototipagem e produ\u00e7\u00e3o r\u00e1pidas.<\/li>\n\n\n\n<li><strong>Solu\u00e7\u00f5es de computa\u00e7\u00e3o de borda:<\/strong> Technologies from companies like Cisco facilitate edge computing in manufacturing environments, enabling faster processing and decision-making at the data collection site.<\/li>\n<\/ul>\n\n\n\n<h2 class=\"wp-block-heading\">Oportunidades em Automa\u00e7\u00e3o de Manufatura e Consultoria em Intelig\u00eancia Artificial<\/h2>\n\n\n\n<p>A integra\u00e7\u00e3o da automa\u00e7\u00e3o e da intelig\u00eancia artificial na produ\u00e7\u00e3o abre in\u00fameras oportunidades para as empresas deste setor. Estas oportunidades melhoram a efici\u00eancia operacional e abrem caminho para abordagens inovadoras aos desafios de produ\u00e7\u00e3o.<\/p>\n\n\n\n<ul class=\"wp-block-list\">\n<li><strong>Efici\u00eancia energ\u00e9tica e de recursos:<\/strong> A IA pode otimizar a utiliza\u00e7\u00e3o de recursos, incluindo mat\u00e9rias-primas e energia, contribuindo para processos de fabrico mais sustent\u00e1veis e econ\u00f3micos.<\/li>\n\n\n\n<li><strong>Seguran\u00e7a e Ergonomia do Trabalhador:<\/strong> A automa\u00e7\u00e3o assume tarefas perigosas, reduzindo acidentes de trabalho e melhorando a seguran\u00e7a e ergonomia geral do trabalhador.<\/li>\n\n\n\n<li><strong>Capacidade de resposta do mercado:<\/strong> Com a automa\u00e7\u00e3o e a IA, os fabricantes podem responder rapidamente \u00e0s mudan\u00e7as do mercado, adaptando rapidamente as linhas de produ\u00e7\u00e3o e os processos \u00e0s novas tend\u00eancias ou exig\u00eancias.<\/li>\n\n\n\n<li><strong>P&amp;D e Desenvolvimento de Produto:<\/strong> Os insights baseados em IA podem informar os esfor\u00e7os de pesquisa e desenvolvimento, levando a designs e melhorias de produtos inovadores.<\/li>\n\n\n\n<li><strong>Competitividade Mundial:<\/strong> <a href=\"https:\/\/www.sisinternational.com\/pt\/solucoes\/pesquisa-de-mercado-de-ia-e-consultoria-estrategica\/empresa-global-de-consultoria-em-automacao-de-ia\/\" title=\"Empresa global de consultoria em IA e automa\u00e7\u00e3o\" data-wpil-monitor-id=\"2412\">Manufacturing automation and artificial intelligence<\/a> consulting can help manufacturers compete globally, improving both cost efficiency and product quality, which are critical factors in international markets.<\/li>\n<\/ul>\n\n\n\n<h2 class=\"wp-block-heading\">Solu\u00e7\u00f5es SIS: Consultoria em Automa\u00e7\u00e3o de Manufatura e Intelig\u00eancia Artificial<\/h2>\n\n\n\n<p>We provide strategic insights and AI solutions to revolutionize manufacturing processes, ensuring higher product quality, operational efficiency, and sustainability. <a href=\"https:\/\/www.linkedin.com\/company\/sisinternationalresearch\/\" target=\"_blank\" rel=\"noopener\">Our approach<\/a> to strategic analysis and actionable insights helps clients harness the power of AI and automation for enhanced scalability, data-driven decision-making, and worker safety. Solutions include robust data infrastructure, selection of appropriate technologies, employee training, risk management, and measuring ROI.<\/p>\n\n\n\n<ul class=\"wp-block-list\">\n<li>Desenvolvimento de infraestrutura de dados<\/li>\n\n\n\n<li>Sele\u00e7\u00e3o e Integra\u00e7\u00e3o de Tecnologia<\/li>\n\n\n\n<li>Programas de engajamento e treinamento de funcion\u00e1rios<\/li>\n\n\n\n<li>Estrat\u00e9gias de Compliance e Gest\u00e3o de Riscos<\/li>\n\n\n\n<li>Sistemas de medi\u00e7\u00e3o de ROI e impacto<\/li>\n\n\n\n<li>Insights operacionais e manuten\u00e7\u00e3o preditiva<\/li>\n\n\n\n<li>Aprimoramento de escalabilidade e flexibilidade<\/li>\n<\/ul>\n\n\n\n<p>Nossa extensa rede industrial permite que a SIS forne\u00e7a insights abrangentes sobre automa\u00e7\u00e3o de produ\u00e7\u00e3o, apoiados pelas mais recentes metodologias e tecnologias de nossa equipe global.<\/p>\n\n\n\n<h2 class=\"wp-block-heading\">Localiza\u00e7\u00e3o de nossas instala\u00e7\u00f5es em Nova York<\/h2>\n\n\n\n<p>  <iframe loading=\"lazy\" src=\"https:\/\/www.google.com\/maps\/embed?pb=!1m18!1m12!1m3!1d3022.976188376966!2d-73.99130312499956!3d40.740549471389315!2m3!1f0!2f0!3f0!3m2!1i1024!2i768!4f13.1!3m3!1m2!1s0x89c259a15798c731%3A0xd695d09bdd495f25!2s11%20E%2022nd%20St%20FL%202%2C%20New%20York%2C%20NY%2010010%2C%20USA!5e0!3m2!1sen!2spe!4v1726171763526!5m2!1sen!2spe\" width=\"600\" height=\"450\" allowfullscreen=\"allowfullscreen\" data-mce-fragment=\"1\"><\/iframe>  <\/p>\n\n\n\n<h3 class=\"wp-block-heading\">11 E 22nd Street, 2\u00ba andar, Nova York, NY 10010 T: +1(212) 505-6805<\/h3>\n\n\n\n<hr class=\"wp-block-separator has-alpha-channel-opacity\"\/>\n\n\n\n<h2 class=\"wp-block-heading\"><span style=\"font-weight: 400;\">Sobre SIS Internacional<\/span><\/h2>\n\n\n\n<p><a href=\"https:\/\/www.sisinternational.com\/pt\/\"><span style=\"font-weight: 400;\">SIS Internacional<\/span><\/a><span style=\"font-weight: 400;\"> oferece pesquisa quantitativa, qualitativa e estrat\u00e9gica. Fornecemos dados, ferramentas, estrat\u00e9gias, relat\u00f3rios e insights para a tomada de decis\u00f5es. Tamb\u00e9m realizamos entrevistas, pesquisas, grupos focais e outros m\u00e9todos e abordagens de Pesquisa de Mercado.<\/span><a href=\"https:\/\/www.sisinternational.com\/pt\/sobre-a-sis-international-research\/contact-sis-international-market-research\/\"><span style=\"font-weight: 400;\"> Entre em contato conosco<\/span><\/a><span style=\"font-weight: 400;\"> para o seu pr\u00f3ximo projeto de pesquisa de mercado.<\/span><\/p>\n\n\n\n<hr class=\"wp-block-separator has-alpha-channel-opacity\"\/>","protected":false},"excerpt":{"rendered":"<p>A consultoria em automa\u00e7\u00e3o de manufatura e intelig\u00eancia artificial integra automa\u00e7\u00e3o avan\u00e7ada e tecnologia de IA nos processos de manufatura.<\/p>","protected":false},"author":1,"featured_media":71592,"parent":44406,"menu_order":46,"comment_status":"closed","ping_status":"closed","template":"","meta":{"footnotes":""},"class_list":["post-45169","page","type-page","status-publish","has-post-thumbnail"],"_links":{"self":[{"href":"https:\/\/www.sisinternational.com\/pt\/wp-json\/wp\/v2\/pages\/45169","targetHints":{"allow":["GET"]}}],"collection":[{"href":"https:\/\/www.sisinternational.com\/pt\/wp-json\/wp\/v2\/pages"}],"about":[{"href":"https:\/\/www.sisinternational.com\/pt\/wp-json\/wp\/v2\/types\/page"}],"author":[{"embeddable":true,"href":"https:\/\/www.sisinternational.com\/pt\/wp-json\/wp\/v2\/users\/1"}],"replies":[{"embeddable":true,"href":"https:\/\/www.sisinternational.com\/pt\/wp-json\/wp\/v2\/comments?post=45169"}],"version-history":[{"count":12,"href":"https:\/\/www.sisinternational.com\/pt\/wp-json\/wp\/v2\/pages\/45169\/revisions"}],"predecessor-version":[{"id":78807,"href":"https:\/\/www.sisinternational.com\/pt\/wp-json\/wp\/v2\/pages\/45169\/revisions\/78807"}],"up":[{"embeddable":true,"href":"https:\/\/www.sisinternational.com\/pt\/wp-json\/wp\/v2\/pages\/44406"}],"wp:featuredmedia":[{"embeddable":true,"href":"https:\/\/www.sisinternational.com\/pt\/wp-json\/wp\/v2\/media\/71592"}],"wp:attachment":[{"href":"https:\/\/www.sisinternational.com\/pt\/wp-json\/wp\/v2\/media?parent=45169"}],"curies":[{"name":"wp","href":"https:\/\/api.w.org\/{rel}","templated":true}]}}