{"id":45122,"date":"2024-01-15T02:12:00","date_gmt":"2024-01-15T07:12:00","guid":{"rendered":"https:\/\/www.sisinternational.com\/?page_id=45122"},"modified":"2026-02-18T12:35:57","modified_gmt":"2026-02-18T17:35:57","slug":"consultoria-de-inteligencia-artificial-em-automacao-de-franquias","status":"publish","type":"page","link":"https:\/\/www.sisinternational.com\/pt\/solucoes\/pesquisa-de-mercado-de-ia-e-consultoria-estrategica\/consultoria-de-inteligencia-artificial-em-automacao-de-franquias\/","title":{"rendered":"Consultoria em Automa\u00e7\u00e3o de Franchising e Intelig\u00eancia Artificial"},"content":{"rendered":"<h1 class=\"wp-block-heading\">Consultoria em Automa\u00e7\u00e3o de Franchising e Intelig\u00eancia Artificial<\/h1>\n\n\n\n<figure class=\"gb-block-image gb-block-image-d0d9d8e5\"><img loading=\"lazy\" decoding=\"async\" width=\"1456\" height=\"816\" class=\"gb-image gb-image-d0d9d8e5\" src=\"https:\/\/www.sisinternational.com\/wp-content\/uploads\/2025\/08\/Franchise-2.jpg\" alt=\"Pesquisa e Estrat\u00e9gia de Mercado Internacional da SIS\" title=\"Franchise (2)\" srcset=\"https:\/\/www.sisinternational.com\/wp-content\/uploads\/2025\/08\/Franchise-2.jpg 1456w, https:\/\/www.sisinternational.com\/wp-content\/uploads\/2025\/08\/Franchise-2-300x168.jpg 300w, https:\/\/www.sisinternational.com\/wp-content\/uploads\/2025\/08\/Franchise-2-1024x574.jpg 1024w, https:\/\/www.sisinternational.com\/wp-content\/uploads\/2025\/08\/Franchise-2-768x430.jpg 768w, https:\/\/www.sisinternational.com\/wp-content\/uploads\/2025\/08\/Franchise-2-18x10.jpg 18w\" sizes=\"auto, (max-width: 1456px) 100vw, 1456px\"><\/figure>\n\n\n\n<p><\/p>\n\n\n\n<p>Num mundo onde a ind\u00fastria hoteleira est\u00e1 em constante evolu\u00e7\u00e3o\u2026 Como podem as empresas manter-se \u00e0 frente da curva? A automa\u00e7\u00e3o de franquias e a consultoria em intelig\u00eancia artificial est\u00e3o mudando o jogo. Estas abordagens inovadoras est\u00e3o a remodelar a forma como as empresas franchisadas operam, oferecendo uma combina\u00e7\u00e3o de efici\u00eancia, personaliza\u00e7\u00e3o e vis\u00e3o estrat\u00e9gica que antes estava fora do alcance.<\/p>\n\n\n\n<h2 class=\"wp-block-heading\">O que \u00e9 Consultoria em Automa\u00e7\u00e3o de Franchising e Intelig\u00eancia Artificial<\/h2>\n\n\n\n<p>Franchising <a title=\"Consultoria em automa\u00e7\u00e3o de fluxo de trabalho e intelig\u00eancia artificial\" data-wpil-monitor-id=\"4798\" href=\"https:\/\/www.sisinternational.com\/pt\/solucoes\/pesquisa-de-mercado-de-ia-e-consultoria-estrategica\/consultoria-em-inteligencia-artificial-para-automacao-de-fluxo-de-trabalho\/\">automation and artificial intelligence consulting<\/a> is a rapidly evolving field that integrates cutting-edge technology into various aspects of franchise management. <\/p>\n\n\n\n<p>Por exemplo, a automa\u00e7\u00e3o em franchising para hot\u00e9is e restaurantes agiliza processos como sistemas de reservas, gest\u00e3o de invent\u00e1rio, an\u00e1lise de feedback de clientes e at\u00e9 mesmo pessoal. Automatiza tarefas rotineiras, libertando recursos humanos para se concentrarem em aspectos mais cr\u00edticos do neg\u00f3cio, como a experi\u00eancia do h\u00f3spede e a qualidade do servi\u00e7o.<\/p>\n\n\n\n<h2 class=\"wp-block-heading\">Qual a import\u00e2ncia da consultoria em automa\u00e7\u00e3o de franquia e intelig\u00eancia artificial hoje?<\/h2>\n\n\n\n<p>Today\u2019s consumers expect personalized experiences \u2013 and franchising <a title=\"Consultoria em Automa\u00e7\u00e3o de Sa\u00fade e Intelig\u00eancia Artificial\" href=\"https:\/\/www.sisinternational.com\/pt\/solucoes\/pesquisa-de-mercado-de-ia-e-consultoria-estrategica\/consultoria-de-inteligencia-artificial-em-automacao-de-saude\/\" data-wpil-monitor-id=\"4881\">automation and artificial intelligence consulting<\/a> help businesses understand and predict customer preferences, and tailor their services and offerings.<\/p>\n\n\n\n<p>Al\u00e9m disso, a automa\u00e7\u00e3o agiliza esses processos, aumentando a efici\u00eancia e reduzindo a probabilidade de erros, o que \u00e9 essencial para manter a reputa\u00e7\u00e3o da marca nas franquias.<\/p>\n\n\n\n<p>In franchising, making informed decisions is also crucial for both the franchisor and franchisee. Franchising <a title=\"Consultoria em Automa\u00e7\u00e3o B2B e Intelig\u00eancia Artificial\" href=\"https:\/\/www.sisinternational.com\/pt\/solucoes\/pesquisa-de-mercado-de-ia-e-consultoria-estrategica\/consultoria-de-inteligencia-artificial-em-automacao-b2b\/\" data-wpil-monitor-id=\"6873\">automation and artificial intelligence consulting<\/a> provide a deeper understanding of market trends, customer feedback, and operational performance, enabling better decision-making.<\/p>\n\n\n\n<h2 class=\"wp-block-heading\">Quais s\u00e3o os benef\u00edcios da automa\u00e7\u00e3o de franquias e da consultoria de intelig\u00eancia artificial?<\/h2>\n\n\n\n<p>A integra\u00e7\u00e3o da automa\u00e7\u00e3o e da intelig\u00eancia artificial no mundo do franchising traz uma s\u00e9rie de vantagens significativas que est\u00e3o a transformar a forma como estas empresas operam e interagem com os seus clientes. Aqui est\u00e1 uma vis\u00e3o mais detalhada dos principais benef\u00edcios:<\/p>\n\n\n\n<ul class=\"wp-block-list\">\n<li><strong>Experi\u00eancia aprimorada do cliente:<\/strong> AI enables a personalized customer experience by analyzing guest preferences and behavior. <\/li>\n\n\n\n<li><strong>Efici\u00eancia operacional:<\/strong> Automation streamlines everyday operations such as reservations, check-ins, inventory management, and staff scheduling. <\/li>\n\n\n\n<li><strong>Poupan\u00e7a de custos:<\/strong> Ao automatizar tarefas rotineiras e otimizar diversos aspectos operacionais, as franquias podem obter economias de custos significativas. A redu\u00e7\u00e3o do trabalho manual e a melhoria da efici\u00eancia contribuem para reduzir os custos operacionais e aumentar a rentabilidade.<\/li>\n\n\n\n<li><strong>Consist\u00eancia na presta\u00e7\u00e3o de servi\u00e7os:<\/strong> Maintaining consistent service quality across franchises is crucial. Franchising <a title=\"Consultoria em Automa\u00e7\u00e3o de Branding e Intelig\u00eancia Artificial\" data-wpil-monitor-id=\"6892\" href=\"https:\/\/www.sisinternational.com\/pt\/solucoes\/pesquisa-de-mercado-de-ia-e-consultoria-estrategica\/consultoria-de-ia-em-automacao-de-branding\/\">automation and artificial intelligence consulting<\/a> ensure that all franchise operations adhere to set standards, providing a consistent brand experience for customers.<\/li>\n\n\n\n<li><strong>Vantagem competitiva:<\/strong> As franquias que utilizam IA e automa\u00e7\u00e3o est\u00e3o melhor posicionadas para permanecer \u00e0 frente no competitivo setor hoteleiro. Eles podem se adaptar rapidamente \u00e0s mudan\u00e7as do mercado e \u00e0s necessidades dos clientes, mantendo a lideran\u00e7a.<\/li>\n<\/ul>\n\n\n\n<h2 class=\"wp-block-heading\">Principais Fatores de Sucesso em Automa\u00e7\u00e3o de Franchising e Consultoria de Intelig\u00eancia Artificial para Hot\u00e9is e Restaurantes<\/h2>\n\n\n\n<p>To successfully implement franchising automation and <a title=\"Consultoria em Intelig\u00eancia Artificial em Viagens\" href=\"https:\/\/www.sisinternational.com\/pt\/solucoes\/pesquisa-de-mercado-de-ia-e-consultoria-estrategica\/consultoria-de-inteligencia-artificial-em-viagens\/\" data-wpil-monitor-id=\"6904\">artificial intelligence consulting<\/a>, businesses must consider several key success factors to ensure that the integration of these technologies brings tangible benefits and aligns with the overall business strategy.<\/p>\n\n\n\n<ul class=\"wp-block-list\">\n<li><strong>Personaliza\u00e7\u00e3o de acordo com os padr\u00f5es da marca:<\/strong> No franchising, manter a consist\u00eancia da marca \u00e9 essencial. As solu\u00e7\u00f5es de IA e automa\u00e7\u00e3o devem ser personalizadas para manter e refor\u00e7ar os padr\u00f5es, a \u00e9tica e as expectativas de atendimento ao cliente da marca em todos os locais.<\/li>\n\n\n\n<li><strong>Qualidade e Integra\u00e7\u00e3o de Dados:<\/strong> Dados fi\u00e1veis e de alta qualidade s\u00e3o cruciais para os sistemas de IA. Garantir a integra\u00e7\u00e3o das ferramentas de IA com fontes de dados e sistemas existentes na franquia \u00e9 vital para uma an\u00e1lise precisa e eficaz.<\/li>\n\n\n\n<li><strong>Foco na experi\u00eancia do cliente:<\/strong> AI and automation initiatives should always aim to enhance the customer experience. <\/li>\n\n\n\n<li><strong>Monitoramento e Adapta\u00e7\u00e3o Cont\u00ednuos:<\/strong> Regular monitoring and updating of AI and automation systems are necessary to ensure they remain effective and relevant. <\/li>\n\n\n\n<li><strong>Conformidade e considera\u00e7\u00f5es \u00e9ticas:<\/strong> \u00c9 crucial aderir aos padr\u00f5es legais e \u00e9ticos, especialmente no tratamento de dados e na privacidade do cliente. Cumprir os regulamentos e manter pr\u00e1ticas transparentes s\u00e3o importantes para sustentar a confian\u00e7a do cliente e a reputa\u00e7\u00e3o da marca.<\/li>\n<\/ul>\n\n\n\n<h2 class=\"wp-block-heading\">Os resultados da consultoria em automa\u00e7\u00e3o de franquias e intelig\u00eancia artificial para empresas<\/h2>\n\n\n\n<p>Franchising <a title=\"Consultoria em Automa\u00e7\u00e3o de Restaurantes e Intelig\u00eancia Artificial\" href=\"https:\/\/www.sisinternational.com\/pt\/solucoes\/pesquisa-de-mercado-de-ia-e-consultoria-estrategica\/consultoria-de-inteligencia-artificial-em-automacao-de-restaurantes\/\" data-wpil-monitor-id=\"7235\">automation and artificial intelligence consulting<\/a> delivers a range of transformative outcomes. These advancements are designed to enhance operational efficiency, improve customer experiences, and provide strategic advantages.<\/p>\n\n\n\n<ul class=\"wp-block-list\">\n<li><strong>Atendimento ao cliente otimizado:<\/strong> A IA permite experi\u00eancias personalizadas aos h\u00f3spedes, desde recomenda\u00e7\u00f5es personalizadas at\u00e9 \u00e0 resolu\u00e7\u00e3o eficiente de problemas. A automa\u00e7\u00e3o no atendimento ao cliente pode levar a tempos de resposta mais r\u00e1pidos e maior satisfa\u00e7\u00e3o dos h\u00f3spedes.<\/li>\n\n\n\n<li><strong>Insights baseados em dados para tomada de decis\u00f5es estrat\u00e9gicas:<\/strong> A capacidade da IA de analisar tend\u00eancias de mercado, feedback de clientes e dados operacionais fornece insights valiosos para planejamento estrat\u00e9gico, design de menu e estrat\u00e9gias de marketing.<\/li>\n\n\n\n<li><strong>Melhor gerenciamento de estoque e cadeia de suprimentos:<\/strong> As ferramentas de automa\u00e7\u00e3o ajudam no gerenciamento eficiente de estoques e cadeias de suprimentos, reduzindo desperd\u00edcios e otimizando processos de aquisi\u00e7\u00e3o.<\/li>\n\n\n\n<li><strong>Consist\u00eancia entre franquias:<\/strong> Garantir uma experi\u00eancia de marca consistente em diferentes locais \u00e9 crucial no franchising. A IA e a automa\u00e7\u00e3o podem padronizar opera\u00e7\u00f5es e servi\u00e7os, mantendo a consist\u00eancia da marca.<\/li>\n\n\n\n<li><strong>An\u00e1lise de neg\u00f3cios em tempo real:<\/strong> As ferramentas de IA fornecem an\u00e1lises em tempo real sobre o desempenho dos neg\u00f3cios, as prefer\u00eancias dos h\u00f3spedes e as condi\u00e7\u00f5es do mercado, permitindo ajustes oportunos e tomadas de decis\u00e3o informadas.<\/li>\n<\/ul>\n\n\n\n<h2 class=\"wp-block-heading\">Tend\u00eancias Atuais em Automa\u00e7\u00e3o de Franchising e Consultoria em Intelig\u00eancia Artificial<\/h2>\n\n\n\n<p>The landscape of franchising is continually evolving with advancements in technology. Automation and artificial intelligence are at the forefront of this transformation, driving significant changes in how these businesses operate and interact with customers. Here are some of the current trends in franchising <a title=\"Consultoria em Automa\u00e7\u00e3o de Vendas e Intelig\u00eancia Artificial\" href=\"https:\/\/www.sisinternational.com\/pt\/solucoes\/pesquisa-de-mercado-de-ia-e-consultoria-estrategica\/consultoria-de-inteligencia-artificial-em-automacao-de-vendas\/\" data-wpil-monitor-id=\"7242\">automation and artificial intelligence consulting<\/a>:<\/p>\n\n\n\n<ul class=\"wp-block-list\">\n<li><strong>Chatbots e assistentes virtuais:<\/strong> O uso de chatbots e assistentes virtuais com tecnologia de IA para atendimento ao cliente est\u00e1 aumentando. Essas ferramentas gerenciam reservas, respondem d\u00favidas e fornecem informa\u00e7\u00f5es, melhorando a intera\u00e7\u00e3o com o cliente e liberando a equipe para outras tarefas.<\/li>\n\n\n\n<li><strong>Experi\u00eancia aprimorada do h\u00f3spede por meio da IoT:<\/strong> A integra\u00e7\u00e3o da IA com a Internet das Coisas (IoT) na automa\u00e7\u00e3o dos quartos, como term\u00f3statos inteligentes e dispositivos controlados por voz, est\u00e1 a melhorar as experi\u00eancias dos h\u00f3spedes nos hot\u00e9is.<\/li>\n\n\n\n<li><strong>Sustentabilidade e Efici\u00eancia:<\/strong> AI is contributing to sustainability efforts, helping hotels and restaurants reduce <a title=\"Consultoria em Estrat\u00e9gia de Automa\u00e7\u00e3o\" data-wpil-monitor-id=\"7444\" href=\"https:\/\/www.sisinternational.com\/pt\/sistemas-de-automacao-de-processos-nos-eua\/\">energy consumption and waste through smart automation<\/a> and predictive analytics.<\/li>\n<\/ul>\n\n\n\n<h2 class=\"wp-block-heading\">Tecnologias e Ferramentas Aproveitadas pela Consultoria em Automa\u00e7\u00e3o de Franchising e Intelig\u00eancia Artificial<\/h2>\n\n\n\n<p>In the realm of franchising <a class=\"wpil_keyword_link\" href=\"https:\/\/www.sisinternational.com\/pt\/solucoes\/pesquisa-de-mercado-de-ia-e-consultoria-estrategica\/consultoria-de-inteligencia-artificial-em-automacao\/\"   title=\"Consultoria em Automa\u00e7\u00e3o e Intelig\u00eancia Artificial\" data-wpil-keyword-link=\"linked\"  data-wpil-monitor-id=\"11332\">automation and artificial intelligence consulting<\/a>, various technologies and tools are being leveraged to enhance operations, customer service, and strategic decision-making. Here are some key technologies and specific tools or brands that are shaping the industry:<\/p>\n\n\n\n<ul class=\"wp-block-list\">\n<li><strong>Chatbots e assistentes virtuais:<\/strong> Plataformas como IBM Watson Assistant e Chatfuel oferecem chatbots com tecnologia de IA para atendimento ao cliente, tratamento de reservas, consultas e fornecimento de recomenda\u00e7\u00f5es personalizadas.<\/li>\n\n\n\n<li><strong>Software de an\u00e1lise preditiva:<\/strong> Ferramentas como SAS Analytics e Tableau fornecem an\u00e1lises preditivas poderosas, ajudando as franquias na previs\u00e3o de demanda, gerenciamento de estoque e an\u00e1lise de mercado.<\/li>\n\n\n\n<li><strong>Automa\u00e7\u00e3o Rob\u00f3tica de Processos (RPA):<\/strong> Softwares como UiPath e Automation Anywhere automatizam tarefas rotineiras de back-office, agilizando opera\u00e7\u00f5es e reduzindo erros manuais.<\/li>\n\n\n\n<li><strong>Integra\u00e7\u00e3o IoT para Opera\u00e7\u00f5es Inteligentes:<\/strong> Tecnologias como Nest para termostatos inteligentes e Philips Hue para ilumina\u00e7\u00e3o inteligente permitem a automa\u00e7\u00e3o e otimiza\u00e7\u00e3o do ambiente f\u00edsico em hot\u00e9is e restaurantes.<\/li>\n\n\n\n<li><strong>Ferramentas de gerenciamento de reputa\u00e7\u00e3o online:<\/strong> Ferramentas de IA como ReviewPro e Reputation.com analisam e gerenciam avalia\u00e7\u00f5es online e feedback de m\u00eddia social, ajudando as franquias a manter uma presen\u00e7a online positiva.<\/li>\n\n\n\n<li><strong>Ferramentas de marketing baseadas em IA:<\/strong> Ferramentas como Marketo e Adobe Marketing Cloud usam IA para otimizar campanhas de marketing, visando os clientes certos com conte\u00fado personalizado.<\/li>\n\n\n\n<li><strong>Software de gerenciamento da cadeia de suprimentos:<\/strong> Sistemas como Oracle SCM e SAP SCM oferecem solu\u00e7\u00f5es automatizadas de gerenciamento da cadeia de suprimentos, otimizando os processos de aquisi\u00e7\u00e3o e estoque.<\/li>\n<\/ul>\n\n\n\n<h2 class=\"wp-block-heading\">Oportunidades em automa\u00e7\u00e3o de franquias e consultoria de intelig\u00eancia artificial para empresas<\/h2>\n\n\n\n<p>Esta consultoria oferece uma infinidade de oportunidades para as empresas, abrindo caminho para estrat\u00e9gias operacionais inovadoras, experi\u00eancias aprimoradas do cliente e modelos de neg\u00f3cios mais inteligentes. Confira as principais oportunidades:<\/p>\n\n\n\n<ul class=\"wp-block-list\">\n<li><strong>Tomada de decis\u00e3o baseada em dados:<\/strong> Com a IA, as empresas podem aproveitar a an\u00e1lise de big data para tomar decis\u00f5es informadas sobre a expans\u00e3o do mercado, ofertas de servi\u00e7os e estrat\u00e9gias de marketing, garantindo que estas decis\u00f5es sejam apoiadas por insights de mercado abrangentes.<\/li>\n\n\n\n<li><strong>Marketing personalizado e envolvimento do cliente:<\/strong> Ao analisar os dados dos clientes, a IA pode ajudar na elabora\u00e7\u00e3o de campanhas de marketing personalizadas e estrat\u00e9gias de engajamento, visando os clientes com ofertas e experi\u00eancias adaptadas \u00e0s suas prefer\u00eancias.<\/li>\n\n\n\n<li><strong>Iniciativas de Sustentabilidade:<\/strong> A IA e a automa\u00e7\u00e3o podem contribuir para os esfor\u00e7os de sustentabilidade nas opera\u00e7\u00f5es de franchising, tais como a redu\u00e7\u00e3o do consumo de energia, a minimiza\u00e7\u00e3o do desperd\u00edcio de alimentos e a otimiza\u00e7\u00e3o da utiliza\u00e7\u00e3o de recursos.<\/li>\n<\/ul>\n\n\n\n<h2 class=\"wp-block-heading\">Desafios da Automa\u00e7\u00e3o de Franchising e Consultoria de Intelig\u00eancia Artificial para Empresas<\/h2>\n\n\n\n<p>Embora a ado\u00e7\u00e3o da automa\u00e7\u00e3o de franquia e da consultoria de intelig\u00eancia artificial apresente in\u00fameras oportunidades, ela tamb\u00e9m traz in\u00fameras, como:<\/p>\n\n\n\n<ul class=\"wp-block-list\">\n<li><strong>Privacidade e seguran\u00e7a de dados:<\/strong> Com o aumento do uso de dados de clientes para personaliza\u00e7\u00e3o e an\u00e1lise, manter a privacidade e a seguran\u00e7a dos dados torna-se fundamental. As franquias devem navegar por regulamenta\u00e7\u00f5es complexas de prote\u00e7\u00e3o de dados e garantir a confian\u00e7a do cliente.<\/li>\n\n\n\n<li><strong>Integra\u00e7\u00e3o com sistemas existentes:<\/strong> A integra\u00e7\u00e3o perfeita de novas tecnologias com sistemas e processos existentes pode ser um desafio e exigir mudan\u00e7as substanciais nos modelos operacionais atuais.<\/li>\n\n\n\n<li><strong>Consist\u00eancia entre franquias:<\/strong> Garantir que as tecnologias de IA e automa\u00e7\u00e3o sejam implementadas e mantidas de forma consistente em todos os locais de franquia para manter padr\u00f5es de servi\u00e7o uniformes \u00e9 um desafio.<\/li>\n<\/ul>\n\n\n\n<h2 class=\"wp-block-heading\">Solu\u00e7\u00f5es SIS: Consultoria em Automa\u00e7\u00e3o de Franchising e Intelig\u00eancia Artificial<\/h2>\n\n\n\n<p>Na SIS, compreendemos o potencial transformador da automa\u00e7\u00e3o do franchising e da intelig\u00eancia artificial na remodela\u00e7\u00e3o da ind\u00fastria hoteleira. Nossas solu\u00e7\u00f5es de consultoria oferecem um roteiro estrat\u00e9gico para empresas franqueadas aproveitarem o poder da automa\u00e7\u00e3o e da IA, gerando efici\u00eancia, personaliza\u00e7\u00e3o e vis\u00e3o estrat\u00e9gica em todos os locais de franquia. Veja como podemos ajudar:<\/p>\n\n\n\n<ul class=\"wp-block-list\">\n<li><strong>An\u00e1lise abrangente de mercado:<\/strong> Nossa equipe conduz an\u00e1lises abrangentes de mercado para identificar tend\u00eancias emergentes, prefer\u00eancias dos clientes e din\u00e2micas competitivas na ind\u00fastria hoteleira. Fornecemos insights sobre como a automa\u00e7\u00e3o e a IA est\u00e3o remodelando as opera\u00e7\u00f5es de franquia e oferecemos recomenda\u00e7\u00f5es estrat\u00e9gicas para capitalizar novas oportunidades.<\/li>\n\n\n\n<li><strong>Desenvolvimento de solu\u00e7\u00f5es personalizadas:<\/strong> We develop customized automation and AI solutions tailored to address the specific needs and goals of franchised businesses. <\/li>\n\n\n\n<li><strong>Envolvimento das partes interessadas:<\/strong> Envolvemos todas as partes interessadas, incluindo franqueadores, franqueados, funcion\u00e1rios e clientes, para garantir o alinhamento e a ades\u00e3o \u00e0s iniciativas de IA. Nossa abordagem envolve educar as partes interessadas sobre os benef\u00edcios da automa\u00e7\u00e3o e da IA, abordando preocupa\u00e7\u00f5es e promovendo uma cultura de inova\u00e7\u00e3o e colabora\u00e7\u00e3o em todas as franquias.<\/li>\n\n\n\n<li><strong>Conhecimento T\u00e9cnico e Infraestrutura:<\/strong> We provide technical expertise and infrastructure support to help franchised businesses navigate the complexities of implementing AI solutions. <\/li>\n\n\n\n<li><strong>Considera\u00e7\u00f5es \u00c9ticas e Conformidade:<\/strong> Garantimos que as iniciativas de IA cumpram padr\u00f5es \u00e9ticos e requisitos regulamentares, especialmente no tratamento de dados e na privacidade do cliente. A conformidade com os regulamentos e as pr\u00e1ticas transparentes s\u00e3o essenciais para manter a confian\u00e7a do cliente e a reputa\u00e7\u00e3o da marca em todas as franquias.<\/li>\n\n\n\n<li><strong>Monitoramento e Otimiza\u00e7\u00e3o Cont\u00ednuos:<\/strong> Apoiamos empresas franqueadas no monitoramento e otimiza\u00e7\u00e3o cont\u00ednuos de seus sistemas de IA com base em feedback, novos dados e avan\u00e7os tecnol\u00f3gicos. Nossa abordagem envolve avalia\u00e7\u00f5es regulares de desempenho, atualiza\u00e7\u00f5es e ajustes para garantir que as iniciativas de IA permane\u00e7am eficazes e alinhadas com os objetivos de neg\u00f3cios.<\/li>\n\n\n\n<li><strong>Treinamento e gerenciamento de mudan\u00e7as:<\/strong> Oferecemos treinamento e suporte de gerenciamento de mudan\u00e7as para ajudar os funcion\u00e1rios a se adaptarem \u00e0s novas tecnologias e fluxos de trabalho de IA. Nossa abordagem envolve treinamento pr\u00e1tico, workshops e suporte cont\u00ednuo para garantir que os funcion\u00e1rios tenham as habilidades e o conhecimento necess\u00e1rios para ter sucesso em um ambiente orientado pela IA.<\/li>\n\n\n\n<li><\/li>\n<\/ul>\n\n\n\n<h2 class=\"wp-block-heading\">Sobre SIS Internacional<\/h2>\n\n\n\n<p>A SIS International oferece Pesquisa Quantitativa, Qualitativa e Estrat\u00e9gica. Fornecemos dados, ferramentas, estrat\u00e9gias, relat\u00f3rios e insights para tomada de decis\u00f5es. Conduzimos entrevistas, pesquisas, grupos focais e muitos outros m\u00e9todos e abordagens de Pesquisa de Mercado. Contate-nos para o seu pr\u00f3ximo projeto de Pesquisa de Mercado.<\/p>","protected":false},"excerpt":{"rendered":"<p>A automa\u00e7\u00e3o de franquia e consultoria de IA \u00e9 um campo em evolu\u00e7\u00e3o que integra tecnologia de ponta ao gerenciamento de franquia.<\/p>","protected":false},"author":1,"featured_media":63810,"parent":44406,"menu_order":40,"comment_status":"closed","ping_status":"closed","template":"","meta":{"footnotes":""},"class_list":["post-45122","page","type-page","status-publish","has-post-thumbnail"],"_links":{"self":[{"href":"https:\/\/www.sisinternational.com\/pt\/wp-json\/wp\/v2\/pages\/45122","targetHints":{"allow":["GET"]}}],"collection":[{"href":"https:\/\/www.sisinternational.com\/pt\/wp-json\/wp\/v2\/pages"}],"about":[{"href":"https:\/\/www.sisinternational.com\/pt\/wp-json\/wp\/v2\/types\/page"}],"author":[{"embeddable":true,"href":"https:\/\/www.sisinternational.com\/pt\/wp-json\/wp\/v2\/users\/1"}],"replies":[{"embeddable":true,"href":"https:\/\/www.sisinternational.com\/pt\/wp-json\/wp\/v2\/comments?post=45122"}],"version-history":[{"count":12,"href":"https:\/\/www.sisinternational.com\/pt\/wp-json\/wp\/v2\/pages\/45122\/revisions"}],"predecessor-version":[{"id":82991,"href":"https:\/\/www.sisinternational.com\/pt\/wp-json\/wp\/v2\/pages\/45122\/revisions\/82991"}],"up":[{"embeddable":true,"href":"https:\/\/www.sisinternational.com\/pt\/wp-json\/wp\/v2\/pages\/44406"}],"wp:featuredmedia":[{"embeddable":true,"href":"https:\/\/www.sisinternational.com\/pt\/wp-json\/wp\/v2\/media\/63810"}],"wp:attachment":[{"href":"https:\/\/www.sisinternational.com\/pt\/wp-json\/wp\/v2\/media?parent=45122"}],"curies":[{"name":"wp","href":"https:\/\/api.w.org\/{rel}","templated":true}]}}