{"id":45095,"date":"2024-01-13T16:13:39","date_gmt":"2024-01-13T21:13:39","guid":{"rendered":"https:\/\/www.sisinternational.com\/?page_id=45095"},"modified":"2026-01-27T16:38:48","modified_gmt":"2026-01-27T21:38:48","slug":"consultoria-de-inteligencia-artificial-em-automacao-de-servicos-financeiros","status":"publish","type":"page","link":"https:\/\/www.sisinternational.com\/pt\/solucoes\/pesquisa-de-consultoria-em-estrategia-fintech\/consultoria-de-inteligencia-artificial-em-automacao-de-servicos-financeiros\/","title":{"rendered":"Consultoria em Automa\u00e7\u00e3o de Servi\u00e7os Financeiros e Intelig\u00eancia Artificial"},"content":{"rendered":"<h1 class=\"wp-block-heading\">Consultoria em Automa\u00e7\u00e3o de Servi\u00e7os Financeiros e Intelig\u00eancia Artificial<\/h1>\n\n\n\n<figure class=\"gb-block-image gb-block-image-0398f126\"><img loading=\"lazy\" decoding=\"async\" width=\"1456\" height=\"816\" class=\"gb-image gb-image-0398f126\" src=\"https:\/\/www.sisinternational.com\/wp-content\/uploads\/2025\/10\/Financial-Services-Transaction-1.jpg\" alt=\"Pesquisa e Estrat\u00e9gia de Mercado Internacional da SIS\" title=\"Financial Services Transaction (1)\" srcset=\"https:\/\/www.sisinternational.com\/wp-content\/uploads\/2025\/10\/Financial-Services-Transaction-1.jpg 1456w, https:\/\/www.sisinternational.com\/wp-content\/uploads\/2025\/10\/Financial-Services-Transaction-1-300x168.jpg 300w, https:\/\/www.sisinternational.com\/wp-content\/uploads\/2025\/10\/Financial-Services-Transaction-1-1024x574.jpg 1024w, https:\/\/www.sisinternational.com\/wp-content\/uploads\/2025\/10\/Financial-Services-Transaction-1-768x430.jpg 768w, https:\/\/www.sisinternational.com\/wp-content\/uploads\/2025\/10\/Financial-Services-Transaction-1-18x10.jpg 18w\" sizes=\"auto, (max-width: 1456px) 100vw, 1456px\"><\/figure>\n\n\n\n<h1 class=\"wp-block-heading\">&nbsp;<\/h1>\n\n\n\n<p><\/p>\n\n\n\n<hr class=\"wp-block-separator has-alpha-channel-opacity\"\/>\n\n\n\n<p>A automa\u00e7\u00e3o de servi\u00e7os financeiros e a consultoria em intelig\u00eancia artificial representam uma mudan\u00e7a de paradigma, redefinindo fundamentalmente a forma como interagimos com os sistemas e servi\u00e7os financeiros. Esta evolu\u00e7\u00e3o n\u00e3o \u00e9 apenas uma tend\u00eancia passageira, mas uma pedra angular na moderniza\u00e7\u00e3o das finan\u00e7as, onde o papel da IA vai al\u00e9m do mero apoio, tornando-se uma for\u00e7a transformadora.<\/p>\n\n\n\n<h2 class=\"wp-block-heading\">Compreendendo o papel da automa\u00e7\u00e3o de servi\u00e7os financeiros e da consultoria de intelig\u00eancia artificial<\/h2>\n\n\n\n<p>Financial services automation and artificial intelligence consulting is a field that streamlines operations, enhances decision-making processes, and personalizes customer experiences. Consultants in this domain bridge the gap between technological potential and practical financial applications.<\/p>\n\n\n\n<p>They analyze a company\u2019s structure, workflow, and objectives, identifying areas where AI and automation can be integrated for optimal performance.<\/p>\n\n\n\n<h2 class=\"wp-block-heading\">Import\u00e2ncia da Automa\u00e7\u00e3o de Servi\u00e7os Financeiros e Consultoria em Intelig\u00eancia Artificial<\/h2>\n\n\n\n<figure class=\"gb-block-image gb-block-image-d5cfe508\"><img loading=\"lazy\" decoding=\"async\" width=\"1456\" height=\"816\" class=\"gb-image gb-image-d5cfe508\" src=\"https:\/\/www.sisinternational.com\/wp-content\/uploads\/2025\/10\/Financial-Services-Reorganization-4.jpg\" alt=\"Pesquisa e Estrat\u00e9gia de Mercado Internacional da SIS\" title=\"Financial Services Reorganization (4)\" srcset=\"https:\/\/www.sisinternational.com\/wp-content\/uploads\/2025\/10\/Financial-Services-Reorganization-4.jpg 1456w, https:\/\/www.sisinternational.com\/wp-content\/uploads\/2025\/10\/Financial-Services-Reorganization-4-300x168.jpg 300w, https:\/\/www.sisinternational.com\/wp-content\/uploads\/2025\/10\/Financial-Services-Reorganization-4-1024x574.jpg 1024w, https:\/\/www.sisinternational.com\/wp-content\/uploads\/2025\/10\/Financial-Services-Reorganization-4-768x430.jpg 768w, https:\/\/www.sisinternational.com\/wp-content\/uploads\/2025\/10\/Financial-Services-Reorganization-4-18x10.jpg 18w\" sizes=\"auto, (max-width: 1456px) 100vw, 1456px\"><\/figure>\n\n\n\n<p><\/p>\n\n\n\n<p>Financial <a href=\"https:\/\/www.sisinternational.com\/pt\/solucoes\/pesquisa-de-mercado-de-ia-e-consultoria-estrategica\/consultoria-de-ia-em-automacao-de-servicos-de-bens-de-consumo\/\" title=\"Automa\u00e7\u00e3o de bens de consumo e servi\u00e7os e consultoria em IA\"  data-wpil-monitor-id=\"3870\">services automation and artificial intelligence consulting<\/a> drive efficiency in financial operations. Automation reduces the time and resources spent on repetitive tasks, while AI can process and analyze vast amounts of data far beyond human capability.<\/p>\n\n\n\n<p>Additionally, this consulting is a catalyst for innovation. It encourages financial institutions to think beyond traditional boundaries, exploring new models of financial services, products, and delivery methods. In any case, financial services <a href=\"https:\/\/www.sisinternational.com\/pt\/solucoes\/pesquisa-de-mercado-de-ia-e-consultoria-estrategica\/consultoria-em-inteligencia-artificial-para-automacao-de-fluxo-de-trabalho\/\" title=\"Consultoria em automa\u00e7\u00e3o de fluxo de trabalho e intelig\u00eancia artificial\"  data-wpil-monitor-id=\"6895\">automation and artificial intelligence consulting<\/a> have many other benefits, including:<\/p>\n\n\n\n<ul class=\"wp-block-list\">\n<li><strong>Efici\u00eancia operacional:<\/strong> Financial services automation and AI consulting help organizations adopt automation systems that streamline repetitive and time-consuming tasks such as data entry, transaction processing, and report generation.\u00a0<\/li>\n\n\n\n<li><strong>Gest\u00e3o de Risco e Conformidade:<\/strong> Os modelos de IA e de aprendizagem autom\u00e1tica s\u00e3o adeptos da identifica\u00e7\u00e3o de potenciais riscos e anomalias, o que \u00e9 crucial para a dete\u00e7\u00e3o de fraudes e a conformidade regulamentar. Podem acompanhar o cen\u00e1rio regulat\u00f3rio em constante mudan\u00e7a, garantindo que as institui\u00e7\u00f5es financeiras permane\u00e7am em conformidade.<\/li>\n\n\n\n<li><strong>Vantagem Competitiva:<\/strong> By adopting the latest in AI and automation, financial institutions can differentiate themselves in a crowded market.\u00a0<\/li>\n<\/ul>\n\n\n\n<h2 class=\"wp-block-heading\">Quando as empresas devem procurar servi\u00e7os de consultoria em automa\u00e7\u00e3o de servi\u00e7os financeiros e intelig\u00eancia artificial?<\/h2>\n\n\n\n<p>Alguns indicadores sugerem que \u00e9 hora de uma institui\u00e7\u00e3o financeira considerar esta consultoria estrat\u00e9gica \u2013 e incluem os seguintes fatores:<\/p>\n\n\n\n<ul class=\"wp-block-list\">\n<li><strong>Necessidade de efici\u00eancia operacional:<\/strong> Se uma organiza\u00e7\u00e3o financeira se debate com processos manuais morosos, erros e inefici\u00eancias, \u00e9 um sinal claro de que a automatiza\u00e7\u00e3o dos servi\u00e7os financeiros e a consultoria em IA podem ser ben\u00e9ficas.<\/li>\n\n\n\n<li><strong>Desafios de crescimento e escalabilidade:<\/strong> As a financial institution grows, the need to efficiently manage increased volumes of transactions and data becomes vital. Financial services <a href=\"https:\/\/www.sisinternational.com\/pt\/financial-services-consulting\/financial-services-customer-satisfaction\/\" title=\"Financial Services Customer Satisfaction\"  data-wpil-monitor-id=\"7493\">automation and AI consulting<\/a> offer scalable solutions that can adapt to a growing customer base and evolving business needs.<\/li>\n\n\n\n<li><strong>Demandas crescentes de conformidade regulat\u00f3ria:<\/strong> O setor financeiro est\u00e1 frequentemente sujeito a requisitos regulamentares rigorosos. As institui\u00e7\u00f5es que enfrentam desafios para manter a conformidade, especialmente aquelas que lidam com regulamenta\u00e7\u00f5es internacionais, podem beneficiar significativamente da capacidade da IA para gerir e simplificar os processos de conformidade.<\/li>\n\n\n\n<li><strong>Press\u00e3o competitiva:<\/strong> If competitors adopt AI and automation, it&#8217;s important to consider similar advancements to remain competitive.\u00a0<\/li>\n\n\n\n<li><strong>Preocupa\u00e7\u00f5es com seguran\u00e7a cibern\u00e9tica:<\/strong> With the increasing threat of cyberattacks and fraud, financial institutions looking to enhance their security protocols will find AI and automation invaluable.\u00a0<\/li>\n<\/ul>\n\n\n\n<h2 class=\"wp-block-heading\">Como a consultoria em automa\u00e7\u00e3o de servi\u00e7os financeiros e intelig\u00eancia artificial difere da pesquisa de mercado tradicional?<\/h2>\n\n\n\n<figure class=\"gb-block-image gb-block-image-d5b94538\"><img loading=\"lazy\" decoding=\"async\" width=\"1456\" height=\"816\" class=\"gb-image gb-image-d5b94538\" src=\"https:\/\/www.sisinternational.com\/wp-content\/uploads\/2025\/10\/Financial-Services-Transaction-2.jpg\" alt=\"Pesquisa e Estrat\u00e9gia de Mercado Internacional da SIS\" title=\"Financial Services Transaction (2)\" srcset=\"https:\/\/www.sisinternational.com\/wp-content\/uploads\/2025\/10\/Financial-Services-Transaction-2.jpg 1456w, https:\/\/www.sisinternational.com\/wp-content\/uploads\/2025\/10\/Financial-Services-Transaction-2-300x168.jpg 300w, https:\/\/www.sisinternational.com\/wp-content\/uploads\/2025\/10\/Financial-Services-Transaction-2-1024x574.jpg 1024w, https:\/\/www.sisinternational.com\/wp-content\/uploads\/2025\/10\/Financial-Services-Transaction-2-768x430.jpg 768w, https:\/\/www.sisinternational.com\/wp-content\/uploads\/2025\/10\/Financial-Services-Transaction-2-18x10.jpg 18w\" sizes=\"auto, (max-width: 1456px) 100vw, 1456px\"><\/figure>\n\n\n\n<p><\/p>\n\n\n\n<p>Servi\u00e7os financeiros <a href=\"https:\/\/www.sisinternational.com\/pt\/solucoes\/pesquisa-de-mercado-de-ia-e-consultoria-estrategica\/consultoria-de-inteligencia-artificial-em-automacao-de-restaurantes\/\" title=\"Consultoria em Automa\u00e7\u00e3o de Restaurantes e Intelig\u00eancia Artificial\"  data-wpil-monitor-id=\"7239\">automation and artificial intelligence consulting<\/a> significantly diverge from traditional market research in their approach, methodology, and outcomes. Here&#8217;s a closer look at the differences:<\/p>\n\n\n\n<ul class=\"wp-block-list\">\n<li><strong>An\u00e1lise e processamento de dados:<\/strong> A pesquisa de mercado tradicional muitas vezes depende de pesquisas, grupos focais e dados hist\u00f3ricos, que s\u00e3o em sua maioria est\u00e1ticos e de escopo limitado. Em contraste, a automa\u00e7\u00e3o de servi\u00e7os financeiros e a consultoria de IA utilizam an\u00e1lise de dados din\u00e2mica e em tempo real, aproveitando algoritmos complexos para processar grandes quantidades de dados com rapidez e precis\u00e3o.<\/li>\n\n\n\n<li><strong>An\u00e1lise preditiva:<\/strong> Embora a pesquisa de mercado tradicional forne\u00e7a insights baseados em dados passados e presentes, a automa\u00e7\u00e3o de servi\u00e7os financeiros e a consultoria de IA s\u00e3o excelentes em an\u00e1lises preditivas. Os algoritmos de IA podem prever tend\u00eancias futuras, necessidades dos clientes e mudan\u00e7as de mercado, permitindo que as institui\u00e7\u00f5es financeiras sejam proativas em vez de reativas.<\/li>\n\n\n\n<li><strong>Personaliza\u00e7\u00e3o:<\/strong> A IA e a automa\u00e7\u00e3o permitem uma abordagem altamente personalizada ao atendimento ao cliente e \u00e0s ofertas de produtos, que est\u00e1 al\u00e9m do escopo da pesquisa de mercado tradicional. Os sistemas de IA podem analisar dados individuais de clientes para oferecer aconselhamento financeiro personalizado, op\u00e7\u00f5es de investimento e recomenda\u00e7\u00f5es de servi\u00e7os.<\/li>\n<\/ul>\n\n\n\n<h2 class=\"wp-block-heading\">Principais fatores de sucesso<\/h2>\n\n\n\n<p>For financial services <a href=\"https:\/\/www.sisinternational.com\/pt\/solucoes\/pesquisa-de-mercado-de-ia-e-consultoria-estrategica\/consultoria-de-inteligencia-artificial-em-automacao-de-vendas\/\" title=\"Consultoria em Automa\u00e7\u00e3o de Vendas e Intelig\u00eancia Artificial\"  data-wpil-monitor-id=\"7250\">automation and artificial intelligence consulting<\/a> to be effective, several key success factors need to be in place. These elements ensure that integrating AI and <a href=\"https:\/\/www.sisinternational.com\/pt\/financial-services-consulting\/robotic-process-automation-in-financial-services\/\" title=\"Robotic Process Automation in Financial Services\"  data-wpil-monitor-id=\"1058\">automation into financial services<\/a> is technically successful and aligns with the business\u2019s strategic goals and industry standards.<\/p>\n\n\n\n<ul class=\"wp-block-list\">\n<li><strong>Qualidade e Integra\u00e7\u00e3o de Dados:<\/strong> O sucesso dos sistemas de IA depende fortemente da qualidade, precis\u00e3o e abrang\u00eancia dos dados que utilizam. As institui\u00e7\u00f5es financeiras devem ter pr\u00e1ticas robustas de gest\u00e3o de dados para garantir que os dados introduzidos nos sistemas de IA s\u00e3o fi\u00e1veis. Igualmente importante \u00e9 a integra\u00e7\u00e3o perfeita destes sistemas com a infra-estrutura de TI existente.<\/li>\n\n\n\n<li><strong>Experi\u00eancia e pessoal qualificado:<\/strong> Isto inclui especialistas em IA e tecnologias de automa\u00e7\u00e3o, cientistas de dados, bem como profissionais com profundo conhecimento do setor financeiro e do seu ambiente regulat\u00f3rio.<\/li>\n\n\n\n<li><strong>Abordagem Centrada no Cliente:<\/strong> AI and automation should be deployed to enhance the customer experience. This involves understanding customer needs, preferences, and behaviors to effectively tailor AI-driven services and products.<\/li>\n\n\n\n<li><strong>Escalabilidade e flexibilidade:<\/strong> As solu\u00e7\u00f5es de IA e automa\u00e7\u00e3o devem ser escal\u00e1veis para acomodar o crescimento e flex\u00edveis o suficiente para se adaptarem \u00e0 evolu\u00e7\u00e3o das necessidades empresariais e \u00e0s mudan\u00e7as tecnol\u00f3gicas.<\/li>\n<\/ul>\n\n\n\n<h2 class=\"wp-block-heading\">O que esperar da consultoria em automa\u00e7\u00e3o de servi\u00e7os financeiros e intelig\u00eancia artificial<\/h2>\n\n\n\n<figure class=\"gb-block-image gb-block-image-dbeabd30\"><img loading=\"lazy\" decoding=\"async\" width=\"1456\" height=\"816\" class=\"gb-image gb-image-dbeabd30\" src=\"https:\/\/www.sisinternational.com\/wp-content\/uploads\/2025\/10\/Financial-Services-Reorganization-2.jpg\" alt=\"Pesquisa e Estrat\u00e9gia de Mercado Internacional da SIS\" title=\"Financial Services Reorganization (2)\" srcset=\"https:\/\/www.sisinternational.com\/wp-content\/uploads\/2025\/10\/Financial-Services-Reorganization-2.jpg 1456w, https:\/\/www.sisinternational.com\/wp-content\/uploads\/2025\/10\/Financial-Services-Reorganization-2-300x168.jpg 300w, https:\/\/www.sisinternational.com\/wp-content\/uploads\/2025\/10\/Financial-Services-Reorganization-2-1024x574.jpg 1024w, https:\/\/www.sisinternational.com\/wp-content\/uploads\/2025\/10\/Financial-Services-Reorganization-2-768x430.jpg 768w, https:\/\/www.sisinternational.com\/wp-content\/uploads\/2025\/10\/Financial-Services-Reorganization-2-18x10.jpg 18w\" sizes=\"auto, (max-width: 1456px) 100vw, 1456px\"><\/figure>\n\n\n\n<p><\/p>\n\n\n\n<p>Ao embarcar na automa\u00e7\u00e3o de servi\u00e7os financeiros e na consultoria de intelig\u00eancia artificial, existem v\u00e1rios resultados e benef\u00edcios que as empresas podem antecipar:<\/p>\n\n\n\n<ul class=\"wp-block-list\">\n<li><strong>Melhor gerenciamento de riscos:<\/strong> AI\u2019s predictive analytics and data processing capabilities allow for more accurate risk assessment and management.\u00a0<\/li>\n\n\n\n<li><strong>Insights e tomada de decis\u00e3o baseados em dados:<\/strong> A capacidade de analisar grandes volumes de dados com IA leva a insights mais profundos, apoiando tomadas de decis\u00f5es mais informadas e estrat\u00e9gicas. As institui\u00e7\u00f5es financeiras podem compreender melhor as tend\u00eancias do mercado, o comportamento do cliente e o desempenho operacional.<\/li>\n\n\n\n<li><strong>Vantagem competitiva:<\/strong> By leveraging the latest technologies in AI and automation, financial institutions can differentiate themselves in the market. This technological edge can attract and retain new customers, contributing to business growth.<\/li>\n\n\n\n<li><strong>Conformidade e seguran\u00e7a aprimoradas:<\/strong> As ferramentas de IA podem acompanhar o cen\u00e1rio regulat\u00f3rio em constante evolu\u00e7\u00e3o, ajudando as institui\u00e7\u00f5es a permanecerem em conformidade. Al\u00e9m disso, a IA pode melhorar as medidas de seguran\u00e7a, detectando e prevenindo atividades fraudulentas de forma mais eficaz do que os sistemas tradicionais.<\/li>\n\n\n\n<li><strong>Retorno do Investimento:<\/strong> Embora o investimento inicial em IA e automa\u00e7\u00e3o possa ser substancial, os benef\u00edcios a longo prazo, como poupan\u00e7a de custos, aumento de receitas e melhoria da efici\u00eancia, resultam frequentemente num retorno significativo do investimento.<\/li>\n<\/ul>\n\n\n\n<h2 class=\"wp-block-heading\">Oportunidades em automa\u00e7\u00e3o de servi\u00e7os financeiros e consultoria de intelig\u00eancia artificial para empresas<\/h2>\n\n\n\n<p>The integration of automation and artificial intelligence in financial services opens up several opportunities for businesses in the sector \u2013 and here are some of the key opportunities that companies can capitalize on:<\/p>\n\n\n\n<ul class=\"wp-block-list\">\n<li><strong>Produtos e servi\u00e7os financeiros personalizados:<\/strong> AI enables financial institutions to offer highly personalized products and services. This includes customized investment advice, tailored banking services, and personalized insurance policies, all of which can significantly <a class=\"wpil_keyword_link\" href=\"https:\/\/www.sisinternational.com\/pt\/melhorando-o-relacionamento-com-o-cliente\/\"   title=\"Como melhorar a satisfa\u00e7\u00e3o do cliente e encantar clientes insatisfeitos\" data-wpil-keyword-link=\"linked\"  data-wpil-monitor-id=\"637\">improve customer satisfaction<\/a> and loyalty.<\/li>\n\n\n\n<li><strong>Expandindo para novos mercados:<\/strong> A IA e a automa\u00e7\u00e3o facilitam \u00e0s institui\u00e7\u00f5es financeiras a expans\u00e3o dos seus servi\u00e7os para novos mercados, superando barreiras tradicionais, como o idioma e a conformidade regulamentar local.<\/li>\n\n\n\n<li><strong>Banca Sustent\u00e1vel e Respons\u00e1vel:<\/strong> Financial services automation and artificial intelligence consulting can help financial institutions make more environmentally and socially responsible decisions, aligning with global sustainability goals.\u00a0<\/li>\n\n\n\n<li><strong>Criando Ecossistemas Colaborativos:<\/strong> Financial services automation and artificial intelligence consulting enable the creation of collaborative ecosystems between financial institutions, fintech companies, and other stakeholders.\u00a0<\/li>\n<\/ul>\n\n\n\n<h2 class=\"wp-block-heading\">Solu\u00e7\u00f5es SIS: Consultoria em Automa\u00e7\u00e3o de Servi\u00e7os Financeiros e Intelig\u00eancia Artificial<\/h2>\n\n\n\n<figure class=\"gb-block-image gb-block-image-5f3b6288\"><img loading=\"lazy\" decoding=\"async\" width=\"1456\" height=\"816\" class=\"gb-image gb-image-5f3b6288\" src=\"https:\/\/www.sisinternational.com\/wp-content\/uploads\/2025\/10\/Financial-Services-Transaction-4.jpg\" alt=\"Pesquisa e Estrat\u00e9gia de Mercado Internacional da SIS\" title=\"Financial Services Transaction (4)\" srcset=\"https:\/\/www.sisinternational.com\/wp-content\/uploads\/2025\/10\/Financial-Services-Transaction-4.jpg 1456w, https:\/\/www.sisinternational.com\/wp-content\/uploads\/2025\/10\/Financial-Services-Transaction-4-300x168.jpg 300w, https:\/\/www.sisinternational.com\/wp-content\/uploads\/2025\/10\/Financial-Services-Transaction-4-1024x574.jpg 1024w, https:\/\/www.sisinternational.com\/wp-content\/uploads\/2025\/10\/Financial-Services-Transaction-4-768x430.jpg 768w, https:\/\/www.sisinternational.com\/wp-content\/uploads\/2025\/10\/Financial-Services-Transaction-4-18x10.jpg 18w\" sizes=\"auto, (max-width: 1456px) 100vw, 1456px\"><\/figure>\n\n\n\n<p><\/p>\n\n\n\n<p>We provide innovative solutions to revolutionize the financial industry, leveraging the power of automation and artificial intelligence to drive efficiency, enhance decision-making processes, and personalize customer experiences. Our researchers conduct strategic analyses to turn information into actionable insights and help you consider financial <a href=\"https:\/\/www.sisinternational.com\/pt\/pericia\/industrias\/pesquisa-de-mercado-de-robotica\/\" title=\"Pesquisa de mercado de rob\u00f3tica\"  data-wpil-monitor-id=\"5977\">services automation and AI consulting<\/a> with a full market view \u2013 and our focus on strategic analysis and actionable insights goes beyond data and provides tailored solutions for clients.<\/p>\n\n\n\n<ul class=\"wp-block-list\">\n<li><strong>Otimiza\u00e7\u00e3o da gest\u00e3o de riscos:<\/strong> Our AI-driven solutions analyze vast amounts of data to identify potential risks and anomalies, enabling financial institutions to enhance risk management strategies and ensure regulatory compliance.<\/li>\n\n\n\n<li><strong>Melhoria da efici\u00eancia operacional:<\/strong> By implementing automation systems, we streamline repetitive tasks such as data entry, transaction processing, and report generation, leading to increased operational efficiency and reduced costs.<\/li>\n\n\n\n<li><strong>Experi\u00eancia personalizada do cliente:<\/strong> Aproveitando algoritmos de IA, oferecemos consultoria financeira altamente personalizada, estrat\u00e9gias de investimento e intera\u00e7\u00f5es de atendimento ao cliente, aumentando a satisfa\u00e7\u00e3o e a fidelidade do cliente.<\/li>\n\n\n\n<li><strong>Aprimoramento de conformidade e seguran\u00e7a:<\/strong> Nossas ferramentas de IA detectam e previnem proativamente atividades fraudulentas, garantindo a conformidade com os requisitos regulat\u00f3rios e aprimorando as medidas de seguran\u00e7a cibern\u00e9tica.<\/li>\n\n\n\n<li><span style=\"box-sizing: border-box; margin: 0px; padding: 0px;\"><strong>Tomada de decis\u00e3o baseada em dados:<\/strong> Ao analisar grandes volumes de dados com IA, fornecemos insights mais profundos sobre tend\u00eancias de mercado, comportamento do cliente e desempenho operacional, apoiando tomadas de decis\u00f5es mais informadas e estrat\u00e9gicas.<\/span><\/li>\n\n\n\n<li><strong>Solu\u00e7\u00f5es escal\u00e1veis para crescimento:<\/strong> Nossas solu\u00e7\u00f5es escal\u00e1veis de IA e automa\u00e7\u00e3o se adaptam \u00e0s necessidades de neg\u00f3cios em evolu\u00e7\u00e3o e \u00e0s mudan\u00e7as tecnol\u00f3gicas, garantindo flexibilidade e escalabilidade \u00e0 medida que as institui\u00e7\u00f5es financeiras crescem.<\/li>\n\n\n\n<li><strong>Desenvolvimento de solu\u00e7\u00f5es personalizadas:<\/strong> We develop customized AI solutions tailored to each financial institution&#8217;s unique needs and challenges, ensuring practical and relevant implementations that drive tangible results and long-term success.<\/li>\n<\/ul>\n\n\n\n<p>Our relationship with industry specialists, generated over the last three decades, allows <a href=\"https:\/\/www.linkedin.com\/company\/sisinternationalresearch\/\" target=\"_blank\" rel=\"noopener\">SIS<\/a> to go wide and deep into financial services automation and artificial intelligence consulting. The SIS strategy team pulls together the latest in financial <a href=\"https:\/\/www.sisinternational.com\/pt\/sistemas-de-automacao-de-processos-nos-eua\/\" title=\"Consultoria em Estrat\u00e9gia de Automa\u00e7\u00e3o\" data-wpil-monitor-id=\"7455\">services automation<\/a> and AI consulting, working closely with our local offices abroad.<\/p>\n\n\n\n<h2 class=\"wp-block-heading\">Localiza\u00e7\u00e3o de nossas instala\u00e7\u00f5es em Nova York<\/h2>\n\n\n\n<p>  <iframe loading=\"lazy\" src=\"https:\/\/www.google.com\/maps\/embed?pb=!1m18!1m12!1m3!1d3022.976188376966!2d-73.99130312499956!3d40.740549471389315!2m3!1f0!2f0!3f0!3m2!1i1024!2i768!4f13.1!3m3!1m2!1s0x89c259a15798c731%3A0xd695d09bdd495f25!2s11%20E%2022nd%20St%20FL%202%2C%20New%20York%2C%20NY%2010010%2C%20USA!5e0!3m2!1sen!2spe!4v1726171763526!5m2!1sen!2spe\" width=\"600\" height=\"450\" allowfullscreen=\"allowfullscreen\" data-mce-fragment=\"1\"><\/iframe>  <\/p>\n\n\n\n<h3 class=\"wp-block-heading\">11 E 22nd Street, 2\u00ba andar, Nova York, NY 10010 T: +1(212) 505-6805<\/h3>\n\n\n\n<hr class=\"wp-block-separator has-alpha-channel-opacity\"\/>\n\n\n\n<h2 class=\"wp-block-heading\"><strong>Sobre SIS Internacional<\/strong><\/h2>\n\n\n\n<p><a href=\"https:\/\/www.sisinternational.com\/pt\/\"><span style=\"font-weight: 400;\">SIS Internacional<\/span><\/a><span style=\"font-weight: 400;\"> oferece pesquisa quantitativa, qualitativa e estrat\u00e9gica. Fornecemos dados, ferramentas, estrat\u00e9gias, relat\u00f3rios e insights para a tomada de decis\u00f5es. Tamb\u00e9m realizamos entrevistas, pesquisas, grupos focais e outros m\u00e9todos e abordagens de Pesquisa de Mercado.<\/span><a href=\"https:\/\/www.sisinternational.com\/pt\/sobre-a-sis-international-research\/contact-sis-international-market-research\/\"><span style=\"font-weight: 400;\"> Entre em contato conosco<\/span><\/a><span style=\"font-weight: 400;\"> para o seu pr\u00f3ximo projeto de pesquisa de mercado.<\/span><\/p>\n\n\n\n<p><span style=\"font-weight: 400;\">&nbsp;<\/span><\/p>","protected":false},"excerpt":{"rendered":"<p>A automa\u00e7\u00e3o de servi\u00e7os financeiros e a consultoria de intelig\u00eancia artificial otimizam as opera\u00e7\u00f5es, melhoram a tomada de decis\u00f5es e personalizam as experi\u00eancias dos clientes.<\/p>","protected":false},"author":1,"featured_media":71760,"parent":27462,"menu_order":48,"comment_status":"closed","ping_status":"closed","template":"","meta":{"footnotes":""},"class_list":["post-45095","page","type-page","status-publish","has-post-thumbnail"],"_links":{"self":[{"href":"https:\/\/www.sisinternational.com\/pt\/wp-json\/wp\/v2\/pages\/45095","targetHints":{"allow":["GET"]}}],"collection":[{"href":"https:\/\/www.sisinternational.com\/pt\/wp-json\/wp\/v2\/pages"}],"about":[{"href":"https:\/\/www.sisinternational.com\/pt\/wp-json\/wp\/v2\/types\/page"}],"author":[{"embeddable":true,"href":"https:\/\/www.sisinternational.com\/pt\/wp-json\/wp\/v2\/users\/1"}],"replies":[{"embeddable":true,"href":"https:\/\/www.sisinternational.com\/pt\/wp-json\/wp\/v2\/comments?post=45095"}],"version-history":[{"count":15,"href":"https:\/\/www.sisinternational.com\/pt\/wp-json\/wp\/v2\/pages\/45095\/revisions"}],"predecessor-version":[{"id":81120,"href":"https:\/\/www.sisinternational.com\/pt\/wp-json\/wp\/v2\/pages\/45095\/revisions\/81120"}],"up":[{"embeddable":true,"href":"https:\/\/www.sisinternational.com\/pt\/wp-json\/wp\/v2\/pages\/27462"}],"wp:featuredmedia":[{"embeddable":true,"href":"https:\/\/www.sisinternational.com\/pt\/wp-json\/wp\/v2\/media\/71760"}],"wp:attachment":[{"href":"https:\/\/www.sisinternational.com\/pt\/wp-json\/wp\/v2\/media?parent=45095"}],"curies":[{"name":"wp","href":"https:\/\/api.w.org\/{rel}","templated":true}]}}