{"id":45076,"date":"2024-01-13T14:33:32","date_gmt":"2024-01-13T19:33:32","guid":{"rendered":"https:\/\/www.sisinternational.com\/?page_id=45076"},"modified":"2026-02-18T12:24:39","modified_gmt":"2026-02-18T17:24:39","slug":"empresa-de-consultoria-em-estrategia-de-crescimento","status":"publish","type":"page","link":"https:\/\/www.sisinternational.com\/pt\/solucoes\/pesquisa-de-mercado-de-ia-e-consultoria-estrategica\/empresa-de-consultoria-em-estrategia-de-crescimento\/","title":{"rendered":"Empresa de consultoria em estrat\u00e9gia de crescimento"},"content":{"rendered":"<h1 class=\"wp-block-heading\">Empresa de consultoria em estrat\u00e9gia de crescimento<\/h1>\n\n\n\n<figure class=\"gb-block-image gb-block-image-3f1cc0ec\"><img loading=\"lazy\" decoding=\"async\" width=\"1456\" height=\"816\" class=\"gb-image gb-image-3f1cc0ec\" src=\"https:\/\/www.sisinternational.com\/wp-content\/uploads\/2025\/10\/AI-Sentiment-2.jpg\" alt=\"Pesquisa e Estrat\u00e9gia de Mercado Internacional da SIS\" title=\"AI Sentiment (2)\" srcset=\"https:\/\/www.sisinternational.com\/wp-content\/uploads\/2025\/10\/AI-Sentiment-2.jpg 1456w, https:\/\/www.sisinternational.com\/wp-content\/uploads\/2025\/10\/AI-Sentiment-2-300x168.jpg 300w, https:\/\/www.sisinternational.com\/wp-content\/uploads\/2025\/10\/AI-Sentiment-2-1024x574.jpg 1024w, https:\/\/www.sisinternational.com\/wp-content\/uploads\/2025\/10\/AI-Sentiment-2-768x430.jpg 768w, https:\/\/www.sisinternational.com\/wp-content\/uploads\/2025\/10\/AI-Sentiment-2-18x10.jpg 18w\" sizes=\"auto, (max-width: 1456px) 100vw, 1456px\"><\/figure>\n\n\n\n<p><\/p>\n\n\n\n<p>Num mundo onde a mudan\u00e7a \u00e9 a \u00fanica constante, as empresas procuram cada vez mais caminhos para prosperar. \u00c9 por isso que as consultorias em estrat\u00e9gia de crescimento surgiram como aliadas cruciais nessa busca, oferecendo insights e orienta\u00e7\u00f5es que podem transformar a trajet\u00f3ria de uma empresa. O que exatamente isso significa? Como uma parceria com uma empresa assim pode gerar sucesso?<\/p>\n\n\n\n<h2 class=\"wp-block-heading\">O que \u00e9 uma empresa de consultoria em estrat\u00e9gia de crescimento?<\/h2>\n\n\n\n<p>A growth <a title=\"Client Retention Strategies in Law Firms&nbsp;&nbsp;\" href=\"https:\/\/www.sisinternational.com\/pt\/solucoes\/legal-market-research\/client-retention-strategies-in-law-firms\/\" data-wpil-monitor-id=\"923\">strategy consulting firm<\/a> specializes in assisting businesses in identifying, developing, and implementing strategies to drive growth. Unlike generalist consulting firms, these entities focus on the specific challenges and opportunities associated with expanding a business&#8217;s market share, revenue, and overall presence in its industry.<\/p>\n\n\n\n<p>Essas empresas analisam a posi\u00e7\u00e3o atual de uma empresa, seu mercado, concorrentes e \u00e1reas potenciais de expans\u00e3o. Eles tamb\u00e9m trazem uma nova perspectiva externa para um neg\u00f3cio, o que muitas vezes \u00e9 crucial na identifica\u00e7\u00e3o de oportunidades ou desafios que podem n\u00e3o ser aparentes do ponto de vista interno.<\/p>\n\n\n\n<h2 class=\"wp-block-heading\">Por que as empresas precisam da ajuda de uma empresa de consultoria em estrat\u00e9gia de crescimento<\/h2>\n\n\n\n<p>These firms empower businesses to keep pace with market changes, carving out new opportunities for expansion and success. Today, markets are interconnected and influenced by global trends, technological advancements, and shifting consumer preferences. For this reason, a growth <a title=\"Melhor empresa de avalia\u00e7\u00e3o de estrat\u00e9gia corporativa\" href=\"https:\/\/www.sisinternational.com\/pt\/empresa-lider-em-avaliacao-de-estrategia-corporativa\/\" data-wpil-monitor-id=\"1501\">strategy consulting firm<\/a> provides the necessary expertise to decipher these complexities, offering insights that help businesses make informed decisions.<\/p>\n\n\n\n<p><a title=\"Consultoria de crescimento\" href=\"https:\/\/www.sisinternational.com\/pt\/solucoes\/sis-crescimento-global\/consultoria-de-crescimento\/\" data-wpil-monitor-id=\"6399\">Growth strategy consultants<\/a> are particularly helpful at uncovering new avenues for expansion &#8211; whether it&#8217;s exploring new market segments, geographic regions, or product lines. Their external perspective and analytical tools enable them to spot opportunities that a business might overlook.<\/p>\n\n\n\n<p>Al\u00e9m disso, estas empresas ajudam as empresas a compreender e mitigar os riscos associados \u00e0s estrat\u00e9gias de crescimento, garantindo uma abordagem equilibrada na procura de novas oportunidades. No entanto, contratar uma empresa de consultoria traz uma infinidade de benef\u00edcios para uma empresa, incluindo:<\/p>\n\n\n\n<ul class=\"wp-block-list\">\n<li><strong>Perspectiva objetiva e imparcial:<\/strong> Uma empresa de consultoria traz uma perspectiva nova e imparcial, que \u00e9 crucial para identificar potenciais inexplorados e desafiar as suposi\u00e7\u00f5es existentes.<\/li>\n\n\n\n<li><strong>Otimiza\u00e7\u00e3o de Recursos:<\/strong> Uma empresa de consultoria em estrat\u00e9gia de crescimento ajuda a garantir que os recursos de uma empresa sejam alocados de forma eficiente. Fornecem clareza sobre onde e como investir recursos para obter o m\u00e1ximo impacto no crescimento.<\/li>\n\n\n\n<li><strong>Construindo valor a longo prazo:<\/strong> O benef\u00edcio final de uma empresa de consultoria em estrat\u00e9gia de crescimento \u00e9 ajudar as empresas a construir valor a longo prazo. Atrav\u00e9s do crescimento estrat\u00e9gico, as empresas podem alcan\u00e7ar aumentos sustent\u00e1veis nas receitas e na rentabilidade, melhorando a sua posi\u00e7\u00e3o no mercado e o valor para os acionistas ao longo do tempo.<\/li>\n<\/ul>\n\n\n\n<h2 class=\"wp-block-heading\">Qual a diferen\u00e7a entre uma empresa de consultoria em estrat\u00e9gia de crescimento e uma empresa tradicional de pesquisa de mercado?<\/h2>\n\n\n\n<p>Uma empresa de consultoria em estrat\u00e9gia de crescimento concentra-se no desenvolvimento de estrat\u00e9gias vi\u00e1veis que contribuam diretamente para o crescimento e expans\u00e3o de um neg\u00f3cio. Estas estrat\u00e9gias podem envolver a entrada em novos mercados, o lan\u00e7amento de novos produtos, a otimiza\u00e7\u00e3o de opera\u00e7\u00f5es ou a reestrutura\u00e7\u00e3o da organiza\u00e7\u00e3o. Por outro lado, uma empresa tradicional de pesquisa de mercado enfatiza a coleta e an\u00e1lise de dados relacionados \u00e0s condi\u00e7\u00f5es de mercado, comportamentos dos consumidores e atividades dos concorrentes.<\/p>\n\n\n\n<p>Crescimento <a title=\"Consultoria estrat\u00e9gica de planejamento de cen\u00e1rios\" href=\"https:\/\/www.sisinternational.com\/pt\/solucoes\/consultoria-estrategica\/planejamento-de-cenario\/\" data-wpil-monitor-id=\"6780\">strategy consulting firms deliver strategic plans<\/a>, roadmaps for growth, and actionable recommendations. They might also include implementation support and performance monitoring frameworks. Traditional market research firms provide reports, statistical analyses, and insights about the market or customer base. These findings help businesses understand their environment but do not directly prescribe strategies for growth.<\/p>\n\n\n\n<h2 class=\"wp-block-heading\">Quais tecnologias e ferramentas uma empresa de consultoria em estrat\u00e9gia de crescimento usa?<\/h2>\n\n\n\n<p>As empresas de consultoria em estrat\u00e9gia de crescimento utilizam uma variedade de tecnologias e ferramentas para analisar dados, gerenciar projetos, comunicar-se com clientes e agilizar opera\u00e7\u00f5es. Aqui est\u00e3o algumas ferramentas espec\u00edficas frequentemente usadas nesta ind\u00fastria:<\/p>\n\n\n\n<ul class=\"wp-block-list\">\n<li><strong>Qualtrics:<\/strong> Uma ferramenta para gerenciamento de experi\u00eancia, incluindo pesquisas com clientes e funcion\u00e1rios.<\/li>\n\n\n\n<li><strong>Microsoft PowerBI:<\/strong> Um conjunto de ferramentas anal\u00edticas para analisar dados e compartilhar insights.<\/li>\n\n\n\n<li><strong>QuickBooks:<\/strong> Amplamente utilizado para contabilidade, faturamento e relat\u00f3rios financeiros.<\/li>\n\n\n\n<li><strong>Microsoft Azure:<\/strong> Servi\u00e7o de computa\u00e7\u00e3o em nuvem para constru\u00e7\u00e3o, teste, implanta\u00e7\u00e3o e gerenciamento de aplicativos.<\/li>\n<\/ul>\n\n\n\n<h2 class=\"wp-block-heading\">O que as empresas podem esperar de uma empresa de consultoria em estrat\u00e9gia de crescimento?<\/h2>\n\n\n\n<p>Ao fazer parceria com uma empresa de consultoria, as empresas podem antecipar uma s\u00e9rie de benef\u00edcios impactantes que levam ao crescimento do mercado, tais como:<\/p>\n\n\n\n<ul class=\"wp-block-list\">\n<li><strong>An\u00e1lise de Mercado e Identifica\u00e7\u00e3o de Oportunidades:<\/strong> A empresa realiza uma an\u00e1lise aprofundada do mercado, incluindo o estudo das tend\u00eancias do setor, estrat\u00e9gias dos concorrentes e prefer\u00eancias dos clientes. Com base nesta an\u00e1lise, identificam potenciais oportunidades de crescimento, tais como novos mercados, segmentos de clientes ou inova\u00e7\u00f5es de produtos.<\/li>\n\n\n\n<li><strong>Recomenda\u00e7\u00f5es e solu\u00e7\u00f5es acion\u00e1veis:<\/strong> A empresa de consultoria fornece recomenda\u00e7\u00f5es pr\u00e1ticas adaptadas ao contexto \u00fanico do neg\u00f3cio. Estas podem incluir estrat\u00e9gias para entrada no mercado, desenvolvimento de produtos, transforma\u00e7\u00e3o digital ou melhorias operacionais.<\/li>\n\n\n\n<li><strong>Apoio e orienta\u00e7\u00e3o \u00e0 implementa\u00e7\u00e3o:<\/strong> Um aspecto significativo do papel de uma empresa de consultoria em estrat\u00e9gia de crescimento \u00e9 apoiar a implementa\u00e7\u00e3o das estrat\u00e9gias recomendadas. Isto pode envolver aconselhamento sobre mudan\u00e7as operacionais, ajuda na cria\u00e7\u00e3o de novas unidades de neg\u00f3cios ou orienta\u00e7\u00e3o nos esfor\u00e7os de transforma\u00e7\u00e3o digital.<\/li>\n\n\n\n<li><strong>Medi\u00e7\u00e3o de Desempenho e Melhoria Cont\u00ednua:<\/strong> Uma empresa de consultoria em estrat\u00e9gia de crescimento tamb\u00e9m estabelece m\u00e9tricas e indicadores-chave de desempenho (KPIs) para medir o sucesso das estrat\u00e9gias de crescimento. Eles auxiliam no monitoramento cont\u00ednuo do desempenho e na realiza\u00e7\u00e3o dos ajustes necess\u00e1rios para garantir a melhoria cont\u00ednua e o alinhamento com os objetivos.<\/li>\n\n\n\n<li><strong>Capacita\u00e7\u00e3o e Transfer\u00eancia de Conhecimento:<\/strong> Essas empresas se concentram na constru\u00e7\u00e3o das capacidades internas do neg\u00f3cio. Freq\u00fcentemente, eles oferecem treinamento e workshops para aprimorar as habilidades do pessoal da empresa, garantindo que o neg\u00f3cio possa sustentar e desenvolver as estrat\u00e9gias de crescimento de forma independente.<\/li>\n<\/ul>\n\n\n\n<h2 class=\"wp-block-heading\">Empresa de consultoria em estrat\u00e9gia de crescimento e oportunidades para empresas<\/h2>\n\n\n\n<p>Uma parceria com uma empresa de consultoria abre uma infinidade de oportunidades para neg\u00f3cios. Estas oportunidades trazem crescimento imediato e ajudam a posicionar o neg\u00f3cio para o sucesso e a adaptabilidade a longo prazo num cen\u00e1rio de mercado em constante mudan\u00e7a.<\/p>\n\n\n\n<ul class=\"wp-block-list\">\n<li><strong>Diversifica\u00e7\u00e3o de Produtos e Servi\u00e7os:<\/strong> Os consultores de estrat\u00e9gia de crescimento ajudam as empresas a explorar e concretizar oportunidades para diversificar as suas ofertas. Esta diversifica\u00e7\u00e3o poderia envolver o desenvolvimento de novos produtos, a adi\u00e7\u00e3o de servi\u00e7os ou a entrada em novos segmentos de mercado, reduzindo assim o risco e aumentando os fluxos de receitas.<\/li>\n\n\n\n<li><strong>Expans\u00e3o para novos mercados:<\/strong> Com a experi\u00eancia de uma empresa de consultoria em estrat\u00e9gia de crescimento, as empresas podem identificar e entrar estrategicamente em novos mercados geogr\u00e1ficos ou demogr\u00e1ficos.<\/li>\n\n\n\n<li><strong>Construindo um modelo de neg\u00f3cios sustent\u00e1vel:<\/strong> Os consultores ajudam as empresas a desenvolver estrat\u00e9gias de crescimento sustent\u00e1veis e de longo prazo. Isto inclui aconselhamento sobre pr\u00e1ticas ecol\u00f3gicas, utiliza\u00e7\u00e3o sustent\u00e1vel de recursos e iniciativas de responsabilidade social corporativa, alinhando o neg\u00f3cio com os valores e expectativas globais contempor\u00e2neos.<\/li>\n\n\n\n<li><strong>Adotando a transforma\u00e7\u00e3o digital:<\/strong> In an increasingly digital world, growth strategy <a title=\"Consultoria em Estrat\u00e9gia de Disrup\u00e7\u00e3o Digital\" data-wpil-monitor-id=\"2577\" href=\"https:\/\/www.sisinternational.com\/pt\/consultoria-em-estrategia-de-disrupcao-digital\/\">consulting firms<\/a> guide businesses in embracing digital transformation. This could include digital marketing strategies, adopting new technologies like AI and IoT, or digitizing operations for improved efficiency.<\/li>\n\n\n\n<li><strong>Promover a inova\u00e7\u00e3o e a criatividade:<\/strong> Estas empresas incentivam uma cultura de inova\u00e7\u00e3o e criatividade, crucial para o crescimento e adapta\u00e7\u00e3o cont\u00ednuos. Eles trazem novas perspectivas e desafiam o pensamento convencional, estimulando novas ideias e abordagens dentro do neg\u00f3cio.<\/li>\n<\/ul>\n\n\n\n<h2 class=\"wp-block-heading\">SIS Solutions: empresa de consultoria em estrat\u00e9gia de crescimento<\/h2>\n\n\n\n<p>At SIS, we specialize in providing comprehensive growth <a title=\"Estrat\u00e9gias de Sustentabilidade Corporativa: Um Estudo de Caso da Siemens\" href=\"https:\/\/www.sisinternational.com\/pt\/estrategias-de-sustentabilidade-corporativa-um-estudo-de-caso-da-siemens-2\/\" data-wpil-monitor-id=\"7496\">consultoria estrat\u00e9gica<\/a> services to help businesses navigate the complexities of today&#8217;s ever-changing market landscape and drive sustainable growth. Our tailored solutions combine strategic insights, market analysis, and actionable recommendations to position your business for success. Here&#8217;s how we can help:<\/p>\n\n\n\n<ul class=\"wp-block-list\">\n<li><strong>An\u00e1lise Estrat\u00e9gica e Identifica\u00e7\u00e3o de Oportunidades:<\/strong> Nossos consultores conduzem an\u00e1lises de mercado aprofundadas para identificar tend\u00eancias emergentes, estrat\u00e9gias de concorrentes e prefer\u00eancias dos clientes. Ajudamos a descobrir novas oportunidades de crescimento, seja na expans\u00e3o para novos mercados, na diversifica\u00e7\u00e3o das ofertas de produtos ou na otimiza\u00e7\u00e3o das opera\u00e7\u00f5es existentes.<\/li>\n\n\n\n<li><strong>Recomenda\u00e7\u00f5es e solu\u00e7\u00f5es acion\u00e1veis:<\/strong> Fornecemos recomenda\u00e7\u00f5es pr\u00e1ticas adaptadas ao contexto e aos objetivos exclusivos do seu neg\u00f3cio. Estas recomenda\u00e7\u00f5es podem incluir estrat\u00e9gias para entrada no mercado, desenvolvimento de produtos, transforma\u00e7\u00e3o digital ou melhorias operacionais, todas destinadas a impulsionar o crescimento sustent\u00e1vel e a vantagem competitiva.<\/li>\n\n\n\n<li><strong>Apoio e orienta\u00e7\u00e3o \u00e0 implementa\u00e7\u00e3o:<\/strong> Oferecemos suporte pr\u00e1tico durante todo o processo de implementa\u00e7\u00e3o, ajudando voc\u00ea a traduzir recomenda\u00e7\u00f5es estrat\u00e9gicas em a\u00e7\u00f5es tang\u00edveis. Seja na cria\u00e7\u00e3o de novas unidades de neg\u00f3cios, na reformula\u00e7\u00e3o de processos ou na ado\u00e7\u00e3o de novas tecnologias, fornecemos orienta\u00e7\u00e3o em cada etapa do processo para garantir uma execu\u00e7\u00e3o bem-sucedida.<\/li>\n\n\n\n<li><strong>Medi\u00e7\u00e3o de Desempenho e Melhoria Cont\u00ednua:<\/strong> Estabelecemos m\u00e9tricas e indicadores-chave de desempenho (KPIs) para medir o sucesso de suas estrat\u00e9gias de crescimento. Nossa equipe monitora continuamente o desempenho e fornece suporte cont\u00ednuo para fazer os ajustes necess\u00e1rios e impulsionar a melhoria cont\u00ednua.<\/li>\n\n\n\n<li><strong>Capacita\u00e7\u00e3o e Transfer\u00eancia de Conhecimento:<\/strong> N\u00f3s nos concentramos em desenvolver as capacidades internas da sua organiza\u00e7\u00e3o, oferecendo treinamentos e workshops para capacitar sua equipe e garantir a sustentabilidade das iniciativas de crescimento. Capacitamos sua equipe para assumir a responsabilidade pelas estrat\u00e9gias de crescimento e impulsionar o sucesso a longo prazo.<\/li>\n\n\n\n<li><strong>Oportunidades de Diversifica\u00e7\u00e3o e Expans\u00e3o:<\/strong> Ajudamos as empresas a explorar oportunidades para diversificar produtos e servi\u00e7os, expandir-se para novos mercados e construir modelos de neg\u00f3cios sustent\u00e1veis. Nosso objetivo \u00e9 ajud\u00e1-lo a desbloquear novos fluxos de receita e reduzir riscos, ao mesmo tempo que posiciona seu neg\u00f3cio para o sucesso a longo prazo.<\/li>\n<\/ul>\n\n\n\n<p>Fa\u00e7a parceria com a SIS para desbloquear novas oportunidades de crescimento e posicionar sua empresa para o sucesso de longo prazo no ambiente de mercado din\u00e2mico atual. Com a nossa orienta\u00e7\u00e3o estrat\u00e9gica e solu\u00e7\u00f5es pr\u00e1ticas, voc\u00ea pode navegar pela incerteza com confian\u00e7a e impulsionar um crescimento sustent\u00e1vel que agrega valor duradouro.<\/p>","protected":false},"excerpt":{"rendered":"<p>Uma empresa de consultoria em estrat\u00e9gia de crescimento ajuda as ind\u00fastrias a identificar, desenvolver e implementar estrat\u00e9gias para expandir sua participa\u00e7\u00e3o no mercado, receita e presen\u00e7a.<\/p>","protected":false},"author":1,"featured_media":71614,"parent":44406,"menu_order":35,"comment_status":"closed","ping_status":"closed","template":"","meta":{"footnotes":""},"class_list":["post-45076","page","type-page","status-publish","has-post-thumbnail"],"_links":{"self":[{"href":"https:\/\/www.sisinternational.com\/pt\/wp-json\/wp\/v2\/pages\/45076","targetHints":{"allow":["GET"]}}],"collection":[{"href":"https:\/\/www.sisinternational.com\/pt\/wp-json\/wp\/v2\/pages"}],"about":[{"href":"https:\/\/www.sisinternational.com\/pt\/wp-json\/wp\/v2\/types\/page"}],"author":[{"embeddable":true,"href":"https:\/\/www.sisinternational.com\/pt\/wp-json\/wp\/v2\/users\/1"}],"replies":[{"embeddable":true,"href":"https:\/\/www.sisinternational.com\/pt\/wp-json\/wp\/v2\/comments?post=45076"}],"version-history":[{"count":11,"href":"https:\/\/www.sisinternational.com\/pt\/wp-json\/wp\/v2\/pages\/45076\/revisions"}],"predecessor-version":[{"id":82982,"href":"https:\/\/www.sisinternational.com\/pt\/wp-json\/wp\/v2\/pages\/45076\/revisions\/82982"}],"up":[{"embeddable":true,"href":"https:\/\/www.sisinternational.com\/pt\/wp-json\/wp\/v2\/pages\/44406"}],"wp:featuredmedia":[{"embeddable":true,"href":"https:\/\/www.sisinternational.com\/pt\/wp-json\/wp\/v2\/media\/71614"}],"wp:attachment":[{"href":"https:\/\/www.sisinternational.com\/pt\/wp-json\/wp\/v2\/media?parent=45076"}],"curies":[{"name":"wp","href":"https:\/\/api.w.org\/{rel}","templated":true}]}}