{"id":44820,"date":"2024-01-07T21:20:45","date_gmt":"2024-01-08T02:20:45","guid":{"rendered":"https:\/\/www.sisinternational.com\/?page_id=44820"},"modified":"2026-01-27T16:53:36","modified_gmt":"2026-01-27T21:53:36","slug":"consultoria-de-mapeamento-de-oportunidades-de-produtos-de-mercado","status":"publish","type":"page","link":"https:\/\/www.sisinternational.com\/pt\/solucoes\/consultoria-estrategica\/consultoria-de-mapeamento-de-oportunidades-de-produtos-de-mercado\/","title":{"rendered":"Consultoria em mapeamento de oportunidades de mercado e produto"},"content":{"rendered":"<h1 class=\"wp-block-heading\">Consultoria em mapeamento de oportunidades de mercado e produto<\/h1>\n\n\n\n<figure class=\"gb-block-image gb-block-image-239b85f7\"><img loading=\"lazy\" decoding=\"async\" width=\"1456\" height=\"816\" class=\"gb-image gb-image-239b85f7\" src=\"https:\/\/www.sisinternational.com\/wp-content\/uploads\/2025\/10\/Market-and-Product-Opportunity-4.jpg\" alt=\"Pesquisa e Estrat\u00e9gia de Mercado Internacional da SIS\" title=\"Market and Product Opportunity (4)\" srcset=\"https:\/\/www.sisinternational.com\/wp-content\/uploads\/2025\/10\/Market-and-Product-Opportunity-4.jpg 1456w, https:\/\/www.sisinternational.com\/wp-content\/uploads\/2025\/10\/Market-and-Product-Opportunity-4-300x168.jpg 300w, https:\/\/www.sisinternational.com\/wp-content\/uploads\/2025\/10\/Market-and-Product-Opportunity-4-1024x574.jpg 1024w, https:\/\/www.sisinternational.com\/wp-content\/uploads\/2025\/10\/Market-and-Product-Opportunity-4-768x430.jpg 768w, https:\/\/www.sisinternational.com\/wp-content\/uploads\/2025\/10\/Market-and-Product-Opportunity-4-18x10.jpg 18w\" sizes=\"auto, (max-width: 1456px) 100vw, 1456px\"><\/figure>\n\n\n\n<p><\/p>\n\n\n\n<p>No atual cen\u00e1rio de neg\u00f3cios em r\u00e1pida evolu\u00e7\u00e3o, identificar e capitalizar oportunidades de mercado e de produtos n\u00e3o \u00e9 apenas uma vantagem \u2013 \u00e9 uma necessidade... E a consultoria de mapeamento de oportunidades de mercado e de produto \u00e9 uma estrat\u00e9gia cr\u00edtica para empresas que pretendem permanecer \u00e0 frente da curva.<\/p>\n\n\n\n<h2 class=\"wp-block-heading\">O que \u00e9 consultoria de mapeamento de oportunidades de mercado e produtos?<\/h2>\n\n\n\n<p>A consultoria de mapeamento de oportunidades de mercado e produtos ajuda as empresas a identificar, analisar e capitalizar novas oportunidades de mercado e produtos. Analisa tend\u00eancias de mercado, prefer\u00eancias dos clientes, cen\u00e1rios competitivos e \u00e1reas potenciais para inova\u00e7\u00e3o de produtos.<\/p>\n\n\n\n<p>Basically, <a href=\"https:\/\/www.sisinternational.com\/pt\/pericia\/industrias\/pesquisa-de-mercado-com-mapa-de-calor\/\" title=\"Pesquisa de mercado com mapa de calor\"  data-wpil-monitor-id=\"7666\">market and product opportunity mapping<\/a> consulting is about uncovering hidden potential. Consultants use a variety of tools and methodologies, including data analysis, market segmentation, and predictive modeling, to provide a detailed map of where a business could grow and work closely with businesses to understand their unique strengths and challenges, tailoring their advice to help each client make the most of the opportunities identified.<\/p>\n\n\n\n<h2 class=\"wp-block-heading\">Por que as empresas precisam de consultoria em mapeamento de oportunidades de mercado e produtos<\/h2>\n\n\n\n<p>Market and product opportunity mapping consulting helps businesses anticipate and adapt to market trends before they become tangible, offering a significant competitive advantage. This <a href=\"https:\/\/www.sisinternational.com\/pt\/solucoes\/consultoria-estrategica\/\" title=\"Consultoria estrat\u00e9gica\"  data-wpil-monitor-id=\"9532\">consulting tailors strategies<\/a> to fit these specific needs, ensuring that the opportunities identified are both relevant and achievable.<\/p>\n\n\n\n<p>Al\u00e9m disso, esta abordagem garante que os investimentos em desenvolvimento de produtos, marketing e outras \u00e1reas sejam feitos nos segmentos mais promissores e rent\u00e1veis. Portanto, a consultoria de mapeamento de oportunidades de mercado e produto fornece os insights necess\u00e1rios para ficar um passo \u00e0 frente dos concorrentes.<\/p>\n\n\n\n<h2 class=\"wp-block-heading\">Como conduzir consultoria de mapeamento de oportunidades de mercado e produtos<\/h2>\n\n\n\n<p>A realiza\u00e7\u00e3o de consultoria de mapeamento de oportunidades de mercado e produtos envolve uma s\u00e9rie de etapas sistem\u00e1ticas projetadas para descobrir e explorar novas oportunidades de mercado e produtos. Aqui est\u00e1 uma vis\u00e3o geral de como esse processo normalmente se desenrola:<\/p>\n\n\n\n<ul class=\"wp-block-list\">\n<li><strong>Coletando e analisando dados:<\/strong> A base de qualquer exerc\u00edcio de mapeamento de oportunidades de mercado e produto s\u00e3o os dados. Isso inclui dados de mercado, dados demogr\u00e1ficos de clientes, an\u00e1lise de concorrentes e tend\u00eancias atuais do setor.<\/li>\n\n\n\n<li><strong>Segmenta\u00e7\u00e3o de mercado:<\/strong> Isto envolve dividir o mercado com base em v\u00e1rios crit\u00e9rios, como dados demogr\u00e1ficos, psicogr\u00e1ficos e comportamento de compra, para identificar grupos espec\u00edficos que apresentam oportunidades \u00fanicas.<\/li>\n\n\n\n<li><a href=\"https:\/\/www.sisinternational.com\/pt\/empresa-lider-em-monitoramento-de-tendencias-de-mercado-b2b\/\" title=\"Empresa de monitoramento de tend\u00eancias de mercado B2B\"  data-wpil-monitor-id=\"9530\">Trend Analysis: This step involves analyzing market<\/a> trends, technological advancements, and socioeconomic factors that could impact the business landscape.<\/li>\n\n\n\n<li><strong>Identifica\u00e7\u00e3o de oportunidade:<\/strong> Com dados e tend\u00eancias em m\u00e3os, o pr\u00f3ximo passo \u00e9 identificar oportunidades potenciais de mercado e produtos. Isto poderia envolver encontrar lacunas no mercado, necessidades de clientes mal atendidas ou \u00e1reas onde os concorrentes n\u00e3o est\u00e3o ativos.<\/li>\n\n\n\n<li><strong>Avalia\u00e7\u00e3o de viabilidade:<\/strong> Uma avalia\u00e7\u00e3o de viabilidade \u00e9 realizada para avaliar a praticidade e a rentabilidade potencial de cada oportunidade identificada, considerando fatores como tamanho do mercado, crescimento potencial e requisitos de recursos.<\/li>\n\n\n\n<li><strong>Desenvolvimento de estrat\u00e9gia:<\/strong> Com base na avalia\u00e7\u00e3o de viabilidade, \u00e9 formulada uma estrat\u00e9gia personalizada para cada oportunidade vi\u00e1vel. Esta estrat\u00e9gia inclui planos de a\u00e7\u00e3o sobre desenvolvimento de produtos, abordagens de marketing, aloca\u00e7\u00e3o de recursos e cronogramas.<\/li>\n\n\n\n<li><strong>Planejamento de implementa\u00e7\u00e3o:<\/strong> A etapa final \u00e9 converter a estrat\u00e9gia em um plano de a\u00e7\u00e3o. Isso envolve definir objetivos claros, definir indicadores-chave de desempenho (KPIs) e estabelecer um roteiro para execu\u00e7\u00e3o.<\/li>\n\n\n\n<li><strong>Monitoramento e Adapta\u00e7\u00e3o Cont\u00ednuos:<\/strong> O <a href=\"https:\/\/www.sisinternational.com\/pt\/global-beverage-market\/\" title=\"Global Beverage Market: Market Dynamics, Growth Projections &amp; Consumer Insights\"  data-wpil-monitor-id=\"9531\">market is dynamic<\/a>, and strategies may need adjustment. Continuous monitoring of market responses, competitor moves, and internal performance against set KPIs is essential for adapting and refining strategies.<\/li>\n<\/ul>\n\n\n\n<h2 class=\"wp-block-heading\">Como a consultoria de mapeamento de oportunidades de mercado e produto difere da pesquisa de mercado tradicional?<\/h2>\n\n\n\n<figure class=\"gb-block-image gb-block-image-6859a6cb\"><img loading=\"lazy\" decoding=\"async\" width=\"1456\" height=\"816\" class=\"gb-image gb-image-6859a6cb\" src=\"https:\/\/www.sisinternational.com\/wp-content\/uploads\/2025\/10\/Market-and-Product-Opportunity-1.jpg\" alt=\"Pesquisa e Estrat\u00e9gia de Mercado Internacional da SIS\" title=\"Market and Product Opportunity (1)\" srcset=\"https:\/\/www.sisinternational.com\/wp-content\/uploads\/2025\/10\/Market-and-Product-Opportunity-1.jpg 1456w, https:\/\/www.sisinternational.com\/wp-content\/uploads\/2025\/10\/Market-and-Product-Opportunity-1-300x168.jpg 300w, https:\/\/www.sisinternational.com\/wp-content\/uploads\/2025\/10\/Market-and-Product-Opportunity-1-1024x574.jpg 1024w, https:\/\/www.sisinternational.com\/wp-content\/uploads\/2025\/10\/Market-and-Product-Opportunity-1-768x430.jpg 768w, https:\/\/www.sisinternational.com\/wp-content\/uploads\/2025\/10\/Market-and-Product-Opportunity-1-18x10.jpg 18w\" sizes=\"auto, (max-width: 1456px) 100vw, 1456px\"><\/figure>\n\n\n\n<p><\/p>\n\n\n\n<p>Traditional <a href=\"https:\/\/www.sisinternational.com\/pt\/solucoes\/pesquisa-de-mercado-em-grupo-focal\/\" title=\"Pesquisa de mercado com grupo focal\"  data-wpil-monitor-id=\"9527\">market research primarily focuses<\/a> on understanding the current market landscape, customer behaviors, and preferences. It is often retrospective, analyzing existing data to gain insights. In contrast, market and product opportunity mapping consulting is more forward-looking. It not only analyzes current data but also anticipates <a href=\"https:\/\/www.sisinternational.com\/pt\/future-trends-in-qualitative-market-research\/\" title=\"Future Trends in Qualitative Market Research\"  data-wpil-monitor-id=\"9526\">future market trends<\/a> and uncovers untapped opportunities, offering a roadmap for future growth.<\/p>\n\n\n\n<p>Embora a pesquisa de mercado tradicional possa fornecer uma compreens\u00e3o ampla do mercado, o mapeamento de oportunidades \u00e9 mais profundo. Envolve uma an\u00e1lise mais detalhada dos segmentos de mercado, \u00e1reas potenciais de crescimento e cen\u00e1rios competitivos. Essa profundidade permite uma compreens\u00e3o mais sutil de onde uma empresa pode encontrar novas oportunidades de crescimento e diferencia\u00e7\u00e3o.<\/p>\n\n\n\n<p>Furthermore, opportunity mapping consulting places a strong emphasis on innovation and future trends. It seeks to identify emerging trends and areas where a business can innovate, either in its product offerings or market approach. Traditional <a href=\"https:\/\/www.sisinternational.com\/pt\/cobertura\/europa\/pesquisa-de-mercado-em-liverpool-reino-unido\/\" title=\"Pesquisa de Mercado em Liverpool | Grupos focais e coleta de dados no Reino Unido\"  data-wpil-monitor-id=\"9528\">market research may not necessarily focus<\/a> on these forward-thinking aspects.<\/p>\n\n\n\n<h2 class=\"wp-block-heading\">Principais fatores de sucesso em consultoria de mapeamento de oportunidades de mercado e produtos<\/h2>\n\n\n\n<p>To effectively leverage market and product opportunity mapping consulting, businesses must meet certain <a href=\"https:\/\/www.sisinternational.com\/pt\/principais-fatores-de-sucesso-na-pesquisa-de-mercado-automotivo\/\" title=\"Principais fatores de sucesso na pesquisa de mercado automotivo\"  data-wpil-monitor-id=\"9525\">key success factors<\/a> \u2013 and here are some of the main factors to consider:<\/p>\n\n\n\n<ul class=\"wp-block-list\">\n<li><strong>An\u00e1lise abrangente de dados:<\/strong> A base do mapeamento eficaz de oportunidades \u00e9 a an\u00e1lise robusta de dados. Isto inclui n\u00e3o apenas dados quantitativos, mas tamb\u00e9m insights qualitativos, garantindo uma compreens\u00e3o hol\u00edstica do mercado, dos concorrentes e do comportamento do consumidor.<\/li>\n\n\n\n<li><strong>Pensamento inovador:<\/strong> A capacidade de pensar fora da caixa \u00e9 crucial. As empresas devem estar abertas \u00e0 explora\u00e7\u00e3o de mercados n\u00e3o convencionais, de novas ideias de produtos e de estrat\u00e9gias inovadoras que podem n\u00e3o estar alinhadas com as normas tradicionais da ind\u00fastria, mas que prometem um maior potencial de crescimento.<\/li>\n\n\n\n<li><strong>Adaptabilidade:<\/strong> Os mercados s\u00e3o din\u00e2micos e as estrat\u00e9gias podem precisar evoluir. O sucesso do mapeamento de oportunidades depende da capacidade de adaptar estrat\u00e9gias com base no feedback cont\u00ednuo do mercado e nas condi\u00e7\u00f5es em mudan\u00e7a.<\/li>\n\n\n\n<li><strong>Implementa\u00e7\u00e3o Eficaz: I<\/strong>identificar oportunidades \u00e9 apenas metade da batalha; a outra metade \u00e9 a execu\u00e7\u00e3o eficaz. Isto requer planos de implementa\u00e7\u00e3o claros, aloca\u00e7\u00e3o adequada de recursos e gest\u00e3o eficiente de projetos.<\/li>\n\n\n\n<li><strong>Monitoramento e Aprendizagem Cont\u00ednuos:<\/strong> O mercado e as prefer\u00eancias dos consumidores est\u00e3o em constante evolu\u00e7\u00e3o. O monitoramento cont\u00ednuo e a vontade de aprender e ajustar estrat\u00e9gias s\u00e3o essenciais para o sucesso a longo prazo.<\/li>\n<\/ul>\n\n\n\n<h2 class=\"wp-block-heading\">O que as empresas podem esperar da consultoria de mapeamento de oportunidades de mercado e produtos?<\/h2>\n\n\n\n<p>When engaging in market and product opportunity mapping consulting, businesses can expect a comprehensive process that leads to <a href=\"https:\/\/www.sisinternational.com\/pt\/b2b\/\" title=\"Cost-Effective and Actionable Insights to Drive Your Next Strategic Move\"  data-wpil-monitor-id=\"9529\">actionable insights and strategic<\/a> guidance. Here\u2019s what to anticipate during this consulting journey:<\/p>\n\n\n\n<ul class=\"wp-block-list\">\n<li><strong>Identifica\u00e7\u00e3o de oportunidades:<\/strong> Os consultores identificar\u00e3o oportunidades potenciais de mercado e produtos. Isso pode incluir novos segmentos de mercado, tend\u00eancias emergentes, \u00e1reas onde os concorrentes apresentam desempenho insatisfat\u00f3rio ou lacunas no mercado que seu produto ou servi\u00e7o pode preencher.<\/li>\n\n\n\n<li><strong>Recomenda\u00e7\u00f5es Estrat\u00e9gicas Personalizadas:<\/strong> Com base na an\u00e1lise, as empresas receber\u00e3o recomenda\u00e7\u00f5es personalizadas. Estas estrat\u00e9gias estar\u00e3o alinhadas com os objetivos e capacidades do seu neg\u00f3cio, garantindo que as oportunidades identificadas sejam vi\u00e1veis e valiosas para o seu contexto espec\u00edfico.<\/li>\n\n\n\n<li><strong>Roteiro acion\u00e1vel:<\/strong> Al\u00e9m do aconselhamento estrat\u00e9gico, as empresas receber\u00e3o um roteiro pr\u00e1tico. Isso inclui etapas, cronogramas e KPIs espec\u00edficos para orientar sua empresa na capitaliza\u00e7\u00e3o dessas oportunidades.<\/li>\n<\/ul>\n\n\n\n<h2 class=\"wp-block-heading\">Oportunidades e desafios em consultoria de mapeamento de oportunidades de mercado e produtos<\/h2>\n\n\n\n<figure class=\"gb-block-image gb-block-image-4de2205a\"><img loading=\"lazy\" decoding=\"async\" width=\"1456\" height=\"816\" class=\"gb-image gb-image-4de2205a\" src=\"https:\/\/www.sisinternational.com\/wp-content\/uploads\/2025\/10\/Market-and-Product-Opportunity-3.jpg\" alt=\"Pesquisa e Estrat\u00e9gia de Mercado Internacional da SIS\" title=\"Market and Product Opportunity (3)\" srcset=\"https:\/\/www.sisinternational.com\/wp-content\/uploads\/2025\/10\/Market-and-Product-Opportunity-3.jpg 1456w, https:\/\/www.sisinternational.com\/wp-content\/uploads\/2025\/10\/Market-and-Product-Opportunity-3-300x168.jpg 300w, https:\/\/www.sisinternational.com\/wp-content\/uploads\/2025\/10\/Market-and-Product-Opportunity-3-1024x574.jpg 1024w, https:\/\/www.sisinternational.com\/wp-content\/uploads\/2025\/10\/Market-and-Product-Opportunity-3-768x430.jpg 768w, https:\/\/www.sisinternational.com\/wp-content\/uploads\/2025\/10\/Market-and-Product-Opportunity-3-18x10.jpg 18w\" sizes=\"auto, (max-width: 1456px) 100vw, 1456px\"><\/figure>\n\n\n\n<p><\/p>\n\n\n\n<p>O envolvimento em consultoria de mapeamento de oportunidades de mercado e produtos apresenta uma s\u00e9rie de oportunidades e desafios que as empresas precisam enfrentar. Compreend\u00ea-los pode ajudar a maximizar os benef\u00edcios e, ao mesmo tempo, gerenciar com efic\u00e1cia poss\u00edveis obst\u00e1culos.<\/p>\n\n\n\n<h3 class=\"wp-block-heading\">Oportunidades<\/h3>\n\n\n\n<ul class=\"wp-block-list\">\n<li><strong>Acesso a mercados inexplorados:<\/strong> Uma das maiores oportunidades \u00e9 a descoberta de mercados novos e inexplorados que os concorrentes talvez ainda n\u00e3o tenham explorado.<\/li>\n\n\n\n<li><strong>Inova\u00e7\u00e3o e Diversifica\u00e7\u00e3o:<\/strong> Esta consultoria conduz frequentemente \u00e0 inova\u00e7\u00e3o em produtos e servi\u00e7os, permitindo \u00e0s empresas diversificar as suas ofertas e reduzir a depend\u00eancia de uma \u00fanica linha de produtos ou mercado.<\/li>\n\n\n\n<li><strong>Tomada de decis\u00e3o baseada em dados:<\/strong> A \u00eanfase na an\u00e1lise de dados ajuda as empresas a tomar decis\u00f5es informadas e baseadas em evid\u00eancias, reduzindo a depend\u00eancia de suposi\u00e7\u00f5es ou m\u00e9todos desatualizados.<\/li>\n<\/ul>\n\n\n\n<h3 class=\"wp-block-heading\">Desafios<\/h3>\n\n\n\n<ul class=\"wp-block-list\">\n<li><strong>Sobrecarga de dados:<\/strong> Com a grande quantidade de dados dispon\u00edveis, um desafio \u00e9 filtrar o ru\u00eddo e focar em insights relevantes.<\/li>\n\n\n\n<li><strong>Mudan\u00e7as r\u00e1pidas no mercado:<\/strong> A natureza acelerada dos mercados modernos significa que as oportunidades podem evoluir ou desaparecer rapidamente, exigindo vigil\u00e2ncia e adaptabilidade constantes.<\/li>\n\n\n\n<li><strong>Acompanhando a tecnologia:<\/strong> Em um mundo movido pela tecnologia, \u00e9 crucial manter-se atualizado sobre os mais recentes avan\u00e7os tecnol\u00f3gicos e compreender como eles impactam seu mercado.<\/li>\n<\/ul>\n\n\n\n<p><\/p>","protected":false},"excerpt":{"rendered":"<p>A consultoria de mapeamento de oportunidades de mercado e produtos ajuda as empresas a identificar, analisar e capitalizar novas oportunidades de mercado e produtos.<\/p>","protected":false},"author":1,"featured_media":71998,"parent":14567,"menu_order":31,"comment_status":"closed","ping_status":"closed","template":"","meta":{"footnotes":""},"class_list":["post-44820","page","type-page","status-publish","has-post-thumbnail"],"_links":{"self":[{"href":"https:\/\/www.sisinternational.com\/pt\/wp-json\/wp\/v2\/pages\/44820","targetHints":{"allow":["GET"]}}],"collection":[{"href":"https:\/\/www.sisinternational.com\/pt\/wp-json\/wp\/v2\/pages"}],"about":[{"href":"https:\/\/www.sisinternational.com\/pt\/wp-json\/wp\/v2\/types\/page"}],"author":[{"embeddable":true,"href":"https:\/\/www.sisinternational.com\/pt\/wp-json\/wp\/v2\/users\/1"}],"replies":[{"embeddable":true,"href":"https:\/\/www.sisinternational.com\/pt\/wp-json\/wp\/v2\/comments?post=44820"}],"version-history":[{"count":5,"href":"https:\/\/www.sisinternational.com\/pt\/wp-json\/wp\/v2\/pages\/44820\/revisions"}],"predecessor-version":[{"id":81589,"href":"https:\/\/www.sisinternational.com\/pt\/wp-json\/wp\/v2\/pages\/44820\/revisions\/81589"}],"up":[{"embeddable":true,"href":"https:\/\/www.sisinternational.com\/pt\/wp-json\/wp\/v2\/pages\/14567"}],"wp:featuredmedia":[{"embeddable":true,"href":"https:\/\/www.sisinternational.com\/pt\/wp-json\/wp\/v2\/media\/71998"}],"wp:attachment":[{"href":"https:\/\/www.sisinternational.com\/pt\/wp-json\/wp\/v2\/media?parent=44820"}],"curies":[{"name":"wp","href":"https:\/\/api.w.org\/{rel}","templated":true}]}}