{"id":44806,"date":"2024-01-07T20:36:49","date_gmt":"2024-01-08T01:36:49","guid":{"rendered":"https:\/\/www.sisinternational.com\/?page_id=44806"},"modified":"2026-02-18T13:46:46","modified_gmt":"2026-02-18T18:46:46","slug":"consultoria-de-inteligencia-artificial-de-automacao-analitica","status":"publish","type":"page","link":"https:\/\/www.sisinternational.com\/pt\/solucoes\/pesquisa-de-mercado-de-ia-e-consultoria-estrategica\/consultoria-de-inteligencia-artificial-de-automacao-analitica\/","title":{"rendered":"Consultoria em Automa\u00e7\u00e3o Anal\u00edtica e Intelig\u00eancia Artificial"},"content":{"rendered":"<h1 class=\"wp-block-heading\">Consultoria em Automa\u00e7\u00e3o Anal\u00edtica e Intelig\u00eancia Artificial<\/h1>\n\n\n\n<figure class=\"gb-block-image gb-block-image-c669d9cd\"><img loading=\"lazy\" decoding=\"async\" width=\"1456\" height=\"816\" class=\"gb-image gb-image-c669d9cd\" src=\"https:\/\/www.sisinternational.com\/wp-content\/uploads\/2025\/09\/Predictive-analytics-90.jpg\" alt=\"Pesquisa e Estrat\u00e9gia de Mercado Internacional da SIS\" title=\"Predictive analytics (90)\" srcset=\"https:\/\/www.sisinternational.com\/wp-content\/uploads\/2025\/09\/Predictive-analytics-90.jpg 1456w, https:\/\/www.sisinternational.com\/wp-content\/uploads\/2025\/09\/Predictive-analytics-90-300x168.jpg 300w, https:\/\/www.sisinternational.com\/wp-content\/uploads\/2025\/09\/Predictive-analytics-90-1024x574.jpg 1024w, https:\/\/www.sisinternational.com\/wp-content\/uploads\/2025\/09\/Predictive-analytics-90-768x430.jpg 768w, https:\/\/www.sisinternational.com\/wp-content\/uploads\/2025\/09\/Predictive-analytics-90-18x10.jpg 18w\" sizes=\"auto, (max-width: 1456px) 100vw, 1456px\"><\/figure>\n\n\n\n<p><\/p>\n\n\n\n<p>Voc\u00ea est\u00e1 pronto para desbloquear todo o potencial dos seus dados? Esta quest\u00e3o est\u00e1 no cerne da automa\u00e7\u00e3o anal\u00edtica e da consultoria de intelig\u00eancia artificial \u2013 um campo que se torna rapidamente indispens\u00e1vel no mundo dos neg\u00f3cios orientados por dados.<\/p>\n\n\n\n<h2 class=\"wp-block-heading\">Qual \u00e9 o papel da consultoria de intelig\u00eancia artificial na automa\u00e7\u00e3o anal\u00edtica?<\/h2>\n\n\n\n<p>A automa\u00e7\u00e3o anal\u00edtica e a consultoria de intelig\u00eancia artificial garantem a integra\u00e7\u00e3o da IA nas empresas modernas, alinhando suas estrat\u00e9gias de automa\u00e7\u00e3o anal\u00edtica com seus objetivos gerais de neg\u00f3cios.<\/p>\n\n\n\n<p>Da mesma forma, a automa\u00e7\u00e3o anal\u00edtica e a consultoria de IA desenvolvem solu\u00e7\u00f5es personalizadas de IA. Estas solu\u00e7\u00f5es s\u00e3o adaptadas aos ambientes de dados e processos de neg\u00f3cio espec\u00edficos de cada organiza\u00e7\u00e3o, garantindo a m\u00e1xima efic\u00e1cia e efici\u00eancia. Os consultores avaliam a infraestrutura de dados existente de uma empresa para identificar quaisquer lacunas ou \u00e1reas de melhoria. Eles aconselham sobre o aprimoramento dos sistemas de coleta, armazenamento e processamento de dados para garantir que possam oferecer suporte \u00e0 an\u00e1lise avan\u00e7ada de IA.<\/p>\n\n\n\n<h2 class=\"wp-block-heading\">Import\u00e2ncia da Automa\u00e7\u00e3o Anal\u00edtica e Consultoria em Intelig\u00eancia Artificial<\/h2>\n\n\n\n<p><a title=\"Consultoria em Ci\u00eancia de Dados e Analytics\" href=\"https:\/\/www.sisinternational.com\/pt\/pericia\/industrias\/consultoria-em-analise-de-ciencia-de-dados\/\" data-wpil-monitor-id=\"3667\">Analytics automation and artificial intelligence consulting<\/a> allow businesses to make sense of their data quickly and accurately. In competitive markets, the ability to quickly analyze and act on data can provide a significant edge \u2013 and analytics automation and AI consulting help businesses automate data analysis and gain deeper, actionable insights that can inform strategic decisions. Additionally, AI consulting helps businesses stay abreast of these changes, ensuring that their analytics capabilities continue to evolve and remain relevant.<\/p>\n\n\n\n<h2 class=\"wp-block-heading\">Como isso difere da pesquisa de mercado tradicional?<\/h2>\n\n\n\n<p>An\u00e1lise <a title=\"Consultoria em Automa\u00e7\u00e3o de Vendas e Intelig\u00eancia Artificial\" href=\"https:\/\/www.sisinternational.com\/pt\/solucoes\/pesquisa-de-mercado-de-ia-e-consultoria-estrategica\/consultoria-de-inteligencia-artificial-em-automacao-de-vendas\/\" data-wpil-monitor-id=\"7253\">automation and artificial intelligence consulting<\/a> significantly differ from traditional market research in several key aspects.<\/p>\n\n\n\n<p>Uma das diferen\u00e7as mais significativas reside na capacidade de processar grandes volumes de dados a velocidades incr\u00edveis. Os m\u00e9todos tradicionais de pesquisa de mercado costumam ser demorados e limitados na quantidade de dados que podem manipular, enquanto a automa\u00e7\u00e3o anal\u00edtica baseada em IA pode processar e analisar grandes conjuntos de dados de forma r\u00e1pida e eficiente.<\/p>\n\n\n\n<p>Al\u00e9m disso, a an\u00e1lise orientada por IA pode revelar insights mais profundos e diferenciados dos dados, incluindo padr\u00f5es e correla\u00e7\u00f5es que podem ser negligenciados na pesquisa de mercado tradicional. Os algoritmos de IA podem analisar dados de uma gama mais ampla de fontes, incluindo dados n\u00e3o estruturados, como postagens em m\u00eddias sociais e avalia\u00e7\u00f5es de clientes.<\/p>\n\n\n\n<ul class=\"wp-block-list\">\n<li><strong>Principais fatores de sucesso:<\/strong> Para que a automa\u00e7\u00e3o anal\u00edtica e a consultoria de IA sejam eficazes, as empresas devem garantir que a integra\u00e7\u00e3o da IA na an\u00e1lise empresarial seja tecnicamente bem-sucedida e proporcione valor comercial real.<\/li>\n\n\n\n<li><strong>Infraestrutura de dados robusta:<\/strong> A strong data infrastructure that can support AI algorithms and handle large volumes of data is crucial. <\/li>\n\n\n\n<li><strong>Experi\u00eancia em IA e Analytics:<\/strong> Ter a combina\u00e7\u00e3o certa de habilidades em IA, aprendizado de m\u00e1quina, ci\u00eancia de dados e an\u00e1lise de neg\u00f3cios \u00e9 vital. Essa experi\u00eancia garante que as solu\u00e7\u00f5es de IA sejam desenvolvidas, implementadas e gerenciadas de forma eficaz.<\/li>\n\n\n\n<li><strong>Gerenciamento eficaz de mudan\u00e7as:<\/strong> A introdu\u00e7\u00e3o da IA nos processos de neg\u00f3cios geralmente requer mudan\u00e7as significativas. Estrat\u00e9gias eficazes de gest\u00e3o da mudan\u00e7a s\u00e3o essenciais para garantir uma implementa\u00e7\u00e3o e ado\u00e7\u00e3o harmoniosas de solu\u00e7\u00f5es de IA por todas as partes interessadas.<\/li>\n<\/ul>\n\n\n\n<h2 class=\"wp-block-heading\">O que esperar da consultoria em automa\u00e7\u00e3o anal\u00edtica e intelig\u00eancia artificial<\/h2>\n\n\n\n<p>Engaging in analytics automation and <a title=\"Consultoria em Automa\u00e7\u00e3o de Utilidades e Intelig\u00eancia Artificial\" href=\"https:\/\/www.sisinternational.com\/pt\/solucoes\/pesquisa-de-mercado-de-ia-e-consultoria-estrategica\/consultoria-em-inteligencia-artificial-em-automacao-de-utilidades\/\" data-wpil-monitor-id=\"2356\">artificial intelligence consulting<\/a> offers a range of outcomes that can significantly transform how a business approaches and utilizes data. Here are some key expectations that businesses can have when implementing these technologies:<\/p>\n\n\n\n<ul class=\"wp-block-list\">\n<li><strong>Capacidades aprimoradas de an\u00e1lise de dados:<\/strong> Atrav\u00e9s <a title=\"Consultoria em Visualiza\u00e7\u00e3o de Dados\" data-wpil-monitor-id=\"5849\" href=\"https:\/\/www.sisinternational.com\/pt\/pericia\/industrias\/consultoria-em-visualizacao-de-dados\/\">analytics automation<\/a> and AI consulting, businesses can expect a dramatic improvement in their ability to analyze data. AI-driven analytics automation enables the processing and interpreting large datasets more quickly and accurately than traditional methods.<\/li>\n\n\n\n<li><strong>Insights mais profundos e an\u00e1lises preditivas:<\/strong> As ferramentas de IA fornecem insights mais profundos, identificando padr\u00f5es e tend\u00eancias que podem n\u00e3o ser aparentes por meio de an\u00e1lise manual. A an\u00e1lise preditiva permite que as empresas antecipem tend\u00eancias futuras, comportamentos dos clientes e din\u00e2micas de mercado.<\/li>\n\n\n\n<li><strong>Tomada de decis\u00e3o baseada em dados:<\/strong> With more accurate and comprehensive data analysis, businesses can make more informed decisions. <\/li>\n\n\n\n<li><strong>Solu\u00e7\u00f5es personalizadas e escal\u00e1veis:<\/strong> Analytics automation and AI <a title=\"Automa\u00e7\u00e3o de gerenciamento de mudan\u00e7as e consultoria de IA\" data-wpil-monitor-id=\"7637\" href=\"https:\/\/www.sisinternational.com\/pt\/solucoes\/pesquisa-de-mercado-de-ia-e-consultoria-estrategica\/consultoria-de-inteligencia-artificial-de-automacao-de-gerenciamento-de-mudancas\/\">consultando<\/a> offer solutions that are customizable to a business\u2019s specific needs and scalable to accommodate growth and changes in data requirements.<\/li>\n\n\n\n<li><strong>Melhor percep\u00e7\u00e3o e envolvimento do cliente:<\/strong> AI-driven analytics can yield detailed customer insights, enhancing marketing strategies and customer engagement. <\/li>\n<\/ul>\n\n\n\n<h2 class=\"wp-block-heading\">Oportunidades para automa\u00e7\u00e3o anal\u00edtica e consultoria de intelig\u00eancia artificial<\/h2>\n\n\n\n<p>A integra\u00e7\u00e3o da automa\u00e7\u00e3o anal\u00edtica e da consultoria em intelig\u00eancia artificial abre um amplo leque de oportunidades para empresas de diversos setores. Essas oportunidades v\u00e3o al\u00e9m de meros aprimoramentos de an\u00e1lise de dados, revolucionando potencialmente a forma como as empresas operam e tomam decis\u00f5es.<\/p>\n\n\n\n<ul class=\"wp-block-list\">\n<li><strong>Modelos de neg\u00f3cios inovadores:<\/strong> Os insights obtidos com an\u00e1lises avan\u00e7adas podem levar ao desenvolvimento de modelos de neg\u00f3cios novos e inovadores. As empresas podem identificar necessidades de mercado n\u00e3o atendidas ou criar m\u00e9todos de entrega mais eficientes.<\/li>\n\n\n\n<li><strong>Experi\u00eancias personalizadas do cliente:<\/strong> A an\u00e1lise orientada por IA permite que as empresas entendam seus clientes em um n\u00edvel mais profundo, levando a produtos, servi\u00e7os e estrat\u00e9gias de marketing altamente personalizados. Essa personaliza\u00e7\u00e3o pode aumentar significativamente o envolvimento e a fidelidade do cliente.<\/li>\n\n\n\n<li><strong>Excel\u00eancia operacional:<\/strong> A automa\u00e7\u00e3o anal\u00edtica e a consultoria de intelig\u00eancia artificial podem otimizar as opera\u00e7\u00f5es comerciais, reduzindo custos e melhorando a efici\u00eancia. Por exemplo, as opera\u00e7\u00f5es da cadeia de abastecimento podem ser simplificadas atrav\u00e9s de an\u00e1lises preditivas, levando \u00e0 redu\u00e7\u00e3o dos custos de invent\u00e1rio e \u00e0 melhoria dos prazos de entrega.<\/li>\n\n\n\n<li><strong>Gest\u00e3o de Risco e Conformidade:<\/strong> Enhanced analytics capabilities enable better risk management by predicting potential issues and compliance breaches before they occur. <\/li>\n\n\n\n<li><strong>Monetiza\u00e7\u00e3o de dados:<\/strong> As empresas podem aproveitar os seus ativos de dados de forma mais eficaz, identificando oportunidades para rentabilizar os dados atrav\u00e9s de novos produtos ou servi\u00e7os.<\/li>\n<\/ul>\n\n\n\n<h2 class=\"wp-block-heading\">Desafios da Automa\u00e7\u00e3o Anal\u00edtica e Consultoria em Intelig\u00eancia Artificial<\/h2>\n\n\n\n<p>A implementa\u00e7\u00e3o de automa\u00e7\u00e3o anal\u00edtica e consultoria de intelig\u00eancia artificial apresenta v\u00e1rios desafios \u2013 e aqui est\u00e3o alguns dos principais desafios a superar:<\/p>\n\n\n\n<ul class=\"wp-block-list\">\n<li><strong>Qualidade e disponibilidade de dados:<\/strong> An\u00e1lises eficazes baseadas em IA dependem fortemente da disponibilidade de dados abrangentes e de alta qualidade. Coletar, limpar e organizar dados pode ser um desafio significativo, especialmente para empresas n\u00e3o acostumadas a opera\u00e7\u00f5es centradas em dados.<\/li>\n\n\n\n<li><strong>Garantindo a precis\u00e3o da IA e a mitiga\u00e7\u00e3o de preconceitos:<\/strong> Os algoritmos de IA podem perpetuar inadvertidamente os preconceitos presentes nos dados de treinamento. Garantir a precis\u00e3o dos resultados da IA e mitigar potenciais preconceitos \u00e9 crucial para evitar tomadas de decis\u00e3o erradas.<\/li>\n\n\n\n<li><strong>Escalabilidade e Adaptabilidade:<\/strong> \u00c0 medida que as empresas crescem e as suas necessidades de dados evoluem, garantir que as solu\u00e7\u00f5es de IA e an\u00e1lise sejam escal\u00e1veis e adapt\u00e1veis a estas mudan\u00e7as \u00e9 um desafio significativo.<\/li>\n<\/ul>\n\n\n\n<h2 class=\"wp-block-heading\">Solu\u00e7\u00f5es SIS: Consultoria em Automa\u00e7\u00e3o Anal\u00edtica e Intelig\u00eancia Artificial<\/h2>\n\n\n\n<h3 class=\"wp-block-heading\">SIS usa uma abordagem abrangente e integrada para transformar a an\u00e1lise de dados por meio de IA<\/h3>\n\n\n\n<p>Oferecemos benef\u00edcios como recursos aprimorados de an\u00e1lise de dados, insights mais profundos e an\u00e1lises preditivas, al\u00e9m de tomada de decis\u00e3o baseada em dados. Nossas solu\u00e7\u00f5es s\u00e3o adaptadas para atender \u00e0s necessidades espec\u00edficas do neg\u00f3cio e s\u00e3o escal\u00e1veis. As solu\u00e7\u00f5es incluem:<\/p>\n\n\n\n<ul class=\"wp-block-list\">\n<li>Capacidades aprimoradas de an\u00e1lise de dados<\/li>\n\n\n\n<li>Insights mais profundos por meio de an\u00e1lises preditivas<\/li>\n\n\n\n<li>Apoio \u00e0 tomada de decis\u00f5es baseado em dados<\/li>\n\n\n\n<li>Solu\u00e7\u00f5es personalizadas e escal\u00e1veis<\/li>\n\n\n\n<li>Melhor percep\u00e7\u00e3o e envolvimento do cliente<\/li>\n<\/ul>\n\n\n\n<h3 class=\"wp-block-heading\"><span style=\"font-weight: 400;\">Permita que a SIS International Research seja sua ponte para melhores neg\u00f3cios neste momento de oportunidades incr\u00edveis.<\/span><\/h3>\n\n\n\n<h2 class=\"wp-block-heading\">&nbsp;<\/h2>","protected":false},"excerpt":{"rendered":"<p>Automa\u00e7\u00e3o anal\u00edtica e intelig\u00eancia artificial Integre a IA nas empresas, alinhando-as com suas estrat\u00e9gias e objetivos de automa\u00e7\u00e3o.<\/p>","protected":false},"author":1,"featured_media":70309,"parent":44406,"menu_order":33,"comment_status":"closed","ping_status":"closed","template":"","meta":{"footnotes":""},"class_list":["post-44806","page","type-page","status-publish","has-post-thumbnail"],"_links":{"self":[{"href":"https:\/\/www.sisinternational.com\/pt\/wp-json\/wp\/v2\/pages\/44806","targetHints":{"allow":["GET"]}}],"collection":[{"href":"https:\/\/www.sisinternational.com\/pt\/wp-json\/wp\/v2\/pages"}],"about":[{"href":"https:\/\/www.sisinternational.com\/pt\/wp-json\/wp\/v2\/types\/page"}],"author":[{"embeddable":true,"href":"https:\/\/www.sisinternational.com\/pt\/wp-json\/wp\/v2\/users\/1"}],"replies":[{"embeddable":true,"href":"https:\/\/www.sisinternational.com\/pt\/wp-json\/wp\/v2\/comments?post=44806"}],"version-history":[{"count":8,"href":"https:\/\/www.sisinternational.com\/pt\/wp-json\/wp\/v2\/pages\/44806\/revisions"}],"predecessor-version":[{"id":83037,"href":"https:\/\/www.sisinternational.com\/pt\/wp-json\/wp\/v2\/pages\/44806\/revisions\/83037"}],"up":[{"embeddable":true,"href":"https:\/\/www.sisinternational.com\/pt\/wp-json\/wp\/v2\/pages\/44406"}],"wp:featuredmedia":[{"embeddable":true,"href":"https:\/\/www.sisinternational.com\/pt\/wp-json\/wp\/v2\/media\/70309"}],"wp:attachment":[{"href":"https:\/\/www.sisinternational.com\/pt\/wp-json\/wp\/v2\/media?parent=44806"}],"curies":[{"name":"wp","href":"https:\/\/api.w.org\/{rel}","templated":true}]}}