{"id":44802,"date":"2024-01-07T20:23:23","date_gmt":"2024-01-08T01:23:23","guid":{"rendered":"https:\/\/www.sisinternational.com\/?page_id=44802"},"modified":"2026-02-19T00:55:22","modified_gmt":"2026-02-19T05:55:22","slug":"consultoria-em-inteligencia-artificial-para-automacao-de-fluxo-de-trabalho","status":"publish","type":"page","link":"https:\/\/www.sisinternational.com\/pt\/solucoes\/pesquisa-de-mercado-de-ia-e-consultoria-estrategica\/consultoria-em-inteligencia-artificial-para-automacao-de-fluxo-de-trabalho\/","title":{"rendered":"Consultoria em automa\u00e7\u00e3o de fluxo de trabalho e intelig\u00eancia artificial"},"content":{"rendered":"<h1 class=\"wp-block-heading\">Consultoria em automa\u00e7\u00e3o de fluxo de trabalho e intelig\u00eancia artificial<\/h1>\n\n\n\n<figure class=\"gb-block-image gb-block-image-04d8e716\"><img loading=\"lazy\" decoding=\"async\" width=\"1456\" height=\"816\" class=\"gb-image gb-image-04d8e716\" src=\"https:\/\/www.sisinternational.com\/wp-content\/uploads\/2025\/10\/Financial-Services-Automation-3.jpg\" alt=\"Pesquisa e Estrat\u00e9gia de Mercado Internacional da SIS\" title=\"Financial Services Automation (3)\" srcset=\"https:\/\/www.sisinternational.com\/wp-content\/uploads\/2025\/10\/Financial-Services-Automation-3.jpg 1456w, https:\/\/www.sisinternational.com\/wp-content\/uploads\/2025\/10\/Financial-Services-Automation-3-300x168.jpg 300w, https:\/\/www.sisinternational.com\/wp-content\/uploads\/2025\/10\/Financial-Services-Automation-3-1024x574.jpg 1024w, https:\/\/www.sisinternational.com\/wp-content\/uploads\/2025\/10\/Financial-Services-Automation-3-768x430.jpg 768w, https:\/\/www.sisinternational.com\/wp-content\/uploads\/2025\/10\/Financial-Services-Automation-3-18x10.jpg 18w\" sizes=\"auto, (max-width: 1456px) 100vw, 1456px\"><\/figure>\n\n\n\n<p><\/p>\n\n\n\n<p>Em um mundo onde o tempo \u00e9 a nova moeda, como sua empresa est\u00e1 otimizando seus fluxos de trabalho? Compreender o papel cr\u00edtico da automa\u00e7\u00e3o do fluxo de trabalho e da consultoria de intelig\u00eancia artificial \u00e9 fundamental para integrar a IA na automa\u00e7\u00e3o do fluxo de trabalho \u2013 e desbloquear n\u00edveis sem precedentes de produtividade e inova\u00e7\u00e3o.<\/p>\n\n\n\n<h2 class=\"wp-block-heading\">Consultoria em automa\u00e7\u00e3o de fluxo de trabalho e intelig\u00eancia artificial<\/h2>\n\n\n\n<p>Workflow automation and artificial intelligence consulting is a domain that combines the efficiency of automating routine business processes with the intelligence and adaptability of AI. <\/p>\n\n\n\n<h2 class=\"wp-block-heading\">Import\u00e2ncia e benef\u00edcios da automa\u00e7\u00e3o de fluxo de trabalho e consultoria de intelig\u00eancia artificial<\/h2>\n\n\n\n<p>Workflow automation and AI consulting offer a range of important benefits and advantages. It helps companies to streamline and speed up business processes. <\/p>\n\n\n\n<p>Essa consultoria tamb\u00e9m garante maior n\u00edvel de precis\u00e3o nas tarefas, reduzindo erros humanos. A produ\u00e7\u00e3o consistente \u00e9 particularmente crucial em \u00e1reas como entrada de dados, relat\u00f3rios e controle de qualidade. Al\u00e9m disso, a automa\u00e7\u00e3o do fluxo de trabalho e a consultoria de IA podem melhorar o atendimento ao cliente. Processos automatizados como chatbots, recomenda\u00e7\u00f5es personalizadas e fluxos de trabalho simplificados de atendimento ao cliente levam a tempos de resposta mais r\u00e1pidos e intera\u00e7\u00f5es mais personalizadas com o cliente.<\/p>\n\n\n\n<h2 class=\"wp-block-heading\">Consultoria em automa\u00e7\u00e3o de fluxo de trabalho e intelig\u00eancia artificial \u2013 e seu impacto nos neg\u00f3cios globais<\/h2>\n\n\n\n<p>When businesses embark on integrating workflow automation and artificial intelligence, there are several expectations they can set for the transformation that follows. <\/p>\n\n\n\n<ul class=\"wp-block-list\">\n<li><strong>Opera\u00e7\u00f5es simplificadas:<\/strong> Workflow <a title=\"Consultoria em Automa\u00e7\u00e3o de Vendas e Intelig\u00eancia Artificial\" data-wpil-monitor-id=\"7255\" href=\"https:\/\/www.sisinternational.com\/pt\/solucoes\/pesquisa-de-mercado-de-ia-e-consultoria-estrategica\/consultoria-de-inteligencia-artificial-em-automacao-de-vendas\/\">automation and artificial intelligence consulting<\/a> aim at eliminating redundant tasks and simplifying complex processes, making operations smoother and more efficient.<\/li>\n\n\n\n<li><strong>Produtividade aumentada:<\/strong> Com tarefas rotineiras automatizadas e IA lidando com an\u00e1lises de dados complexas, h\u00e1 um aumento not\u00e1vel na produtividade. Os funcion\u00e1rios ficam livres de tarefas mundanas e podem se concentrar em atividades de maior valor agregado.<\/li>\n\n\n\n<li><strong>Poupan\u00e7a de custos:<\/strong> Workflow automation and artificial <a title=\"A necessidade de intelig\u00eancia competitiva em uma recess\u00e3o\" data-wpil-monitor-id=\"7229\" href=\"https:\/\/www.sisinternational.com\/pt\/a-necessidade-de-inteligencia-competitiva-nesta-recessao\/\">intelligence consulting focus on reducing the need<\/a> for manual labor in repetitive tasks, leading to significant cost savings. Additionally, AI-driven optimizations further cut down operational costs by improving efficiency and reducing errors.<\/li>\n\n\n\n<li><strong>Escalabilidade e flexibilidade:<\/strong> A automa\u00e7\u00e3o do fluxo de trabalho e a consultoria de intelig\u00eancia artificial criam processos automatizados e aprimorados por IA que s\u00e3o altamente escalon\u00e1veis, permitindo que as empresas se adaptem facilmente ao aumento das cargas de trabalho ou \u00e0s mudan\u00e7as nas necessidades de neg\u00f3cios sem um aumento significativo de recursos ou custos.<\/li>\n\n\n\n<li><strong>Personaliza\u00e7\u00e3o e Personaliza\u00e7\u00e3o:<\/strong> Workflow automation and artificial intelligence consulting can tailor workflows and processes to meet the specific needs of a business. <\/li>\n<\/ul>\n\n\n\n<h2 class=\"wp-block-heading\">Oportunidades para automa\u00e7\u00e3o de fluxo de trabalho e consultoria de intelig\u00eancia artificial<\/h2>\n\n\n\n<p>A integra\u00e7\u00e3o da automa\u00e7\u00e3o do fluxo de trabalho e da consultoria de IA apresenta uma ampla gama de oportunidades para empresas de v\u00e1rios setores. Estas oportunidades aumentam a efici\u00eancia operacional e abrem portas \u00e0 inova\u00e7\u00e3o, ao crescimento estrat\u00e9gico e \u00e0 diferencia\u00e7\u00e3o competitiva. Aqui est\u00e3o algumas oportunidades importantes neste campo:<\/p>\n\n\n\n<ul class=\"wp-block-list\">\n<li><strong>Insights e an\u00e1lises baseadas em dados:<\/strong> AI\u2019s ability to analyze large sets of data offers businesses the opportunity to gain deeper insights into their operations, customer behaviors, and market trends. <\/li>\n\n\n\n<li><strong>Experi\u00eancia aprimorada do cliente:<\/strong> Fluxos de trabalho automatizados e orientados por IA podem melhorar significativamente a experi\u00eancia do cliente. Desde tempos de resposta mais r\u00e1pidos at\u00e9 intera\u00e7\u00f5es personalizadas, as empresas t\u00eam a oportunidade de aumentar a satisfa\u00e7\u00e3o e a fidelidade do cliente.<\/li>\n\n\n\n<li><strong>Inova\u00e7\u00e3o em Produtos e Servi\u00e7os:<\/strong> The insights gained from <a title=\"Automa\u00e7\u00e3o de bens de consumo e servi\u00e7os e consultoria em IA\" data-wpil-monitor-id=\"3897\" href=\"https:\/\/www.sisinternational.com\/pt\/solucoes\/pesquisa-de-mercado-de-ia-e-consultoria-estrategica\/consultoria-de-ia-em-automacao-de-servicos-de-bens-de-consumo\/\">workflow automation<\/a> and AI consulting can inspire innovation in products and services. Businesses can identify new opportunities, predict emerging market trends, and develop offerings that meet evolving customer needs.<\/li>\n\n\n\n<li><strong>Maior escalabilidade:<\/strong> A automa\u00e7\u00e3o do fluxo de trabalho e a consultoria de IA fornecem \u00e0s empresas as ferramentas para dimensionar as opera\u00e7\u00f5es com efici\u00eancia. \u00c0 medida que a procura cresce, os processos podem ser ampliados de forma r\u00e1pida e eficaz, sem um aumento proporcional de recursos ou custos.<\/li>\n\n\n\n<li><strong>Vantagem Competitiva no Mercado:<\/strong> Os primeiros a adotar a automa\u00e7\u00e3o do fluxo de trabalho e a IA podem obter uma vantagem competitiva significativa. Eles podem operar com mais efici\u00eancia, responder mais rapidamente \u00e0s mudan\u00e7as do mercado e oferecer experi\u00eancias superiores aos clientes em compara\u00e7\u00e3o com concorrentes que demoram mais para adotar essas tecnologias.<\/li>\n<\/ul>\n\n\n\n<h2 class=\"wp-block-heading\">Desafios da automa\u00e7\u00e3o de fluxo de trabalho e consultoria de intelig\u00eancia artificial<\/h2>\n\n\n\n<p>Embora a automa\u00e7\u00e3o do fluxo de trabalho e a consultoria em intelig\u00eancia artificial ofere\u00e7am imensas oportunidades, elas tamb\u00e9m apresentam alguns desafios. Compreender e abordar estas quest\u00f5es pode aumentar significativamente a efic\u00e1cia da implementa\u00e7\u00e3o destas tecnologias.<\/p>\n\n\n\n<ul class=\"wp-block-list\">\n<li><strong>Preocupa\u00e7\u00f5es com privacidade e seguran\u00e7a de dados:<\/strong> Com o aumento do uso de IA e automa\u00e7\u00e3o, a privacidade e a seguran\u00e7a dos dados tornam-se preocupa\u00e7\u00f5es primordiais. Garantir a prote\u00e7\u00e3o de informa\u00e7\u00f5es confidenciais e a conformidade com as regulamenta\u00e7\u00f5es de prote\u00e7\u00e3o de dados \u00e9 um grande desafio para as organiza\u00e7\u00f5es.<\/li>\n\n\n\n<li><strong>Resist\u00eancia \u00e0 Mudan\u00e7a:<\/strong> A implementa\u00e7\u00e3o de novas tecnologias muitas vezes encontra resist\u00eancia por parte dos funcion\u00e1rios que se sentem confort\u00e1veis com os processos existentes. Superar esta resist\u00eancia requer estrat\u00e9gias eficazes de gest\u00e3o da mudan\u00e7a e de comunica\u00e7\u00e3o.<\/li>\n\n\n\n<li><strong>Garantindo a precis\u00e3o da IA e a mitiga\u00e7\u00e3o de preconceitos:<\/strong> Os sistemas de IA s\u00e3o t\u00e3o bons quanto os dados nos quais s\u00e3o treinados. Garantir a precis\u00e3o dos resultados da IA e mitigar poss\u00edveis distor\u00e7\u00f5es nos algoritmos de IA \u00e9 crucial para evitar tomadas de decis\u00e3o erradas.<\/li>\n\n\n\n<li><strong>Manter a supervis\u00e3o humana:<\/strong> Embora a IA possa automatizar muitos processos, a supervis\u00e3o humana ainda \u00e9 necess\u00e1ria, especialmente na tomada de decis\u00f5es e no tratamento de situa\u00e7\u00f5es complexas ou incomuns. Equilibrar a automa\u00e7\u00e3o com o julgamento humano \u00e9 um desafio fundamental.<\/li>\n\n\n\n<li><strong>Medindo o sucesso e o ROI:<\/strong> Determinar o sucesso das implementa\u00e7\u00f5es de IA e automa\u00e7\u00e3o e medir seu ROI pode ser um desafio. As empresas devem estabelecer m\u00e9tricas e refer\u00eancias claras para o sucesso.<\/li>\n<\/ul>\n\n\n\n<h2 class=\"wp-block-heading\">Perspectivas de automa\u00e7\u00e3o de fluxo de trabalho e consultoria de intelig\u00eancia artificial<\/h2>\n\n\n\n<p>As perspectivas de automa\u00e7\u00e3o de fluxo de trabalho e consultoria de intelig\u00eancia artificial s\u00e3o promissoras, com impactos potenciais que abrangem v\u00e1rios setores e fun\u00e7\u00f5es de neg\u00f3cios. Aqui est\u00e1 uma olhada no que o futuro reserva neste campo din\u00e2mico:<\/p>\n\n\n\n<ul class=\"wp-block-list\">\n<li><strong>Ado\u00e7\u00e3o generalizada em todos os setores:<\/strong> Espera-se que o uso da automa\u00e7\u00e3o do fluxo de trabalho e da IA se torne mais difundido em diferentes setores. Dos cuidados de sa\u00fade \u00e0s finan\u00e7as, da ind\u00fastria transformadora ao retalho, todos os setores adotar\u00e3o cada vez mais estas tecnologias para otimizar as opera\u00e7\u00f5es e aumentar a efici\u00eancia.<\/li>\n\n\n\n<li><strong>Integra\u00e7\u00e3o com tecnologias emergentes:<\/strong> A automa\u00e7\u00e3o do fluxo de trabalho e a IA provavelmente se integrar\u00e3o a outras tecnologias emergentes, como blockchain, Internet das Coisas (IoT) e realidade aumentada (AR).<\/li>\n\n\n\n<li><strong>Foco na colabora\u00e7\u00e3o Humano-IA:<\/strong> The future will see a stronger focus on how humans and AI systems can collaborate more effectively. <\/li>\n\n\n\n<li><strong>Personaliza\u00e7\u00e3o e Personaliza\u00e7\u00e3o:<\/strong> AI will enable highly customized and personalized workflow solutions tailored to the specific needs of each business. <\/li>\n<\/ul>\n\n\n\n<h2 class=\"wp-block-heading\">Solu\u00e7\u00f5es SIS: Consultoria em Automa\u00e7\u00e3o de Workflow e Intelig\u00eancia Artificial<\/h2>\n\n\n\n<p>Na SIS, nos especializamos em fornecer servi\u00e7os abrangentes de automa\u00e7\u00e3o de fluxo de trabalho e consultoria em intelig\u00eancia artificial para ajudar as empresas a otimizar suas opera\u00e7\u00f5es e desbloquear novos n\u00edveis de produtividade e inova\u00e7\u00e3o. Nossas solu\u00e7\u00f5es personalizadas combinam tecnologias avan\u00e7adas de IA com insights estrat\u00e9gicos para agilizar fluxos de trabalho, melhorar a efici\u00eancia e impulsionar o crescimento. Veja como podemos ajudar:<\/p>\n\n\n\n<ul class=\"wp-block-list\">\n<li><strong>An\u00e1lise Estrat\u00e9gica e Defini\u00e7\u00e3o de Metas:<\/strong> Nossos consultores trabalham em estreita colabora\u00e7\u00e3o com sua equipe para entender seus objetivos de neg\u00f3cios e identificar \u00e1reas onde a automa\u00e7\u00e3o do fluxo de trabalho e a IA podem agregar mais valor. Ajudamos a definir objetivos claros e a desenvolver um roteiro para a implementa\u00e7\u00e3o de solu\u00e7\u00f5es baseadas em IA que se alinhem com suas prioridades estrat\u00e9gicas.<\/li>\n\n\n\n<li><strong>Desenvolvimento de solu\u00e7\u00f5es personalizadas:<\/strong> We leverage cutting-edge AI technologies to develop custom solutions tailored to your specific business needs. <\/li>\n\n\n\n<li><strong>Integra\u00e7\u00e3o e Implementa\u00e7\u00e3o:<\/strong> Nossa equipe gerencia a implementa\u00e7\u00e3o ponta a ponta de fluxos de trabalho orientados por IA, garantindo integra\u00e7\u00e3o perfeita com seus sistemas e processos existentes. Fornecemos suporte pr\u00e1tico durante todo o processo de implanta\u00e7\u00e3o, desde a instala\u00e7\u00e3o do software at\u00e9 o treinamento e ado\u00e7\u00e3o do usu\u00e1rio.<\/li>\n\n\n\n<li><strong>Monitoramento e otimiza\u00e7\u00e3o de desempenho:<\/strong> Monitoramos continuamente o desempenho de seus fluxos de trabalho orientados por IA e os ajustamos para maximizar a efici\u00eancia e a efic\u00e1cia. Nossa abordagem baseada em dados nos permite identificar \u00e1reas de melhoria e implementar otimiza\u00e7\u00f5es que geram resultados mensur\u00e1veis.<\/li>\n\n\n\n<li><strong>Conformidade \u00c9tica e Regulat\u00f3ria:<\/strong> Priorizamos a privacidade e a seguran\u00e7a dos dados, garantindo que as nossas solu\u00e7\u00f5es de IA cumprem os mais elevados padr\u00f5es de conformidade \u00e9tica e regulamentar. Implementamos medidas de seguran\u00e7a robustas e controles de privacidade para proteger dados confidenciais e mitigar riscos potenciais.<\/li>\n\n\n\n<li><strong>Gest\u00e3o de Mudan\u00e7as e Treinamento:<\/strong> We provide comprehensive change management support to help your team transition to AI-driven workflows smoothly. <\/li>\n\n\n\n<li><strong>Inova\u00e7\u00e3o Cont\u00ednua:<\/strong> Permanecemos na vanguarda da tecnologia de IA e das melhores pr\u00e1ticas do setor, o que nos permite fornecer solu\u00e7\u00f5es inovadoras que impulsionam a melhoria e a inova\u00e7\u00e3o cont\u00ednuas. Nosso compromisso de permanecer \u00e0 frente da curva garante que sua empresa permane\u00e7a competitiva em um cen\u00e1rio em r\u00e1pida evolu\u00e7\u00e3o.<\/li>\n<\/ul>\n\n\n\n<p>Fa\u00e7a parceria com a SIS para aproveitar o poder da automa\u00e7\u00e3o do fluxo de trabalho e da intelig\u00eancia artificial e transformar sua empresa em uma organiza\u00e7\u00e3o mais enxuta, mais \u00e1gil e mais competitiva. Com a nossa orienta\u00e7\u00e3o estrat\u00e9gica e solu\u00e7\u00f5es de ponta, voc\u00ea pode desbloquear novas oportunidades de crescimento e inova\u00e7\u00e3o na era digital de hoje.<\/p>","protected":false},"excerpt":{"rendered":"<p>A automa\u00e7\u00e3o do fluxo de trabalho e a consultoria em intelig\u00eancia artificial combinam a efici\u00eancia da automa\u00e7\u00e3o de processos de neg\u00f3cios rotineiros com IA.<\/p>","protected":false},"author":1,"featured_media":71752,"parent":44406,"menu_order":32,"comment_status":"closed","ping_status":"closed","template":"","meta":{"footnotes":""},"class_list":["post-44802","page","type-page","status-publish","has-post-thumbnail"],"_links":{"self":[{"href":"https:\/\/www.sisinternational.com\/pt\/wp-json\/wp\/v2\/pages\/44802","targetHints":{"allow":["GET"]}}],"collection":[{"href":"https:\/\/www.sisinternational.com\/pt\/wp-json\/wp\/v2\/pages"}],"about":[{"href":"https:\/\/www.sisinternational.com\/pt\/wp-json\/wp\/v2\/types\/page"}],"author":[{"embeddable":true,"href":"https:\/\/www.sisinternational.com\/pt\/wp-json\/wp\/v2\/users\/1"}],"replies":[{"embeddable":true,"href":"https:\/\/www.sisinternational.com\/pt\/wp-json\/wp\/v2\/comments?post=44802"}],"version-history":[{"count":6,"href":"https:\/\/www.sisinternational.com\/pt\/wp-json\/wp\/v2\/pages\/44802\/revisions"}],"predecessor-version":[{"id":83076,"href":"https:\/\/www.sisinternational.com\/pt\/wp-json\/wp\/v2\/pages\/44802\/revisions\/83076"}],"up":[{"embeddable":true,"href":"https:\/\/www.sisinternational.com\/pt\/wp-json\/wp\/v2\/pages\/44406"}],"wp:featuredmedia":[{"embeddable":true,"href":"https:\/\/www.sisinternational.com\/pt\/wp-json\/wp\/v2\/media\/71752"}],"wp:attachment":[{"href":"https:\/\/www.sisinternational.com\/pt\/wp-json\/wp\/v2\/media?parent=44802"}],"curies":[{"name":"wp","href":"https:\/\/api.w.org\/{rel}","templated":true}]}}