{"id":44799,"date":"2024-01-07T20:14:05","date_gmt":"2024-01-08T01:14:05","guid":{"rendered":"https:\/\/www.sisinternational.com\/?page_id=44799"},"modified":"2026-02-18T12:29:39","modified_gmt":"2026-02-18T17:29:39","slug":"va-para-o-mercado-de-consultoria-em-inteligencia-artificial","status":"publish","type":"page","link":"https:\/\/www.sisinternational.com\/pt\/solucoes\/pesquisa-de-mercado-de-ia-e-consultoria-estrategica\/va-para-o-mercado-de-consultoria-em-inteligencia-artificial\/","title":{"rendered":"Consultoria de Intelig\u00eancia Artificial Go-To-Market"},"content":{"rendered":"<h1 class=\"wp-block-heading\">Consultoria de Intelig\u00eancia Artificial Go-To-Market<\/h1>\n\n\n\n<figure class=\"gb-block-image gb-block-image-12e7fe3f\"><img loading=\"lazy\" decoding=\"async\" width=\"1456\" height=\"816\" class=\"gb-image gb-image-12e7fe3f\" src=\"https:\/\/www.sisinternational.com\/wp-content\/uploads\/2025\/10\/Corporate-Governance-4.jpg\" alt=\"Pesquisa e Estrat\u00e9gia de Mercado Internacional da SIS\" title=\"Corporate Governance (4)\" srcset=\"https:\/\/www.sisinternational.com\/wp-content\/uploads\/2025\/10\/Corporate-Governance-4.jpg 1456w, https:\/\/www.sisinternational.com\/wp-content\/uploads\/2025\/10\/Corporate-Governance-4-300x168.jpg 300w, https:\/\/www.sisinternational.com\/wp-content\/uploads\/2025\/10\/Corporate-Governance-4-1024x574.jpg 1024w, https:\/\/www.sisinternational.com\/wp-content\/uploads\/2025\/10\/Corporate-Governance-4-768x430.jpg 768w, https:\/\/www.sisinternational.com\/wp-content\/uploads\/2025\/10\/Corporate-Governance-4-18x10.jpg 18w\" sizes=\"auto, (max-width: 1456px) 100vw, 1456px\"><\/figure>\n\n\n\n<p><\/p>\n\n\n\n<p>Numa era em que a din\u00e2mica do mercado est\u00e1 em constante evolu\u00e7\u00e3o, aproveitar o potencial da IA para analisar, prever e criar estrat\u00e9gias pode ser a diferen\u00e7a entre uma entrada bem-sucedida no mercado e uma oportunidade perdida. \u00c9 por isso que a consultoria de intelig\u00eancia artificial go-to-market fornece \u00e0s empresas as ferramentas avan\u00e7adas e os conhecimentos necess\u00e1rios para navegar em mercados complexos, garantindo que as suas estrat\u00e9gias de entrada n\u00e3o s\u00e3o apenas bem informadas, mas tamb\u00e9m est\u00e3o \u00e0 frente da curva.<\/p>\n\n\n\n<h2 class=\"wp-block-heading\">O que \u00e9 consultoria de intelig\u00eancia artificial go-to-market?<\/h2>\n\n\n\n<p>A consultoria de IA de entrada no mercado oferece \u00e0s empresas uma vantagem no lan\u00e7amento de novos produtos, na entrada em novos mercados ou no reposicionamento de ofertas existentes. Esta forma de consultoria aproveita v\u00e1rias ferramentas e metodologias de IA (como aprendizado de m\u00e1quina, an\u00e1lise de dados, modelagem preditiva e processamento de linguagem natural) para analisar dados de mercado, comportamento do consumidor e cen\u00e1rios competitivos. O objetivo \u00e9 fornecer \u00e0s empresas intelig\u00eancia acion\u00e1vel que possa informar todos os aspectos de sua estrat\u00e9gia de entrada no mercado.<\/p>\n\n\n\n<h2 class=\"wp-block-heading\">Por que as empresas precisam de consultoria de intelig\u00eancia artificial para entrada no mercado?<\/h2>\n\n\n\n<p><a title=\"Consultoria FinTech Go-To-Market\" href=\"https:\/\/www.sisinternational.com\/pt\/solucoes\/pesquisa-de-consultoria-em-estrategia-fintech\/consultoria-go-to-market-de-fintech\/\" data-wpil-monitor-id=\"5872\">Go-to-market AI consulting<\/a> helps businesses navigate the complexities of modern marketplaces effectively. By leveraging AI-driven insights, predictive analytics, and personalized strategies, businesses can execute more effective, efficient, and adaptive strategies<\/p>\n\n\n\n<h2 class=\"wp-block-heading\">Como conduzir consultoria de intelig\u00eancia artificial go-to-market<\/h2>\n\n\n\n<p>Conduzindo <a title=\"B2B Go-to-Market Strategy\" href=\"https:\/\/www.sisinternational.com\/pt\/b2b-go-to-market-strategy\/\" data-wpil-monitor-id=\"802\">go-to-market artificial intelligence consulting<\/a> effectively involves a structured approach that leverages AI technologies and data analytics to develop comprehensive market entry strategies. This process is multi-faceted, combining in-depth market analysis, predictive modeling, and strategic planning to ensure that businesses can enter new markets or launch products with the highest chance of success.<\/p>\n\n\n\n<ul class=\"wp-block-list\">\n<li><strong>Avalia\u00e7\u00e3o inicial e defini\u00e7\u00e3o de metas:<\/strong> The first step is to understand the business\u2019s objectives, products or services, and the market landscape. <\/li>\n\n\n\n<li><strong>Coleta e an\u00e1lise de dados:<\/strong> Isso inclui dados de mercado, insights sobre o comportamento do consumidor, an\u00e1lise da concorr\u00eancia e quaisquer tend\u00eancias relevantes do setor. Ferramentas de IA s\u00e3o empregadas para processar e analisar esses dados, descobrindo padr\u00f5es e insights que podem n\u00e3o ser vis\u00edveis atrav\u00e9s da an\u00e1lise tradicional.<\/li>\n\n\n\n<li><strong>Segmenta\u00e7\u00e3o e direcionamento de mercado:<\/strong> Utilizando os insights obtidos na an\u00e1lise de dados, o pr\u00f3ximo passo \u00e9 segmentar o mercado e identificar o p\u00fablico-alvo. Os algoritmos de IA podem ajudar a criar perfis detalhados de clientes e prever quais segmentos t\u00eam maior probabilidade de responder positivamente ao produto ou servi\u00e7o.<\/li>\n\n\n\n<li><strong>Desenvolvendo a Proposta de Valor:<\/strong> A partir do entendimento do mercado-alvo e das necessidades do cliente, a proposta de valor \u00e9 elaborada. A IA pode ajudar a adaptar esta proposta para repercutir em segmentos espec\u00edficos de clientes, aumentando o seu apelo e efic\u00e1cia.<\/li>\n\n\n\n<li><strong>Estrat\u00e9gia e Otimiza\u00e7\u00e3o de Canais:<\/strong> A IA \u00e9 usada para analisar v\u00e1rios canais de distribui\u00e7\u00e3o para determinar as formas mais eficazes de atingir o p\u00fablico-alvo. Isto pode incluir canais digitais, varejo tradicional, vendas diretas ou uma combina\u00e7\u00e3o de diferentes m\u00e9todos.<\/li>\n\n\n\n<li><strong>Estrat\u00e9gia de pre\u00e7os:<\/strong> As ferramentas de IA tamb\u00e9m podem ajudar no desenvolvimento de uma estrat\u00e9gia de pre\u00e7os, analisando tend\u00eancias de mercado, pre\u00e7os dos concorrentes e sensibilidade do cliente. Modelos de pre\u00e7os din\u00e2micos podem ser criados para ajustar os pre\u00e7os em tempo real com base nas condi\u00e7\u00f5es de mercado.<\/li>\n\n\n\n<li><strong>Marketing and <a class=\"wpil_keyword_link\" title=\"Solu\u00e7\u00f5es de vendas e estrat\u00e9gia\" data-wpil-keyword-link=\"linked\" data-wpil-monitor-id=\"303\" href=\"https:\/\/www.sisinternational.com\/pt\/solucoes\/solucoes-de-estrategia-de-vendas\/\">Estrat\u00e9gia de vendas<\/a> Formulation:<\/strong> Com os recursos preditivos da IA, as empresas podem desenvolver estrat\u00e9gias direcionadas de marketing e vendas. Isso inclui campanhas de marketing personalizadas, recomenda\u00e7\u00f5es de vendas baseadas em IA e ferramentas automatizadas de envolvimento do cliente.<\/li>\n\n\n\n<li><strong>Implementa\u00e7\u00e3o e Monitoramento:<\/strong> Uma vez formulada a estrat\u00e9gia, ela \u00e9 implementada nos canais escolhidos. Os sistemas de IA continuam a monitorar as respostas do mercado, o comportamento do consumidor e o desempenho das campanhas, fornecendo feedback em tempo real.<\/li>\n\n\n\n<li><strong>Melhoria Cont\u00ednua e Adapta\u00e7\u00e3o:<\/strong> A etapa final \u00e9 usar os dados e insights coletados durante a fase de implementa\u00e7\u00e3o para refinar e adaptar continuamente a estrat\u00e9gia. Os algoritmos de aprendizagem da IA garantem que a abordagem evolua em resposta \u00e0s mudan\u00e7as na din\u00e2mica do mercado e nas prefer\u00eancias do consumidor.<\/li>\n<\/ul>\n\n\n\n<h2 class=\"wp-block-heading\">O impacto da consultoria de intelig\u00eancia artificial go-to-market nas empresas<\/h2>\n\n\n\n<p>O envolvimento em consultoria de intelig\u00eancia artificial de entrada no mercado traz um conjunto de expectativas e resultados que podem transformar a abordagem de uma empresa para entrada e expans\u00e3o no mercado. Este tipo de consultoria oferece uma combina\u00e7\u00e3o de an\u00e1lises avan\u00e7adas, planejamento estrat\u00e9gico e insights de mercado, todos impulsionados pelos poderosos recursos da IA.<\/p>\n\n\n\n<ul class=\"wp-block-list\">\n<li><strong>Decis\u00f5es informadas de entrada no mercado:<\/strong> Uma das principais expectativas da consultoria de IA de entrada no mercado \u00e9 tomar decis\u00f5es mais informadas e baseadas em dados. As empresas podem esperar insights abrangentes sobre a din\u00e2mica do mercado, o comportamento do consumidor e os cen\u00e1rios competitivos, permitindo-lhes tomar decis\u00f5es estrat\u00e9gicas apoiadas por dados s\u00f3lidos.<\/li>\n\n\n\n<li><strong>Estrat\u00e9gias de mercado personalizadas:<\/strong> A capacidade da IA de analisar e interpretar grandes quantidades de dados significa que as estrat\u00e9gias podem ser altamente personalizadas de acordo com os objetivos espec\u00edficos do neg\u00f3cio e as nuances do mercado-alvo. Isso leva a estrat\u00e9gias de entrada no mercado mais eficazes e direcionadas.<\/li>\n\n\n\n<li><strong>Maior efici\u00eancia e ROI:<\/strong> AI-driven strategies often lead to increased operational efficiency and a higher return on investment. <\/li>\n\n\n\n<li><strong>Mitiga\u00e7\u00e3o de riscos:<\/strong> Com an\u00e1lises preditivas e an\u00e1lises detalhadas de mercado, as empresas podem antecipar e mitigar riscos potenciais associados \u00e0 entrada no mercado, reduzindo as chances de erros dispendiosos.<\/li>\n<\/ul>\n\n\n\n<p>Aprendizagem e melhoria cont\u00ednuas: os sistemas de IA aprendem com o tempo, o que significa que os insights e estrat\u00e9gias que fornecem tornam-se mais refinados e eficazes. As empresas podem esperar uma melhoria cont\u00ednua nas suas estrat\u00e9gias de mercado \u00e0 medida que mais dados s\u00e3o recolhidos e analisados.<\/p>\n\n\n\n<h2 class=\"wp-block-heading\">Tend\u00eancias atuais em consultoria de intelig\u00eancia artificial go-to-market<\/h2>\n\n\n\n<p>O campo da consultoria de IA go-to-market est\u00e1 evoluindo, com novas tend\u00eancias surgindo \u00e0 medida que a tecnologia avan\u00e7a e a din\u00e2mica do mercado muda \u2013 e aqui est\u00e3o algumas das tend\u00eancias atuais neste campo:<\/p>\n\n\n\n<ul class=\"wp-block-list\">\n<li><strong>Personaliza\u00e7\u00e3o em escala:<\/strong> AI is enabling businesses to personalize their marketing and sales strategies at a scale previously unattainable. <\/li>\n\n\n\n<li><strong>Integra\u00e7\u00e3o de IA com outras tecnologias:<\/strong> The integration of AI with other emerging technologies like the Internet of Things (IoT), blockchain, and augmented reality is gaining momentum. <\/li>\n\n\n\n<li><strong>Foco na otimiza\u00e7\u00e3o da experi\u00eancia do cliente:<\/strong> There is an increasing focus on using AI to optimize the customer experience. <\/li>\n\n\n\n<li><strong>Insights de mercado em tempo real:<\/strong> A capacidade da IA de fornecer insights em tempo real est\u00e1 se tornando cada vez mais importante. As empresas est\u00e3o usando IA para monitorar continuamente as condi\u00e7\u00f5es do mercado, os sentimentos dos consumidores e as a\u00e7\u00f5es competitivas, permitindo-lhes tomar decis\u00f5es r\u00e1pidas e informadas.<\/li>\n\n\n\n<li><strong>Estrat\u00e9gias de pre\u00e7os automatizadas e din\u00e2micas:<\/strong> AI is being used to develop more dynamic and automated pricing strategies. <\/li>\n<\/ul>\n\n\n\n<h2 class=\"wp-block-heading\">Oportunidades para consultoria de intelig\u00eancia artificial go-to-market<\/h2>\n\n\n\n<p>A integra\u00e7\u00e3o da intelig\u00eancia artificial nas estrat\u00e9gias de entrada no mercado abre diversas oportunidades para as empresas. Estas oportunidades n\u00e3o s\u00f3 melhoram a efici\u00eancia e a efic\u00e1cia das estrat\u00e9gias de entrada no mercado, mas tamb\u00e9m impulsionam a inova\u00e7\u00e3o, o envolvimento do cliente e a vantagem competitiva.<\/p>\n\n\n\n<ul class=\"wp-block-list\">\n<li><strong>Precis\u00e3o na segmenta\u00e7\u00e3o do mercado-alvo:<\/strong> A IA permite a segmenta\u00e7\u00e3o precisa dos mercados-alvo. As empresas podem identificar e concentrar-se nos segmentos mais rent\u00e1veis e receptivos, garantindo que os esfor\u00e7os de marketing se concentrem onde ter\u00e3o maior impacto.<\/li>\n\n\n\n<li><strong>Agilidade na Resposta ao Mercado:<\/strong> A an\u00e1lise em tempo real da IA permite que as empresas se adaptem rapidamente \u00e0s mudan\u00e7as do mercado. Esta agilidade \u00e9 crucial para responder a a\u00e7\u00f5es competitivas, mudan\u00e7as nas prefer\u00eancias dos consumidores ou perturba\u00e7\u00f5es do mercado.<\/li>\n\n\n\n<li><strong>Desenvolvimento de produtos inovadores:<\/strong> Os insights obtidos com a IA podem informar o desenvolvimento de produtos, levando a produtos mais inovadores e centrados no cliente. A IA pode ajudar a identificar lacunas no mercado ou tend\u00eancias emergentes que novos produtos podem resolver.<\/li>\n\n\n\n<li><strong>Redu\u00e7\u00e3o de risco na entrada no mercado:<\/strong> Ao fornecer an\u00e1lises de mercado abrangentes e insights preditivos, a IA reduz os riscos associados \u00e0 entrada no mercado. As empresas podem antecipar desafios potenciais e elaborar estrat\u00e9gias para mitig\u00e1-los.<\/li>\n\n\n\n<li><strong>Penetra\u00e7\u00e3o no mercado global:<\/strong> As ferramentas de IA podem analisar as tend\u00eancias do mercado global e os comportamentos dos consumidores, fornecendo \u00e0s empresas os conhecimentos necess\u00e1rios para entrar e competir de forma eficaz nos mercados internacionais.<\/li>\n<\/ul>\n\n\n\n<h2 class=\"wp-block-heading\">Desafios da consultoria de intelig\u00eancia artificial go-to-market<\/h2>\n\n\n\n<p>Mas a consultoria de IA para entrada no mercado tamb\u00e9m traz seus desafios \u2013 e aqui est\u00e3o alguns dos principais desafios neste campo: Qualidade e disponibilidade de dados: a efic\u00e1cia da IA depende fortemente da qualidade e quantidade de dados dispon\u00edveis. A coleta de dados de mercado abrangentes, precisos e relevantes pode ser dif\u00edcil, e dados de baixa qualidade podem levar a insights de IA enganosos.<\/p>\n\n\n\n<ul class=\"wp-block-list\">\n<li><strong>Risco de depend\u00eancia excessiva da IA:<\/strong> Existe o risco de nos tornarmos excessivamente dependentes de insights baseados na IA, potencialmente ignorando as nuances e a imprevisibilidade do comportamento humano e da din\u00e2mica do mercado.<\/li>\n\n\n\n<li><strong>Complexidade do mercado global:<\/strong> Ao lidar com mercados globais, a complexidade aumenta \u00e0 medida que a IA deve ter em conta diversos comportamentos dos consumidores, nuances culturais e ambientes regulamentares em diferentes regi\u00f5es.<\/li>\n\n\n\n<li><strong>Desafios de escalabilidade:<\/strong> \u00c0 medida que as empresas crescem e se expandem para novos mercados, dimensionar as solu\u00e7\u00f5es de IA para atender \u00e0s necessidades em constante mudan\u00e7a pode ser um desafio. Garantir que os sistemas de IA sejam adapt\u00e1veis e escal\u00e1veis \u00e9 crucial para o sucesso a longo prazo.<\/li>\n\n\n\n<li><strong>Equilibrando Personaliza\u00e7\u00e3o com Generaliza\u00e7\u00e3o:<\/strong> Embora a personaliza\u00e7\u00e3o seja um ponto forte da IA, encontrar o equil\u00edbrio certo entre o marketing personalizado e o apelo mais amplo do mercado pode ser um desafio. A personaliza\u00e7\u00e3o excessiva pode levar \u00e0 perda de segmentos de mercado mais amplos.<\/li>\n<\/ul>\n\n\n\n<h2 class=\"wp-block-heading\">Solu\u00e7\u00f5es SIS: Consultoria de Intelig\u00eancia Artificial Go-To-Market<\/h2>\n\n\n\n<p>Na SIS, nos especializamos em fornecer servi\u00e7os abrangentes de consultoria em intelig\u00eancia artificial para entrada no mercado, que capacitam as empresas a navegar em cen\u00e1rios de mercado complexos com confian\u00e7a e agilidade. Aproveitando tecnologias avan\u00e7adas de IA e insights baseados em dados, ajudamos nossos clientes a desenvolver e executar estrat\u00e9gias de entrada no mercado altamente eficazes que impulsionam o crescimento, a inova\u00e7\u00e3o e a vantagem competitiva. Veja como podemos ajudar:<\/p>\n\n\n\n<ul class=\"wp-block-list\">\n<li><strong>An\u00e1lise Estrat\u00e9gica e Defini\u00e7\u00e3o de Metas:<\/strong> Nossos consultores trabalham em estreita colabora\u00e7\u00e3o com sua equipe para entender seus objetivos de neg\u00f3cios, mercados-alvo e cen\u00e1rio competitivo. Ajudamos a definir metas claras para sua estrat\u00e9gia de entrada no mercado, garantindo o alinhamento com seus objetivos gerais de neg\u00f3cios.<\/li>\n\n\n\n<li><strong>Coleta e an\u00e1lise de dados:<\/strong> Aproveitamos ferramentas de an\u00e1lise de dados baseadas em IA para coletar e analisar grandes quantidades de dados de mercado, insights sobre o comportamento do consumidor e intelig\u00eancia competitiva. Nossos recursos anal\u00edticos avan\u00e7ados nos permitem descobrir insights acion\u00e1veis e identificar as principais oportunidades de mercado.<\/li>\n\n\n\n<li><strong>Segmenta\u00e7\u00e3o e direcionamento de mercado:<\/strong> Utilizando algoritmos de IA, segmentamos o mercado e identificamos o p\u00fablico-alvo mais lucrativo para seus produtos ou servi\u00e7os. Criamos perfis detalhados de clientes e desenvolvemos estrat\u00e9gias de marketing direcionadas para alcan\u00e7ar e envolver efetivamente seu p\u00fablico-alvo.<\/li>\n\n\n\n<li><strong>Desenvolvimento de Proposta de Valor:<\/strong> Com base em nosso profundo conhecimento do seu mercado-alvo e das necessidades dos clientes, ajudamos a criar propostas de valor atraentes que repercutam no seu p\u00fablico-alvo. Nossa abordagem orientada por IA garante que sua proposta de valor seja adaptada para atender aos pontos problem\u00e1ticos e prefer\u00eancias espec\u00edficas de seus clientes.<\/li>\n\n\n\n<li><strong>Estrat\u00e9gia e Otimiza\u00e7\u00e3o de Canais:<\/strong> We analyze various distribution channels to determine the most effective ways to reach your target audience. <\/li>\n\n\n\n<li><strong>Desenvolvimento de estrat\u00e9gia de pre\u00e7os:<\/strong> Nossas ferramentas de IA analisam tend\u00eancias de mercado, pre\u00e7os de concorrentes e prefer\u00eancias de clientes para desenvolver uma estrat\u00e9gia de pre\u00e7os que maximize a lucratividade e ao mesmo tempo permane\u00e7a competitiva. Ajudamos a implementar modelos de pre\u00e7os din\u00e2micos que ajustam os pre\u00e7os em tempo real com base nas condi\u00e7\u00f5es do mercado.<\/li>\n\n\n\n<li><strong>Formula\u00e7\u00e3o de Estrat\u00e9gia de Marketing e Vendas:<\/strong> Desenvolvemos estrat\u00e9gias personalizadas de marketing e vendas que aproveitam insights baseados em IA para atingir e envolver seu p\u00fablico de maneira eficaz. Desde campanhas de marketing personalizadas at\u00e9 recomenda\u00e7\u00f5es de vendas baseadas em IA, ajudamos a otimizar cada etapa da jornada do cliente.<\/li>\n\n\n\n<li><strong>Implementa\u00e7\u00e3o e Monitoramento:<\/strong> We assist in the implementation of your go-to-market strategy across chosen channels, continuously monitoring market responses, consumer behavior, and campaign performance. <\/li>\n\n\n\n<li><strong>Melhoria Cont\u00ednua e Adapta\u00e7\u00e3o:<\/strong> Usamos os dados e insights coletados durante a implementa\u00e7\u00e3o para refinar e adaptar continuamente sua estrat\u00e9gia de entrada no mercado. Nossos algoritmos de IA aprendem com o tempo, garantindo que sua abordagem evolua em resposta \u00e0s mudan\u00e7as na din\u00e2mica do mercado e nas prefer\u00eancias do consumidor.<\/li>\n<\/ul>\n\n\n\n<p>Nossa experiente equipe de consultores, combinada com nossas tecnologias de IA l\u00edderes do setor, garante que sua estrat\u00e9gia de entrada no mercado n\u00e3o seja apenas bem informada, mas tamb\u00e9m inovadora. Com nossas solu\u00e7\u00f5es personalizadas e orienta\u00e7\u00e3o estrat\u00e9gica, voc\u00ea pode navegar com confian\u00e7a pelas complexidades dos mercados modernos e impulsionar o sucesso do seu neg\u00f3cio.<\/p>","protected":false},"excerpt":{"rendered":"<p>A consultoria de IA de entrada no mercado oferece \u00e0s empresas uma vantagem no lan\u00e7amento de novos produtos, na entrada em novos mercados ou no reposicionamento de ofertas existentes.<\/p>","protected":false},"author":1,"featured_media":71934,"parent":44406,"menu_order":31,"comment_status":"closed","ping_status":"closed","template":"","meta":{"footnotes":""},"class_list":["post-44799","page","type-page","status-publish","has-post-thumbnail"],"_links":{"self":[{"href":"https:\/\/www.sisinternational.com\/pt\/wp-json\/wp\/v2\/pages\/44799","targetHints":{"allow":["GET"]}}],"collection":[{"href":"https:\/\/www.sisinternational.com\/pt\/wp-json\/wp\/v2\/pages"}],"about":[{"href":"https:\/\/www.sisinternational.com\/pt\/wp-json\/wp\/v2\/types\/page"}],"author":[{"embeddable":true,"href":"https:\/\/www.sisinternational.com\/pt\/wp-json\/wp\/v2\/users\/1"}],"replies":[{"embeddable":true,"href":"https:\/\/www.sisinternational.com\/pt\/wp-json\/wp\/v2\/comments?post=44799"}],"version-history":[{"count":6,"href":"https:\/\/www.sisinternational.com\/pt\/wp-json\/wp\/v2\/pages\/44799\/revisions"}],"predecessor-version":[{"id":82986,"href":"https:\/\/www.sisinternational.com\/pt\/wp-json\/wp\/v2\/pages\/44799\/revisions\/82986"}],"up":[{"embeddable":true,"href":"https:\/\/www.sisinternational.com\/pt\/wp-json\/wp\/v2\/pages\/44406"}],"wp:featuredmedia":[{"embeddable":true,"href":"https:\/\/www.sisinternational.com\/pt\/wp-json\/wp\/v2\/media\/71934"}],"wp:attachment":[{"href":"https:\/\/www.sisinternational.com\/pt\/wp-json\/wp\/v2\/media?parent=44799"}],"curies":[{"name":"wp","href":"https:\/\/api.w.org\/{rel}","templated":true}]}}