{"id":44702,"date":"2024-01-06T15:51:10","date_gmt":"2024-01-06T20:51:10","guid":{"rendered":"https:\/\/www.sisinternational.com\/?page_id=44702"},"modified":"2026-02-18T12:26:52","modified_gmt":"2026-02-18T17:26:52","slug":"empresa-global-de-consultoria-em-automacao-de-ia","status":"publish","type":"page","link":"https:\/\/www.sisinternational.com\/pt\/solucoes\/pesquisa-de-mercado-de-ia-e-consultoria-estrategica\/empresa-global-de-consultoria-em-automacao-de-ia\/","title":{"rendered":"Empresa global de consultoria em IA e automa\u00e7\u00e3o"},"content":{"rendered":"<h1 class=\"wp-block-heading\">Empresa global de consultoria em intelig\u00eancia artificial e automa\u00e7\u00e3o<\/h1>\n\n\n\n<figure class=\"gb-block-image gb-block-image-4a6e935d\"><img loading=\"lazy\" decoding=\"async\" width=\"1456\" height=\"816\" class=\"gb-image gb-image-4a6e935d\" src=\"https:\/\/www.sisinternational.com\/wp-content\/uploads\/2025\/08\/Global-1-2.jpg\" alt=\"Pesquisa e Estrat\u00e9gia de Mercado Internacional da SIS\" title=\"Global 1 (2)\" srcset=\"https:\/\/www.sisinternational.com\/wp-content\/uploads\/2025\/08\/Global-1-2.jpg 1456w, https:\/\/www.sisinternational.com\/wp-content\/uploads\/2025\/08\/Global-1-2-300x168.jpg 300w, https:\/\/www.sisinternational.com\/wp-content\/uploads\/2025\/08\/Global-1-2-1024x574.jpg 1024w, https:\/\/www.sisinternational.com\/wp-content\/uploads\/2025\/08\/Global-1-2-768x430.jpg 768w, https:\/\/www.sisinternational.com\/wp-content\/uploads\/2025\/08\/Global-1-2-18x10.jpg 18w\" sizes=\"auto, (max-width: 1456px) 100vw, 1456px\"><\/figure>\n\n\n\n<p><\/p>\n\n\n\n<p>Sua empresa pode se dar ao luxo de ficar \u00e0 margem da revolu\u00e7\u00e3o da IA? \u00c0 medida que as empresas em todo o mundo enfrentam as complexidades da transforma\u00e7\u00e3o digital, uma empresa global de consultoria em intelig\u00eancia artificial e automa\u00e7\u00e3o est\u00e1 na intersec\u00e7\u00e3o entre tecnologia de ponta e perspic\u00e1cia empresarial estrat\u00e9gica, oferecendo uma combina\u00e7\u00e3o \u00fanica de conhecimentos que pode desbloquear um crescimento sem precedentes.<\/p>\n\n\n\n<h2 class=\"wp-block-heading\">Compreendendo o papel de uma empresa global de consultoria em intelig\u00eancia artificial e automa\u00e7\u00e3o hoje<\/h2>\n\n\n\n<p>Uma empresa global de consultoria em intelig\u00eancia artificial e automa\u00e7\u00e3o oferece conhecimento especializado para empresas em todo o mundo, combinando IA e tecnologias de automa\u00e7\u00e3o para criar solu\u00e7\u00f5es que transformam ind\u00fastrias e redefinem paradigmas operacionais.<\/p>\n\n\n\n<p>Na sua ess\u00eancia, uma empresa global de consultoria em intelig\u00eancia artificial e automa\u00e7\u00e3o \u00e9 uma mistura de componentes-chave: intelig\u00eancia artificial, automa\u00e7\u00e3o e alcance global. Atrav\u00e9s de tecnologias de comunica\u00e7\u00e3o avan\u00e7adas e de uma rede de especialistas espalhados por todo o mundo, estas empresas prestam os seus servi\u00e7os a uma gama diversificada de clientes, desde pequenas startups at\u00e9 grandes corpora\u00e7\u00f5es multinacionais. Esta presen\u00e7a global permite-lhes explorar um vasto conjunto de talentos e conhecimentos para compreender e enfrentar os desafios e oportunidades \u00fanicos que os diferentes mercados apresentam.<\/p>\n\n\n\n<h2 class=\"wp-block-heading\">O papel destacado de uma empresa de consultoria em automa\u00e7\u00e3o na intelig\u00eancia artificial global<\/h2>\n\n\n\n<p>Uma das principais fun\u00e7\u00f5es dessas empresas \u00e9 servir como consultores estrat\u00e9gicos. Eles ajudam as empresas a compreender o potencial da IA e da automa\u00e7\u00e3o no seu contexto espec\u00edfico, orientando-as na identifica\u00e7\u00e3o de oportunidades onde estas tecnologias podem gerar valor. Isto envolve n\u00e3o apenas uma compreens\u00e3o profunda das tecnologias de IA e automa\u00e7\u00e3o, mas tamb\u00e9m uma consci\u00eancia dos desafios e oportunidades espec\u00edficos do setor.<\/p>\n\n\n\n<p>Uma empresa global de consultoria em intelig\u00eancia artificial e automa\u00e7\u00e3o trabalha em estreita colabora\u00e7\u00e3o com as empresas para desenvolver solu\u00e7\u00f5es personalizadas que se alinhem com suas necessidades e objetivos exclusivos. Isso inclui tudo, desde a automatiza\u00e7\u00e3o de tarefas rotineiras at\u00e9 a implementa\u00e7\u00e3o de sistemas anal\u00edticos complexos baseados em IA para a tomada de decis\u00f5es estrat\u00e9gicas. Como entidade global, uma empresa de consultoria em automa\u00e7\u00e3o tamb\u00e9m traz consigo uma riqueza de conhecimentos e experi\u00eancias diversas, tornando-se um catalisador para a inova\u00e7\u00e3o.<\/p>\n\n\n\n<h2 class=\"wp-block-heading\">Como conduzir pesquisas globais de intelig\u00eancia artificial e automa\u00e7\u00e3o<\/h2>\n\n\n\n<p>A ajuda de uma empresa global de consultoria em intelig\u00eancia artificial e automa\u00e7\u00e3o \u00e9 essencial para permanecer na vanguarda da inova\u00e7\u00e3o em IA e automa\u00e7\u00e3o. Ele auxilia as empresas a compreender as tend\u00eancias do mercado global, os diversos comportamentos dos consumidores e os diversos cen\u00e1rios regulat\u00f3rios. Aqui est\u00e1 uma vis\u00e3o geral de como uma empresa global de consultoria em intelig\u00eancia artificial e automa\u00e7\u00e3o pode abordar essa tarefa:<\/p>\n\n\n\n<ul class=\"wp-block-list\">\n<li><strong>Extensa coleta de dados:<\/strong> A recolha de dados extensos e de alta qualidade de m\u00faltiplas fontes e regi\u00f5es \u00e9 fundamental. Isso inclui dados de plataformas online, dispositivos IoT, relat\u00f3rios do setor e pesquisas com consumidores. Quanto mais diversificados e abrangentes forem os dados, mais ricos ser\u00e3o os insights que podem ser derivados deles.<\/li>\n\n\n\n<li><strong>Colabora\u00e7\u00e3o com especialistas da academia e da ind\u00fastria:<\/strong> A colabora\u00e7\u00e3o com institui\u00e7\u00f5es acad\u00eamicas e especialistas do setor em todo o mundo pode aumentar a profundidade e a amplitude da pesquisa. Essas colabora\u00e7\u00f5es podem fornecer acesso \u00e0s descobertas acad\u00eamicas mais recentes, insights exclusivos do setor e metodologias de pesquisa avan\u00e7adas.<\/li>\n\n\n\n<li><strong>Mantendo-se atualizado sobre os avan\u00e7os tecnol\u00f3gicos:<\/strong> A IA \u00e9 um campo em r\u00e1pida evolu\u00e7\u00e3o. Manter-se atualizado com os avan\u00e7os mais recentes em tecnologias, algoritmos e ferramentas de IA \u00e9 essencial. Isso inclui acompanhar os desenvolvimentos em \u00e1reas como aprendizado de m\u00e1quina, processamento de linguagem natural e rob\u00f3tica.<\/li>\n\n\n\n<li><strong>An\u00e1lise do Comportamento do Consumidor:<\/strong> Como as aplica\u00e7\u00f5es de IA s\u00e3o frequentemente orientadas para o consumidor, \u00e9 vital compreender os padr\u00f5es e prefer\u00eancias globais de comportamento do consumidor. Isso inclui pesquisar como diferentes culturas e dados demogr\u00e1ficos interagem com IA e tecnologias de automa\u00e7\u00e3o.<\/li>\n\n\n\n<li><strong>Aprendizagem e Adapta\u00e7\u00e3o Cont\u00ednua:<\/strong> A pesquisa global em IA \u00e9 um processo cont\u00ednuo. Requer um compromisso com a aprendizagem cont\u00ednua, a adapta\u00e7\u00e3o a novas descobertas e a flexibilidade para orientar as dire\u00e7\u00f5es da investiga\u00e7\u00e3o com base nas tend\u00eancias e tecnologias emergentes.<\/li>\n<\/ul>\n\n\n\n<h2 class=\"wp-block-heading\">O que esperar da empresa global de consultoria em intelig\u00eancia artificial e automa\u00e7\u00e3o<\/h2>\n\n\n\n<p>Ao interagir com uma empresa global de consultoria em intelig\u00eancia artificial e automa\u00e7\u00e3o, as empresas podem antecipar uma s\u00e9rie de resultados transformadores e benef\u00edcios estrat\u00e9gicos. Estas empresas est\u00e3o equipadas para fornecer servi\u00e7os abrangentes que podem melhorar significativamente as opera\u00e7\u00f5es comerciais, impulsionar a inova\u00e7\u00e3o e promover o crescimento num cen\u00e1rio globalmente competitivo.<\/p>\n\n\n\n<ul class=\"wp-block-list\">\n<li><strong>Estrat\u00e9gias personalizadas de IA e automa\u00e7\u00e3o:<\/strong> Uma das principais ofertas \u00e9 o desenvolvimento de estrat\u00e9gias personalizadas de IA e automa\u00e7\u00e3o. Essas estrat\u00e9gias est\u00e3o alinhadas com as necessidades e objetivos espec\u00edficos do neg\u00f3cio do cliente, levando em considera\u00e7\u00e3o os desafios e oportunidades \u00fanicos em seu setor e mercado.<\/li>\n\n\n\n<li><strong>Avan\u00e7o Tecnol\u00f3gico e Inova\u00e7\u00e3o:<\/strong> Clients can expect to benefit from the latest advancements in AI and automation. A <a title=\"O que \u00e9 a tecnologia de navega\u00e7\u00e3o global GNSS?\" data-wpil-monitor-id=\"1754\" href=\"https:\/\/www.sisinternational.com\/pt\/europa-nova-tecnologia-de-navegacao-global-gnss\/\">global artificial intelligence and automation consulting firm<\/a> provides access to cutting-edge technologies and innovative approaches, helping businesses stay ahead in their respective industries.<\/li>\n\n\n\n<li><strong>Tomada de decis\u00e3o baseada em dados:<\/strong> A empresa de consultoria ajuda a aproveitar o poder dos dados, fornecendo \u00e0s empresas as ferramentas e os insights necess\u00e1rios para a tomada de decis\u00f5es baseada em dados. Isso inclui an\u00e1lises preditivas, insights do cliente e an\u00e1lises de mercado.<\/li>\n\n\n\n<li><strong>Gest\u00e3o de Risco e Conformidade:<\/strong> Navegar pelas complexidades da IA e da automa\u00e7\u00e3o requer uma compreens\u00e3o aprofundada dos riscos associados e da conformidade regulat\u00f3ria. A consultoria orienta as empresas na mitiga\u00e7\u00e3o desses riscos e na garantia do cumprimento das leis e padr\u00f5es internacionais.<\/li>\n\n\n\n<li><strong>Capacita\u00e7\u00e3o e Treinamento:<\/strong> Essas empresas geralmente oferecem programas de treinamento e desenvolvimento para desenvolver capacidades internas nas organiza\u00e7\u00f5es clientes. Isto garante que as empresas n\u00e3o s\u00f3 sejam capazes de implementar solu\u00e7\u00f5es de IA e automa\u00e7\u00e3o, mas tamb\u00e9m de sustent\u00e1-las e desenvolv\u00ea-las de forma independente.<\/li>\n<\/ul>\n\n\n\n<h2 class=\"wp-block-heading\">Vantagens de contratar uma empresa global de consultoria em intelig\u00eancia artificial e automa\u00e7\u00e3o<\/h2>\n\n\n\n<p>O panorama da consultoria global em intelig\u00eancia artificial e automa\u00e7\u00e3o apresenta uma infinidade de oportunidades, tanto para as pr\u00f3prias empresas de consultoria como para os seus clientes em v\u00e1rios setores.<\/p>\n\n\n\n<ul class=\"wp-block-list\">\n<li><strong>Expandindo o alcance do mercado:<\/strong> The global nature of these <a title=\"Automa\u00e7\u00e3o de Minera\u00e7\u00e3o e Recursos Naturais e Consultoria em IA\" data-wpil-monitor-id=\"5503\" href=\"https:\/\/www.sisinternational.com\/pt\/solucoes\/pesquisa-de-mercado-de-ia-e-consultoria-estrategica\/mineracao-recursos-naturais-automacao-consultoria-em-inteligencia-artificial\/\">consulting firms<\/a> allows them to tap into emerging markets and regions that are just beginning to explore the potential of AI and automation. This expansion is not only beneficial in terms of business growth but also helps in disseminating advanced technological solutions across the globe.<\/li>\n\n\n\n<li><strong>Desenvolvimento de solu\u00e7\u00f5es personalizadas:<\/strong> A necessidade de solu\u00e7\u00f5es personalizadas de IA e automa\u00e7\u00e3o em diferentes neg\u00f3cios oferece uma oportunidade significativa para essas empresas. Solu\u00e7\u00f5es customizadas garantem melhor adequa\u00e7\u00e3o \u00e0s necessidades espec\u00edficas do cliente, oferecendo maior valor e efic\u00e1cia.<\/li>\n\n\n\n<li><strong>Servi\u00e7os de transforma\u00e7\u00e3o e treinamento da for\u00e7a de trabalho:<\/strong> \u00c0 medida que a IA e as tecnologias de automa\u00e7\u00e3o evoluem, h\u00e1 uma necessidade crescente de transforma\u00e7\u00e3o da for\u00e7a de trabalho e de desenvolvimento de compet\u00eancias. As empresas de consultoria podem lucrar com isso oferecendo programas de treinamento e desenvolvimento, ajudando as empresas a aprimorar as habilidades de seus funcion\u00e1rios.<\/li>\n\n\n\n<li><strong>Conformidade Regulat\u00f3ria Global:<\/strong> Com regulamenta\u00e7\u00f5es variadas em torno da IA e da privacidade de dados em diferentes regi\u00f5es, estas empresas t\u00eam a oportunidade de ajudar as empresas a navegar nestas complexidades, garantindo a conformidade global.<\/li>\n\n\n\n<li><strong>Expans\u00e3o das ofertas de servi\u00e7os:<\/strong> The broadening scope of AI and <a title=\"Automa\u00e7\u00e3o de transporte e log\u00edstica e consultoria de IA\" data-wpil-monitor-id=\"4398\" href=\"https:\/\/www.sisinternational.com\/pt\/solucoes\/pesquisa-de-mercado-de-ia-e-consultoria-estrategica\/consultoria-de-ia-em-automacao-de-logistica-de-transporte\/\">automation technologies allows these consulting<\/a> firms to continually expand their service offerings, covering newer areas like IoT, edge computing, and more.<\/li>\n<\/ul>\n\n\n\n<h2 class=\"wp-block-heading\">Solu\u00e7\u00f5es SIS: Consultoria Global em Intelig\u00eancia Artificial e Automa\u00e7\u00e3o<\/h2>\n\n\n\n<p>Na SIS, estamos na vanguarda da revolu\u00e7\u00e3o da IA, oferecendo conhecimentos incompar\u00e1veis e solu\u00e7\u00f5es inovadoras como uma empresa global de consultoria em intelig\u00eancia artificial e automa\u00e7\u00e3o. Nossos servi\u00e7os abrangentes combinam tecnologia de ponta com vis\u00e3o estrat\u00e9gica de neg\u00f3cios para desbloquear oportunidades de crescimento sem precedentes para empresas em todo o mundo. Veja como podemos ajudar:<\/p>\n\n\n\n<ul class=\"wp-block-list\">\n<li><strong>Estrat\u00e9gias personalizadas de IA e automa\u00e7\u00e3o:<\/strong> Nossa equipe trabalha em estreita colabora\u00e7\u00e3o com os clientes para desenvolver estrat\u00e9gias personalizadas de IA e automa\u00e7\u00e3o que se alinhem com seus objetivos de neg\u00f3cios exclusivos e cen\u00e1rios do setor. Aproveitamos tecnologias avan\u00e7adas e profundo conhecimento do setor para criar solu\u00e7\u00f5es que geram valor e inova\u00e7\u00e3o.<\/li>\n\n\n\n<li><strong>Avan\u00e7o Tecnol\u00f3gico e Inova\u00e7\u00e3o:<\/strong> Com acesso aos mais recentes avan\u00e7os em IA e automa\u00e7\u00e3o, capacitamos as empresas a permanecerem \u00e0 frente da curva. Nossa equipe explora continuamente tecnologias emergentes e abordagens inovadoras para garantir que nossos clientes permane\u00e7am na vanguarda da inova\u00e7\u00e3o em seus respectivos setores.<\/li>\n\n\n\n<li><strong>Tomada de decis\u00e3o baseada em dados:<\/strong> Ajudamos as empresas a aproveitar o poder dos dados para tomar decis\u00f5es estrat\u00e9gicas e informadas. Nossos recursos avan\u00e7ados de an\u00e1lise e modelagem preditiva fornecem aos clientes insights pr\u00e1ticos sobre tend\u00eancias de mercado, comportamento do consumidor e cen\u00e1rios competitivos, permitindo a tomada de decis\u00f5es baseada em dados em todos os n\u00edveis.<\/li>\n\n\n\n<li><strong>Gest\u00e3o de Risco e Conformidade:<\/strong> Navegar pelas complexidades da IA e da automa\u00e7\u00e3o requer uma compreens\u00e3o abrangente dos riscos associados e da conformidade regulat\u00f3ria. Nossa equipe auxilia os clientes na mitiga\u00e7\u00e3o de riscos e na garantia da conformidade com as leis e padr\u00f5es internacionais, ajudando-os a navegar no cen\u00e1rio regulat\u00f3rio global com confian\u00e7a.<\/li>\n\n\n\n<li><strong>Capacita\u00e7\u00e3o e Treinamento:<\/strong> Oferecemos programas de treinamento e desenvolvimento para desenvolver capacidades internas nas organiza\u00e7\u00f5es clientes. Nossas solu\u00e7\u00f5es de treinamento personalizadas capacitam os funcion\u00e1rios com as habilidades e conhecimentos necess\u00e1rios para implementar e sustentar com efic\u00e1cia solu\u00e7\u00f5es de IA e automa\u00e7\u00e3o, impulsionando o sucesso e o crescimento a longo prazo.<\/li>\n<\/ul>\n\n\n\n<p>Fa\u00e7a parceria com a SIS para desbloquear todo o potencial da IA e da automa\u00e7\u00e3o em seu neg\u00f3cio. Com nossa experi\u00eancia global e solu\u00e7\u00f5es inovadoras, voc\u00ea pode impulsionar o crescimento, a inova\u00e7\u00e3o e a vantagem competitiva no atual cen\u00e1rio de neg\u00f3cios em r\u00e1pida evolu\u00e7\u00e3o<\/p>","protected":false},"excerpt":{"rendered":"<p>Uma empresa global de consultoria em intelig\u00eancia artificial e automa\u00e7\u00e3o oferece conhecimento especializado para empresas em todo o mundo, combinando IA e automa\u00e7\u00e3o.<\/p>","protected":false},"author":1,"featured_media":62408,"parent":44406,"menu_order":16,"comment_status":"closed","ping_status":"closed","template":"","meta":{"footnotes":""},"class_list":["post-44702","page","type-page","status-publish","has-post-thumbnail"],"_links":{"self":[{"href":"https:\/\/www.sisinternational.com\/pt\/wp-json\/wp\/v2\/pages\/44702","targetHints":{"allow":["GET"]}}],"collection":[{"href":"https:\/\/www.sisinternational.com\/pt\/wp-json\/wp\/v2\/pages"}],"about":[{"href":"https:\/\/www.sisinternational.com\/pt\/wp-json\/wp\/v2\/types\/page"}],"author":[{"embeddable":true,"href":"https:\/\/www.sisinternational.com\/pt\/wp-json\/wp\/v2\/users\/1"}],"replies":[{"embeddable":true,"href":"https:\/\/www.sisinternational.com\/pt\/wp-json\/wp\/v2\/comments?post=44702"}],"version-history":[{"count":6,"href":"https:\/\/www.sisinternational.com\/pt\/wp-json\/wp\/v2\/pages\/44702\/revisions"}],"predecessor-version":[{"id":82984,"href":"https:\/\/www.sisinternational.com\/pt\/wp-json\/wp\/v2\/pages\/44702\/revisions\/82984"}],"up":[{"embeddable":true,"href":"https:\/\/www.sisinternational.com\/pt\/wp-json\/wp\/v2\/pages\/44406"}],"wp:featuredmedia":[{"embeddable":true,"href":"https:\/\/www.sisinternational.com\/pt\/wp-json\/wp\/v2\/media\/62408"}],"wp:attachment":[{"href":"https:\/\/www.sisinternational.com\/pt\/wp-json\/wp\/v2\/media?parent=44702"}],"curies":[{"name":"wp","href":"https:\/\/api.w.org\/{rel}","templated":true}]}}