{"id":44695,"date":"2024-01-06T15:18:42","date_gmt":"2024-01-06T20:18:42","guid":{"rendered":"https:\/\/www.sisinternational.com\/?page_id=44695"},"modified":"2025-10-25T01:00:35","modified_gmt":"2025-10-25T05:00:35","slug":"consultoria-de-inteligencia-artificial-em-automacao-de-saude","status":"publish","type":"page","link":"https:\/\/www.sisinternational.com\/pt\/solucoes\/pesquisa-de-mercado-de-ia-e-consultoria-estrategica\/consultoria-de-inteligencia-artificial-em-automacao-de-saude\/","title":{"rendered":"Consultoria em Automa\u00e7\u00e3o de Sa\u00fade e Intelig\u00eancia Artificial"},"content":{"rendered":"<h1 class=\"wp-block-heading\">Consultoria em Automa\u00e7\u00e3o de Sa\u00fade e Intelig\u00eancia Artificial<\/h1>\n\n\n\n<figure class=\"gb-block-image gb-block-image-8ed13e49\"><img loading=\"lazy\" decoding=\"async\" width=\"1456\" height=\"816\" class=\"gb-image gb-image-8ed13e49\" src=\"https:\/\/www.sisinternational.com\/wp-content\/uploads\/2025\/08\/Healthcare-16.jpg\" alt=\"Pesquisa e Estrat\u00e9gia de Mercado Internacional da SIS\" title=\"Healthcare (16)\" srcset=\"https:\/\/www.sisinternational.com\/wp-content\/uploads\/2025\/08\/Healthcare-16.jpg 1456w, https:\/\/www.sisinternational.com\/wp-content\/uploads\/2025\/08\/Healthcare-16-300x168.jpg 300w, https:\/\/www.sisinternational.com\/wp-content\/uploads\/2025\/08\/Healthcare-16-1024x574.jpg 1024w, https:\/\/www.sisinternational.com\/wp-content\/uploads\/2025\/08\/Healthcare-16-768x430.jpg 768w, https:\/\/www.sisinternational.com\/wp-content\/uploads\/2025\/08\/Healthcare-16-18x10.jpg 18w\" sizes=\"auto, (max-width: 1456px) 100vw, 1456px\"><\/figure>\n\n\n\n<p><\/p>\n\n\n\n<p>Healthcare automation and artificial intelligence consulting is a paradigm shift redefining the future of healthcare, promising to transform patient care, enhance medical procedures, and streamline healthcare operations. It\u2019s about crafting a new era in healthcare where efficiency, accuracy, and patient-centric care become the cornerstones of medical services.<\/p>\n\n\n\n<h2 class=\"wp-block-heading\">Compreendendo a consultoria em automa\u00e7\u00e3o de sa\u00fade e intelig\u00eancia artificial<\/h2>\n\n\n\n<p><a href=\"https:\/\/sisaisolutions.com\/application-of-ai-in-healthcare\/\" target=\"_blank\" rel=\"noopener\">Healthcare automation<\/a> and artificial intelligence consulting is an interdisciplinary field integrating advanced technology into the healthcare sector to improve patient care, enhance operational efficiency, and foster innovation.<\/p>\n\n\n\n<p>It involves using technology to perform routine healthcare tasks traditionally done by humans, increasing efficiency and reducing errors. This can range from automated laboratory tests to robotic surgical assistants. The role of artificial intelligence in this context is to add a layer of cognitive processing, enabling systems to perform tasks and learn from data, make predictions, and provide decision support.<\/p>\n\n\n\n<h2 class=\"wp-block-heading\">O papel cr\u00edtico da consultoria em automa\u00e7\u00e3o de sa\u00fade e intelig\u00eancia artificial<\/h2>\n\n\n\n<figure class=\"gb-block-image gb-block-image-b87f7204\"><img loading=\"lazy\" decoding=\"async\" width=\"1456\" height=\"816\" class=\"gb-image gb-image-b87f7204\" src=\"https:\/\/www.sisinternational.com\/wp-content\/uploads\/2025\/08\/Healthcare-2.jpg\" alt=\"Pesquisa e Estrat\u00e9gia de Mercado Internacional da SIS\" title=\"Healthcare (2)\" srcset=\"https:\/\/www.sisinternational.com\/wp-content\/uploads\/2025\/08\/Healthcare-2.jpg 1456w, https:\/\/www.sisinternational.com\/wp-content\/uploads\/2025\/08\/Healthcare-2-300x168.jpg 300w, https:\/\/www.sisinternational.com\/wp-content\/uploads\/2025\/08\/Healthcare-2-1024x574.jpg 1024w, https:\/\/www.sisinternational.com\/wp-content\/uploads\/2025\/08\/Healthcare-2-768x430.jpg 768w, https:\/\/www.sisinternational.com\/wp-content\/uploads\/2025\/08\/Healthcare-2-18x10.jpg 18w\" sizes=\"auto, (max-width: 1456px) 100vw, 1456px\"><\/figure>\n\n\n\n<p><\/p>\n\n\n\n<p>A automa\u00e7\u00e3o da sa\u00fade e a consultoria de IA melhoram a precis\u00e3o e a efici\u00eancia dos processos m\u00e9dicos. Com a capacidade da IA de analisar vastos conjuntos de dados, os prestadores de cuidados de sa\u00fade podem obter conhecimentos mais profundos sobre as condi\u00e7\u00f5es dos pacientes, levando a diagn\u00f3sticos mais precisos e planos de tratamento personalizados.<\/p>\n\n\n\n<p>Ao automatizar tarefas de rotina, as instala\u00e7\u00f5es de sa\u00fade podem alocar os seus recursos humanos de forma mais eficaz, concentrando-se no atendimento ao paciente e nas decis\u00f5es m\u00e9dicas cr\u00edticas. Isto aumenta a satisfa\u00e7\u00e3o profissional dos profissionais m\u00e9dicos, reduzindo a sua carga administrativa.<\/p>\n\n\n\n<p>Outro aspecto cr\u00edtico \u00e9 o potencial da IA e da automa\u00e7\u00e3o para melhorar o envolvimento e a experi\u00eancia do paciente. As ferramentas baseadas em IA podem fornecer recomenda\u00e7\u00f5es de sa\u00fade personalizadas, lembrar os pacientes sobre medicamentos e at\u00e9 oferecer consultas de sa\u00fade virtuais, tornando os cuidados de sa\u00fade mais acess\u00edveis e convenientes.<\/p>\n\n\n\n<h2 class=\"wp-block-heading\">Benef\u00edcios da consultoria em automa\u00e7\u00e3o de sa\u00fade e intelig\u00eancia artificial<\/h2>\n\n\n\n<p>The integration of healthcare automation and <a href=\"https:\/\/www.sisinternational.com\/pt\/solucoes\/pesquisa-de-mercado-de-ia-e-consultoria-estrategica\/consultoria-de-ia-em-automacao-de-produtos-de-cuidados-pessoais\/\" title=\"Automa\u00e7\u00e3o de produtos de cuidados pessoais e consultoria de IA\" data-wpil-monitor-id=\"10502\">AI consulting<\/a> into the healthcare sector brings a multitude of benefits that are transformative at both the operational level and in patient care. Here\u2019s a comprehensive look at these benefits:<\/p>\n\n\n\n<ul class=\"wp-block-list\">\n<li><strong>Precis\u00e3o de diagn\u00f3stico aprimorada:<\/strong> Healthcare automation and artificial intelligence consulting help businesses increase their capacity to analyze complex medical data, including imaging and genetic information, leading to more accurate diagnoses.\u00a0<\/li>\n\n\n\n<li><strong>Atendimento aprimorado ao paciente:<\/strong> A automa\u00e7\u00e3o no monitoramento de pacientes e a an\u00e1lise orientada por IA permitem o rastreamento cont\u00ednuo e preciso da sa\u00fade do paciente, levando a interven\u00e7\u00f5es oportunas e planos de cuidados personalizados.<\/li>\n\n\n\n<li><strong>Efici\u00eancia operacional:<\/strong> A automatiza\u00e7\u00e3o de tarefas rotineiras, como agendamento de pacientes, manuten\u00e7\u00e3o de registros e entrada de dados, libera os profissionais de sa\u00fade para se concentrarem no atendimento direto ao paciente, aumentando assim a efici\u00eancia geral e reduzindo o esgotamento.<\/li>\n\n\n\n<li><strong>Inova\u00e7\u00f5es em Tratamento e Desenvolvimento de Medicamentos:<\/strong> A automa\u00e7\u00e3o da sa\u00fade e a consultoria em intelig\u00eancia artificial podem acelerar os processos de descoberta e desenvolvimento de medicamentos, reduzindo o tempo e os custos envolvidos na introdu\u00e7\u00e3o de novos tratamentos no mercado.<\/li>\n\n\n\n<li><strong>Treinamento e educa\u00e7\u00e3o cl\u00ednica aprimorados:<\/strong> A automa\u00e7\u00e3o da sa\u00fade e a consultoria em intelig\u00eancia artificial fornecem ferramentas avan\u00e7adas para treinamento e educa\u00e7\u00e3o m\u00e9dica, oferecendo simula\u00e7\u00f5es e insights baseados em dados que aprimoram o aprendizado.<\/li>\n<\/ul>\n\n\n\n<h2 class=\"wp-block-heading\">Fatores de sucesso a serem considerados em consultoria de automa\u00e7\u00e3o de sa\u00fade e intelig\u00eancia artificial<\/h2>\n\n\n\n<figure class=\"gb-block-image gb-block-image-40644844\"><img loading=\"lazy\" decoding=\"async\" width=\"1456\" height=\"816\" class=\"gb-image gb-image-40644844\" src=\"https:\/\/www.sisinternational.com\/wp-content\/uploads\/2025\/08\/Healthcare-9.jpg\" alt=\"Pesquisa e Estrat\u00e9gia de Mercado Internacional da SIS\" title=\"Healthcare (9)\" srcset=\"https:\/\/www.sisinternational.com\/wp-content\/uploads\/2025\/08\/Healthcare-9.jpg 1456w, https:\/\/www.sisinternational.com\/wp-content\/uploads\/2025\/08\/Healthcare-9-300x168.jpg 300w, https:\/\/www.sisinternational.com\/wp-content\/uploads\/2025\/08\/Healthcare-9-1024x574.jpg 1024w, https:\/\/www.sisinternational.com\/wp-content\/uploads\/2025\/08\/Healthcare-9-768x430.jpg 768w, https:\/\/www.sisinternational.com\/wp-content\/uploads\/2025\/08\/Healthcare-9-18x10.jpg 18w\" sizes=\"auto, (max-width: 1456px) 100vw, 1456px\"><\/figure>\n\n\n\n<p><\/p>\n\n\n\n<p>For healthcare automation and AI consulting to be effective and yield the desired outcomes, several <a href=\"https:\/\/www.sisinternational.com\/pt\/principais-fatores-de-sucesso-na-pesquisa-de-mercado-automotivo\/\" title=\"Principais fatores de sucesso na pesquisa de mercado automotivo\" data-wpil-monitor-id=\"10492\">key success factors<\/a> must be strategically addressed:<\/p>\n\n\n\n<ul class=\"wp-block-list\">\n<li><strong>Alinhamento com as metas de sa\u00fade:<\/strong> A implementa\u00e7\u00e3o de tecnologias de IA e automa\u00e7\u00e3o deve estar alinhada com os objetivos gerais da unidade de sa\u00fade, como melhorar os resultados dos pacientes, aumentar a efici\u00eancia ou reduzir custos.<\/li>\n\n\n\n<li><strong>Envolvimento e colabora\u00e7\u00e3o das partes interessadas:<\/strong> A implementa\u00e7\u00e3o bem-sucedida requer o envolvimento e a colabora\u00e7\u00e3o de todas as partes interessadas, incluindo prestadores de cuidados de sa\u00fade, pacientes, pessoal de TI e administradores. Compreender e atender \u00e0s suas necessidades, preocupa\u00e7\u00f5es e expectativas \u00e9 crucial.<\/li>\n\n\n\n<li><strong>Conformidade com Regulamentos e Normas \u00c9ticas:<\/strong> Adhering to healthcare regulations and ethical standards, especially regarding patient data privacy and security, is critical.\u00a0<\/li>\n\n\n\n<li><strong>Solu\u00e7\u00f5es personalizadas:<\/strong> Healthcare settings are diverse, and AI and automation solutions must be tailored to meet the specific needs of each facility. Customization ensures relevance and effectiveness.<\/li>\n\n\n\n<li><strong>Medidas de seguran\u00e7a robustas:<\/strong> Dada a natureza sens\u00edvel dos dados de sa\u00fade, medidas de seguran\u00e7a robustas s\u00e3o essenciais para proteger contra viola\u00e7\u00f5es e amea\u00e7as cibern\u00e9ticas.<\/li>\n<\/ul>\n\n\n\n<h2 class=\"wp-block-heading\">O que a consultoria em automa\u00e7\u00e3o de sa\u00fade e intelig\u00eancia artificial oferece \u00e0s empresas?<\/h2>\n\n\n\n<p>Ao embarcar numa jornada com automa\u00e7\u00e3o de cuidados de sa\u00fade e consultoria de intelig\u00eancia artificial, os prestadores de cuidados de sa\u00fade podem antecipar uma s\u00e9rie de resultados e benef\u00edcios transformadores. Aqui est\u00e1 o que esperar:<\/p>\n\n\n\n<ul class=\"wp-block-list\">\n<li><strong>Opera\u00e7\u00f5es simplificadas:<\/strong> Processos automatizados e sistemas orientados por IA levam a opera\u00e7\u00f5es de sa\u00fade mais eficientes, reduzindo o tempo gasto em tarefas administrativas e melhorando o foco no atendimento ao paciente.<\/li>\n\n\n\n<li><strong>Melhores resultados para os pacientes:<\/strong> A capacidade da IA de analisar dados m\u00e9dicos complexos pode levar a diagn\u00f3sticos mais precisos e planos de tratamento personalizados, melhorando diretamente os resultados dos pacientes.<\/li>\n\n\n\n<li><strong>Tomada de decis\u00e3o aprimorada:<\/strong> Os prestadores de cuidados de sa\u00fade podem esperar que a IA ofere\u00e7a informa\u00e7\u00f5es valiosas e recomenda\u00e7\u00f5es baseadas em dados, auxiliando na tomada de decis\u00f5es cl\u00ednicas mais informadas e eficazes.<\/li>\n\n\n\n<li><strong>Envolvimento Avan\u00e7ado do Paciente:<\/strong> As ferramentas baseadas em IA permitir\u00e3o um melhor envolvimento dos pacientes atrav\u00e9s de comunica\u00e7\u00e3o personalizada, monitoriza\u00e7\u00e3o da sa\u00fade e educa\u00e7\u00e3o, levando a uma melhor literacia em sa\u00fade e ao cumprimento dos planos de tratamento.<\/li>\n\n\n\n<li><strong>Maior acessibilidade aos cuidados:<\/strong> A IA e a automa\u00e7\u00e3o podem tornar os servi\u00e7os de sa\u00fade mais acess\u00edveis, especialmente em regi\u00f5es remotas ou mal servidas, atrav\u00e9s de solu\u00e7\u00f5es de telemedicina e monitoriza\u00e7\u00e3o remota.<\/li>\n<\/ul>\n\n\n\n<h2 class=\"wp-block-heading\">Principais tecnologias empregadas em automa\u00e7\u00e3o de sa\u00fade e consultoria de intelig\u00eancia artificial<\/h2>\n\n\n\n<figure class=\"wp-block-image\"><img decoding=\"async\" src=\"https:\/\/www.sisinternational.com\/wp-content\/uploads\/2025\/06\/AI-5.jpg\" alt=\"Pesquisa e Estrat\u00e9gia de Mercado Internacional da SIS\" class=\"wp-image-60044\"><\/figure>\n\n\n\n<p><\/p>\n\n\n\n<p>Healthcare automation and artificial intelligence consulting leverage various cutting-edge technologies \u2013 and understanding these technologies is key to appreciating how they contribute to advancing healthcare.<\/p>\n\n\n\n<ul class=\"wp-block-list\">\n<li><strong><a href=\"https:\/\/www.sisinternational.com\/pt\/solucoes\/pesquisa-de-mercado-de-ia-e-consultoria-estrategica\/processamento-de-linguagem-natural-pesquisa-de-mercado-de-ia\/\" title=\"Pesquisa de mercado de IA de processamento de linguagem natural\" data-wpil-monitor-id=\"10488\">Natural Language Processing<\/a> (NLP):<\/strong> A PNL \u00e9 usada para interpretar e analisar registros de pacientes, literatura m\u00e9dica e notas cl\u00ednicas, facilitando o processamento mais r\u00e1pido de dados e a recupera\u00e7\u00e3o de informa\u00e7\u00f5es.<\/li>\n\n\n\n<li><strong>Vis\u00e3o Computacional:<\/strong> This technology, used in analyzing medical imaging, helps detect and diagnose diseases by identifying patterns that are not discernible to the human eye.<\/li>\n\n\n\n<li><strong>Internet das Coisas (IoT):<\/strong> Os dispositivos IoT na \u00e1rea da sa\u00fade, como sensores vest\u00edveis e ferramentas de monitoramento remoto, coletam dados vitais de sa\u00fade em tempo real, oferecendo monitoramento cont\u00ednuo dos pacientes e insights baseados em dados para os prestadores de servi\u00e7os de sa\u00fade.<\/li>\n\n\n\n<li><strong>Telemedicina e Assistentes Virtuais de Sa\u00fade:<\/strong> Plataformas de telemedicina alimentadas por IA e assistentes de sa\u00fade virtuais fornecem atendimento e consulta remotos, melhorando a acessibilidade aos cuidados de sa\u00fade e o envolvimento do paciente.<\/li>\n\n\n\n<li><strong>Computa\u00e7\u00e3o em nuvem:<\/strong> As plataformas em nuvem suportam o vasto armazenamento de dados e o poder de computa\u00e7\u00e3o necess\u00e1rios para IA e an\u00e1lise de big data na \u00e1rea da sa\u00fade, permitindo escalabilidade e acessibilidade.<\/li>\n\n\n\n<li><strong>Realidade Aumentada (AR) e Realidade Virtual (VR):<\/strong> AR and VR are used in medical training, education, and inpatient treatment for procedures like physical therapy and pain management.<\/li>\n<\/ul>\n\n\n\n<h2 class=\"wp-block-heading\">Oportunidades em automa\u00e7\u00e3o de sa\u00fade e consultoria de intelig\u00eancia artificial<\/h2>\n\n\n\n<figure class=\"gb-block-image gb-block-image-9787404a\"><img loading=\"lazy\" decoding=\"async\" width=\"1456\" height=\"816\" class=\"gb-image gb-image-9787404a\" src=\"https:\/\/www.sisinternational.com\/wp-content\/uploads\/2025\/08\/Healthcare-14.jpg\" alt=\"Pesquisa e Estrat\u00e9gia de Mercado Internacional da SIS\" title=\"Healthcare (14)\" srcset=\"https:\/\/www.sisinternational.com\/wp-content\/uploads\/2025\/08\/Healthcare-14.jpg 1456w, https:\/\/www.sisinternational.com\/wp-content\/uploads\/2025\/08\/Healthcare-14-300x168.jpg 300w, https:\/\/www.sisinternational.com\/wp-content\/uploads\/2025\/08\/Healthcare-14-1024x574.jpg 1024w, https:\/\/www.sisinternational.com\/wp-content\/uploads\/2025\/08\/Healthcare-14-768x430.jpg 768w, https:\/\/www.sisinternational.com\/wp-content\/uploads\/2025\/08\/Healthcare-14-18x10.jpg 18w\" sizes=\"auto, (max-width: 1456px) 100vw, 1456px\"><\/figure>\n\n\n\n<p><\/p>\n\n\n\n<p>The field of healthcare automation and <a href=\"https:\/\/www.sisinternational.com\/pt\/solucoes\/pesquisa-de-mercado-de-ia-e-consultoria-estrategica\/consultoria-de-ia-para-automacao-da-industria-de-satelite-a-cabo\/\" title=\"Automa\u00e7\u00e3o da ind\u00fastria de cabo e sat\u00e9lite e consultoria em IA\" data-wpil-monitor-id=\"10500\">AI consulting<\/a> is burgeoning with opportunities that can significantly reshape the healthcare industry. These opportunities extend across various facets of healthcare, offering the potential for enhanced patient care, operational efficiencies, and medical innovations:<\/p>\n\n\n\n<ul class=\"wp-block-list\">\n<li><strong>Atendimento personalizado ao paciente:<\/strong> As capacidades de an\u00e1lise de dados da IA permitem cuidados mais personalizados, adaptando tratamentos e planos de sa\u00fade \u00e0s necessidades e condi\u00e7\u00f5es individuais dos pacientes, levando a melhores resultados de sa\u00fade.<\/li>\n\n\n\n<li><strong>An\u00e1lise Preditiva para Preven\u00e7\u00e3o de Doen\u00e7as:<\/strong> AI can analyze vast amounts of healthcare data to identify disease risk factors, enabling early intervention and preventive care strategies.<\/li>\n\n\n\n<li><strong>Melhorando a precis\u00e3o do diagn\u00f3stico:<\/strong> Algoritmos de IA e aprendizado de m\u00e1quina podem auxiliar no diagn\u00f3stico de doen\u00e7as, \u00e0s vezes com maior precis\u00e3o do que os m\u00e9todos tradicionais, especialmente em \u00e1reas como radiologia e patologia.<\/li>\n\n\n\n<li><strong>Monitoramento Remoto de Pacientes:<\/strong> A IoT e a IA permitem a monitoriza\u00e7\u00e3o remota de pacientes, proporcionando cuidados cont\u00ednuos fora dos ambientes cl\u00ednicos tradicionais e melhorando a gest\u00e3o de doen\u00e7as cr\u00f3nicas.<\/li>\n\n\n\n<li><strong>Treino e educa\u00e7\u00e3o:<\/strong> A IA e a RV podem revolucionar o treinamento e a educa\u00e7\u00e3o m\u00e9dica, fornecendo simula\u00e7\u00f5es realistas e experi\u00eancias de aprendizagem baseadas em dados.<\/li>\n<\/ul>\n\n\n\n<h2 class=\"wp-block-heading\">Solu\u00e7\u00f5es SIS: Consultoria em Automa\u00e7\u00e3o de Sa\u00fade e Intelig\u00eancia Artificial<\/h2>\n\n\n\n<h3 class=\"wp-block-heading\">SIS utiliza uma abordagem abrangente e integrada em Consultoria de Automa\u00e7\u00e3o de Sa\u00fade e Intelig\u00eancia Artificial<\/h3>\n\n\n\n<p>N\u00f3s provemos <a href=\"https:\/\/www.sisinternational.com\/pt\/sis-lanca-novas-solucoes-de-pesquisa-digital\/\" title=\"SIS lan\u00e7a novas solu\u00e7\u00f5es de Pesquisa Digital\" data-wpil-monitor-id=\"10478\">innovative healthcare automation and AI solutions<\/a> that enhance operational efficiency and patient care. <a href=\"https:\/\/www.linkedin.com\/company\/sisinternationalresearch\/\" target=\"_blank\" rel=\"noopener\">Our researchers<\/a> conduct strategic analyses to turn information into actionable insights and help you consider healthcare automation and artificial intelligence with a complete market view <span style=\"font-weight: 400;\">- e<\/span> nosso foco em an\u00e1lises estrat\u00e9gicas e insights acion\u00e1veis vai al\u00e9m dos dados e fornece solu\u00e7\u00f5es personalizadas para os clientes.<\/p>\n\n\n\n<ul class=\"wp-block-list\">\n<li><strong>Desenvolvimento de estrat\u00e9gia de IA personalizada<\/strong>: elaboramos estrat\u00e9gias de IA personalizadas que se alinham \u00e0s metas da sua organiza\u00e7\u00e3o de sa\u00fade e aos objetivos de atendimento ao paciente.<\/li>\n\n\n\n<li><strong>Otimiza\u00e7\u00e3o da Efici\u00eancia Operacional<\/strong>: Utilizamos tecnologias de IA e automa\u00e7\u00e3o para agilizar as opera\u00e7\u00f5es de sa\u00fade, reduzir custos e melhorar a presta\u00e7\u00e3o de servi\u00e7os.<\/li>\n\n\n\n<li><strong>Entrada no mercado e suporte \u00e0 expans\u00e3o<\/strong>: We provide insights and <a href=\"https:\/\/www.sisinternational.com\/pt\/expandindo-o-alcance-do-mercado-por-meio-de-uma-estrategia-de-marketing-multifacetada\/\" title=\"Expandindo o alcance do mercado por meio de uma estrat\u00e9gia de marketing multifacetada\" data-wpil-monitor-id=\"10504\">strategies for entering new markets or expanding<\/a> existing ones, focusing on leveraging AI and automation in healthcare.<\/li>\n\n\n\n<li><strong>Conformidade Regulat\u00f3ria e Gest\u00e3o de Riscos<\/strong>: Orientamos voc\u00ea na navega\u00e7\u00e3o pelo complexo cen\u00e1rio regulat\u00f3rio da sa\u00fade, garantindo que as solu\u00e7\u00f5es de IA estejam em conformidade com os padr\u00f5es legais e ajudando a gerenciar os riscos associados \u00e0 ado\u00e7\u00e3o de novas tecnologias.<\/li>\n\n\n\n<li><strong>Workshops e Treinamento de Inova\u00e7\u00e3o<\/strong>: We conduct workshops and training sessions for healthcare professionals on the latest AI tools and technologies, fostering a culture of innovation and ensuring teams are equipped to implement AI solutions effectively.<\/li>\n<\/ul>\n\n\n\n<p>Our relationship with industry specialists, generated over the last three decades, allows SIS to go wide and deep into Healthcare <a href=\"https:\/\/www.sisinternational.com\/pt\/solucoes\/pesquisa-de-mercado-de-ia-e-consultoria-estrategica\/consultoria-em-inteligencia-artificial-em-automacao-industrial\/\" title=\"Consultoria em Automa\u00e7\u00e3o Industrial e Intelig\u00eancia Artificial\" data-wpil-monitor-id=\"10496\">Automation and Artificial Intelligence<\/a>. The SIS strategy team pulls together the latest in Healthcare Automation and AI, working closely with our local offices abroad.<\/p>\n\n\n\n<h2 class=\"wp-block-heading\">Localiza\u00e7\u00e3o de nossas instala\u00e7\u00f5es em Nova York<\/h2>\n\n\n\n<p>  <iframe loading=\"lazy\" src=\"https:\/\/www.google.com\/maps\/embed?pb=!1m18!1m12!1m3!1d3022.976188376966!2d-73.99130312499956!3d40.740549471389315!2m3!1f0!2f0!3f0!3m2!1i1024!2i768!4f13.1!3m3!1m2!1s0x89c259a15798c731%3A0xd695d09bdd495f25!2s11%20E%2022nd%20St%20FL%202%2C%20New%20York%2C%20NY%2010010%2C%20USA!5e0!3m2!1sen!2spe!4v1726171763526!5m2!1sen!2spe\" width=\"600\" height=\"450\" allowfullscreen=\"allowfullscreen\" data-mce-fragment=\"1\"><\/iframe>  <\/p>\n\n\n\n<h3 class=\"wp-block-heading\">11 E 22nd Street, 2\u00ba andar, Nova York, NY 10010 T: +1(212) 505-6805<\/h3>\n\n\n\n<hr class=\"wp-block-separator has-alpha-channel-opacity\"\/>\n\n\n\n<h2 class=\"wp-block-heading\"><span style=\"font-weight: 400;\">Sobre SIS Internacional<\/span><\/h2>\n\n\n\n<p><a href=\"https:\/\/www.sisinternational.com\/pt\/\"><span style=\"font-weight: 400;\">SIS Internacional<\/span><\/a><span style=\"font-weight: 400;\"> offers Quantitative, Qualitative, and Strategy Research. We provide data, tools, strategies, reports, and insights for decision-making. We also conduct interviews, surveys, focus groups, and other <a href=\"https:\/\/www.sisinternational.com\/pt\/quantitative-market-research-methods-and-techniques\/\" title=\"Quantitative Market Research Methods and Techniques\" data-wpil-monitor-id=\"10483\">Market Research methods<\/a> and approaches.<\/span><a href=\"https:\/\/www.sisinternational.com\/pt\/sobre-a-sis-international-research\/contact-sis-international-market-research\/\"><span style=\"font-weight: 400;\"> Entre em contato conosco<\/span><\/a><span style=\"font-weight: 400;\"> para o seu pr\u00f3ximo projeto de pesquisa de mercado.<\/span><\/p>\n\n\n\n<hr class=\"wp-block-separator has-alpha-channel-opacity\"\/>","protected":false},"excerpt":{"rendered":"<p>A automa\u00e7\u00e3o da sa\u00fade e a consultoria de intelig\u00eancia artificial integram a tecnologia de IA para melhor atendimento ao paciente, efici\u00eancia e inova\u00e7\u00e3o.<\/p>","protected":false},"author":1,"featured_media":62434,"parent":44406,"menu_order":14,"comment_status":"closed","ping_status":"closed","template":"","meta":{"footnotes":""},"class_list":["post-44695","page","type-page","status-publish","has-post-thumbnail"],"_links":{"self":[{"href":"https:\/\/www.sisinternational.com\/pt\/wp-json\/wp\/v2\/pages\/44695","targetHints":{"allow":["GET"]}}],"collection":[{"href":"https:\/\/www.sisinternational.com\/pt\/wp-json\/wp\/v2\/pages"}],"about":[{"href":"https:\/\/www.sisinternational.com\/pt\/wp-json\/wp\/v2\/types\/page"}],"author":[{"embeddable":true,"href":"https:\/\/www.sisinternational.com\/pt\/wp-json\/wp\/v2\/users\/1"}],"replies":[{"embeddable":true,"href":"https:\/\/www.sisinternational.com\/pt\/wp-json\/wp\/v2\/comments?post=44695"}],"version-history":[{"count":11,"href":"https:\/\/www.sisinternational.com\/pt\/wp-json\/wp\/v2\/pages\/44695\/revisions"}],"predecessor-version":[{"id":81726,"href":"https:\/\/www.sisinternational.com\/pt\/wp-json\/wp\/v2\/pages\/44695\/revisions\/81726"}],"up":[{"embeddable":true,"href":"https:\/\/www.sisinternational.com\/pt\/wp-json\/wp\/v2\/pages\/44406"}],"wp:featuredmedia":[{"embeddable":true,"href":"https:\/\/www.sisinternational.com\/pt\/wp-json\/wp\/v2\/media\/62434"}],"wp:attachment":[{"href":"https:\/\/www.sisinternational.com\/pt\/wp-json\/wp\/v2\/media?parent=44695"}],"curies":[{"name":"wp","href":"https:\/\/api.w.org\/{rel}","templated":true}]}}