{"id":44504,"date":"2023-12-28T16:41:22","date_gmt":"2023-12-28T21:41:22","guid":{"rendered":"https:\/\/www.sisinternational.com\/?page_id=44504"},"modified":"2026-02-18T12:41:49","modified_gmt":"2026-02-18T17:41:49","slug":"pesquisa-de-mercado-de-reconhecimento-facial","status":"publish","type":"page","link":"https:\/\/www.sisinternational.com\/pt\/solucoes\/pesquisa-de-mercado-de-ia-e-consultoria-estrategica\/pesquisa-de-mercado-de-reconhecimento-facial\/","title":{"rendered":"Pesquisa de mercado de reconhecimento facial"},"content":{"rendered":"<h1 class=\"wp-block-heading\">Pesquisa de mercado de reconhecimento facial<\/h1>\n\n\n\n<figure class=\"gb-block-image gb-block-image-db6d4190\"><img loading=\"lazy\" decoding=\"async\" width=\"1456\" height=\"816\" class=\"gb-image gb-image-db6d4190\" src=\"https:\/\/www.sisinternational.com\/wp-content\/uploads\/2025\/08\/AI-2-1.jpg\" alt=\"Pesquisa e Estrat\u00e9gia de Mercado Internacional da SIS\" title=\"AI 2 (1)\" srcset=\"https:\/\/www.sisinternational.com\/wp-content\/uploads\/2025\/08\/AI-2-1.jpg 1456w, https:\/\/www.sisinternational.com\/wp-content\/uploads\/2025\/08\/AI-2-1-300x168.jpg 300w, https:\/\/www.sisinternational.com\/wp-content\/uploads\/2025\/08\/AI-2-1-1024x574.jpg 1024w, https:\/\/www.sisinternational.com\/wp-content\/uploads\/2025\/08\/AI-2-1-768x430.jpg 768w, https:\/\/www.sisinternational.com\/wp-content\/uploads\/2025\/08\/AI-2-1-18x10.jpg 18w\" sizes=\"auto, (max-width: 1456px) 100vw, 1456px\"><\/figure>\n\n\n\n<p><\/p>\n\n\n\n<p>Como o cen\u00e1rio em evolu\u00e7\u00e3o do reconhecimento facial est\u00e1 remodelando os processos de seguran\u00e7a, autentica\u00e7\u00e3o e identifica\u00e7\u00e3o pessoal em nossa era digital? A pesquisa de mercado de reconhecimento facial analisa tend\u00eancias de mercado, avan\u00e7os tecnol\u00f3gicos, \u00e1reas de aplica\u00e7\u00e3o, marcos regulat\u00f3rios e cen\u00e1rios competitivos.<\/p>\n\n\n\n<p>Portanto, esta pesquisa \u00e9 fundamental para empresas na vanguarda do desenvolvimento tecnol\u00f3gico que buscam desbloquear todo o potencial das ferramentas de reconhecimento facial.<\/p>\n\n\n\n<h2 class=\"wp-block-heading\">O que \u00e9 pesquisa de mercado de reconhecimento facial?<\/h2>\n\n\n\n<p>A pesquisa de mercado de reconhecimento facial examina as diversas aplica\u00e7\u00f5es da tecnologia de reconhecimento facial, desde seguran\u00e7a e vigil\u00e2ncia at\u00e9 experi\u00eancias personalizadas do cliente e cuidados de sa\u00fade. Estuda como diferentes setores est\u00e3o adotando e integrando essa tecnologia, avaliando seu impacto nas opera\u00e7\u00f5es comerciais, nas intera\u00e7\u00f5es dos consumidores e nas implica\u00e7\u00f5es sociais.<\/p>\n\n\n\n<p>Al\u00e9m disso, a pesquisa de mercado de reconhecimento facial investiga os desafios e considera\u00e7\u00f5es \u00e9ticas associadas ao reconhecimento facial, tais como preocupa\u00e7\u00f5es com privacidade, seguran\u00e7a de dados e potenciais preconceitos na tecnologia.<\/p>\n\n\n\n<h2 class=\"wp-block-heading\">Por que a pesquisa de mercado de reconhecimento facial \u00e9 t\u00e3o importante?<\/h2>\n\n\n\n<p>A pesquisa de mercado de reconhecimento facial fornece insights essenciais sobre os avan\u00e7os tecnol\u00f3gicos e tend\u00eancias do setor. Esse conhecimento \u00e9 vital para que empresas e desenvolvedores permane\u00e7am \u00e0 frente em um mercado que evolui continuamente com novos algoritmos, aplicativos e aprimoramentos.<\/p>\n\n\n\n<p>Al\u00e9m disso, esta pesquisa \u00e9 cr\u00edtica para a compreens\u00e3o das diversas aplica\u00e7\u00f5es da tecnologia de reconhecimento facial em diferentes setores. Desde o refor\u00e7o das medidas de seguran\u00e7a at\u00e9 \u00e0 cria\u00e7\u00e3o de experi\u00eancias personalizadas para os clientes, a gama de utiliza\u00e7\u00f5es est\u00e1 a expandir-se \u2013 e manter-se informado \u00e9 fundamental para aproveitar esta tecnologia de forma eficaz.<\/p>\n\n\n\n<p>A pesquisa de mercado de reconhecimento facial tamb\u00e9m ajuda empresas e organiza\u00e7\u00f5es a identificar os principais players, participa\u00e7\u00f5es de mercado e potenciais parcerias ou oportunidades de investimento. Isso \u00e9 essencial para o planejamento estrat\u00e9gico e posicionamento no mercado.<\/p>\n\n\n\n<h2 class=\"wp-block-heading\">Quais s\u00e3o os benef\u00edcios da pesquisa de mercado de reconhecimento facial?<\/h2>\n\n\n\n<p>A pesquisa de mercado de reconhecimento facial oferece in\u00fameros benef\u00edcios, que s\u00e3o cruciais para empresas, legisladores e desenvolvedores de tecnologia que navegam neste campo complexo e em r\u00e1pida evolu\u00e7\u00e3o. Esses benef\u00edcios abrangem uma s\u00e9rie de considera\u00e7\u00f5es estrat\u00e9gicas, operacionais e \u00e9ticas, como:<\/p>\n\n\n\n<ul class=\"wp-block-list\">\n<li><strong>Vis\u00e3o Estrat\u00e9gica e Tomada de Decis\u00e3o:<\/strong> Facial recognition market research provides valuable strategic insights, enabling businesses and organizations to make informed decisions about adopting and integrating facial recognition technology. <\/li>\n\n\n\n<li><strong>Seguran\u00e7a aprimorada e preven\u00e7\u00e3o de fraudes:<\/strong> Um dos principais benef\u00edcios da tecnologia de reconhecimento facial \u00e9 a sua aplica\u00e7\u00e3o na seguran\u00e7a e preven\u00e7\u00e3o de fraudes. A pesquisa de mercado de reconhecimento facial ajuda a compreender as melhores pr\u00e1ticas, padr\u00f5es tecnol\u00f3gicos e estrat\u00e9gias de implementa\u00e7\u00e3o para usar efetivamente o reconhecimento facial para melhorar as medidas de seguran\u00e7a em diversos setores.<\/li>\n\n\n\n<li><strong>Personaliza\u00e7\u00e3o e experi\u00eancia do cliente:<\/strong> Em setores como varejo, hotelaria e entretenimento, o reconhecimento facial pode melhorar significativamente a experi\u00eancia do cliente por meio da personaliza\u00e7\u00e3o. A pesquisa de mercado fornece insights sobre as atitudes dos consumidores em rela\u00e7\u00e3o ao reconhecimento facial e como ele pode ser usado para adaptar servi\u00e7os e produtos \u00e0s prefer\u00eancias individuais.<\/li>\n\n\n\n<li><strong>Conformidade \u00c9tica e Regulat\u00f3ria:<\/strong> Facial recognition market research is essential for navigating the ethical implications and regulatory challenges associated with facial recognition technology. T<\/li>\n\n\n\n<li><strong>Inova\u00e7\u00e3o e Desenvolvimento:<\/strong> For technology developers and innovators, facial recognition market research offers a landscape of the current state of technology, potential areas for innovation, and unmet market needs. <\/li>\n<\/ul>\n\n\n\n<h2 class=\"wp-block-heading\">Principais ind\u00fastrias para pesquisa de mercado de reconhecimento facial<\/h2>\n\n\n\n<p>A pesquisa de mercado de reconhecimento facial desempenha um papel cr\u00edtico em v\u00e1rios setores, cada um aproveitando a tecnologia para diferentes aplica\u00e7\u00f5es e enfrentando desafios de mercado \u00fanicos. Aqui est\u00e3o alguns setores-chave onde esta pesquisa de mercado \u00e9 particularmente impactante:<\/p>\n\n\n\n<ul class=\"wp-block-list\">\n<li><strong>Seguran\u00e7a e Vigil\u00e2ncia:<\/strong> A ind\u00fastria de seguran\u00e7a \u00e9 um dos principais usu\u00e1rios da tecnologia de reconhecimento facial. \u00c9 usado para vigil\u00e2ncia, controle de acesso e verifica\u00e7\u00e3o de identidade. A pesquisa de mercado de reconhecimento facial nesta \u00e1rea concentra-se em melhorar a precis\u00e3o, velocidade e confiabilidade, ao mesmo tempo que aborda quest\u00f5es de privacidade e considera\u00e7\u00f5es \u00e9ticas.<\/li>\n\n\n\n<li><strong>Servi\u00e7os de Varejo e Consumidor:<\/strong> No varejo, o reconhecimento facial \u00e9 usado para marketing personalizado, an\u00e1lise de clientes e preven\u00e7\u00e3o de roubo. A pesquisa de mercado de reconhecimento facial ajuda a compreender as atitudes dos consumidores em rela\u00e7\u00e3o ao reconhecimento facial e explora maneiras de melhorar a experi\u00eancia de compra, respeitando a privacidade.<\/li>\n\n\n\n<li><strong>Banca e finan\u00e7as:<\/strong> The banking sector utilizes facial recognition for customer authentication, fraud prevention, and enhancing user experience in digital banking. Market <a title=\"Pesquisa de mercado de seguran\u00e7a\" data-wpil-monitor-id=\"7008\" href=\"https:\/\/www.sisinternational.com\/pt\/pericia\/industrias\/pesquisa-de-mercado-de-seguranca\/\">pesquisar<\/a> in this industry delves into security aspects, customer trust, and compliance with financial regulations.<\/li>\n\n\n\n<li><strong>Assist\u00eancia m\u00e9dica:<\/strong> Na \u00e1rea da sa\u00fade, o reconhecimento facial \u00e9 utilizado para identifica\u00e7\u00e3o de pacientes, acesso a prontu\u00e1rios m\u00e9dicos e at\u00e9 mesmo em diagn\u00f3sticos e planos de tratamento. A pesquisa de mercado concentra-se na precis\u00e3o, seguran\u00e7a dos dados e integra\u00e7\u00e3o com os sistemas de sa\u00fade existentes.<\/li>\n\n\n\n<li><strong>Transporte e viagens:<\/strong> A tecnologia de reconhecimento facial est\u00e1 sendo cada vez mais usada em aeroportos para triagem de passageiros, embarque e verifica\u00e7\u00f5es alfandeg\u00e1rias. Neste setor, a pesquisa de mercado explora melhorias de efici\u00eancia, melhorias de seguran\u00e7a e preocupa\u00e7\u00f5es com a privacidade dos viajantes.<\/li>\n\n\n\n<li><strong>Setor P\u00fablico e Governo:<\/strong> Os governos usam o reconhecimento facial para v\u00e1rios fins, incluindo aplica\u00e7\u00e3o da lei, seguran\u00e7a p\u00fablica e administra\u00e7\u00e3o. A pesquisa de mercado de reconhecimento facial neste setor examina a aceita\u00e7\u00e3o p\u00fablica, as implica\u00e7\u00f5es \u00e9ticas e o equil\u00edbrio entre seguran\u00e7a e liberdades civis.<\/li>\n<\/ul>\n\n\n\n<h2 class=\"wp-block-heading\">Principais players do mercado de reconhecimento facial<\/h2>\n\n\n\n<p>O mercado de reconhecimento facial \u00e9 um campo din\u00e2mico e competitivo, com v\u00e1rios players competindo por uma fatia da base de clientes.<\/p>\n\n\n\n<ul class=\"wp-block-list\">\n<li><strong>Amazonas:<\/strong> Com seu servi\u00e7o Rekognition, a Amazon fornece uma poderosa tecnologia de reconhecimento facial amplamente utilizada em v\u00e1rios setores, incluindo aplica\u00e7\u00e3o da lei e seguran\u00e7a p\u00fablica.<\/li>\n\n\n\n<li><strong>IA de visualiza\u00e7\u00e3o clara:<\/strong> Um ator controverso, mas significativo, a Clearview AI fornece tecnologia de reconhecimento facial usada principalmente por ag\u00eancias de aplica\u00e7\u00e3o da lei.<\/li>\n\n\n\n<li><strong>Rosto++:<\/strong> Grande empresa chinesa especializada em reconhecimento facial, a Face++ \u00e9 conhecida por suas solu\u00e7\u00f5es inovadoras em diversas aplica\u00e7\u00f5es, incluindo sistemas de pagamento e servi\u00e7os online.<\/li>\n\n\n\n<li><strong>Panasonic:<\/strong> A Panasonic oferece reconhecimento facial integrado \u00e0s suas solu\u00e7\u00f5es de seguran\u00e7a e vigil\u00e2ncia.<\/li>\n<\/ul>\n\n\n\n<h2 class=\"wp-block-heading\">Oportunidades no mercado de reconhecimento facial para empresas<\/h2>\n\n\n\n<p>The facial recognition market offers several opportunities for businesses \u2013 and here&#8217;s an overview of the key opportunities businesses can leverage today according to <a title=\"Pesquisa de Mercado na Maurit\u00e2nia, \u00c1frica \u2013 uma Vis\u00e3o Geral\" href=\"https:\/\/www.sisinternational.com\/pt\/cobertura\/pesquisa-de-mercado-africa\/pesquisa-de-mercado-na-mauritania-africa\/\" data-wpil-monitor-id=\"5283\">pesquisa de mercado de reconhecimento facial<\/a>:<\/p>\n\n\n\n<ul class=\"wp-block-list\">\n<li><strong>Seguran\u00e7a e vigil\u00e2ncia aprimoradas:<\/strong> Businesses can utilize this technology for access control, monitoring, and identifying potential security threats. <\/li>\n\n\n\n<li><strong>Melhor experi\u00eancia do cliente:<\/strong> In the retail and hospitality industries, facial recognition can significantly enhance customer experience. <\/li>\n\n\n\n<li><strong>Opera\u00e7\u00f5es simplificadas:<\/strong> A tecnologia de reconhecimento facial pode agilizar v\u00e1rios processos operacionais. Por exemplo, no setor de viagens e hotelaria, pode agilizar os processos de check-in e embarque, enquanto em ambientes corporativos, pode ser usado para monitoramento eficiente da presen\u00e7a dos funcion\u00e1rios e gerenciamento de acesso.<\/li>\n\n\n\n<li><strong>Detec\u00e7\u00e3o e preven\u00e7\u00e3o de fraudes:<\/strong> No setor financeiro, o reconhecimento facial pode desempenhar um papel crucial na dete\u00e7\u00e3o e preven\u00e7\u00e3o de fraudes. Bancos e institui\u00e7\u00f5es financeiras podem utilizar esta tecnologia para autentica\u00e7\u00e3o segura de clientes, reduzindo o risco de fraude financeira e roubo de identidade.<\/li>\n\n\n\n<li><strong>Aplica\u00e7\u00f5es de sa\u00fade:<\/strong> Facial recognition technology has potential applications in healthcare such as patient identification and management \u2013 and even in diagnostic procedures. <\/li>\n<\/ul>\n\n\n\n<h2 class=\"wp-block-heading\">Desafios no mercado de reconhecimento facial para empresas<\/h2>\n\n\n\n<p>Embora o mercado de reconhecimento facial apresente in\u00fameras oportunidades, as empresas tamb\u00e9m enfrentam v\u00e1rios desafios ao implementar esta tecnologia.<\/p>\n\n\n\n<ul class=\"wp-block-list\">\n<li><strong>Preocupa\u00e7\u00f5es \u00e9ticas e de privacidade:<\/strong> Um dos desafios mais significativos \u00e9 abordar as implica\u00e7\u00f5es \u00e9ticas e as preocupa\u00e7\u00f5es com a privacidade associadas ao reconhecimento facial. As empresas devem lidar com quest\u00f5es relacionadas ao consentimento, armazenamento de dados e potencial de vigil\u00e2ncia, garantindo que respeitam a privacidade do usu\u00e1rio e cumprem os regulamentos de prote\u00e7\u00e3o de dados.<\/li>\n\n\n\n<li><strong>Precis\u00e3o e polariza\u00e7\u00e3o:<\/strong> Garantir a precis\u00e3o da tecnologia de reconhecimento facial, especialmente em popula\u00e7\u00f5es diversas, \u00e9 um grande desafio. Existe o risco de preconceito nos algoritmos de reconhecimento facial, o que pode levar a imprecis\u00f5es e pr\u00e1ticas discriminat\u00f3rias.<\/li>\n\n\n\n<li><strong>Conformidade regulat\u00f3ria:<\/strong> O panorama regulamentar da tecnologia de reconhecimento facial est\u00e1 a evoluir, com v\u00e1rios pa\u00edses e regi\u00f5es a implementar diferentes diretrizes e restri\u00e7\u00f5es. Manter-se em conformidade com essas regulamenta\u00e7\u00f5es em constante mudan\u00e7a \u00e9 um desafio para as empresas que operam em diversas jurisdi\u00e7\u00f5es.<\/li>\n\n\n\n<li><strong>Percep\u00e7\u00e3o p\u00fablica e confian\u00e7a:<\/strong> Construir a confian\u00e7a do p\u00fablico na tecnologia de reconhecimento facial \u00e9 outro desafio. As empresas devem abordar as preocupa\u00e7\u00f5es do p\u00fablico sobre o uso da tecnologia e demonstrar o seu compromisso em us\u00e1-la de forma respons\u00e1vel e<\/li>\n\n\n\n<li><strong>Limita\u00e7\u00f5es Tecnol\u00f3gicas:<\/strong> Apesar dos avan\u00e7os, a tecnologia de reconhecimento facial ainda apresenta limita\u00e7\u00f5es, especialmente em condi\u00e7\u00f5es desafiadoras, como ilumina\u00e7\u00e3o insuficiente, baixa qualidade de imagem ou obstru\u00e7\u00f5es faciais.<\/li>\n\n\n\n<li><strong>Riscos de seguran\u00e7a:<\/strong> Os sistemas de reconhecimento facial envolvem o processamento e armazenamento de dados biom\u00e9tricos sens\u00edveis, o que representa riscos de seguran\u00e7a. Proteger esses dados contra viola\u00e7\u00f5es e ataques cibern\u00e9ticos \u00e9 fundamental para evitar o roubo de identidade e manter a confian\u00e7a do usu\u00e1rio.<\/li>\n<\/ul>\n\n\n\n<h2 class=\"wp-block-heading\">Perspectivas do mercado de reconhecimento facial para empresas<\/h2>\n\n\n\n<p>\u00c0 medida que esta tecnologia avan\u00e7a e se torna mais avan\u00e7ada, espera-se que as aplica\u00e7\u00f5es e o impacto do reconhecimento facial se ampliem. Aqui est\u00e1 uma vis\u00e3o sobre as perspectivas futuras deste mercado:<\/p>\n\n\n\n<ul class=\"wp-block-list\">\n<li><strong>Expans\u00e3o em diversos setores:<\/strong> Facial recognition technology is expected to expand beyond traditional sectors like security and surveillance into areas such as healthcare, retail, education, and entertainment. <\/li>\n\n\n\n<li><strong>IA \u00e9tica e regulamenta\u00e7\u00e3o:<\/strong> O futuro provavelmente ver\u00e1 regulamenta\u00e7\u00f5es e diretrizes \u00e9ticas mais rigorosas que regem o uso da tecnologia de reconhecimento facial. As empresas ter\u00e3o de se adaptar a estas mudan\u00e7as, garantindo que a utiliza\u00e7\u00e3o do reconhecimento facial seja respons\u00e1vel, transparente e em conformidade com as normas legais.<\/li>\n\n\n\n<li><strong>Crescimento nos mercados em desenvolvimento:<\/strong> Emerging markets are expected to show significant growth in the adoption of facial recognition technology. <\/li>\n\n\n\n<li><strong>Integra\u00e7\u00e3o com outras tecnologias:<\/strong> \u00c9 prov\u00e1vel que o reconhecimento facial seja cada vez mais integrado com outras tecnologias, como dispositivos IoT, blockchain e realidade aumentada, para criar sistemas mais abrangentes e sofisticados. Esta integra\u00e7\u00e3o abrir\u00e1 novos caminhos para inova\u00e7\u00e3o e aplica\u00e7\u00e3o.<\/li>\n<\/ul>\n\n\n\n<h2 class=\"wp-block-heading\">Solu\u00e7\u00f5es SIS: pesquisa de mercado de reconhecimento facial<\/h2>\n\n\n\n<p>Oferecemos solu\u00e7\u00f5es abrangentes para empresas que buscam navegar e capitalizar no cen\u00e1rio em evolu\u00e7\u00e3o da tecnologia de reconhecimento facial. Nossa pesquisa de mercado de reconhecimento facial fornece insights valiosos sobre tend\u00eancias de mercado, avan\u00e7os tecnol\u00f3gicos, \u00e1reas de aplica\u00e7\u00e3o, estruturas regulat\u00f3rias e cen\u00e1rios competitivos, capacitando as empresas a desbloquear todo o potencial das ferramentas de reconhecimento facial.<\/p>\n\n\n\n<ul class=\"wp-block-list\">\n<li><strong>Vis\u00e3o Estrat\u00e9gica e Tomada de Decis\u00e3o:<\/strong> Nossa pesquisa equipa as empresas com insights estrat\u00e9gicos para tomar decis\u00f5es informadas sobre a ado\u00e7\u00e3o e integra\u00e7\u00e3o da tecnologia de reconhecimento facial. Fornecemos um profundo entendimento das necessidades do mercado, capacidades tecnol\u00f3gicas e \u00e1reas potenciais de aplica\u00e7\u00e3o, orientando o planejamento estrat\u00e9gico e o investimento.<\/li>\n\n\n\n<li><strong>Seguran\u00e7a aprimorada e preven\u00e7\u00e3o de fraudes:<\/strong> Ajudamos as empresas a compreender as melhores pr\u00e1ticas, padr\u00f5es tecnol\u00f3gicos e estrat\u00e9gias de implementa\u00e7\u00e3o para utilizar eficazmente o reconhecimento facial para melhorar as medidas de seguran\u00e7a e a preven\u00e7\u00e3o de fraudes em v\u00e1rios setores.<\/li>\n\n\n\n<li><strong>Personaliza\u00e7\u00e3o e experi\u00eancia do cliente:<\/strong> No varejo, hotelaria e outros setores voltados ao consumidor, fornecemos insights sobre como o reconhecimento facial pode melhorar a experi\u00eancia do cliente por meio de personaliza\u00e7\u00e3o, servi\u00e7os personalizados e experi\u00eancias de compra aprimoradas, respeitando a privacidade.<\/li>\n\n\n\n<li><strong>Conformidade \u00c9tica e Regulat\u00f3ria:<\/strong> Nossa pesquisa aborda as implica\u00e7\u00f5es \u00e9ticas e os desafios regulat\u00f3rios associados \u00e0 tecnologia de reconhecimento facial, ajudando as empresas a lidar com quest\u00f5es de privacidade, leis de prote\u00e7\u00e3o de dados e diretrizes \u00e9ticas para garantir o uso respons\u00e1vel da tecnologia.<\/li>\n\n\n\n<li><strong>Inova\u00e7\u00e3o e Desenvolvimento:<\/strong> Para desenvolvedores e inovadores de tecnologia, oferecemos insights sobre o estado atual da tecnologia, \u00e1reas potenciais para inova\u00e7\u00e3o e necessidades de mercado n\u00e3o atendidas, direcionando esfor\u00e7os de pesquisa e desenvolvimento para solu\u00e7\u00f5es novas e aprimoradas de reconhecimento facial.<\/li>\n\n\n\n<li><strong>Identificando os principais participantes e parcerias:<\/strong> Ajudamos as empresas a identificar os principais intervenientes no mercado de reconhecimento facial, avaliar as quotas de mercado e explorar potenciais parcerias ou oportunidades de investimento, permitindo o planeamento estrat\u00e9gico e o posicionamento no mercado.<\/li>\n\n\n\n<li><strong>Monitoramento e Adapta\u00e7\u00e3o Cont\u00ednuos:<\/strong> Nossa pesquisa fornece suporte e monitoramento cont\u00ednuos para garantir que as empresas permane\u00e7am a par dos avan\u00e7os tecnol\u00f3gicos, das mudan\u00e7as regulat\u00f3rias e das tend\u00eancias do mercado, permitindo-lhes adaptar suas estrat\u00e9gias e solu\u00e7\u00f5es de acordo.<\/li>\n<\/ul>\n\n\n\n<h2 class=\"wp-block-heading\">Sobre SIS Internacional<\/h2>\n\n\n\n<p>A SIS International oferece Pesquisa Quantitativa, Qualitativa e Estrat\u00e9gica. Fornecemos dados, ferramentas, estrat\u00e9gias, relat\u00f3rios e insights para tomada de decis\u00f5es. Conduzimos entrevistas, pesquisas, grupos focais e muitos outros m\u00e9todos e abordagens de Pesquisa de Mercado. Contate-nos para o seu pr\u00f3ximo projeto de Pesquisa de Mercado.<\/p>","protected":false},"excerpt":{"rendered":"<p>O reconhecimento facial \u00e9 usado em setores que v\u00e3o da seguran\u00e7a \u00e0 sa\u00fade. Tem um grande impacto nas empresas, nas intera\u00e7\u00f5es com os consumidores e na sociedade.<\/p>","protected":false},"author":1,"featured_media":62588,"parent":44406,"menu_order":9,"comment_status":"closed","ping_status":"closed","template":"","meta":{"footnotes":""},"class_list":["post-44504","page","type-page","status-publish","has-post-thumbnail"],"_links":{"self":[{"href":"https:\/\/www.sisinternational.com\/pt\/wp-json\/wp\/v2\/pages\/44504","targetHints":{"allow":["GET"]}}],"collection":[{"href":"https:\/\/www.sisinternational.com\/pt\/wp-json\/wp\/v2\/pages"}],"about":[{"href":"https:\/\/www.sisinternational.com\/pt\/wp-json\/wp\/v2\/types\/page"}],"author":[{"embeddable":true,"href":"https:\/\/www.sisinternational.com\/pt\/wp-json\/wp\/v2\/users\/1"}],"replies":[{"embeddable":true,"href":"https:\/\/www.sisinternational.com\/pt\/wp-json\/wp\/v2\/comments?post=44504"}],"version-history":[{"count":6,"href":"https:\/\/www.sisinternational.com\/pt\/wp-json\/wp\/v2\/pages\/44504\/revisions"}],"predecessor-version":[{"id":82995,"href":"https:\/\/www.sisinternational.com\/pt\/wp-json\/wp\/v2\/pages\/44504\/revisions\/82995"}],"up":[{"embeddable":true,"href":"https:\/\/www.sisinternational.com\/pt\/wp-json\/wp\/v2\/pages\/44406"}],"wp:featuredmedia":[{"embeddable":true,"href":"https:\/\/www.sisinternational.com\/pt\/wp-json\/wp\/v2\/media\/62588"}],"wp:attachment":[{"href":"https:\/\/www.sisinternational.com\/pt\/wp-json\/wp\/v2\/media?parent=44504"}],"curies":[{"name":"wp","href":"https:\/\/api.w.org\/{rel}","templated":true}]}}