{"id":44466,"date":"2023-12-27T18:39:14","date_gmt":"2023-12-27T23:39:14","guid":{"rendered":"https:\/\/www.sisinternational.com\/?page_id=44466"},"modified":"2026-02-18T12:56:00","modified_gmt":"2026-02-18T17:56:00","slug":"pesquisa-de-mercado-de-ia-de-visao-computacional","status":"publish","type":"page","link":"https:\/\/www.sisinternational.com\/pt\/solucoes\/pesquisa-de-mercado-de-ia-e-consultoria-estrategica\/pesquisa-de-mercado-de-ia-de-visao-computacional\/","title":{"rendered":"Pesquisa de mercado de IA de vis\u00e3o computacional"},"content":{"rendered":"<h1 class=\"wp-block-heading\">Pesquisa de mercado de IA de vis\u00e3o computacional<\/h1>\n\n\n\n<figure class=\"gb-block-image gb-block-image-2bc87e54\"><img loading=\"lazy\" decoding=\"async\" width=\"1456\" height=\"816\" class=\"gb-image gb-image-2bc87e54\" src=\"https:\/\/www.sisinternational.com\/wp-content\/uploads\/2025\/08\/AI-13.jpg\" alt=\"Pesquisa e Estrat\u00e9gia de Mercado Internacional da SIS\" title=\"AI (13)\" srcset=\"https:\/\/www.sisinternational.com\/wp-content\/uploads\/2025\/08\/AI-13.jpg 1456w, https:\/\/www.sisinternational.com\/wp-content\/uploads\/2025\/08\/AI-13-300x168.jpg 300w, https:\/\/www.sisinternational.com\/wp-content\/uploads\/2025\/08\/AI-13-1024x574.jpg 1024w, https:\/\/www.sisinternational.com\/wp-content\/uploads\/2025\/08\/AI-13-768x430.jpg 768w, https:\/\/www.sisinternational.com\/wp-content\/uploads\/2025\/08\/AI-13-18x10.jpg 18w\" sizes=\"auto, (max-width: 1456px) 100vw, 1456px\"><\/figure>\n\n\n\n<p><\/p>\n\n\n\n<p>A vis\u00e3o computacional (CV) \u00e9 um campo da intelig\u00eancia artificial que permite que computadores e sistemas obtenham informa\u00e7\u00f5es significativas de imagens digitais, v\u00eddeos e outras entradas visuais. Ele imita a complexidade da vis\u00e3o humana, capturando dados visuais e interpretando-os... No entanto, no campo da pesquisa de mercado, este estudo envolve a an\u00e1lise de como as empresas e os consumidores est\u00e3o utilizando tecnologias de vis\u00e3o computacional.<\/p>\n\n\n\n<h2 class=\"wp-block-heading\">Compreendendo a pesquisa de mercado de vis\u00e3o computacional e sua import\u00e2ncia<\/h2>\n\n\n\n<p>A profundidade da pesquisa de mercado de vis\u00e3o computacional reside na sua capacidade de fornecer insights tanto sobre os aspectos tecnol\u00f3gicos da vis\u00e3o computacional quanto sobre suas aplica\u00e7\u00f5es pr\u00e1ticas em diversos setores. Ajuda a identificar os principais impulsionadores do mercado, os desafios enfrentados pelas empresas na implementa\u00e7\u00e3o de tecnologias CV e as \u00e1reas potenciais de crescimento e inova\u00e7\u00e3o.<\/p>\n\n\n\n<p>Al\u00e9m disso, <a title=\"Pesquisa de mercado de computa\u00e7\u00e3o em nuvem\" href=\"https:\/\/www.sisinternational.com\/pt\/pericia\/industrias\/pesquisa-de-mercado-de-computacao-em-nuvem\/\" data-wpil-monitor-id=\"3673\">computer vision market research<\/a> is crucial for businesses looking to invest in or develop computer vision tools since this research helps in identifying emerging trends, breakthrough technologies, and potential areas for application.<\/p>\n\n\n\n<p>Another critical aspect is the role of <a title=\"Pesquisa de mercado de entrevistas por telefone assistidas por computador\" href=\"https:\/\/www.sisinternational.com\/pt\/pericia\/industrias\/entrevista-por-telefone-assistida-por-computador-pesquisa-de-mercado\/\" data-wpil-monitor-id=\"5776\">computer vision market research<\/a> in risk management and investment. By providing a comprehensive <a title=\"Pesquisa de mercado de an\u00e1lise CHAID\" href=\"https:\/\/www.sisinternational.com\/pt\/solucoes\/solucoes-de-pesquisa-quantitativa-qualitativa\/pesquisa-de-mercado-de-analise-chaid\/\" data-wpil-monitor-id=\"9958\">analysis of the market<\/a>, including competitive landscapes, potential risks, and growth opportunities, this research guides businesses in making informed decisions about investments in CV technologies.<\/p>\n\n\n\n<h2 class=\"wp-block-heading\">Quais s\u00e3o os benef\u00edcios da pesquisa de mercado de vis\u00e3o computacional?<\/h2>\n\n\n\n<p>The benefits of computer vision market research are extensive, offering businesses critical insights and advantages in an increasingly digital and visual-centric world. <\/p>\n\n\n\n<ul class=\"wp-block-list\">\n<li><strong>Tomada de decis\u00f5es estrat\u00e9gicas informadas:<\/strong> Computer vision market research provides businesses with essential data and insights about the current state and future trends of computer vision technology. This information is crucial for making strategic decisions about product development, market-entry, and <a title=\"Pesquisa de mercado de tecnologia de investimento\" data-wpil-monitor-id=\"9959\" href=\"https:\/\/www.sisinternational.com\/pt\/solucoes\/pesquisa-de-consultoria-em-estrategia-fintech\/pesquisa-de-mercado-de-tecnologia-de-investimento\/\">investment in CV technology<\/a>.<\/li>\n\n\n\n<li><strong>Desenvolvimento aprimorado de produtos:<\/strong> Com insights sobre como a vis\u00e3o computacional est\u00e1 sendo usada em v\u00e1rios setores, as empresas podem inovar e melhorar seus produtos e servi\u00e7os.<\/li>\n\n\n\n<li><strong>Vantagem competitiva:<\/strong> Computer vision market research offers insights into how competitors are using CV technology, allowing <a title=\"Pesquisa de mercado de neg\u00f3cios escal\u00e1veis: 7 maneiras de construir um neg\u00f3cio escal\u00e1vel\" data-wpil-monitor-id=\"9960\" href=\"https:\/\/www.sisinternational.com\/pt\/publicacoes\/pesquisa-de-mercado-de-negocios-escalaveis-7-maneiras-de-construir-um-negocio-escalavel\/\">businesses to identify gaps in the market<\/a> and opportunities to differentiate their offerings.<\/li>\n\n\n\n<li><strong>Melhor compreens\u00e3o do cliente:<\/strong> Computer vision market research helps businesses understand how consumers interact with computer vision technologies. <\/li>\n<\/ul>\n\n\n\n<h2 class=\"wp-block-heading\">Principais ind\u00fastrias no mercado de vis\u00e3o computacional<\/h2>\n\n\n\n<p>O <a title=\"Pesquisa de mercado de computa\u00e7\u00e3o qu\u00e2ntica\" href=\"https:\/\/www.sisinternational.com\/pt\/pericia\/industrias\/pesquisa-de-mercado-de-computacao-quantica\/\" data-wpil-monitor-id=\"9961\">computer vision market<\/a> has made a significant impact across various industries \u2013 and here are some key industries where computer vision technology is playing a critical role:<\/p>\n\n\n\n<ul class=\"wp-block-list\">\n<li><strong>Varejo e com\u00e9rcio eletr\u00f4nico:<\/strong> No setor de varejo, a vis\u00e3o computacional \u00e9 usada para gerenciamento de estoque, an\u00e1lise do comportamento do cliente e aprimoramento da experi\u00eancia de compra por meio de experimenta\u00e7\u00f5es virtuais e exibi\u00e7\u00f5es interativas.<\/li>\n\n\n\n<li><strong>Automotivo:<\/strong> A ind\u00fastria automotiva aproveita a vis\u00e3o computacional para tecnologia de dire\u00e7\u00e3o aut\u00f4noma, incluindo detec\u00e7\u00e3o de obst\u00e1culos, reconhecimento de sinais de tr\u00e2nsito e sistemas de monitoramento de motoristas. Tamb\u00e9m \u00e9 utilizado em processos de fabrica\u00e7\u00e3o para controle de qualidade e inspe\u00e7\u00e3o de componentes.<\/li>\n\n\n\n<li><strong>Assist\u00eancia m\u00e9dica:<\/strong> Na \u00e1rea da sa\u00fade, a vis\u00e3o computacional auxilia no diagn\u00f3stico por imagem, atendimento ao paciente e cirurgia. \u00c9 usado para analisar imagens m\u00e9dicas, auxiliar em procedimentos cir\u00fargicos complexos e monitorar a sa\u00fade do paciente por meio de dados visuais.<\/li>\n\n\n\n<li><strong>Fabrica\u00e7\u00e3o:<\/strong> A vis\u00e3o computacional na fabrica\u00e7\u00e3o aprimora o controle de qualidade, a detec\u00e7\u00e3o de defeitos e a automa\u00e7\u00e3o das linhas de montagem. Permite a inspe\u00e7\u00e3o precisa e eficiente dos produtos, contribuindo para maior qualidade e redu\u00e7\u00e3o de custos.<\/li>\n\n\n\n<li><strong>Transporte e Log\u00edstica:<\/strong> A vis\u00e3o computacional facilita o armazenamento automatizado, o gerenciamento log\u00edstico e o manuseio eficiente de cargas. Melhora a velocidade e a precis\u00e3o dos processos log\u00edsticos, aumentando a efici\u00eancia da cadeia de abastecimento.<\/li>\n<\/ul>\n\n\n\n<h2 class=\"wp-block-heading\">Principais players do mercado de vis\u00e3o computacional<\/h2>\n\n\n\n<p>The computer vision market is driven by a diverse array of players, each contributing to the advancement and application of computer vision technology. Understanding the key players is crucial for comprehending the current landscape and future trends of computer vision \u2013 and here are some of the main <a title=\"Pesquisa de mercado da empresa de guia tur\u00edstico\" href=\"https:\/\/www.sisinternational.com\/pt\/solucoes\/consultoria-em-hotelaria-e-turismo-em-viagens\/pesquisa-de-mercado-de-empresa-de-guia-turistico\/\" data-wpil-monitor-id=\"9962\">companies shaping this market<\/a>:<\/p>\n\n\n\n<ul class=\"wp-block-list\">\n<li><strong>Google:<\/strong> O Google fez contribui\u00e7\u00f5es significativas para o campo da vis\u00e3o computacional, especialmente por meio do desenvolvimento de tecnologias de reconhecimento de imagem e da estrutura de aprendizado de m\u00e1quina TensorFlow.<\/li>\n\n\n\n<li><strong>Microsoft:<\/strong> Com seus servi\u00e7os Azure Computer Vision, a Microsoft fornece uma variedade de ferramentas para an\u00e1lise de conte\u00fado visual, incluindo detec\u00e7\u00e3o de objetos, reconhecimento facial e reconhecimento \u00f3ptico de caracteres (OCR).<\/li>\n\n\n\n<li><strong>Amazon Web Services (AWS):<\/strong> A AWS oferece recursos de vis\u00e3o computacional por meio do Amazon Rekognition, que fornece an\u00e1lise de imagens e v\u00eddeos para aplica\u00e7\u00f5es como verifica\u00e7\u00e3o de usu\u00e1rios, modera\u00e7\u00e3o de conte\u00fado e recomenda\u00e7\u00f5es personalizadas.<\/li>\n\n\n\n<li><strong>Informa\u00e7\u00f5es:<\/strong> A Intel tem sido fundamental no mercado de vis\u00e3o computacional, especialmente atrav\u00e9s da aquisi\u00e7\u00e3o da Mobileye, l\u00edder em tecnologia de vis\u00e3o para ve\u00edculos aut\u00f4nomos, e de sua tecnologia RealSense para digitaliza\u00e7\u00e3o e rastreamento 3D.<\/li>\n<\/ul>\n\n\n\n<h2 class=\"wp-block-heading\">Oportunidades no mercado de vis\u00e3o computacional para empresas<\/h2>\n\n\n\n<p>O Mercado de Vis\u00e3o Computacional oferece uma infinidade de oportunidades para empresas. \u00c0 medida que esta tecnologia continua a evoluir e a integrar-se em diferentes ind\u00fastrias, abre novos caminhos para a inova\u00e7\u00e3o, efici\u00eancia e envolvimento do cliente.<\/p>\n\n\n\n<ul class=\"wp-block-list\">\n<li><strong>Experi\u00eancias aprimoradas do cliente:<\/strong> A tecnologia de vis\u00e3o computacional pode ser usada para criar experi\u00eancias mais envolventes e interativas para os clientes, especialmente no varejo e no com\u00e9rcio eletr\u00f4nico, por meio de testes virtuais, recomenda\u00e7\u00f5es personalizadas e marketing interativo.<\/li>\n\n\n\n<li><strong>Efici\u00eancia operacional:<\/strong> Em setores como manufatura e log\u00edstica, a vis\u00e3o computacional pode melhorar significativamente a efici\u00eancia operacional por meio de verifica\u00e7\u00f5es de qualidade automatizadas, gerenciamento de estoque e processos log\u00edsticos simplificados.<\/li>\n<\/ul>\n\n\n\n<h2 class=\"wp-block-heading\">Desafios do mercado de vis\u00e3o computacional para empresas<\/h2>\n\n\n\n<p>A vis\u00e3o computacional enfrenta v\u00e1rios desafios para as empresas \u2013 e superar esses desafios \u00e9 essencial para capitalizar totalmente os benef\u00edcios da vis\u00e3o computacional. Esses principais desafios incluem:<\/p>\n\n\n\n<ul class=\"wp-block-list\">\n<li><strong>Complexidade Tecnol\u00f3gica:<\/strong> A implementa\u00e7\u00e3o de solu\u00e7\u00f5es de vis\u00e3o computacional requer um certo n\u00edvel de conhecimento t\u00e9cnico. O desenvolvimento, a implanta\u00e7\u00e3o e a manuten\u00e7\u00e3o desses sistemas podem ser complexos, especialmente para empresas sem recursos internos de IA e aprendizado de m\u00e1quina.<\/li>\n\n\n\n<li><strong>Altos custos de desenvolvimento:<\/strong> O desenvolvimento de aplicativos robustos de vis\u00e3o computacional pode consumir muitos recursos. Isto inclui os custos associados \u00e0 aquisi\u00e7\u00e3o de conjuntos de dados de qualidade, \u00e0 contrata\u00e7\u00e3o de profissionais qualificados e ao investimento na infraestrutura de hardware e software necess\u00e1ria.<\/li>\n\n\n\n<li><strong>Desafios de integra\u00e7\u00e3o:<\/strong> A integra\u00e7\u00e3o perfeita de tecnologias de vis\u00e3o computacional em sistemas e processos de neg\u00f3cios existentes pode ser uma tarefa dif\u00edcil. Requer planejamento e execu\u00e7\u00e3o cuidadosos para garantir compatibilidade e efici\u00eancia funcional.<\/li>\n\n\n\n<li><strong>Problemas de precis\u00e3o e confiabilidade:<\/strong> Garantir a precis\u00e3o e a confiabilidade dos sistemas de vis\u00e3o computacional \u00e9 fundamental, especialmente em aplica\u00e7\u00f5es onde os erros podem ter consequ\u00eancias significativas, como na \u00e1rea da sa\u00fade ou em ve\u00edculos aut\u00f4nomos.<\/li>\n<\/ul>\n\n\n\n<h2 class=\"wp-block-heading\">Perspectivas da pesquisa de mercado de vis\u00e3o computacional<\/h2>\n\n\n\n<p>As perspectivas futuras da pesquisa de mercado de vis\u00e3o computacional continuar\u00e3o a se expandir, oferecendo novos recursos e solu\u00e7\u00f5es. Aqui est\u00e1 uma vis\u00e3o do futuro da pesquisa de mercado de vis\u00e3o computacional:<\/p>\n\n\n\n<ul class=\"wp-block-list\">\n<li><strong>Avan\u00e7os em IA e aprendizado de m\u00e1quina:<\/strong> Computer vision market research emphasizes that future advancements in AI and machine learning algorithms will significantly enhance the capabilities of computer vision systems. <\/li>\n\n\n\n<li><strong>Crescimento em iniciativas de cidades inteligentes:<\/strong> According to computer vision market research, the rise of smart city initiatives worldwide will fuel the growth of computer vision applications in urban management and public safety. <\/li>\n\n\n\n<li><strong>Experi\u00eancias aprimoradas do consumidor:<\/strong> Computer vision market research also suggests a growing use of computer vision in enhancing customer experiences, particularly in retail and e-commerce. <\/li>\n\n\n\n<li><strong>Ve\u00edculos Aut\u00f4nomos e Rob\u00f3tica:<\/strong> As perspectivas de ve\u00edculos aut\u00f4nomos e rob\u00f3tica est\u00e3o intimamente ligadas aos avan\u00e7os na vis\u00e3o computacional. As capacidades aprimoradas de processamento visual aumentar\u00e3o a seguran\u00e7a, a confiabilidade e a efici\u00eancia dos sistemas aut\u00f4nomos, desde carros aut\u00f4nomos at\u00e9 drones automatizados.<\/li>\n<\/ul>\n\n\n\n<h2 class=\"wp-block-heading\">Solu\u00e7\u00f5es SIS: pesquisa de mercado de IA de vis\u00e3o computacional<\/h2>\n\n\n\n<p>We provide insights into the development, application, and impact of computer vision technologies across various sectors. Our <a title=\"An\u00e1lise de pesquisa de mercado de sentimento de IA\" href=\"https:\/\/www.sisinternational.com\/pt\/solucoes\/pesquisa-de-mercado-de-ia-e-consultoria-estrategica\/analise-de-pesquisa-de-mercado-de-sentimento-de-ia\/\" data-wpil-monitor-id=\"9963\">research offers strategic analysis<\/a>, identifying market trends, competitive landscapes, and innovation opportunities, enabling clients to make informed decisions.<\/p>\n\n\n\n<ol class=\"wp-block-list\">\n<li><a title=\"Demand Forecasting Market Consulting\" data-wpil-monitor-id=\"9964\" href=\"https:\/\/www.sisinternational.com\/pt\/solucoes\/consultoria-estrategica\/pesquisa-de-mercado-de-previsao-de-demanda\/\">Tend\u00eancias e previs\u00f5es de mercado<\/a><\/li>\n\n\n\n<li>Analise competitiva<\/li>\n\n\n\n<li>Insights sobre o comportamento do consumidor<\/li>\n\n\n\n<li>Avan\u00e7os tecnol\u00f3gicos<\/li>\n\n\n\n<li>Aplica\u00e7\u00e3o em ind\u00fastrias-chave<\/li>\n\n\n\n<li>Considera\u00e7\u00f5es Regulat\u00f3rias e \u00c9ticas<\/li>\n\n\n\n<li>Oportunidades de investimento estrat\u00e9gico<\/li>\n<\/ol>\n\n\n\n<h2 class=\"wp-block-heading\">Sobre SIS Internacional<\/h2>\n\n\n\n<p><a title=\"SIS revela plataforma de ci\u00eancia de dados e an\u00e1lise quantitativa\" href=\"https:\/\/www.sisinternational.com\/pt\/sis-revela-plataforma-de-ciencia-de-dados-e-analise-quantitativa\/\" data-wpil-monitor-id=\"9957\">SIS International offers Quantitative<\/a>, Qualitative, and Strategy Research. We provide data, tools, strategies, reports and insights for decision-making. We conduct interviews, surveys, focus groups and many other Market Research methods and approaches. Contact us for your next Market Research project.<\/p>","protected":false},"excerpt":{"rendered":"<p>A pesquisa de vis\u00e3o computacional fornece insights sobre a tecnologia e suas aplica\u00e7\u00f5es. Ele identifica motivadores, desafios e \u00e1reas de crescimento.<\/p>","protected":false},"author":1,"featured_media":62605,"parent":44406,"menu_order":3,"comment_status":"closed","ping_status":"closed","template":"","meta":{"footnotes":""},"class_list":["post-44466","page","type-page","status-publish","has-post-thumbnail"],"_links":{"self":[{"href":"https:\/\/www.sisinternational.com\/pt\/wp-json\/wp\/v2\/pages\/44466","targetHints":{"allow":["GET"]}}],"collection":[{"href":"https:\/\/www.sisinternational.com\/pt\/wp-json\/wp\/v2\/pages"}],"about":[{"href":"https:\/\/www.sisinternational.com\/pt\/wp-json\/wp\/v2\/types\/page"}],"author":[{"embeddable":true,"href":"https:\/\/www.sisinternational.com\/pt\/wp-json\/wp\/v2\/users\/1"}],"replies":[{"embeddable":true,"href":"https:\/\/www.sisinternational.com\/pt\/wp-json\/wp\/v2\/comments?post=44466"}],"version-history":[{"count":6,"href":"https:\/\/www.sisinternational.com\/pt\/wp-json\/wp\/v2\/pages\/44466\/revisions"}],"predecessor-version":[{"id":83005,"href":"https:\/\/www.sisinternational.com\/pt\/wp-json\/wp\/v2\/pages\/44466\/revisions\/83005"}],"up":[{"embeddable":true,"href":"https:\/\/www.sisinternational.com\/pt\/wp-json\/wp\/v2\/pages\/44406"}],"wp:featuredmedia":[{"embeddable":true,"href":"https:\/\/www.sisinternational.com\/pt\/wp-json\/wp\/v2\/media\/62605"}],"wp:attachment":[{"href":"https:\/\/www.sisinternational.com\/pt\/wp-json\/wp\/v2\/media?parent=44466"}],"curies":[{"name":"wp","href":"https:\/\/api.w.org\/{rel}","templated":true}]}}