{"id":44261,"date":"2024-02-24T00:08:58","date_gmt":"2024-02-24T05:08:58","guid":{"rendered":"https:\/\/www.sisinternational.com\/?page_id=44261"},"modified":"2026-01-26T17:22:29","modified_gmt":"2026-01-26T22:22:29","slug":"pesquisa-de-mercado-de-petroleiros","status":"publish","type":"page","link":"https:\/\/www.sisinternational.com\/pt\/pericia\/pesquisa-de-mercado-de-petroleiros\/","title":{"rendered":"Pesquisa de mercado de petroleiros"},"content":{"rendered":"<h1 class=\"wp-block-heading\">Pesquisa de mercado de petroleiros<\/h1>\n\n\n\n<figure class=\"gb-block-image gb-block-image-e272475e\"><img loading=\"lazy\" decoding=\"async\" width=\"1456\" height=\"816\" class=\"gb-image gb-image-e272475e\" src=\"https:\/\/www.sisinternational.com\/wp-content\/uploads\/2025\/08\/Tanker-2.jpg\" alt=\"Pesquisa e Estrat\u00e9gia de Mercado Internacional da SIS\" title=\"Tanker (2)\" srcset=\"https:\/\/www.sisinternational.com\/wp-content\/uploads\/2025\/08\/Tanker-2.jpg 1456w, https:\/\/www.sisinternational.com\/wp-content\/uploads\/2025\/08\/Tanker-2-300x168.jpg 300w, https:\/\/www.sisinternational.com\/wp-content\/uploads\/2025\/08\/Tanker-2-1024x574.jpg 1024w, https:\/\/www.sisinternational.com\/wp-content\/uploads\/2025\/08\/Tanker-2-768x430.jpg 768w, https:\/\/www.sisinternational.com\/wp-content\/uploads\/2025\/08\/Tanker-2-18x10.jpg 18w\" sizes=\"auto, (max-width: 1456px) 100vw, 1456px\"><\/figure>\n\n\n\n<p><\/p>\n\n\n\n<p>O mercado de petroleiros exige pesquisas abrangentes para obter uma base s\u00f3lida de dados e insights. Portanto, a pesquisa de mercado de navios-tanque \u00e9 a b\u00fassola que orienta as empresas atrav\u00e9s do complexo campo de tend\u00eancias de mercado, comportamentos de consumo e cen\u00e1rios competitivos.<\/p>\n\n\n\n<h2 class=\"wp-block-heading\">Compreendendo a pesquisa de mercado de petroleiros hoje<\/h2>\n\n\n\n<p>Este tipo de pesquisa \u00e9 fundamental para empresas que operam ou est\u00e3o associadas ao transporte de l\u00edquidos a granel, incluindo petr\u00f3leo, produtos qu\u00edmicos e g\u00e1s natural liquefeito. O objetivo principal da pesquisa de mercado de navios-tanque \u00e9 fornecer uma compreens\u00e3o profunda da din\u00e2mica do mercado, do cen\u00e1rio competitivo, das prefer\u00eancias dos clientes e das tend\u00eancias emergentes neste setor especializado. A pesquisa tamb\u00e9m visa identificar padr\u00f5es, prever o comportamento futuro do mercado e descobrir fatores que impulsionam ou impedem o crescimento do mercado.<\/p>\n\n\n\n<p>Um dos aspectos cr\u00edticos da pesquisa de mercado de petroleiros \u00e9 o seu foco no equil\u00edbrio entre oferta e demanda. Os investigadores monitorizam de perto a capacidade das frotas de petroleiros, as mudan\u00e7as na produ\u00e7\u00e3o global de petr\u00f3leo e g\u00e1s e as mudan\u00e7as nos padr\u00f5es comerciais. Esta an\u00e1lise ajuda as empresas a compreender o equil\u00edbrio entre a capacidade dispon\u00edvel dos navios-tanque e a procura de servi\u00e7os de navios-tanque, o que \u00e9 crucial para estrat\u00e9gias de pre\u00e7os, gest\u00e3o de frotas e decis\u00f5es de investimento.<\/p>\n\n\n\n<h2 class=\"wp-block-heading\">Import\u00e2ncia da pesquisa de mercado de petroleiros<\/h2>\n\n\n\n<p>A ind\u00fastria de navios-tanque \u00e9 influenciada por uma infinidade de fatores, incluindo condi\u00e7\u00f5es econ\u00f3micas globais, estabilidade pol\u00edtica, avan\u00e7os tecnol\u00f3gicos e regulamenta\u00e7\u00f5es ambientais. Ao analisar estes factores, as empresas podem obter uma vis\u00e3o hol\u00edstica do mercado, permitindo-lhes antecipar as mudan\u00e7as e adaptar-se em conformidade.<\/p>\n\n\n\n<p>Esta pesquisa tamb\u00e9m desempenha um papel cr\u00edtico na gest\u00e3o de riscos. A ind\u00fastria dos petroleiros \u00e9 inerentemente arriscada, com flutua\u00e7\u00f5es nos pre\u00e7os do petr\u00f3leo, mudan\u00e7as nas rotas comerciais e tens\u00f5es geopol\u00edticas. Atrav\u00e9s de pesquisas de mercado abrangentes, as empresas podem identificar riscos potenciais e desenvolver estrat\u00e9gias para mitig\u00e1-los.<\/p>\n\n\n\n<p>Moreover, understanding customer needs and preferences is another critical aspect of tanker market research. In a customer-centric business landscape, companies need to align their services with customer expectations \u2013 and this <a href=\"https:\/\/www.sisinternational.com\/pt\/solucoes\/voz-do-cliente\/\" title=\"Pesquisa Voz do Cliente\"  data-wpil-monitor-id=\"10453\">research helps businesses understand what their customers<\/a> value, whether it&#8217;s faster transit times, more flexible service options, or enhanced safety measures.<\/p>\n\n\n\n<p>\u2026 Mas, a pesquisa de mercado de petroleiros traz mais benef\u00edcios para empresas como:<\/p>\n\n\n\n<ul class=\"wp-block-list\">\n<li><strong>Decis\u00f5es de investimento otimizadas:<\/strong> Com a pesquisa de mercado de petroleiros, as empresas ganham uma perspectiva clara sobre onde e como alocar os seus recursos para obter o m\u00e1ximo retorno do investimento. Isto poder\u00e1 significar investir em navios-tanque mais novos e mais eficientes, adoptar tecnologias de ponta ou expandir-se para mercados emergentes.<\/li>\n\n\n\n<li><strong>Vantagem competitiva:<\/strong> <a href=\"https:\/\/www.sisinternational.com\/pt\/estudo-de-caso-sis-em-insights-de-lojas-em-todo-o-mundo\/\" title=\"Insights do comprador na loja \u2013 estudo de caso de pesquisa de mercado\"  data-wpil-monitor-id=\"10450\">Market research provides insights<\/a> into what competitors are doing and identifies potential gaps in the market that can be exploited. This competitive intelligence is crucial for maintaining and enhancing market position.<\/li>\n\n\n\n<li><strong>Conformidade Regulat\u00f3ria e Sustentabilidade:<\/strong> \u00c0 medida que a ind\u00fastria enfrenta press\u00f5es regulat\u00f3rias crescentes, especialmente em quest\u00f5es ambientais, a pesquisa de mercado de navios-tanque ajuda as empresas a permanecerem em conformidade e a adotarem a sustentabilidade.<\/li>\n\n\n\n<li><strong>Previs\u00e3o de mercado:<\/strong> As empresas podem antecipar mudan\u00e7as na oferta e na procura, mudan\u00e7as nos pre\u00e7os e oportunidades de mercados emergentes. Essa vis\u00e3o \u00e9 inestim\u00e1vel para o planejamento de longo prazo e para a manuten\u00e7\u00e3o da relev\u00e2ncia no mercado.<\/li>\n<\/ul>\n\n\n\n<h2 class=\"wp-block-heading\">M\u00e9todos preferidos de pesquisa de mercado de petroleiros<\/h2>\n\n\n\n<figure class=\"gb-block-image gb-block-image-9af9d5b1\"><img loading=\"lazy\" decoding=\"async\" width=\"1456\" height=\"816\" class=\"gb-image gb-image-9af9d5b1\" src=\"https:\/\/www.sisinternational.com\/wp-content\/uploads\/2025\/08\/Tanker-1.jpg\" alt=\"Pesquisa e Estrat\u00e9gia de Mercado Internacional da SIS\" title=\"Tanker (1)\" srcset=\"https:\/\/www.sisinternational.com\/wp-content\/uploads\/2025\/08\/Tanker-1.jpg 1456w, https:\/\/www.sisinternational.com\/wp-content\/uploads\/2025\/08\/Tanker-1-300x168.jpg 300w, https:\/\/www.sisinternational.com\/wp-content\/uploads\/2025\/08\/Tanker-1-1024x574.jpg 1024w, https:\/\/www.sisinternational.com\/wp-content\/uploads\/2025\/08\/Tanker-1-768x430.jpg 768w, https:\/\/www.sisinternational.com\/wp-content\/uploads\/2025\/08\/Tanker-1-18x10.jpg 18w\" sizes=\"auto, (max-width: 1456px) 100vw, 1456px\"><\/figure>\n\n\n\n<p><\/p>\n\n\n\n<p>A pesquisa de mercado de petroleiros envolve uma combina\u00e7\u00e3o de m\u00e9todos qualitativos e quantitativos para coletar dados abrangentes e precisos. Este processo \u00e9 essencial para obter uma compreens\u00e3o profunda do mercado \u2013 e aqui est\u00e1 uma vis\u00e3o geral de como abordar esta pesquisa:<\/p>\n\n\n\n<ul class=\"wp-block-list\">\n<li><strong>Entrevistas com especialistas:<\/strong> O envolvimento com especialistas do setor, incluindo operadores de navios-tanque, corretores e analistas, pode fornecer informa\u00e7\u00f5es valiosas. Essas entrevistas podem revelar perspectivas diferenciadas sobre tend\u00eancias de mercado, mudan\u00e7as regulat\u00f3rias e desafios operacionais.<\/li>\n\n\n\n<li><strong>Grupos de foco:<\/strong> Gathering feedback from <a href=\"https:\/\/www.sisinternational.com\/pt\/pericia\/industrias\/grupos-focais-industriais\/\" title=\"Grupos focais industriais\"  data-wpil-monitor-id=\"10447\">focus groups composed of customers or industry<\/a> stakeholders can offer a deeper understanding of customer preferences, service quality, and market needs.<\/li>\n\n\n\n<li><strong><a class=\"wpil_keyword_link\" href=\"https:\/\/www.sisinternational.com\/pt\/estudos-de-caso\/\"   title=\"Estudos de caso\" data-wpil-keyword-link=\"linked\"  data-wpil-monitor-id=\"642\">Estudos de caso<\/a>:<\/strong> A an\u00e1lise de casos ou cen\u00e1rios espec\u00edficos na ind\u00fastria dos navios-tanque pode ajudar a compreender quest\u00f5es complexas, como o impacto de eventos geopol\u00edticos ou perturba\u00e7\u00f5es tecnol\u00f3gicas no mercado.<\/li>\n\n\n\n<li><strong>Pesquisas:<\/strong> Distributing surveys to a broad audience within the industry (including customers, suppliers, and partners) can provide quantifiable <a href=\"https:\/\/www.sisinternational.com\/pt\/pericia\/industrias\/dados-de-treinamento-pesquisa-de-mercado\/\" title=\"Pesquisa de mercado de dados de treinamento\"  data-wpil-monitor-id=\"10455\">data on various aspects of the market<\/a>.<\/li>\n\n\n\n<li><strong>An\u00e1lise de dados de mercado:<\/strong> A an\u00e1lise de dados hist\u00f3ricos e atuais do mercado, como taxas de navios-tanque, tamanhos de frota e volumes de carga, pode revelar tend\u00eancias e padr\u00f5es essenciais para previs\u00f5es e planejamento estrat\u00e9gico.<\/li>\n<\/ul>\n\n\n\n<h2 class=\"wp-block-heading\">Principais tend\u00eancias<\/h2>\n\n\n\n<p>Nos \u00faltimos anos, a pesquisa de mercado dos petroleiros destacou v\u00e1rias tend\u00eancias em evolu\u00e7\u00e3o que est\u00e3o mudando a ind\u00fastria. Algumas das principais tend\u00eancias atuais incluem:<\/p>\n\n\n\n<ul class=\"wp-block-list\">\n<li><strong>Regulamenta\u00e7\u00e3o Ambiental e Foco na Sustentabilidade:<\/strong> H\u00e1 uma \u00eanfase crescente na sustentabilidade ambiental na ind\u00fastria de navios-tanque. Regulamenta\u00e7\u00f5es mais rigorosas relativas a emiss\u00f5es, gest\u00e3o de \u00e1gua de lastro e reciclagem de navios est\u00e3o influenciando as pr\u00e1ticas operacionais.<\/li>\n\n\n\n<li><strong>Mudan\u00e7as nos padr\u00f5es comerciais globais:<\/strong> Geopolitical events, trade disputes, and changes in energy consumption patterns are altering traditional trade routes and cargo flows. Tanker market <a href=\"https:\/\/www.sisinternational.com\/pt\/pericia\/industrias\/pesquisa-de-mercado-de-frete\/\" title=\"Pesquisa de mercado de frete \u2013 agenciamento e remessa de frete\"  data-wpil-monitor-id=\"6495\">pesquisar<\/a> focuses on understanding these shifts to predict their impact on tanker demand and freight rates.<\/li>\n\n\n\n<li><strong>Aumentar o foco na descarboniza\u00e7\u00e3o:<\/strong> Em linha com os esfor\u00e7os globais para combater as altera\u00e7\u00f5es clim\u00e1ticas, a ind\u00fastria dos petroleiros est\u00e1 sob press\u00e3o para reduzir a sua pegada de carbono.<\/li>\n<\/ul>\n\n\n\n<h2 class=\"wp-block-heading\">Oportunidades atuais<\/h2>\n\n\n\n<p>The evolving <a href=\"https:\/\/www.sisinternational.com\/pt\/cobertura\/pesquisa-de-mercado-asia\/pesquisa-de-dimensionamento-do-cenario-do-mercado-asiatico\/\" title=\"Pesquisa de cen\u00e1rio e dimensionamento do mercado asi\u00e1tico\"  data-wpil-monitor-id=\"10458\">landscape of the tanker market<\/a> presents several opportunities for businesses. Leveraging these opportunities requires a keen understanding of market dynamics.<\/p>\n\n\n\n<ul class=\"wp-block-list\">\n<li><strong>Ado\u00e7\u00e3o de Tecnologias Verdes: <\/strong>With the increasing focus on environmental sustainability, there is a growing demand for eco-friendly tanker solutions. Businesses can capitalize on this trend by <a href=\"https:\/\/www.sisinternational.com\/pt\/solucoes\/pesquisa-de-consultoria-em-estrategia-fintech\/pesquisa-de-mercado-de-tecnologia-de-investimento\/\" title=\"Pesquisa de mercado de tecnologia de investimento\"  data-wpil-monitor-id=\"10461\">investing in green technologies<\/a> such as LNG-fueled tankers, advanced emission control systems, and energy-efficient designs.<\/li>\n\n\n\n<li><strong>Expans\u00e3o para mercados emergentes:<\/strong> Emerging markets, particularly in Asia and Africa, are showing increased demand for oil and gas products. This presents an opportunity for tanker companies to expand their operations into these regions, potentially tapping into new <a href=\"https:\/\/www.sisinternational.com\/pt\/pericia\/industrias\/voz-da-pesquisa-de-mercado-do-cliente-sobre-alimentos-e-bebidas\/\" title=\"Pesquisa de Mercado Voz do Cliente em Alimentos e Bebidas\"  data-wpil-monitor-id=\"10464\">customer bases and diversifying their market<\/a> presence.<\/li>\n\n\n\n<li><a href=\"https:\/\/www.sisinternational.com\/pt\/solucoes\/pesquisa-de-mercado-de-ia-e-consultoria-estrategica\/consultoria-de-inteligencia-artificial-de-automacao-da-industria-de-tecnologia\/\" title=\"Consultoria em Automa\u00e7\u00e3o da Ind\u00fastria de Tecnologia e Intelig\u00eancia Artificial\"  data-wpil-monitor-id=\"10444\">Technological Innovations: The tanker industry<\/a> is ripe for digital transformation. Implementing technologies like IoT, AI, blockchain, and big data analytics can enhance operational efficiency, improve safety, and offer better customer service.<\/li>\n<\/ul>\n\n\n\n<h2 class=\"wp-block-heading\">Desafios atuais do mercado de petroleiros<\/h2>\n\n\n\n<p>Existem in\u00fameros desafios no mercado de petroleiros. Esses desafios podem impactar a efici\u00eancia operacional, a lucratividade e o planejamento estrat\u00e9gico \u2013 e alguns dos desafios not\u00e1veis incluem:<\/p>\n\n\n\n<ul class=\"wp-block-list\">\n<li><strong>Volatilidade do mercado:<\/strong> O mercado de petroleiros \u00e9 conhecido pela sua volatilidade, influenciada pelas flutua\u00e7\u00f5es dos pre\u00e7os do petr\u00f3leo, pelas tens\u00f5es geopol\u00edticas e pelas flutua\u00e7\u00f5es econ\u00f3micas. Esta imprevisibilidade pode dificultar o planeamento e a previs\u00e3o, afetando a tomada de decis\u00f5es e a estabilidade financeira.<\/li>\n\n\n\n<li><strong>Press\u00f5es Ambientais e de Sustentabilidade:<\/strong> \u00c0 medida que o foco global na sustentabilidade ambiental se intensifica, as empresas de navios-tanque enfrentam press\u00e3o para reduzir a sua pegada de carbono e adoptar pr\u00e1ticas mais ecol\u00f3gicas. Esta mudan\u00e7a requer frequentemente investimentos significativos em novas tecnologias e mudan\u00e7as operacionais.<\/li>\n\n\n\n<li><strong>Mudando os padr\u00f5es do consumidor:<\/strong> As mudan\u00e7as no consumo de energia, como a mudan\u00e7a para fontes de energia renov\u00e1veis, podem ter impacto na procura de servi\u00e7os de transporte de navios-tanque. A adapta\u00e7\u00e3o a estes padr\u00f5es de mudan\u00e7a \u00e9 essencial para a sustentabilidade a longo prazo.<\/li>\n<\/ul>\n\n\n\n<h2 class=\"wp-block-heading\">Perspectivas futuras da pesquisa de mercado de petroleiros para empresas<\/h2>\n\n\n\n<figure class=\"gb-block-image gb-block-image-bbb6d70e\"><img loading=\"lazy\" decoding=\"async\" width=\"1456\" height=\"816\" class=\"gb-image gb-image-bbb6d70e\" src=\"https:\/\/www.sisinternational.com\/wp-content\/uploads\/2025\/08\/Tanker-3.jpg\" alt=\"Pesquisa e Estrat\u00e9gia de Mercado Internacional da SIS\" title=\"Tanker (3)\" srcset=\"https:\/\/www.sisinternational.com\/wp-content\/uploads\/2025\/08\/Tanker-3.jpg 1456w, https:\/\/www.sisinternational.com\/wp-content\/uploads\/2025\/08\/Tanker-3-300x168.jpg 300w, https:\/\/www.sisinternational.com\/wp-content\/uploads\/2025\/08\/Tanker-3-1024x574.jpg 1024w, https:\/\/www.sisinternational.com\/wp-content\/uploads\/2025\/08\/Tanker-3-768x430.jpg 768w, https:\/\/www.sisinternational.com\/wp-content\/uploads\/2025\/08\/Tanker-3-18x10.jpg 18w\" sizes=\"auto, (max-width: 1456px) 100vw, 1456px\"><\/figure>\n\n\n\n<p><\/p>\n\n\n\n<p>As perspectivas futuras da pesquisa de mercado de navios-tanque s\u00e3o moldadas por uma mistura de tend\u00eancias em evolu\u00e7\u00e3o da ind\u00fastria, avan\u00e7os tecnol\u00f3gicos disruptivos e um cen\u00e1rio econ\u00f4mico global em mudan\u00e7a.<\/p>\n\n\n\n<ul class=\"wp-block-list\">\n<li><strong>\u00canfase crescente na sustentabilidade:<\/strong> \u00c0 medida que o mundo intensifica o seu foco nas quest\u00f5es ambientais, espera-se que a ind\u00fastria dos navios-tanque continue a sua mudan\u00e7a para pr\u00e1ticas mais sustent\u00e1veis. A investiga\u00e7\u00e3o provavelmente concentrar-se-\u00e1 no desenvolvimento e implementa\u00e7\u00e3o de tecnologias ecol\u00f3gicas, combust\u00edveis alternativos e estrat\u00e9gias para reduzir as emiss\u00f5es de carbono e o impacto ambiental.<\/li>\n\n\n\n<li><strong>Foco na conformidade regulat\u00f3ria:<\/strong> Com os organismos reguladores a impor regulamenta\u00e7\u00f5es mais rigorosas, especialmente nas \u00e1reas de seguran\u00e7a e prote\u00e7\u00e3o ambiental, as empresas ter\u00e3o de dar prioridade \u00e0 conformidade. Futuras pesquisas de mercado examinar\u00e3o as implica\u00e7\u00f5es destas regulamenta\u00e7\u00f5es e orientar\u00e3o as empresas na adapta\u00e7\u00e3o das suas opera\u00e7\u00f5es para atender aos padr\u00f5es em evolu\u00e7\u00e3o.<\/li>\n\n\n\n<li><strong>Gest\u00e3o de riscos e constru\u00e7\u00e3o de resili\u00eancia:<\/strong> Dada a volatilidade e os riscos inerentes associados ao mercado de navios-tanque, a investiga\u00e7\u00e3o futura centrar-se-\u00e1 no desenvolvimento de quadros e estrat\u00e9gias robustas de gest\u00e3o de risco para aumentar a resili\u00eancia empresarial. Isto inclui enfrentar incertezas econ\u00f3micas, perturba\u00e7\u00f5es na cadeia de abastecimento e amea\u00e7as \u00e0 seguran\u00e7a cibern\u00e9tica.<\/li>\n<\/ul>","protected":false},"excerpt":{"rendered":"<p>A pesquisa de mercado de petroleiros \u00e9 crucial para que as empresas de transporte de l\u00edquidos a granel se mantenham informadas sobre as tend\u00eancias do mercado, o comportamento do consumidor e a concorr\u00eancia.<\/p>","protected":false},"author":1,"featured_media":63733,"parent":14514,"menu_order":414,"comment_status":"closed","ping_status":"closed","template":"","meta":{"footnotes":""},"class_list":["post-44261","page","type-page","status-publish","has-post-thumbnail"],"_links":{"self":[{"href":"https:\/\/www.sisinternational.com\/pt\/wp-json\/wp\/v2\/pages\/44261","targetHints":{"allow":["GET"]}}],"collection":[{"href":"https:\/\/www.sisinternational.com\/pt\/wp-json\/wp\/v2\/pages"}],"about":[{"href":"https:\/\/www.sisinternational.com\/pt\/wp-json\/wp\/v2\/types\/page"}],"author":[{"embeddable":true,"href":"https:\/\/www.sisinternational.com\/pt\/wp-json\/wp\/v2\/users\/1"}],"replies":[{"embeddable":true,"href":"https:\/\/www.sisinternational.com\/pt\/wp-json\/wp\/v2\/comments?post=44261"}],"version-history":[{"count":7,"href":"https:\/\/www.sisinternational.com\/pt\/wp-json\/wp\/v2\/pages\/44261\/revisions"}],"predecessor-version":[{"id":81721,"href":"https:\/\/www.sisinternational.com\/pt\/wp-json\/wp\/v2\/pages\/44261\/revisions\/81721"}],"up":[{"embeddable":true,"href":"https:\/\/www.sisinternational.com\/pt\/wp-json\/wp\/v2\/pages\/14514"}],"wp:featuredmedia":[{"embeddable":true,"href":"https:\/\/www.sisinternational.com\/pt\/wp-json\/wp\/v2\/media\/63733"}],"wp:attachment":[{"href":"https:\/\/www.sisinternational.com\/pt\/wp-json\/wp\/v2\/media?parent=44261"}],"curies":[{"name":"wp","href":"https:\/\/api.w.org\/{rel}","templated":true}]}}