{"id":44085,"date":"2023-11-06T14:15:36","date_gmt":"2023-11-06T19:15:36","guid":{"rendered":"https:\/\/www.sisinternational.com\/?page_id=44085"},"modified":"2025-10-19T01:40:43","modified_gmt":"2025-10-19T05:40:43","slug":"pesquisa-de-mercado-de-tabulacao-cruzada","status":"publish","type":"page","link":"https:\/\/www.sisinternational.com\/pt\/pericia\/pesquisa-de-mercado-de-tabulacao-cruzada\/","title":{"rendered":"Pesquisa de mercado de tabula\u00e7\u00e3o cruzada"},"content":{"rendered":"<h1 class=\"wp-block-heading\">Pesquisa de mercado de tabula\u00e7\u00e3o cruzada<\/h1>\n\n\n\n<figure class=\"gb-block-image gb-block-image-644676f9\"><img loading=\"lazy\" decoding=\"async\" width=\"1456\" height=\"816\" class=\"gb-image gb-image-644676f9\" src=\"https:\/\/www.sisinternational.com\/wp-content\/uploads\/2025\/09\/Quantitative-research-1d4-3.jpg\" alt=\"Pesquisa e Estrat\u00e9gia de Mercado Internacional da SIS\" title=\"Quantitative research (1d4) (3)\" srcset=\"https:\/\/www.sisinternational.com\/wp-content\/uploads\/2025\/09\/Quantitative-research-1d4-3.jpg 1456w, https:\/\/www.sisinternational.com\/wp-content\/uploads\/2025\/09\/Quantitative-research-1d4-3-300x168.jpg 300w, https:\/\/www.sisinternational.com\/wp-content\/uploads\/2025\/09\/Quantitative-research-1d4-3-1024x574.jpg 1024w, https:\/\/www.sisinternational.com\/wp-content\/uploads\/2025\/09\/Quantitative-research-1d4-3-768x430.jpg 768w, https:\/\/www.sisinternational.com\/wp-content\/uploads\/2025\/09\/Quantitative-research-1d4-3-18x10.jpg 18w\" sizes=\"auto, (max-width: 1456px) 100vw, 1456px\"><\/figure>\n\n\n\n<p><\/p>\n\n\n\n<p>A pesquisa de mercado de tabula\u00e7\u00e3o cruzada ajuda as empresas a obter insights mais profundos de vastos conjuntos de dados, entendendo n\u00fameros e tend\u00eancias para orientar decis\u00f5es. Mas o que \u00e9 exactamente esta t\u00e9cnica e porque \u00e9 que se revela inestim\u00e1vel para empresas de todo o mundo?<\/p>\n\n\n\n<h2 class=\"wp-block-heading\">Import\u00e2ncia da pesquisa de mercado de tabula\u00e7\u00e3o cruzada<\/h2>\n\n\n\n<p>A tabula\u00e7\u00e3o cruzada (frequentemente abreviada como tabela cruzada) \u00e9 um m\u00e9todo de exibi\u00e7\u00e3o de dados de duas ou mais vari\u00e1veis em um formato de tabela de conting\u00eancia. Essencialmente, revela a rela\u00e7\u00e3o entre essas vari\u00e1veis, tornando conjuntos de dados intrincados mais compreens\u00edveis.<\/p>\n\n\n\n<p>A pesquisa de mercado de tabula\u00e7\u00e3o cruzada ganhou destaque devido \u00e0 sua capacidade de destacar padr\u00f5es e tend\u00eancias que de outra forma poderiam permanecer ocultos. Por exemplo, uma marca pode querer examinar a rela\u00e7\u00e3o entre os dados demogr\u00e1ficos do cliente, como idade e prefer\u00eancias de produto. Usando a tabula\u00e7\u00e3o cruzada, eles podem decifrar rapidamente quais faixas et\u00e1rias preferem quais produtos espec\u00edficos. Os insights obtidos s\u00e3o muito mais tang\u00edveis e acion\u00e1veis em compara\u00e7\u00e3o com conjuntos de dados independentes.<\/p>\n\n\n\n<p>In marketing scenarios, cross-tabulation enables businesses to segment their audience more precisely. <a href=\"https:\/\/www.sisinternational.com\/pt\/pericia\/industrias\/comida-de-companhia-aerea-em-pesquisa-de-mercado-de-catering-de-voo\/\" title=\"Pesquisa de mercado de alimenta\u00e7\u00e3o em companhias a\u00e9reas e catering a bordo\"  data-wpil-monitor-id=\"8406\">Marketers can align their campaigns to cater<\/a> to specific demographics based on their observed behavior. Furthermore, this type of research is not confined to just marketing; its applications span across sectors, including health, finance, and social sciences, to name a few.<\/p>\n\n\n\n<h2 class=\"wp-block-heading\">Quais s\u00e3o os benef\u00edcios da pesquisa de mercado de tabula\u00e7\u00e3o cruzada?<\/h2>\n\n\n\n<figure class=\"gb-block-image gb-block-image-28920733\"><img loading=\"lazy\" decoding=\"async\" width=\"1456\" height=\"816\" class=\"gb-image gb-image-28920733\" src=\"https:\/\/www.sisinternational.com\/wp-content\/uploads\/2025\/09\/Quantitative-research-20.jpg\" alt=\"Pesquisa e Estrat\u00e9gia de Mercado Internacional da SIS\" title=\"Quantitative research (20)\" srcset=\"https:\/\/www.sisinternational.com\/wp-content\/uploads\/2025\/09\/Quantitative-research-20.jpg 1456w, https:\/\/www.sisinternational.com\/wp-content\/uploads\/2025\/09\/Quantitative-research-20-300x168.jpg 300w, https:\/\/www.sisinternational.com\/wp-content\/uploads\/2025\/09\/Quantitative-research-20-1024x574.jpg 1024w, https:\/\/www.sisinternational.com\/wp-content\/uploads\/2025\/09\/Quantitative-research-20-768x430.jpg 768w, https:\/\/www.sisinternational.com\/wp-content\/uploads\/2025\/09\/Quantitative-research-20-18x10.jpg 18w\" sizes=\"auto, (max-width: 1456px) 100vw, 1456px\"><\/figure>\n\n\n\n<p><\/p>\n\n\n\n<p>A utiliza\u00e7\u00e3o de pesquisas de mercado de tabula\u00e7\u00e3o cruzada em processos de neg\u00f3cios pode gerar benef\u00edcios significativos, melhorando a tomada de decis\u00f5es e a formula\u00e7\u00e3o de estrat\u00e9gias \u2013 e aqui est\u00e3o algumas das vantagens mais pronunciadas:<\/p>\n\n\n\n<p><strong>Visualiza\u00e7\u00e3o de dados aprimorada:<\/strong> Tabelas preenchidas com linhas e colunas de dados brutos podem ser dif\u00edceis de digerir. A tabula\u00e7\u00e3o cruzada fornece um formato estruturado que representa visualmente a rela\u00e7\u00e3o entre as vari\u00e1veis, facilitando a identifica\u00e7\u00e3o de tend\u00eancias e padr\u00f5es.<\/p>\n\n\n\n<p><strong>An\u00e1lise de dados eficiente:<\/strong> A pesquisa de mercado de tabula\u00e7\u00e3o cruzada facilita uma compara\u00e7\u00e3o r\u00e1pida de diferentes vari\u00e1veis. Isto significa que as empresas podem discernir prontamente correla\u00e7\u00f5es ou disparidades nos conjuntos de dados, levando a processos de tomada de decis\u00e3o mais r\u00e1pidos.<\/p>\n\n\n\n<p><strong>Insights estrat\u00e9gicos de marketing:<\/strong> By understanding the relationship between variables such as product preference across different age groups or regions, <a href=\"https:\/\/www.sisinternational.com\/pt\/empresa-lider-em-estrategia-de-entrada-no-mercado-b2b\/\" title=\"Melhor empresa de estrat\u00e9gia de entrada no mercado B2B\"  data-wpil-monitor-id=\"8399\">companies can tailor their marketing strategies<\/a> more effectively. This could result in higher engagement rates and increased ROI.<\/p>\n\n\n\n<p><strong>Efici\u00eancia de custos:<\/strong> Em vez de investir em m\u00e9todos de investiga\u00e7\u00e3o mais elaborados e dispendiosos, a investiga\u00e7\u00e3o de mercado por tabula\u00e7\u00e3o cruzada oferece uma forma econ\u00f3mica de obter insights acion\u00e1veis a partir dos dados dispon\u00edveis.<\/p>\n\n\n\n<p><strong>Informed <\/strong><a href=\"https:\/\/www.sisinternational.com\/pt\/73903-2\/\" title=\"Turn Consumer Flavor Preferences Into Winning Products\"  data-wpil-monitor-id=\"8401\">Product Development: Understanding consumer preferences<\/a>, behaviors, and needs can be streamlined with cross-tabulation. These insights can guide the development of products or services that resonate more deeply with target audiences.<\/p>\n\n\n\n<p><strong>Campanhas de marketing personalizadas:<\/strong> Com a pesquisa de mercado de tabula\u00e7\u00e3o cruzada, as empresas podem identificar quais dados demogr\u00e1ficos t\u00eam maior repercuss\u00e3o em seus produtos ou servi\u00e7os. Isto significa que as campanhas de marketing podem ser direcionadas com mais precis\u00e3o, garantindo que os recursos sejam alocados de forma eficiente e que as mensagens cheguem aos p\u00fablicos mais receptivos.<\/p>\n\n\n\n<p><strong>An\u00e1lise Preditiva:<\/strong> Com dados hist\u00f3ricos e tabula\u00e7\u00e3o cruzada, as empresas podem prever tend\u00eancias futuras, permitindo-lhes manter-se \u00e0 frente da curva e adaptar-se proativamente \u00e0s mudan\u00e7as na din\u00e2mica do mercado.<\/p>\n\n\n\n<h2 class=\"wp-block-heading\">Pesquisa de mercado de tabula\u00e7\u00e3o cruzada: tend\u00eancias emergentes<\/h2>\n\n\n\n<p>Cross tabulation is evolving with <a href=\"https:\/\/www.sisinternational.com\/pt\/pericia\/industrias\/tecnologia-de-alimentos-e-bebidas-pesquisa-de-mercado-tecnologia-de-alimentos\/\" title=\"Pesquisa de mercado de tecnologia de alimentos e bebidas | Tecnologia de Alimentos\"  data-wpil-monitor-id=\"8402\">technology and changing market<\/a> needs \u2013 and here are some of the emerging trends in cross tabulation market research that are changing how it is conducted today:<\/p>\n\n\n\n<p><strong>Big Data e tabula\u00e7\u00e3o cruzada:<\/strong> O grande volume, variedade e velocidade dos dados dispon\u00edveis hoje s\u00e3o enormes. As ferramentas de refer\u00eancia cruzada est\u00e3o sendo adaptadas para lidar com big data, permitindo a tabula\u00e7\u00e3o cruzada de vastos conjuntos de dados para obter insights mais profundos.<\/p>\n\n\n\n<p><strong>Aprendizado de m\u00e1quina e IA:<\/strong> As machine learning and AI tools become more accessible, they&#8217;re being used in tandem with cross-tabulation. These technologies can help identify patterns and relationships that might be missed through traditional analysis. Additionally, cross-tabulation results are being integrated with advanced <a href=\"https:\/\/www.sisinternational.com\/pt\/solucoes\/consultoria-estrategica\/analise-de-dados\/\" title=\"Empresa de an\u00e1lise de dados\"  data-wpil-monitor-id=\"8404\">data visualization and analytics<\/a> tools. This allows for richer insights and better <a href=\"https:\/\/www.sisinternational.com\/pt\/pericia\/industrias\/consultoria-em-visualizacao-de-dados\/\" title=\"Consultoria em Visualiza\u00e7\u00e3o de Dados\"  data-wpil-monitor-id=\"8405\">visualization of data<\/a> relationships.<\/p>\n\n\n\n<p><strong>An\u00e1lise Automatizada:<\/strong> As ferramentas de automa\u00e7\u00e3o est\u00e3o ajudando na gera\u00e7\u00e3o autom\u00e1tica de tabelas cruzadas com base nas combina\u00e7\u00f5es mais relevantes e frequentemente procuradas, reduzindo o trabalho manual e agilizando o processo de pesquisa.<\/p>\n\n\n\n<p><strong>Integra\u00e7\u00e3o com dados qualitativos:<\/strong> H\u00e1 uma tend\u00eancia crescente de combinar dados quantitativos (de tabelas cruzadas) com insights qualitativos. Isto proporciona uma vis\u00e3o mais hol\u00edstica do mercado, combinando n\u00fameros concretos com insights humanos diferenciados.<\/p>\n\n\n\n<p><strong>Concentre-se em UX\/UI em ferramentas Cross-Tab:<\/strong> \u00c0 medida que a base de usu\u00e1rios das ferramentas de refer\u00eancia cruzada se expande al\u00e9m dos pesquisadores para incluir outros profissionais de neg\u00f3cios, h\u00e1 uma \u00eanfase maior na melhoria da interface e da experi\u00eancia do usu\u00e1rio.<\/p>\n\n\n\n<h2 class=\"wp-block-heading\">Quais s\u00e3o as oportunidades e desafios da pesquisa de mercado de tabula\u00e7\u00e3o cruzada para as empresas?<\/h2>\n\n\n\n<figure class=\"gb-block-image gb-block-image-7d142e1d\"><img loading=\"lazy\" decoding=\"async\" width=\"1456\" height=\"816\" class=\"gb-image gb-image-7d142e1d\" src=\"https:\/\/www.sisinternational.com\/wp-content\/uploads\/2025\/09\/Quantitative-research-1d4-5.jpg\" alt=\"Pesquisa e Estrat\u00e9gia de Mercado Internacional da SIS\" title=\"Quantitative research (1d4) (5)\" srcset=\"https:\/\/www.sisinternational.com\/wp-content\/uploads\/2025\/09\/Quantitative-research-1d4-5.jpg 1456w, https:\/\/www.sisinternational.com\/wp-content\/uploads\/2025\/09\/Quantitative-research-1d4-5-300x168.jpg 300w, https:\/\/www.sisinternational.com\/wp-content\/uploads\/2025\/09\/Quantitative-research-1d4-5-1024x574.jpg 1024w, https:\/\/www.sisinternational.com\/wp-content\/uploads\/2025\/09\/Quantitative-research-1d4-5-768x430.jpg 768w, https:\/\/www.sisinternational.com\/wp-content\/uploads\/2025\/09\/Quantitative-research-1d4-5-18x10.jpg 18w\" sizes=\"auto, (max-width: 1456px) 100vw, 1456px\"><\/figure>\n\n\n\n<p><\/p>\n\n\n\n<p>A pesquisa de mercado de tabula\u00e7\u00e3o cruzada apresenta um tesouro de oportunidades para empresas que pretendem aproveitar todo o potencial dos seus dados. Veja como as empresas podem aproveitar a tabula\u00e7\u00e3o cruzada para aumentar a lucratividade, a produtividade e o alcance de mercado \u2013 e tamb\u00e9m os desafios que precisam superar ao conduzir esta pesquisa:<\/p>\n\n\n\n<h3 class=\"wp-block-heading\">Oportunidades<\/h3>\n\n\n\n<p><strong>Posicionamento estrat\u00e9gico de produto:<\/strong> As empresas podem tomar decis\u00f5es informadas sobre onde estocar produtos espec\u00edficos, analisando o comportamento de compra em diferentes regi\u00f5es ou lojas. Isso pode otimizar as vendas e reduzir os custos de estoque.<\/p>\n\n\n\n<p><strong>Expandindo o alcance do mercado:<\/strong> Cross tabulation market research can identify untapped markets or demographics that might be interested in a business&#8217;s products or services. This opens doors to new <a href=\"https:\/\/www.sisinternational.com\/pt\/pericia\/industrias\/pesquisa-de-mercado-de-streaming-de-video-e-musica\/\" title=\"Pesquisa de mercado de streaming de v\u00eddeo e m\u00fasica\"  data-wpil-monitor-id=\"8403\">marketing campaigns and potential revenue streams<\/a>.<\/p>\n\n\n\n<p><strong>Melhoria da experi\u00eancia do cliente:<\/strong> Ao compreender profundamente os v\u00e1rios segmentos de clientes, as empresas podem refinar a experi\u00eancia do cliente, garantindo maior satisfa\u00e7\u00e3o e fidelidade.<\/p>\n\n\n\n<h3 class=\"wp-block-heading\">Desafios<\/h3>\n\n\n\n<figure class=\"gb-block-image gb-block-image-b70be8f3\"><img loading=\"lazy\" decoding=\"async\" width=\"1456\" height=\"816\" class=\"gb-image gb-image-b70be8f3\" src=\"https:\/\/www.sisinternational.com\/wp-content\/uploads\/2025\/09\/Quantitative-research-1d4-1.jpg\" alt=\"Pesquisa e Estrat\u00e9gia de Mercado Internacional da SIS\" title=\"Quantitative research (1d4) (1)\" srcset=\"https:\/\/www.sisinternational.com\/wp-content\/uploads\/2025\/09\/Quantitative-research-1d4-1.jpg 1456w, https:\/\/www.sisinternational.com\/wp-content\/uploads\/2025\/09\/Quantitative-research-1d4-1-300x168.jpg 300w, https:\/\/www.sisinternational.com\/wp-content\/uploads\/2025\/09\/Quantitative-research-1d4-1-1024x574.jpg 1024w, https:\/\/www.sisinternational.com\/wp-content\/uploads\/2025\/09\/Quantitative-research-1d4-1-768x430.jpg 768w, https:\/\/www.sisinternational.com\/wp-content\/uploads\/2025\/09\/Quantitative-research-1d4-1-18x10.jpg 18w\" sizes=\"auto, (max-width: 1456px) 100vw, 1456px\"><\/figure>\n\n\n\n<p><\/p>\n\n\n\n<p><strong>Complexidade da interpreta\u00e7\u00e3o de dados:<\/strong> A tabula\u00e7\u00e3o cruzada pode produzir tabelas com grandes volumes de dados. A interpreta\u00e7\u00e3o dessas tabelas, especialmente aquelas com m\u00faltiplas vari\u00e1veis, pode ser complexa e exigir conhecimentos especializados. Embora a tabula\u00e7\u00e3o cruzada possa revelar rela\u00e7\u00f5es entre duas vari\u00e1veis, ela pode n\u00e3o capturar os efeitos da intera\u00e7\u00e3o entre m\u00faltiplas vari\u00e1veis, o que poderia fornecer insights mais profundos.<\/p>\n\n\n\n<p><strong>Risco de m\u00e1 interpreta\u00e7\u00e3o:<\/strong> \u00c9 f\u00e1cil tirar conclus\u00f5es precipitadas com base nas tend\u00eancias aparentes nos dados tabulados de forma cruzada. No entanto, sem uma compreens\u00e3o profunda das vari\u00e1veis envolvidas e do contexto geral, existe o risco de interpretar mal os resultados.<\/p>\n\n\n\n<p><strong>Excesso de confian\u00e7a em dados quantitativos:<\/strong> While cross tabulation market research is exceptional for analyzing quantitative data, it may not capture qualitative nuances. Businesses must ensure they&#8217;re not neglecting the <a href=\"https:\/\/www.sisinternational.com\/pt\/sampling-techniques-in-qualitative-research-the-complete-guide-to-choosing-the-right-method\/\" title=\"Sampling Techniques in Qualitative Research: The Complete Guide to Choosing the Right Method\"  data-wpil-monitor-id=\"8400\">qualitative insights that other research methods<\/a> might offer. Moreover, businesses might focus too much on the observable patterns in the cross-tabulated data, potentially missing out on underlying factors or trends that aren&#8217;t immediately apparent.<\/p>\n\n\n\n<p><strong>Custos de software e treinamento:<\/strong> Uma pesquisa de mercado de tabula\u00e7\u00e3o cruzada eficaz pode exigir software e ferramentas sofisticadas. Al\u00e9m disso, garantir que o pessoal consegue utilizar corretamente estas ferramentas e interpretar os resultados pode implicar custos de forma\u00e7\u00e3o.<\/p>\n\n\n\n<p><\/p>","protected":false},"excerpt":{"rendered":"<p>A pesquisa de mercado de tabula\u00e7\u00e3o cruzada ajuda as empresas a obter insights mais profundos de conjuntos de dados, entendendo n\u00fameros e tend\u00eancias para orientar decis\u00f5es.<\/p>","protected":false},"author":1,"featured_media":67013,"parent":14514,"menu_order":403,"comment_status":"closed","ping_status":"closed","template":"","meta":{"footnotes":""},"class_list":["post-44085","page","type-page","status-publish","has-post-thumbnail"],"_links":{"self":[{"href":"https:\/\/www.sisinternational.com\/pt\/wp-json\/wp\/v2\/pages\/44085","targetHints":{"allow":["GET"]}}],"collection":[{"href":"https:\/\/www.sisinternational.com\/pt\/wp-json\/wp\/v2\/pages"}],"about":[{"href":"https:\/\/www.sisinternational.com\/pt\/wp-json\/wp\/v2\/types\/page"}],"author":[{"embeddable":true,"href":"https:\/\/www.sisinternational.com\/pt\/wp-json\/wp\/v2\/users\/1"}],"replies":[{"embeddable":true,"href":"https:\/\/www.sisinternational.com\/pt\/wp-json\/wp\/v2\/comments?post=44085"}],"version-history":[{"count":4,"href":"https:\/\/www.sisinternational.com\/pt\/wp-json\/wp\/v2\/pages\/44085\/revisions"}],"predecessor-version":[{"id":81409,"href":"https:\/\/www.sisinternational.com\/pt\/wp-json\/wp\/v2\/pages\/44085\/revisions\/81409"}],"up":[{"embeddable":true,"href":"https:\/\/www.sisinternational.com\/pt\/wp-json\/wp\/v2\/pages\/14514"}],"wp:featuredmedia":[{"embeddable":true,"href":"https:\/\/www.sisinternational.com\/pt\/wp-json\/wp\/v2\/media\/67013"}],"wp:attachment":[{"href":"https:\/\/www.sisinternational.com\/pt\/wp-json\/wp\/v2\/media?parent=44085"}],"curies":[{"name":"wp","href":"https:\/\/api.w.org\/{rel}","templated":true}]}}