{"id":44081,"date":"2023-11-06T14:06:45","date_gmt":"2023-11-06T19:06:45","guid":{"rendered":"https:\/\/www.sisinternational.com\/?page_id=44081"},"modified":"2026-01-26T18:35:35","modified_gmt":"2026-01-26T23:35:35","slug":"pesquisa-de-concorrentes","status":"publish","type":"page","link":"https:\/\/www.sisinternational.com\/pt\/pericia\/pesquisa-de-concorrentes\/","title":{"rendered":"Pesquisa de concorrentes"},"content":{"rendered":"<h1 class=\"wp-block-heading\">Pesquisa de concorrentes<\/h1>\n\n\n\n<figure class=\"gb-block-image gb-block-image-c0f3e8bf\"><img loading=\"lazy\" decoding=\"async\" width=\"1456\" height=\"816\" class=\"gb-image gb-image-c0f3e8bf\" src=\"https:\/\/www.sisinternational.com\/wp-content\/uploads\/2025\/10\/growth.png\" alt=\"Pesquisa e Estrat\u00e9gia de Mercado Internacional da SIS\" title=\"growth\" srcset=\"https:\/\/www.sisinternational.com\/wp-content\/uploads\/2025\/10\/growth.png 1456w, https:\/\/www.sisinternational.com\/wp-content\/uploads\/2025\/10\/growth-300x168.png 300w, https:\/\/www.sisinternational.com\/wp-content\/uploads\/2025\/10\/growth-1024x574.png 1024w, https:\/\/www.sisinternational.com\/wp-content\/uploads\/2025\/10\/growth-768x430.png 768w, https:\/\/www.sisinternational.com\/wp-content\/uploads\/2025\/10\/growth-18x10.png 18w\" sizes=\"auto, (max-width: 1456px) 100vw, 1456px\"><\/figure>\n\n\n\n<p><\/p>\n\n\n\n<p>Voc\u00ea j\u00e1 se perguntou por que algumas empresas t\u00eam uma capacidade incr\u00edvel de antecipar as mudan\u00e7as do mercado, lan\u00e7ar produtos no prazo ou resolver os problemas dos clientes? A pesquisa da concorr\u00eancia geralmente \u00e9 a resposta. As estrat\u00e9gias de neg\u00f3cios mais bem-sucedidas baseiam-se em uma compreens\u00e3o profunda de seu p\u00fablico, mas tamb\u00e9m nos movimentos de seus concorrentes diretos e indiretos.<\/p>\n\n\n\n<h2 class=\"wp-block-heading\">Por que as empresas devem investir em pesquisas sobre concorrentes?<\/h2>\n\n\n\n<p>A pesquisa da concorr\u00eancia fornece \u00e0s empresas uma vis\u00e3o abrangente do cen\u00e1rio do mercado. Ele mostra uma imagem clara da posi\u00e7\u00e3o da empresa em compara\u00e7\u00e3o com seus concorrentes e esclarece os pontos fortes e fracos dos concorrentes. Esse conhecimento oferece \u00e0s empresas a vantagem \u00fanica de aproveitar os pontos fracos dos concorrentes e, ao mesmo tempo, fortalecer suas ofertas contra os pontos fortes dos concorrentes.<\/p>\n\n\n\n<p>Por exemplo, se um concorrente tem uma marca forte, mas carece de atendimento ao cliente, uma empresa pode se diferenciar fornecendo um atendimento excepcional ao cliente.<\/p>\n\n\n\n<p>Furthermore, by understanding the strategies and tactics that competitors are employing, <a href=\"https:\/\/www.sisinternational.com\/pt\/publicacoes\/pesquisa-de-mercado-de-negocios-escalaveis-7-maneiras-de-construir-um-negocio-escalavel\/\" title=\"Pesquisa de mercado de neg\u00f3cios escal\u00e1veis: 7 maneiras de construir um neg\u00f3cio escal\u00e1vel\"  data-wpil-monitor-id=\"8364\">businesses can anticipate market<\/a> shifts. When a key competitor launches a new <a href=\"https:\/\/www.sisinternational.com\/pt\/pericia\/curriculos-de-experiencia\/pesquisa-de-mercado-de-produtos-de-higiene-pessoal\/\" title=\"Pesquisa de mercado de produtos de cuidados pessoais\"  data-wpil-monitor-id=\"8363\">product or enters a new market<\/a>, it&#8217;s often a signal of a larger trend or shift. Being aware of this allows businesses to pivot their strategies proactively.<\/p>\n\n\n\n<h2 class=\"wp-block-heading\">Quais s\u00e3o os benef\u00edcios da pesquisa da concorr\u00eancia para as empresas?<\/h2>\n\n\n\n<p>Mergulhar na pesquisa da concorr\u00eancia pode ser como abrir um tesouro de insights para as empresas. Os benef\u00edcios obtidos com este processo podem ter implica\u00e7\u00f5es profundas na estrat\u00e9gia, inova\u00e7\u00e3o e crescimento \u2013 e aqui est\u00e1 a raz\u00e3o pela qual todas as empresas devem realizar pesquisas sobre a concorr\u00eancia:<\/p>\n\n\n\n<p><strong>Tomada de decis\u00e3o baseada em dados:<\/strong> As decis\u00f5es baseadas em dados e insights costumam ser mais precisas e impactantes. Quando as empresas compreendem o cen\u00e1rio competitivo, podem tomar decis\u00f5es proativas em vez de reativas e podem ajudar as empresas a antecipar futuras mudan\u00e7as no mercado e a prepararem-se em conformidade.<\/p>\n\n\n\n<p><strong>Descobrindo oportunidades:<\/strong> <a href=\"https:\/\/www.sisinternational.com\/pt\/pericia\/industrias\/pesquisa-de-mercado-para-tomadores-de-decisao-de-negocios\/\" title=\"Pesquisa de mercado para tomadores de decis\u00e3o de neg\u00f3cios\"  data-wpil-monitor-id=\"8362\">Research often leads businesses<\/a> to discover untapped market segments, new product ideas, or service enhancements that competitors might have missed.<\/p>\n\n\n\n<p><strong>Estrat\u00e9gias de marketing aprimoradas:<\/strong> By understanding the marketing tactics that resonate with the audience (based on competitors&#8217; successful campaigns), businesses can <a href=\"https:\/\/www.sisinternational.com\/pt\/o-papel-do-desenvolvimento-de-processos-e-sistemas-no-sucesso-organizacional\/\" title=\"Pesquisa de mercado de design organizacional\"  data-wpil-monitor-id=\"8360\">design more effective marketing strategies<\/a>. This means better ROI on marketing investments.<\/p>\n\n\n\n<p><strong>Avalia\u00e7\u00e3o comparativa:<\/strong> Com a pesquisa da concorr\u00eancia, as empresas podem definir refer\u00eancias para si mesmas. Isso pode ser em termos de caracter\u00edsticas do produto, qualidade do servi\u00e7o, efic\u00e1cia do marketing ou qualquer outra m\u00e9trica.<\/p>\n\n\n\n<p><strong>Efici\u00eancia de custos:<\/strong> Instead of learning through trial and error, <a href=\"https:\/\/www.sisinternational.com\/pt\/predictive-analytics\/\" title=\"Predictive Analytics: Your Crystal Ball for Business Success\"  data-wpil-monitor-id=\"8366\">businesses can look at competitors&#8217; successes<\/a> and failures. This not only accelerates learning but can also lead to more cost-efficient operations.<\/p>\n\n\n\n<p><strong>Gerenciamento de riscos:<\/strong> Recognizing competitive threats early on enables businesses to adapt and respond, thereby reducing potential risks to <a href=\"https:\/\/www.sisinternational.com\/pt\/non-profit-market-research\/\" title=\"Pesquisa de mercado sem fins lucrativos\"  data-wpil-monitor-id=\"8365\">market share or profitability<\/a>.<\/p>\n\n\n\n<p><strong>Confian\u00e7a das partes interessadas:<\/strong> Demonstrar consci\u00eancia do cen\u00e1rio competitivo pode inspirar confian\u00e7a nas partes interessadas, desde investidores at\u00e9 funcion\u00e1rios, pois demonstra uma abordagem proativa e estrat\u00e9gica \u00e0 gest\u00e3o empresarial.<\/p>\n\n\n\n<h2 class=\"wp-block-heading\">Oportunidades em pesquisa de concorrentes para empresas<\/h2>\n\n\n\n<p>A pesquisa da concorr\u00eancia fornece uma vis\u00e3o mais clara das oportunidades que as empresas podem aproveitar para crescimento, lucratividade e expans\u00e3o. Aqui est\u00e1 um mergulho profundo nas m\u00faltiplas oportunidades que surgem da an\u00e1lise da concorr\u00eancia:<\/p>\n\n\n\n<p><strong>Diferencia\u00e7\u00e3o do produto:<\/strong> As empresas podem identificar lacunas nas ofertas dos concorrentes e criar produtos ou servi\u00e7os que preencham essas lacunas. Isso n\u00e3o apenas garante propostas de valor exclusivas, mas tamb\u00e9m pode gerar pre\u00e7os premium.<\/p>\n\n\n\n<p><strong>Parcerias Estrat\u00e9gicas:<\/strong> Compreender os concorrentes pode revelar o potencial para parcerias em vez de competi\u00e7\u00e3o. \u00c0s vezes, colaborar pode ser mais ben\u00e9fico do que competir, levando a uma maior quota de mercado para ambas as partes.<\/p>\n\n\n\n<p><a href=\"https:\/\/www.sisinternational.com\/pt\/segmentacao-empresa-a-empresa\/\" title=\"Segmenta\u00e7\u00e3o de mercado business-to-business\"  data-wpil-monitor-id=\"8367\">Market Expansion: Identifying regions or segments<\/a> where competitors are underperforming can pave the way for businesses to expand into these untapped territories, capturing a fresh audience.<\/p>\n\n\n\n<p><strong>Refinamento da estrat\u00e9gia de pre\u00e7os:<\/strong> A pesquisa da concorr\u00eancia pode oferecer insights sobre as estrat\u00e9gias de pre\u00e7os adotadas pelos concorrentes. Este conhecimento permite que as empresas posicionem as suas ofertas de forma mais atrativa, seja atrav\u00e9s de pre\u00e7os competitivos, ofertas agregadas ou servi\u00e7os de valor acrescentado.<\/p>\n\n\n\n<p><strong>Ado\u00e7\u00e3o de tecnologia:<\/strong> Reconhecer as tecnologias e ferramentas que os concorrentes est\u00e3o a utilizar pode inspirar as empresas a adotar solu\u00e7\u00f5es semelhantes (ou melhores), levando a uma maior efici\u00eancia, experi\u00eancias do cliente e opera\u00e7\u00f5es.<\/p>\n\n\n\n<p><strong>Posicionamento de marca:<\/strong> Ao estudar as mensagens das marcas dos concorrentes e as percep\u00e7\u00f5es dos clientes, as empresas podem elaborar as suas narrativas de forma mais convincente, garantindo que elas ressoem com as aspira\u00e7\u00f5es, necessidades e valores do p\u00fablico-alvo.<\/p>\n\n\n\n<p><a href=\"https:\/\/www.sisinternational.com\/pt\/solucoes\/consultoria-estrategica\/identificacao-de-alvos-de-fusoes-e-aquisicoes\/\" title=\"Pesquisa de Fus\u00f5es e Aquisi\u00e7\u00f5es\"  data-wpil-monitor-id=\"6960\">Acquisition Targets: Competitor research<\/a> might reveal struggling competitors who could be potential acquisition targets. Acquiring such businesses can lead to rapid expansion, technology acquisition, or elimination of competition.<\/p>\n\n\n\n<p><strong>Catalisador de Inova\u00e7\u00e3o:<\/strong> Understanding what competitors are doing can spark innovation. Businesses can either improve upon competitors&#8217; ideas or find entirely new <a href=\"https:\/\/www.sisinternational.com\/pt\/pesquisa-de-mercado-domestico-inteligente\/\" title=\"Pesquisa de mercado dom\u00e9stico inteligente\"  data-wpil-monitor-id=\"8361\">solutions to market<\/a> needs.<\/p>\n\n\n\n<p><strong>Campanhas de marketing personalizadas:<\/strong> Ao observar quais campanhas de marketing dos concorrentes s\u00e3o bem-sucedidas e quais n\u00e3o s\u00e3o, as empresas podem adaptar suas estrat\u00e9gias de marketing para serem mais impactantes, garantindo melhor engajamento e convers\u00e3o.<\/p>\n\n\n\n<h2 class=\"wp-block-heading\">Desafios da pesquisa de concorrentes para empresas<\/h2>\n\n\n\n<p>Embora a pesquisa sobre a concorr\u00eancia forne\u00e7a \u00e0s empresas insights e oportunidades abrangentes, ela apresenta v\u00e1rios desafios que as empresas devem superar \u2013 e aqui est\u00e3o alguns dos poss\u00edveis obst\u00e1culos que as empresas podem enfrentar ao mergulhar na an\u00e1lise da concorr\u00eancia:<\/p>\n\n\n\n<p><strong>Condi\u00e7\u00f5es din\u00e2micas de mercado:<\/strong> Os mercados est\u00e3o em constante evolu\u00e7\u00e3o, com novos intervenientes a entrar em cena e os j\u00e1 existentes a dinamizar as suas estrat\u00e9gias. Isto significa que a investiga\u00e7\u00e3o sobre a concorr\u00eancia precisa de ser cont\u00ednua e as empresas devem estar preparadas para se adaptarem rapidamente \u00e0s mudan\u00e7as nos cen\u00e1rios.<\/p>\n\n\n\n<p><strong>Acesso a dados aut\u00eanticos:<\/strong> Dados confi\u00e1veis s\u00e3o a espinha dorsal de uma pesquisa eficaz sobre concorrentes. Contudo, obter informa\u00e7\u00f5es precisas e atuais sobre os concorrentes (especialmente se forem entidades privadas) pode ser um desafio.<\/p>\n\n\n\n<p><strong>Risco de c\u00f3pia:<\/strong> H\u00e1 uma linha t\u00eanue entre inspirar-se nos concorrentes e copi\u00e1-los completamente. As empresas precisam de garantir que, ao mesmo tempo que aprendem com os concorrentes, tamb\u00e9m inovam e mant\u00eam a sua proposta de valor \u00fanica.<\/p>\n\n\n\n<p><strong>Preocupa\u00e7\u00f5es legais e \u00e9ticas:<\/strong> Alguns m\u00e9todos de recolha de informa\u00e7\u00f5es sobre concorrentes podem ser anti\u00e9ticos ou mesmo ilegais. As empresas devem garantir que est\u00e3o sempre do lado certo da lei e mant\u00eam padr\u00f5es \u00e9ticos.<\/p>\n\n\n\n<p><strong>\u00canfase exagerada na competi\u00e7\u00e3o:<\/strong> Embora seja vital compreender o que os concorrentes est\u00e3o fazendo, existe o risco de nos concentrarmos demais nos concorrentes. As empresas devem se lembrar de manter seus clientes no centro de suas estrat\u00e9gias.<\/p>\n\n\n\n<p><strong>Mantendo a confidencialidade:<\/strong> Ao conduzir pesquisas sobre concorrentes, as empresas podem coletar informa\u00e7\u00f5es confidenciais. \u00c9 crucial tratar estes dados de forma respons\u00e1vel, mantendo a confidencialidade e garantindo que n\u00e3o sejam utilizados indevidamente.<\/p>\n\n\n\n<p><strong>Complexidade de an\u00e1lise:<\/strong> Ter dados brutos \u00e9 uma coisa; obter insights acion\u00e1veis \u00e9 outra. A grande quantidade de dados pode ser esmagadora e requer ferramentas e conhecimentos adequados para filtrar ru\u00eddos, identificar padr\u00f5es e tirar conclus\u00f5es significativas.<\/p>","protected":false},"excerpt":{"rendered":"<p>A pesquisa da concorr\u00eancia fornece uma vis\u00e3o abrangente do cen\u00e1rio do mercado e esclarece os pontos fortes e fracos dos concorrentes.<\/p>","protected":false},"author":1,"featured_media":71170,"parent":14514,"menu_order":402,"comment_status":"closed","ping_status":"closed","template":"","meta":{"footnotes":""},"class_list":["post-44081","page","type-page","status-publish","has-post-thumbnail"],"_links":{"self":[{"href":"https:\/\/www.sisinternational.com\/pt\/wp-json\/wp\/v2\/pages\/44081","targetHints":{"allow":["GET"]}}],"collection":[{"href":"https:\/\/www.sisinternational.com\/pt\/wp-json\/wp\/v2\/pages"}],"about":[{"href":"https:\/\/www.sisinternational.com\/pt\/wp-json\/wp\/v2\/types\/page"}],"author":[{"embeddable":true,"href":"https:\/\/www.sisinternational.com\/pt\/wp-json\/wp\/v2\/users\/1"}],"replies":[{"embeddable":true,"href":"https:\/\/www.sisinternational.com\/pt\/wp-json\/wp\/v2\/comments?post=44081"}],"version-history":[{"count":6,"href":"https:\/\/www.sisinternational.com\/pt\/wp-json\/wp\/v2\/pages\/44081\/revisions"}],"predecessor-version":[{"id":81401,"href":"https:\/\/www.sisinternational.com\/pt\/wp-json\/wp\/v2\/pages\/44081\/revisions\/81401"}],"up":[{"embeddable":true,"href":"https:\/\/www.sisinternational.com\/pt\/wp-json\/wp\/v2\/pages\/14514"}],"wp:featuredmedia":[{"embeddable":true,"href":"https:\/\/www.sisinternational.com\/pt\/wp-json\/wp\/v2\/media\/71170"}],"wp:attachment":[{"href":"https:\/\/www.sisinternational.com\/pt\/wp-json\/wp\/v2\/media?parent=44081"}],"curies":[{"name":"wp","href":"https:\/\/api.w.org\/{rel}","templated":true}]}}