{"id":44068,"date":"2023-11-06T12:37:14","date_gmt":"2023-11-06T17:37:14","guid":{"rendered":"https:\/\/www.sisinternational.com\/?page_id=44068"},"modified":"2026-03-15T23:59:31","modified_gmt":"2026-03-16T03:59:31","slug":"empresa-de-pesquisa-de-mercado-de-comunidade-on-line-b2b","status":"publish","type":"page","link":"https:\/\/www.sisinternational.com\/pt\/b2b-market-research-page\/empresa-de-pesquisa-de-mercado-de-comunidade-on-line-b2b\/","title":{"rendered":"Empresa de pesquisa de mercado de comunidades on-line B2B"},"content":{"rendered":"<h1 class=\"wp-block-heading\">Empresa de pesquisa de mercado de comunidades on-line B2B<\/h1>\n\n\n\n<figure class=\"gb-block-image gb-block-image-37bfe496\"><img loading=\"lazy\" decoding=\"async\" width=\"1456\" height=\"816\" class=\"gb-image gb-image-37bfe496\" src=\"https:\/\/www.sisinternational.com\/wp-content\/uploads\/2025\/08\/Online-focus-group-3-1.jpg\" alt=\"Pesquisa e Estrat\u00e9gia de Mercado Internacional da SIS\" title=\"Online focus group (3)\" srcset=\"https:\/\/www.sisinternational.com\/wp-content\/uploads\/2025\/08\/Online-focus-group-3-1.jpg 1456w, https:\/\/www.sisinternational.com\/wp-content\/uploads\/2025\/08\/Online-focus-group-3-1-300x168.jpg 300w, https:\/\/www.sisinternational.com\/wp-content\/uploads\/2025\/08\/Online-focus-group-3-1-1024x574.jpg 1024w, https:\/\/www.sisinternational.com\/wp-content\/uploads\/2025\/08\/Online-focus-group-3-1-768x430.jpg 768w, https:\/\/www.sisinternational.com\/wp-content\/uploads\/2025\/08\/Online-focus-group-3-1-18x10.jpg 18w\" sizes=\"auto, (max-width: 1456px) 100vw, 1456px\"><\/figure>\n\n\n\n<p><\/p>\n\n\n\n<p>What can drive a company to the forefront of its industry, making sure it understands the complex dynamics of its marketplace as well as the needs of its customers? The answer lies in capitalizing on the opinions and engagement of an entire community. Yet, how do organizations effectively leverage this resource? They utilize the services of a <a title=\"Melhor empresa de pesquisa de mercado B2B\" href=\"https:\/\/www.sisinternational.com\/pt\/empresa-lider-em-pesquisa-de-mercado-b2b\/\" data-wpil-monitor-id=\"1665\">B2B online community market research company<\/a>.<\/p>\n\n\n\n<h2 class=\"wp-block-heading\">Compreendendo o papel de uma empresa de pesquisa de mercado comunit\u00e1rio online B2B<\/h2>\n\n\n\n<p>One of the foremost reasons to hire such a company is its capability to delve deep into real-world insights. Traditional market research can often feel detached. However, a <a title=\"Empresa de pesquisa de mercado com painel on-line B2B\" href=\"https:\/\/www.sisinternational.com\/pt\/solucoes\/top-b2b-online-panel-market-research-company\/\" data-wpil-monitor-id=\"2370\">B2B online community market research company<\/a> promotes active engagement. This means instead of merely collecting data, they foster conversations that provide qualitative insights.<\/p>\n\n\n\n<p>Nas comunidades online, o feedback n\u00e3o \u00e9 um evento \u00fanico. \u00c9 um fluxo cont\u00ednuo, que fornece rea\u00e7\u00f5es em tempo real \u00e0s mudan\u00e7as do mercado, lan\u00e7amentos de produtos ou mudan\u00e7as no setor. Este dinamismo pode ser fundamental para as empresas do setor B2B dinamizarem ou adaptarem estrat\u00e9gias rapidamente.<\/p>\n\n\n\n<p>Moreover, with the constantly evolving business landscape, relying solely on traditional market research techniques might leave gaps in understanding. A B2B <a title=\"Pesquisa de mercado de aplicativos de namoro online\" href=\"https:\/\/www.sisinternational.com\/pt\/pericia\/industrias\/pesquisa-de-mercado-de-aplicativos-de-namoro-online\/\" data-wpil-monitor-id=\"5940\">online community market research<\/a> company, bridges these gaps, ensuring businesses are not just informed but deeply connected to their market pulse.<\/p>\n\n\n\n<p>Em qualquer caso, a colabora\u00e7\u00e3o oferece muitos outros benef\u00edcios para as empresas, como:<\/p>\n\n\n\n<p><strong>Pesquisa personalizada:<\/strong> Unlike generic market research, a B2B online community <a title=\"Empresa de pesquisa de mercado em Atlanta\" href=\"https:\/\/www.sisinternational.com\/pt\/cobertura\/as-americas\/cobertura-dos-eua\/empresa-de-pesquisa-de-mercado-em-atlanta\/\" data-wpil-monitor-id=\"6412\">market research company<\/a> can custom-tailor its research approach to fit the unique needs and questions of a business. This ensures more relevant and actionable findings.<\/p>\n\n\n\n<p><strong>Custo benef\u00edcio:<\/strong> Os m\u00e9todos tradicionais de pesquisa de mercado, como grupos focais ou entrevistas presenciais, podem consumir muitos recursos. Com as ferramentas e plataformas digitais utilizadas por uma empresa de pesquisa de mercado, as empresas podem coletar insights de forma mais eficiente e com custo reduzido.<\/p>\n\n\n\n<p><strong>Tempo de resposta mais r\u00e1pido:<\/strong> O tempo \u00e9 essencial no mundo empresarial acelerado de hoje. Estas empresas, aproveitando o poder das comunidades online, podem produzir resultados mais rapidamente do que os m\u00e9todos convencionais, permitindo que as empresas ajam prontamente.<\/p>\n\n\n\n<p><strong>Construindo Lealdade:<\/strong> O envolvimento com uma comunidade, especialmente para empresas B2B, pode promover a lealdade. Quando os clientes ou potenciais clientes se sentem ouvidos e envolvidos, aumenta a sua liga\u00e7\u00e3o com a marca, conduzindo a relacionamentos de longo prazo.<\/p>\n\n\n\n<p><strong>Previs\u00e3o de tend\u00eancias:<\/strong> The collective knowledge and experience of a community can be a crystal ball, predicting upcoming industry trends or shifts. With the expertise of a <a title=\"O que \u00e9 marketing B2B?\" href=\"https:\/\/www.sisinternational.com\/pt\/complexidades-de-marketing-b2b\/\" data-wpil-monitor-id=\"7324\">B2B online community market<\/a> research company, businesses can be ahead of the curve, preparing for market changes before they become mainstream.<\/p>\n\n\n\n<h2 class=\"wp-block-heading\">Oportunidades para empresas ao contratar uma empresa de pesquisa de mercado comunit\u00e1rio online B2B<\/h2>\n\n\n\n<p>No cen\u00e1rio empresarial, a introdu\u00e7\u00e3o de comunidades online abriu diversas oportunidades, especialmente com a ajuda de uma empresa de pesquisa de mercado. Vamos mergulhar nos caminhos potenciais que essas empresas trazem para a mesa:<\/p>\n\n\n\n<p><strong>Envolvimento direto com tomadores de decis\u00e3o:<\/strong> Os setores B2B geralmente t\u00eam ciclos de vendas mais longos e dependem fortemente do estabelecimento de confian\u00e7a e relacionamentos. Atrav\u00e9s de comunidades online, as empresas podem interagir diretamente com os decisores, compreendendo as suas necessidades e desafios em primeira m\u00e3o.<\/p>\n\n\n\n<p><strong>Loop de feedback:<\/strong> O processo iterativo de desenvolvimento de produtos ou servi\u00e7os torna-se simplificado. Com uma comunidade ativa, as empresas podem obter feedback rapidamente e fazer as modifica\u00e7\u00f5es necess\u00e1rias.<\/p>\n\n\n\n<p><strong>Analise competitiva:<\/strong> As comunidades geralmente incluem membros que interagiram com diversas marcas ou solu\u00e7\u00f5es. Isso representa uma oportunidade para as empresas obterem insights sobre as ofertas e o posicionamento dos concorrentes.<\/p>\n\n\n\n<p><strong>Desenvolvimento de produtos inovadores:<\/strong> Al\u00e9m do feedback, estas comunidades podem ser incubadoras de ideias inovadoras. O envolvimento com eles pode levar \u00e0 cocria\u00e7\u00e3o de produtos ou solu\u00e7\u00f5es, com insights e sugest\u00f5es vindos diretamente dos usu\u00e1rios.<\/p>\n\n\n\n<p><strong>Expandindo Redes:<\/strong> O envolvimento com uma comunidade online pode levar a apresenta\u00e7\u00f5es e colabora\u00e7\u00f5es com outras empresas, fornecedores ou influenciadores do setor. Esta expans\u00e3o da rede, facilitada pela empresa de pesquisa de mercado, pode ser uma mina de ouro de oportunidades de crescimento.<\/p>\n\n\n\n<h2 class=\"wp-block-heading\">Desafios ao conduzir pesquisas<\/h2>\n\n\n\n<p>Embora as oportunidades sejam vastas, seria ing\u00eanuo presumir que n\u00e3o h\u00e1 desafios na parceria com uma empresa de pesquisa de mercado comunit\u00e1ria online B2B. Assim como qualquer outro empreendimento, \u00e9 essencial estar ciente de seus poss\u00edveis obst\u00e1culos para enfrent\u00e1-los de forma eficaz:<\/p>\n\n\n\n<p><strong>Gest\u00e3o Comunit\u00e1ria:<\/strong> Criar uma comunidade n\u00e3o \u00e9 suficiente; precisa de nutri\u00e7\u00e3o e gerenciamento constantes. Uma empresa de estudos de mercado pode fornecer a plataforma e as ferramentas, mas a empresa precisa de investir tempo e recursos para se envolver com a comunidade, garantindo uma participa\u00e7\u00e3o saud\u00e1vel e ativa.<\/p>\n\n\n\n<p><strong>Desafios de modera\u00e7\u00e3o:<\/strong> Como acontece com qualquer plataforma online, sempre existe o risco de feedback negativo, trolls ou desinforma\u00e7\u00e3o. A empresa de pesquisa de mercado comunit\u00e1ria online B2B desempenhar\u00e1 um papel fundamental na modera\u00e7\u00e3o de tais desafios, mas continua a ser uma preocupa\u00e7\u00e3o significativa para as empresas.<\/p>\n\n\n\n<p><strong>Vi\u00e9s e representatividade:<\/strong> Often, the most vocal members of a community don&#8217;t necessarily represent the majority opinion. This can lead to skewed insights if not checked. The <a title=\"Pesquisa de mercado do Balanced Scorecard\" href=\"https:\/\/www.sisinternational.com\/pt\/solucoes\/pesquisa-de-mercado-com-scorecard-balanceado\/\" data-wpil-monitor-id=\"2247\">market research company must ensure a balanced<\/a> representation of the feedback they gather and analyze.<\/p>\n\n\n\n<p><strong>Preocupa\u00e7\u00f5es com confidencialidade:<\/strong> Engaging with communities might sometimes necessitate sharing or discussing confidential information. This can be a concern for businesses, especially when it involves new product launches or company strategies. The <a title=\"Pesquisa de mercado de seguran\u00e7a\" href=\"https:\/\/www.sisinternational.com\/pt\/pericia\/industrias\/pesquisa-de-mercado-de-seguranca\/\" data-wpil-monitor-id=\"6535\">market research company must provide robust security<\/a> and confidentiality measures.<\/p>\n\n\n\n<h2 class=\"wp-block-heading\">Empresa de pesquisa de mercado comunit\u00e1rio online B2B e suas perspectivas<\/h2>\n\n\n\n<p>The future looks promising for businesses seeking to leverage the capabilities of a <a title=\"Pesquisa de mercado do Dia dos Namorados: como sua empresa pode sentir o amor\" href=\"https:\/\/www.sisinternational.com\/pt\/dia-dos-namorados-como-sua-empresa-pode-sentir-o-amor\/\" data-wpil-monitor-id=\"7384\">B2B online community market<\/a> research company. As digital transformation extends across industries and online communities continue to gain traction, these research firms offer a prime seat to watch the evolving market dynamics. Here&#8217;s a glimpse into the future prospects:<\/p>\n\n\n\n<p><strong>Estrat\u00e9gias hiperpersonalizadas:<\/strong> Com os insights obtidos nas comunidades online, as empresas estar\u00e3o melhor posicionadas para elaborar estrat\u00e9gias hiperpersonalizadas. Uma empresa de pesquisa de mercado comunit\u00e1ria online B2B pode facilitar a coleta de dados diferenciados, ajudando as empresas a compreender as prefer\u00eancias individuais e os pontos fracos.<\/p>\n\n\n\n<p><strong>An\u00e1lise Preditiva:<\/strong> The combination of AI and data collected from online communities can pave the way for predictive analytics. Partnering with a forward-thinking <a title=\"B2B Go-to-Market Strategy\" href=\"https:\/\/www.sisinternational.com\/pt\/b2b-go-to-market-strategy\/\" data-wpil-monitor-id=\"799\">B2B online community market research company<\/a> will allow businesses to foresee market shifts and adapt their strategies proactively.<\/p>\n\n\n\n<p><strong>Emerg\u00eancia de comunidades de nicho:<\/strong> \u00c0 medida que o mercado se torna mais segmentado, surgir\u00e3o comunidades online de nicho. Isso significa que uma empresa de pesquisa de mercado ser\u00e1 fundamental para ajudar as empresas a explorar essas microcomunidades para obter insights direcionados.<\/p>\n\n\n\n<p><strong>Evolu\u00e7\u00e3o das plataformas comunit\u00e1rias:<\/strong> Com os avan\u00e7os tecnol\u00f3gicos, as plataformas que hospedam estas comunidades online evoluir\u00e3o, tornando-se mais interativas, imersivas e intuitivas. Ser\u00e1 responsabilidade da empresa de pesquisa de mercado acompanhar essas mudan\u00e7as e adaptar suas metodologias de acordo.<\/p>\n\n\n\n<p><\/p>","protected":false},"excerpt":{"rendered":"<p>Uma empresa de pesquisa de mercado de comunidades on-line B2B coleta ativamente dados e promove conversas para fornecer percep\u00e7\u00f5es qualitativas.<\/p>","protected":false},"author":1,"featured_media":63009,"parent":84360,"menu_order":23,"comment_status":"closed","ping_status":"closed","template":"","meta":{"footnotes":""},"class_list":["post-44068","page","type-page","status-publish","has-post-thumbnail"],"_links":{"self":[{"href":"https:\/\/www.sisinternational.com\/pt\/wp-json\/wp\/v2\/pages\/44068","targetHints":{"allow":["GET"]}}],"collection":[{"href":"https:\/\/www.sisinternational.com\/pt\/wp-json\/wp\/v2\/pages"}],"about":[{"href":"https:\/\/www.sisinternational.com\/pt\/wp-json\/wp\/v2\/types\/page"}],"author":[{"embeddable":true,"href":"https:\/\/www.sisinternational.com\/pt\/wp-json\/wp\/v2\/users\/1"}],"replies":[{"embeddable":true,"href":"https:\/\/www.sisinternational.com\/pt\/wp-json\/wp\/v2\/comments?post=44068"}],"version-history":[{"count":11,"href":"https:\/\/www.sisinternational.com\/pt\/wp-json\/wp\/v2\/pages\/44068\/revisions"}],"predecessor-version":[{"id":84644,"href":"https:\/\/www.sisinternational.com\/pt\/wp-json\/wp\/v2\/pages\/44068\/revisions\/84644"}],"up":[{"embeddable":true,"href":"https:\/\/www.sisinternational.com\/pt\/wp-json\/wp\/v2\/pages\/84360"}],"wp:featuredmedia":[{"embeddable":true,"href":"https:\/\/www.sisinternational.com\/pt\/wp-json\/wp\/v2\/media\/63009"}],"wp:attachment":[{"href":"https:\/\/www.sisinternational.com\/pt\/wp-json\/wp\/v2\/media?parent=44068"}],"curies":[{"name":"wp","href":"https:\/\/api.w.org\/{rel}","templated":true}]}}