{"id":43806,"date":"2023-10-11T11:14:30","date_gmt":"2023-10-11T15:14:30","guid":{"rendered":"https:\/\/www.sisinternational.com\/?page_id=43806"},"modified":"2026-01-26T17:03:20","modified_gmt":"2026-01-26T22:03:20","slug":"pesquisa-de-mercado-de-rastreamento-de-reputacao","status":"publish","type":"page","link":"https:\/\/www.sisinternational.com\/pt\/pericia\/pesquisa-de-mercado-de-rastreamento-de-reputacao\/","title":{"rendered":"Pesquisa de mercado de rastreamento de reputa\u00e7\u00e3o"},"content":{"rendered":"<h1 class=\"wp-block-heading\">Pesquisa de mercado de rastreamento de reputa\u00e7\u00e3o<\/h1>\n\n\n\n<figure class=\"gb-block-image gb-block-image-cb81ef31\"><img loading=\"lazy\" decoding=\"async\" width=\"1456\" height=\"816\" class=\"gb-image gb-image-cb81ef31\" src=\"https:\/\/www.sisinternational.com\/wp-content\/uploads\/2025\/09\/Package-6.jpg\" alt=\"Pesquisa e Estrat\u00e9gia de Mercado Internacional da SIS\" title=\"Package (6)\" srcset=\"https:\/\/www.sisinternational.com\/wp-content\/uploads\/2025\/09\/Package-6.jpg 1456w, https:\/\/www.sisinternational.com\/wp-content\/uploads\/2025\/09\/Package-6-300x168.jpg 300w, https:\/\/www.sisinternational.com\/wp-content\/uploads\/2025\/09\/Package-6-1024x574.jpg 1024w, https:\/\/www.sisinternational.com\/wp-content\/uploads\/2025\/09\/Package-6-768x430.jpg 768w, https:\/\/www.sisinternational.com\/wp-content\/uploads\/2025\/09\/Package-6-18x10.jpg 18w\" sizes=\"auto, (max-width: 1456px) 100vw, 1456px\"><\/figure>\n\n\n\n<p><\/p>\n\n\n\n<p>Hoje, a reputa\u00e7\u00e3o online pode fazer ou quebrar um neg\u00f3cio. \u00c9 por isso que a pesquisa de mercado de rastreamento de reputa\u00e7\u00e3o se tornou uma ferramenta crucial para empresas que buscam compreender e gerenciar a percep\u00e7\u00e3o de sua marca.<\/p>\n\n\n\n<p>With consumers increasingly relying on online reviews and social media to inform their purchasing decisions, businesses need to stay on top of their reputation to maintain a competitive edge. This is where <a href=\"https:\/\/www.sisinternational.com\/pt\/pericia\/industrias\/pesquisa-de-mercado-de-reputacao\/\" title=\"Pesquisa de mercado de reputa\u00e7\u00e3o\"  data-wpil-monitor-id=\"4076\">pesquisa de mercado de rastreamento de reputa\u00e7\u00e3o<\/a> comes into play, providing valuable insights into consumer sentiment, brand perception, and potential areas for improvement.<\/p>\n\n\n\n<h2 class=\"wp-block-heading\">O que \u00e9 pesquisa de mercado de rastreamento de reputa\u00e7\u00e3o?<\/h2>\n\n\n\n<p>\u00c9 uma abordagem sistem\u00e1tica para monitorar e analisar a reputa\u00e7\u00e3o online de uma empresa. Envolve a coleta e an\u00e1lise de dados de v\u00e1rias fontes online, como plataformas de m\u00eddia social, sites de avalia\u00e7\u00e3o e f\u00f3runs online, para obter insights pr\u00e1ticos sobre como uma marca \u00e9 percebida por seu p\u00fablico-alvo.<\/p>\n\n\n\n<p>Ao rastrear e analisar conversas, sentimentos e tend\u00eancias online, as empresas podem identificar \u00e1reas de for\u00e7a e fraqueza em sua reputa\u00e7\u00e3o para melhorar a imagem de sua marca.<\/p>\n\n\n\n<h2 class=\"wp-block-heading\">Import\u00e2ncia da pesquisa de mercado de rastreamento de reputa\u00e7\u00e3o<\/h2>\n\n\n\n<p>Reputa\u00e7\u00e3o <a href=\"https:\/\/www.sisinternational.com\/pt\/pericia\/industrias\/pesquisa-de-mercado-de-rastreamento-de-tendencias\/\" title=\"Pesquisa de mercado de rastreamento de tend\u00eancias\"  data-wpil-monitor-id=\"5439\">tracking market research<\/a> is essential for businesses for several reasons. It allows companies to know what consumers are saying about their brands, products, and services. Secondly, reputation tracking market research helps businesses understand the impact of their marketing and PR efforts.<\/p>\n\n\n\n<p>Al\u00e9m disso, permite que as empresas identifiquem tend\u00eancias emergentes e permane\u00e7am \u00e0 frente da concorr\u00eancia, porque as empresas podem detectar mudan\u00e7as nas prefer\u00eancias dos consumidores, antecipar as mudan\u00e7as do mercado e ajustar as suas ofertas em conformidade.<\/p>\n\n\n\n<p>Portanto, ao analisar o sentimento e acompanhar as men\u00e7\u00f5es \u00e0 marca, as empresas podem avaliar a efic\u00e1cia das suas campanhas e mensagens, tomando decis\u00f5es baseadas em dados para otimizar as suas estrat\u00e9gias de marketing.<\/p>\n\n\n\n<h2 class=\"wp-block-heading\">Benef\u00edcios da pesquisa de mercado de rastreamento de reputa\u00e7\u00e3o<\/h2>\n\n\n\n<figure class=\"gb-block-image gb-block-image-04d1f0b0\"><img loading=\"lazy\" decoding=\"async\" width=\"1456\" height=\"816\" class=\"gb-image gb-image-04d1f0b0\" src=\"https:\/\/www.sisinternational.com\/wp-content\/uploads\/2025\/09\/Package-4.jpg\" alt=\"Pesquisa e Estrat\u00e9gia de Mercado Internacional da SIS\" title=\"Package (4)\" srcset=\"https:\/\/www.sisinternational.com\/wp-content\/uploads\/2025\/09\/Package-4.jpg 1456w, https:\/\/www.sisinternational.com\/wp-content\/uploads\/2025\/09\/Package-4-300x168.jpg 300w, https:\/\/www.sisinternational.com\/wp-content\/uploads\/2025\/09\/Package-4-1024x574.jpg 1024w, https:\/\/www.sisinternational.com\/wp-content\/uploads\/2025\/09\/Package-4-768x430.jpg 768w, https:\/\/www.sisinternational.com\/wp-content\/uploads\/2025\/09\/Package-4-18x10.jpg 18w\" sizes=\"auto, (max-width: 1456px) 100vw, 1456px\"><\/figure>\n\n\n\n<p><\/p>\n\n\n\n<p>A reputa\u00e7\u00e3o de uma empresa pode ser o seu bem mais valioso. Pode ser a diferen\u00e7a entre conquistar um novo cliente ou perd\u00ea-lo para a concorr\u00eancia. Assim, aprofundar-se nos benef\u00edcios desta pesquisa pode revelar o profundo impacto que ela tem no sucesso de uma empresa, na fidelidade \u00e0 marca e na posi\u00e7\u00e3o geral do mercado \u2013 e aqui est\u00e3o alguns dos benef\u00edcios mais importantes da pesquisa de mercado de rastreamento de reputa\u00e7\u00e3o:<\/p>\n\n\n\n<ul class=\"wp-block-list\">\n<li><strong>Gerenciamento de crise:<\/strong> Esta pesquisa desempenha um papel crucial na gest\u00e3o de crises. Ao monitorizar o sentimento online e identificar potenciais problemas desde o in\u00edcio, as empresas podem abordar proativamente as preocupa\u00e7\u00f5es, mitigar a publicidade negativa e preservar a reputa\u00e7\u00e3o da sua marca.<\/li>\n\n\n\n<li><strong>An\u00e1lise do Concorrente:<\/strong> Acompanhar e analisar conversas online sobre concorrentes pode fornecer \u00e0s empresas informa\u00e7\u00f5es valiosas sobre seus pontos fortes, fracos e posicionamento de mercado. Essas informa\u00e7\u00f5es podem informar estrat\u00e9gias competitivas e ajudar as empresas a se diferenciarem no mercado.<\/li>\n\n\n\n<li><strong>Medi\u00e7\u00e3o de desempenho:<\/strong> Ao rastrear men\u00e7\u00f5es \u00e0 marca, sentimento e outras m\u00e9tricas de reputa\u00e7\u00e3o, as empresas podem medir o impacto de seus esfor\u00e7os de marketing e rela\u00e7\u00f5es p\u00fablicas. Isso permite a tomada de decis\u00f5es baseada em dados e a melhoria cont\u00ednua das estrat\u00e9gias de marca.<\/li>\n<\/ul>\n\n\n\n<h2 class=\"wp-block-heading\">Oportunidades em pesquisa de mercado de rastreamento de reputa\u00e7\u00e3o para empresas<\/h2>\n\n\n\n<p>Esta pesquisa especializada n\u00e3o apenas monitora a percep\u00e7\u00e3o da marca, mas abre portas para o envolvimento proativo, a expans\u00e3o do mercado e a inova\u00e7\u00e3o. Para as empresas, aproveitar estas oportunidades pode aumentar a confian\u00e7a dos clientes, a resili\u00eancia contra crises e a lideran\u00e7a sustentada do mercado.<\/p>\n\n\n\n<ul class=\"wp-block-list\">\n<li><strong>Envolvimento personalizado do cliente:<\/strong> Ao compreender o sentimento e as prefer\u00eancias do cliente por meio de pesquisas de mercado de rastreamento de reputa\u00e7\u00e3o, as empresas podem personalizar suas intera\u00e7\u00f5es e comunica\u00e7\u00f5es com os clientes. Isso leva a um melhor envolvimento do cliente, maior fidelidade e melhor percep\u00e7\u00e3o da marca.<\/li>\n\n\n\n<li><strong>Campanhas de marketing direcionadas:<\/strong> A pesquisa de mercado fornece \u00e0s empresas insights sobre os interesses, necessidades e pontos fracos de seu p\u00fablico-alvo. Essas informa\u00e7\u00f5es permitem que as empresas criem campanhas de marketing direcionadas que atraem seus clientes, resultando em taxas de convers\u00e3o mais altas e melhor ROI.<\/li>\n\n\n\n<li><strong>Melhoria de produtos e servi\u00e7os:<\/strong> Ao analisar o feedback dos clientes e as conversas online, as empresas podem identificar \u00e1reas de melhoria nos seus produtos ou servi\u00e7os. A pesquisa de mercado de monitoramento de reputa\u00e7\u00e3o ajuda as empresas a compreender as expectativas dos clientes, permitindo-lhes tomar decis\u00f5es informadas para aprimorar suas ofertas.<\/li>\n\n\n\n<li><strong>Preven\u00e7\u00e3o e Gest\u00e3o de Crises:<\/strong> Esta pesquisa de mercado permite que as empresas identifiquem proativamente poss\u00edveis problemas, abordem as preocupa\u00e7\u00f5es dos clientes e gerenciem crises de maneira eficaz. Ao monitorizar as conversas online, as empresas podem detectar sinais de alerta precoce e tomar as medidas adequadas para proteger a sua reputa\u00e7\u00e3o.<\/li>\n\n\n\n<li><strong>An\u00e1lise Competitiva e Diferencia\u00e7\u00e3o:<\/strong> A pesquisa de mercado ajuda as empresas a compreender os pontos fortes, fracos e o posicionamento de mercado de seus concorrentes. Essas informa\u00e7\u00f5es podem ser utilizadas para diferenciar seus produtos ou servi\u00e7os, identificar lacunas no mercado e obter vantagem competitiva.<\/li>\n<\/ul>\n\n\n\n<h2 class=\"wp-block-heading\">Desafios na pesquisa de mercado de rastreamento de reputa\u00e7\u00e3o<\/h2>\n\n\n\n<p>Embora a pesquisa de mercado de rastreamento de reputa\u00e7\u00e3o ofere\u00e7a in\u00fameras oportunidades, as empresas tamb\u00e9m enfrentam v\u00e1rios desafios na condu\u00e7\u00e3o de pesquisas eficazes, tais como:<\/p>\n\n\n\n<ul class=\"wp-block-list\">\n<li><strong>Sobrecarga de dados e ru\u00eddo:<\/strong> The abundance of online data and noise can make it challenging to extract meaningful insights from <a href=\"https:\/\/www.sisinternational.com\/pt\/pericia\/industrias\/o-que-e-equipamento-de-perfuracao-e-extracao\/\" title=\"Pesquisa de mercado de equipamentos de perfura\u00e7\u00e3o e extra\u00e7\u00e3o\"  data-wpil-monitor-id=\"3161\">pesquisa de mercado de rastreamento de reputa\u00e7\u00e3o<\/a>. Businesses need to employ sophisticated analytics tools and techniques to filter out irrelevant information and focus on the most valuable data.<\/li>\n\n\n\n<li><strong>Sentimento e an\u00e1lise contextual:<\/strong> Interpretar os sentimentos com precis\u00e3o e compreender o contexto por tr\u00e1s das conversas online pode ser um desafio. Diferenciar entre feedback genu\u00edno do cliente e spam ou avalia\u00e7\u00f5es falsas requer algoritmos avan\u00e7ados de an\u00e1lise de sentimento e experi\u00eancia humana.<\/li>\n\n\n\n<li><strong>Varia\u00e7\u00f5es Culturais e Lingu\u00edsticas:<\/strong> A pesquisa de mercado para rastreamento de reputa\u00e7\u00e3o geralmente envolve a an\u00e1lise de dados de diversas regi\u00f5es e culturas. Varia\u00e7\u00f5es culturais e lingu\u00edsticas podem impactar a interpreta\u00e7\u00e3o do sentimento e do contexto, necessitando de uma abordagem diferenciada para a an\u00e1lise de dados.<\/li>\n<\/ul>\n\n\n\n<h2 class=\"wp-block-heading\">Perspectivas futuras da pesquisa de mercado de rastreamento de reputa\u00e7\u00e3o<\/h2>\n\n\n\n<figure class=\"gb-block-image gb-block-image-393d2b5c\"><img loading=\"lazy\" decoding=\"async\" width=\"1456\" height=\"816\" class=\"gb-image gb-image-393d2b5c\" src=\"https:\/\/www.sisinternational.com\/wp-content\/uploads\/2025\/09\/Package-5.jpg\" alt=\"Pesquisa e Estrat\u00e9gia de Mercado Internacional da SIS\" title=\"Package (5)\" srcset=\"https:\/\/www.sisinternational.com\/wp-content\/uploads\/2025\/09\/Package-5.jpg 1456w, https:\/\/www.sisinternational.com\/wp-content\/uploads\/2025\/09\/Package-5-300x168.jpg 300w, https:\/\/www.sisinternational.com\/wp-content\/uploads\/2025\/09\/Package-5-1024x574.jpg 1024w, https:\/\/www.sisinternational.com\/wp-content\/uploads\/2025\/09\/Package-5-768x430.jpg 768w, https:\/\/www.sisinternational.com\/wp-content\/uploads\/2025\/09\/Package-5-18x10.jpg 18w\" sizes=\"auto, (max-width: 1456px) 100vw, 1456px\"><\/figure>\n\n\n\n<p><\/p>\n\n\n\n<p>\u00c0 medida que a tecnologia continua a avan\u00e7ar e o comportamento do consumidor evolui, espera-se que a pesquisa de mercado de rastreamento de reputa\u00e7\u00e3o se torne ainda mais sofisticada. Algumas tend\u00eancias e desenvolvimentos importantes a serem observados no futuro incluem:<\/p>\n\n\n\n<ul class=\"wp-block-list\">\n<li><strong>Intelig\u00eancia Artificial (IA) e Aprendizado de M\u00e1quina (ML):<\/strong> AI and ML technologies will play an increasingly significant role in <a href=\"https:\/\/www.sisinternational.com\/pt\/pericia\/industrias\/tecnologia-medica-pesquisa-de-mercado-de-tecnologia-medica\/\" title=\"Pesquisa de mercado de tecnologia m\u00e9dica (Med Tech)\"  data-wpil-monitor-id=\"4193\">pesquisa de mercado de rastreamento de reputa\u00e7\u00e3o<\/a>. These technologies can automate data collection, sentiment analysis, and trend identification, enabling businesses to gain valuable insights more efficiently.<\/li>\n\n\n\n<li><strong>Reconhecimento de voz e imagem:<\/strong> With the rise of voice assistants and visual content, <a href=\"https:\/\/www.sisinternational.com\/pt\/pericia\/industrias\/pesquisa-de-mercado-de-diagnostico-por-imagem\/\" title=\"Pesquisa de mercado de diagn\u00f3stico por imagem\"  data-wpil-monitor-id=\"6367\">market research will incorporate voice and image<\/a> recognition technologies. This will allow businesses to analyze audio and visual data, providing a more comprehensive understanding of consumer sentiment and brand perception.<\/li>\n\n\n\n<li><strong>An\u00e1lise preditiva:<\/strong> Recursos avan\u00e7ados de an\u00e1lise preditiva permitir\u00e3o que as empresas prevejam tend\u00eancias relacionadas \u00e0 reputa\u00e7\u00e3o e tomem decis\u00f5es proativas. Isso inclui prever mudan\u00e7as no sentimento do cliente, identificar poss\u00edveis riscos de reputa\u00e7\u00e3o e otimizar estrat\u00e9gias de marca em tempo real.<\/li>\n\n\n\n<li><strong>Visualiza\u00e7\u00e3o de dados aprimorada:<\/strong> As ferramentas de visualiza\u00e7\u00e3o de dados continuar\u00e3o a evoluir, permitindo que as empresas analisem e apresentem dados de rastreamento de reputa\u00e7\u00e3o em formatos mais envolventes e acion\u00e1veis. Isto facilitar\u00e1 uma melhor tomada de decis\u00f5es e comunica\u00e7\u00e3o de insights entre as diferentes partes interessadas.<\/li>\n\n\n\n<li><strong>Processamento de Linguagem Natural (PNL):<\/strong> A PNL \u00e9 uma tecnologia que permite aos computadores compreender e interpretar a linguagem humana. A PNL \u00e9 usada para analisar e categorizar conversas e sentimentos online, proporcionando \u00e0s empresas uma compreens\u00e3o mais profunda das opini\u00f5es e percep\u00e7\u00f5es dos consumidores.<\/li>\n<\/ul>","protected":false},"excerpt":{"rendered":"<p>A reputa\u00e7\u00e3o online faz ou destr\u00f3i um neg\u00f3cio. A pesquisa de mercado de rastreamento de reputa\u00e7\u00e3o \u00e9 uma ferramenta crucial para as empresas gerenciarem a percep\u00e7\u00e3o da marca.<\/p>","protected":false},"author":1,"featured_media":69142,"parent":14514,"menu_order":398,"comment_status":"closed","ping_status":"closed","template":"","meta":{"footnotes":""},"class_list":["post-43806","page","type-page","status-publish","has-post-thumbnail"],"_links":{"self":[{"href":"https:\/\/www.sisinternational.com\/pt\/wp-json\/wp\/v2\/pages\/43806","targetHints":{"allow":["GET"]}}],"collection":[{"href":"https:\/\/www.sisinternational.com\/pt\/wp-json\/wp\/v2\/pages"}],"about":[{"href":"https:\/\/www.sisinternational.com\/pt\/wp-json\/wp\/v2\/types\/page"}],"author":[{"embeddable":true,"href":"https:\/\/www.sisinternational.com\/pt\/wp-json\/wp\/v2\/users\/1"}],"replies":[{"embeddable":true,"href":"https:\/\/www.sisinternational.com\/pt\/wp-json\/wp\/v2\/comments?post=43806"}],"version-history":[{"count":8,"href":"https:\/\/www.sisinternational.com\/pt\/wp-json\/wp\/v2\/pages\/43806\/revisions"}],"predecessor-version":[{"id":79950,"href":"https:\/\/www.sisinternational.com\/pt\/wp-json\/wp\/v2\/pages\/43806\/revisions\/79950"}],"up":[{"embeddable":true,"href":"https:\/\/www.sisinternational.com\/pt\/wp-json\/wp\/v2\/pages\/14514"}],"wp:featuredmedia":[{"embeddable":true,"href":"https:\/\/www.sisinternational.com\/pt\/wp-json\/wp\/v2\/media\/69142"}],"wp:attachment":[{"href":"https:\/\/www.sisinternational.com\/pt\/wp-json\/wp\/v2\/media?parent=43806"}],"curies":[{"name":"wp","href":"https:\/\/api.w.org\/{rel}","templated":true}]}}