{"id":43800,"date":"2023-10-11T10:58:42","date_gmt":"2023-10-11T14:58:42","guid":{"rendered":"https:\/\/www.sisinternational.com\/?page_id=43800"},"modified":"2026-01-26T17:22:30","modified_gmt":"2026-01-26T22:22:30","slug":"pesquisa-de-mercado-de-planograma","status":"publish","type":"page","link":"https:\/\/www.sisinternational.com\/pt\/pericia\/pesquisa-de-mercado-de-planograma\/","title":{"rendered":"Pesquisa de mercado de planograma"},"content":{"rendered":"<h1 class=\"wp-block-heading\">Pesquisa de mercado de planograma<\/h1>\n\n\n\n<figure class=\"gb-block-image gb-block-image-adce11dd\"><img loading=\"lazy\" decoding=\"async\" width=\"1456\" height=\"816\" class=\"gb-image gb-image-adce11dd\" src=\"https:\/\/www.sisinternational.com\/wp-content\/uploads\/2025\/08\/Planogram-2.jpg\" alt=\"Pesquisa e Estrat\u00e9gia de Mercado Internacional da SIS\" title=\"Planogram (2)\" srcset=\"https:\/\/www.sisinternational.com\/wp-content\/uploads\/2025\/08\/Planogram-2.jpg 1456w, https:\/\/www.sisinternational.com\/wp-content\/uploads\/2025\/08\/Planogram-2-300x168.jpg 300w, https:\/\/www.sisinternational.com\/wp-content\/uploads\/2025\/08\/Planogram-2-1024x574.jpg 1024w, https:\/\/www.sisinternational.com\/wp-content\/uploads\/2025\/08\/Planogram-2-768x430.jpg 768w, https:\/\/www.sisinternational.com\/wp-content\/uploads\/2025\/08\/Planogram-2-18x10.jpg 18w\" sizes=\"auto, (max-width: 1456px) 100vw, 1456px\"><\/figure>\n\n\n\n<p><\/p>\n\n\n\n<p>No atual cen\u00e1rio competitivo de varejo, as empresas est\u00e3o constantemente buscando maneiras de otimizar o layout de suas lojas e maximizar as vendas. \u00c9 aqui que a pesquisa de mercado do planograma desempenha um papel crucial. Ao analisar o comportamento do consumidor, as tend\u00eancias de mercado e a coloca\u00e7\u00e3o de produtos, a pesquisa de mercado do planograma ajuda as empresas a criar estrat\u00e9gias eficazes de visual merchandising que aumentam o ROI e exploram novas oportunidades e tend\u00eancias.<\/p>\n\n\n\n<h2 class=\"wp-block-heading\">O que \u00e9 pesquisa de mercado de planograma?<\/h2>\n\n\n\n<p>Planogram market research is a systematic process of analyzing the placement and arrangement of products within a retail space. It involves <a href=\"https:\/\/www.sisinternational.com\/pt\/cobertura\/europa\/pesquisa-de-mercado-em-liverpool-reino-unido\/\" title=\"Pesquisa de Mercado em Liverpool | Grupos focais e coleta de dados no Reino Unido\"  data-wpil-monitor-id=\"9760\">collecting and analyzing data<\/a> on consumer behavior, sales patterns, and market trends to create visually appealing and efficient store layouts.<\/p>\n\n\n\n<h3 class=\"wp-block-heading\">Por que isso \u00e9 importante?<\/h3>\n\n\n\n<p>Planogram market research is of paramount importance for retailers as it directly impacts sales and customer satisfaction. By analyzing consumer behavior and sales data, <a href=\"https:\/\/www.sisinternational.com\/pt\/solucoes\/solucoes-de-branding-e-pesquisa-de-clientes\/pesquisa-de-mercado-de-varejo\/\" title=\"Pesquisa de mercado de varejo | Pesquisa de mercado na loja\"  data-wpil-monitor-id=\"9756\">market research helps retailers<\/a> determine the most effective placement of products within their stores. This ensures that popular and high-margin items are prominently displayed, increasing the chances of customer engagement and purchase.<\/p>\n\n\n\n<p>Furthermore, a well-designed planogram <a href=\"https:\/\/www.sisinternational.com\/pt\/qualitative-research-to-enhance-customer-experience\/\" title=\"Qualitative Research to Enhance Customer Experience\"  data-wpil-monitor-id=\"9759\">enhances the overall shopping experience for customers<\/a>. It helps them easily navigate the store, locate desired products, and discover new items. It leads to increased sales and profitability because of strategically placing products in high-traffic areas and optimizing shelf space.<\/p>\n\n\n\n<h2 class=\"wp-block-heading\">Benef\u00edcios da pesquisa de mercado do planograma<\/h2>\n\n\n\n<figure class=\"gb-block-image gb-block-image-cd181c39\"><img loading=\"lazy\" decoding=\"async\" width=\"1456\" height=\"816\" class=\"gb-image gb-image-cd181c39\" src=\"https:\/\/www.sisinternational.com\/wp-content\/uploads\/2025\/08\/Planogram-3.jpg\" alt=\"Pesquisa e Estrat\u00e9gia de Mercado Internacional da SIS\" title=\"Planogram (3)\" srcset=\"https:\/\/www.sisinternational.com\/wp-content\/uploads\/2025\/08\/Planogram-3.jpg 1456w, https:\/\/www.sisinternational.com\/wp-content\/uploads\/2025\/08\/Planogram-3-300x168.jpg 300w, https:\/\/www.sisinternational.com\/wp-content\/uploads\/2025\/08\/Planogram-3-1024x574.jpg 1024w, https:\/\/www.sisinternational.com\/wp-content\/uploads\/2025\/08\/Planogram-3-768x430.jpg 768w, https:\/\/www.sisinternational.com\/wp-content\/uploads\/2025\/08\/Planogram-3-18x10.jpg 18w\" sizes=\"auto, (max-width: 1456px) 100vw, 1456px\"><\/figure>\n\n\n\n<p><\/p>\n\n\n\n<p>Implementing this <a href=\"https:\/\/www.sisinternational.com\/pt\/pericia\/curriculos-de-experiencia\/curriculo-de-experiencia-no-setor-de-varejo\/\" title=\"Empresa de pesquisa de mercado de varejo\"  data-wpil-monitor-id=\"9757\">market research offers several benefits for retailers<\/a>. Here are some key advantages:<\/p>\n\n\n\n<ul class=\"wp-block-list\">\n<li><strong>Visibilidade aprimorada do produto:<\/strong> Um planograma bem executado garante que os produtos sejam exibidos de forma visualmente atraente e de f\u00e1cil acesso. Isso aumenta a visibilidade do produto, chamando a aten\u00e7\u00e3o dos compradores e impulsionando as vendas.<\/li>\n\n\n\n<li><strong>Espa\u00e7o de prateleira otimizado:<\/strong> Ajuda os varejistas a fazer o uso mais eficiente do espa\u00e7o nas prateleiras. Ao organizar os produtos com base na procura do consumidor e nos dados de vendas, os retalhistas podem garantir que as prateleiras s\u00e3o totalmente utilizadas, reduzindo a desordem e criando um ambiente de compras limpo e organizado.<\/li>\n\n\n\n<li><strong>Maiores oportunidades de vendas cruzadas e upsell:<\/strong> Planograms enable <a href=\"https:\/\/www.sisinternational.com\/pt\/solucoes\/solucoes-de-branding-e-pesquisa-de-clientes\/pesquisa-de-mercado-para-testes-de-produtos\/teste-de-produtos-de-varejo-em-nyc-em-vez-de-la\/\" title=\"A vantagem dos testes de produtos de varejo em Nova York em rela\u00e7\u00e3o a Los Angeles\"  data-wpil-monitor-id=\"9762\">retailers to strategically place related products<\/a> in proximity, encouraging cross-selling and upselling opportunities. For example, placing chips and dips together can prompt customers to purchase both items, thereby increasing the average transaction value.<\/li>\n\n\n\n<li><strong>Tomada de decis\u00e3o baseada em dados:<\/strong> Esse <a href=\"https:\/\/www.sisinternational.com\/pt\/solucoes\/solucoes-de-pesquisa-quantitativa-qualitativa\/pesquisa-de-mercado-de-analise-chaid\/\" title=\"Pesquisa de mercado de an\u00e1lise CHAID\"  data-wpil-monitor-id=\"9758\">market research is driven by data analysis<\/a>. By leveraging sales data, consumer behavior insights, and market trends, retailers can make informed decisions regarding product assortment, pricing, and promotional strategies.<\/li>\n<\/ul>\n\n\n\n<h2 class=\"wp-block-heading\">Tend\u00eancias atuais e tecnologia aplicada na pesquisa de mercado de planogramas<\/h2>\n\n\n\n<p>O mundo da pesquisa de mercado de planogramas est\u00e1 em constante evolu\u00e7\u00e3o, impulsionado pelos avan\u00e7os na tecnologia e pelas mudan\u00e7as nas prefer\u00eancias dos consumidores. Aqui est\u00e3o algumas tend\u00eancias e tecnologias atuais que est\u00e3o moldando o campo:<\/p>\n\n\n\n<ul class=\"wp-block-list\">\n<li><strong>Realidade Virtual (VR) e Realidade Aumentada (AR):<\/strong> As tecnologias VR e AR permitem que os varejistas simulem layouts de lojas e visualizem planogramas antes da implementa\u00e7\u00e3o. Isto permite-lhes tomar decis\u00f5es informadas e testar v\u00e1rios cen\u00e1rios sem reorganizar fisicamente a loja.<\/li>\n\n\n\n<li><strong>Mapeamento de calor:<\/strong> A tecnologia de mapeamento t\u00e9rmico usa sensores e c\u00e2meras para rastrear os movimentos dos clientes dentro de uma loja. Ao analisar estes dados, os retalhistas podem identificar \u00e1reas de elevado tr\u00e1fego e otimizar os planogramas em conformidade, garantindo a exposi\u00e7\u00e3o m\u00e1xima para os principais produtos.<\/li>\n\n\n\n<li><strong>Aplica\u00e7\u00f5es M\u00f3veis:<\/strong> Aplicativos m\u00f3veis s\u00e3o cada vez mais usados para auxiliar na execu\u00e7\u00e3o de planogramas. Os funcion\u00e1rios do varejo podem acessar planogramas, receber atualiza\u00e7\u00f5es em tempo real e gerar relat\u00f3rios sobre conformidade por meio de aplicativos m\u00f3veis, melhorando a comunica\u00e7\u00e3o e a efici\u00eancia.<\/li>\n\n\n\n<li><strong>Intelig\u00eancia Artificial (IA):<\/strong> Algoritmos alimentados por IA est\u00e3o sendo usados para analisar dados de vendas, comportamento do consumidor e tend\u00eancias de mercado. Isso ajuda os varejistas a identificar padr\u00f5es e a tomar decis\u00f5es baseadas em dados ao criar planogramas.<\/li>\n\n\n\n<li><strong>Planogramas Din\u00e2micos:<\/strong> Traditional planograms were static and rarely changed. However, with the advent of technology, dynamic planograms are gaining traction. These planograms can be easily updated and modified based on real-time data, <a href=\"https:\/\/www.sisinternational.com\/pt\/solucoes\/consultoria-estrategica\/consultoria-em-estrategia-de-pesquisa-de-mercado-de-capacitacao-de-vendas\/\" title=\"Pesquisa de mercado e consultoria estrat\u00e9gica para capacita\u00e7\u00e3o de vendas\"  data-wpil-monitor-id=\"9761\">enabling retailers to adapt to changing market<\/a> dynamics more effectively.<\/li>\n<\/ul>\n\n\n\n<h2 class=\"wp-block-heading\">Oportunidades em pesquisa de mercado de planogramas para empresas<\/h2>\n\n\n\n<p>A pesquisa de mercado do planograma apresenta v\u00e1rias oportunidades para as empresas obterem uma vantagem competitiva no setor de varejo. Aqui est\u00e3o algumas oportunidades importantes:<\/p>\n\n\n\n<ul class=\"wp-block-list\">\n<li><strong>Personaliza\u00e7\u00e3o:<\/strong> Planogram <a href=\"https:\/\/www.sisinternational.com\/pt\/solucoes\/loja-verificar-pesquisa-de-mercado\/\" title=\"Pesquisa de mercado de cheques de loja\"  data-wpil-monitor-id=\"2140\">market research allows businesses to tailor store<\/a> layouts based on customer preferences and demographics. By understanding the target audience and their shopping habits, retailers can create personalized shopping <a href=\"https:\/\/www.sisinternational.com\/pt\/pericia\/industrias\/pesquisa-de-mercado-de-experiencia-do-cliente-em-restaurantes\/\" title=\"Pesquisa de mercado de experi\u00eancia do cliente em restaurantes\"  data-wpil-monitor-id=\"9763\">experiences that resonate with customers<\/a>.<\/li>\n\n\n\n<li><strong>Colabora\u00e7\u00e3o com Fornecedores:<\/strong> Os planogramas geralmente envolvem a colabora\u00e7\u00e3o com fornecedores para garantir a coloca\u00e7\u00e3o ideal dos produtos. Ao trabalhar em estreita colabora\u00e7\u00e3o com os fornecedores, as empresas podem melhorar os relacionamentos, negociar condi\u00e7\u00f5es favor\u00e1veis e obter acesso a exposi\u00e7\u00f5es e promo\u00e7\u00f5es exclusivas de produtos.<\/li>\n\n\n\n<li><strong>Gerenciamento de estoque aprimorado:<\/strong> A implementa\u00e7\u00e3o eficiente do planograma pode levar a um melhor gerenciamento de estoque. Ao alinhar a coloca\u00e7\u00e3o de produtos com os padr\u00f5es de procura, as empresas podem reduzir o excesso de invent\u00e1rio, minimizar as rupturas de stock e optimizar a cadeia de abastecimento global.<\/li>\n<\/ul>\n\n\n\n<h2 class=\"wp-block-heading\">Desafios na pesquisa de mercado de planogramas para empresas<\/h2>\n\n\n\n<p>Embora a pesquisa de mercado do planograma ofere\u00e7a in\u00fameros benef\u00edcios, as empresas tamb\u00e9m enfrentam certos desafios na sua implementa\u00e7\u00e3o. Aqui est\u00e3o alguns desafios principais:<\/p>\n\n\n\n<ul class=\"wp-block-list\">\n<li><strong>Mudando as prefer\u00eancias do consumidor:<\/strong> As prefer\u00eancias dos consumidores e os padr\u00f5es de compra est\u00e3o em constante evolu\u00e7\u00e3o. As empresas devem monitorizar e adaptar continuamente os planogramas para se alinharem com as tend\u00eancias em mudan\u00e7a, o que exige investimentos regulares em investiga\u00e7\u00e3o e desenvolvimento.<\/li>\n\n\n\n<li><strong>Restri\u00e7\u00f5es de layout da loja:<\/strong> Alguns espa\u00e7os de varejo t\u00eam limita\u00e7\u00f5es em termos de layout e espa\u00e7o nas prateleiras. As empresas devem encontrar formas criativas de otimizar os seus planogramas dentro destas restri\u00e7\u00f5es, garantindo que os produtos continuam a ser efetivamente apresentados e acess\u00edveis aos clientes.<\/li>\n\n\n\n<li><strong>Treinamento e conformidade de funcion\u00e1rios:<\/strong> Os planogramas s\u00f3 s\u00e3o eficazes se os funcion\u00e1rios os compreenderem e cumprirem. Canais de treinamento e comunica\u00e7\u00e3o adequados s\u00e3o essenciais para garantir que os funcion\u00e1rios implementem os planogramas de maneira precisa e consistente.<\/li>\n<\/ul>\n\n\n\n<h2 class=\"wp-block-heading\">Perspectivas futuras da pesquisa de mercado do planograma<\/h2>\n\n\n\n<figure class=\"gb-block-image gb-block-image-b158d6e9\"><img loading=\"lazy\" decoding=\"async\" width=\"1456\" height=\"816\" class=\"gb-image gb-image-b158d6e9\" src=\"https:\/\/www.sisinternational.com\/wp-content\/uploads\/2025\/08\/Planogram-1.jpg\" alt=\"Pesquisa e Estrat\u00e9gia de Mercado Internacional da SIS\" title=\"Planogram (1)\" srcset=\"https:\/\/www.sisinternational.com\/wp-content\/uploads\/2025\/08\/Planogram-1.jpg 1456w, https:\/\/www.sisinternational.com\/wp-content\/uploads\/2025\/08\/Planogram-1-300x168.jpg 300w, https:\/\/www.sisinternational.com\/wp-content\/uploads\/2025\/08\/Planogram-1-1024x574.jpg 1024w, https:\/\/www.sisinternational.com\/wp-content\/uploads\/2025\/08\/Planogram-1-768x430.jpg 768w, https:\/\/www.sisinternational.com\/wp-content\/uploads\/2025\/08\/Planogram-1-18x10.jpg 18w\" sizes=\"auto, (max-width: 1456px) 100vw, 1456px\"><\/figure>\n\n\n\n<p><\/p>\n\n\n\n<p>A pesquisa de mercado do planograma \u00e9 impulsionada pelos avan\u00e7os na tecnologia e pela evolu\u00e7\u00e3o das expectativas dos consumidores. Aqui est\u00e3o algumas tend\u00eancias que provavelmente moldar\u00e3o o futuro da ind\u00fastria:<\/p>\n\n\n\n<ul class=\"wp-block-list\">\n<li><strong>Integra\u00e7\u00e3o de Intelig\u00eancia Artificial:<\/strong> A IA desempenhar\u00e1 um papel cada vez mais significativo na pesquisa de mercado de planogramas. Algoritmos avan\u00e7ados de IA fornecer\u00e3o aos varejistas insights em tempo real, permitindo planogramas din\u00e2micos e personalizados que se adaptam \u00e0s mudan\u00e7as no comportamento do consumidor.<\/li>\n\n\n\n<li><strong>Tecnologia de prateleira inteligente:<\/strong> A tecnologia de prateleira inteligente, equipada com sensores e etiquetas RFID, revolucionar\u00e1 a implementa\u00e7\u00e3o do planograma. Essas prateleiras fornecer\u00e3o dados em tempo real sobre disponibilidade de produtos, n\u00edveis de estoque e intera\u00e7\u00f5es com clientes, permitindo que os varejistas tomem decis\u00f5es baseadas em dados e otimizem planogramas em qualquer lugar.<\/li>\n\n\n\n<li><strong>Integra\u00e7\u00e3o on-line e off-line:<\/strong> With the rise of omnichannel retailing, planogram market <a href=\"https:\/\/www.sisinternational.com\/pt\/solucoes\/solucoes-de-branding-e-pesquisa-de-clientes\/pesquisa-de-layout-de-loja\/\" title=\"Pesquisa de layout de loja\"  data-wpil-monitor-id=\"6497\">research will extend beyond physical stores<\/a> to include online platforms. Retailers will need to create cohesive and consistent experiences across online and offline channels, ensuring that planograms are optimized for both.<\/li>\n<\/ul>","protected":false},"excerpt":{"rendered":"<p>A pesquisa de mercado do planograma \u00e9 um processo sistem\u00e1tico de an\u00e1lise da coloca\u00e7\u00e3o e disposi\u00e7\u00e3o dos produtos em um espa\u00e7o de varejo.<\/p>","protected":false},"author":1,"featured_media":64323,"parent":14514,"menu_order":396,"comment_status":"closed","ping_status":"closed","template":"","meta":{"footnotes":""},"class_list":["post-43800","page","type-page","status-publish","has-post-thumbnail"],"_links":{"self":[{"href":"https:\/\/www.sisinternational.com\/pt\/wp-json\/wp\/v2\/pages\/43800","targetHints":{"allow":["GET"]}}],"collection":[{"href":"https:\/\/www.sisinternational.com\/pt\/wp-json\/wp\/v2\/pages"}],"about":[{"href":"https:\/\/www.sisinternational.com\/pt\/wp-json\/wp\/v2\/types\/page"}],"author":[{"embeddable":true,"href":"https:\/\/www.sisinternational.com\/pt\/wp-json\/wp\/v2\/users\/1"}],"replies":[{"embeddable":true,"href":"https:\/\/www.sisinternational.com\/pt\/wp-json\/wp\/v2\/comments?post=43800"}],"version-history":[{"count":6,"href":"https:\/\/www.sisinternational.com\/pt\/wp-json\/wp\/v2\/pages\/43800\/revisions"}],"predecessor-version":[{"id":81625,"href":"https:\/\/www.sisinternational.com\/pt\/wp-json\/wp\/v2\/pages\/43800\/revisions\/81625"}],"up":[{"embeddable":true,"href":"https:\/\/www.sisinternational.com\/pt\/wp-json\/wp\/v2\/pages\/14514"}],"wp:featuredmedia":[{"embeddable":true,"href":"https:\/\/www.sisinternational.com\/pt\/wp-json\/wp\/v2\/media\/64323"}],"wp:attachment":[{"href":"https:\/\/www.sisinternational.com\/pt\/wp-json\/wp\/v2\/media?parent=43800"}],"curies":[{"name":"wp","href":"https:\/\/api.w.org\/{rel}","templated":true}]}}