{"id":43779,"date":"2023-10-10T19:44:17","date_gmt":"2023-10-10T23:44:17","guid":{"rendered":"https:\/\/www.sisinternational.com\/?page_id=43779"},"modified":"2026-01-26T19:01:41","modified_gmt":"2026-01-27T00:01:41","slug":"pesquisa-de-mercado-hoteleira","status":"publish","type":"page","link":"https:\/\/www.sisinternational.com\/pt\/pericia\/pesquisa-de-mercado-hoteleira\/","title":{"rendered":"Pesquisa de mercado de pesquisa hoteleira"},"content":{"rendered":"<h1 class=\"wp-block-heading\">Pesquisa de mercado de pesquisa hoteleira<\/h1>\n\n\n\n<figure class=\"gb-block-image gb-block-image-4dc60623\"><img loading=\"lazy\" decoding=\"async\" width=\"1456\" height=\"816\" class=\"gb-image gb-image-4dc60623\" src=\"https:\/\/www.sisinternational.com\/wp-content\/uploads\/2025\/08\/Hotel-furniture-9.jpg\" alt=\"Pesquisa e Estrat\u00e9gia de Mercado Internacional da SIS\" title=\"Hotel furniture (9)\" srcset=\"https:\/\/www.sisinternational.com\/wp-content\/uploads\/2025\/08\/Hotel-furniture-9.jpg 1456w, https:\/\/www.sisinternational.com\/wp-content\/uploads\/2025\/08\/Hotel-furniture-9-300x168.jpg 300w, https:\/\/www.sisinternational.com\/wp-content\/uploads\/2025\/08\/Hotel-furniture-9-1024x574.jpg 1024w, https:\/\/www.sisinternational.com\/wp-content\/uploads\/2025\/08\/Hotel-furniture-9-768x430.jpg 768w, https:\/\/www.sisinternational.com\/wp-content\/uploads\/2025\/08\/Hotel-furniture-9-18x10.jpg 18w\" sizes=\"auto, (max-width: 1456px) 100vw, 1456px\"><\/figure>\n\n\n\n<p><\/p>\n\n\n\n<p>Qual \u00e9 o segredo para criar uma experi\u00eancia hoteleira inesquec\u00edvel? Como podem as empresas do setor hoteleiro transformar meras estadias em viagens memor\u00e1veis? A pesquisa de mercado de hot\u00e9is fornece informa\u00e7\u00f5es valiosas sobre as prefer\u00eancias dos clientes, n\u00edveis de satisfa\u00e7\u00e3o e tend\u00eancias emergentes.<\/p>\n\n\n\n<p>Therefore, by conducting surveys and collecting data, hotels can make informed decisions to <a href=\"https:\/\/www.sisinternational.com\/pt\/qualitative-research-to-enhance-customer-experience\/\" title=\"Qualitative Research to Enhance Customer Experience\"  data-wpil-monitor-id=\"9745\">enhance their services and improve customer experiences<\/a>.<\/p>\n\n\n\n<h2 class=\"wp-block-heading\">Por que a pesquisa de mercado de pesquisa de hot\u00e9is \u00e9 t\u00e3o importante?<\/h2>\n\n\n\n<p>Hotel <a href=\"https:\/\/www.sisinternational.com\/pt\/pesquisa-de-mercado-de-pesquisa-de-adesao\/\" title=\"Pesquisa de mercado de pesquisa de s\u00f3cios\"  data-wpil-monitor-id=\"3586\">pesquisa de mercado<\/a> plays a pivotal role in the success of hotels because it enables them to understand their target audience, identify their needs and expectations, and tailor their services accordingly.<\/p>\n\n\n\n<p>By conducting surveys, hotels can assess customer satisfaction levels and identify areas that require improvement. This helps in enhancing the overall guest <a href=\"https:\/\/www.sisinternational.com\/pt\/b2b-customer-experience-the-ultimate-guide-to-building-loyalty-that-lasts\/\" title=\"B2B Customer Experience: The Ultimate Guide to Building Loyalty That Lasts\"  data-wpil-monitor-id=\"9741\">experience and building customer loyalty<\/a>. Similarly, this <a href=\"https:\/\/www.sisinternational.com\/pt\/pericia\/industrias\/pesquisa-de-mercado-de-moveis-para-hoteis\/\" title=\"Pesquisa de mercado de m\u00f3veis para hot\u00e9is\"  data-wpil-monitor-id=\"7188\">market research allows hotels<\/a> to analyze their competitors and identify their strengths and weaknesses, which helps in developing strategies to stay ahead in the market.<\/p>\n\n\n\n<p>Al\u00e9m disso, as pesquisas fornecem informa\u00e7\u00f5es valiosas sobre as prefer\u00eancias e expectativas dos clientes. Os hot\u00e9is podem utilizar estes dados para desenvolver novos produtos e servi\u00e7os que atendam \u00e0s novas exig\u00eancias do seu p\u00fablico-alvo.<\/p>\n\n\n\n<h2 class=\"wp-block-heading\">Benef\u00edcios da pesquisa de mercado de pesquisa de hot\u00e9is<\/h2>\n\n\n\n<p>A pesquisa de mercado hoteleira oferece v\u00e1rios benef\u00edcios aos hot\u00e9is \u2013 e algumas das principais vantagens s\u00e3o as seguintes:<\/p>\n\n\n\n<ul class=\"wp-block-list\">\n<li><strong>Otimiza\u00e7\u00e3o de receita:<\/strong> A pesquisa de mercado de hot\u00e9is ajuda a identificar estrat\u00e9gias de pre\u00e7os, t\u00e9cnicas de gerenciamento de receitas e oportunidades de upsell. Ao compreender as prefer\u00eancias e o comportamento dos h\u00f3spedes, os hot\u00e9is podem identificar oportunidades de upsell e vendas cruzadas. Isso permite que os hot\u00e9is maximizem suas receitas e lucratividade.<\/li>\n\n\n\n<li><strong>Maior satisfa\u00e7\u00e3o dos h\u00f3spedes:<\/strong> Ao coletar feedback por meio de pesquisas, os hot\u00e9is podem identificar \u00e1reas onde se destacam e \u00e1reas que precisam de melhorias. Isso leva a uma maior satisfa\u00e7\u00e3o e fidelidade dos h\u00f3spedes.<\/li>\n\n\n\n<li><strong>Vantagem competitiva:<\/strong> A pesquisa de mercado de hot\u00e9is permite que os hot\u00e9is se mantenham atualizados com as \u00faltimas tend\u00eancias do setor e prefer\u00eancias do consumidor. Esse conhecimento permite que eles se diferenciem dos concorrentes e ofere\u00e7am experi\u00eancias \u00fanicas aos h\u00f3spedes.<\/li>\n\n\n\n<li><strong>Identifica\u00e7\u00e3o de tend\u00eancias:<\/strong> A ind\u00fastria hoteleira, influenciada por eventos globais, tecnologia e mudan\u00e7as nas prefer\u00eancias dos consumidores, est\u00e1 em constante mudan\u00e7a. Atrav\u00e9s de pesquisas regulares, as empresas podem identificar tend\u00eancias emergentes e posicionar-se \u00e0 frente da curva, seja em pr\u00e1ticas de sustentabilidade, integra\u00e7\u00e3o tecnol\u00f3gica ou est\u00e9tica de design de quartos.<\/li>\n\n\n\n<li><strong>Benchmarking competitivo:<\/strong> Com in\u00fameros hot\u00e9is disputando a aten\u00e7\u00e3o dos h\u00f3spedes, \u00e9 crucial compreender a posi\u00e7\u00e3o de cada um no cen\u00e1rio competitivo. A pesquisa de mercado de pesquisas hoteleiras pode ajudar as empresas a entender como seus servi\u00e7os se comparam aos concorrentes, destacando \u00e1reas de excel\u00eancia ou melhorias potenciais.<\/li>\n\n\n\n<li><strong>Efici\u00eancia operacional:<\/strong> As pesquisas podem ir al\u00e9m do feedback dos h\u00f3spedes para abranger o feedback da equipe e das partes interessadas. Os insights dessas pesquisas podem ajudar a simplificar as opera\u00e7\u00f5es, identificar gargalos e melhorar a efici\u00eancia geral.<\/li>\n\n\n\n<li><strong>Optimizing <a href=\"https:\/\/www.sisinternational.com\/pt\/pericia\/industrias\/diretor-de-informacoes-cio-pesquisa-de-mercado\/\" title=\"Diretor de Informa\u00e7\u00f5es (CIO) Pesquisa de Mercado\"  data-wpil-monitor-id=\"9743\">Marketing<\/a> Strategies:<\/strong> Ao compreender as fontes de informa\u00e7\u00e3o e os padr\u00f5es de tomada de decis\u00e3o dos h\u00f3spedes, os hot\u00e9is podem refinar as suas estrat\u00e9gias de marketing, alocando recursos de forma mais eficaz aos canais que produzem os melhores resultados.<\/li>\n<\/ul>\n\n\n\n<h2 class=\"wp-block-heading\">Tend\u00eancias atuais e tecnologia aplicada em pesquisa de mercado hoteleiro<\/h2>\n\n\n\n<figure class=\"gb-block-image gb-block-image-31efb835\"><img loading=\"lazy\" decoding=\"async\" width=\"1456\" height=\"816\" class=\"gb-image gb-image-31efb835\" src=\"https:\/\/www.sisinternational.com\/wp-content\/uploads\/2025\/08\/hotel-16.jpg\" alt=\"Pesquisa e Estrat\u00e9gia de Mercado Internacional da SIS\" title=\"hotel (16)\" srcset=\"https:\/\/www.sisinternational.com\/wp-content\/uploads\/2025\/08\/hotel-16.jpg 1456w, https:\/\/www.sisinternational.com\/wp-content\/uploads\/2025\/08\/hotel-16-300x168.jpg 300w, https:\/\/www.sisinternational.com\/wp-content\/uploads\/2025\/08\/hotel-16-1024x574.jpg 1024w, https:\/\/www.sisinternational.com\/wp-content\/uploads\/2025\/08\/hotel-16-768x430.jpg 768w, https:\/\/www.sisinternational.com\/wp-content\/uploads\/2025\/08\/hotel-16-18x10.jpg 18w\" sizes=\"auto, (max-width: 1456px) 100vw, 1456px\"><\/figure>\n\n\n\n<p><\/p>\n\n\n\n<p>Hotel Survey Market Research is constantly evolving, and new trends and technologies are shaping the industry. Here are some of the current trends and <a href=\"https:\/\/www.sisinternational.com\/pt\/pericia\/industrias\/tecnologia-de-alimentos-e-bebidas-pesquisa-de-mercado-tecnologia-de-alimentos\/\" title=\"Pesquisa de mercado de tecnologia de alimentos e bebidas | Tecnologia de Alimentos\"  data-wpil-monitor-id=\"9744\">technologies in this market research<\/a>:<\/p>\n\n\n\n<ul class=\"wp-block-list\">\n<li><strong>Pesquisas m\u00f3veis:<\/strong> Muitos h\u00f3spedes preferem dar feedback atrav\u00e9s de pesquisas otimizadas para dispositivos m\u00f3veis. Isso pode ser feito por meio de aplicativos dedicados, c\u00f3digos QR colocados nas salas ou pesquisas por SMS.<\/li>\n\n\n\n<li><strong>Chatbots para feedback em tempo real:<\/strong> Alguns hot\u00e9is come\u00e7aram a utilizar chatbots nos seus websites ou aplica\u00e7\u00f5es para interagir com os h\u00f3spedes em tempo real, recolhendo feedback instant\u00e2neo e abordando preocupa\u00e7\u00f5es.<\/li>\n\n\n\n<li><strong>Realidade Virtual (VR) e Realidade Aumentada (AR):<\/strong> While more experimental, some research firms have started using VR and AR to simulate hotel experiences and gather feedback on potential changes or <a href=\"https:\/\/www.sisinternational.com\/pt\/sis-lanca-novas-solucoes-de-pesquisa-digital\/\" title=\"SIS lan\u00e7a novas solu\u00e7\u00f5es de Pesquisa Digital\"  data-wpil-monitor-id=\"9740\">innovations<\/a>.<\/li>\n\n\n\n<li><strong>Pesquisas Gamificadas:<\/strong> Para tornar o processo de preenchimento de inqu\u00e9ritos mais envolvente, alguns hot\u00e9is e empresas de investiga\u00e7\u00e3o est\u00e3o a recorrer \u00e0 gamifica\u00e7\u00e3o, incentivando o feedback com recompensas ou tornando-o mais interativo e divertido.<\/li>\n\n\n\n<li><strong>An\u00e1lise preditiva:<\/strong> Ao analisar o comportamento e o feedback anteriores, as ferramentas de an\u00e1lise preditiva podem ajudar os hot\u00e9is a antecipar as necessidades, prefer\u00eancias e potenciais \u00e1reas de insatisfa\u00e7\u00e3o dos h\u00f3spedes futuros.<\/li>\n<\/ul>\n\n\n\n<h2 class=\"wp-block-heading\">Oportunidades em pesquisa de mercado de pesquisa hoteleira para empresas<\/h2>\n\n\n\n<p>A ind\u00fastria hoteleira \u00e9 din\u00e2mica e o sucesso depende da compreens\u00e3o das necessidades, prefer\u00eancias e expectativas dos h\u00f3spedes. Assim, ao aproveitar os insights dessas pesquisas, as empresas podem aproveitar uma infinidade de oportunidades, como:<\/p>\n\n\n\n<ul class=\"wp-block-list\">\n<li><strong>Oportunidades de personaliza\u00e7\u00e3o:<\/strong> Modern guests seek personalized experiences. <a href=\"https:\/\/www.sisinternational.com\/pt\/solucoes\/solucoes-de-pesquisa-quantitativa-qualitativa\/pesquisa-de-mercado\/\" title=\"Pesquisa de mercado\"  data-wpil-monitor-id=\"9742\">Market research surveys<\/a> can reveal preferences and patterns, allowing hotels to tailor their services, from room amenities to dining options to individual guest profiles.<\/li>\n\n\n\n<li><strong>Oportunidades para eventos e confer\u00eancias:<\/strong> Para hot\u00e9is com grandes espa\u00e7os para eventos, pesquisar as necessidades das empresas, planejadores de eventos e organizadores de confer\u00eancias pode abrir novas fontes de receita.<\/li>\n\n\n\n<li><strong>Parcerias Locais:<\/strong> Os hot\u00e9is podem fazer pesquisas para identificar potenciais empresas locais (como operadores tur\u00edsticos, restaurantes ou locais de entretenimento) com as quais as parcerias podem ser ben\u00e9ficas.<\/li>\n\n\n\n<li><strong>Iniciativas Sustent\u00e1veis e Ecologicamente Corretas:<\/strong> Com uma tend\u00eancia crescente em dire\u00e7\u00e3o \u00e0 sustentabilidade, a investiga\u00e7\u00e3o pode determinar o interesse dos h\u00f3spedes em comodidades ecol\u00f3gicas, iniciativas verdes ou pr\u00e1ticas sustent\u00e1veis nas opera\u00e7\u00f5es hoteleiras.<\/li>\n<\/ul>\n\n\n\n<h2 class=\"wp-block-heading\">Desafios na pesquisa de mercado de pesquisas hoteleiras para empresas<\/h2>\n\n\n\n<figure class=\"gb-block-image gb-block-image-2edf1e81\"><img loading=\"lazy\" decoding=\"async\" width=\"1456\" height=\"816\" class=\"gb-image gb-image-2edf1e81\" src=\"https:\/\/www.sisinternational.com\/wp-content\/uploads\/2025\/08\/hotel-15.jpg\" alt=\"Pesquisa e Estrat\u00e9gia de Mercado Internacional da SIS\" title=\"hotel (15)\" srcset=\"https:\/\/www.sisinternational.com\/wp-content\/uploads\/2025\/08\/hotel-15.jpg 1456w, https:\/\/www.sisinternational.com\/wp-content\/uploads\/2025\/08\/hotel-15-300x168.jpg 300w, https:\/\/www.sisinternational.com\/wp-content\/uploads\/2025\/08\/hotel-15-1024x574.jpg 1024w, https:\/\/www.sisinternational.com\/wp-content\/uploads\/2025\/08\/hotel-15-768x430.jpg 768w, https:\/\/www.sisinternational.com\/wp-content\/uploads\/2025\/08\/hotel-15-18x10.jpg 18w\" sizes=\"auto, (max-width: 1456px) 100vw, 1456px\"><\/figure>\n\n\n\n<p><\/p>\n\n\n\n<p>Embora a pesquisa de mercado hoteleira possa oferecer informa\u00e7\u00f5es importantes para as empresas do setor hoteleiro, a execu\u00e7\u00e3o eficaz desta pesquisa traz consigo o seu pr\u00f3prio conjunto de desafios \u2013 e reconhecer e abordar esses desafios \u00e9 crucial para a obten\u00e7\u00e3o de dados fi\u00e1veis e acion\u00e1veis.<\/p>\n\n\n\n<ul class=\"wp-block-list\">\n<li><strong>Baixas taxas de resposta:<\/strong> One of the most significant challenges with any survey-based <a href=\"https:\/\/www.sisinternational.com\/pt\/solucoes\/consultoria-estrategica\/seguranca-cibernetica-b2b\/\" title=\"B2B Cyber Security Research\"  data-wpil-monitor-id=\"9746\">research is securing<\/a> a high response rate. Guests, especially those on vacation or business trips, might not have the time or inclination to complete a survey, leading to insufficient data.<\/li>\n\n\n\n<li><strong>Vi\u00e9s nas respostas:<\/strong> Aqueles que tiveram experi\u00eancias excepcionalmente positivas ou negativas podem estar mais inclinados a responder a uma pesquisa. Isto pode resultar numa representa\u00e7\u00e3o exagerada de pontos de vista extremos, que podem n\u00e3o refletir com precis\u00e3o a experi\u00eancia do h\u00f3spede m\u00e9dio.<\/li>\n\n\n\n<li><a href=\"https:\/\/www.sisinternational.com\/pt\/cobertura\/europa\/pesquisa-de-mercado-em-liverpool-reino-unido\/\" title=\"Pesquisa de Mercado em Liverpool | Grupos focais e coleta de dados no Reino Unido\"  data-wpil-monitor-id=\"9747\">Data Analysis Complexity: Collecting<\/a> survey data is just the first step. Analyzing this data, especially when it&#8217;s qualitative or open-ended, can be complex and time-consuming. Extracting actionable insights requires expertise and the right analytical tools.<\/li>\n\n\n\n<li><strong>Preocupa\u00e7\u00f5es com privacidade de dados:<\/strong> Com a crescente conscientiza\u00e7\u00e3o sobre a privacidade de dados, os h\u00f3spedes podem hesitar em fornecer dados pessoais ou coment\u00e1rios. Garantir a prote\u00e7\u00e3o dos dados e comunic\u00e1-los aos entrevistados \u00e9 fundamental.<\/li>\n\n\n\n<li><strong>Limita\u00e7\u00f5es Temporais:<\/strong> A ind\u00fastria da hospitalidade \u00e9 influenciada por esta\u00e7\u00f5es, eventos e acontecimentos globais. O feedback obtido durante a \u00e9poca alta pode diferir significativamente do per\u00edodo fora da \u00e9poca alta. Garantir que os inqu\u00e9ritos captem uma vis\u00e3o abrangente ao longo do ano \u00e9 um desafio.<\/li>\n<\/ul>","protected":false},"excerpt":{"rendered":"<p>A pesquisa de mercado de hot\u00e9is fornece informa\u00e7\u00f5es valiosas sobre as prefer\u00eancias dos clientes, n\u00edveis de satisfa\u00e7\u00e3o e tend\u00eancias emergentes.<\/p>","protected":false},"author":1,"featured_media":63582,"parent":14514,"menu_order":390,"comment_status":"closed","ping_status":"closed","template":"","meta":{"footnotes":""},"class_list":["post-43779","page","type-page","status-publish","has-post-thumbnail"],"_links":{"self":[{"href":"https:\/\/www.sisinternational.com\/pt\/wp-json\/wp\/v2\/pages\/43779","targetHints":{"allow":["GET"]}}],"collection":[{"href":"https:\/\/www.sisinternational.com\/pt\/wp-json\/wp\/v2\/pages"}],"about":[{"href":"https:\/\/www.sisinternational.com\/pt\/wp-json\/wp\/v2\/types\/page"}],"author":[{"embeddable":true,"href":"https:\/\/www.sisinternational.com\/pt\/wp-json\/wp\/v2\/users\/1"}],"replies":[{"embeddable":true,"href":"https:\/\/www.sisinternational.com\/pt\/wp-json\/wp\/v2\/comments?post=43779"}],"version-history":[{"count":7,"href":"https:\/\/www.sisinternational.com\/pt\/wp-json\/wp\/v2\/pages\/43779\/revisions"}],"predecessor-version":[{"id":81622,"href":"https:\/\/www.sisinternational.com\/pt\/wp-json\/wp\/v2\/pages\/43779\/revisions\/81622"}],"up":[{"embeddable":true,"href":"https:\/\/www.sisinternational.com\/pt\/wp-json\/wp\/v2\/pages\/14514"}],"wp:featuredmedia":[{"embeddable":true,"href":"https:\/\/www.sisinternational.com\/pt\/wp-json\/wp\/v2\/media\/63582"}],"wp:attachment":[{"href":"https:\/\/www.sisinternational.com\/pt\/wp-json\/wp\/v2\/media?parent=43779"}],"curies":[{"name":"wp","href":"https:\/\/api.w.org\/{rel}","templated":true}]}}