{"id":43777,"date":"2023-10-10T18:36:13","date_gmt":"2023-10-10T22:36:13","guid":{"rendered":"https:\/\/www.sisinternational.com\/?page_id=43777"},"modified":"2026-01-27T16:38:54","modified_gmt":"2026-01-27T21:38:54","slug":"pesquisa-de-mercado-de-experiencia-do-cliente-em-hoteis","status":"publish","type":"page","link":"https:\/\/www.sisinternational.com\/pt\/pericia\/pesquisa-de-mercado-de-experiencia-do-cliente-em-hoteis\/","title":{"rendered":"Pesquisa de mercado de experi\u00eancia do cliente em hot\u00e9is"},"content":{"rendered":"<h1 class=\"wp-block-heading\">Pesquisa de mercado de experi\u00eancia do cliente em hot\u00e9is<\/h1>\n\n\n\n<figure class=\"gb-block-image gb-block-image-91d34be2\"><img loading=\"lazy\" decoding=\"async\" width=\"1456\" height=\"816\" class=\"gb-image gb-image-91d34be2\" src=\"https:\/\/www.sisinternational.com\/wp-content\/uploads\/2025\/08\/hotel-1.jpg\" alt=\"Pesquisa e Estrat\u00e9gia de Mercado Internacional da SIS\" title=\"hotel (1)\" srcset=\"https:\/\/www.sisinternational.com\/wp-content\/uploads\/2025\/08\/hotel-1.jpg 1456w, https:\/\/www.sisinternational.com\/wp-content\/uploads\/2025\/08\/hotel-1-300x168.jpg 300w, https:\/\/www.sisinternational.com\/wp-content\/uploads\/2025\/08\/hotel-1-1024x574.jpg 1024w, https:\/\/www.sisinternational.com\/wp-content\/uploads\/2025\/08\/hotel-1-768x430.jpg 768w, https:\/\/www.sisinternational.com\/wp-content\/uploads\/2025\/08\/hotel-1-18x10.jpg 18w\" sizes=\"auto, (max-width: 1456px) 100vw, 1456px\"><\/figure>\n\n\n\n<p><\/p>\n\n\n\n<p>Numa ind\u00fastria onde cada detalhe \u00e9 importante, compreender a experi\u00eancia do h\u00f3spede n\u00e3o \u00e9 apenas ben\u00e9fico \u2013 \u00e9 essencial. \u00c9 por isso que proporcionar uma experi\u00eancia excepcional ao cliente \u00e9 crucial para que os hot\u00e9is se destaquem e prosperem. \u00c9 aqui que a pesquisa de mercado da experi\u00eancia do cliente hoteleiro desempenha um papel vital.<\/p>\n\n\n\n<p>Ao compreender os principais fatores que contribuem para uma experi\u00eancia positiva do cliente, os hot\u00e9is podem tomar decis\u00f5es informadas e implementar estrat\u00e9gias para aumentar a satisfa\u00e7\u00e3o e a fidelidade dos h\u00f3spedes.<\/p>\n\n\n\n<h2 class=\"wp-block-heading\">A import\u00e2ncia da pesquisa de mercado da experi\u00eancia do cliente em hot\u00e9is<\/h2>\n\n\n\n<p>How do guests truly feel during their stay at a hotel? Hotel customer <a href=\"https:\/\/www.sisinternational.com\/pt\/pericia\/curriculos-de-experiencia\/curriculo-de-experiencia-em-estudos-de-etnografia\/\" title=\"Experi\u00eancia em pesquisa de mercado em etnografia\"  data-wpil-monitor-id=\"6350\">experience market research<\/a> regularly answers this question and uncovers insights that can elevate service standards, refine amenities, and create unforgettable stays that lead to loyal patronage.<\/p>\n\n\n\n<p>Thus, <a href=\"https:\/\/www.sisinternational.com\/pt\/pericia\/industrias\/pesquisa-de-mercado-de-moveis-para-hoteis\/\" title=\"Pesquisa de mercado de m\u00f3veis para hot\u00e9is\"  data-wpil-monitor-id=\"7191\">pesquisa de mercado de experi\u00eancia do cliente em hot\u00e9is<\/a> emerges as a cornerstone in this endeavor, providing businesses with insights that go beyond mere satisfaction metrics. It analyzes guest preferences to understand what guests truly value. It goes beyond basic amenities and delves into nuanced preferences, be it the ambiance of a room, the promptness of service, or the quality of in-house dining.<\/p>\n\n\n\n<p>Esta pesquisa tamb\u00e9m permite que as empresas comparem as suas ofertas com os concorrentes, identificando \u00e1reas de for\u00e7a e potenciais melhorias. Al\u00e9m disso, ajuda a analisar toda a jornada do cliente, desde a reserva at\u00e9 o checkout, destacando pontos de atrito ou \u00e1reas onde os h\u00f3spedes podem enfrentar desafios.<\/p>\n\n\n\n<h2 class=\"wp-block-heading\">Benef\u00edcios da pesquisa de mercado de experi\u00eancia do cliente em hot\u00e9is<\/h2>\n\n\n\n<figure class=\"gb-block-image gb-block-image-ab492934\"><img loading=\"lazy\" decoding=\"async\" width=\"1456\" height=\"816\" class=\"gb-image gb-image-ab492934\" src=\"https:\/\/www.sisinternational.com\/wp-content\/uploads\/2025\/08\/hotel-22.jpg\" alt=\"Pesquisa e Estrat\u00e9gia de Mercado Internacional da SIS\" title=\"hotel (22)\" srcset=\"https:\/\/www.sisinternational.com\/wp-content\/uploads\/2025\/08\/hotel-22.jpg 1456w, https:\/\/www.sisinternational.com\/wp-content\/uploads\/2025\/08\/hotel-22-300x168.jpg 300w, https:\/\/www.sisinternational.com\/wp-content\/uploads\/2025\/08\/hotel-22-1024x574.jpg 1024w, https:\/\/www.sisinternational.com\/wp-content\/uploads\/2025\/08\/hotel-22-768x430.jpg 768w, https:\/\/www.sisinternational.com\/wp-content\/uploads\/2025\/08\/hotel-22-18x10.jpg 18w\" sizes=\"auto, (max-width: 1456px) 100vw, 1456px\"><\/figure>\n\n\n\n<p><\/p>\n\n\n\n<p>Num setor t\u00e3o centrado no h\u00f3spede como o da hotelaria, compreender e otimizar a experi\u00eancia do cliente \u00e9 fundamental. A pesquisa de mercado de experi\u00eancia do cliente hoteleiro \u00e9 uma ferramenta crucial para hot\u00e9is que desejam prosperar em um cen\u00e1rio competitivo. Ao aprofundar-se na jornada e nas percep\u00e7\u00f5es do h\u00f3spede, esta forma de pesquisa oferece uma infinidade de benef\u00edcios para os hoteleiros, como:<\/p>\n\n\n\n<ul class=\"wp-block-list\">\n<li><strong>Maior satisfa\u00e7\u00e3o dos h\u00f3spedes:<\/strong> Ao compreender as necessidades, prefer\u00eancias e pontos problem\u00e1ticos dos h\u00f3spedes, os hot\u00e9is podem implementar mudan\u00e7as que levam a uma maior satisfa\u00e7\u00e3o dos h\u00f3spedes. O feedback pode identificar \u00e1reas onde o treinamento da equipe pode ser necess\u00e1rio ou onde os protocolos de servi\u00e7o podem ser melhorados, garantindo que os h\u00f3spedes recebam um servi\u00e7o consistente e de alta qualidade.<\/li>\n\n\n\n<li><strong>Aumento da receita:<\/strong> Uma melhor compreens\u00e3o das prefer\u00eancias dos h\u00f3spedes pode orientar estrat\u00e9gias de upsell e vendas cruzadas, levando a um aumento nos gastos por h\u00f3spede em servi\u00e7os como refei\u00e7\u00f5es, tratamentos de spa e upgrades de quartos. Al\u00e9m disso, o feedback pode destacar \u00e1reas de inefici\u00eancias operacionais, como processos lentos de check-in ou atrasos no servi\u00e7o de quarto, permitindo que a gest\u00e3o simplifique as opera\u00e7\u00f5es.<\/li>\n\n\n\n<li><strong>Lealdade e reten\u00e7\u00e3o:<\/strong> Ao agir com base nos insights das pesquisas de mercado, os hot\u00e9is podem aumentar a fidelidade dos h\u00f3spedes e reduzir os custos associados \u00e0 aquisi\u00e7\u00e3o de novos clientes. Al\u00e9m disso, informa\u00e7\u00f5es sobre dados demogr\u00e1ficos, prefer\u00eancias e comportamentos dos h\u00f3spedes podem orientar campanhas de marketing direcionadas, tornando-as mais eficazes e proporcionando um maior retorno do investimento.<\/li>\n\n\n\n<li><strong>Vantagem competitiva:<\/strong> Num mercado saturado, compreender as experi\u00eancias dos h\u00f3spedes pode destacar pontos de venda \u00fanicos e diferenciadores que diferenciam um hotel dos seus concorrentes. Com insights baseados em dados, os hoteleiros podem tomar decis\u00f5es mais informadas sobre renova\u00e7\u00f5es, acr\u00e9scimos de servi\u00e7os, implementa\u00e7\u00f5es de tecnologia e outros investimentos significativos.<\/li>\n\n\n\n<li><strong>Confian\u00e7a das partes interessadas:<\/strong> Para cadeias hoteleiras ou propriedades que procuram investidores, uma s\u00f3lida pesquisa de mercado pode fornecer dados que aumentam a confian\u00e7a das partes interessadas na dire\u00e7\u00e3o do neg\u00f3cio e na rentabilidade potencial.<\/li>\n<\/ul>\n\n\n\n<h2 class=\"wp-block-heading\">Fatores-chave que influenciam a experi\u00eancia do cliente em hot\u00e9is<\/h2>\n\n\n\n<p>V\u00e1rios fatores-chave contribuem para a experi\u00eancia geral do cliente nos hot\u00e9is. Ao compreender e priorizar estes fatores, os hot\u00e9is podem criar estrat\u00e9gias para superar as expectativas dos h\u00f3spedes e gerar avalia\u00e7\u00f5es positivas.<\/p>\n\n\n\n<ul class=\"wp-block-list\">\n<li><strong>Excel\u00eancia no Atendimento ao Cliente:<\/strong> O atendimento ao cliente \u00e9 uma pedra angular da ind\u00fastria hoteleira. Funcion\u00e1rios bem treinados, corteses e atenciosos podem ter um impacto significativo na satisfa\u00e7\u00e3o dos h\u00f3spedes. Um atendimento ao cliente eficaz inclui respostas r\u00e1pidas a perguntas, intera\u00e7\u00f5es personalizadas e uma disposi\u00e7\u00e3o de ir al\u00e9m para atender \u00e0s necessidades dos h\u00f3spedes.<\/li>\n\n\n\n<li><strong>Processos cont\u00ednuos de check-in e check-out:<\/strong> The check-in and check-out <a href=\"https:\/\/www.sisinternational.com\/pt\/b2b-customer-experience-the-ultimate-guide-to-building-loyalty-that-lasts\/\" title=\"B2B Customer Experience: The Ultimate Guide to Building Loyalty That Lasts\"  data-wpil-monitor-id=\"507\">experiences greatly influence guests&#8217; first and last<\/a> impressions of a hotel. Streamlining these processes, reducing waiting times, and offering self-check-in options can enhance the overall guest experience.<\/li>\n\n\n\n<li><strong>Acomoda\u00e7\u00f5es confort\u00e1veis:<\/strong> Quartos confort\u00e1veis e bem equipados s\u00e3o essenciais para uma experi\u00eancia positiva dos h\u00f3spedes. Limpeza, camas confort\u00e1veis, comodidades de qualidade e tecnologia funcional contribuem para a satisfa\u00e7\u00e3o dos h\u00f3spedes.<\/li>\n\n\n\n<li><strong>Experi\u00eancias gastron\u00f4micas:<\/strong> As ofertas de alimentos e bebidas s\u00e3o componentes cruciais da experi\u00eancia geral do hotel. Oferecer uma variedade de op\u00e7\u00f5es gastron\u00f4micas de alta qualidade, incluindo servi\u00e7o de quarto, restaurantes no local e op\u00e7\u00f5es de caf\u00e9 da manh\u00e3, pode impactar significativamente a satisfa\u00e7\u00e3o dos h\u00f3spedes.<\/li>\n\n\n\n<li><strong>Comunica\u00e7\u00e3o efetiva:<\/strong> Uma comunica\u00e7\u00e3o clara e eficaz entre o hotel e os h\u00f3spedes \u00e9 vital. Isso inclui fornecer informa\u00e7\u00f5es precisas sobre comodidades, servi\u00e7os e atra\u00e7\u00f5es locais do hotel. A utiliza\u00e7\u00e3o de plataformas digitais, como aplicativos m\u00f3veis ou tablets no quarto, pode facilitar a comunica\u00e7\u00e3o cont\u00ednua.<\/li>\n\n\n\n<li><strong>Personaliza\u00e7\u00e3o e Personaliza\u00e7\u00e3o:<\/strong> Os h\u00f3spedes apreciam experi\u00eancias personalizadas que atendem \u00e0s suas prefer\u00eancias individuais. Os hot\u00e9is podem aproveitar os dados dos h\u00f3spedes para oferecer recomenda\u00e7\u00f5es personalizadas, prefer\u00eancias de quarto e servi\u00e7os personalizados para criar uma estadia memor\u00e1vel e \u00fanica.<\/li>\n\n\n\n<li><strong>Custo-benef\u00edcio:<\/strong> Os h\u00f3spedes esperam valor pelo seu dinheiro, independentemente da categoria do hotel. Oferecer pre\u00e7os competitivos, faturamento transparente e entrega dos servi\u00e7os prometidos contribuem para a satisfa\u00e7\u00e3o dos h\u00f3spedes.<\/li>\n<\/ul>\n\n\n\n<h2 class=\"wp-block-heading\">Oportunidades em pesquisa de mercado de experi\u00eancia do cliente em hot\u00e9is<\/h2>\n\n\n\n<figure class=\"gb-block-image gb-block-image-9914a4d9\"><img loading=\"lazy\" decoding=\"async\" width=\"1456\" height=\"816\" class=\"gb-image gb-image-9914a4d9\" src=\"https:\/\/www.sisinternational.com\/wp-content\/uploads\/2025\/08\/hotel-13.jpg\" alt=\"Pesquisa e Estrat\u00e9gia de Mercado Internacional da SIS\" title=\"hotel (13)\" srcset=\"https:\/\/www.sisinternational.com\/wp-content\/uploads\/2025\/08\/hotel-13.jpg 1456w, https:\/\/www.sisinternational.com\/wp-content\/uploads\/2025\/08\/hotel-13-300x168.jpg 300w, https:\/\/www.sisinternational.com\/wp-content\/uploads\/2025\/08\/hotel-13-1024x574.jpg 1024w, https:\/\/www.sisinternational.com\/wp-content\/uploads\/2025\/08\/hotel-13-768x430.jpg 768w, https:\/\/www.sisinternational.com\/wp-content\/uploads\/2025\/08\/hotel-13-18x10.jpg 18w\" sizes=\"auto, (max-width: 1456px) 100vw, 1456px\"><\/figure>\n\n\n\n<p><\/p>\n\n\n\n<p>Hotel customer <a href=\"https:\/\/www.sisinternational.com\/pt\/financial-services-consulting\/financial-services-customer-satisfaction\/\" title=\"Financial Services Customer Satisfaction\"  data-wpil-monitor-id=\"7514\">experience market research<\/a> is more than just a tool to assess guest satisfaction; it&#8217;s a gateway to several opportunities for businesses in the hospitality sector. Therefore, by tapping into the rich insights offered by this research, businesses can position themselves for growth, innovation, and sustained success.<\/p>\n\n\n\n<h3 class=\"wp-block-heading\">Aqui est\u00e3o algumas das principais oportunidades reveladas pela pesquisa de mercado de experi\u00eancia do cliente em hot\u00e9is:<\/h3>\n\n\n\n<ul class=\"wp-block-list\">\n<li><strong>Inova\u00e7\u00e3o de produtos e servi\u00e7os:<\/strong> Ao compreender as prefer\u00eancias, necessidades e pontos problem\u00e1ticos dos h\u00f3spedes, as empresas podem desenvolver novos produtos ou servi\u00e7os adaptados para atender a essas necessidades. Isso pode variar desde a introdu\u00e7\u00e3o de controles de quarto baseados em tecnologia at\u00e9 a curadoria de experi\u00eancias locais exclusivas para os h\u00f3spedes.<\/li>\n\n\n\n<li><strong>Marketing e promo\u00e7\u00f5es direcionados:<\/strong> Os insights da pesquisa de mercado sobre a experi\u00eancia do cliente em hot\u00e9is permitem que as empresas refinem suas estrat\u00e9gias de marketing, garantindo que as campanhas tenham repercuss\u00e3o no p\u00fablico-alvo, levando a maiores convers\u00f5es e ROI.<\/li>\n\n\n\n<li><strong>Expans\u00e3o Estrat\u00e9gica:<\/strong> Para as empresas que pretendem expandir-se, esta pesquisa fornece dados sobre o que os potenciais h\u00f3spedes em novos mercados ou segmentos mais valorizam. Isso garante que as expans\u00f5es ou lan\u00e7amentos de novos im\u00f3veis se alinhem com as demandas do mercado.<\/li>\n\n\n\n<li><strong>Diversifica\u00e7\u00e3o do fluxo de receitas:<\/strong> Ao compreender as necessidades e prefer\u00eancias mais amplas dos h\u00f3spedes, os hot\u00e9is podem identificar oportunidades para introduzir fontes de receitas auxiliares, como programas de bem-estar, passeios organizados ou experi\u00eancias gastron\u00f3micas especializadas.<\/li>\n\n\n\n<li><strong>Experi\u00eancias digitais aprimoradas:<\/strong> \u00c0 medida que os pontos de contato digitais se tornam cada vez mais cruciais na jornada do h\u00f3spede, os insights das pesquisas de mercado podem orientar o desenvolvimento de aplicativos, sites e servi\u00e7os de concierge digitais f\u00e1ceis de usar.<\/li>\n\n\n\n<li><strong>Oportunidades de parceria e colabora\u00e7\u00e3o:<\/strong> Compreender os interesses e prefer\u00eancias dos h\u00f3spedes pode revelar oportunidades para parcerias estrat\u00e9gicas, seja com atra\u00e7\u00f5es locais, organizadores de eventos ou at\u00e9 mesmo empresas de tecnologia para melhorar a experi\u00eancia dos h\u00f3spedes.<\/li>\n<\/ul>","protected":false},"excerpt":{"rendered":"<p>Fornecer uma experi\u00eancia excepcional ao cliente \u00e9 crucial para que os hot\u00e9is se destaquem e prosperem. A pesquisa de mercado da experi\u00eancia do cliente em hot\u00e9is \u00e9 vital.<\/p>","protected":false},"author":1,"featured_media":63501,"parent":14514,"menu_order":389,"comment_status":"closed","ping_status":"closed","template":"","meta":{"footnotes":""},"class_list":["post-43777","page","type-page","status-publish","has-post-thumbnail"],"_links":{"self":[{"href":"https:\/\/www.sisinternational.com\/pt\/wp-json\/wp\/v2\/pages\/43777","targetHints":{"allow":["GET"]}}],"collection":[{"href":"https:\/\/www.sisinternational.com\/pt\/wp-json\/wp\/v2\/pages"}],"about":[{"href":"https:\/\/www.sisinternational.com\/pt\/wp-json\/wp\/v2\/types\/page"}],"author":[{"embeddable":true,"href":"https:\/\/www.sisinternational.com\/pt\/wp-json\/wp\/v2\/users\/1"}],"replies":[{"embeddable":true,"href":"https:\/\/www.sisinternational.com\/pt\/wp-json\/wp\/v2\/comments?post=43777"}],"version-history":[{"count":7,"href":"https:\/\/www.sisinternational.com\/pt\/wp-json\/wp\/v2\/pages\/43777\/revisions"}],"predecessor-version":[{"id":81141,"href":"https:\/\/www.sisinternational.com\/pt\/wp-json\/wp\/v2\/pages\/43777\/revisions\/81141"}],"up":[{"embeddable":true,"href":"https:\/\/www.sisinternational.com\/pt\/wp-json\/wp\/v2\/pages\/14514"}],"wp:featuredmedia":[{"embeddable":true,"href":"https:\/\/www.sisinternational.com\/pt\/wp-json\/wp\/v2\/media\/63501"}],"wp:attachment":[{"href":"https:\/\/www.sisinternational.com\/pt\/wp-json\/wp\/v2\/media?parent=43777"}],"curies":[{"name":"wp","href":"https:\/\/api.w.org\/{rel}","templated":true}]}}