{"id":43772,"date":"2023-10-10T18:17:23","date_gmt":"2023-10-10T22:17:23","guid":{"rendered":"https:\/\/www.sisinternational.com\/?page_id=43772"},"modified":"2026-03-12T13:17:10","modified_gmt":"2026-03-12T17:17:10","slug":"voz-da-pesquisa-de-mercado-do-cliente-sobre-alimentos-e-bebidas","status":"publish","type":"page","link":"https:\/\/www.sisinternational.com\/pt\/solucoes\/pesquisa-de-mercado-da-industria-de-bebidas-alimenticias\/voz-da-pesquisa-de-mercado-do-cliente-sobre-alimentos-e-bebidas\/","title":{"rendered":"Pesquisa de Mercado Voz do Cliente em Alimentos e Bebidas"},"content":{"rendered":"<h1 class=\"wp-block-heading\">Pesquisa de Mercado Voz do Cliente em Alimentos e Bebidas<\/h1>\n\n\n\n<figure class=\"gb-block-image gb-block-image-db011e8c\"><img loading=\"lazy\" decoding=\"async\" width=\"1456\" height=\"816\" class=\"gb-image gb-image-db011e8c\" src=\"https:\/\/www.sisinternational.com\/wp-content\/uploads\/2025\/10\/Hotel-restaurant-1.jpg\" alt=\"Pesquisa e Estrat\u00e9gia de Mercado Internacional da SIS\" title=\"Hotel restaurant (1)\" srcset=\"https:\/\/www.sisinternational.com\/wp-content\/uploads\/2025\/10\/Hotel-restaurant-1.jpg 1456w, https:\/\/www.sisinternational.com\/wp-content\/uploads\/2025\/10\/Hotel-restaurant-1-300x168.jpg 300w, https:\/\/www.sisinternational.com\/wp-content\/uploads\/2025\/10\/Hotel-restaurant-1-1024x574.jpg 1024w, https:\/\/www.sisinternational.com\/wp-content\/uploads\/2025\/10\/Hotel-restaurant-1-768x430.jpg 768w, https:\/\/www.sisinternational.com\/wp-content\/uploads\/2025\/10\/Hotel-restaurant-1-18x10.jpg 18w\" sizes=\"auto, (max-width: 1456px) 100vw, 1456px\"><\/figure>\n\n\n\n<p><\/p>\n\n\n\n<p>O mundo da gastronomia \u00e9 um dos setores mais competitivos para as empresas e \u00e9 fundamental ter uma vantagem para ter sucesso neste ambiente. Portanto, compreender as prefer\u00eancias e experi\u00eancias gastron\u00f4micas dos clientes \u00e9 fundamental \u2013 e a pesquisa de mercado da voz do cliente em alimentos e bebidas serve como uma ferramenta vital para os donos de restaurantes que buscam alinhar suas ofertas com a evolu\u00e7\u00e3o dos gostos e expectativas de sua clientela.<\/p>\n\n\n\n<h2 class=\"wp-block-heading\">O que \u00e9 a pesquisa de mercado da Voz do Cliente em Alimentos e Bebidas?<\/h2>\n\n\n\n<p>A pesquisa de mercado da voz do cliente em alimentos e bebidas \u00e9 uma forma especializada de pesquisa de mercado adaptada \u00e0s necessidades e nuances da ind\u00fastria aliment\u00edcia. Este feedback pode abranger diversos temas, desde o sabor e apresenta\u00e7\u00e3o dos pratos, o ambiente e ambiente do estabelecimento, at\u00e9 \u00e0 qualidade do servi\u00e7o prestado.<\/p>\n\n\n\n<p>Ao aproveitar a pesquisa de mercado, os donos de restaurantes obt\u00eam uma compreens\u00e3o mais profunda dos seus clientes, permitindo-lhes adaptar as suas ofertas de forma mais eficaz e garantir uma experi\u00eancia gastron\u00f3mica memor\u00e1vel.<\/p>\n\n\n\n<h2 class=\"wp-block-heading\">Benef\u00edcios da Pesquisa de Mercado Voz do Cliente em Alimentos e Bebidas<\/h2>\n\n\n\n<p>In the highly competitive food industry, understanding customer preferences is crucial for success. <a href=\"https:\/\/www.sisinternational.com\/pt\/pericia\/industrias\/pesquisa-de-mercado-de-alimentos-e-bebidas-para-jantar\/\" title=\"Pesquisa de mercado de alimentos e bebidas para jantares\"  data-wpil-monitor-id=\"7182\">Food and beverage voice of the customer<\/a> market research offers several benefits that can give restaurants a competitive edge:<\/p>\n\n\n\n<ul class=\"wp-block-list\">\n<li><strong>Insights profundos sobre as prefer\u00eancias do cliente:<\/strong> A pesquisa de mercado da voz do cliente em alimentos e bebidas oferece uma linha direta com a mente do cliente. Por meio de pesquisas e m\u00e9todos de coleta de feedback, os restaurantes podem discernir pratos espec\u00edficos que agradam ao seu p\u00fablico, ingredientes que podem estar polarizando ou cozinhas que est\u00e3o ganhando for\u00e7a. Esta vis\u00e3o ajuda os restaurantes a tomar decis\u00f5es informadas sobre as ofertas do seu menu, garantindo que atendem \u00e0s prefer\u00eancias do seu p\u00fablico-alvo.<\/li>\n\n\n\n<li><strong>Melhorando a experi\u00eancia gastron\u00f4mica:<\/strong> Al\u00e9m do menu, o feedback sobre o ambiente, a m\u00fasica, a disposi\u00e7\u00e3o dos assentos e at\u00e9 a ilumina\u00e7\u00e3o s\u00e3o essenciais. Essas percep\u00e7\u00f5es garantem que os clientes n\u00e3o apenas desfrutem de sua refei\u00e7\u00e3o, mas tamb\u00e9m estejam imersos em uma experi\u00eancia gastron\u00f4mica hol\u00edstica, adaptada \u00e0s suas prefer\u00eancias. Ao criar uma experi\u00eancia gastron\u00f3mica memor\u00e1vel, os restaurantes podem fidelizar os clientes e atrair novos neg\u00f3cios.<\/li>\n\n\n\n<li><strong>Construindo Lealdade:<\/strong> Quando os clientes veem seu feedback sendo atendido, isso promove um sentimento de lealdade e conex\u00e3o. Reconhecem que as suas opini\u00f5es s\u00e3o valorizadas, o que os torna mais propensos a regressar e a recomendar o estabelecimento a outros.<\/li>\n\n\n\n<li><strong>Decis\u00f5es Estrat\u00e9gicas de Neg\u00f3cios:<\/strong> Os propriet\u00e1rios de restaurantes podem tomar decis\u00f5es informadas sobre potenciais expans\u00f5es, reformula\u00e7\u00f5es de card\u00e1pio ou eventos promocionais. Ao analisar o feedback dos clientes e as tend\u00eancias do mercado, os donos de restaurantes podem identificar oportunidades de crescimento e adaptar as suas estrat\u00e9gias em conformidade. Isso reduz as suposi\u00e7\u00f5es e os riscos financeiros associados a tais decis\u00f5es, levando a resultados de neg\u00f3cios mais bem-sucedidos.<\/li>\n\n\n\n<li><strong>Gest\u00e3o de reputa\u00e7\u00e3o:<\/strong> Consistent <a href=\"https:\/\/www.sisinternational.com\/pt\/pericia\/industrias\/pesquisa-de-mercado-de-reputacao\/\" title=\"Pesquisa de mercado de reputa\u00e7\u00e3o\"  data-wpil-monitor-id=\"4087\">food and beverage voice of the customer<\/a> market research ensures that restaurateurs are attuned to customer sentiments, enabling proactive measures to maintain a positive public image. By addressing any concerns or issues raised by customers, restaurants can mitigate negative reviews and build a strong online reputation.<\/li>\n<\/ul>\n\n\n\n<h2 class=\"wp-block-heading\">Tend\u00eancias atuais e tecnologia aplicada em alimentos e bebidas Pesquisa de mercado Voice of the Customer<\/h2>\n\n\n\n<figure class=\"gb-block-image gb-block-image-2f0f5970\"><img loading=\"lazy\" decoding=\"async\" width=\"1456\" height=\"816\" class=\"gb-image gb-image-2f0f5970\" src=\"https:\/\/www.sisinternational.com\/wp-content\/uploads\/2025\/10\/taste-testing-7.jpg\" alt=\"Pesquisa e Estrat\u00e9gia de Mercado Internacional da SIS\" title=\"taste testing (7)\" srcset=\"https:\/\/www.sisinternational.com\/wp-content\/uploads\/2025\/10\/taste-testing-7.jpg 1456w, https:\/\/www.sisinternational.com\/wp-content\/uploads\/2025\/10\/taste-testing-7-300x168.jpg 300w, https:\/\/www.sisinternational.com\/wp-content\/uploads\/2025\/10\/taste-testing-7-1024x574.jpg 1024w, https:\/\/www.sisinternational.com\/wp-content\/uploads\/2025\/10\/taste-testing-7-768x430.jpg 768w, https:\/\/www.sisinternational.com\/wp-content\/uploads\/2025\/10\/taste-testing-7-18x10.jpg 18w\" sizes=\"auto, (max-width: 1456px) 100vw, 1456px\"><\/figure>\n\n\n\n<p><\/p>\n\n\n\n<p>A pesquisa de mercado da voz do cliente em alimentos e bebidas est\u00e1 em constante evolu\u00e7\u00e3o para acompanhar as mudan\u00e7as nas prefer\u00eancias e comportamentos dos clientes. Aqui est\u00e3o algumas tend\u00eancias e tecnologias atuais que est\u00e3o sendo aplicadas neste campo:<\/p>\n\n\n\n<ul class=\"wp-block-list\">\n<li><strong>Pesquisas m\u00f3veis e aplicativos de feedback:<\/strong> Com o uso generalizado de smartphones, os restaurantes utilizam cada vez mais pesquisas m\u00f3veis e aplicativos de feedback para coletar feedback dos clientes em tempo real. Essas ferramentas permitem que os clientes forne\u00e7am feedback de maneira conveniente e instant\u00e2nea, aumentando a precis\u00e3o e a oportunidade da coleta de dados.<\/li>\n\n\n\n<li><strong>Escuta nas redes sociais:<\/strong> As plataformas de m\u00eddia social fornecem uma riqueza de informa\u00e7\u00f5es sobre as prefer\u00eancias e sentimentos dos clientes. Os restaurantes est\u00e3o aproveitando as ferramentas de escuta das redes sociais para monitorar conversas online e coletar insights sobre a reputa\u00e7\u00e3o de sua marca, prefer\u00eancias de menu e tend\u00eancias gastron\u00f4micas emergentes. Essas informa\u00e7\u00f5es os ajudam a adaptar suas ofertas e estrat\u00e9gias de marketing para melhor atender seu p\u00fablico-alvo.<\/li>\n\n\n\n<li><strong>An\u00e1lise de revis\u00e3o on-line:<\/strong> As avalia\u00e7\u00f5es online se tornaram uma ferramenta poderosa para os clientes compartilharem suas experi\u00eancias gastron\u00f4micas. Os restaurantes est\u00e3o empregando ferramentas de an\u00e1lise de sentimento para analisar e extrair insights de avalia\u00e7\u00f5es online. Ao compreender os sentimentos expressos pelos clientes, os restaurantes podem identificar \u00e1reas de melhoria e tomar medidas proativas para resolver quaisquer problemas.<\/li>\n<\/ul>\n\n\n\n<h2 class=\"wp-block-heading\">Oportunidades em Pesquisa de Mercado Food Voice of the Customer para Empresas<\/h2>\n\n\n\n<p>A crescente ind\u00fastria alimentar apresenta v\u00e1rias oportunidades para as empresas aproveitarem. Estas s\u00e3o algumas das oportunidades mais importantes para empresas neste setor:<\/p>\n\n\n\n<ul class=\"wp-block-list\">\n<li><strong>Otimiza\u00e7\u00e3o de Menu:<\/strong> Em vez de depender de tentativa e erro, os restaurantes podem utilizar dados de pesquisas para ajustar seus card\u00e1pios. Ao introduzir pratos que atendem \u00e0s tend\u00eancias emergentes e eliminar gradualmente pratos de baixo desempenho, os restaurantes podem otimizar as suas ofertas de menu para atender \u00e0s expectativas dos clientes e aumentar a rentabilidade.<\/li>\n\n\n\n<li><strong>Estrat\u00e9gias baseadas em localiza\u00e7\u00e3o:<\/strong> For chains or franchises considering expansion, food and beverage <a href=\"https:\/\/www.sisinternational.com\/pt\/global-beverage-market\/\" title=\"Global Beverage Market: Market Dynamics, Growth Projections &amp; Consumer Insights\"  data-wpil-monitor-id=\"1107\">voice of the customer market research<\/a> can provide insights into geographical preferences. By understanding which locations resonate most with their target audience, businesses can strategically select locations where their offerings are most likely to succeed.<\/li>\n\n\n\n<li><strong>Efici\u00eancias Operacionais:<\/strong> O feedback sobre o desempenho do pessoal, os tempos de espera ou os sistemas de reservas podem levar a melhores estrat\u00e9gias operacionais, \u00e0 otimiza\u00e7\u00e3o de recursos e \u00e0 melhoria da qualidade geral do servi\u00e7o. Ao simplificar as opera\u00e7\u00f5es com base no feedback dos clientes, os restaurantes podem melhorar a efici\u00eancia e proporcionar uma experi\u00eancia gastron\u00f3mica perfeita.<\/li>\n\n\n\n<li><strong>Programas de fidelidade e promo\u00e7\u00f5es:<\/strong> A pesquisa de mercado pode esclarecer quais recompensas ou promo\u00e7\u00f5es t\u00eam maior repercuss\u00e3o entre os clientes. Ao compreender suas prefer\u00eancias, as empresas podem criar programas de fidelidade e ofertas promocionais que realmente atraiam e retenham os clientes, impulsionando a fidelidade dos clientes e a repeti\u00e7\u00e3o de neg\u00f3cios.<\/li>\n\n\n\n<li><strong>Envolvendo-se com a Gera\u00e7\u00e3o Digital:<\/strong> With a growing number of diners relying on online reviews and platforms for their dining decisions, insights from <a href=\"https:\/\/www.sisinternational.com\/pt\/pericia\/industrias\/pesquisa-de-mercado-de-entrega-de-comida-on-line\/\" title=\"Pesquisa de mercado de entrega de alimentos on-line\"  data-wpil-monitor-id=\"5667\">food and beverage voice of the customer<\/a> market research can guide businesses in enhancing their online presence. By optimizing their website, engaging with social media platforms, and partnering with food bloggers and influencers, restaurants can reach their target audience more effectively and attract new customers.<\/li>\n<\/ul>\n\n\n\n<h2 class=\"wp-block-heading\">Desafios na Pesquisa de Mercado Voice of the Customer de Alimentos e Bebidas para Empresas<\/h2>\n\n\n\n<figure class=\"gb-block-image gb-block-image-c7c462b4\"><img loading=\"lazy\" decoding=\"async\" width=\"1456\" height=\"816\" class=\"gb-image gb-image-c7c462b4\" src=\"https:\/\/www.sisinternational.com\/wp-content\/uploads\/2025\/10\/restaurantr-employee-3.jpg\" alt=\"Pesquisa e Estrat\u00e9gia de Mercado Internacional da SIS\" title=\"restaurantr employee (3)\" srcset=\"https:\/\/www.sisinternational.com\/wp-content\/uploads\/2025\/10\/restaurantr-employee-3.jpg 1456w, https:\/\/www.sisinternational.com\/wp-content\/uploads\/2025\/10\/restaurantr-employee-3-300x168.jpg 300w, https:\/\/www.sisinternational.com\/wp-content\/uploads\/2025\/10\/restaurantr-employee-3-1024x574.jpg 1024w, https:\/\/www.sisinternational.com\/wp-content\/uploads\/2025\/10\/restaurantr-employee-3-768x430.jpg 768w, https:\/\/www.sisinternational.com\/wp-content\/uploads\/2025\/10\/restaurantr-employee-3-18x10.jpg 18w\" sizes=\"auto, (max-width: 1456px) 100vw, 1456px\"><\/figure>\n\n\n\n<p><\/p>\n\n\n\n<p>Embora esta pesquisa de mercado ofere\u00e7a informa\u00e7\u00f5es valiosas, existem v\u00e1rios desafios que as empresas podem enfrentar ao conduzir este tipo de pesquisa:<\/p>\n\n\n\n<ul class=\"wp-block-list\">\n<li><strong>Baixas taxas de resposta:<\/strong> Um dos principais desafios na pesquisa de mercado de voz do cliente em alimentos e bebidas \u00e9 a taxa de participa\u00e7\u00e3o, muitas vezes baixa. Os clientes podem relutar em preencher pesquisas ou fornecer feedback, deixando as empresas com dados limitados para an\u00e1lise. Para mitigar este desafio, os restaurantes podem incentivar a participa\u00e7\u00e3o oferecendo descontos ou recompensas pelo preenchimento de inqu\u00e9ritos.<\/li>\n\n\n\n<li><strong>Implementando Mudan\u00e7as:<\/strong> Embora a coleta de feedback seja uma faceta da pesquisa de mercado de alimentos e bebidas do cliente, a implementa\u00e7\u00e3o de mudan\u00e7as com base nesse feedback apresenta seu pr\u00f3prio conjunto de desafios. Equilibrar entre atender ao feedback e manter a ess\u00eancia do restaurante pode ser um ato delicado. \u00c9 importante que as empresas avaliem cuidadosamente o feedback e tomem decis\u00f5es estrat\u00e9gicas que se alinhem com a identidade da sua marca e o mercado-alvo.<\/li>\n\n\n\n<li><strong>Nuances Culturais e Regionais:<\/strong> O feedback pode diferir muito com base nas prefer\u00eancias culturais ou regionais. Para cadeias que operam em regi\u00f5es ou pa\u00edses, padronizar ofertas com base em feedback variado pode ser um desafio. As empresas devem considerar cuidadosamente as nuances culturais e regionais para garantir que adaptam as suas ofertas de forma adequada, sem comprometer a integridade da sua marca.<\/li>\n<\/ul>\n\n\n\n<h2 class=\"wp-block-heading\">Perspectivas Futuras da Pesquisa de Mercado Voice of the Customer de Alimentos e Bebidas<\/h2>\n\n\n\n<p>A ind\u00fastria aliment\u00edcia est\u00e1 em constante evolu\u00e7\u00e3o, assim como o campo de alimentos e bebidas, a voz da pesquisa de mercado do cliente. Aqui est\u00e3o algumas tend\u00eancias emergentes e perspectivas futuras:<\/p>\n\n\n\n<ul class=\"wp-block-list\">\n<li><strong>Pesquisas de Realidade Virtual (VR) e Realidade Aumentada (AR):<\/strong> \u00c0 medida que as tecnologias de VR e AR se tornam mais acess\u00edveis, elas podem ser utilizadas para experi\u00eancias de pesquisa mais imersivas. Essas tecnologias podem permitir que os consumidores forne\u00e7am feedback sobre demonstra\u00e7\u00f5es virtuais de card\u00e1pios, layouts de restaurantes ou at\u00e9 mesmo experi\u00eancias de teste de sabor. Ao incorporar pesquisas de VR e AR, as empresas podem obter feedback mais detalhado e realista dos clientes.<\/li>\n\n\n\n<li><strong>Integra\u00e7\u00e3o com m\u00eddias sociais:<\/strong> \u00c0 medida que as redes sociais continuam a influenciar as escolhas gastron\u00f3micas, a sua integra\u00e7\u00e3o com a voz da pesquisa de mercado do cliente em alimentos e bebidas tornar-se-\u00e1 mais profunda. Os restaurantes podem buscar feedback diretamente em plataformas como Instagram, TikTok ou Facebook, explorando sua base de usu\u00e1rios e interagindo com os clientes onde eles passam seu tempo online.<\/li>\n\n\n\n<li><strong>Experi\u00eancias de pesquisa personalizadas:<\/strong> Usando a an\u00e1lise de dados, as pesquisas futuras ser\u00e3o mais personalizadas, levantando quest\u00f5es relevantes para a experi\u00eancia espec\u00edfica do cliente. Ao adaptar as pesquisas \u00e0s prefer\u00eancias e h\u00e1bitos alimentares individuais, as empresas podem garantir maior envolvimento e feedback mais preciso. Experi\u00eancias de pesquisa personalizadas permitem que as empresas re\u00fanam insights mais granulares e fa\u00e7am melhorias direcionadas.<\/li>\n<\/ul>","protected":false},"excerpt":{"rendered":"<p>A pesquisa de mercado da voz do cliente em alimentos e bebidas \u00e9 vital para que os donos de restaurantes se alinhem com a evolu\u00e7\u00e3o dos gostos e expectativas.<\/p>","protected":false},"author":1,"featured_media":70814,"parent":22018,"menu_order":387,"comment_status":"closed","ping_status":"closed","template":"","meta":{"footnotes":""},"class_list":["post-43772","page","type-page","status-publish","has-post-thumbnail"],"_links":{"self":[{"href":"https:\/\/www.sisinternational.com\/pt\/wp-json\/wp\/v2\/pages\/43772","targetHints":{"allow":["GET"]}}],"collection":[{"href":"https:\/\/www.sisinternational.com\/pt\/wp-json\/wp\/v2\/pages"}],"about":[{"href":"https:\/\/www.sisinternational.com\/pt\/wp-json\/wp\/v2\/types\/page"}],"author":[{"embeddable":true,"href":"https:\/\/www.sisinternational.com\/pt\/wp-json\/wp\/v2\/users\/1"}],"replies":[{"embeddable":true,"href":"https:\/\/www.sisinternational.com\/pt\/wp-json\/wp\/v2\/comments?post=43772"}],"version-history":[{"count":8,"href":"https:\/\/www.sisinternational.com\/pt\/wp-json\/wp\/v2\/pages\/43772\/revisions"}],"predecessor-version":[{"id":80745,"href":"https:\/\/www.sisinternational.com\/pt\/wp-json\/wp\/v2\/pages\/43772\/revisions\/80745"}],"up":[{"embeddable":true,"href":"https:\/\/www.sisinternational.com\/pt\/wp-json\/wp\/v2\/pages\/22018"}],"wp:featuredmedia":[{"embeddable":true,"href":"https:\/\/www.sisinternational.com\/pt\/wp-json\/wp\/v2\/media\/70814"}],"wp:attachment":[{"href":"https:\/\/www.sisinternational.com\/pt\/wp-json\/wp\/v2\/media?parent=43772"}],"curies":[{"name":"wp","href":"https:\/\/api.w.org\/{rel}","templated":true}]}}