{"id":43741,"date":"2023-10-04T21:56:26","date_gmt":"2023-10-05T01:56:26","guid":{"rendered":"https:\/\/www.sisinternational.com\/?page_id=43741"},"modified":"2026-01-25T18:11:42","modified_gmt":"2026-01-25T23:11:42","slug":"pesquisa-de-mercado-de-baterias-mev","status":"publish","type":"page","link":"https:\/\/www.sisinternational.com\/pt\/pericia\/pesquisa-de-mercado-de-baterias-mev\/","title":{"rendered":"Pesquisa de mercado de baterias MEV"},"content":{"rendered":"<h1 class=\"wp-block-heading\">Pesquisa de mercado de baterias MEV<\/h1>\n\n\n\n<figure class=\"gb-block-image gb-block-image-3a7f3545\"><img loading=\"lazy\" decoding=\"async\" width=\"1456\" height=\"816\" class=\"gb-image gb-image-3a7f3545\" src=\"https:\/\/www.sisinternational.com\/wp-content\/uploads\/2025\/08\/Electric-vehicle-17.jpg\" alt=\"Pesquisa e Estrat\u00e9gia de Mercado Internacional da SIS\" title=\"Electric vehicle (17)\" srcset=\"https:\/\/www.sisinternational.com\/wp-content\/uploads\/2025\/08\/Electric-vehicle-17.jpg 1456w, https:\/\/www.sisinternational.com\/wp-content\/uploads\/2025\/08\/Electric-vehicle-17-300x168.jpg 300w, https:\/\/www.sisinternational.com\/wp-content\/uploads\/2025\/08\/Electric-vehicle-17-1024x574.jpg 1024w, https:\/\/www.sisinternational.com\/wp-content\/uploads\/2025\/08\/Electric-vehicle-17-768x430.jpg 768w, https:\/\/www.sisinternational.com\/wp-content\/uploads\/2025\/08\/Electric-vehicle-17-18x10.jpg 18w\" sizes=\"auto, (max-width: 1456px) 100vw, 1456px\"><\/figure>\n\n\n\n<p><\/p>\n\n\n\n<p>Voc\u00ea j\u00e1 se perguntou o que impulsiona a revolu\u00e7\u00e3o silenciosa em nossas estradas? Os ve\u00edculos el\u00e9tricos h\u00edbridos moderados (MEVs) est\u00e3o mudando o jogo, preenchendo perfeitamente a lacuna entre os ve\u00edculos convencionais e seus equivalentes totalmente el\u00e9tricos. Mas, para realmente compreender e aproveitar este mercado, as empresas confiam na pesquisa de mercado de baterias MEV para compreender as complexidades da tecnologia, identificar a din\u00e2mica do mercado e prever trajet\u00f3rias futuras.<\/p>\n\n\n\n<h2 class=\"wp-block-heading\">O que \u00e9 pesquisa de mercado de baterias MEV?<\/h2>\n\n\n\n<p>MEV <a class=\"wpil_keyword_link\" href=\"https:\/\/www.sisinternational.com\/pt\/pericia\/industrias\/pesquisa-de-mercado-de-baterias\/\"   title=\"Pesquisa de mercado de baterias\" data-wpil-keyword-link=\"linked\"  data-wpil-monitor-id=\"315\">pesquisa de mercado de baterias<\/a> is a systematic study to understand the nuances of the battery systems used in MEVs. Unlike fully electric vehicles that rely solely on batteries for propulsion, MEVs utilize a combination of traditional combustion engines and electric systems, with batteries playing a pivotal role in enhancing fuel efficiency and reducing emissions.<\/p>\n\n\n\n<h3 class=\"wp-block-heading\">A ess\u00eancia da pesquisa de mercado de baterias MEV reside em:<\/h3>\n\n\n\n<p>Din\u00e2mica de Mercado: Analisar a din\u00e2mica da demanda e da oferta, compreender os fatores que influenciam o crescimento do mercado e avaliar o potencial de expans\u00e3o futura.<\/p>\n\n\n\n<ul class=\"wp-block-list\">\n<li><strong>Prefer\u00eancias do Consumidor:<\/strong> Investigando os comportamentos, prefer\u00eancias e padr\u00f5es de compra do consumidor. Compreender o que leva os consumidores a optarem por MEVs e o papel que as baterias desempenham nestas decis\u00f5es.<\/li>\n\n\n\n<li><strong>Analise competitiva:<\/strong> Examinar os principais players do mercado, suas ofertas, participa\u00e7\u00f5es de mercado, estrat\u00e9gias e prever poss\u00edveis mudan\u00e7as no dom\u00ednio do mercado.<\/li>\n\n\n\n<li><strong>Cen\u00e1rio Regulat\u00f3rio:<\/strong> Compreender as estruturas regulat\u00f3rias globais e regionais que influenciam as especifica\u00e7\u00f5es, produ\u00e7\u00e3o e implanta\u00e7\u00e3o de baterias em MEVs.<\/li>\n\n\n\n<li><strong>Fatores ECONOMICOS:<\/strong> Estudar estruturas de custos, estrat\u00e9gias de pre\u00e7os, oportunidades de investimento e potenciais obst\u00e1culos financeiros na produ\u00e7\u00e3o e comercializa\u00e7\u00e3o de baterias MEV.<\/li>\n<\/ul>\n\n\n\n<h2 class=\"wp-block-heading\">Import\u00e2ncia da pesquisa de mercado de baterias MEV<\/h2>\n\n\n\n<figure class=\"gb-block-image gb-block-image-1272200a\"><img loading=\"lazy\" decoding=\"async\" width=\"1456\" height=\"816\" class=\"gb-image gb-image-1272200a\" src=\"https:\/\/www.sisinternational.com\/wp-content\/uploads\/2025\/08\/Electric-vehicle-13.jpg\" alt=\"Pesquisa e Estrat\u00e9gia de Mercado Internacional da SIS\" title=\"Electric vehicle (13)\" srcset=\"https:\/\/www.sisinternational.com\/wp-content\/uploads\/2025\/08\/Electric-vehicle-13.jpg 1456w, https:\/\/www.sisinternational.com\/wp-content\/uploads\/2025\/08\/Electric-vehicle-13-300x168.jpg 300w, https:\/\/www.sisinternational.com\/wp-content\/uploads\/2025\/08\/Electric-vehicle-13-1024x574.jpg 1024w, https:\/\/www.sisinternational.com\/wp-content\/uploads\/2025\/08\/Electric-vehicle-13-768x430.jpg 768w, https:\/\/www.sisinternational.com\/wp-content\/uploads\/2025\/08\/Electric-vehicle-13-18x10.jpg 18w\" sizes=\"auto, (max-width: 1456px) 100vw, 1456px\"><\/figure>\n\n\n\n<p><\/p>\n\n\n\n<p>MEV <a href=\"https:\/\/www.sisinternational.com\/pt\/pericia\/pesquisa-de-mercado-de-baterias-lfp\/\" title=\"Pesquisa de mercado de baterias LFP\"  data-wpil-monitor-id=\"11421\">pesquisa de mercado de baterias<\/a> plays a central role in understanding the market \u2013 and here&#8217;s why it is so important for stakeholders:<\/p>\n\n\n\n<ul class=\"wp-block-list\">\n<li><strong>Impulsionando a inova\u00e7\u00e3o:<\/strong> By identifying current technological limitations and gauging consumer preferences, <a href=\"https:\/\/www.sisinternational.com\/pt\/pericia\/industrias\/pesquisa-de-mercado-de-transporte-de-combustivel\/\" title=\"Pesquisa de mercado de transporte de combust\u00edvel\"  data-wpil-monitor-id=\"3374\">market research fuels<\/a> innovation. It highlights areas where R&amp;D can potentially lead to breakthroughs, ensuring battery technologies evolve to meet market demands.<\/li>\n\n\n\n<li><strong>Posicionamento estrat\u00e9gico:<\/strong> Compreender a din\u00e2mica do mercado, os cen\u00e1rios competitivos e as proje\u00e7\u00f5es futuras permite que as empresas posicionem os seus produtos e estrat\u00e9gias de forma otimizada. Permite-lhes capturar quotas de mercado, identificar segmentos de nicho e prever tend\u00eancias emergentes.<\/li>\n\n\n\n<li><strong>Gerenciamento de riscos:<\/strong> O setor autom\u00f3vel est\u00e1 repleto de desafios, desde a flutua\u00e7\u00e3o dos pre\u00e7os das mat\u00e9rias-primas at\u00e9 \u00e0 evolu\u00e7\u00e3o dos quadros regulamentares. A pesquisa de mercado ajuda a identificar riscos potenciais desde o in\u00edcio, permitindo que as partes interessadas elaborem estrat\u00e9gias de mitiga\u00e7\u00e3o e se adaptem em conformidade.<\/li>\n\n\n\n<li><strong>Investimento informado:<\/strong> For investors, this <a href=\"https:\/\/www.sisinternational.com\/pt\/pericia\/industrias\/pesquisa-de-mercado-de-bioinformatica\/\" title=\"Pesquisa de mercado de bioinform\u00e1tica\"  data-wpil-monitor-id=\"4680\">pesquisar<\/a> provides a clear picture of the market&#8217;s potential, guiding them on where, when, and how to invest. By spotlighting growth areas and flagging potential pitfalls, it ensures investment decisions are grounded in robust data.<\/li>\n\n\n\n<li><strong>Abordagem Centrada no Consumidor:<\/strong> A pesquisa de mercado de baterias MEV fornece insights profundos sobre as prefer\u00eancias, comportamentos e pontos problem\u00e1ticos do consumidor. Isso garante que as ofertas de produtos sejam adaptadas para repercutir no p\u00fablico-alvo, aumentando as taxas de aceita\u00e7\u00e3o e ado\u00e7\u00e3o.<\/li>\n\n\n\n<li><strong>Prepara\u00e7\u00e3o Futura:<\/strong> Atrav\u00e9s da pesquisa de mercado de baterias MEV, as partes interessadas podem manter-se \u00e0 frente da curva, preparando-se para mudan\u00e7as futuras e capitalizando as oportunidades \u00e0 medida que estas surgem.<\/li>\n<\/ul>\n\n\n\n<h2 class=\"wp-block-heading\">Principais participantes do mercado de baterias MEV<\/h2>\n\n\n\n<p>O mercado de baterias MEV apresenta uma mistura de gigantes bem estabelecidos e inovadores emergentes. Esses atores-chave impulsionam avan\u00e7os, moldam tend\u00eancias do setor e definem o cen\u00e1rio competitivo. Aqui est\u00e1 um resumo de algumas empresas not\u00e1veis na \u00e1rea de baterias MEV:<\/p>\n\n\n\n<ul class=\"wp-block-list\">\n<li><strong>LG Qu\u00edmica:<\/strong> Com sede na Coreia do Sul, a LG Chem \u00e9 l\u00edder global na produ\u00e7\u00e3o de baterias de \u00edons de l\u00edtio para ve\u00edculos el\u00e9tricos, incluindo MEVs. Sua experi\u00eancia abrange pesquisa, desenvolvimento e produ\u00e7\u00e3o em larga escala.<\/li>\n\n\n\n<li><strong>Panasonic:<\/strong> Em parceria com grandes fabricantes de autom\u00f3veis como a Tesla, a Panasonic estabeleceu-se como um nome formid\u00e1vel no dom\u00ednio das baterias EV e MEV. Suas baterias s\u00e3o conhecidas pela confiabilidade e desempenho.<\/li>\n\n\n\n<li><strong>SDI Samsung:<\/strong> Outra gigante sul-coreana, a Samsung SDI, tem expandido os limites da tecnologia de baterias. Os seus avan\u00e7os na densidade de energia e nos tempos de carregamento s\u00e3o particularmente relevantes para o segmento MEV.<\/li>\n\n\n\n<li><strong>Inova\u00e7\u00e3o SK:<\/strong> Uma pot\u00eancia emergente, a SK Innovation tem expandido constantemente as suas capacidades de produ\u00e7\u00e3o de baterias. Seu foco na sustentabilidade e em baterias de alto desempenho a torna um nome not\u00e1vel no mercado de baterias MEV.<\/li>\n<\/ul>\n\n\n\n<h2 class=\"wp-block-heading\">Oportunidades reveladas pela pesquisa de mercado de baterias MEV<\/h2>\n\n\n\n<figure class=\"gb-block-image gb-block-image-f67fe4ec\"><img loading=\"lazy\" decoding=\"async\" width=\"1456\" height=\"816\" class=\"gb-image gb-image-f67fe4ec\" src=\"https:\/\/www.sisinternational.com\/wp-content\/uploads\/2025\/08\/Electric-vehicle-16.jpg\" alt=\"Pesquisa e Estrat\u00e9gia de Mercado Internacional da SIS\" title=\"Electric vehicle (16)\" srcset=\"https:\/\/www.sisinternational.com\/wp-content\/uploads\/2025\/08\/Electric-vehicle-16.jpg 1456w, https:\/\/www.sisinternational.com\/wp-content\/uploads\/2025\/08\/Electric-vehicle-16-300x168.jpg 300w, https:\/\/www.sisinternational.com\/wp-content\/uploads\/2025\/08\/Electric-vehicle-16-1024x574.jpg 1024w, https:\/\/www.sisinternational.com\/wp-content\/uploads\/2025\/08\/Electric-vehicle-16-768x430.jpg 768w, https:\/\/www.sisinternational.com\/wp-content\/uploads\/2025\/08\/Electric-vehicle-16-18x10.jpg 18w\" sizes=\"auto, (max-width: 1456px) 100vw, 1456px\"><\/figure>\n\n\n\n<p><\/p>\n\n\n\n<p>O crescimento e o dinamismo do mercado de baterias MEV apresentam diversas oportunidades. Ao aproveitar a pesquisa de mercado, empresas, investidores e outras partes interessadas podem descobrir essas joias escondidas. Aqui est\u00e1 um vislumbre das oportunidades potenciais desta pesquisa:<\/p>\n\n\n\n<ul class=\"wp-block-list\">\n<li><strong>Mercados emergentes:<\/strong> Embora os mercados maduros possam ter intervenientes e bases de consumidores estabelecidos, os mercados emergentes det\u00eam frequentemente um potencial inexplorado. A pesquisa de mercado de baterias MEV pode destacar pa\u00edses ou regi\u00f5es onde os MEVs est\u00e3o ganhando for\u00e7a, oferecendo vantagens de entrada antecipada.<\/li>\n\n\n\n<li><strong>Avan\u00e7os tecnol\u00f3gicos:<\/strong> A pesquisa cont\u00ednua muitas vezes leva \u00e0 descoberta de novos produtos qu\u00edmicos para baterias, densidades de energia aprimoradas ou solu\u00e7\u00f5es de carregamento mais r\u00e1pidas. Ao acompanhar essas inova\u00e7\u00f5es, os fabricantes podem integrar tecnologia de ponta em suas ofertas.<\/li>\n\n\n\n<li><strong>Iniciativas de Sustentabilidade:<\/strong> Com um impulso global em dire\u00e7\u00e3o a solu\u00e7\u00f5es mais ecol\u00f3gicas, h\u00e1 uma procura crescente por baterias ecol\u00f3gicas. A pesquisa de mercado de baterias MEV pode ajudar as empresas a analisar processos de fabrica\u00e7\u00e3o sustent\u00e1veis, oportunidades de reciclagem e ado\u00e7\u00e3o de materiais renov\u00e1veis.<\/li>\n\n\n\n<li><strong>Parcerias e Colabora\u00e7\u00f5es:<\/strong> A investiga\u00e7\u00e3o pode revelar potenciais sinergias entre fabricantes de baterias, produtores de ve\u00edculos e at\u00e9 empresas de tecnologia. Estas colabora\u00e7\u00f5es podem acelerar a I&amp;D, otimizar as cadeias de abastecimento e expandir o alcance do mercado.<\/li>\n\n\n\n<li><strong>Solu\u00e7\u00f5es personalizadas:<\/strong> Diferentes mercados podem ter necessidades variadas com base no clima, nos padr\u00f5es de condu\u00e7\u00e3o e na infraestrutura. A pesquisa de mercado de baterias MEV pode orientar as empresas na adapta\u00e7\u00e3o de seus produtos para atender \u00e0s demandas regionais espec\u00edficas.<\/li>\n\n\n\n<li><strong>Incentivos Regulat\u00f3rios:<\/strong> Muitos governos oferecem incentivos para solu\u00e7\u00f5es automotivas sustent\u00e1veis. Uma investiga\u00e7\u00e3o abrangente pode destacar estes benef\u00edcios, permitindo que as empresas capitalizem isen\u00e7\u00f5es fiscais, subven\u00e7\u00f5es ou subs\u00eddios.<\/li>\n\n\n\n<li><strong>Servi\u00e7os p\u00f3s-venda:<\/strong> Al\u00e9m da venda inicial, existe um vasto mercado para manuten\u00e7\u00e3o, atualiza\u00e7\u00f5es e substitui\u00e7\u00f5es de baterias. A pesquisa de mercado de baterias MEV pode ajudar as empresas a aproveitar esse fluxo de receita recorrente.<\/li>\n\n\n\n<li><strong>Estrat\u00e9gias de Diversifica\u00e7\u00e3o:<\/strong> Para empresas que j\u00e1 atuam nos setores automotivo ou de energia mais amplos, os insights da pesquisa de mercado de baterias MEV podem orientar estrat\u00e9gias de diversifica\u00e7\u00e3o, abrindo novos caminhos de receita e crescimento.<\/li>\n<\/ul>\n\n\n\n<h2 class=\"wp-block-heading\">Desafios revelados pela pesquisa de mercado de baterias MEV<\/h2>\n\n\n\n<p>A pesquisa de mercado funciona como um destaque, revelando desafios que as partes interessadas precisam enfrentar para obter sucesso sustentado. Aqui est\u00e3o os desafios cr\u00edticos que essa pesquisa traz \u00e0 tona:<\/p>\n\n\n\n<ul class=\"wp-block-list\">\n<li><strong>Restri\u00e7\u00f5es da cadeia de suprimentos:<\/strong> Mat\u00e9rias-primas como l\u00edtio, cobalto e n\u00edquel s\u00e3o essenciais para a produ\u00e7\u00e3o de baterias. A pesquisa de mercado de baterias MEV pode identificar esses gargalos, levando as empresas a buscar fontes ou materiais alternativos.<\/li>\n\n\n\n<li><strong>Obst\u00e1culos regulat\u00f3rios:<\/strong> \u00c0 medida que os governos a n\u00edvel mundial d\u00e3o prioridade \u00e0 sustentabilidade e \u00e0 seguran\u00e7a, as regulamenta\u00e7\u00f5es relativas \u00e0 produ\u00e7\u00e3o, elimina\u00e7\u00e3o e desempenho das baterias tornam-se rigorosas. A pesquisa de mercado de baterias MEV pode revelar esses padr\u00f5es em evolu\u00e7\u00e3o, garantindo que as empresas permane\u00e7am em conformidade.<\/li>\n\n\n\n<li><strong>Ceticismo do Consumidor:<\/strong> Muitos potenciais compradores permanecem c\u00e9ticos quanto \u00e0 longevidade da bateria, ao desempenho em condi\u00e7\u00f5es extremas e aos custos de substitui\u00e7\u00e3o. Abordar estas preocupa\u00e7\u00f5es requer campanhas de sensibiliza\u00e7\u00e3o direcionadas, informadas por conhecimentos de investiga\u00e7\u00e3o.<\/li>\n\n\n\n<li><strong>Lacunas de infraestrutura:<\/strong> O sucesso dos MEVs depende em grande parte de infraestruturas de apoio, como esta\u00e7\u00f5es de carregamento. A pesquisa de mercado de baterias MEV pode destacar regi\u00f5es onde o desenvolvimento da infraestrutura est\u00e1 atrasado, colocando desafios para a ado\u00e7\u00e3o generalizada de MEV.<\/li>\n\n\n\n<li><strong>Altos custos iniciais:<\/strong> P&amp;D, materiais avan\u00e7ados e processos de fabrica\u00e7\u00e3o podem aumentar os custos das baterias MEV. Isto pode constituir uma barreira \u00e0 entrada de novos intervenientes no mercado e desafiar a acessibilidade dos consumidores.<\/li>\n\n\n\n<li><strong>Tecnologias concorrentes emergentes:<\/strong> Tecnologias como as c\u00e9lulas de combust\u00edvel de hidrog\u00e9nio poder\u00e3o competir com as baterias no futuro. A pesquisa de mercado de baterias MEV pode fornecer insights sobre esses potenciais disruptores de mercado, ajudando as empresas a se prepararem e se adaptarem.<\/li>\n<\/ul>","protected":false},"excerpt":{"rendered":"<p>Os MEVs utilizam motores de combust\u00e3o e sistemas el\u00e9tricos, com baterias melhorando a efici\u00eancia e reduzindo as emiss\u00f5es.<\/p>","protected":false},"author":1,"featured_media":63491,"parent":14514,"menu_order":382,"comment_status":"closed","ping_status":"closed","template":"","meta":{"footnotes":""},"class_list":["post-43741","page","type-page","status-publish","has-post-thumbnail"],"_links":{"self":[{"href":"https:\/\/www.sisinternational.com\/pt\/wp-json\/wp\/v2\/pages\/43741","targetHints":{"allow":["GET"]}}],"collection":[{"href":"https:\/\/www.sisinternational.com\/pt\/wp-json\/wp\/v2\/pages"}],"about":[{"href":"https:\/\/www.sisinternational.com\/pt\/wp-json\/wp\/v2\/types\/page"}],"author":[{"embeddable":true,"href":"https:\/\/www.sisinternational.com\/pt\/wp-json\/wp\/v2\/users\/1"}],"replies":[{"embeddable":true,"href":"https:\/\/www.sisinternational.com\/pt\/wp-json\/wp\/v2\/comments?post=43741"}],"version-history":[{"count":7,"href":"https:\/\/www.sisinternational.com\/pt\/wp-json\/wp\/v2\/pages\/43741\/revisions"}],"predecessor-version":[{"id":85008,"href":"https:\/\/www.sisinternational.com\/pt\/wp-json\/wp\/v2\/pages\/43741\/revisions\/85008"}],"up":[{"embeddable":true,"href":"https:\/\/www.sisinternational.com\/pt\/wp-json\/wp\/v2\/pages\/14514"}],"wp:featuredmedia":[{"embeddable":true,"href":"https:\/\/www.sisinternational.com\/pt\/wp-json\/wp\/v2\/media\/63491"}],"wp:attachment":[{"href":"https:\/\/www.sisinternational.com\/pt\/wp-json\/wp\/v2\/media?parent=43741"}],"curies":[{"name":"wp","href":"https:\/\/api.w.org\/{rel}","templated":true}]}}