{"id":43638,"date":"2023-10-02T14:48:33","date_gmt":"2023-10-02T18:48:33","guid":{"rendered":"https:\/\/www.sisinternational.com\/?page_id=43638"},"modified":"2026-03-25T01:15:55","modified_gmt":"2026-03-25T05:15:55","slug":"pesquisa-de-mercado-de-moveis-para-hoteis","status":"publish","type":"page","link":"https:\/\/www.sisinternational.com\/pt\/pericia\/pesquisa-de-mercado-de-moveis-para-hoteis\/","title":{"rendered":"Pesquisa de mercado de m\u00f3veis para hot\u00e9is"},"content":{"rendered":"<h1 class=\"wp-block-heading\">Pesquisa de mercado de m\u00f3veis para hot\u00e9is<\/h1>\n\n\n\n<figure class=\"gb-block-image gb-block-image-ba184cb8\"><img loading=\"lazy\" decoding=\"async\" width=\"1456\" height=\"816\" class=\"gb-image gb-image-ba184cb8\" src=\"https:\/\/www.sisinternational.com\/wp-content\/uploads\/2025\/08\/Hotel-furniture-2.jpg\" alt=\"Pesquisa e Estrat\u00e9gia de Mercado Internacional da SIS\" title=\"Hotel furniture (2)\" srcset=\"https:\/\/www.sisinternational.com\/wp-content\/uploads\/2025\/08\/Hotel-furniture-2.jpg 1456w, https:\/\/www.sisinternational.com\/wp-content\/uploads\/2025\/08\/Hotel-furniture-2-300x168.jpg 300w, https:\/\/www.sisinternational.com\/wp-content\/uploads\/2025\/08\/Hotel-furniture-2-1024x574.jpg 1024w, https:\/\/www.sisinternational.com\/wp-content\/uploads\/2025\/08\/Hotel-furniture-2-768x430.jpg 768w, https:\/\/www.sisinternational.com\/wp-content\/uploads\/2025\/08\/Hotel-furniture-2-18x10.jpg 18w\" sizes=\"auto, (max-width: 1456px) 100vw, 1456px\"><\/figure>\n\n\n\n<p><\/p>\n\n\n\n<p>Voc\u00ea j\u00e1 entrou em um quarto de hotel e ficou imediatamente cativado pela mistura harmoniosa de est\u00e9tica, conforto e funcionalidade? Por tr\u00e1s deste ambiente cuidadosamente selecionado est\u00e1 o intrincado mundo do mobili\u00e1rio hoteleiro, uma ind\u00fastria que evolui continuamente para atender aos gostos e prefer\u00eancias din\u00e2micos dos viajantes globais.<\/p>\n\n\n\n<p>As the hospitality sector undergoes transformational shifts, the role of hotel furniture market research becomes paramount. This research not only captures the present pulse of the <a href=\"https:\/\/www.sisinternational.com\/pt\/future-trends-in-qualitative-market-research\/\" title=\"Future Trends in Qualitative Market Research\"  data-wpil-monitor-id=\"8738\">market but also anticipates future<\/a> trends, ensuring that hoteliers, designers, and manufacturers remain at the forefront of innovation and guest satisfaction.<\/p>\n\n\n\n<h2 class=\"wp-block-heading\">O que \u00e9 pesquisa de mercado de m\u00f3veis para hot\u00e9is?<\/h2>\n\n\n\n<p>A pesquisa de mercado de m\u00f3veis hoteleiros \u00e9 uma an\u00e1lise sistem\u00e1tica dos padr\u00f5es, prefer\u00eancias, tend\u00eancias e din\u00e2mica dos m\u00f3veis utilizados no setor hoteleiro, principalmente hot\u00e9is. Mas, o que isso abrange e por que isso importa?<\/p>\n\n\n\n<p>Esta pesquisa investiga v\u00e1rios aspectos \u2013 desde materiais, designs e funcionalidades preferidos pelos hoteleiros at\u00e9 a compreens\u00e3o de como essas escolhas impactam as experi\u00eancias dos h\u00f3spedes e a satisfa\u00e7\u00e3o geral. Al\u00e9m disso, atrav\u00e9s de pesquisas de mercado de mobili\u00e1rio hoteleiro, os profissionais podem identificar estilos emergentes, discernir mudan\u00e7as nas prefer\u00eancias dos h\u00f3spedes e prever quais designs ou inova\u00e7\u00f5es de mobili\u00e1rio poder\u00e3o tornar-se proeminentes nos pr\u00f3ximos anos.<\/p>\n\n\n\n<p>O <a href=\"https:\/\/www.sisinternational.com\/pt\/o-mercado-russo-de-caviar\/\" title=\"Pesquisa de mercado de caviar\"  data-wpil-monitor-id=\"2744\">research also gauges the market<\/a> size, growth potential, and economic factors affecting the hotel furniture industry. In a broader sense, it assesses how global events, economic downturns, or surges in <a href=\"https:\/\/www.sisinternational.com\/pt\/pericia\/industrias\/viagem-de-turismo\/\" title=\"Pesquisa de mercado de viagens e turismo\"  data-wpil-monitor-id=\"8739\">tourism might influence market<\/a> dynamics.<\/p>\n\n\n\n<h2 class=\"wp-block-heading\">Benef\u00edcios da pesquisa de mercado de m\u00f3veis para hot\u00e9is<\/h2>\n\n\n\n<p>No agitado mundo da hotelaria, onde o conforto e a est\u00e9tica dos h\u00f3spedes se cruzam, a pesquisa de mercado de mobili\u00e1rio hoteleiro constitui uma ferramenta importante, oferecendo v\u00e1rios benef\u00edcios aos intervenientes do setor, tais como:<\/p>\n\n\n\n<ul class=\"wp-block-list\">\n<li><strong>Tomada de decis\u00e3o aprimorada:<\/strong> Comprehensive hotel furniture <a href=\"https:\/\/www.sisinternational.com\/pt\/pericia\/pesquisa-de-mercado-de-designer-de-interiores\/\" title=\"Pesquisa de mercado de designers de interiores e decoradores\"  data-wpil-monitor-id=\"11466\">market research equips hoteliers and designers<\/a> with data-driven insights, enabling them to make informed decisions about furniture purchases, designs, and placements.<\/li>\n\n\n\n<li><a href=\"https:\/\/www.sisinternational.com\/pt\/solucoes\/consultoria-estrategica\/pesquisa-de-mercado-de-previsao-de-demanda\/\" title=\"Demand Forecasting Market Consulting\"  data-wpil-monitor-id=\"8741\">Forecasting Trends: By analyzing market<\/a> patterns, stakeholders can anticipate emerging trends, ensuring their establishments remain modern, relevant, and aligned with guest preferences.<\/li>\n\n\n\n<li><strong>Efici\u00eancia de custos:<\/strong> Atrav\u00e9s de uma compreens\u00e3o dos pre\u00e7os do mercado, da procura e da din\u00e2mica da oferta, os hoteleiros podem identificar solu\u00e7\u00f5es econ\u00f3micas sem comprometer a qualidade ou a experi\u00eancia do h\u00f3spede.<\/li>\n\n\n\n<li><strong>Maior satisfa\u00e7\u00e3o dos h\u00f3spedes:<\/strong> Ao acompanhar o que os h\u00f3spedes valorizam em termos de est\u00e9tica, conforto e funcionalidade, os hot\u00e9is podem selecionar espa\u00e7os que ressoem com o seu p\u00fablico-alvo, aumentando assim a satisfa\u00e7\u00e3o e a fidelidade.<\/li>\n\n\n\n<li><strong>Vantagem Competitiva:<\/strong> A pesquisa de mercado de m\u00f3veis hoteleiros permite que os estabelecimentos entendam o que os concorrentes est\u00e3o fazendo e identifiquem lacunas ou oportunidades para se destacarem.<\/li>\n\n\n\n<li><strong>Otimiza\u00e7\u00e3o da Cadeia de Suprimentos:<\/strong> Com informa\u00e7\u00f5es sobre os principais fabricantes, fornecedores e distribuidores, os hot\u00e9is podem agilizar os seus processos de aquisi\u00e7\u00e3o, garantindo entregas atempadas e de qualidade.<\/li>\n<\/ul>\n\n\n\n<h2 class=\"wp-block-heading\">Principais participantes do mercado de m\u00f3veis para hot\u00e9is<\/h2>\n\n\n\n<figure class=\"gb-block-image gb-block-image-81a22325\"><img loading=\"lazy\" decoding=\"async\" width=\"1456\" height=\"816\" class=\"gb-image gb-image-81a22325\" src=\"https:\/\/www.sisinternational.com\/wp-content\/uploads\/2025\/08\/Hotel-furniture-4.jpg\" alt=\"Pesquisa e Estrat\u00e9gia de Mercado Internacional da SIS\" title=\"Hotel furniture (4)\" srcset=\"https:\/\/www.sisinternational.com\/wp-content\/uploads\/2025\/08\/Hotel-furniture-4.jpg 1456w, https:\/\/www.sisinternational.com\/wp-content\/uploads\/2025\/08\/Hotel-furniture-4-300x168.jpg 300w, https:\/\/www.sisinternational.com\/wp-content\/uploads\/2025\/08\/Hotel-furniture-4-1024x574.jpg 1024w, https:\/\/www.sisinternational.com\/wp-content\/uploads\/2025\/08\/Hotel-furniture-4-768x430.jpg 768w, https:\/\/www.sisinternational.com\/wp-content\/uploads\/2025\/08\/Hotel-furniture-4-18x10.jpg 18w\" sizes=\"auto, (max-width: 1456px) 100vw, 1456px\"><\/figure>\n\n\n\n<p><\/p>\n\n\n\n<p>O <a href=\"https:\/\/www.sisinternational.com\/pt\/pericia\/industrias\/pesquisa-de-mercado-hoteleiro\/\" title=\"Pesquisa de mercado hoteleiro\"  data-wpil-monitor-id=\"8742\">hotel furniture market<\/a> is expansive, comprising several key players who have carved a niche with their distinctive designs, quality, and customer-centric approaches. Here&#8217;s a list of notable players in this segment:<\/p>\n\n\n\n<ul class=\"wp-block-list\">\n<li><strong>Contrato RH:<\/strong> A division of Restoration Hardware, this <a href=\"https:\/\/www.sisinternational.com\/pt\/pericia\/industrias\/pesquisa-de-mercado-de-branding-hoteleiro\/\" title=\"Pesquisa de mercado de branding hoteleiro\"  data-wpil-monitor-id=\"8743\">brand offers luxury hotel<\/a> furniture, integrating timeless design with contemporary functionality.<\/li>\n\n\n\n<li><strong>Hospitalidade Kimball:<\/strong> Servindo o mundo da hospitalidade h\u00e1 mais de 30 anos, a Kimball \u00e9 especializada em projetar e fabricar m\u00f3veis para hot\u00e9is com foco na sustentabilidade e inova\u00e7\u00e3o.<\/li>\n\n\n\n<li><strong>Brian Ashley:<\/strong> Reconhecida por seus designs personalizados, Bryan Ashley \u00e9 l\u00edder na fabrica\u00e7\u00e3o de m\u00f3veis para hotelaria.<\/li>\n\n\n\n<li><strong>M\u00f3veis Foliot:<\/strong> Com a sustentabilidade em sua ess\u00eancia, a Foliot Furniture oferece solu\u00e7\u00f5es de m\u00f3veis ecologicamente corretas sem comprometer a est\u00e9tica ou a durabilidade.<\/li>\n<\/ul>\n\n\n\n<h2 class=\"wp-block-heading\">Fatores que influenciam as escolhas de m\u00f3veis de hotel<\/h2>\n\n\n\n<p>A sele\u00e7\u00e3o de m\u00f3veis em hot\u00e9is n\u00e3o envolve apenas est\u00e9tica; \u00e9 uma decis\u00e3o matizada influenciada por v\u00e1rios fatores. Assim, ao aproveitar a pesquisa de mercado de mobili\u00e1rio hoteleiro, as empresas podem obter uma compreens\u00e3o mais clara da din\u00e2mica em jogo. Aqui est\u00e3o alguns dos fatores predominantes que moldam as escolhas de m\u00f3veis de hotel:<\/p>\n\n\n\n<ul class=\"wp-block-list\">\n<li><strong>Prefer\u00eancias dos h\u00f3spedes:<\/strong> Os gostos e prefer\u00eancias dos h\u00f3spedes influenciam muito na escolha dos m\u00f3veis. Por meio de pesquisas de mercado de m\u00f3veis para hot\u00e9is, os hoteleiros podem compreender as tend\u00eancias atuais, como prefer\u00eancias por designs minimalistas, estilos vintage ou m\u00f3veis com tecnologia integrada.<\/li>\n\n\n\n<li><a href=\"https:\/\/www.sisinternational.com\/pt\/solucoes\/consultoria-em-hotelaria-e-turismo-em-viagens\/consultoria-em-estrategia-de-marca-hoteleira\/\" title=\"Consultoria em estrat\u00e9gia de marca hoteleira\"  data-wpil-monitor-id=\"8744\">Brand Image and Consistency: Hotels<\/a> aim to maintain a consistent brand image. The furniture must align with the hotel&#8217;s overall theme, ambiance, and branding guidelines.<\/li>\n\n\n\n<li><strong>Sustentabilidade:<\/strong> Com a crescente consci\u00eancia ambiental, muitos hot\u00e9is est\u00e3o a optar por op\u00e7\u00f5es de mobili\u00e1rio ecol\u00f3gico. A pesquisa do mercado de m\u00f3veis para hot\u00e9is indica uma prefer\u00eancia crescente por materiais de origem sustent\u00e1vel e processos de fabrica\u00e7\u00e3o ecol\u00f3gicos.<\/li>\n\n\n\n<li><strong>Otimiza\u00e7\u00e3o de Espa\u00e7o:<\/strong> Em \u00e1reas urbanas onde o espa\u00e7o \u00e9 valioso, h\u00e1 demanda por m\u00f3veis que otimizem o espa\u00e7o sem comprometer o conforto. Pense em mesas dobr\u00e1veis, lumin\u00e1rias montadas na parede ou m\u00f3veis multifuncionais.<\/li>\n\n\n\n<li><strong>Restri\u00e7\u00f5es or\u00e7ament\u00e1rias:<\/strong> Embora os hoteleiros busquem o melhor, as restri\u00e7\u00f5es or\u00e7ament\u00e1rias podem influenciar as escolhas de m\u00f3veis. Por meio de pesquisas de mercado de m\u00f3veis para hot\u00e9is, eles conseguem encontrar um equil\u00edbrio entre qualidade e custo, garantindo a obten\u00e7\u00e3o do melhor valor pelo seu investimento.<\/li>\n\n\n\n<li><strong>Facilidade de limpeza e manuten\u00e7\u00e3o:<\/strong> Dado o atual cen\u00e1rio de sa\u00fade global, m\u00f3veis de hotel f\u00e1ceis de limpar e higienizar tornaram-se fundamentais. Al\u00e9m disso, materiais que resistem a manchas e danos podem reduzir os custos de manuten\u00e7\u00e3o a longo prazo.<\/li>\n\n\n\n<li><a href=\"https:\/\/www.sisinternational.com\/pt\/pericia\/industrias\/pesquisa-de-mercado-de-tecnologia-de-viagens\/\" title=\"Pesquisa de mercado de tecnologia de viagens\"  data-wpil-monitor-id=\"8740\">Technological Integration: The modern traveler<\/a> often seeks tech-friendly amenities. Furniture with built-in charging ports, smart tables, or integrated lighting systems can be a major draw.<\/li>\n<\/ul>\n\n\n\n<h2 class=\"wp-block-heading\">Oportunidades e \u00e1reas de crescimento em m\u00f3veis para hot\u00e9is<\/h2>\n\n\n\n<figure class=\"gb-block-image gb-block-image-122f32f6\"><img loading=\"lazy\" decoding=\"async\" width=\"1456\" height=\"816\" class=\"gb-image gb-image-122f32f6\" src=\"https:\/\/www.sisinternational.com\/wp-content\/uploads\/2025\/08\/Hotel-furniture-7.jpg\" alt=\"Pesquisa e Estrat\u00e9gia de Mercado Internacional da SIS\" title=\"Hotel furniture (7)\" srcset=\"https:\/\/www.sisinternational.com\/wp-content\/uploads\/2025\/08\/Hotel-furniture-7.jpg 1456w, https:\/\/www.sisinternational.com\/wp-content\/uploads\/2025\/08\/Hotel-furniture-7-300x168.jpg 300w, https:\/\/www.sisinternational.com\/wp-content\/uploads\/2025\/08\/Hotel-furniture-7-1024x574.jpg 1024w, https:\/\/www.sisinternational.com\/wp-content\/uploads\/2025\/08\/Hotel-furniture-7-768x430.jpg 768w, https:\/\/www.sisinternational.com\/wp-content\/uploads\/2025\/08\/Hotel-furniture-7-18x10.jpg 18w\" sizes=\"auto, (max-width: 1456px) 100vw, 1456px\"><\/figure>\n\n\n\n<p>A ind\u00fastria hoteleira est\u00e1 em constante fluxo, moldada pela evolu\u00e7\u00e3o das prefer\u00eancias dos h\u00f3spedes, pelos avan\u00e7os tecnol\u00f3gicos e pelas tend\u00eancias globais. Por meio de pesquisas de mercado de m\u00f3veis para hot\u00e9is, as partes interessadas podem identificar diversas oportunidades e \u00e1reas de crescimento no cen\u00e1rio de m\u00f3veis para hot\u00e9is.<\/p>\n\n\n\n<h3 class=\"wp-block-heading\">Aqui est\u00e3o algumas das perspectivas mais promissoras:<\/h3>\n\n\n\n<ul class=\"wp-block-list\">\n<li><strong>M\u00f3veis Inteligentes:<\/strong> With the rise of smart homes and interconnected devices, integrating <a href=\"https:\/\/www.sisinternational.com\/pt\/solucoes\/consultoria-em-hotelaria-e-turismo-em-viagens\/consultoria-em-tecnologia-para-hoteis-inteligentes\/\" title=\"Consultoria em tecnologia para hot\u00e9is inteligentes\"  data-wpil-monitor-id=\"8745\">technology into hotel<\/a> furniture presents a lucrative opportunity. Think adjustable beds with smart controls, desks with integrated wireless charging, or lounge chairs that can adapt to a guest&#8217;s posture.<\/li>\n\n\n\n<li><strong>Colabora\u00e7\u00f5es de artes\u00e3os locais:<\/strong> Pesquisas de mercado de m\u00f3veis para hot\u00e9is indicam uma aprecia\u00e7\u00e3o crescente por experi\u00eancias localizadas. A colabora\u00e7\u00e3o com artes\u00e3os e artes\u00e3os locais pode imbuir os espa\u00e7os do hotel com um charme \u00fanico, repercutindo nos h\u00f3spedes que buscam experi\u00eancias aut\u00eanticas.<\/li>\n\n\n\n<li><strong>Hot\u00e9is tem\u00e1ticos e boutique:<\/strong> Com os viajantes buscando cada vez mais estadias exclusivas, os hot\u00e9is boutique e tem\u00e1ticos est\u00e3o ganhando for\u00e7a. M\u00f3veis personalizados que se alinham com temas espec\u00edficos \u2013 sejam vintage, futuristas, culturais ou de fantasia \u2013 podem aumentar a imers\u00e3o dos h\u00f3spedes.<\/li>\n\n\n\n<li><strong>Personaliza\u00e7\u00e3o:<\/strong> Na era da personaliza\u00e7\u00e3o, os m\u00f3veis que podem ser personalizados de acordo com as prefer\u00eancias do h\u00f3spede apresentam uma excelente oportunidade. Isso pode variar desde ilumina\u00e7\u00e3o ajust\u00e1vel e temas de cores at\u00e9 firmeza personaliz\u00e1vel em sof\u00e1s e camas.<\/li>\n\n\n\n<li><strong>Modelos de aluguel e leasing:<\/strong> Em vez de comprar, os hot\u00e9is podem explorar modelos de aluguel ou leasing de m\u00f3veis. Isto permite-lhes renovar frequentemente os seus interiores, adaptando-se \u00e0s \u00faltimas tend\u00eancias sem despesas de capital significativas.<\/li>\n<\/ul>","protected":false},"excerpt":{"rendered":"<p>A pesquisa de mercado de m\u00f3veis para hot\u00e9is oferece insights inovadores adaptados especificamente para a ind\u00fastria hoteleira.<\/p>","protected":false},"author":1,"featured_media":63527,"parent":14514,"menu_order":379,"comment_status":"closed","ping_status":"closed","template":"","meta":{"footnotes":""},"class_list":["post-43638","page","type-page","status-publish","has-post-thumbnail"],"_links":{"self":[{"href":"https:\/\/www.sisinternational.com\/pt\/wp-json\/wp\/v2\/pages\/43638","targetHints":{"allow":["GET"]}}],"collection":[{"href":"https:\/\/www.sisinternational.com\/pt\/wp-json\/wp\/v2\/pages"}],"about":[{"href":"https:\/\/www.sisinternational.com\/pt\/wp-json\/wp\/v2\/types\/page"}],"author":[{"embeddable":true,"href":"https:\/\/www.sisinternational.com\/pt\/wp-json\/wp\/v2\/users\/1"}],"replies":[{"embeddable":true,"href":"https:\/\/www.sisinternational.com\/pt\/wp-json\/wp\/v2\/comments?post=43638"}],"version-history":[{"count":6,"href":"https:\/\/www.sisinternational.com\/pt\/wp-json\/wp\/v2\/pages\/43638\/revisions"}],"predecessor-version":[{"id":85078,"href":"https:\/\/www.sisinternational.com\/pt\/wp-json\/wp\/v2\/pages\/43638\/revisions\/85078"}],"up":[{"embeddable":true,"href":"https:\/\/www.sisinternational.com\/pt\/wp-json\/wp\/v2\/pages\/14514"}],"wp:featuredmedia":[{"embeddable":true,"href":"https:\/\/www.sisinternational.com\/pt\/wp-json\/wp\/v2\/media\/63527"}],"wp:attachment":[{"href":"https:\/\/www.sisinternational.com\/pt\/wp-json\/wp\/v2\/media?parent=43638"}],"curies":[{"name":"wp","href":"https:\/\/api.w.org\/{rel}","templated":true}]}}