{"id":43614,"date":"2023-10-02T11:17:13","date_gmt":"2023-10-02T15:17:13","guid":{"rendered":"https:\/\/www.sisinternational.com\/?page_id=43614"},"modified":"2026-01-27T16:34:57","modified_gmt":"2026-01-27T21:34:57","slug":"pesquisa-de-mercado-de-organizacoes-de-pesquisa-contratada","status":"publish","type":"page","link":"https:\/\/www.sisinternational.com\/pt\/pericia\/pesquisa-de-mercado-de-organizacoes-de-pesquisa-contratada\/","title":{"rendered":"Pesquisa de mercado de organiza\u00e7\u00f5es de pesquisa de contrato"},"content":{"rendered":"<h1 class=\"wp-block-heading\">Pesquisa de mercado de organiza\u00e7\u00f5es de pesquisa de contrato<\/h1>\n\n\n\n<figure class=\"gb-block-image gb-block-image-2233cb1c\"><img loading=\"lazy\" decoding=\"async\" width=\"1456\" height=\"816\" class=\"gb-image gb-image-2233cb1c\" src=\"https:\/\/www.sisinternational.com\/wp-content\/uploads\/2025\/08\/Contract-3.jpg\" alt=\"Pesquisa e Estrat\u00e9gia de Mercado Internacional da SIS\" title=\"Contract (3)\" srcset=\"https:\/\/www.sisinternational.com\/wp-content\/uploads\/2025\/08\/Contract-3.jpg 1456w, https:\/\/www.sisinternational.com\/wp-content\/uploads\/2025\/08\/Contract-3-300x168.jpg 300w, https:\/\/www.sisinternational.com\/wp-content\/uploads\/2025\/08\/Contract-3-1024x574.jpg 1024w, https:\/\/www.sisinternational.com\/wp-content\/uploads\/2025\/08\/Contract-3-768x430.jpg 768w, https:\/\/www.sisinternational.com\/wp-content\/uploads\/2025\/08\/Contract-3-18x10.jpg 18w\" sizes=\"auto, (max-width: 1456px) 100vw, 1456px\"><\/figure>\n\n\n\n<p><\/p>\n\n\n\n<p>O papel das organiza\u00e7\u00f5es de pesquisa contratadas (CROs) nunca foi t\u00e3o cr\u00edtico. No atual cen\u00e1rio farmac\u00eautico e de sa\u00fade, essas organiza\u00e7\u00f5es assumem a responsabilidade de agilizar o desenvolvimento de medicamentos e os ensaios cl\u00ednicos. Portanto, compreender esse mercado torna-se essencial para o sucesso \u2013 e a pesquisa de mercado das organiza\u00e7\u00f5es de pesquisa contratual surge como um guia que n\u00e3o apenas mede o pulso da ind\u00fastria, mas tamb\u00e9m prev\u00ea seus rumos futuros.<\/p>\n\n\n\n<h2 class=\"wp-block-heading\">Por que a pesquisa de mercado \u00e9 crucial para a ind\u00fastria de CRO<\/h2>\n\n\n\n<p>CROs have an ever-evolving role that is key in the journey from drug conceptualization to market entry. Hence, the significance of understanding the industry&#8217;s nuances becomes paramount \u2013 and contract <a href=\"https:\/\/www.sisinternational.com\/pt\/criacao-de-orgaos-por-impressoras-3d\/\" title=\"Cria\u00e7\u00e3o de \u00f3rg\u00e3os e pesquisa de mercado de impressoras 3D\"  data-wpil-monitor-id=\"2292\">research organizations market<\/a> research guides CROs through these complexities.<\/p>\n\n\n\n<p>Adicionalmente, <a href=\"https:\/\/www.sisinternational.com\/pt\/dia-mundial-do-autismo\/\" title=\"Estudos de pesquisa de mercado sobre autismo\"  data-wpil-monitor-id=\"7435\">market research studies<\/a> the ever-shifting needs and expectations of stakeholders, ranging from pharmaceutical giants to emerging biotech firms. As global markets expand and regulatory environments adapt, staying ahead of the curve is essential for any CRO aiming for success.<\/p>\n\n\n\n<h2 class=\"wp-block-heading\">Benef\u00edcios da pesquisa de mercado de organiza\u00e7\u00f5es de pesquisa de contrato<\/h2>\n\n\n\n<p>Market research provides valuable insights for businesses but also paves the way for innovative breakthroughs. So, what are the key benefits of investing in contract research organizations <a href=\"https:\/\/www.sisinternational.com\/pt\/solucoes\/pesquisa-de-mercado-de-ia-e-consultoria-estrategica\/pesquisa-de-mercado-de-ia-do-chatbot\/\" title=\"Pesquisa de mercado de IA do Chatbot\"  data-wpil-monitor-id=\"2769\">market<\/a> research?<\/p>\n\n\n\n<ul class=\"wp-block-list\">\n<li><strong>Insights aprofundados do setor:<\/strong> Contract <a href=\"https:\/\/www.sisinternational.com\/pt\/pericia\/industrias\/teste-de-localizacao-central-pesquisa-de-mercado-clt\/\" title=\"Pesquisa de Mercado CLT\"  data-wpil-monitor-id=\"2825\">research organizations market<\/a> research offers an overview of the industry. Firms can identify market trends, understand customer preferences, and gauge the competitive landscape. With such comprehensive data, businesses can make informed decisions and strategize more effectively.<\/li>\n\n\n\n<li><strong>Efici\u00eancia de custos:<\/strong> A realiza\u00e7\u00e3o de pesquisas de mercado internas pode ser cara e demorada. Aproveitar a experi\u00eancia de uma organiza\u00e7\u00e3o de pesquisa contratada significa que as empresas podem acessar ferramentas e metodologias de pesquisa de primeira linha sem os custos indiretos de manter uma equipe interna.<\/li>\n\n\n\n<li><strong>Escalabilidade e flexibilidade:<\/strong> A pesquisa de mercado CRO oferece flexibilidade para aumentar ou diminuir os esfor\u00e7os de pesquisa, dependendo das demandas atuais. Isso significa que as empresas podem se adaptar rapidamente sem o inc\u00f4modo de reestruturar uma equipe interna.<\/li>\n\n\n\n<li><strong>Relat\u00f3rio objetivo:<\/strong> An external research organization brings an unbiased perspective. There&#8217;s no internal influence, ensuring the results of the contract <a href=\"https:\/\/www.sisinternational.com\/pt\/cobertura\/pesquisa-de-mercado-na-australia\/\" title=\"Pesquisa de mercado na Austr\u00e1lia\"  data-wpil-monitor-id=\"2875\">research organization market<\/a> research are impartial and objective, making them more reliable.<\/li>\n\n\n\n<li><strong>Gerenciamento de riscos:<\/strong> Com pesquisas de mercado precisas e completas, as empresas podem identificar riscos potenciais com anteced\u00eancia. Isto permite-lhes conceber estrat\u00e9gias para neutralizar estes riscos, garantindo que permanecem competitivos e resilientes.<\/li>\n\n\n\n<li><strong>Controle de qualidade:<\/strong> Dada a sua especializa\u00e7\u00e3o, os CROs muitas vezes possuem procedimentos rigorosos de controle de qualidade. Isto garante que os dados recolhidos n\u00e3o s\u00e3o apenas precisos, mas tamb\u00e9m relevantes, reduzindo o risco de decis\u00f5es baseadas em informa\u00e7\u00f5es erradas.<\/li>\n<\/ul>\n\n\n\n<h2 class=\"wp-block-heading\">Pesquisa de mercado de organiza\u00e7\u00f5es de pesquisa de contrato: oportunidades<\/h2>\n\n\n\n<p>Navegar no setor de sa\u00fade pode ser um desafio assustador. No entanto, para empresas que compreendem o valor das estrat\u00e9gias baseadas em insights, a pesquisa de mercado CRO apresenta uma mina de ouro de oportunidades. Particularmente, as empresas podem explorar diversas oportunidades, tais como:<\/p>\n\n\n\n<ul class=\"wp-block-list\">\n<li><strong>Crescimento da receita:<\/strong> Ao identificar lacunas no mercado, regi\u00f5es inexploradas ou nichos mal servidos, as empresas podem posicionar-se estrategicamente para capitalizar estas oportunidades, levando ao crescimento e \u00e0 expans\u00e3o das receitas.<\/li>\n\n\n\n<li><strong>Fortalecendo Colabora\u00e7\u00f5es:<\/strong> Insights derived from contract <a href=\"https:\/\/www.sisinternational.com\/pt\/pesquisa-de-mercado-na-africa\/\" title=\"Pesquisa de Mercado em \u00c1frica\"  data-wpil-monitor-id=\"2951\">research organizations market<\/a> research can highlight potential partnerships or collaborations that can be mutually beneficial, allowing businesses to leverage shared resources and expertise.<\/li>\n\n\n\n<li><strong>Desenvolvimento da for\u00e7a de trabalho:<\/strong> Compreender as complexidades do mercado tamb\u00e9m destaca \u00e1reas onde as empresas podem necessitar de melhorar as compet\u00eancias da sua for\u00e7a de trabalho ou trazer talentos especializados, garantindo que permanecem h\u00e1beis e \u00e1geis num cen\u00e1rio em mudan\u00e7a.<\/li>\n<\/ul>\n\n\n\n<h2 class=\"wp-block-heading\">Desafios e limita\u00e7\u00f5es na pesquisa de mercado de organiza\u00e7\u00f5es de pesquisa de contrato<\/h2>\n\n\n\n<figure class=\"gb-block-image gb-block-image-d5f5d9ee\"><img loading=\"lazy\" decoding=\"async\" width=\"1456\" height=\"816\" class=\"gb-image gb-image-d5f5d9ee\" src=\"https:\/\/www.sisinternational.com\/wp-content\/uploads\/2025\/08\/Contract-2.jpg\" alt=\"Pesquisa e Estrat\u00e9gia de Mercado Internacional da SIS\" title=\"Contract (2)\" srcset=\"https:\/\/www.sisinternational.com\/wp-content\/uploads\/2025\/08\/Contract-2.jpg 1456w, https:\/\/www.sisinternational.com\/wp-content\/uploads\/2025\/08\/Contract-2-300x168.jpg 300w, https:\/\/www.sisinternational.com\/wp-content\/uploads\/2025\/08\/Contract-2-1024x574.jpg 1024w, https:\/\/www.sisinternational.com\/wp-content\/uploads\/2025\/08\/Contract-2-768x430.jpg 768w, https:\/\/www.sisinternational.com\/wp-content\/uploads\/2025\/08\/Contract-2-18x10.jpg 18w\" sizes=\"auto, (max-width: 1456px) 100vw, 1456px\"><\/figure>\n\n\n\n<p><\/p>\n\n\n\n<p>Embora a pesquisa de mercado tenha provado ser uma ferramenta fundamental para as empresas do setor de CRO, \u00e9 essencial reconhecer os seus desafios e limita\u00e7\u00f5es. Abordar essas preocupa\u00e7\u00f5es permite uma abordagem mais hol\u00edstica e garante que os insights obtidos sejam precisos e acion\u00e1veis.<\/p>\n\n\n\n<ul class=\"wp-block-list\">\n<li><strong>Cen\u00e1rio regulat\u00f3rio em r\u00e1pida mudan\u00e7a:<\/strong> The pharmaceutical and healthcare sectors are governed by a dynamic set of regulations that can vary across regions. Keeping up with these ever-evolving guidelines through contract <a href=\"https:\/\/www.sisinternational.com\/pt\/solucoes\/solucoes-de-branding-e-pesquisa-de-clientes\/gerenciamento-do-ciclo-de-vida\/\" title=\"Pesquisa de mercado do ciclo de vida\"  data-wpil-monitor-id=\"2986\">research organizations market<\/a> research can be extremely challenging.<\/li>\n\n\n\n<li><strong>Limita\u00e7\u00f5es Temporais:<\/strong> The insights derived from contract <a href=\"https:\/\/www.sisinternational.com\/pt\/pericia\/industrias\/pesquisa-de-mercado-de-polimeros\/\" title=\"Pesquisa de mercado de pol\u00edmeros\"  data-wpil-monitor-id=\"3020\">research organization market<\/a> research are often time-sensitive. As the industry evolves, previous data can become obsolete, requiring constant updates.<\/li>\n\n\n\n<li><strong>Espionagem Competitiva:<\/strong> Numa ind\u00fastria altamente competitiva, h\u00e1 sempre o risco de os dados de investiga\u00e7\u00e3o ca\u00edrem nas m\u00e3os erradas, levando a potenciais riscos comerciais.<\/li>\n<\/ul>\n\n\n\n<h2 class=\"wp-block-heading\">Perspectivas futuras da pesquisa de mercado de organiza\u00e7\u00f5es de pesquisa de contrato<\/h2>\n\n\n\n<figure class=\"gb-block-image gb-block-image-2e27e564\"><img loading=\"lazy\" decoding=\"async\" width=\"1456\" height=\"816\" class=\"gb-image gb-image-2e27e564\" src=\"https:\/\/www.sisinternational.com\/wp-content\/uploads\/2025\/08\/Smart-contract-8.jpg\" alt=\"Pesquisa e Estrat\u00e9gia de Mercado Internacional da SIS\" title=\"Smart contract (8)\" srcset=\"https:\/\/www.sisinternational.com\/wp-content\/uploads\/2025\/08\/Smart-contract-8.jpg 1456w, https:\/\/www.sisinternational.com\/wp-content\/uploads\/2025\/08\/Smart-contract-8-300x168.jpg 300w, https:\/\/www.sisinternational.com\/wp-content\/uploads\/2025\/08\/Smart-contract-8-1024x574.jpg 1024w, https:\/\/www.sisinternational.com\/wp-content\/uploads\/2025\/08\/Smart-contract-8-768x430.jpg 768w, https:\/\/www.sisinternational.com\/wp-content\/uploads\/2025\/08\/Smart-contract-8-18x10.jpg 18w\" sizes=\"auto, (max-width: 1456px) 100vw, 1456px\"><\/figure>\n\n\n\n<p><\/p>\n\n\n\n<p>The world of business is in a state of constant flux, influenced by technological advancements, evolving consumer demands, and global economic shifts. For this reason, CRO market <a href=\"https:\/\/www.sisinternational.com\/pt\/pericia\/industrias\/pesquisa-de-mercado-farmaceutico-2\/\" title=\"Pesquisa de Mercado Farmac\u00eautico\"  data-wpil-monitor-id=\"6310\">pesquisar<\/a> is expected to make significant changes as the whole pharmaceutical industry is set for transformative changes. Here&#8217;s a glance at the future outlook of contract <a href=\"https:\/\/www.sisinternational.com\/pt\/pericia\/industrias\/pesquisa-de-mercado-de-macarrao\/\" title=\"Pesquisa de mercado de macarr\u00e3o\"  data-wpil-monitor-id=\"3045\">research organization market<\/a> research:<\/p>\n\n\n\n<ul class=\"wp-block-list\">\n<li><strong>Integra\u00e7\u00e3o de Tecnologias Avan\u00e7adas:<\/strong> Com o surgimento da intelig\u00eancia artificial (IA) e do aprendizado de m\u00e1quina, os CROs aproveitar\u00e3o essas ferramentas para obter insights mais profundos dos dados. A an\u00e1lise automatizada de dados, a an\u00e1lise preditiva e os relat\u00f3rios em tempo real se tornar\u00e3o recursos padr\u00e3o, melhorando a qualidade e a velocidade da pesquisa.<\/li>\n\n\n\n<li><strong>Expans\u00e3o global:<\/strong> \u00c0 medida que as empresas expandem o seu alcance, h\u00e1 uma necessidade crescente de pesquisas de mercado que abranjam diversas localiza\u00e7\u00f5es geogr\u00e1ficas. Os CROs formar\u00e3o alian\u00e7as globais ou estabelecer\u00e3o filiais em v\u00e1rios pa\u00edses, garantindo que possam atender clientes multinacionais com insights localizados.<\/li>\n\n\n\n<li><strong>Solu\u00e7\u00f5es de pesquisa personalizadas:<\/strong> Os CROs oferecer\u00e3o solu\u00e7\u00f5es de pesquisa sob medida, adaptadas \u00e0s necessidades e nuances espec\u00edficas de cada neg\u00f3cio. Este n\u00edvel de personaliza\u00e7\u00e3o garantir\u00e1 que os resultados da pesquisa estejam mais alinhados com os objetivos do cliente.<\/li>\n\n\n\n<li><strong>Concentre-se nas evid\u00eancias do mundo real:<\/strong> A procura de provas do mundo real em setores como os cuidados de sa\u00fade e os produtos farmac\u00eauticos est\u00e1 a aumentar. Os CROs evoluir\u00e3o suas metodologias para capturar dados de ambientes reais, garantindo insights mais pr\u00e1ticos e aplic\u00e1veis.<\/li>\n\n\n\n<li><strong>Maior colabora\u00e7\u00e3o com as ind\u00fastrias:<\/strong> Contract <a href=\"https:\/\/www.sisinternational.com\/pt\/pericia\/industrias\/pesquisa-de-mercado-de-plasticos\/\" title=\"Pesquisa de mercado de pl\u00e1sticos\"  data-wpil-monitor-id=\"3074\">research organizations market<\/a> research will see deeper collaborations with the industries they serve. This will not only refine research methodologies but also create a symbiotic relationship where industries and CROs innovate together.<\/li>\n\n\n\n<li><strong>Pr\u00e1ticas de pesquisa sustent\u00e1veis:<\/strong> \u00c0 medida que a sustentabilidade se torna uma prioridade global, os CROs integrar\u00e3o pr\u00e1ticas verdes e sustent\u00e1veis nas suas opera\u00e7\u00f5es. Isto pode variar desde m\u00e9todos de investiga\u00e7\u00e3o que priorizam o digital, que reduzem o consumo de papel, at\u00e9 infraestruturas energeticamente eficientes.<\/li>\n\n\n\n<li><strong>Servi\u00e7os de valor acrescentado:<\/strong> Al\u00e9m da pesquisa de mercado tradicional, os CROs oferecer\u00e3o servi\u00e7os adicionais, como an\u00e1lises avan\u00e7adas, consultoria ou assessoria estrat\u00e9gica, posicionando-se como parceiros de neg\u00f3cios hol\u00edsticos, em vez de apenas fornecedores de pesquisa.<\/li>\n<\/ul>","protected":false},"excerpt":{"rendered":"<p>No atual cen\u00e1rio farmac\u00eautico e de sa\u00fade, as organiza\u00e7\u00f5es de pesquisa contratada (CROs) agilizam o desenvolvimento de medicamentos e os ensaios cl\u00ednicos.<\/p>","protected":false},"author":1,"featured_media":64251,"parent":14514,"menu_order":374,"comment_status":"closed","ping_status":"closed","template":"","meta":{"footnotes":""},"class_list":["post-43614","page","type-page","status-publish","has-post-thumbnail"],"_links":{"self":[{"href":"https:\/\/www.sisinternational.com\/pt\/wp-json\/wp\/v2\/pages\/43614","targetHints":{"allow":["GET"]}}],"collection":[{"href":"https:\/\/www.sisinternational.com\/pt\/wp-json\/wp\/v2\/pages"}],"about":[{"href":"https:\/\/www.sisinternational.com\/pt\/wp-json\/wp\/v2\/types\/page"}],"author":[{"embeddable":true,"href":"https:\/\/www.sisinternational.com\/pt\/wp-json\/wp\/v2\/users\/1"}],"replies":[{"embeddable":true,"href":"https:\/\/www.sisinternational.com\/pt\/wp-json\/wp\/v2\/comments?post=43614"}],"version-history":[{"count":15,"href":"https:\/\/www.sisinternational.com\/pt\/wp-json\/wp\/v2\/pages\/43614\/revisions"}],"predecessor-version":[{"id":81066,"href":"https:\/\/www.sisinternational.com\/pt\/wp-json\/wp\/v2\/pages\/43614\/revisions\/81066"}],"up":[{"embeddable":true,"href":"https:\/\/www.sisinternational.com\/pt\/wp-json\/wp\/v2\/pages\/14514"}],"wp:featuredmedia":[{"embeddable":true,"href":"https:\/\/www.sisinternational.com\/pt\/wp-json\/wp\/v2\/media\/64251"}],"wp:attachment":[{"href":"https:\/\/www.sisinternational.com\/pt\/wp-json\/wp\/v2\/media?parent=43614"}],"curies":[{"name":"wp","href":"https:\/\/api.w.org\/{rel}","templated":true}]}}