{"id":43594,"date":"2023-10-01T22:40:39","date_gmt":"2023-10-02T02:40:39","guid":{"rendered":"https:\/\/www.sisinternational.com\/?page_id=43594"},"modified":"2026-01-26T18:49:13","modified_gmt":"2026-01-26T23:49:13","slug":"pesquisa-de-mercado-de-roupas-esportivas","status":"publish","type":"page","link":"https:\/\/www.sisinternational.com\/pt\/pericia\/pesquisa-de-mercado-de-roupas-esportivas\/","title":{"rendered":"Pesquisa de mercado de roupas esportivas"},"content":{"rendered":"<h1 class=\"wp-block-heading\">Pesquisa de mercado de roupas esportivas<\/h1>\n\n\n\n<figure class=\"gb-block-image gb-block-image-daef30b7\"><img loading=\"lazy\" decoding=\"async\" width=\"1456\" height=\"816\" class=\"gb-image gb-image-daef30b7\" src=\"https:\/\/www.sisinternational.com\/wp-content\/uploads\/2025\/08\/Swimwear-3.jpg\" alt=\"Pesquisa e Estrat\u00e9gia de Mercado Internacional da SIS\" title=\"Swimwear (3)\" srcset=\"https:\/\/www.sisinternational.com\/wp-content\/uploads\/2025\/08\/Swimwear-3.jpg 1456w, https:\/\/www.sisinternational.com\/wp-content\/uploads\/2025\/08\/Swimwear-3-300x168.jpg 300w, https:\/\/www.sisinternational.com\/wp-content\/uploads\/2025\/08\/Swimwear-3-1024x574.jpg 1024w, https:\/\/www.sisinternational.com\/wp-content\/uploads\/2025\/08\/Swimwear-3-768x430.jpg 768w, https:\/\/www.sisinternational.com\/wp-content\/uploads\/2025\/08\/Swimwear-3-18x10.jpg 18w\" sizes=\"auto, (max-width: 1456px) 100vw, 1456px\"><\/figure>\n\n\n\n<p><\/p>\n\n\n\n<p>No mundo acelerado de hoje, os limites entre moda, funcionalidade e fitness est\u00e3o a tornar-se cada vez mais confusos \u2013 e isso \u00e9 mais evidente na ind\u00fastria do vestu\u00e1rio desportivo. A ind\u00fastria global de roupas esportivas tem visto um aumento na demanda, inova\u00e7\u00e3o e diversifica\u00e7\u00e3o. Este crescimento expansivo, no entanto, traz consigo uma intrincada rede de prefer\u00eancias dos consumidores, tend\u00eancias regionais e inova\u00e7\u00f5es de design em constante evolu\u00e7\u00e3o.<\/p>\n\n\n\n<p>Portanto, atrav\u00e9s da lente desta pesquisa de mercado de vestu\u00e1rio desportivo, as partes interessadas podem compreender padr\u00f5es, antecipar mudan\u00e7as e posicionar-se de forma eficaz num mercado muito competitivo.<\/p>\n\n\n\n<h2 class=\"wp-block-heading\">O que \u00e9 pesquisa de mercado de roupas esportivas?<\/h2>\n\n\n\n<p>A pesquisa de mercado de roupas esportivas \u00e9 um exame e avalia\u00e7\u00e3o sistem\u00e1ticos da ind\u00fastria de roupas esportivas. Estuda as nuances dos produtos, as prefer\u00eancias dos consumidores, a din\u00e2mica do mercado e os fatores que impulsionam a procura e a oferta no setor do vestu\u00e1rio desportivo.<\/p>\n\n\n\n<p>Esta pesquisa tem como objetivo fornecer \u00e0s marcas, varejistas e outras partes interessadas insights baseados em dados que possam orientar os processos de tomada de decis\u00e3o. A pesquisa de mercado de roupas esportivas examina um amplo espectro, desde prefer\u00eancias de design de produtos e integra\u00e7\u00f5es tecnol\u00f3gicas at\u00e9 sensibilidades de pre\u00e7o e efic\u00e1cia do canal de distribui\u00e7\u00e3o.<\/p>\n\n\n\n<h2 class=\"wp-block-heading\">Benef\u00edcios da pesquisa de mercado de roupas esportivas<\/h2>\n\n\n\n<p>A pesquisa de mercado de roupas esportivas \u00e9 mais do que apenas uma cole\u00e7\u00e3o de dados; \u00e9 uma ferramenta estrat\u00e9gica que pode impulsionar uma marca a novos patamares e diferenci\u00e1-la no mercado. Aqui est\u00e3o alguns dos benef\u00edcios que esta pesquisa oferece \u00e0s empresas:<\/p>\n\n\n\n<ul class=\"wp-block-list\">\n<li><strong>Desenvolvimento de produto sob medida:<\/strong> Com uma compreens\u00e3o clara das prefer\u00eancias do consumidor, as marcas podem projetar e lan\u00e7ar produtos que tenham repercuss\u00e3o no p\u00fablico-alvo, aumentando assim as taxas de sucesso do produto.<\/li>\n\n\n\n<li><strong>Marketing Estrat\u00e9gico:<\/strong> Ao compreender as personas dos consumidores e os seus comportamentos de compra, as empresas podem criar campanhas de marketing personalizadas, garantindo que as mensagens ressoam de forma mais profunda e eficaz junto do p\u00fablico-alvo.<\/li>\n\n\n\n<li><strong>Vantagem competitiva:<\/strong> A pesquisa de mercado de roupas esportivas fornece conhecimento abrangente sobre os concorrentes \u2013 desde sua linha de produtos at\u00e9 t\u00e1ticas de marketing \u2013 e permite que as marcas se diferenciem, identifiquem lacunas de mercado e permane\u00e7am um passo \u00e0 frente no cen\u00e1rio competitivo.<\/li>\n\n\n\n<li><strong>Pre\u00e7o otimizado:<\/strong> Com insights sobre a disposi\u00e7\u00e3o de pagar dos consumidores, as estruturas de custos e os pre\u00e7os dos concorrentes, as marcas podem definir pre\u00e7os que otimizem a lucratividade e, ao mesmo tempo, garantam valor para o cliente.<\/li>\n\n\n\n<li><strong>Efici\u00eancia da cadeia de suprimentos:<\/strong> Ao antecipar os padr\u00f5es de procura e compreender as tend\u00eancias do mercado, as empresas podem racionalizar as suas cadeias de abastecimento, levando \u00e0 redu\u00e7\u00e3o de custos e a tempos de resposta mais r\u00e1pidos.<\/li>\n\n\n\n<li><strong>Redu\u00e7\u00e3o de risco:<\/strong> A pesquisa de mercado de roupas esportivas identifica desafios potenciais e mudan\u00e7as de mercado desde o in\u00edcio. Esta abordagem proativa permite que as empresas elaborem estrat\u00e9gias para mitigar riscos e superar poss\u00edveis obst\u00e1culos.<\/li>\n\n\n\n<li><strong>Oportunidades de expans\u00e3o:<\/strong> Para marcas que procuram aventurar-se em novos mercados ou dados demogr\u00e1ficos, a pesquisa de mercado de vestu\u00e1rio desportivo oferece um roteiro, delineando oportunidades, desafios potenciais e prefer\u00eancias dos consumidores em territ\u00f3rios desconhecidos.<\/li>\n\n\n\n<li><strong>Posicionamento de marca fortalecido:<\/strong> Ao alinharem-se com os valores e necessidades dos consumidores e abordarem pontos problem\u00e1ticos espec\u00edficos, as marcas podem fortalecer o seu posicionamento no mercado e construir uma fidelidade \u00e0 marca mais forte.<\/li>\n\n\n\n<li><strong>Loop de feedback:<\/strong> A pesquisa de mercado estabelece um mecanismo de feedback, permitindo \u00e0s empresas compreender as percep\u00e7\u00f5es dos consumidores sobre os seus produtos, identificar \u00e1reas de melhoria e fazer os ajustes necess\u00e1rios.<\/li>\n\n\n\n<li><strong>Aloca\u00e7\u00e3o de recursos:<\/strong> Com uma compreens\u00e3o clara do potencial do mercado e das \u00e1reas de crescimento, as empresas podem alocar recursos \u2013 sejam capital, m\u00e3o de obra ou or\u00e7amentos de marketing \u2013 de forma mais eficaz e eficiente.<\/li>\n<\/ul>\n\n\n\n<h2 class=\"wp-block-heading\">Principais participantes do mercado de roupas esportivas<\/h2>\n\n\n\n<figure class=\"gb-block-image gb-block-image-fa0ac7cf\"><img loading=\"lazy\" decoding=\"async\" width=\"1456\" height=\"816\" class=\"gb-image gb-image-fa0ac7cf\" src=\"https:\/\/www.sisinternational.com\/wp-content\/uploads\/2025\/08\/Smart-clothes-smart-textiles-4.jpg\" alt=\"Pesquisa e Estrat\u00e9gia de Mercado Internacional da SIS\" title=\"Smart clothes smart textiles (4)\" srcset=\"https:\/\/www.sisinternational.com\/wp-content\/uploads\/2025\/08\/Smart-clothes-smart-textiles-4.jpg 1456w, https:\/\/www.sisinternational.com\/wp-content\/uploads\/2025\/08\/Smart-clothes-smart-textiles-4-300x168.jpg 300w, https:\/\/www.sisinternational.com\/wp-content\/uploads\/2025\/08\/Smart-clothes-smart-textiles-4-1024x574.jpg 1024w, https:\/\/www.sisinternational.com\/wp-content\/uploads\/2025\/08\/Smart-clothes-smart-textiles-4-768x430.jpg 768w, https:\/\/www.sisinternational.com\/wp-content\/uploads\/2025\/08\/Smart-clothes-smart-textiles-4-18x10.jpg 18w\" sizes=\"auto, (max-width: 1456px) 100vw, 1456px\"><\/figure>\n\n\n\n<p><\/p>\n\n\n\n<p>O mercado de roupas esportivas \u00e9 uma arena din\u00e2mica caracterizada por intensa competi\u00e7\u00e3o, inova\u00e7\u00e3o e significativa fidelidade \u00e0 marca. Portanto, v\u00e1rios players moldam o cen\u00e1rio do setor. Aqui est\u00e1 uma olhada em alguns dos principais players do mercado global de roupas esportivas:<\/p>\n\n\n\n<ul class=\"wp-block-list\">\n<li><strong>Nike:<\/strong> Esta multinacional americana \u00e9 uma for\u00e7a a ter em conta na ind\u00fastria do vestu\u00e1rio desportivo. A Nike tem uma forte presen\u00e7a global e ultrapassa continuamente os limites com os seus designs inovadores e campanhas de marketing.<\/li>\n\n\n\n<li><strong>Adidas:<\/strong> A Adidas \u00e9 outro gigante na \u00e1rea de roupas esportivas. Com uma rica hist\u00f3ria que remonta a 1949, a marca oferece uma vasta gama de produtos desportivos e fez incurs\u00f5es significativas nos segmentos de moda e estilo de vida.<\/li>\n\n\n\n<li><strong>Sob armadura:<\/strong> Esta empresa americana cresceu rapidamente para se tornar um player importante no mercado de roupas esportivas, especializando-se em roupas de alto desempenho que mant\u00eam os atletas frescos e secos.<\/li>\n\n\n\n<li><strong>Puma:<\/strong> Outra gigante alem\u00e3, a Puma, oferece uma ampla gama de cal\u00e7ados, roupas e acess\u00f3rios esportivos e casuais. Ao longo dos anos, a Puma consolidou a sua posi\u00e7\u00e3o com parcerias estrat\u00e9gicas e endossos.<\/li>\n\n\n\n<li><strong>Reebok:<\/strong> Inicialmente uma marca fundada no Reino Unido, a Reebok \u00e9 agora uma subsidi\u00e1ria da Adidas. Conhecida por seus cal\u00e7ados e roupas, a Reebok tem um forte legado em aer\u00f3bica, corrida e, mais recentemente, CrossFit.<\/li>\n<\/ul>\n\n\n\n<h2 class=\"wp-block-heading\">Oportunidades no mercado de roupas esportivas<\/h2>\n\n\n\n<p>A ind\u00fastria de roupas esportivas est\u00e1 repleta de oportunidades devido \u00e0s ondas de inova\u00e7\u00e3o, \u00e0 evolu\u00e7\u00e3o das prefer\u00eancias dos consumidores e \u00e0s tend\u00eancias crescentes de sa\u00fade e bem-estar. Portanto, a pesquisa de mercado de roupas esportivas orienta as empresas para essas perspectivas douradas. Aqui est\u00e3o algumas das oportunidades promissoras que as empresas podem aproveitar:<\/p>\n\n\n\n<ul class=\"wp-block-list\">\n<li><strong>The Rise of <a class=\"wpil_keyword_link\" href=\"https:\/\/www.sisinternational.com\/pt\/pericia\/industrias\/pesquisa-de-mercado-de-atletismo\/\"   title=\"Pesquisa de mercado de atletismo\" data-wpil-keyword-link=\"linked\"  data-wpil-monitor-id=\"660\">Athleisure<\/a>:<\/strong> \u00c0 medida que os limites entre roupas esportivas e roupas casuais continuam a se confundir, h\u00e1 uma demanda crescente por roupas vers\u00e1teis que transitem perfeitamente da academia para a cafeteria. Pesquisas de mercado de roupas esportivas indicam que essa tend\u00eancia oferece \u00e0s marcas amplo espa\u00e7o para inovar.<\/li>\n\n\n\n<li><strong>Roupas esportivas sustent\u00e1veis:<\/strong> O consumidor moderno est\u00e1 cada vez mais consciente do ponto de vista ambiental. Marcas que podem oferecer alternativas ecol\u00f3gicas e sustent\u00e1veis sem comprometer o desempenho t\u00eam uma vantagem competitiva. Esta mudan\u00e7a em dire\u00e7\u00e3o \u00e0 sustentabilidade \u00e9 apoiada por pesquisas de mercado de vestu\u00e1rio desportivo, que sublinham a sua viabilidade a longo prazo.<\/li>\n\n\n\n<li><strong>Integra\u00e7\u00e3o Tecnol\u00f3gica:<\/strong> Quer se trate de roupas esportivas com rastreadores de fitness integrados, cal\u00e7ados inteligentes que se ajustam eletronicamente ou roupas que monitoram m\u00e9tricas fisiol\u00f3gicas, as roupas esportivas com tecnologia s\u00e3o o futuro. A pesquisa de mercado de roupas esportivas mostra um crescente apetite do consumidor por tais inova\u00e7\u00f5es.<\/li>\n\n\n\n<li><strong>Personaliza\u00e7\u00e3o:<\/strong> Equipamentos de fitness personalizados, desde sapatos feitos sob medida para arcos espec\u00edficos dos p\u00e9s at\u00e9 equipamentos de treino projetados para prefer\u00eancias individuais, foram destacados como uma \u00e1rea de crescimento significativo por pesquisas de mercado.<\/li>\n\n\n\n<li><a href=\"https:\/\/www.sisinternational.com\/pt\/economia-da-estonia\/\" title=\"Pesquisa de Mercado Econ\u00f4mico na Est\u00f4nia\"  data-wpil-monitor-id=\"2938\">Emerging Markets: Sportswear market research<\/a> points to untapped potential in emerging markets like Southeast Asia, Africa, and parts of Latin America. Brands willing to localize their offerings and strategies for these regions can carve a niche for themselves.<\/li>\n\n\n\n<li><strong>Segmentos Especializados:<\/strong> H\u00e1 uma demanda crescente por roupas esportivas personalizadas para esportes ou atividades espec\u00edficas, como ioga, treinamento cruzado ou corrida de maratona. Ao se especializarem, as marcas podem atender a esses segmentos de nicho ainda em expans\u00e3o.<\/li>\n\n\n\n<li><strong>Dimensionamento e designs inclusivos:<\/strong> A pesquisa de mercado de roupas esportivas indica uma demanda robusta por tamanhos inclusivos, atendendo a todos os tipos de corpo. Marcas que oferecem uma gama mais ampla e celebram a diversidade corporal t\u00eam melhor repercuss\u00e3o no p\u00fablico moderno.<\/li>\n\n\n\n<li><strong>Equipamento de bem-estar e recupera\u00e7\u00e3o:<\/strong> Al\u00e9m do desempenho, h\u00e1 um foco crescente na recupera\u00e7\u00e3o. Produtos como roupas de compress\u00e3o, que auxiliam na recupera\u00e7\u00e3o muscular, ou equipamentos que apoiam o bem-estar mental, t\u00eam visto um aumento na demanda, conforme indicado pela pesquisa de mercado de roupas esportivas.<\/li>\n<\/ul>\n\n\n\n<h2 class=\"wp-block-heading\">Desafios no mercado de roupas esportivas<\/h2>\n\n\n\n<figure class=\"gb-block-image gb-block-image-31d2f328\"><img loading=\"lazy\" decoding=\"async\" width=\"1456\" height=\"816\" class=\"gb-image gb-image-31d2f328\" src=\"https:\/\/www.sisinternational.com\/wp-content\/uploads\/2025\/08\/Smart-clothes-smart-textiles-5.jpg\" alt=\"Pesquisa e Estrat\u00e9gia de Mercado Internacional da SIS\" title=\"Smart clothes smart textiles (5)\" srcset=\"https:\/\/www.sisinternational.com\/wp-content\/uploads\/2025\/08\/Smart-clothes-smart-textiles-5.jpg 1456w, https:\/\/www.sisinternational.com\/wp-content\/uploads\/2025\/08\/Smart-clothes-smart-textiles-5-300x168.jpg 300w, https:\/\/www.sisinternational.com\/wp-content\/uploads\/2025\/08\/Smart-clothes-smart-textiles-5-1024x574.jpg 1024w, https:\/\/www.sisinternational.com\/wp-content\/uploads\/2025\/08\/Smart-clothes-smart-textiles-5-768x430.jpg 768w, https:\/\/www.sisinternational.com\/wp-content\/uploads\/2025\/08\/Smart-clothes-smart-textiles-5-18x10.jpg 18w\" sizes=\"auto, (max-width: 1456px) 100vw, 1456px\"><\/figure>\n\n\n\n<p><\/p>\n\n\n\n<p>A ind\u00fastria de roupas esportivas tamb\u00e9m enfrenta in\u00fameros desafios. Estes obst\u00e1culos, que v\u00e3o desde a evolu\u00e7\u00e3o das prefer\u00eancias dos consumidores at\u00e9 \u00e0s complexidades da cadeia de abastecimento, precisam de ser abordados estrategicamente para que as empresas prosperem. A pesquisa de mercado de roupas esportivas oferece uma lupa, focando nesses desafios e proporcionando uma compreens\u00e3o mais profunda. Aqui est\u00e3o algumas das preocupa\u00e7\u00f5es mais urgentes que o mercado de roupas esportivas enfrenta:<\/p>\n\n\n\n<ul class=\"wp-block-list\">\n<li><strong>Prefer\u00eancias do consumidor em r\u00e1pida mudan\u00e7a:<\/strong> With fashion trends shifting rapidly and tech integration becoming the norm, staying ahead of consumer desires is challenging. Sportswear market <a href=\"https:\/\/www.sisinternational.com\/pt\/solucoes\/inovacao\/pesquisa-de-mercado-agil\/\" title=\"Pesquisa de mercado \u00e1gil\"  data-wpil-monitor-id=\"7062\">pesquisar<\/a> consistently highlights the need for brands to remain agile and responsive.<\/li>\n\n\n\n<li><strong>Competi\u00e7\u00e3o intensa:<\/strong> The sportswear market is saturated with both established giants and innovative startups. Standing out in this crowded space and building brand loyalty is a challenge that <a href=\"https:\/\/www.sisinternational.com\/pt\/pericia\/industrias\/pesquisa-de-mercado-de-materiais-de-construcao-verdes\/\" title=\"Pesquisa de mercado de materiais de constru\u00e7\u00e3o verdes\"  data-wpil-monitor-id=\"3354\">pesquisa de mercado de roupas esportivas<\/a> frequently underscores.<\/li>\n\n\n\n<li><strong>Adaptabilidade Tecnol\u00f3gica:<\/strong> Com a crescente tecnologia vest\u00edvel e roupas esportivas inteligentes, as marcas enfrentam o desafio de n\u00e3o apenas incorporar tecnologia, mas tamb\u00e9m garantir que seja f\u00e1cil de usar, dur\u00e1vel e genuinamente ben\u00e9fica.<\/li>\n\n\n\n<li><strong>Obst\u00e1culos regulat\u00f3rios:<\/strong> Diferentes regi\u00f5es apresentam quadros regulat\u00f3rios variados, especialmente no que diz respeito \u00e0 seguran\u00e7a dos produtos, padr\u00f5es ambientais e pr\u00e1ticas trabalhistas. Navegar neste labirinto, especialmente para marcas que operam globalmente, \u00e9 um desafio destacado pela pesquisa de mercado de vestu\u00e1rio desportivo.<\/li>\n\n\n\n<li><strong>Produtos falsificados:<\/strong> O aumento de produtos de vestu\u00e1rio desportivo contrafeitos dilui o valor da marca e representa um desafio significativo na manuten\u00e7\u00e3o da autenticidade e confian\u00e7a da marca.<\/li>\n\n\n\n<li><strong>Evolu\u00e7\u00e3o do cen\u00e1rio do varejo:<\/strong> O decl\u00ednio das lojas f\u00edsicas tradicionais e a ascens\u00e3o das plataformas de com\u00e9rcio eletr\u00f3nico e dos modelos diretos ao consumidor exigem uma mudan\u00e7a nas estrat\u00e9gias de vendas e distribui\u00e7\u00e3o.<\/li>\n<\/ul>","protected":false},"excerpt":{"rendered":"<p>A pesquisa de tend\u00eancias de roupas esportivas fornece informa\u00e7\u00f5es valiosas para empresas que buscam melhorar sua estrat\u00e9gia competitiva.<\/p>","protected":false},"author":1,"featured_media":63729,"parent":14514,"menu_order":369,"comment_status":"closed","ping_status":"closed","template":"","meta":{"footnotes":""},"class_list":["post-43594","page","type-page","status-publish","has-post-thumbnail"],"_links":{"self":[{"href":"https:\/\/www.sisinternational.com\/pt\/wp-json\/wp\/v2\/pages\/43594","targetHints":{"allow":["GET"]}}],"collection":[{"href":"https:\/\/www.sisinternational.com\/pt\/wp-json\/wp\/v2\/pages"}],"about":[{"href":"https:\/\/www.sisinternational.com\/pt\/wp-json\/wp\/v2\/types\/page"}],"author":[{"embeddable":true,"href":"https:\/\/www.sisinternational.com\/pt\/wp-json\/wp\/v2\/users\/1"}],"replies":[{"embeddable":true,"href":"https:\/\/www.sisinternational.com\/pt\/wp-json\/wp\/v2\/comments?post=43594"}],"version-history":[{"count":7,"href":"https:\/\/www.sisinternational.com\/pt\/wp-json\/wp\/v2\/pages\/43594\/revisions"}],"predecessor-version":[{"id":80626,"href":"https:\/\/www.sisinternational.com\/pt\/wp-json\/wp\/v2\/pages\/43594\/revisions\/80626"}],"up":[{"embeddable":true,"href":"https:\/\/www.sisinternational.com\/pt\/wp-json\/wp\/v2\/pages\/14514"}],"wp:featuredmedia":[{"embeddable":true,"href":"https:\/\/www.sisinternational.com\/pt\/wp-json\/wp\/v2\/media\/63729"}],"wp:attachment":[{"href":"https:\/\/www.sisinternational.com\/pt\/wp-json\/wp\/v2\/media?parent=43594"}],"curies":[{"name":"wp","href":"https:\/\/api.w.org\/{rel}","templated":true}]}}