{"id":43488,"date":"2023-09-23T17:33:45","date_gmt":"2023-09-23T21:33:45","guid":{"rendered":"https:\/\/www.sisinternational.com\/?page_id=43488"},"modified":"2026-01-26T18:17:59","modified_gmt":"2026-01-26T23:17:59","slug":"pesquisa-de-mercado-de-otimizacao-de-cardapio-de-comida-de-restaurante","status":"publish","type":"page","link":"https:\/\/www.sisinternational.com\/pt\/pericia\/pesquisa-de-mercado-de-otimizacao-de-cardapio-de-comida-de-restaurante\/","title":{"rendered":"Pesquisa de mercado de otimiza\u00e7\u00e3o de card\u00e1pio de restaurantes e comidas"},"content":{"rendered":"<h1 class=\"wp-block-heading\">Pesquisa de mercado de otimiza\u00e7\u00e3o de card\u00e1pio de restaurantes e comidas<\/h1>\n\n\n\n<figure class=\"gb-block-image gb-block-image-d6ef51d4\"><img loading=\"lazy\" decoding=\"async\" width=\"1456\" height=\"816\" class=\"gb-image gb-image-d6ef51d4\" src=\"https:\/\/www.sisinternational.com\/wp-content\/uploads\/2025\/09\/Asian-food-5.jpg\" alt=\"Pesquisa e Estrat\u00e9gia de Mercado Internacional da SIS\" title=\"Asian food (5)\" srcset=\"https:\/\/www.sisinternational.com\/wp-content\/uploads\/2025\/09\/Asian-food-5.jpg 1456w, https:\/\/www.sisinternational.com\/wp-content\/uploads\/2025\/09\/Asian-food-5-300x168.jpg 300w, https:\/\/www.sisinternational.com\/wp-content\/uploads\/2025\/09\/Asian-food-5-1024x574.jpg 1024w, https:\/\/www.sisinternational.com\/wp-content\/uploads\/2025\/09\/Asian-food-5-768x430.jpg 768w, https:\/\/www.sisinternational.com\/wp-content\/uploads\/2025\/09\/Asian-food-5-18x10.jpg 18w\" sizes=\"auto, (max-width: 1456px) 100vw, 1456px\"><\/figure>\n\n\n\n<p><\/p>\n\n\n\n<p>Imagine entrar em um restaurante onde cada prato do card\u00e1pio parece chamar voc\u00ea, perfeitamente alinhado com as \u00faltimas tend\u00eancias gastron\u00f4micas e atendendo precisamente \u00e0s suas prefer\u00eancias alimentares. Como o restaurante conseguiu essa magia? A resposta est\u00e1 na pesquisa de mercado de otimiza\u00e7\u00e3o de card\u00e1pios de restaurantes e comidas.<\/p>\n\n\n\n<p>Atrav\u00e9s de uma mistura harmoniosa de artes culin\u00e1rias e insights baseados em dados, esta pesquisa especializada fornece aos donos de restaurantes as ferramentas necess\u00e1rias para transformar suas ofertas.<\/p>\n\n\n\n<h2 class=\"wp-block-heading\">Por que a pesquisa de mercado para otimiza\u00e7\u00e3o de card\u00e1pios de restaurantes e comidas \u00e9 crucial hoje?<\/h2>\n\n\n\n<p>Num mundo globalizado, onde as op\u00e7\u00f5es gastron\u00f3micas s\u00e3o abundantes e as tend\u00eancias alimentares evoluem rapidamente, manter-se \u00e0 frente no neg\u00f3cio da restaura\u00e7\u00e3o \u00e9 mais desafiante do que nunca. Veja por que a pesquisa de mercado \u00e9 cr\u00edtica no cen\u00e1rio culin\u00e1rio atual:<\/p>\n\n\n\n<ul class=\"wp-block-list\">\n<li><strong>Viabilidade econ\u00f4mica:<\/strong> Not all delicious dishes are profitable. <a href=\"https:\/\/www.sisinternational.com\/pt\/pericia\/industrias\/pesquisa-de-mercado-de-restaurantes-chineses\/\" title=\"Pesquisa de mercado de restaurantes chineses\"  data-wpil-monitor-id=\"3798\">Restaurant and food menu optimization market research<\/a> helps restaurants identify which dishes are not only popular but also cost-effective, ensuring the sustainability of the business.<\/li>\n\n\n\n<li><strong>Tend\u00eancias diet\u00e9ticas e de sa\u00fade:<\/strong> With a rising focus on health and wellness, many consumers are adopting specific diets, be it vegan, keto, gluten-free, or paleo. <a href=\"https:\/\/www.sisinternational.com\/pt\/pericia\/industrias\/pesquisa-de-mercado-de-restaurantes-fast-casual\/\" title=\"Pesquisa de mercado de restaurantes casuais r\u00e1pidos\"  data-wpil-monitor-id=\"5931\">Restaurant and food menu optimization market research<\/a> ensures that restaurants cater to these niches, broadening their customer base.<\/li>\n\n\n\n<li><strong>Vantagem Competitiva:<\/strong> Num mercado saturado, o que distingue um restaurante de outro \u00e9 muitas vezes o seu menu. Ao compreender o que os clientes realmente desejam e oferecer pratos exclusivos e adaptados a esses desejos, os restaurantes podem se diferenciar da concorr\u00eancia.<\/li>\n\n\n\n<li><strong>Integra\u00e7\u00e3o Tecnol\u00f3gica:<\/strong> <a href=\"https:\/\/www.sisinternational.com\/pt\/pericia\/industrias\/tecnologia-medica-pesquisa-de-mercado-de-tecnologia-medica\/\" title=\"Pesquisa de mercado de tecnologia m\u00e9dica (Med Tech)\"  data-wpil-monitor-id=\"4195\">Restaurant and food menu optimization market<\/a> research can guide restaurants in integrating technology seamlessly, from optimizing online menus for delivery apps to addressing feedback from online reviews.<\/li>\n\n\n\n<li><strong>Sustentabilidade e escolhas \u00e9ticas:<\/strong> Os consumidores modernos est\u00e3o cada vez mais conscientes das implica\u00e7\u00f5es ambientais e \u00e9ticas das suas escolhas alimentares. A pesquisa de mercado pode lan\u00e7ar luz sobre o fornecimento de ingredientes sustent\u00e1veis, a redu\u00e7\u00e3o do desperd\u00edcio de alimentos e a tomada de decis\u00f5es \u00e9ticas que repercutam nos clientes.<\/li>\n\n\n\n<li><strong>Nuances Culturais e Regionais:<\/strong> A pesquisa de mercado de otimiza\u00e7\u00e3o de card\u00e1pios de restaurantes e comidas pode identificar gostos regionais, prefer\u00eancias culturais e tend\u00eancias locais, garantindo que o card\u00e1pio corresponda ao grupo demogr\u00e1fico espec\u00edfico de cada local de restaurante.<\/li>\n<\/ul>\n\n\n\n<h2 class=\"wp-block-heading\">Oportunidades em pesquisa de mercado de otimiza\u00e7\u00e3o de card\u00e1pios de restaurantes e comidas<\/h2>\n\n\n\n<figure class=\"gb-block-image gb-block-image-e46f9f59\"><img loading=\"lazy\" decoding=\"async\" width=\"1456\" height=\"816\" class=\"gb-image gb-image-e46f9f59\" src=\"https:\/\/www.sisinternational.com\/wp-content\/uploads\/2025\/09\/Asian-food-13.jpg\" alt=\"Pesquisa e Estrat\u00e9gia de Mercado Internacional da SIS\" title=\"Asian food (13)\" srcset=\"https:\/\/www.sisinternational.com\/wp-content\/uploads\/2025\/09\/Asian-food-13.jpg 1456w, https:\/\/www.sisinternational.com\/wp-content\/uploads\/2025\/09\/Asian-food-13-300x168.jpg 300w, https:\/\/www.sisinternational.com\/wp-content\/uploads\/2025\/09\/Asian-food-13-1024x574.jpg 1024w, https:\/\/www.sisinternational.com\/wp-content\/uploads\/2025\/09\/Asian-food-13-768x430.jpg 768w, https:\/\/www.sisinternational.com\/wp-content\/uploads\/2025\/09\/Asian-food-13-18x10.jpg 18w\" sizes=\"auto, (max-width: 1456px) 100vw, 1456px\"><\/figure>\n\n\n\n<p><\/p>\n\n\n\n<p>O cen\u00e1rio em evolu\u00e7\u00e3o da ind\u00fastria de restaurantes apresenta in\u00fameras oportunidades no dom\u00ednio da pesquisa de mercado de otimiza\u00e7\u00e3o de card\u00e1pios de restaurantes e comidas. Algumas das oportunidades mais not\u00f3rias s\u00e3o:<\/p>\n\n\n\n<ul class=\"wp-block-list\">\n<li><strong>Inova\u00e7\u00f5es culin\u00e1rias baseadas em dados:<\/strong> \u00c0 medida que os restaurantes t\u00eam acesso a coment\u00e1rios e prefer\u00eancias mais detalhados dos consumidores, existe uma vasta oportunidade para chefs e cientistas alimentares colaborarem, criando pratos inovadores que se alinham perfeitamente com a procura do mercado.<\/li>\n\n\n\n<li><strong>Otimiza\u00e7\u00e3o nutricional e de bem-estar:<\/strong> As health and wellness gain prominence, there is a growing <a href=\"https:\/\/www.sisinternational.com\/pt\/solucoes\/pesquisa-de-mercado-de-ia-e-consultoria-estrategica\/pesquisa-de-mercado-de-ia-do-chatbot\/\" title=\"Pesquisa de mercado de IA do Chatbot\"  data-wpil-monitor-id=\"2778\">market for research<\/a> into crafting menus that are not just tasty but also nutritionally balanced, catering to the health-conscious consumer.<\/li>\n\n\n\n<li><strong>Expans\u00e3o Global e Franchising:<\/strong> Para os restaurantes que pretendem expandir-se globalmente, uma pesquisa de mercado detalhada pode oferecer informa\u00e7\u00f5es valiosas sobre as prefer\u00eancias regionais, garantindo lan\u00e7amentos bem-sucedidos em diversos mercados.<\/li>\n\n\n\n<li><strong>Treino e educa\u00e7\u00e3o:<\/strong> Dada a natureza evolutiva da ind\u00fastria, existe uma oportunidade significativa para institui\u00e7\u00f5es e profissionais oferecerem programas de treinamento, workshops e cursos focados na otimiza\u00e7\u00e3o de card\u00e1pios e t\u00e9cnicas de pesquisa de mercado relacionadas.<\/li>\n\n\n\n<li><strong>Gest\u00e3o de Crises e Planejamento de Conting\u00eancia:<\/strong> Num mundo onde os eventos globais podem ter um impacto dr\u00e1stico na ind\u00fastria da restaura\u00e7\u00e3o, as empresas de estudos de mercado especializadas na gest\u00e3o de crises e na adaptabilidade dos menus podem oferecer uma orienta\u00e7\u00e3o inestim\u00e1vel, garantindo que os restaurantes permanecem resilientes.<\/li>\n<\/ul>\n\n\n\n<h2 class=\"wp-block-heading\">Desafios<\/h2>\n\n\n\n<p>Embora os benef\u00edcios potenciais da pesquisa de mercado de otimiza\u00e7\u00e3o de card\u00e1pios de restaurantes e comidas sejam substanciais, ela apresenta v\u00e1rios desafios que as empresas devem enfrentar, tais como:<\/p>\n\n\n\n<ul class=\"wp-block-list\">\n<li><strong>Diversas prefer\u00eancias do consumidor:<\/strong> Atender a um p\u00fablico global significa abordar diversos gostos, nuances culturais e restri\u00e7\u00f5es alimentares, tornando um desafio criar um menu universalmente atraente.<\/li>\n\n\n\n<li><strong>Flutua\u00e7\u00f5es econ\u00f4micas e pre\u00e7os:<\/strong> Equilibrar entre oferecer pratos premium e mant\u00ea-los economicamente vi\u00e1veis \u00e9 uma caminhada na corda bamba. A otimiza\u00e7\u00e3o de pre\u00e7os sem comprometer a qualidade \u00e9 um desafio constante.<\/li>\n\n\n\n<li><strong>Limita\u00e7\u00f5es Tecnol\u00f3gicas:<\/strong> Embora a tecnologia ofere\u00e7a solu\u00e7\u00f5es, ela tamb\u00e9m apresenta desafios. Garantir a compatibilidade entre plataformas, integrar tecnologias emergentes e acompanhar os avan\u00e7os tecnol\u00f3gicos pode ser uma tarefa desafiadora.<\/li>\n\n\n\n<li><strong>Lacunas de treinamento e habilidades:<\/strong> \u00c0 medida que a otimiza\u00e7\u00e3o do card\u00e1pio se torna mais sofisticada, h\u00e1 necessidade de profissionais qualificados que entendam tanto os aspectos culin\u00e1rios quanto os de dados. Colmatar esta lacuna de compet\u00eancias \u00e9 um desafio.<\/li>\n\n\n\n<li><strong>Preocupa\u00e7\u00f5es com a privacidade do consumidor:<\/strong> Numa \u00e9poca em que a privacidade dos dados \u00e9 fundamental, recolher as prefer\u00eancias dos consumidores e outros dados sem infringir os direitos e regulamentos de privacidade \u00e9 uma preocupa\u00e7\u00e3o premente.<\/li>\n\n\n\n<li><strong>Equilibrando Tradi\u00e7\u00e3o e Inova\u00e7\u00e3o:<\/strong> Embora a inova\u00e7\u00e3o seja vital, h\u00e1 tamb\u00e9m um segmento de consumidores que procura sabores e experi\u00eancias tradicionais. Encontrar um equil\u00edbrio para atender a ambos os grupos demogr\u00e1ficos \u00e9 complexo.<\/li>\n\n\n\n<li><strong>Fatores Externos e Incertezas:<\/strong> Eventos imprevis\u00edveis podem impactar drasticamente o comportamento e as prefer\u00eancias do consumidor, tornando necess\u00e1ria uma adapta\u00e7\u00e3o consistente da pesquisa.<\/li>\n<\/ul>\n\n\n\n<h2 class=\"wp-block-heading\">O futuro da pesquisa de mercado de otimiza\u00e7\u00e3o de card\u00e1pios de restaurantes e comidas<\/h2>\n\n\n\n<figure class=\"gb-block-image gb-block-image-cd71f52b\"><img loading=\"lazy\" decoding=\"async\" width=\"1456\" height=\"816\" class=\"gb-image gb-image-cd71f52b\" src=\"https:\/\/www.sisinternational.com\/wp-content\/uploads\/2025\/09\/Asian-food-7.jpg\" alt=\"Pesquisa e Estrat\u00e9gia de Mercado Internacional da SIS\" title=\"Asian food (7)\" srcset=\"https:\/\/www.sisinternational.com\/wp-content\/uploads\/2025\/09\/Asian-food-7.jpg 1456w, https:\/\/www.sisinternational.com\/wp-content\/uploads\/2025\/09\/Asian-food-7-300x168.jpg 300w, https:\/\/www.sisinternational.com\/wp-content\/uploads\/2025\/09\/Asian-food-7-1024x574.jpg 1024w, https:\/\/www.sisinternational.com\/wp-content\/uploads\/2025\/09\/Asian-food-7-768x430.jpg 768w, https:\/\/www.sisinternational.com\/wp-content\/uploads\/2025\/09\/Asian-food-7-18x10.jpg 18w\" sizes=\"auto, (max-width: 1456px) 100vw, 1456px\"><\/figure>\n\n\n\n<p><\/p>\n\n\n\n<p>A ind\u00fastria de restaurantes \u00e9 continuamente moldada por avan\u00e7os tecnol\u00f3gicos, mudan\u00e7as culturais e evolu\u00e7\u00e3o do comportamento do consumidor. Portanto, espera-se que a pesquisa de mercado de otimiza\u00e7\u00e3o de card\u00e1pios de restaurantes e alimentos passe por mudan\u00e7as transformadoras que redefinir\u00e3o a forma como os card\u00e1pios s\u00e3o elaborados e apresentados. Aqui est\u00e1 um vislumbre do que o futuro pode reservar:<\/p>\n\n\n\n<ul class=\"wp-block-list\">\n<li><strong>Integra\u00e7\u00e3o de Tecnologias Avan\u00e7adas:<\/strong> Intelig\u00eancia artificial (IA) e aprendizagem autom\u00e1tica (ML): ajudar\u00e3o as empresas a prever tend\u00eancias alimentares com base em vastos conjuntos de dados. Essa an\u00e1lise preditiva fornecer\u00e1 insights sobre pratos de sucesso em potencial antes mesmo de se tornarem tend\u00eancia. Da mesma forma, as tecnologias de realidade aumentada (AR) e realidade virtual (VR) podem oferecer experi\u00eancias de menu imersivas, permitindo aos clientes explorar virtualmente pratos em 3D, compreender os seus ingredientes e at\u00e9 vivenciar a sua jornada de prepara\u00e7\u00e3o.<\/li>\n\n\n\n<li><strong>An\u00e1lise de Sustentabilidade:<\/strong> Com as crescentes preocupa\u00e7\u00f5es globais sobre a sustentabilidade, as futuras ferramentas de pesquisa de mercado poder\u00e3o oferecer an\u00e1lises detalhadas sobre a pegada de carbono de cada prato, orientando os restaurantes a elaborar menus ecol\u00f3gicos.<\/li>\n\n\n\n<li><strong>Neurogastronomia e Experi\u00eancias Sensoriais:<\/strong> Delving into the science of flavor perception and how the brain interprets these signals, future research might focus on <a href=\"https:\/\/www.sisinternational.com\/pt\/pericia\/industrias\/pesquisa-de-mercado-sensorial-2\/\" title=\"Pesquisa de mercado sensorial\"  data-wpil-monitor-id=\"6831\">optimizing<\/a> menus that cater to the holistic sensory experience, not just taste.<\/li>\n\n\n\n<li><strong>Ajustes de menu em tempo real:<\/strong> Como a tecnologia permite feedback e coleta de dados em tempo real, os restaurantes podem fazer ajustes instant\u00e2neos no card\u00e1pio com base no feedback atual dos clientes, na disponibilidade de estoque ou at\u00e9 mesmo em eventos locais.<\/li>\n\n\n\n<li><strong>Sensibilidade Cultural e \u00c9tica:<\/strong> \u00c0 medida que o mundo se torna mais interligado, haver\u00e1 uma maior \u00eanfase na compreens\u00e3o e no respeito pelas nuances culturais na alimenta\u00e7\u00e3o. A pesquisa de mercado de otimiza\u00e7\u00e3o de card\u00e1pios de restaurantes e comidas ajudar\u00e1 na elabora\u00e7\u00e3o de card\u00e1pios que sejam culturalmente sens\u00edveis, promovendo a inclus\u00e3o e ampliando o apelo.<\/li>\n\n\n\n<li><strong>Modelos de neg\u00f3cios hol\u00edsticos:<\/strong> Al\u00e9m da otimiza\u00e7\u00e3o de alimentos, restaurantes e card\u00e1pios, a pesquisa de mercado considerar\u00e1 todo o ecossistema gastron\u00f4mico, incluindo ambiente, estilo de servi\u00e7o e at\u00e9 m\u00fasica de fundo, garantindo que todos os aspectos complementem o card\u00e1pio otimizado.<\/li>\n\n\n\n<li><strong>Pesquisa sobre crise e adaptabilidade:<\/strong> Dados os desafios globais, como pandemias ou perturba\u00e7\u00f5es na cadeia de abastecimento, a investiga\u00e7\u00e3o futura poder\u00e1 centrar-se na forma como os restaurantes podem adaptar rapidamente os seus menus em resposta a mudan\u00e7as externas repentinas.<\/li>\n<\/ul>","protected":false},"excerpt":{"rendered":"<p>Imagine um card\u00e1pio adaptado \u00e0 sua dieta e tend\u00eancias alimentares. Isso \u00e9 conseguido com pesquisas de mercado de otimiza\u00e7\u00e3o de card\u00e1pios de restaurantes e comidas.<\/p>","protected":false},"author":1,"featured_media":65464,"parent":14514,"menu_order":368,"comment_status":"closed","ping_status":"closed","template":"","meta":{"footnotes":""},"class_list":["post-43488","page","type-page","status-publish","has-post-thumbnail"],"_links":{"self":[{"href":"https:\/\/www.sisinternational.com\/pt\/wp-json\/wp\/v2\/pages\/43488","targetHints":{"allow":["GET"]}}],"collection":[{"href":"https:\/\/www.sisinternational.com\/pt\/wp-json\/wp\/v2\/pages"}],"about":[{"href":"https:\/\/www.sisinternational.com\/pt\/wp-json\/wp\/v2\/types\/page"}],"author":[{"embeddable":true,"href":"https:\/\/www.sisinternational.com\/pt\/wp-json\/wp\/v2\/users\/1"}],"replies":[{"embeddable":true,"href":"https:\/\/www.sisinternational.com\/pt\/wp-json\/wp\/v2\/comments?post=43488"}],"version-history":[{"count":8,"href":"https:\/\/www.sisinternational.com\/pt\/wp-json\/wp\/v2\/pages\/43488\/revisions"}],"predecessor-version":[{"id":80407,"href":"https:\/\/www.sisinternational.com\/pt\/wp-json\/wp\/v2\/pages\/43488\/revisions\/80407"}],"up":[{"embeddable":true,"href":"https:\/\/www.sisinternational.com\/pt\/wp-json\/wp\/v2\/pages\/14514"}],"wp:featuredmedia":[{"embeddable":true,"href":"https:\/\/www.sisinternational.com\/pt\/wp-json\/wp\/v2\/media\/65464"}],"wp:attachment":[{"href":"https:\/\/www.sisinternational.com\/pt\/wp-json\/wp\/v2\/media?parent=43488"}],"curies":[{"name":"wp","href":"https:\/\/api.w.org\/{rel}","templated":true}]}}