{"id":43480,"date":"2023-09-23T16:34:06","date_gmt":"2023-09-23T20:34:06","guid":{"rendered":"https:\/\/www.sisinternational.com\/?page_id=43480"},"modified":"2026-01-24T21:10:48","modified_gmt":"2026-01-25T02:10:48","slug":"pesquisa-de-mercado-de-ferramentas-de-precisao","status":"publish","type":"page","link":"https:\/\/www.sisinternational.com\/pt\/pericia\/pesquisa-de-mercado-de-ferramentas-de-precisao\/","title":{"rendered":"Pesquisa de mercado de ferramentas de precis\u00e3o"},"content":{"rendered":"<h1 class=\"wp-block-heading\">Pesquisa de mercado de ferramentas de precis\u00e3o<\/h1>\n\n\n\n<figure class=\"gb-block-image gb-block-image-c4b8d8d6\"><img loading=\"lazy\" decoding=\"async\" width=\"1456\" height=\"816\" class=\"gb-image gb-image-c4b8d8d6\" src=\"https:\/\/www.sisinternational.com\/wp-content\/uploads\/2025\/08\/Precision-tools-2.jpg\" alt=\"Pesquisa e Estrat\u00e9gia de Mercado Internacional da SIS\" title=\"Precision tools (2)\" srcset=\"https:\/\/www.sisinternational.com\/wp-content\/uploads\/2025\/08\/Precision-tools-2.jpg 1456w, https:\/\/www.sisinternational.com\/wp-content\/uploads\/2025\/08\/Precision-tools-2-300x168.jpg 300w, https:\/\/www.sisinternational.com\/wp-content\/uploads\/2025\/08\/Precision-tools-2-1024x574.jpg 1024w, https:\/\/www.sisinternational.com\/wp-content\/uploads\/2025\/08\/Precision-tools-2-768x430.jpg 768w, https:\/\/www.sisinternational.com\/wp-content\/uploads\/2025\/08\/Precision-tools-2-18x10.jpg 18w\" sizes=\"auto, (max-width: 1456px) 100vw, 1456px\"><\/figure>\n\n\n\n<p><\/p>\n\n\n\n<p>Quantas vezes voc\u00ea viu o funcionamento perfeito de uma aeronave ou a precis\u00e3o de um dispositivo m\u00e9dico? Por tr\u00e1s dessas maravilhas da engenharia e do design est\u00e3o ferramentas de precis\u00e3o. Esses instrumentos meticulosamente elaborados garantem que cada aplica\u00e7\u00e3o na fabrica\u00e7\u00e3o e na ind\u00fastria atenda ao padr\u00e3o ouro de precis\u00e3o.<\/p>\n\n\n\n<p>Hoje, o mercado global de ferramentas de precis\u00e3o desempenha um papel fundamental na promo\u00e7\u00e3o da qualidade e da efici\u00eancia em diversos setores \u2013 e \u00e0 medida que a tecnologia avan\u00e7a e as ind\u00fastrias se transformam, a \u00eanfase na precis\u00e3o s\u00f3 se intensifica, levando a um aumento da procura destas ferramentas.<\/p>\n\n\n\n<h2 class=\"wp-block-heading\">O que \u00e9 pesquisa de mercado de ferramentas de precis\u00e3o?<\/h2>\n\n\n\n<p>A pesquisa de mercado de ferramentas de precis\u00e3o \u00e9 um dom\u00ednio especializado de an\u00e1lise de mercado dedicado a compreender as complexidades das ferramentas projetadas para alta precis\u00e3o e toler\u00e2ncia m\u00ednima. Estas ferramentas s\u00e3o vitais em setores onde um pequeno erro pode resultar em repercuss\u00f5es significativas \u2013 e a pesquisa de mercado de ferramentas de precis\u00e3o procura:<\/p>\n\n\n\n<ul class=\"wp-block-list\">\n<li><strong>Avalie o tamanho e o crescimento do mercado:<\/strong> Businesses can determine the current value of the precision tools market and <a href=\"https:\/\/www.sisinternational.com\/pt\/industry-forecast\/it-industry-forecast\/\" title=\"IT Industry Forecast\"  data-wpil-monitor-id=\"3206\">forecast its growth based on emerging industry<\/a> needs, technological advancements, and evolving manufacturing practices.<\/li>\n\n\n\n<li><strong>Avalie a demanda da ind\u00fastria:<\/strong> As empresas podem reconhecer quais ind\u00fastrias dependem fortemente de ferramentas de precis\u00e3o. Por exemplo, a ind\u00fastria aeroespacial pode necessitar de medi\u00e7\u00f5es precisas para garantir a seguran\u00e7a e a funcionalidade dos componentes das aeronaves.<\/li>\n\n\n\n<li><strong>Identifique tend\u00eancias e inova\u00e7\u00f5es:<\/strong> A pesquisa de mercado de ferramentas de precis\u00e3o ajuda a identificar avan\u00e7os na tecnologia de ferramentas, como a introdu\u00e7\u00e3o de micr\u00f4metros digitais ou ferramentas integradas \u00e0 IA para melhor precis\u00e3o.<\/li>\n\n\n\n<li><strong>Entenda a din\u00e2mica regional:<\/strong> Diferentes regi\u00f5es podem ter demandas variadas com base no seu foco industrial. Uma regi\u00e3o com uma forte ind\u00fastria automobil\u00edstica, por exemplo, pode ter uma demanda maior por determinadas ferramentas de precis\u00e3o em compara\u00e7\u00e3o com uma regi\u00e3o com foco em eletr\u00f4nica.<\/li>\n\n\n\n<li><strong>Avalie as prefer\u00eancias do cliente:<\/strong> As empresas podem determinar o que os usu\u00e1rios finais procuram em ferramentas de precis\u00e3o \u2014 seja durabilidade, precis\u00e3o, facilidade de uso ou recursos de integra\u00e7\u00e3o.<\/li>\n<\/ul>\n\n\n\n<h2 class=\"wp-block-heading\">Benef\u00edcios da pesquisa de mercado de ferramentas de precis\u00e3o<\/h2>\n\n\n\n<figure class=\"gb-block-image gb-block-image-0221c6a9\"><img loading=\"lazy\" decoding=\"async\" width=\"1456\" height=\"816\" class=\"gb-image gb-image-0221c6a9\" src=\"https:\/\/www.sisinternational.com\/wp-content\/uploads\/2025\/08\/Precision-tools-1.jpg\" alt=\"Pesquisa e Estrat\u00e9gia de Mercado Internacional da SIS\" title=\"Precision tools (1)\" srcset=\"https:\/\/www.sisinternational.com\/wp-content\/uploads\/2025\/08\/Precision-tools-1.jpg 1456w, https:\/\/www.sisinternational.com\/wp-content\/uploads\/2025\/08\/Precision-tools-1-300x168.jpg 300w, https:\/\/www.sisinternational.com\/wp-content\/uploads\/2025\/08\/Precision-tools-1-1024x574.jpg 1024w, https:\/\/www.sisinternational.com\/wp-content\/uploads\/2025\/08\/Precision-tools-1-768x430.jpg 768w, https:\/\/www.sisinternational.com\/wp-content\/uploads\/2025\/08\/Precision-tools-1-18x10.jpg 18w\" sizes=\"auto, (max-width: 1456px) 100vw, 1456px\"><\/figure>\n\n\n\n<p><\/p>\n\n\n\n<p>A pesquisa de mercado de ferramentas de precis\u00e3o oferece uma infinidade de vantagens para diversas partes interessadas, desde fabricantes at\u00e9 investidores e usu\u00e1rios finais. Aqui est\u00e1 uma explora\u00e7\u00e3o dos benef\u00edcios que isso traz para a mesa:<\/p>\n\n\n\n<ul class=\"wp-block-list\">\n<li><strong>Melhor tomada de decis\u00f5es:<\/strong> Ao compreender de forma abrangente o panorama do mercado de ferramentas de precis\u00e3o, as empresas podem tomar decis\u00f5es apoiadas em dados, reduzindo suposi\u00e7\u00f5es e melhorando a dire\u00e7\u00e3o estrat\u00e9gica.<\/li>\n\n\n\n<li><strong>Vantagem Competitiva:<\/strong> Obter insights sobre as estrat\u00e9gias dos concorrentes, ofertas de produtos e pontos fortes e fracos permite que as empresas se diferenciem e potencialmente encontrem propostas de vendas exclusivas.<\/li>\n\n\n\n<li><strong>Previs\u00e3o:<\/strong> Ao compreender as tend\u00eancias do mercado e as previs\u00f5es futuras, as empresas podem ser proativas em vez de reativas, posicionando-se \u00e0 frente das mudan\u00e7as do mercado.<\/li>\n\n\n\n<li><strong>Desenvolvimento aprimorado de produtos:<\/strong> Feedback e insights sobre as ferramentas atuais e seu desempenho podem orientar os departamentos de pesquisa e desenvolvimento a inovar e produzir ferramentas que atendam de forma mais eficaz \u00e0s necessidades dos usu\u00e1rios.<\/li>\n\n\n\n<li><strong>Estrat\u00e9gias otimizadas de marketing e vendas:<\/strong> Compreender os usu\u00e1rios finais, seus requisitos e demandas regionais permite que as empresas adaptem suas abordagens de marketing e vendas, garantindo melhor ROI nas campanhas.<\/li>\n\n\n\n<li><strong>Gest\u00e3o da cadeia de abastecimento:<\/strong> Os insights sobre a din\u00e2mica de demanda e fornecimento de ferramentas de precis\u00e3o permitem que as empresas simplifiquem sua cadeia de suprimentos, garantindo produ\u00e7\u00e3o e entrega oportunas e despesas gerais reduzidas.<\/li>\n\n\n\n<li><strong>Rela\u00e7\u00f5es Fortalecidas com o Cliente:<\/strong> Quando as empresas atendem \u00e0s necessidades precisas do mercado, isso demonstra seu compromisso com a satisfa\u00e7\u00e3o do cliente, promovendo fidelidade e relacionamentos de longo prazo.<\/li>\n<\/ul>\n\n\n\n<h2 class=\"wp-block-heading\">Principais players no mercado de ferramentas de precis\u00e3o<\/h2>\n\n\n\n<p>O mercado de ferramentas de precis\u00e3o \u00e9 caracterizado por uma mistura de l\u00edderes industriais bem estabelecidos e inovadores emergentes. Estes intervenientes-chave n\u00e3o s\u00f3 moldam a trajet\u00f3ria do mercado, mas tamb\u00e9m impulsionam a inova\u00e7\u00e3o, estabelecendo padr\u00f5es de qualidade, efici\u00eancia e avan\u00e7o tecnol\u00f3gico. Aqui est\u00e3o alguns dos nomes proeminentes no mercado de ferramentas de precis\u00e3o:<\/p>\n\n\n\n<ul class=\"wp-block-list\">\n<li><strong>Grupo Sandvik:<\/strong> Uma pot\u00eancia global em engenharia, a Sandvik tem estado na vanguarda do desenvolvimento de ferramentas de precis\u00e3o de ponta para v\u00e1rios setores, desde minera\u00e7\u00e3o at\u00e9 constru\u00e7\u00e3o.<\/li>\n\n\n\n<li><strong>Stanley Black &amp; Decker:<\/strong> Com uma hist\u00f3ria que se estende por mais de um s\u00e9culo, esta empresa \u00e9 sin\u00f4nimo de ferramentas manuais, ferramentas el\u00e9tricas e acess\u00f3rios relacionados de alta qualidade.<\/li>\n\n\n\n<li><strong>Kennametal:<\/strong> Reconhecida por suas ferramentas de usinagem, a Kennametal oferece uma variedade de ferramentas de precis\u00e3o adaptadas \u00e0s necessidades espec\u00edficas de setores como aeroespacial, energia e transporte.<\/li>\n\n\n\n<li><strong>Corpora\u00e7\u00e3o de Materiais Mitsubishi:<\/strong> Gigante do setor de materiais, a Mitsubishi Materials tem presen\u00e7a significativa no mercado de ferramentas de precis\u00e3o, principalmente em ferramentas de metal duro.<\/li>\n\n\n\n<li><strong>Corpora\u00e7\u00e3o Makita:<\/strong> Um nome l\u00edder em ferramentas el\u00e9tricas, a Makita tem fornecido consistentemente produtos dur\u00e1veis e de alta qualidade, feitos sob medida para uso industrial e dom\u00e9stico.<\/li>\n\n\n\n<li><strong>Corpora\u00e7\u00e3o de ferramentas Bosch:<\/strong> Parte do Grupo Bosch, esta entidade tem sido um player significativo na produ\u00e7\u00e3o de ferramentas el\u00e9tricas, ferramentas de medi\u00e7\u00e3o e acess\u00f3rios.<\/li>\n<\/ul>\n\n\n\n<h2 class=\"wp-block-heading\">Pesquisa de mercado de ferramentas de precis\u00e3o e suas oportunidades<\/h2>\n\n\n\n<figure class=\"gb-block-image gb-block-image-cd83a571\"><img loading=\"lazy\" decoding=\"async\" width=\"1456\" height=\"816\" class=\"gb-image gb-image-cd83a571\" src=\"https:\/\/www.sisinternational.com\/wp-content\/uploads\/2025\/08\/Precision-tools-4.jpg\" alt=\"Pesquisa e Estrat\u00e9gia de Mercado Internacional da SIS\" title=\"Precision tools (4)\" srcset=\"https:\/\/www.sisinternational.com\/wp-content\/uploads\/2025\/08\/Precision-tools-4.jpg 1456w, https:\/\/www.sisinternational.com\/wp-content\/uploads\/2025\/08\/Precision-tools-4-300x168.jpg 300w, https:\/\/www.sisinternational.com\/wp-content\/uploads\/2025\/08\/Precision-tools-4-1024x574.jpg 1024w, https:\/\/www.sisinternational.com\/wp-content\/uploads\/2025\/08\/Precision-tools-4-768x430.jpg 768w, https:\/\/www.sisinternational.com\/wp-content\/uploads\/2025\/08\/Precision-tools-4-18x10.jpg 18w\" sizes=\"auto, (max-width: 1456px) 100vw, 1456px\"><\/figure>\n\n\n\n<p><\/p>\n\n\n\n<p>No cen\u00e1rio industrial din\u00e2mico de hoje, o setor de ferramentas de precis\u00e3o est\u00e1 testemunhando r\u00e1pidos avan\u00e7os. Com as ind\u00fastrias a depender cada vez mais de ferramentas de alta precis\u00e3o, o \u00e2mbito do mercado de ferramentas de precis\u00e3o est\u00e1 a expandir-se \u2013 e a investiga\u00e7\u00e3o do mercado de ferramentas de precis\u00e3o ajuda as partes interessadas a capitalizarem a infinidade de oportunidades que temos pela frente. Algumas dessas oportunidades s\u00e3o:<\/p>\n\n\n\n<ul class=\"wp-block-list\">\n<li><strong>Integra\u00e7\u00e3o de IA e aprendizado de m\u00e1quina:<\/strong> H\u00e1 uma tend\u00eancia crescente de incorporar recursos de intelig\u00eancia artificial (IA) e aprendizado de m\u00e1quina em ferramentas de precis\u00e3o. Essa integra\u00e7\u00e3o permite manuten\u00e7\u00e3o preditiva, calibra\u00e7\u00e3o automatizada e otimiza\u00e7\u00e3o de desempenho em tempo real.<\/li>\n\n\n\n<li><strong>Explora\u00e7\u00e3o de nicho de mercado:<\/strong> Ferramentas de precis\u00e3o adaptadas para setores espec\u00edficos como biom\u00e9dico, microeletr\u00f4nica ou relojoaria de luxo oferecem um vasto potencial. A pesquisa de mercado de ferramentas de precis\u00e3o pode revelar essas demandas de nicho, abrindo novos fluxos de receita para os fabricantes.<\/li>\n\n\n\n<li><strong>Fabrica\u00e7\u00e3o Verde:<\/strong> \u00c0 medida que a sustentabilidade se torna fundamental, h\u00e1 uma procura crescente por ferramentas de precis\u00e3o que apoiem a produ\u00e7\u00e3o ecol\u00f3gica, minimizem o desperd\u00edcio e reduzam o consumo de energia.<\/li>\n\n\n\n<li><strong>Personaliza\u00e7\u00e3o e Personaliza\u00e7\u00e3o:<\/strong> Com as empresas procurando ferramentas adaptadas \u00e0s suas necessidades exclusivas, h\u00e1 uma oportunidade para os fabricantes oferecerem solu\u00e7\u00f5es personalizadas que atendam aos requisitos espec\u00edficos do setor.<\/li>\n\n\n\n<li><strong>Colabora\u00e7\u00f5es e Parcerias:<\/strong> A pesquisa de mercado pode identificar potenciais parceiros, desde fornecedores de mat\u00e9rias-primas a empresas tecnol\u00f3gicas, promovendo colabora\u00e7\u00f5es que impulsionam a inova\u00e7\u00e3o no setor das ferramentas de precis\u00e3o.<\/li>\n\n\n\n<li><strong>Expans\u00e3o Geogr\u00e1fica:<\/strong> Os mercados emergentes apresentam oportunidades lucrativas. A pesquisa de mercado de ferramentas de precis\u00e3o pode orientar as empresas na compreens\u00e3o das demandas regionais, dos cen\u00e1rios regulat\u00f3rios e das nuances culturais, auxiliando na entrada e na expans\u00e3o bem-sucedidas do mercado.<\/li>\n\n\n\n<li><strong>Treinamento e desenvolvimento de habilidades:<\/strong> \u00c0 medida que as ferramentas se tornam mais avan\u00e7adas, h\u00e1 uma necessidade crescente de operadores qualificados. Oferecer programas de treinamento e workshops pode ser um servi\u00e7o valioso, garantindo que os clientes utilizem as ferramentas em seu potencial m\u00e1ximo.<\/li>\n\n\n\n<li><strong>Servi\u00e7o p\u00f3s-venda:<\/strong> Com as ferramentas cada vez mais complexas, h\u00e1 uma demanda emergente por servi\u00e7os p\u00f3s-venda, manuten\u00e7\u00e3o e reparos. Os fabricantes podem aproveitar isso para oferecer garantias estendidas, pacotes de manuten\u00e7\u00e3o e servi\u00e7os de consultoria.<\/li>\n<\/ul>\n\n\n\n<h2 class=\"wp-block-heading\">Pesquisa de mercado de ferramentas de precis\u00e3o e seus desafios<\/h2>\n\n\n\n<p>Aventurar-se no setor de ferramentas de precis\u00e3o \u00e9 um desafio \u2013 e mesmo que a pesquisa de mercado de ferramentas de precis\u00e3o vise superar estes desafios, fornecendo clareza e insights acion\u00e1veis, as empresas precisam avaliar as suas pr\u00f3prias capacidades para superar esses obst\u00e1culos.<\/p>\n\n\n\n<ul class=\"wp-block-list\">\n<li><strong>Preocupa\u00e7\u00f5es com Propriedade Intelectual (PI):<\/strong> Sendo as inova\u00e7\u00f5es uma parte fundamental do mercado de ferramentas de precis\u00e3o, a partilha ou o acesso a determinados dados pode levar a problemas de propriedade intelectual. Isso pode dificultar uma an\u00e1lise competitiva aprofundada.<\/li>\n\n\n\n<li><strong>Alto investimento em P&amp;D:<\/strong> A pesquisa eficaz geralmente requer uma compreens\u00e3o pr\u00e1tica das ferramentas. No entanto, dado o custo destas ferramentas avan\u00e7adas, a cria\u00e7\u00e3o de ambientes de teste para investiga\u00e7\u00e3o pode ser financeiramente desafiante.<\/li>\n\n\n\n<li><strong>Complexidades da cadeia de suprimentos global:<\/strong> The global nature of the precision tools <a href=\"https:\/\/www.sisinternational.com\/pt\/pericia\/industrias\/teste-de-localizacao-central-pesquisa-de-mercado-clt\/\" title=\"Pesquisa de Mercado CLT\"  data-wpil-monitor-id=\"2827\">market means researchers<\/a> need to account for geopolitical risks, trade barriers, and varying regulatory standards across countries.<\/li>\n\n\n\n<li><strong>Lacuna de habilidades:<\/strong> The niche nature of the precision tools <a href=\"https:\/\/www.sisinternational.com\/pt\/cobertura\/pesquisa-de-mercado-na-australia\/\" title=\"Pesquisa de mercado na Austr\u00e1lia\"  data-wpil-monitor-id=\"2880\">market necessitates researchers<\/a> with specialized knowledge. There&#8217;s a growing challenge in finding skilled professionals who understand both market research methodologies and the intricacies of precision tools.<\/li>\n\n\n\n<li><strong>Normas regulat\u00f3rias e de seguran\u00e7a:<\/strong> As ferramentas de precis\u00e3o est\u00e3o sujeitas a rigorosos padr\u00f5es de seguran\u00e7a e qualidade. Garantir que a investiga\u00e7\u00e3o tenha em conta estas regulamenta\u00e7\u00f5es em constante evolu\u00e7\u00e3o em diferentes regi\u00f5es pode ser um desafio.<\/li>\n\n\n\n<li><strong>Preocupa\u00e7\u00f5es ambientais:<\/strong> Com uma \u00eanfase crescente na produ\u00e7\u00e3o sustent\u00e1vel e nas pr\u00e1ticas ecol\u00f3gicas, os investigadores precisam de ter em conta as implica\u00e7\u00f5es ambientais. Isso adiciona outra camada de complexidade ao processo de pesquisa.<\/li>\n<\/ul>","protected":false},"excerpt":{"rendered":"<p>O mercado global de ferramentas de precis\u00e3o desempenha um papel fundamental na promo\u00e7\u00e3o da qualidade e efici\u00eancia em diversos setores.<\/p>","protected":false},"author":1,"featured_media":64837,"parent":14514,"menu_order":366,"comment_status":"closed","ping_status":"closed","template":"","meta":{"footnotes":""},"class_list":["post-43480","page","type-page","status-publish","has-post-thumbnail"],"_links":{"self":[{"href":"https:\/\/www.sisinternational.com\/pt\/wp-json\/wp\/v2\/pages\/43480","targetHints":{"allow":["GET"]}}],"collection":[{"href":"https:\/\/www.sisinternational.com\/pt\/wp-json\/wp\/v2\/pages"}],"about":[{"href":"https:\/\/www.sisinternational.com\/pt\/wp-json\/wp\/v2\/types\/page"}],"author":[{"embeddable":true,"href":"https:\/\/www.sisinternational.com\/pt\/wp-json\/wp\/v2\/users\/1"}],"replies":[{"embeddable":true,"href":"https:\/\/www.sisinternational.com\/pt\/wp-json\/wp\/v2\/comments?post=43480"}],"version-history":[{"count":6,"href":"https:\/\/www.sisinternational.com\/pt\/wp-json\/wp\/v2\/pages\/43480\/revisions"}],"predecessor-version":[{"id":77497,"href":"https:\/\/www.sisinternational.com\/pt\/wp-json\/wp\/v2\/pages\/43480\/revisions\/77497"}],"up":[{"embeddable":true,"href":"https:\/\/www.sisinternational.com\/pt\/wp-json\/wp\/v2\/pages\/14514"}],"wp:featuredmedia":[{"embeddable":true,"href":"https:\/\/www.sisinternational.com\/pt\/wp-json\/wp\/v2\/media\/64837"}],"wp:attachment":[{"href":"https:\/\/www.sisinternational.com\/pt\/wp-json\/wp\/v2\/media?parent=43480"}],"curies":[{"name":"wp","href":"https:\/\/api.w.org\/{rel}","templated":true}]}}