{"id":43436,"date":"2023-09-20T00:43:57","date_gmt":"2023-09-20T04:43:57","guid":{"rendered":"https:\/\/www.sisinternational.com\/?page_id=43436"},"modified":"2026-01-24T20:42:51","modified_gmt":"2026-01-25T01:42:51","slug":"pesquisa-de-mercado-birmingham-reino-unido","status":"publish","type":"page","link":"https:\/\/www.sisinternational.com\/pt\/cobertura\/europa\/pesquisa-de-mercado-birmingham-reino-unido\/","title":{"rendered":"Pesquisa de mercado em Birmingham (Reino Unido)"},"content":{"rendered":"<h1 class=\"gb-headline gb-headline-b149c776 gb-headline-text\">Pesquisa de mercado em Birmingham (Reino Unido)<\/h1>\n\n\n\n<figure class=\"gb-block-image gb-block-image-baa817f1\"><img loading=\"lazy\" decoding=\"async\" width=\"1456\" height=\"816\" class=\"gb-image gb-image-baa817f1\" src=\"https:\/\/www.sisinternational.com\/wp-content\/uploads\/2025\/09\/Birmingham-3.jpg\" alt=\"Pesquisa e Estrat\u00e9gia de Mercado Internacional da SIS\" title=\"Birmingham (3)\" srcset=\"https:\/\/www.sisinternational.com\/wp-content\/uploads\/2025\/09\/Birmingham-3.jpg 1456w, https:\/\/www.sisinternational.com\/wp-content\/uploads\/2025\/09\/Birmingham-3-300x168.jpg 300w, https:\/\/www.sisinternational.com\/wp-content\/uploads\/2025\/09\/Birmingham-3-1024x574.jpg 1024w, https:\/\/www.sisinternational.com\/wp-content\/uploads\/2025\/09\/Birmingham-3-768x430.jpg 768w, https:\/\/www.sisinternational.com\/wp-content\/uploads\/2025\/09\/Birmingham-3-18x10.jpg 18w\" sizes=\"auto, (max-width: 1456px) 100vw, 1456px\"><\/figure>\n\n\n\n<p>Why is Birmingham frequently touted as one of the UK&#8217;s most promising cities for business ventures? Its rich industrial heritage, burgeoning sectors, and diverse populace are just a few reasons. Market research in Birmingham has not only informed key business decisions but has also been vital in understanding its residents&#8217; evolving needs and preferences.<\/p>\n\n\n\n<h2 class=\"wp-block-heading\">Por que a pesquisa de mercado em Birmingham \u00e9 t\u00e3o importante?<\/h2>\n\n\n\n<p>Birmingham ostenta uma mistura distinta de culturas, ind\u00fastrias e import\u00e2ncia hist\u00f3rica \u2013 e o cen\u00e1rio econ\u00f3mico din\u00e2mico e em evolu\u00e7\u00e3o da cidade exige que as empresas permane\u00e7am \u00e1geis e bem informadas.<\/p>\n\n\n\n<ul class=\"wp-block-list\">\n<li><strong>Demografia Diversificada:<\/strong> Birmingham is one of the UK&#8217;s most multicultural cities, home to various ethnic groups and communities. To cater to this diverse populace, businesses must have an in-depth understanding of varying consumer preferences, behaviors, and cultural nuances.<\/li>\n\n\n\n<li><strong>Cen\u00e1rio Econ\u00f3mico em Evolu\u00e7\u00e3o:<\/strong> Historicamente enraizada na ind\u00fastria, Birmingham est\u00e1 agora a testemunhar o crescimento em setores como finan\u00e7as, tecnologia e sa\u00fade. A pesquisa de mercado em Birmingham ajuda as empresas a identificar novas oportunidades no setor e riscos potenciais.<\/li>\n\n\n\n<li><strong>Competi\u00e7\u00e3o crescente:<\/strong> The city&#8217;s appeal has led to a surge in startups and established businesses alike, intensifying competition. Through <a href=\"https:\/\/www.linkedin.com\/company\/sisinternationalresearch\/\" target=\"_blank\" rel=\"noopener\">pesquisa de mercado<\/a>, companies can identify their unique selling propositions and differentiate themselves.<\/li>\n\n\n\n<li><strong>Tomada de decis\u00e3o informada:<\/strong> A pesquisa de mercado em Birmingham n\u00e3o trata apenas de compreender os consumidores. Trata-se de tomar decis\u00f5es baseadas em dados, minimizar riscos e identificar tend\u00eancias antes que se tornem comuns.<\/li>\n\n\n\n<li><strong>Desenvolvimento Urbano e Infraestrutura:<\/strong> Birmingham constantly evolves, with new commercial hubs, transport links, and residential areas. Market research in Birmingham helps businesses understand how these infrastructural changes might impact their operations or customer base.<\/li>\n<\/ul>\n\n\n\n<h2 class=\"wp-block-heading\">Principais participantes e partes interessadas no cen\u00e1rio de pesquisa de mercado de Birmingham<\/h2>\n\n\n\n<figure class=\"gb-block-image gb-block-image-169e954e\"><img loading=\"lazy\" decoding=\"async\" width=\"1456\" height=\"816\" class=\"gb-image gb-image-169e954e\" src=\"https:\/\/www.sisinternational.com\/wp-content\/uploads\/2025\/09\/Birmingham-2.jpg\" alt=\"Pesquisa e Estrat\u00e9gia de Mercado Internacional da SIS\" title=\"Birmingham (2)\" srcset=\"https:\/\/www.sisinternational.com\/wp-content\/uploads\/2025\/09\/Birmingham-2.jpg 1456w, https:\/\/www.sisinternational.com\/wp-content\/uploads\/2025\/09\/Birmingham-2-300x168.jpg 300w, https:\/\/www.sisinternational.com\/wp-content\/uploads\/2025\/09\/Birmingham-2-1024x574.jpg 1024w, https:\/\/www.sisinternational.com\/wp-content\/uploads\/2025\/09\/Birmingham-2-768x430.jpg 768w, https:\/\/www.sisinternational.com\/wp-content\/uploads\/2025\/09\/Birmingham-2-18x10.jpg 18w\" sizes=\"auto, (max-width: 1456px) 100vw, 1456px\"><\/figure>\n\n\n\n<p><\/p>\n\n\n\n<p>A proemin\u00eancia de Birmingham na economia do Reino Unido criou um cen\u00e1rio robusto e vibrante para pesquisas de mercado. V\u00e1rios intervenientes e partes interessadas importantes criaram um nicho para si pr\u00f3prios, desempenhando pap\u00e9is importantes na defini\u00e7\u00e3o da pesquisa de mercado na cidade.<\/p>\n\n\n\n<ul class=\"wp-block-list\">\n<li><strong>Universidades e institui\u00e7\u00f5es acad\u00eamicas:<\/strong> Birmingham \u00e9 o lar de institui\u00e7\u00f5es renomadas como a Universidade de Birmingham e a Birmingham City University. Esses estabelecimentos frequentemente realizam e publicam estudos, proporcionando rigor acad\u00eamico \u00e0s pesquisas de mercado em Birmingham. Promovem tamb\u00e9m a colabora\u00e7\u00e3o entre o meio acad\u00e9mico e as empresas, incentivando metodologias de investiga\u00e7\u00e3o inovadoras.<\/li>\n\n\n\n<li><strong>Associa\u00e7\u00f5es da ind\u00fastria:<\/strong> Birmingham hospeda v\u00e1rias associa\u00e7\u00f5es espec\u00edficas do setor que frequentemente se envolvem em pesquisas para compreender tend\u00eancias, desafios e impulsionadores de crescimento espec\u00edficos do setor. Eles atuam como pontes, conectando empresas com dados e insights valiosos.<\/li>\n\n\n\n<li><strong>\u00d3rg\u00e3os do Governo Local e do Setor P\u00fablico:<\/strong> As autoridades locais frequentemente encomendam e utilizam pesquisas para informar decis\u00f5es pol\u00edticas, desenvolvimento urbano e servi\u00e7os p\u00fablicos. A sua colabora\u00e7\u00e3o com entidades de investiga\u00e7\u00e3o privadas aumenta a qualidade e a amplitude da investiga\u00e7\u00e3o de mercado em Birmingham.<\/li>\n<\/ul>\n\n\n\n<h2 class=\"wp-block-heading\">Tend\u00eancias emergentes em pesquisa de mercado em Birmingham<\/h2>\n\n\n\n<p>Birmingham sempre esteve na vanguarda da inova\u00e7\u00e3o e do progresso. Seu cen\u00e1rio de pesquisa de mercado em constante evolu\u00e7\u00e3o n\u00e3o \u00e9 exce\u00e7\u00e3o. \u00c0 medida que as empresas se esfor\u00e7am para permanecer \u00e0 frente num cen\u00e1rio competitivo, surgem v\u00e1rias novas tend\u00eancias em pesquisa de mercado. Aqui est\u00e1 uma olhada em algumas das principais tend\u00eancias de pesquisa de mercado em Birmingham:<\/p>\n\n\n\n<ul class=\"wp-block-list\">\n<li><strong>Etnografia Digital:<\/strong> With consumers spending more time online, digital ethnography \u2014 the study of consumer behavior on digital platforms \u2014 is on the rise. It helps businesses understand the online consumer journey, preferences, and pain points.<\/li>\n\n\n\n<li><strong>Neuromarketing:<\/strong> Compreender as rea\u00e7\u00f5es subconscientes do consumidor a produtos ou an\u00fancios pode ser inestim\u00e1vel. As empresas em Birmingham est\u00e3o agora a aproveitar o neuromarketing, como o eye-tracking, para explorar as emo\u00e7\u00f5es e decis\u00f5es dos consumidores.<\/li>\n\n\n\n<li><strong>Pesquisa de otimiza\u00e7\u00e3o de pesquisa por voz:<\/strong> Com o surgimento de dispositivos ativados por voz, \u00e9 fundamental entender como os consumidores usam a pesquisa por voz. A pesquisa nesta \u00e1rea pode orientar as empresas na otimiza\u00e7\u00e3o de seu conte\u00fado para pesquisa por voz.<\/li>\n\n\n\n<li><strong>Abordagens combinadas de pesquisa:<\/strong> A combina\u00e7\u00e3o de metodologias de investiga\u00e7\u00e3o tradicionais com ferramentas digitais modernas est\u00e1 a tornar-se comum. Esta abordagem combinada garante uma compreens\u00e3o abrangente dos mercados.<\/li>\n\n\n\n<li><strong>Personalized <\/strong><a href=\"https:\/\/www.sisinternational.com\/pt\/pericia\/industrias\/teste-de-localizacao-central-pesquisa-de-mercado-clt\/\" title=\"Pesquisa de Mercado CLT\" data-wpil-monitor-id=\"2839\">Research Experiences: Just as marketing<\/a> is becoming more personalized, so too is market research in Birmingham. Businesses are now curating research experiences tailored to individual participants, ensuring more accurate and engaged responses.<\/li>\n<\/ul>\n\n\n\n<h2 class=\"wp-block-heading\">Pesquisa de mercado em Birmingham: oportunidades para empresas<\/h2>\n\n\n\n<figure class=\"gb-block-image gb-block-image-46804e30\"><img loading=\"lazy\" decoding=\"async\" width=\"1456\" height=\"816\" class=\"gb-image gb-image-46804e30\" src=\"https:\/\/www.sisinternational.com\/wp-content\/uploads\/2025\/09\/Birmingham-4.jpg\" alt=\"Pesquisa e Estrat\u00e9gia de Mercado Internacional da SIS\" title=\"Birmingham (4)\" srcset=\"https:\/\/www.sisinternational.com\/wp-content\/uploads\/2025\/09\/Birmingham-4.jpg 1456w, https:\/\/www.sisinternational.com\/wp-content\/uploads\/2025\/09\/Birmingham-4-300x168.jpg 300w, https:\/\/www.sisinternational.com\/wp-content\/uploads\/2025\/09\/Birmingham-4-1024x574.jpg 1024w, https:\/\/www.sisinternational.com\/wp-content\/uploads\/2025\/09\/Birmingham-4-768x430.jpg 768w, https:\/\/www.sisinternational.com\/wp-content\/uploads\/2025\/09\/Birmingham-4-18x10.jpg 18w\" sizes=\"auto, (max-width: 1456px) 100vw, 1456px\"><\/figure>\n\n\n\n<p><\/p>\n\n\n\n<p>Com sua popula\u00e7\u00e3o diversificada, localiza\u00e7\u00e3o central e ind\u00fastrias em expans\u00e3o, Birmingham oferece diversas oportunidades \u00e0s empresas. Mas qual \u00e9 o papel da pesquisa de mercado em Birmingham na defini\u00e7\u00e3o destas oportunidades? Vamos explorar como a pesquisa de mercado pode revelar o potencial da cidade para os neg\u00f3cios:<\/p>\n\n\n\n<ul class=\"wp-block-list\">\n<li><strong>Identifica\u00e7\u00e3o de Setores de Crescimento:<\/strong> Through diligent <a href=\"https:\/\/www.linkedin.com\/pulse\/how-market-research-enables-growth-ruth-stanat-phekf\/\" target=\"_blank\" rel=\"noopener\">pesquisa de mercado<\/a> in Birmingham, businesses can identify which sectors are witnessing rapid growth. This helps inform decisions about where to invest and which markets to tap into.<\/li>\n\n\n\n<li><strong>Identificando tend\u00eancias emergentes:<\/strong> Being ahead of the curve is essential in today&#8217;s fast-paced business world. Market research in Birmingham enables companies to spot emerging tech, fashion, or food trends, ensuring they are always one step ahead of competitors.<\/li>\n\n\n\n<li><strong>Mitiga\u00e7\u00e3o de riscos:<\/strong> Ao compreender a din\u00e2mica do mercado, as amea\u00e7as potenciais e os cen\u00e1rios competitivos, as empresas podem enfrentar os desafios preventivamente, minimizando os riscos e garantindo um crescimento est\u00e1vel.<\/li>\n\n\n\n<li><strong>Expans\u00e3o e Diversifica\u00e7\u00e3o:<\/strong> For businesses looking to expand or diversify their operations in Birmingham, market research provides the necessary data to guide these strategic decisions, identifying potential growth areas or niches.<\/li>\n\n\n\n<li><strong>Adaptando estrat\u00e9gias de marketing:<\/strong> Understanding the local market helps businesses craft marketing strategies that resonate with the Birmingham audience, ensuring higher engagement and return on investment.<\/li>\n\n\n\n<li><strong>Aproveitando parcerias locais:<\/strong> Atrav\u00e9s de pesquisas de mercado em Birmingham, as empresas podem identificar potenciais parceiros locais, sejam eles fornecedores, colaboradores ou mesmo concorrentes para parcerias estrat\u00e9gicas.<\/li>\n\n\n\n<li><strong>Atrair Investimentos:<\/strong> Armadas com dados de mercado abrangentes, as empresas podem apresentar argumentos mais fortes aos potenciais investidores, mostrando as oportunidades e os retornos potenciais no mercado de Birmingham.<\/li>\n<\/ul>\n\n\n\n<h2 class=\"wp-block-heading\">Perspectivas futuras da pesquisa de mercado em Birmingham<\/h2>\n\n\n\n<p>Birmingham sempre foi um \u00edm\u00e3 para as empresas. Agora, os r\u00e1pidos avan\u00e7os tecnol\u00f3gicos e a evolu\u00e7\u00e3o dos comportamentos dos consumidores est\u00e3o transformando o cen\u00e1rio empresarial de Birmingham. Aqui est\u00e1 um vislumbre do futuro potencial da pesquisa de mercado nesta cidade do Reino Unido:<\/p>\n\n\n\n<ul class=\"wp-block-list\">\n<li><strong>Integra\u00e7\u00e3o de Tecnologias Avan\u00e7adas:<\/strong> The adoption of artificial intelligence, machine learning, and big data analytics will reshape market research in Birmingham. Expect more predictive analysis and real-time insights to inform business decisions.<\/li>\n\n\n\n<li><strong>\u00canfase na coleta de dados \u00e9ticos:<\/strong> Com as preocupa\u00e7\u00f5es crescentes sobre a privacidade dos dados e as regulamenta\u00e7\u00f5es do GDPR, a coleta \u00e9tica de dados e as metodologias de pesquisa transparentes ganhar\u00e3o preced\u00eancia.<\/li>\n\n\n\n<li><strong>Maior foco nos comportamentos digitais do consumidor:<\/strong> Com a ascens\u00e3o do com\u00e9rcio eletr\u00f3nico, do entretenimento online e dos servi\u00e7os digitais, compreender a jornada digital do consumidor tornar-se-\u00e1 fundamental para as empresas que operam em Birmingham.<\/li>\n\n\n\n<li><strong>Diversifica\u00e7\u00e3o em Nichos de Pesquisa:<\/strong> As new industries emerge and the business landscape diversifies, research firms will specialize in niche sectors, offering expert insights in green technologies, health tech, or urban planning.<\/li>\n<\/ul>\n\n\n\n<div class=\"is-root-container is-desktop-preview is-layout-flow wp-block-post-content block-editor-block-list__layout\" spellcheck=\"false\">\n<div id=\"block-384c2a08-a270-48c9-9b10-b335265edad1\" class=\"block-editor-block-list__block wp-block is-selected wp-block-freeform\" tabindex=\"0\" role=\"document\" aria-label=\"Block: Classic\" data-block=\"384c2a08-a270-48c9-9b10-b335265edad1\" data-type=\"core\/freeform\" data-title=\"Classic\">\n<div id=\"editor-384c2a08-a270-48c9-9b10-b335265edad1\" class=\"wp-block-freeform block-library-rich-text__tinymce mce-content-body html5-captions mce-edit-focus\" contenteditable=\"true\">\n<h2>Localiza\u00e7\u00e3o de nossas instala\u00e7\u00f5es em Nova York<\/h2>\n<p><iframe loading=\"lazy\" src=\"https:\/\/www.google.com\/maps\/embed?pb=!1m18!1m12!1m3!1d3022.976188376966!2d-73.99130312499956!3d40.740549471389315!2m3!1f0!2f0!3f0!3m2!1i1024!2i768!4f13.1!3m3!1m2!1s0x89c259a15798c731%3A0xd695d09bdd495f25!2s11%20E%2022nd%20St%20FL%202%2C%20New%20York%2C%20NY%2010010%2C%20USA!5e0!3m2!1sen!2spe!4v1726171763526!5m2!1sen!2spe\" width=\"600\" height=\"450\" allowfullscreen=\"allowfullscreen\" data-mce-fragment=\"1\"><\/iframe><\/p>\n<h3 class=\"wp-block-heading\">11 E 22nd Street, 2\u00ba andar, Nova York, NY 10010 T: +1(212) 505-6805<\/h3>\n<hr>\n<h2><span style=\"font-weight: 400;\">Sobre SIS Internacional<\/span><\/h2>\n<p><a href=\"https:\/\/www.sisinternational.com\/pt\/\"><span style=\"font-weight: 400;\">SIS Internacional<\/span><\/a><span style=\"font-weight: 400;\">&nbsp;oferece pesquisa quantitativa, qualitativa e estrat\u00e9gica. Fornecemos dados, ferramentas, estrat\u00e9gias, relat\u00f3rios e insights para a tomada de decis\u00f5es. Tamb\u00e9m realizamos entrevistas, pesquisas, grupos focais e outros m\u00e9todos e abordagens de Pesquisa de Mercado.<\/span><a href=\"https:\/\/www.sisinternational.com\/pt\/sobre-a-sis-international-research\/contact-sis-international-market-research\/\"><span style=\"font-weight: 400;\">&nbsp;Entre em contato conosco<\/span><\/a><span style=\"font-weight: 400;\">&nbsp;para o seu pr\u00f3ximo projeto de pesquisa de mercado.<\/span><\/p>\n<hr><\/div>\n<\/div>\n<p id=\"block-13718977-774f-4eb6-9307-bdda3647fbca\" class=\"block-editor-rich-text__editable block-editor-block-list__block wp-block wp-block-paragraph rich-text\" role=\"document\" contenteditable=\"true\" aria-multiline=\"true\" aria-label=\"Empty block; start writing or type forward slash to choose a block\" data-block=\"13718977-774f-4eb6-9307-bdda3647fbca\" data-type=\"core\/paragraph\" data-title=\"Paragraph\" data-empty=\"true\" data-wp-block-attribute-key=\"content\">&nbsp;<\/p>\n<\/div>\n\n\n\n<div data-grammarly-part=\"highlights\">\n<div>\n<div>\n<div>\n<div class=\"Jupcl YSZTR inSdx GpjRg\" data-key=\"1000381-2|0-0\" data-grammarly-part=\"highlight\" data-highlight-format=\"enclosing\" data-highlight-color-name=\"red\">&nbsp;<\/div>\n<\/div>\n<\/div>\n<\/div>\n<\/div>","protected":false},"excerpt":{"rendered":"<p>A hist\u00f3ria, as culturas e a economia diversificadas de Birmingham exigem que as empresas permane\u00e7am alertas e adapt\u00e1veis dentro do seu cen\u00e1rio din\u00e2mico.<\/p>","protected":false},"author":1,"featured_media":65922,"parent":14510,"menu_order":62,"comment_status":"closed","ping_status":"closed","template":"","meta":{"footnotes":""},"class_list":["post-43436","page","type-page","status-publish","has-post-thumbnail"],"_links":{"self":[{"href":"https:\/\/www.sisinternational.com\/pt\/wp-json\/wp\/v2\/pages\/43436","targetHints":{"allow":["GET"]}}],"collection":[{"href":"https:\/\/www.sisinternational.com\/pt\/wp-json\/wp\/v2\/pages"}],"about":[{"href":"https:\/\/www.sisinternational.com\/pt\/wp-json\/wp\/v2\/types\/page"}],"author":[{"embeddable":true,"href":"https:\/\/www.sisinternational.com\/pt\/wp-json\/wp\/v2\/users\/1"}],"replies":[{"embeddable":true,"href":"https:\/\/www.sisinternational.com\/pt\/wp-json\/wp\/v2\/comments?post=43436"}],"version-history":[{"count":7,"href":"https:\/\/www.sisinternational.com\/pt\/wp-json\/wp\/v2\/pages\/43436\/revisions"}],"predecessor-version":[{"id":77166,"href":"https:\/\/www.sisinternational.com\/pt\/wp-json\/wp\/v2\/pages\/43436\/revisions\/77166"}],"up":[{"embeddable":true,"href":"https:\/\/www.sisinternational.com\/pt\/wp-json\/wp\/v2\/pages\/14510"}],"wp:featuredmedia":[{"embeddable":true,"href":"https:\/\/www.sisinternational.com\/pt\/wp-json\/wp\/v2\/media\/65922"}],"wp:attachment":[{"href":"https:\/\/www.sisinternational.com\/pt\/wp-json\/wp\/v2\/media?parent=43436"}],"curies":[{"name":"wp","href":"https:\/\/api.w.org\/{rel}","templated":true}]}}