{"id":43426,"date":"2023-09-19T15:27:42","date_gmt":"2023-09-19T19:27:42","guid":{"rendered":"https:\/\/www.sisinternational.com\/?page_id=43426"},"modified":"2026-03-25T01:20:40","modified_gmt":"2026-03-25T05:20:40","slug":"pesquisa-de-mercado-de-alimentos-e-bebidas-para-hoteis","status":"publish","type":"page","link":"https:\/\/www.sisinternational.com\/pt\/solucoes\/pesquisa-de-mercado-da-industria-de-bebidas-alimenticias\/pesquisa-de-mercado-de-alimentos-e-bebidas-para-hoteis\/","title":{"rendered":"Pesquisa de mercado de alimentos e bebidas para hot\u00e9is"},"content":{"rendered":"<h1 class=\"wp-block-heading\">Pesquisa de mercado de alimentos e bebidas para hot\u00e9is<\/h1>\n\n\n\n<figure class=\"gb-block-image gb-block-image-c95279a0\"><img loading=\"lazy\" decoding=\"async\" width=\"1456\" height=\"816\" class=\"gb-image gb-image-c95279a0\" src=\"https:\/\/www.sisinternational.com\/wp-content\/uploads\/2025\/10\/Hotel-restaurant-1.jpg\" alt=\"Pesquisa e Estrat\u00e9gia de Mercado Internacional da SIS\" title=\"Hotel restaurant (1)\" srcset=\"https:\/\/www.sisinternational.com\/wp-content\/uploads\/2025\/10\/Hotel-restaurant-1.jpg 1456w, https:\/\/www.sisinternational.com\/wp-content\/uploads\/2025\/10\/Hotel-restaurant-1-300x168.jpg 300w, https:\/\/www.sisinternational.com\/wp-content\/uploads\/2025\/10\/Hotel-restaurant-1-1024x574.jpg 1024w, https:\/\/www.sisinternational.com\/wp-content\/uploads\/2025\/10\/Hotel-restaurant-1-768x430.jpg 768w, https:\/\/www.sisinternational.com\/wp-content\/uploads\/2025\/10\/Hotel-restaurant-1-18x10.jpg 18w\" sizes=\"auto, (max-width: 1456px) 100vw, 1456px\"><\/figure>\n\n\n\n<p><\/p>\n\n\n\n<p>Imagine chegar a um hotel de luxo ap\u00f3s uma longa viagem com a vis\u00e3o de se deliciar com uma refei\u00e7\u00e3o gourmet que capte a ess\u00eancia do seu destino. N\u00e3o seria legal? Este \u00e9 o papel da pesquisa de mercado de alimentos e bebidas em hot\u00e9is.<\/p>\n\n\n\n<p>Numa \u00e9poca em que a linha entre uma refei\u00e7\u00e3o e uma experi\u00eancia \u00e9 cada vez mais t\u00e9nue, os hot\u00e9is j\u00e1 n\u00e3o s\u00e3o apenas locais de descanso, mas centros gastron\u00f3micos que prometem uma viagem gastron\u00f3mica. Para realmente atrair os h\u00f3spedes e se destacar em um mercado saturado, os estabelecimentos est\u00e3o recorrendo a pesquisas de mercado detalhadas.<\/p>\n\n\n\n<h2 class=\"wp-block-heading\">O que \u00e9 pesquisa de mercado de alimentos e bebidas para hot\u00e9is?<\/h2>\n\n\n\n<p>Hotel <a class=\"wpil_keyword_link\" href=\"https:\/\/www.sisinternational.com\/pt\/pericia\/industrias\/pesquisa-de-mercado-de-alimentos-e-bebidas\/\"   title=\"Pesquisa de mercado de alimentos e bebidas\" data-wpil-keyword-link=\"linked\"  data-wpil-monitor-id=\"667\">food and beverage market research<\/a> is a systematic and in-depth study dedicated to understanding, analyzing, and interpreting the food and beverage preferences, consumption patterns, and emerging trends within the hotel and hospitality industry. This domain of research serves multiple crucial purposes:<\/p>\n\n\n\n<ul class=\"wp-block-list\">\n<li><a href=\"https:\/\/www.sisinternational.com\/pt\/global-beverage-market\/\" title=\"Global Beverage Market: Market Dynamics, Growth Projections &amp; Consumer Insights\"  data-wpil-monitor-id=\"1108\">Consumer Insight: Hotel food and beverage market<\/a> research provides invaluable insights into what hotel guests desire, from breakfast buffets to in-room dining experiences. By analyzing guests&#8217; feedback, consumption data, and dietary preferences, hotels can tailor their culinary offerings to meet specific needs.<\/li>\n\n\n\n<li><strong>Analise competitiva:<\/strong> Hotels operate in a competitive landscape, and understanding what rivals are offering can be pivotal. Hotel <a href=\"https:\/\/www.sisinternational.com\/pt\/pericia\/industrias\/pesquisa-de-mercado-de-aditivos-para-bebidas-alimentares\/\" title=\"Pesquisa de mercado de aditivos para alimentos e bebidas\"  data-wpil-monitor-id=\"5808\">food and beverage market research<\/a> helps establishments benchmark their offerings, gauge market standards, and identify gaps in the market that they could potentially fill.<\/li>\n\n\n\n<li><strong>Desenvolvimento de card\u00e1pio:<\/strong> Modern menus are curated experiences. Through hotel <a href=\"https:\/\/www.sisinternational.com\/pt\/pericia\/industrias\/pesquisa-de-mercado-de-bebidas-alimentares-saudaveis\/\" title=\"Pesquisa de mercado de alimentos e bebidas saud\u00e1veis\"  data-wpil-monitor-id=\"6022\">food and beverage market research<\/a>, hotels can identify trending ingredients, cuisines, and dishes, ensuring their menus remain contemporary and appealing.<\/li>\n\n\n\n<li><strong>Efici\u00eancia operacional:<\/strong> Al\u00e9m do que est\u00e1 no prato, esta pesquisa pode orientar os hot\u00e9is na otimiza\u00e7\u00e3o das opera\u00e7\u00f5es da cozinha, na redu\u00e7\u00e3o do desperd\u00edcio de alimentos e na garantia da rela\u00e7\u00e3o custo-benef\u00edcio, fatores que t\u00eam um impacto direto na lucratividade.<\/li>\n\n\n\n<li><strong>Sustentabilidade e \u00c9tica:<\/strong> Com uma \u00eanfase crescente na sustentabilidade, a investiga\u00e7\u00e3o de mercado pode fornecer informa\u00e7\u00f5es sobre o fornecimento de ingredientes ecol\u00f3gicos, a minimiza\u00e7\u00e3o das pegadas de carbono e a ado\u00e7\u00e3o de pr\u00e1ticas \u00e9ticas na aquisi\u00e7\u00e3o e prepara\u00e7\u00e3o de alimentos.<\/li>\n\n\n\n<li><strong>Inova\u00e7\u00e3o e Expans\u00e3o:<\/strong> For hotels looking to innovate, be it through introducing a new themed restaurant, a signature dish, or expanding to new regions, hotel <a href=\"https:\/\/www.sisinternational.com\/pt\/pericia\/curriculos-de-experiencia\/curriculo-de-experiencia-na-industria-de-bebidas-fast-food\/\" title=\"Experi\u00eancia em pesquisa de mercado de fast food e bebidas\"  data-wpil-monitor-id=\"6363\">food and beverage market research<\/a> provides the necessary data to make informed decisions.<\/li>\n<\/ul>\n\n\n\n<h2 class=\"wp-block-heading\">Benef\u00edcios da pesquisa de mercado de alimentos e bebidas para hot\u00e9is<\/h2>\n\n\n\n<figure class=\"gb-block-image gb-block-image-16ce7b78\"><img loading=\"lazy\" decoding=\"async\" width=\"1456\" height=\"816\" class=\"gb-image gb-image-16ce7b78\" src=\"https:\/\/www.sisinternational.com\/wp-content\/uploads\/2025\/08\/hotel-13.jpg\" alt=\"Pesquisa e Estrat\u00e9gia de Mercado Internacional da SIS\" title=\"hotel (13)\" srcset=\"https:\/\/www.sisinternational.com\/wp-content\/uploads\/2025\/08\/hotel-13.jpg 1456w, https:\/\/www.sisinternational.com\/wp-content\/uploads\/2025\/08\/hotel-13-300x168.jpg 300w, https:\/\/www.sisinternational.com\/wp-content\/uploads\/2025\/08\/hotel-13-1024x574.jpg 1024w, https:\/\/www.sisinternational.com\/wp-content\/uploads\/2025\/08\/hotel-13-768x430.jpg 768w, https:\/\/www.sisinternational.com\/wp-content\/uploads\/2025\/08\/hotel-13-18x10.jpg 18w\" sizes=\"auto, (max-width: 1456px) 100vw, 1456px\"><\/figure>\n\n\n\n<p><\/p>\n\n\n\n<p>The hotel sector operates within a dynamic environment, and hotel <a href=\"https:\/\/www.sisinternational.com\/pt\/pericia\/industrias\/pesquisa-de-mercado-de-alimentos-e-bebidas-para-jantar\/\" title=\"Pesquisa de mercado de alimentos e bebidas para jantares\"  data-wpil-monitor-id=\"7152\">food and beverage market research<\/a> sheds light on strategies and opportunities. Here are some of the benefits it offers:<\/p>\n\n\n\n<ul class=\"wp-block-list\">\n<li><strong>Tomada de decis\u00e3o informada:<\/strong> Atrav\u00e9s de um processo de pesquisa bem estruturado, os hot\u00e9is obt\u00eam uma riqueza de dados que apoiam decis\u00f5es gerenciais e operacionais. Isto garante que cada escolha, desde a introdu\u00e7\u00e3o de uma nova cozinha at\u00e9 \u00e0 reformula\u00e7\u00e3o de um menu, seja baseada em dados e tenha uma maior probabilidade de sucesso.<\/li>\n\n\n\n<li><strong>Maior satisfa\u00e7\u00e3o dos h\u00f3spedes:<\/strong> Understanding guest preferences is paramount in the hospitality sector. <a href=\"https:\/\/www.sisinternational.com\/pt\/pericia\/industrias\/pesquisa-de-mercado-de-moveis-para-hoteis\/\" title=\"Pesquisa de mercado de m\u00f3veis para hot\u00e9is\"  data-wpil-monitor-id=\"7195\">Hotel food and beverage market research<\/a> facilitates this, allowing hotels to customize their culinary offerings to resonate with their guests, ensuring repeat visits and positive reviews.<\/li>\n\n\n\n<li><strong>Efici\u00eancia operacional:<\/strong> Ao analisar padr\u00f5es de consumo, feedback e m\u00e9tricas de desperd\u00edcio, os hot\u00e9is podem otimizar o seu invent\u00e1rio, reduzir o desperd\u00edcio e garantir uma opera\u00e7\u00e3o simplificada da cozinha, levando a poupan\u00e7as de custos significativas.<\/li>\n\n\n\n<li><strong>Identifica\u00e7\u00e3o de tend\u00eancias:<\/strong> No mundo acelerado da gastronomia, manter-se atualizado com as tend\u00eancias alimentares globais \u00e9 vital. A pesquisa de mercado permite que os hot\u00e9is estejam \u00e0 frente da curva, apresentando pratos e experi\u00eancias culin\u00e1rias atuais e procuradas.<\/li>\n\n\n\n<li><strong>Vantagem competitiva:<\/strong> Um profundo conhecimento das ofertas dos concorrentes e das prefer\u00eancias dos h\u00f3spedes coloca os hot\u00e9is numa posi\u00e7\u00e3o vantajosa, permitindo-lhes diferenciar os seus servi\u00e7os e destacar-se num mercado concorrido.<\/li>\n\n\n\n<li><strong>Mitiga\u00e7\u00e3o de riscos:<\/strong> Introducing a new restaurant concept, dish, or dining experience comes with inherent risks. Hotel food and <a href=\"https:\/\/www.sisinternational.com\/pt\/solucoes\/pesquisa-de-mercado-da-industria-de-bebidas-alimenticias\/pesquisa-de-mercado-de-bebidas-prontas-para-beber-idt\/\" title=\"Pesquisa de mercado de bebidas prontas para beber (RTD)\"  data-wpil-monitor-id=\"11491\">pesquisa de mercado de bebidas<\/a> provides insights into potential pitfalls, enabling hotels to make adjustments before significant investments.<\/li>\n\n\n\n<li><strong>Planejamento financeiro:<\/strong> Uma pesquisa de mercado detalhada pode prever a procura, ajudando os hot\u00e9is a planear os seus or\u00e7amentos, alocar recursos e prever fluxos de receitas com mais precis\u00e3o.<\/li>\n\n\n\n<li><strong>Constru\u00e7\u00e3o de marca:<\/strong> Criar uma identidade culin\u00e1ria \u00fanica faz parte da constru\u00e7\u00e3o da marca. Atrav\u00e9s de pesquisas de mercado de alimentos e bebidas hoteleiras, os hot\u00e9is podem alinhar as suas ofertas alimentares com o esp\u00edrito da sua marca, garantindo uma narrativa coesa e uma lembran\u00e7a mais forte da marca.<\/li>\n\n\n\n<li><strong>Pr\u00e1ticas Sustent\u00e1veis:<\/strong> \u00c0 medida que a sustentabilidade se torna fundamental para as opera\u00e7\u00f5es, a pesquisa de mercado ajuda a compreender o fornecimento sustent\u00e1vel, a identificar fornecedores ecol\u00f3gicos e a avaliar o interesse dos h\u00f3spedes em iniciativas verdes.<\/li>\n\n\n\n<li><strong>Estrat\u00e9gia de Expans\u00e3o:<\/strong> Para hot\u00e9is que planeiam expandir-se ou aventurar-se em novas regi\u00f5es, a pesquisa de mercado de alimentos e bebidas hoteleiras oferece insights sobre prefer\u00eancias culin\u00e1rias locais, nuances culturais e desafios potenciais, garantindo uma entrada mais tranquila.<\/li>\n\n\n\n<li><strong>Catalisador de Inova\u00e7\u00e3o:<\/strong> Research often unearths untapped opportunities or niches within the <a href=\"https:\/\/www.sisinternational.com\/pt\/pericia\/industrias\/pesquisa-de-mercado-de-reformulacao-de-marca-de-motocicleta\/\" title=\"Pesquisa de mercado de reformula\u00e7\u00e3o de marca de motocicleta\"  data-wpil-monitor-id=\"4707\">market<\/a>. Hotels can leverage these findings to introduce innovative concepts, dishes, or dining experiences that set them apart.<\/li>\n<\/ul>\n\n\n\n<h2 class=\"wp-block-heading\">Oportunidades em pesquisa de mercado de alimentos e bebidas para hot\u00e9is<\/h2>\n\n\n\n<p>A intrincada tape\u00e7aria da ind\u00fastria alimentar hoteleira apresenta uma s\u00e9rie de oportunidades, tais como:<\/p>\n\n\n\n<ul class=\"wp-block-list\">\n<li><strong>Experi\u00eancias culin\u00e1rias de nicho:<\/strong> \u00c0 medida que os viajantes procuram experi\u00eancias \u00fanicas, existe a oportunidade de introduzir eventos culin\u00e1rios de nicho, como ca\u00e7a \u00e0s trufas, noites de harmoniza\u00e7\u00e3o de vinhos ou festivais de comida regional, todos apoiados por dados que destacam o interesse dos h\u00f3spedes.<\/li>\n\n\n\n<li><strong>Jantar Personalizado:<\/strong> Com o avan\u00e7o da an\u00e1lise de dados e da IA, h\u00e1 potencial para oferecer experi\u00eancias gastron\u00f4micas ultrapersonalizadas. Isso pode variar desde sugest\u00f5es de menu individualizadas com base em prefer\u00eancias alimentares at\u00e9 pedidos preditivos, onde os h\u00f3spedes frequentes encontram seu prato favorito pronto na chegada.<\/li>\n\n\n\n<li><strong>Jornadas Culin\u00e1rias Virtuais:<\/strong> Com o surgimento da realidade aumentada e da realidade virtual, os hot\u00e9is podem oferecer aos h\u00f3spedes experi\u00eancias imersivas, como um passeio virtual por um vinhedo enquanto degustam o vinho ou uma aula de culin\u00e1ria virtual com um chef renomado de todo o mundo.<\/li>\n\n\n\n<li><strong>Gastronomia Sustent\u00e1vel:<\/strong> Pesquisas de mercado de alimentos e bebidas em hot\u00e9is indicam um interesse crescente na sustentabilidade. Os hot\u00e9is podem aproveitar isso introduzindo cozinhas sem desperd\u00edcio, experi\u00eancias do campo \u00e0 mesa ou at\u00e9 mesmo jardins no local onde os h\u00f3spedes podem escolher os seus pr\u00f3prios ingredientes.<\/li>\n\n\n\n<li><strong>Menus de Sa\u00fade e Bem-Estar:<\/strong> Com o turismo de bem-estar em ascens\u00e3o, h\u00e1 uma oportunidade de introduzir menus centrados na nutri\u00e7\u00e3o, desintoxica\u00e7\u00e3o e bem-estar geral, atendendo a h\u00f3spedes que se preocupam com a sa\u00fade ou est\u00e3o em retiros de bem-estar.<\/li>\n\n\n\n<li><strong>Empreendimentos Colaborativos:<\/strong> Colabora\u00e7\u00f5es com chefs famosos, influenciadores gastron\u00f4micos populares ou restaurantes globais renomados podem fornecer uma proposta de venda exclusiva. A pesquisa de mercado de alimentos e bebidas em hot\u00e9is pode identificar potenciais parceiros que se alinhem com a marca do hotel e as prefer\u00eancias dos h\u00f3spedes.<\/li>\n\n\n\n<li><strong>Pacotes de Turismo Culin\u00e1rio:<\/strong> A curadoria de pacotes focados exclusivamente na gastronomia \u2013 como um fim de semana gourmet, workshops de culin\u00e1ria ou passeios gastron\u00f4micos no local \u2013 pode atrair os entusiastas da gastronomia.<\/li>\n\n\n\n<li><strong>Jantar \u00c9tico e Inclusivo:<\/strong> Atender a diversas necessidades diet\u00e9ticas, seja vegana, halal, kosher ou livre de al\u00e9rgenos, representa uma oportunidade. Al\u00e9m disso, garantir pr\u00e1ticas e fornecimento \u00e9tico pode atrair um segmento de viajantes conscientes.<\/li>\n\n\n\n<li><strong>Tecnologia Interativa:<\/strong> A integra\u00e7\u00e3o da tecnologia, desde listas de vinhos digitais que oferecem notas de degusta\u00e7\u00e3o detalhadas at\u00e9 aplicativos que permitem aos h\u00f3spedes reservar uma mesa de chef ou pedir refei\u00e7\u00f5es no quarto, pode melhorar muito a experi\u00eancia do h\u00f3spede.<\/li>\n\n\n\n<li><strong>Aproveitando o patrim\u00f4nio culin\u00e1rio local:<\/strong> Cada regi\u00e3o tem suas joias culin\u00e1rias. A pesquisa de mercado de alimentos e bebidas em hot\u00e9is pode revelar pratos, ingredientes ou t\u00e9cnicas culin\u00e1rias locais que podem ser apresentados aos h\u00f3spedes, oferecendo-lhes um sabor aut\u00eantico da regi\u00e3o.<\/li>\n\n\n\n<li><strong>Programas de assinatura e fidelidade:<\/strong> Com base nos padr\u00f5es de consumo, os hot\u00e9is podem introduzir programas de fidelidade focados em alimentos ou at\u00e9 caixas de assinatura que oferecem aos h\u00f3spedes uma amostra da sua excel\u00eancia culin\u00e1ria, mesmo quando n\u00e3o est\u00e3o hospedados no hotel.<\/li>\n<\/ul>\n\n\n\n<h2 class=\"wp-block-heading\">Desafios na pesquisa de mercado de alimentos e bebidas em hot\u00e9is<\/h2>\n\n\n\n<figure class=\"gb-block-image gb-block-image-a812ac3e\"><img loading=\"lazy\" decoding=\"async\" width=\"1456\" height=\"816\" class=\"gb-image gb-image-a812ac3e\" src=\"https:\/\/www.sisinternational.com\/wp-content\/uploads\/2025\/08\/hotel-14.jpg\" alt=\"Pesquisa e Estrat\u00e9gia de Mercado Internacional da SIS\" title=\"hotel (14)\" srcset=\"https:\/\/www.sisinternational.com\/wp-content\/uploads\/2025\/08\/hotel-14.jpg 1456w, https:\/\/www.sisinternational.com\/wp-content\/uploads\/2025\/08\/hotel-14-300x168.jpg 300w, https:\/\/www.sisinternational.com\/wp-content\/uploads\/2025\/08\/hotel-14-1024x574.jpg 1024w, https:\/\/www.sisinternational.com\/wp-content\/uploads\/2025\/08\/hotel-14-768x430.jpg 768w, https:\/\/www.sisinternational.com\/wp-content\/uploads\/2025\/08\/hotel-14-18x10.jpg 18w\" sizes=\"auto, (max-width: 1456px) 100vw, 1456px\"><\/figure>\n\n\n\n<p><\/p>\n\n\n\n<p>Embora a pesquisa de mercado de alimentos e bebidas em hot\u00e9is ofere\u00e7a uma ampla gama de insights e oportunidades, ela apresenta um conjunto de desafios. Aqui est\u00e3o alguns dos principais obst\u00e1culos que pesquisadores e hoteleiros frequentemente enfrentam:<\/p>\n\n\n\n<ul class=\"wp-block-list\">\n<li><strong>Diversos perfis de h\u00f3spedes:<\/strong> Os hot\u00e9is atendem a uma clientela diversificada, desde viajantes a neg\u00f3cios e em lua de mel at\u00e9 turistas em fam\u00edlia e aventureiros individuais. Assim, compreender e abordar as diversas prefer\u00eancias e expectativas alimentares de um espectro demogr\u00e1fico t\u00e3o amplo pode ser assustador.<\/li>\n\n\n\n<li><strong>Sensibilidades Culturais:<\/strong> Ao introduzir cozinhas ou pratos globais, existe sempre o risco de apropria\u00e7\u00e3o cultural n\u00e3o intencional ou deturpa\u00e7\u00e3o. Encontrar um equil\u00edbrio entre autenticidade e inova\u00e7\u00e3o sem ofender as sensibilidades \u00e9 uma linha t\u00eanue a percorrer.<\/li>\n\n\n\n<li><strong>Flutua\u00e7\u00f5es Econ\u00f4micas:<\/strong> Os cen\u00e1rios econ\u00f3micos globais, os valores das moedas e a din\u00e2mica do mercado local podem influenciar os custos dos alimentos. Prever estas flutua\u00e7\u00f5es e garantir a rentabilidade pode ser um desafio.<\/li>\n\n\n\n<li><strong>Integra\u00e7\u00e3o Tecnol\u00f3gica:<\/strong> Embora a tecnologia ofere\u00e7a in\u00fameras vantagens, integr\u00e1-la perfeitamente \u00e0 experi\u00eancia gastron\u00f4mica, sem perder o toque humano ou enfrentar falhas t\u00e9cnicas, costuma ser um desafio.<\/li>\n<\/ul>\n\n\n\n<h2 class=\"wp-block-heading\">&nbsp;<\/h2>\n\n\n\n<p><\/p>","protected":false},"excerpt":{"rendered":"<p>A pesquisa de mercado de alimentos e bebidas para hot\u00e9is se dedica a estudar as prefer\u00eancias de alimentos e bebidas e as tend\u00eancias emergentes na ind\u00fastria hoteleira.<\/p>","protected":false},"author":1,"featured_media":70814,"parent":22018,"menu_order":363,"comment_status":"closed","ping_status":"closed","template":"","meta":{"footnotes":""},"class_list":["post-43426","page","type-page","status-publish","has-post-thumbnail"],"_links":{"self":[{"href":"https:\/\/www.sisinternational.com\/pt\/wp-json\/wp\/v2\/pages\/43426","targetHints":{"allow":["GET"]}}],"collection":[{"href":"https:\/\/www.sisinternational.com\/pt\/wp-json\/wp\/v2\/pages"}],"about":[{"href":"https:\/\/www.sisinternational.com\/pt\/wp-json\/wp\/v2\/types\/page"}],"author":[{"embeddable":true,"href":"https:\/\/www.sisinternational.com\/pt\/wp-json\/wp\/v2\/users\/1"}],"replies":[{"embeddable":true,"href":"https:\/\/www.sisinternational.com\/pt\/wp-json\/wp\/v2\/comments?post=43426"}],"version-history":[{"count":13,"href":"https:\/\/www.sisinternational.com\/pt\/wp-json\/wp\/v2\/pages\/43426\/revisions"}],"predecessor-version":[{"id":85099,"href":"https:\/\/www.sisinternational.com\/pt\/wp-json\/wp\/v2\/pages\/43426\/revisions\/85099"}],"up":[{"embeddable":true,"href":"https:\/\/www.sisinternational.com\/pt\/wp-json\/wp\/v2\/pages\/22018"}],"wp:featuredmedia":[{"embeddable":true,"href":"https:\/\/www.sisinternational.com\/pt\/wp-json\/wp\/v2\/media\/70814"}],"wp:attachment":[{"href":"https:\/\/www.sisinternational.com\/pt\/wp-json\/wp\/v2\/media?parent=43426"}],"curies":[{"name":"wp","href":"https:\/\/api.w.org\/{rel}","templated":true}]}}