{"id":43420,"date":"2023-09-19T15:06:46","date_gmt":"2023-09-19T19:06:46","guid":{"rendered":"https:\/\/www.sisinternational.com\/?page_id=43420"},"modified":"2026-03-12T13:25:14","modified_gmt":"2026-03-12T17:25:14","slug":"pesquisa-de-mercado-de-chef-de-alimentos-e-bebidas","status":"publish","type":"page","link":"https:\/\/www.sisinternational.com\/pt\/solucoes\/pesquisa-de-mercado-da-industria-de-bebidas-alimenticias\/pesquisa-de-mercado-de-chef-de-alimentos-e-bebidas\/","title":{"rendered":"Pesquisa de mercado de chefs de alimentos e bebidas"},"content":{"rendered":"<h1 class=\"wp-block-heading\">Pesquisa de mercado de chefs de alimentos e bebidas<\/h1>\n\n\n\n<figure class=\"gb-block-image gb-block-image-44d81b81\"><img loading=\"lazy\" decoding=\"async\" width=\"1456\" height=\"816\" class=\"gb-image gb-image-44d81b81\" src=\"https:\/\/www.sisinternational.com\/wp-content\/uploads\/2025\/08\/Food-taste-testing-3.jpg\" alt=\"Pesquisa e Estrat\u00e9gia de Mercado Internacional da SIS\" title=\"Food taste testing (3)\" srcset=\"https:\/\/www.sisinternational.com\/wp-content\/uploads\/2025\/08\/Food-taste-testing-3.jpg 1456w, https:\/\/www.sisinternational.com\/wp-content\/uploads\/2025\/08\/Food-taste-testing-3-300x168.jpg 300w, https:\/\/www.sisinternational.com\/wp-content\/uploads\/2025\/08\/Food-taste-testing-3-1024x574.jpg 1024w, https:\/\/www.sisinternational.com\/wp-content\/uploads\/2025\/08\/Food-taste-testing-3-768x430.jpg 768w, https:\/\/www.sisinternational.com\/wp-content\/uploads\/2025\/08\/Food-taste-testing-3-18x10.jpg 18w\" sizes=\"auto, (max-width: 1456px) 100vw, 1456px\"><\/figure>\n\n\n\n<p><\/p>\n\n\n\n<p>Numa era em que cada peda\u00e7o de comida pode ser um momento instagram\u00e1vel, a import\u00e2ncia dos chefs na ind\u00fastria alimentar aumentou exponencialmente. Eles deixaram de ser meros profissionais que preparam as nossas refei\u00e7\u00f5es, mas transformaram-se em influenciadores e criadores de tend\u00eancias.<\/p>\n\n\n\n<p>That&#8217;s why food and beverage chef market research isn&#8217;t just about understanding the landscape where chefs operate; it delves into the heart of the culinary industry. From discerning the demand for specific cuisines, tracking the meteoric rise of chefs to celebrity status, to predicting the next big food trend \u2013 this research provides insights that go beyond just numbers. It <a class=\"wpil_keyword_link\" href=\"https:\/\/www.sisinternational.com\/pt\/pericia\/industrias\/pesquisa-de-mercado-de-tintas-revestimentos-e-tintas-de-impressao\/\"   title=\"Pesquisa de mercado de tintas, revestimentos e tintas de impress\u00e3o\" data-wpil-keyword-link=\"linked\"  data-wpil-monitor-id=\"325\">paints<\/a> a picture of a world where food is both art and business.<\/p>\n\n\n\n<h2 class=\"wp-block-heading\">A import\u00e2ncia da pesquisa de mercado de chefs de alimentos e bebidas no cen\u00e1rio empresarial atual<\/h2>\n\n\n\n<p>Today, food is an experience, an art, and sometimes even a movement. For this reason, the significance of understanding the world of chefs and culinary arts has never been greater \u2013 and <a href=\"https:\/\/www.sisinternational.com\/pt\/solucoes\/pesquisa-de-mercado-da-industria-de-bebidas-alimenticias\/\" title=\"Pesquisa de mercado do setor de alimentos e bebidas\"  data-wpil-monitor-id=\"3634\">food and beverage chef market research<\/a> is the better tool to obtain insights into this industry. Here&#8217;s why:<\/p>\n\n\n\n<ul class=\"wp-block-list\">\n<li><strong>Expectativas e prefer\u00eancias do consumidor:<\/strong> Today&#8217;s diners are informed, adventurous, and unique culinary experiences. By delving deep into <a href=\"https:\/\/www.sisinternational.com\/pt\/solucoes\/inovacao\/pesquisa-de-mercado-de-aprendizagem-profunda\/\" title=\"Pesquisa de mercado de aprendizagem profunda\"  data-wpil-monitor-id=\"4772\">food and beverage chef market<\/a> research, restaurants, culinary schools, and even television producers can align their offerings with evolving consumer tastes and preferences, ensuring they remain relevant and competitive.<\/li>\n\n\n\n<li><strong>Tomada de decis\u00f5es estrat\u00e9gicas:<\/strong> Para as partes interessadas, como propriet\u00e1rios de restaurantes, administradores de escolas de culin\u00e1ria ou fabricantes de produtos alimentares, decis\u00f5es como altera\u00e7\u00f5es de menu, ofertas de cursos ou lan\u00e7amentos de produtos s\u00e3o significativas. A pesquisa de mercado de chefs de alimentos e bebidas fornece os insights baseados em dados necess\u00e1rios para tomar decis\u00f5es informadas, minimizar riscos e maximizar retornos.<\/li>\n\n\n\n<li><strong>Compreendendo as lacunas do mercado:<\/strong> Como o mundo culin\u00e1rio \u00e9 vasto e diversificado, h\u00e1 sempre \u00e1reas de nicho ou necessidades n\u00e3o satisfeitas \u00e0 espera de serem descobertas. Uma pesquisa abrangente de mercado de chefs de alimentos e bebidas pode destacar essas lacunas, oferecendo oportunidades para novos empreendimentos comerciais ou diversifica\u00e7\u00e3o.<\/li>\n<\/ul>\n\n\n\n<h2 class=\"wp-block-heading\">Oportunidades em pesquisa de mercado para chefs de alimentos e bebidas<\/h2>\n\n\n\n<p>A pesquisa de mercado de chefs de alimentos e bebidas apresenta diversas oportunidades promissoras para empresas que buscam analisar esse setor \u2013 e algumas das oportunidades mais importantes s\u00e3o as seguintes:<\/p>\n\n\n\n<ul class=\"wp-block-list\">\n<li><strong>Cozinhas e t\u00e9cnicas emergentes:<\/strong> \u00c0 medida que as fronteiras culin\u00e1rias se dissolvem, h\u00e1 um interesse crescente por cozinhas regionais, muitas vezes menos conhecidas. A pesquisa dessas tend\u00eancias emergentes d\u00e1 \u00e0s empresas a oportunidade de introduzir e popularizar esses novos sabores. Al\u00e9m disso, \u00e0 medida que os chefs experimentam novas t\u00e9cnicas culin\u00e1rias, desde a gastronomia molecular at\u00e9 m\u00e9todos antigos, as empresas podem surfar nestas ondas mais cedo.<\/li>\n\n\n\n<li><strong>Foco em sa\u00fade e bem-estar:<\/strong> The global shift towards health and wellness means chefs are experimenting with ingredients that are nutritious without compromising on taste. Food and beverage chef market <a href=\"https:\/\/www.sisinternational.com\/pt\/solucoes\/pesquisa-de-mercado-de-produtos-de-beleza\/pesquisa-de-mercado-de-superalimentos-para-cuidados-com-a-pele\/\" title=\"Pesquisa de mercado de superalimentos para cuidados com a pele\"  data-wpil-monitor-id=\"6519\">pesquisar<\/a> in this area can reveal insights about popular superfoods, dietary needs, and how chefs incorporate these into gourmet experiences. This offers opportunities for suppliers, nutritionists, and restaurants alike.<\/li>\n\n\n\n<li><strong>Turismo Culin\u00e1rio:<\/strong> Viajar hoje tem tanto a ver com provar quanto com ver. Compreender o que os chefs est\u00e3o oferecendo, especialmente em destinos culin\u00e1rios renomados, pode ajudar as empresas de viagens e hotelaria a personalizar pacotes, experi\u00eancias e promo\u00e7\u00f5es que atendam aos viajantes mais exigentes.<\/li>\n\n\n\n<li><strong>Sustentabilidade e Consumo \u00c9tico:<\/strong> Com a crescente \u00eanfase na sustentabilidade, h\u00e1 uma oportunidade de pesquisar e compreender como os chefs obt\u00eam os seus ingredientes, reduzem o desperd\u00edcio e apoiam os produtores locais. As percep\u00e7\u00f5es neste dom\u00ednio podem orientar as empresas no alinhamento das suas pr\u00e1ticas com padr\u00f5es \u00e9ticos e sustent\u00e1veis, uma procura crescente entre os consumidores.<\/li>\n\n\n\n<li><strong>Experi\u00eancias culin\u00e1rias personalizadas:<\/strong> Personalized dining experiences such as chef&#8217;s table events, personalized menu creation, or interactive cooking sessions are gaining traction. <a href=\"https:\/\/www.sisinternational.com\/pt\/pericia\/curriculos-de-experiencia\/curriculo-de-experiencia-na-industria-de-bebidas-fast-food\/\" title=\"Experi\u00eancia em pesquisa de mercado de fast food e bebidas\"  data-wpil-monitor-id=\"6349\">Food and beverage chef market research<\/a> can shed light on what customers value in these experiences, offering restaurants and chefs avenues to innovate and elevate their offerings.<\/li>\n\n\n\n<li><strong>Evolu\u00e7\u00e3o das tecnologias de cozinha:<\/strong> \u00c0 medida que a tecnologia chega \u00e0 cozinha, desde eletrodom\u00e9sticos inteligentes at\u00e9 sugest\u00f5es de receitas baseadas em IA, compreender como os chefs interagem e aproveitam estas tecnologias pode oferecer \u00e0s empresas insights sobre o desenvolvimento e refinamento de produtos.<\/li>\n\n\n\n<li><strong>Presen\u00e7a online e na m\u00eddia:<\/strong> A ascens\u00e3o de chefs influenciadores, podcasts culin\u00e1rios, canais de culin\u00e1ria no YouTube e outras plataformas digitais apresenta uma oportunidade \u00fanica. Pesquisar o comportamento online, as prefer\u00eancias e as estrat\u00e9gias de conte\u00fado dos chefs pode fornecer um roteiro para empresas que desejam colaborar, anunciar ou estabelecer uma presen\u00e7a digital no mundo culin\u00e1rio.<\/li>\n\n\n\n<li><strong>Institutos Educacionais e de Treinamento:<\/strong> Com o cen\u00e1rio culin\u00e1rio em constante evolu\u00e7\u00e3o, h\u00e1 uma necessidade cont\u00ednua dos chefs atualizarem suas habilidades. A pesquisa de mercado de chefs de alimentos e bebidas pode identificar lacunas nas ofertas educacionais atuais, levando ao desenvolvimento de cursos especializados ou workshops que atendam \u00e0s demandas culin\u00e1rias modernas.<\/li>\n<\/ul>\n\n\n\n<h2 class=\"wp-block-heading\">Desafios na pesquisa de mercado de chefs de alimentos e bebidas<\/h2>\n\n\n\n<p>A realiza\u00e7\u00e3o de pesquisas no din\u00e2mico mundo culin\u00e1rio pode ser t\u00e3o desafiadora quanto gratificante. Aqui est\u00e1 uma an\u00e1lise aprofundada de alguns dos obst\u00e1culos enfrentados ao se aprofundar na pesquisa de mercado de chefs de alimentos e bebidas:<\/p>\n\n\n\n<ul class=\"wp-block-list\">\n<li><strong>Evolu\u00e7\u00e3o de gostos e prefer\u00eancias:<\/strong> O mundo culin\u00e1rio \u00e9 marcado por r\u00e1pidas mudan\u00e7as de gostos, influenciados por interc\u00e2mbios culturais, viagens e m\u00eddia. Acompanhar essas prefer\u00eancias em r\u00e1pida evolu\u00e7\u00e3o exige pesquisa cont\u00ednua e pode ser um desafio para as empresas que tentam permanecer \u00e0 frente.<\/li>\n\n\n\n<li><strong>Subjetividade do Gosto:<\/strong> Comida e sabor s\u00e3o inerentemente subjetivos. O que pode ser agrad\u00e1vel para uma pessoa pode n\u00e3o ser para outra. Esta subjetividade pode dificultar a obten\u00e7\u00e3o de conclus\u00f5es amplas a partir dos dados da investiga\u00e7\u00e3o. Encontrar um equil\u00edbrio entre atender aos gostos populares e introduzir novos sabores \u00e9 um desafio constante.<\/li>\n\n\n\n<li><strong>Cen\u00e1rio Altamente Competitivo:<\/strong> A ind\u00fastria alimentar, especialmente os setores liderados por chefs, \u00e9 incrivelmente competitiva. Com v\u00e1rios chefs e especialistas culin\u00e1rios entrando em cena, identificar tend\u00eancias verdadeiramente inovadoras ou propostas de vendas exclusivas pode ser assustador.<\/li>\n\n\n\n<li><strong>Acesso a informa\u00e7\u00f5es aut\u00eanticas:<\/strong> Os chefs, especialmente aqueles que est\u00e3o no topo do jogo, podem proteger suas t\u00e9cnicas, fornecedores e ingredientes secretos. Obter informa\u00e7\u00f5es aut\u00eanticas pode ser dif\u00edcil, pois nem todos os chefs ou institui\u00e7\u00f5es culin\u00e1rias podem estar abertos a partilhar informa\u00e7\u00f5es aprofundadas.<\/li>\n\n\n\n<li><strong>Preocupa\u00e7\u00f5es econ\u00f4micas e ambientais:<\/strong> Com acontecimentos globais, como crises econ\u00f3micas ou crises ambientais, os h\u00e1bitos e prefer\u00eancias de consumo dos consumidores podem mudar. A pesquisa em condi\u00e7\u00f5es t\u00e3o vol\u00e1teis requer uma abordagem diferenciada para prever tend\u00eancias de longo prazo.<\/li>\n\n\n\n<li><strong>Tend\u00eancias de curta dura\u00e7\u00e3o versus mudan\u00e7as de longa dura\u00e7\u00e3o:<\/strong> \u00c9 essencial diferenciar entre uma tend\u00eancia alimentar passageira e uma mudan\u00e7a mais profunda e duradoura no cen\u00e1rio culin\u00e1rio. Investir tempo e recursos em modas passageiras pode desviar a aten\u00e7\u00e3o de mudan\u00e7as mais impactantes e duradouras.<\/li>\n<\/ul>\n\n\n\n<h2 class=\"wp-block-heading\">Perspectivas futuras para a pesquisa de mercado de chefs de alimentos e bebidas<\/h2>\n\n\n\n<p>O setor de alimentos e culin\u00e1ria passou por mudan\u00e7as radicais nas \u00faltimas d\u00e9cadas \u2013 e com base nas tend\u00eancias atuais destacadas na pesquisa de mercado de chefs de alimentos e bebidas, aqui est\u00e1 uma explora\u00e7\u00e3o das poss\u00edveis dire\u00e7\u00f5es futuras para o mercado de chefs de alimentos e bebidas:<\/p>\n\n\n\n<ul class=\"wp-block-list\">\n<li><strong>Cozinha de fus\u00e3o global:<\/strong> \u00c0 medida que a globaliza\u00e7\u00e3o se intensifica, os chefs misturam cada vez mais t\u00e9cnicas e ingredientes de m\u00faltiplas culturas. Espera-se ver pratos de fus\u00e3o ainda mais inovadores que re\u00fanam sabores de todo o mundo.<\/li>\n\n\n\n<li><strong>Sa\u00fade e bem estar:<\/strong> O movimento de bem-estar veio para ficar. Os chefs provavelmente criar\u00e3o mais pratos que n\u00e3o s\u00e3o apenas deliciosos, mas tamb\u00e9m atendem a diversas necessidades diet\u00e9ticas e problemas de sa\u00fade, desde op\u00e7\u00f5es sem gl\u00faten at\u00e9 pratos elaborados para a sa\u00fade intestinal.<\/li>\n\n\n\n<li><strong>Experi\u00eancias de chef diretas ao consumidor:<\/strong> Com o surgimento de plataformas como Patreon ou blogs pessoais, os chefs podem oferecer experi\u00eancias mais diretas ao consumidor. Isso pode incluir aulas de culin\u00e1ria online, cria\u00e7\u00e3o de receitas personalizadas ou conte\u00fado culin\u00e1rio selecionado.<\/li>\n\n\n\n<li><strong>Experi\u00eancias gastron\u00f4micas personalizadas:<\/strong> Aproveitando a an\u00e1lise de dados e a IA, os chefs poderiam oferecer experi\u00eancias gastron\u00f4micas mais personalizadas. Isto pode variar desde pratos ajustados \u00e0s necessidades nutricionais individuais at\u00e9 refei\u00e7\u00f5es que atendem a perfis de sabor pessoais.<\/li>\n\n\n\n<li><strong>Renascimento da culin\u00e1ria tradicional:<\/strong> Por mais que o futuro seja uma quest\u00e3o de inova\u00e7\u00e3o, h\u00e1 tamb\u00e9m uma aprecia\u00e7\u00e3o crescente pelos m\u00e9todos de cozinha tradicionais e pelas receitas tradicionais. Os chefs podem aprofundar suas ra\u00edzes culin\u00e1rias, trazendo receitas e t\u00e9cnicas antigas para os clientes modernos.<\/li>\n\n\n\n<li><strong>Jantar interativo:<\/strong> A experi\u00eancia gastron\u00f4mica do futuro pode ser mais interativa. Isso poderia envolver chefs interagindo com os clientes por meio de experi\u00eancias de realidade aumentada, exibi\u00e7\u00f5es de mesa interativas ou at\u00e9 mesmo participantes do processo de cozimento.<\/li>\n<\/ul>","protected":false},"excerpt":{"rendered":"<p>Compreender o mundo das artes culin\u00e1rias \u00e9 crucial. A realiza\u00e7\u00e3o de pesquisas de mercado para chefs de alimentos e bebidas fornece insights valiosos do setor.<\/p>","protected":false},"author":1,"featured_media":64706,"parent":22018,"menu_order":362,"comment_status":"closed","ping_status":"closed","template":"","meta":{"footnotes":""},"class_list":["post-43420","page","type-page","status-publish","has-post-thumbnail"],"_links":{"self":[{"href":"https:\/\/www.sisinternational.com\/pt\/wp-json\/wp\/v2\/pages\/43420","targetHints":{"allow":["GET"]}}],"collection":[{"href":"https:\/\/www.sisinternational.com\/pt\/wp-json\/wp\/v2\/pages"}],"about":[{"href":"https:\/\/www.sisinternational.com\/pt\/wp-json\/wp\/v2\/types\/page"}],"author":[{"embeddable":true,"href":"https:\/\/www.sisinternational.com\/pt\/wp-json\/wp\/v2\/users\/1"}],"replies":[{"embeddable":true,"href":"https:\/\/www.sisinternational.com\/pt\/wp-json\/wp\/v2\/comments?post=43420"}],"version-history":[{"count":10,"href":"https:\/\/www.sisinternational.com\/pt\/wp-json\/wp\/v2\/pages\/43420\/revisions"}],"predecessor-version":[{"id":80102,"href":"https:\/\/www.sisinternational.com\/pt\/wp-json\/wp\/v2\/pages\/43420\/revisions\/80102"}],"up":[{"embeddable":true,"href":"https:\/\/www.sisinternational.com\/pt\/wp-json\/wp\/v2\/pages\/22018"}],"wp:featuredmedia":[{"embeddable":true,"href":"https:\/\/www.sisinternational.com\/pt\/wp-json\/wp\/v2\/media\/64706"}],"wp:attachment":[{"href":"https:\/\/www.sisinternational.com\/pt\/wp-json\/wp\/v2\/media?parent=43420"}],"curies":[{"name":"wp","href":"https:\/\/api.w.org\/{rel}","templated":true}]}}