{"id":43346,"date":"2023-09-02T18:03:44","date_gmt":"2023-09-02T22:03:44","guid":{"rendered":"https:\/\/www.sisinternational.com\/?page_id=43346"},"modified":"2026-01-27T15:22:04","modified_gmt":"2026-01-27T20:22:04","slug":"amostragem-de-pesquisa-de-mercado","status":"publish","type":"page","link":"https:\/\/www.sisinternational.com\/pt\/pericia\/amostragem-de-pesquisa-de-mercado\/","title":{"rendered":"Amostragem de pesquisa de mercado"},"content":{"rendered":"<h1 class=\"wp-block-heading\">Amostragem de pesquisa de mercado<\/h1>\n\n\n\n<figure class=\"gb-block-image gb-block-image-c2038f84\"><img loading=\"lazy\" decoding=\"async\" width=\"1456\" height=\"816\" class=\"gb-image gb-image-c2038f84\" src=\"https:\/\/www.sisinternational.com\/wp-content\/uploads\/2025\/09\/Quantitative-research-1d4-2.jpg\" alt=\"Pesquisa e Estrat\u00e9gia de Mercado Internacional da SIS\" title=\"Quantitative research (1d4) (2)\" srcset=\"https:\/\/www.sisinternational.com\/wp-content\/uploads\/2025\/09\/Quantitative-research-1d4-2.jpg 1456w, https:\/\/www.sisinternational.com\/wp-content\/uploads\/2025\/09\/Quantitative-research-1d4-2-300x168.jpg 300w, https:\/\/www.sisinternational.com\/wp-content\/uploads\/2025\/09\/Quantitative-research-1d4-2-1024x574.jpg 1024w, https:\/\/www.sisinternational.com\/wp-content\/uploads\/2025\/09\/Quantitative-research-1d4-2-768x430.jpg 768w, https:\/\/www.sisinternational.com\/wp-content\/uploads\/2025\/09\/Quantitative-research-1d4-2-18x10.jpg 18w\" sizes=\"auto, (max-width: 1456px) 100vw, 1456px\"><\/figure>\n\n\n\n<p><\/p>\n\n\n\n<p>Na pesquisa de mercado, compreender vastas popula\u00e7\u00f5es \u00e9 uma tarefa complexa. O desafio reside n\u00e3o apenas na recolha de dados, mas em garantir que os dados reflectem com precis\u00e3o os comportamentos, prefer\u00eancias e sentimentos de um p\u00fablico-alvo. Aqui reside a import\u00e2ncia da amostragem da pesquisa de mercado.<\/p>\n\n\n\n<p>A pesquisa de mercado por amostragem, como a palavra-chave sugere, gira em torno da sele\u00e7\u00e3o meticulosa de um grupo espec\u00edfico (ou amostra) de uma popula\u00e7\u00e3o maior, garantindo que esse grupo espelhe o conjunto maior em suas caracter\u00edsticas. Ao estudar esta amostra, os investigadores podem tirar conclus\u00f5es e insights sobre a popula\u00e7\u00e3o em geral, tornando o processo de investiga\u00e7\u00e3o mais vi\u00e1vel, eficiente e rent\u00e1vel.<\/p>\n\n\n\n<h2 class=\"wp-block-heading\">Compreendendo a pesquisa de mercado de amostragem<\/h2>\n\n\n\n<p>The primary <a href=\"https:\/\/www.sisinternational.com\/pt\/solucoes\/pesquisa-de-mercado-de-ia-e-consultoria-estrategica\/pesquisa-de-mercado-de-ia-com-deteccao-de-objetos\/\" title=\"Pesquisa de mercado de IA para detec\u00e7\u00e3o de objetos\"  data-wpil-monitor-id=\"7306\">objective of sampling market research<\/a> ensures that this sample is representative of the broader group in terms of key characteristics and behaviors.<\/p>\n\n\n\n<p>Dado que \u00e9 fisicamente imposs\u00edvel ou proibitivamente dispendioso alcan\u00e7ar todos os indiv\u00edduos numa grande popula\u00e7\u00e3o, a amostragem proporciona uma forma ger\u00edvel de recolher dados \u2013 e uma amostra bem escolhida pode fornecer resultados t\u00e3o precisos como estudar toda a popula\u00e7\u00e3o.<\/p>\n\n\n\n<p>A amostragem tamb\u00e9m permite que os pesquisadores obtenham resultados mais rapidamente. Esta velocidade pode ser crucial para projetos urgentes ou mercados em r\u00e1pida mudan\u00e7a. Um dos princ\u00edpios fundamentais da amostragem de pesquisa de mercado \u00e9 garantir que a amostra selecionada seja representativa. Se uma amostra n\u00e3o refletir com precis\u00e3o a composi\u00e7\u00e3o mais ampla da popula\u00e7\u00e3o, quaisquer conclus\u00f5es tiradas poder\u00e3o ser enganosas.<\/p>\n\n\n\n<h2 class=\"wp-block-heading\">Vantagens da amostragem de pesquisa de mercado<\/h2>\n\n\n\n<figure class=\"gb-block-image gb-block-image-d1b1a4f5\"><img loading=\"lazy\" decoding=\"async\" width=\"1456\" height=\"816\" class=\"gb-image gb-image-d1b1a4f5\" src=\"https:\/\/www.sisinternational.com\/wp-content\/uploads\/2025\/09\/Quantitative-research-22.jpg\" alt=\"Pesquisa e Estrat\u00e9gia de Mercado Internacional da SIS\" title=\"Quantitative research (22)\" srcset=\"https:\/\/www.sisinternational.com\/wp-content\/uploads\/2025\/09\/Quantitative-research-22.jpg 1456w, https:\/\/www.sisinternational.com\/wp-content\/uploads\/2025\/09\/Quantitative-research-22-300x168.jpg 300w, https:\/\/www.sisinternational.com\/wp-content\/uploads\/2025\/09\/Quantitative-research-22-1024x574.jpg 1024w, https:\/\/www.sisinternational.com\/wp-content\/uploads\/2025\/09\/Quantitative-research-22-768x430.jpg 768w, https:\/\/www.sisinternational.com\/wp-content\/uploads\/2025\/09\/Quantitative-research-22-18x10.jpg 18w\" sizes=\"auto, (max-width: 1456px) 100vw, 1456px\"><\/figure>\n\n\n\n<p><\/p>\n\n\n\n<p>A pesquisa de mercado por amostragem consolidou sua posi\u00e7\u00e3o como pedra angular no campo da pesquisa de mercado, oferecendo um m\u00e9todo simplificado e eficiente de coleta de dados sem comprometer a precis\u00e3o. Aqui est\u00e3o os principais benef\u00edcios:<\/p>\n\n\n\n<ul class=\"wp-block-list\">\n<li><strong>Efici\u00eancia de custos:<\/strong> A realiza\u00e7\u00e3o de pesquisas em uma amostra, e n\u00e3o em uma popula\u00e7\u00e3o inteira, reduz significativamente os custos. Da m\u00e3o-de-obra aos recursos, as poupan\u00e7as financeiras s\u00e3o substanciais, tornando-o especialmente apelativo para empresas com restri\u00e7\u00f5es or\u00e7amentais.<\/li>\n\n\n\n<li><strong>Capacidade de gerenciamento:<\/strong> O tratamento de dados de um grupo menor \u00e9 mais gerenci\u00e1vel, tornando o processo de an\u00e1lise e interpreta\u00e7\u00e3o de dados mais simples. Isso permite uma compreens\u00e3o mais focada e diferenciada dos dados.<\/li>\n\n\n\n<li><strong>Flexibilidade:<\/strong> A amostragem oferece aos pesquisadores flexibilidade em sua abordagem. Eles podem ajustar seus m\u00e9todos com base no tamanho da amostra, no tipo de t\u00e9cnica de amostragem utilizada ou nas necessidades espec\u00edficas do projeto.<\/li>\n\n\n\n<li><strong>Acessibilidade:<\/strong> Certas popula\u00e7\u00f5es ou grupos demogr\u00e1ficos podem ser dif\u00edceis de alcan\u00e7ar na sua totalidade. A amostragem fornece uma forma de acessar um corte transversal desses grupos, garantindo sua representa\u00e7\u00e3o na pesquisa.<\/li>\n\n\n\n<li><strong>Permite pesquisas aprofundadas:<\/strong> Com menos entrevistados para interagir, os pesquisadores podem aprofundar quest\u00f5es espec\u00edficas, fazer perguntas mais detalhadas e passar mais tempo com cada participante. Essa profundidade pode fornecer insights mais ricos do que pesquisas mais amplas.<\/li>\n\n\n\n<li><strong>N\u00e3o resposta reduzida:<\/strong> Uma amostra menor e bem escolhida pode produzir taxas de resposta mais elevadas em compara\u00e7\u00e3o com inqu\u00e9ritos mais amplos. N\u00edveis mais elevados de envolvimento podem levar a dados mais abrangentes e confi\u00e1veis.<\/li>\n<\/ul>\n\n\n\n<h2 class=\"wp-block-heading\">Desafios na amostragem de pesquisa de mercado<\/h2>\n\n\n\n<p>While sampling market research offers many advantages, it is not without its challenges. When not executed carefully, sampling can lead to misleading results. Here&#8217;s an overview of the potential challenges in <a href=\"https:\/\/www.sisinternational.com\/pt\/cobertura\/pesquisa-de-mercado-africa\/pesquisa-de-mercado-na-mauritania-africa\/\" title=\"Pesquisa de Mercado na Maurit\u00e2nia, \u00c1frica \u2013 uma Vis\u00e3o Geral\"  data-wpil-monitor-id=\"5290\">amostragem de pesquisa de mercado<\/a>:<\/p>\n\n\n\n<ul class=\"wp-block-list\">\n<li><strong>Vi\u00e9s de amostra:<\/strong> Um dos desafios mais significativos na amostragem \u00e9 garantir que a amostra seja verdadeiramente representativa da popula\u00e7\u00e3o maior. Qualquer desvio pode levar a resultados tendenciosos, tornando as conclus\u00f5es pouco confi\u00e1veis ou enganosas.<\/li>\n\n\n\n<li><strong>Determinando o tamanho correto da amostra:<\/strong> Uma amostra demasiado pequena pode n\u00e3o captar a diversidade e as nuances de uma popula\u00e7\u00e3o, enquanto uma amostra excessivamente grande pode ser desnecess\u00e1ria e consumir muitos recursos.<\/li>\n\n\n\n<li><strong>Vi\u00e9s de n\u00e3o resposta:<\/strong> Nem todos os escolhidos para uma amostra poder\u00e3o responder a um inqu\u00e9rito ou participar numa investiga\u00e7\u00e3o. Se os n\u00e3o respondentes diferirem significativamente em caracter\u00edsticas dos respondentes, os resultados podem ser tendenciosos.<\/li>\n\n\n\n<li><strong>Generaliza\u00e7\u00e3o excessiva:<\/strong> Existe o risco de extrapolar os dados da amostra para a popula\u00e7\u00e3o em geral sem considerar potenciais varia\u00e7\u00f5es ou nuances.<\/li>\n\n\n\n<li><strong>Obst\u00e1culos log\u00edsticos:<\/strong> Dependendo do m\u00e9todo de amostragem utilizado, poder\u00e3o surgir desafios log\u00edsticos, como chegar a participantes remotos ou garantir uma sele\u00e7\u00e3o aleat\u00f3ria no trabalho de campo.<\/li>\n\n\n\n<li><strong>Supera\u00e7\u00f5es de custos:<\/strong> Embora a amostragem seja geralmente rent\u00e1vel, um mau planeamento ou desafios inesperados podem levar a um aumento dos custos para al\u00e9m do or\u00e7amento.<\/li>\n\n\n\n<li><strong>Mudan\u00e7as Temporais:<\/strong> Se houver um lapso de tempo significativo entre as fases de coleta de dados em estudos longitudinais, as mudan\u00e7as ao longo do tempo poder\u00e3o afetar a representatividade da amostra.<\/li>\n\n\n\n<li><strong>Qualidade dos dados:<\/strong> Com uma amostra menor, a qualidade dos dados coletados de cada respondente torna-se ainda mais cr\u00edtica. Respostas imprecisas ou de baixa qualidade podem afetar significativamente as descobertas.<\/li>\n\n\n\n<li><strong>Confian\u00e7a em dados pr\u00e9-existentes:<\/strong> Se os investigadores utilizarem dados ou bases de dados pr\u00e9-existentes para amostragem, poder\u00e3o existir limita\u00e7\u00f5es ou preconceitos inerentes ao m\u00e9todo original de recolha de dados.<\/li>\n<\/ul>\n\n\n\n<h2 class=\"wp-block-heading\">O futuro da pesquisa de mercado por amostragem<\/h2>\n\n\n\n<figure class=\"gb-block-image gb-block-image-a2227238\"><img loading=\"lazy\" decoding=\"async\" width=\"1456\" height=\"816\" class=\"gb-image gb-image-a2227238\" src=\"https:\/\/www.sisinternational.com\/wp-content\/uploads\/2025\/09\/Quantitative-research-1d4-2.jpg\" alt=\"Pesquisa e Estrat\u00e9gia de Mercado Internacional da SIS\" title=\"Quantitative research (1d4) (2)\" srcset=\"https:\/\/www.sisinternational.com\/wp-content\/uploads\/2025\/09\/Quantitative-research-1d4-2.jpg 1456w, https:\/\/www.sisinternational.com\/wp-content\/uploads\/2025\/09\/Quantitative-research-1d4-2-300x168.jpg 300w, https:\/\/www.sisinternational.com\/wp-content\/uploads\/2025\/09\/Quantitative-research-1d4-2-1024x574.jpg 1024w, https:\/\/www.sisinternational.com\/wp-content\/uploads\/2025\/09\/Quantitative-research-1d4-2-768x430.jpg 768w, https:\/\/www.sisinternational.com\/wp-content\/uploads\/2025\/09\/Quantitative-research-1d4-2-18x10.jpg 18w\" sizes=\"auto, (max-width: 1456px) 100vw, 1456px\"><\/figure>\n\n\n\n<p><\/p>\n\n\n\n<p>The increasing fusion of technology, data analytics, and traditional research methodologies promises to reshape the landscape of <a href=\"https:\/\/www.sisinternational.com\/pt\/pericia\/industrias\/pesquisa-de-mercado-de-reformulacao-de-marca-de-motocicleta\/\" title=\"Pesquisa de mercado de reformula\u00e7\u00e3o de marca de motocicleta\"  data-wpil-monitor-id=\"4712\">sampling<\/a> market research. Here\u2019s a glimpse into what the future might hold for sampling market research:<\/p>\n\n\n\n<ul class=\"wp-block-list\">\n<li><strong>Integra\u00e7\u00e3o de IA e aprendizado de m\u00e1quina:<\/strong> Algoritmos avan\u00e7ados podem ajudar na determina\u00e7\u00e3o de tamanhos de amostra ideais, na previs\u00e3o de vieses de n\u00e3o resposta e at\u00e9 mesmo na sele\u00e7\u00e3o de amostras representativas. O aprendizado de m\u00e1quina pode ajudar a refinar t\u00e9cnicas de amostragem com base em dados e tend\u00eancias hist\u00f3ricas.<\/li>\n\n\n\n<li><strong>An\u00e1lise preditiva aprimorada:<\/strong> A amostragem combinada com an\u00e1lises preditivas avan\u00e7adas pode oferecer previs\u00f5es mais precisas sobre tend\u00eancias de mercado, comportamentos e prefer\u00eancias do consumidor.<\/li>\n\n\n\n<li><strong>Realidade Virtual e Aumentada em Amostragem:<\/strong> VR e AR podem oferecer experi\u00eancias de pesquisa imersivas, levando a uma coleta de dados mais rica a partir de amostras. Isso pode ser especialmente ben\u00e9fico em testes de produtos ou feedback experimental.<\/li>\n\n\n\n<li><strong>Globaliza\u00e7\u00e3o e amostragem intercultural:<\/strong> \u00c0 medida que as empresas se tornam mais globais, as t\u00e9cnicas de amostragem devem evoluir para capturar nuances e varia\u00e7\u00f5es interculturais, garantindo que as amostras sejam representativas em diversas geografias.<\/li>\n\n\n\n<li><strong>Maior \u00eanfase na coleta de dados \u00e9ticos:<\/strong> Com a crescente conscientiza\u00e7\u00e3o sobre a privacidade e a \u00e9tica dos dados, o futuro da amostragem exigir\u00e1 m\u00e9todos de coleta de dados transparentes e baseados no consentimento.<\/li>\n\n\n\n<li><strong>Integra\u00e7\u00e3o com Big Data:<\/strong> A amostragem na era do big data provavelmente envolver\u00e1 a extra\u00e7\u00e3o de subconjuntos relevantes de enormes conjuntos de dados, garantindo a representatividade enquanto navegamos em grandes quantidades de informa\u00e7\u00f5es.<\/li>\n\n\n\n<li><strong>T\u00e9cnicas de amostragem adaptativa:<\/strong> Aproveitar a tecnologia para adaptar estrat\u00e9gias de amostragem em movimento, com base em descobertas preliminares ou em mudan\u00e7as na din\u00e2mica do mercado.<\/li>\n\n\n\n<li><strong>Amostragem personalizada:<\/strong> Estrat\u00e9gias de amostragem personalizadas para nichos de mercado ou campanhas de marketing hiper-direcionadas, garantindo alta relev\u00e2ncia e precis\u00e3o nos insights.<\/li>\n\n\n\n<li><strong>Amostragem crowdsourced:<\/strong> Utilizar plataformas e comunidades para interagir com diversas amostras, aproveitando o poder da intelig\u00eancia coletiva e dos insights orientados pela comunidade.<\/li>\n\n\n\n<li><strong>Maior colabora\u00e7\u00e3o e abordagens interdisciplinares:<\/strong> A converg\u00eancia de campos como sociologia, ci\u00eancia de dados, antropologia e estudos empresariais ser\u00e1 usada para refinar metodologias de amostragem.<\/li>\n<\/ul>","protected":false},"excerpt":{"rendered":"<p>A amostragem da pesquisa de mercado amostra um grupo espec\u00edfico (ou amostra) para tirar conclus\u00f5es sobre uma popula\u00e7\u00e3o maior com caracter\u00edsticas semelhantes.<\/p>","protected":false},"author":1,"featured_media":67012,"parent":14514,"menu_order":354,"comment_status":"closed","ping_status":"closed","template":"","meta":{"footnotes":""},"class_list":["post-43346","page","type-page","status-publish","has-post-thumbnail"],"_links":{"self":[{"href":"https:\/\/www.sisinternational.com\/pt\/wp-json\/wp\/v2\/pages\/43346","targetHints":{"allow":["GET"]}}],"collection":[{"href":"https:\/\/www.sisinternational.com\/pt\/wp-json\/wp\/v2\/pages"}],"about":[{"href":"https:\/\/www.sisinternational.com\/pt\/wp-json\/wp\/v2\/types\/page"}],"author":[{"embeddable":true,"href":"https:\/\/www.sisinternational.com\/pt\/wp-json\/wp\/v2\/users\/1"}],"replies":[{"embeddable":true,"href":"https:\/\/www.sisinternational.com\/pt\/wp-json\/wp\/v2\/comments?post=43346"}],"version-history":[{"count":6,"href":"https:\/\/www.sisinternational.com\/pt\/wp-json\/wp\/v2\/pages\/43346\/revisions"}],"predecessor-version":[{"id":80952,"href":"https:\/\/www.sisinternational.com\/pt\/wp-json\/wp\/v2\/pages\/43346\/revisions\/80952"}],"up":[{"embeddable":true,"href":"https:\/\/www.sisinternational.com\/pt\/wp-json\/wp\/v2\/pages\/14514"}],"wp:featuredmedia":[{"embeddable":true,"href":"https:\/\/www.sisinternational.com\/pt\/wp-json\/wp\/v2\/media\/67012"}],"wp:attachment":[{"href":"https:\/\/www.sisinternational.com\/pt\/wp-json\/wp\/v2\/media?parent=43346"}],"curies":[{"name":"wp","href":"https:\/\/api.w.org\/{rel}","templated":true}]}}