{"id":43335,"date":"2023-09-02T17:05:29","date_gmt":"2023-09-02T21:05:29","guid":{"rendered":"https:\/\/www.sisinternational.com\/?page_id=43335"},"modified":"2026-01-25T19:27:48","modified_gmt":"2026-01-26T00:27:48","slug":"pesquisa-de-mercado-sobre-povos-indigenas","status":"publish","type":"page","link":"https:\/\/www.sisinternational.com\/pt\/pericia\/pesquisa-de-mercado-sobre-povos-indigenas\/","title":{"rendered":"Pesquisa de mercado de povos ind\u00edgenas"},"content":{"rendered":"<h1 class=\"wp-block-heading\">Pesquisa de mercado de povos ind\u00edgenas<\/h1>\n\n\n\n<figure class=\"gb-block-image gb-block-image-2a13d408\"><img loading=\"lazy\" decoding=\"async\" width=\"1456\" height=\"816\" class=\"gb-image gb-image-2a13d408\" src=\"https:\/\/www.sisinternational.com\/wp-content\/uploads\/2025\/08\/Indigenous-people-3.jpg\" alt=\"Pesquisa e Estrat\u00e9gia de Mercado Internacional da SIS\" title=\"Indigenous people (3)\" srcset=\"https:\/\/www.sisinternational.com\/wp-content\/uploads\/2025\/08\/Indigenous-people-3.jpg 1456w, https:\/\/www.sisinternational.com\/wp-content\/uploads\/2025\/08\/Indigenous-people-3-300x168.jpg 300w, https:\/\/www.sisinternational.com\/wp-content\/uploads\/2025\/08\/Indigenous-people-3-1024x574.jpg 1024w, https:\/\/www.sisinternational.com\/wp-content\/uploads\/2025\/08\/Indigenous-people-3-768x430.jpg 768w, https:\/\/www.sisinternational.com\/wp-content\/uploads\/2025\/08\/Indigenous-people-3-18x10.jpg 18w\" sizes=\"auto, (max-width: 1456px) 100vw, 1456px\"><\/figure>\n\n\n\n<p><\/p>\n\n\n\n<p>Na pesquisa de mercado, poucos segmentos permanecem t\u00e3o ricos, mas sub-representados, como as comunidades ind\u00edgenas. Abrangendo v\u00e1rios continentes, desde os Maori da Nova Zel\u00e2ndia at\u00e9 aos nativos americanos dos Estados Unidos, os povos ind\u00edgenas t\u00eam uma hist\u00f3ria e uma cultura que oferecem conhecimentos inestim\u00e1veis.<\/p>\n\n\n\n<p>\u00c9 aqui que o foco na pesquisa de mercado dos povos ind\u00edgenas se torna crucial, uma vez que se concentra na compreens\u00e3o das suas vis\u00f5es de mundo, aspira\u00e7\u00f5es, desafios e oportunidades.<\/p>\n\n\n\n<h2 class=\"wp-block-heading\">Por que a pesquisa de mercado dos povos ind\u00edgenas \u00e9 crucial<\/h2>\n\n\n\n<p>O dom\u00ednio da pesquisa de mercado sobre os povos ind\u00edgenas \u00e9 vasto, abrangendo uma ampla gama de dados demogr\u00e1ficos, culturas e origens socioecon\u00f3micas. Contudo, a \u00eanfase na pesquisa de mercado dos povos ind\u00edgenas ocupa uma posi\u00e7\u00e3o \u00fanica e cr\u00edtica dentro deste espectro.<\/p>\n\n\n\n<h3 class=\"wp-block-heading\">Veja por que esse foco \u00e9 importante:<\/h3>\n\n\n\n<ul class=\"wp-block-list\">\n<li><strong>Reconhecendo a marginaliza\u00e7\u00e3o hist\u00f3rica:<\/strong> Historicamente, as comunidades ind\u00edgenas em todo o mundo t\u00eam enfrentado a marginaliza\u00e7\u00e3o sist\u00e9mica, com as suas vozes, preocupa\u00e7\u00f5es e necessidades frequentemente marginalizadas. A realiza\u00e7\u00e3o de pesquisas de mercado sobre os povos ind\u00edgenas oferece um caminho para corrigir preconceitos hist\u00f3ricos e inclu\u00ed-los ativamente nos di\u00e1logos modernos.<\/li>\n\n\n\n<li><strong>Descobrindo percep\u00e7\u00f5es exclusivas do consumidor:<\/strong> As comunidades ind\u00edgenas podem oferecer perspectivas de consumo \u00fanicas com as suas tradi\u00e7\u00f5es, valores e estilos de vida distintos. Ao analisar produtos, servi\u00e7os ou conte\u00fado; esta pesquisa revela suas prefer\u00eancias e pode abrir portas para ofertas personalizadas que ressoem de forma aut\u00eantica.<\/li>\n\n\n\n<li><strong>Fortalecimento da Representa\u00e7\u00e3o Cultural:<\/strong> Garantir que os produtos, an\u00fancios e conte\u00fados reflitam a riqueza cultural das comunidades ind\u00edgenas pode promover maior inclus\u00e3o e respeito.<\/li>\n\n\n\n<li><strong>Ethical Business and <\/strong><a href=\"https:\/\/www.sisinternational.com\/pt\/what-is-a-value-proposition-canvas-the-game-changing-framework-that-prevents-product-failures\/\" title=\"What Is a Value Proposition Canvas? &#091;The Game-Changing Framework That Prevents Product Failures&#093;\"  data-wpil-monitor-id=\"10459\">Product Development: By understanding the values<\/a>, beliefs, and priorities of indigenous communities, businesses can develop products that align with these insights. This ensures ethical practices, especially when products relate to indigenous knowledge, resources, or crafts.<\/li>\n\n\n\n<li><strong>Promover o respeito m\u00fatuo e a colabora\u00e7\u00e3o:<\/strong> O envolvimento com as comunidades ind\u00edgenas atrav\u00e9s de pesquisas de mercado abre caminho para o respeito m\u00fatuo. Permite que as empresas compreendam e honrem os costumes, rituais e tradi\u00e7\u00f5es locais, garantindo uma colabora\u00e7\u00e3o respeitosa.<\/li>\n\n\n\n<li><strong>Pol\u00edtica e Governan\u00e7a:<\/strong> Para os decisores pol\u00edticos, compreender as perspetivas das comunidades ind\u00edgenas \u00e9 crucial na elabora\u00e7\u00e3o de leis ou iniciativas que tenham impacto nestes grupos. A pesquisa de mercado sobre os povos ind\u00edgenas pode fornecer insights baseados em dados, garantindo que as pol\u00edticas sejam justas, inclusivas e eficazes.<\/li>\n\n\n\n<li><strong>Desbloqueando oportunidades econ\u00f4micas:<\/strong> As comunidades ind\u00edgenas podem contribuir significativamente para as economias locais e nacionais. As suas compet\u00eancias artesanais, recursos locais e eventos culturais podem ser caminhos para o crescimento econ\u00f3mico, o turismo e o interc\u00e2mbio global.<\/li>\n\n\n\n<li><strong>Defendendo a Diversidade e a Inclus\u00e3o:<\/strong> A pesquisa de mercado dos povos ind\u00edgenas reafirma a ideia de que cada voz, n\u00e3o importa qu\u00e3o historicamente marginalizada, tem valor e merece ser ouvida.<\/li>\n<\/ul>\n\n\n\n<h2 class=\"wp-block-heading\">Considera\u00e7\u00f5es metodol\u00f3gicas em pesquisas de mercado de povos ind\u00edgenas<\/h2>\n\n\n\n<figure class=\"gb-block-image gb-block-image-f8a7aa1b\"><img loading=\"lazy\" decoding=\"async\" width=\"1456\" height=\"816\" class=\"gb-image gb-image-f8a7aa1b\" src=\"https:\/\/www.sisinternational.com\/wp-content\/uploads\/2025\/08\/Indigenous-people-5.jpg\" alt=\"Pesquisa e Estrat\u00e9gia de Mercado Internacional da SIS\" title=\"Indigenous people (5)\" srcset=\"https:\/\/www.sisinternational.com\/wp-content\/uploads\/2025\/08\/Indigenous-people-5.jpg 1456w, https:\/\/www.sisinternational.com\/wp-content\/uploads\/2025\/08\/Indigenous-people-5-300x168.jpg 300w, https:\/\/www.sisinternational.com\/wp-content\/uploads\/2025\/08\/Indigenous-people-5-1024x574.jpg 1024w, https:\/\/www.sisinternational.com\/wp-content\/uploads\/2025\/08\/Indigenous-people-5-768x430.jpg 768w, https:\/\/www.sisinternational.com\/wp-content\/uploads\/2025\/08\/Indigenous-people-5-18x10.jpg 18w\" sizes=\"auto, (max-width: 1456px) 100vw, 1456px\"><\/figure>\n\n\n\n<p><\/p>\n\n\n\n<p>A realiza\u00e7\u00e3o de pesquisas de mercado sobre povos ind\u00edgenas requer uma abordagem diferenciada, significativamente diferente das metodologias padr\u00e3o de pesquisa de mercado. As complexidades culturais, hist\u00f3ricas e sociais destas comunidades exigem uma abordagem ponderada e respeitosa \u00e0 recolha e interpreta\u00e7\u00e3o de dados. Aqui est\u00e3o as principais considera\u00e7\u00f5es metodol\u00f3gicas a serem lembradas:<\/p>\n\n\n\n<ul class=\"wp-block-list\">\n<li><strong>Projeto de pesquisa culturalmente sens\u00edvel:<\/strong> Antes de iniciar a investiga\u00e7\u00e3o, \u00e9 crucial conceber m\u00e9todos que sejam sens\u00edveis \u00e0s normas e tradi\u00e7\u00f5es culturais espec\u00edficas da comunidade ind\u00edgena em quest\u00e3o. Isso inclui compreender seus valores, cren\u00e7as e estruturas sociais para enquadrar as quest\u00f5es de maneira adequada.<\/li>\n\n\n\n<li><strong>Abordagens Colaborativas e Participativas:<\/strong> Em vez de impor quadros de investiga\u00e7\u00e3o externos, \u00e9 ben\u00e9fico adoptar uma abordagem colaborativa. Envolva-se com l\u00edderes comunit\u00e1rios, idosos ou representantes para garantir que a pesquisa seja mutuamente ben\u00e9fica e respeitosa.<\/li>\n\n\n\n<li><strong>Consentimento Pr\u00e9vio Informado:<\/strong> Always ensure that participants understand the purpose of the research, how the data will be used, and any potential implications. Securing informed consent upholds the principle of transparency and trust in <a href=\"https:\/\/www.sisinternational.com\/pt\/pericia\/industrias\/diretor-de-informacoes-cio-pesquisa-de-mercado\/\" title=\"Diretor de Informa\u00e7\u00f5es (CIO) Pesquisa de Mercado\"  data-wpil-monitor-id=\"5662\">pesquisa de mercado sobre povos ind\u00edgenas<\/a>.<\/li>\n\n\n\n<li><strong>\u00canfase em M\u00e9todos Qualitativos:<\/strong> Embora os dados quantitativos possam fornecer informa\u00e7\u00f5es valiosas, os m\u00e9todos qualitativos, como entrevistas aprofundadas, grupos focais e observa\u00e7\u00e3o participante, podem oferecer informa\u00e7\u00f5es mais ricas e espec\u00edficas ao contexto nas comunidades ind\u00edgenas.<\/li>\n\n\n\n<li><strong>Utiliza\u00e7\u00e3o do idioma local:<\/strong> Sempre que poss\u00edvel, \u00e9 vital realizar pesquisas de mercado sobre os povos ind\u00edgenas na l\u00edngua local da comunidade. Isso garante uma compreens\u00e3o mais clara e promove a confian\u00e7a. Se necess\u00e1rio, contrate int\u00e9rpretes familiarizados com o idioma e as nuances culturais.<\/li>\n\n\n\n<li><strong>Tratamento \u00c9tico de Dados:<\/strong> Os dados recolhidos junto das comunidades ind\u00edgenas podem ser sens\u00edveis, especialmente se abordarem conhecimentos, pr\u00e1ticas ou cren\u00e7as tradicionais. Certifique-se de que esses dados sejam tratados com a m\u00e1xima confidencialidade e respeito.<\/li>\n\n\n\n<li><strong>Reconhecendo os Sistemas de Conhecimento Ind\u00edgenas:<\/strong> Em vez de abordar a investiga\u00e7\u00e3o a partir de uma perspectiva puramente ocidental ou externa, reconhe\u00e7a e valorize os sistemas de conhecimento ind\u00edgenas existentes. Isto pode proporcionar uma compreens\u00e3o mais rica e hol\u00edstica das perspectivas da comunidade.<\/li>\n\n\n\n<li><strong>Mecanismos de feedback:<\/strong> Once the research is concluded, create mechanisms to share findings with the community. This ensures transparency and allows the community to provide feedback or clarifications, enhancing the <a href=\"https:\/\/www.sisinternational.com\/pt\/solucoes\/solucoes-de-pesquisa-quantitativa-qualitativa\/entrevistas-por-telefone-pesquisa-de-mercado\/\" title=\"Pesquisa de mercado de entrevistas em profundidade por telefone\"  data-wpil-monitor-id=\"10443\">research&#8217;s accuracy and depth<\/a>.<\/li>\n\n\n\n<li><strong>Treinamento Cont\u00ednuo de Conscientiza\u00e7\u00e3o Cultural:<\/strong> Para <a href=\"https:\/\/www.sisinternational.com\/pt\/solucoes\/empresa-de-pesquisa-de-mercado-de-comunidade-on-line-b2b\/\" title=\"Empresa de pesquisa de mercado de comunidades on-line B2B\"  data-wpil-monitor-id=\"10446\">researchers unfamiliar with the indigenous community<\/a>, continual cultural awareness training is essential. This minimizes misunderstandings and ensures respectful engagement.<\/li>\n\n\n\n<li><strong>Engajamento de longo prazo:<\/strong> Em vez de um projecto de investiga\u00e7\u00e3o \u00fanico, considere estabelecer rela\u00e7\u00f5es de longo prazo com comunidades ind\u00edgenas. Isso promove a confian\u00e7a, permite insights mais aprofundados e cria caminhos para colabora\u00e7\u00e3o cont\u00ednua.<\/li>\n<\/ul>\n\n\n\n<h2 class=\"wp-block-heading\">Desafios na condu\u00e7\u00e3o de pesquisas de mercado sobre povos ind\u00edgenas<\/h2>\n\n\n\n<figure class=\"gb-block-image gb-block-image-7360fc63\"><img loading=\"lazy\" decoding=\"async\" width=\"1456\" height=\"816\" class=\"gb-image gb-image-7360fc63\" src=\"https:\/\/www.sisinternational.com\/wp-content\/uploads\/2025\/08\/Indigenous-people-4.jpg\" alt=\"Pesquisa e Estrat\u00e9gia de Mercado Internacional da SIS\" title=\"Indigenous people (4)\" srcset=\"https:\/\/www.sisinternational.com\/wp-content\/uploads\/2025\/08\/Indigenous-people-4.jpg 1456w, https:\/\/www.sisinternational.com\/wp-content\/uploads\/2025\/08\/Indigenous-people-4-300x168.jpg 300w, https:\/\/www.sisinternational.com\/wp-content\/uploads\/2025\/08\/Indigenous-people-4-1024x574.jpg 1024w, https:\/\/www.sisinternational.com\/wp-content\/uploads\/2025\/08\/Indigenous-people-4-768x430.jpg 768w, https:\/\/www.sisinternational.com\/wp-content\/uploads\/2025\/08\/Indigenous-people-4-18x10.jpg 18w\" sizes=\"auto, (max-width: 1456px) 100vw, 1456px\"><\/figure>\n\n\n\n<p><\/p>\n\n\n\n<p>Conducting indigenous people market research comes with a unique set of challenges. The distinctive cultural, historical, and societal contexts of these <a href=\"https:\/\/www.sisinternational.com\/pt\/solucoes\/pesquisa-de-consultoria-em-estrategia-fintech\/consultoria-em-estrategia-de-pesquisa-de-mercado-de-bancos-comunitarios\/\" title=\"Pesquisa de mercado e consultoria estrat\u00e9gica de bancos comunit\u00e1rios\"  data-wpil-monitor-id=\"10452\">communities require researchers<\/a> to exercise sensitivity, patience, and respect. Below are some of the most prominent challenges faced in this area:<\/p>\n\n\n\n<ul class=\"wp-block-list\">\n<li><strong>Sensibilidade cultural:<\/strong> As comunidades ind\u00edgenas t\u00eam tradi\u00e7\u00f5es, valores e sistemas de cren\u00e7as \u00fanicos. Os investigadores podem inadvertidamente ofender ou interpretar mal estas culturas se as abordarem sem a devida consci\u00eancia e sensibilidade.<\/li>\n\n\n\n<li><strong>Ganhando confian\u00e7a:<\/strong> Historical exploitation and mistreatment of indigenous communities by outsiders have resulted in deep-seated mistrust. <a href=\"https:\/\/www.sisinternational.com\/pt\/publicacoes\/pesquisa-de-mercado-de-negocios-escalaveis-7-maneiras-de-construir-um-negocio-escalavel\/\" title=\"Pesquisa de mercado de neg\u00f3cios escal\u00e1veis: 7 maneiras de construir um neg\u00f3cio escal\u00e1vel\"  data-wpil-monitor-id=\"10449\">Building trust to facilitate meaningful research<\/a> requires time, transparency, and genuine intent.<\/li>\n\n\n\n<li><strong>Barreiras de linguagem:<\/strong> Muitas comunidades ind\u00edgenas falam as suas l\u00ednguas ou dialetos, o que pode tornar a comunica\u00e7\u00e3o um desafio.<\/li>\n\n\n\n<li><strong>Considera\u00e7\u00f5es \u00e9ticas:<\/strong> There is a thin line between research and exploitation. Ensuring that the community <a href=\"https:\/\/www.sisinternational.com\/pt\/solucoes\/solucoes-de-pesquisa-quantitativa-qualitativa\/quantitative-research-benefits\/\" title=\"Quantitative Research Benefits\"  data-wpil-monitor-id=\"10441\">benefits from the research<\/a>, especially if it leads to commercial outcomes, is a significant ethical concern.<\/li>\n\n\n\n<li><strong>Desafios log\u00edsticos:<\/strong> Some indigenous communities live in remote or hard-to-reach areas, making the <a href=\"https:\/\/www.sisinternational.com\/pt\/pericia\/industrias\/pesquisa-de-mercado-de-logistica-de-terceiros\/\" title=\"Pesquisa de mercado de log\u00edstica de terceiros\"  data-wpil-monitor-id=\"4780\">logistics of conducting research<\/a> challenging.<\/li>\n\n\n\n<li><strong>Protegendo o Conhecimento Tradicional:<\/strong> As comunidades ind\u00edgenas podem ter receio de partilhar conhecimentos tradicionais, temendo a utiliza\u00e7\u00e3o indevida ou a explora\u00e7\u00e3o comercial sem a devida compensa\u00e7\u00e3o ou reconhecimento.<\/li>\n\n\n\n<li><strong>Vi\u00e9s e preconceitos:<\/strong> Researchers might carry unconscious biases or preconceived notions about indigenous communities. These biases can skew the <a href=\"https:\/\/www.sisinternational.com\/pt\/pesquisa-de-mercado-de-geracao-de-leads-b2b\/\" title=\"Pesquisa de mercado de gera\u00e7\u00e3o de leads B2B\"  data-wpil-monitor-id=\"10456\">research findings or lead<\/a> to misinterpretations.<\/li>\n\n\n\n<li><strong>Preocupa\u00e7\u00f5es metodol\u00f3gicas:<\/strong> As metodologias padr\u00e3o de pesquisa de mercado podem n\u00e3o ser aplic\u00e1veis ou eficazes para a pesquisa de mercado sobre povos ind\u00edgenas. Podem ser necess\u00e1rias abordagens personalizadas que respeitem as normas e estruturas da comunidade.<\/li>\n\n\n\n<li><strong>Quest\u00f5es Legais e Regulat\u00f3rias:<\/strong> Poder\u00e3o existir regulamentos e conven\u00e7\u00f5es locais, nacionais ou internacionais (como o Protocolo de Nagoya) que regem a investiga\u00e7\u00e3o nas comunidades ind\u00edgenas. Navegar por eles pode ser complexo.<\/li>\n\n\n\n<li><strong>Feedback and <\/strong><a href=\"https:\/\/www.sisinternational.com\/pt\/pericia\/industrias\/pesquisa-de-mercado-da-industria-de-carona\/\" title=\"Pesquisa de mercado de compartilhamento de viagens\"  data-wpil-monitor-id=\"10442\">Sharing of Results: After research<\/a> completion, ensuring that findings are shared with the community understandably and transparently is crucial. This process might require additional resources and time.<\/li>\n<\/ul>","protected":false},"excerpt":{"rendered":"<p>Na pesquisa de mercado, as comunidades ind\u00edgenas s\u00e3o profundamente ricas, mas sub-representadas. Sua hist\u00f3ria e culturas oferecem informa\u00e7\u00f5es valiosas.<\/p>","protected":false},"author":1,"featured_media":63531,"parent":14514,"menu_order":352,"comment_status":"closed","ping_status":"closed","template":"","meta":{"footnotes":""},"class_list":["post-43335","page","type-page","status-publish","has-post-thumbnail"],"_links":{"self":[{"href":"https:\/\/www.sisinternational.com\/pt\/wp-json\/wp\/v2\/pages\/43335","targetHints":{"allow":["GET"]}}],"collection":[{"href":"https:\/\/www.sisinternational.com\/pt\/wp-json\/wp\/v2\/pages"}],"about":[{"href":"https:\/\/www.sisinternational.com\/pt\/wp-json\/wp\/v2\/types\/page"}],"author":[{"embeddable":true,"href":"https:\/\/www.sisinternational.com\/pt\/wp-json\/wp\/v2\/users\/1"}],"replies":[{"embeddable":true,"href":"https:\/\/www.sisinternational.com\/pt\/wp-json\/wp\/v2\/comments?post=43335"}],"version-history":[{"count":6,"href":"https:\/\/www.sisinternational.com\/pt\/wp-json\/wp\/v2\/pages\/43335\/revisions"}],"predecessor-version":[{"id":81720,"href":"https:\/\/www.sisinternational.com\/pt\/wp-json\/wp\/v2\/pages\/43335\/revisions\/81720"}],"up":[{"embeddable":true,"href":"https:\/\/www.sisinternational.com\/pt\/wp-json\/wp\/v2\/pages\/14514"}],"wp:featuredmedia":[{"embeddable":true,"href":"https:\/\/www.sisinternational.com\/pt\/wp-json\/wp\/v2\/media\/63531"}],"wp:attachment":[{"href":"https:\/\/www.sisinternational.com\/pt\/wp-json\/wp\/v2\/media?parent=43335"}],"curies":[{"name":"wp","href":"https:\/\/api.w.org\/{rel}","templated":true}]}}