{"id":43332,"date":"2023-09-02T12:27:05","date_gmt":"2023-09-02T16:27:05","guid":{"rendered":"https:\/\/www.sisinternational.com\/?page_id=43332"},"modified":"2026-01-27T15:24:01","modified_gmt":"2026-01-27T20:24:01","slug":"pesquisa-de-mercado-de-pais-de-mercado-fronteirico","status":"publish","type":"page","link":"https:\/\/www.sisinternational.com\/pt\/pericia\/pesquisa-de-mercado-de-pais-de-mercado-fronteirico\/","title":{"rendered":"Pesquisa de mercado do pa\u00eds de mercado fronteiri\u00e7o"},"content":{"rendered":"<h1 class=\"wp-block-heading\">Pesquisa de mercado do pa\u00eds de mercado fronteiri\u00e7o<\/h1>\n\n\n\n<figure class=\"gb-block-image gb-block-image-5398cda9\"><img loading=\"lazy\" decoding=\"async\" width=\"1456\" height=\"816\" class=\"gb-image gb-image-5398cda9\" src=\"https:\/\/www.sisinternational.com\/wp-content\/uploads\/2025\/08\/Global-8.jpg\" alt=\"Pesquisa e Estrat\u00e9gia de Mercado Internacional da SIS\" title=\"Global (8)\" srcset=\"https:\/\/www.sisinternational.com\/wp-content\/uploads\/2025\/08\/Global-8.jpg 1456w, https:\/\/www.sisinternational.com\/wp-content\/uploads\/2025\/08\/Global-8-300x168.jpg 300w, https:\/\/www.sisinternational.com\/wp-content\/uploads\/2025\/08\/Global-8-1024x574.jpg 1024w, https:\/\/www.sisinternational.com\/wp-content\/uploads\/2025\/08\/Global-8-768x430.jpg 768w, https:\/\/www.sisinternational.com\/wp-content\/uploads\/2025\/08\/Global-8-18x10.jpg 18w\" sizes=\"auto, (max-width: 1456px) 100vw, 1456px\"><\/figure>\n\n\n\n<p><\/p>\n\n\n\n<p>Na economia global moderna, os mercados fronteiri\u00e7os representam um vasto conjunto de potencial inexplorado, ofuscado pelos seus hom\u00f3logos dos mercados emergentes e desenvolvidos. No entanto, estes pa\u00edses oferecem uma combina\u00e7\u00e3o \u00fanica de oportunidades e desafios que podem atrair investidores que procurem crescimento e diversifica\u00e7\u00e3o al\u00e9m dos mercados tradicionais.<\/p>\n\n\n\n<p>\u00c9 por isso que o papel crucial da pesquisa de mercado de pa\u00edses de mercado fronteiri\u00e7o \u00e9 fornecer insights aprofundados para a tomada de decis\u00f5es em mercados onde a informa\u00e7\u00e3o \u00e9 muitas vezes limitada e cheia de preconceitos.<\/p>\n\n\n\n<h2 class=\"wp-block-heading\">Compreendendo a pesquisa de mercado do pa\u00eds de mercado fronteiri\u00e7o<\/h2>\n\n\n\n<p>The term &#8220;frontier market&#8221; describes <a href=\"https:\/\/www.sisinternational.com\/pt\/mercado-fmcg-no-vietna\/\" title=\"Mercado FMCG no Vietn\u00e3\"  data-wpil-monitor-id=\"7587\">pa\u00edses<\/a> that are in the transitional phase between developing and emerging market status. They are characterized by their developing economies, capital markets, and financial systems. Thus, understanding the nuances of frontier market country market research is essential for businesses and investors aiming to harness the opportunities these markets offer while navigating the inherent challenges.<\/p>\n\n\n\n<h3 class=\"wp-block-heading\">O que s\u00e3o mercados fronteiri\u00e7os?<\/h3>\n\n\n\n<figure class=\"gb-block-image gb-block-image-237756ed\"><img loading=\"lazy\" decoding=\"async\" width=\"1456\" height=\"816\" class=\"gb-image gb-image-237756ed\" src=\"https:\/\/www.sisinternational.com\/wp-content\/uploads\/2025\/08\/Global-10.jpg\" alt=\"Pesquisa e Estrat\u00e9gia de Mercado Internacional da SIS\" title=\"Global (10)\" srcset=\"https:\/\/www.sisinternational.com\/wp-content\/uploads\/2025\/08\/Global-10.jpg 1456w, https:\/\/www.sisinternational.com\/wp-content\/uploads\/2025\/08\/Global-10-300x168.jpg 300w, https:\/\/www.sisinternational.com\/wp-content\/uploads\/2025\/08\/Global-10-1024x574.jpg 1024w, https:\/\/www.sisinternational.com\/wp-content\/uploads\/2025\/08\/Global-10-768x430.jpg 768w, https:\/\/www.sisinternational.com\/wp-content\/uploads\/2025\/08\/Global-10-18x10.jpg 18w\" sizes=\"auto, (max-width: 1456px) 100vw, 1456px\"><\/figure>\n\n\n\n<p><\/p>\n\n\n\n<p>Embora n\u00e3o exista uma lista universalmente acordada de mercados fronteiri\u00e7os, institui\u00e7\u00f5es como a MSCI (Morgan Stanley Capital International) t\u00eam as suas categoriza\u00e7\u00f5es, geralmente baseadas no tamanho do mercado, na liquidez e no desenvolvimento econ\u00f3mico.<\/p>\n\n\n\n<ul class=\"wp-block-list\">\n<li><strong>Profundidade e acesso ao mercado:<\/strong> Os mercados fronteiri\u00e7os normalmente t\u00eam menos empresas cotadas, volumes de negocia\u00e7\u00e3o di\u00e1rios mais baixos e sistemas financeiros menos desenvolvidos.<\/li>\n\n\n\n<li><strong>Diversifica\u00e7\u00e3o Econ\u00f3mica:<\/strong> Muitos mercados fronteiri\u00e7os t\u00eam economias centradas em torno de alguns sectores-chave, muitas vezes recursos naturais ou agricultura.<\/li>\n\n\n\n<li><strong>Ambiente regulat\u00f3rio:<\/strong> Sistemas regulat\u00f3rios menos maduros podem significar oportunidades para os pioneiros e desafios em termos de conformidade e compreens\u00e3o das nuances locais.<\/li>\n\n\n\n<li><strong>Potencial de crescimento:<\/strong> Devido \u00e0 sua fase inicial, os mercados fronteiri\u00e7os possuem taxas de crescimento mais elevadas em compara\u00e7\u00e3o com os mercados mais desenvolvidos.<\/li>\n<\/ul>\n\n\n\n<h3 class=\"wp-block-heading\">Por que a pesquisa de mercado do pa\u00eds Frontier Market \u00e9 crucial para as empresas:<\/h3>\n\n\n\n<ul class=\"wp-block-list\">\n<li><strong>Informa\u00e7\u00e3o assim\u00e9trica:<\/strong> Os mercados fronteiri\u00e7os sofrem com a falta de informa\u00e7\u00f5es facilmente acess\u00edveis e fi\u00e1veis. Uma pesquisa de mercado eficaz preenche esta lacuna, fornecendo informa\u00e7\u00f5es que podem n\u00e3o estar prontamente dispon\u00edveis para o investidor ou empresa m\u00e9dio.<\/li>\n\n\n\n<li><strong>Nuances Culturais:<\/strong> Al\u00e9m dos n\u00fameros, compreender os costumes, comportamentos e valores locais \u00e9 fundamental para as empresas que buscam oferecer produtos ou servi\u00e7os que tenham repercuss\u00e3o na popula\u00e7\u00e3o local.<\/li>\n\n\n\n<li><strong>Avalia\u00e7\u00e3o de risco:<\/strong> Embora os mercados fronteiri\u00e7os ofere\u00e7am potenciais de retorno significativos, eles apresentam a sua quota-parte de riscos, que v\u00e3o desde a instabilidade pol\u00edtica \u00e0 volatilidade cambial. Uma pesquisa de mercado abrangente ajuda a avaliar e mitigar esses riscos.<\/li>\n<\/ul>\n\n\n\n<h2 class=\"wp-block-heading\">Por que a pesquisa de mercado do pa\u00eds Frontier Market \u00e9 importante?<\/h2>\n\n\n\n<figure class=\"gb-block-image gb-block-image-6db43c8b\"><img loading=\"lazy\" decoding=\"async\" width=\"1456\" height=\"816\" class=\"gb-image gb-image-6db43c8b\" src=\"https:\/\/www.sisinternational.com\/wp-content\/uploads\/2025\/08\/Global-4.jpg\" alt=\"Pesquisa e Estrat\u00e9gia de Mercado Internacional da SIS\" title=\"Global (4)\" srcset=\"https:\/\/www.sisinternational.com\/wp-content\/uploads\/2025\/08\/Global-4.jpg 1456w, https:\/\/www.sisinternational.com\/wp-content\/uploads\/2025\/08\/Global-4-300x168.jpg 300w, https:\/\/www.sisinternational.com\/wp-content\/uploads\/2025\/08\/Global-4-1024x574.jpg 1024w, https:\/\/www.sisinternational.com\/wp-content\/uploads\/2025\/08\/Global-4-768x430.jpg 768w, https:\/\/www.sisinternational.com\/wp-content\/uploads\/2025\/08\/Global-4-18x10.jpg 18w\" sizes=\"auto, (max-width: 1456px) 100vw, 1456px\"><\/figure>\n\n\n\n<p><\/p>\n\n\n\n<p>Os mercados fronteiri\u00e7os est\u00e3o cheios de potencial para investidores. No entanto, as dificuldades destes mercados tornam a tomada de decis\u00f5es uma obriga\u00e7\u00e3o para compreender as condi\u00e7\u00f5es locais que, de outra forma, tornariam extremamente arriscado um investimento nestes mercados. Veja por que essa pesquisa \u00e9 indispens\u00e1vel:<\/p>\n\n\n\n<ul class=\"wp-block-list\">\n<li><strong>Ativos subvalorizados:<\/strong> Muitos mercados fronteiri\u00e7os possuem activos subvalorizados em compara\u00e7\u00e3o com os seus hom\u00f3logos globais, oferecendo oportunidades de investimento lucrativas.<\/li>\n\n\n\n<li><strong>Vantagem do pioneiro:<\/strong> Estar entre os primeiros a entrar num mercado ou ind\u00fastria pode levar a uma vantagem competitiva, especialmente se a concorr\u00eancia local for m\u00ednima.<\/li>\n\n\n\n<li><strong>Diversifica\u00e7\u00e3o:<\/strong> Para os investidores, os mercados fronteiri\u00e7os oferecem uma oportunidade de diversificar as carteiras, proporcionando muitas vezes retornos n\u00e3o correlacionados com os mercados tradicionais.<\/li>\n\n\n\n<li><strong>Instabilidade pol\u00edtica:<\/strong> Os mercados fronteiri\u00e7os est\u00e3o sujeitos a convuls\u00f5es pol\u00edticas, altera\u00e7\u00f5es regulamentares ou interven\u00e7\u00f5es governamentais. Uma pesquisa de mercado minuciosa do mercado fronteiri\u00e7o proporciona uma melhor compreens\u00e3o e avalia\u00e7\u00e3o destes riscos.<\/li>\n\n\n\n<li><strong>Volatilidade do mercado:<\/strong> Devido \u00e0 menor liquidez e ao menor n\u00famero de participantes no mercado, os mercados fronteiri\u00e7os podem ser mais vol\u00e1teis. A pesquisa de mercado do pa\u00eds de mercado fronteiri\u00e7o ajuda a compreender essas din\u00e2micas e a planejar adequadamente.<\/li>\n\n\n\n<li><strong>Flutua\u00e7\u00f5es da moeda:<\/strong> Muitos mercados fronteiri\u00e7os t\u00eam moedas que podem ser altamente vol\u00e1teis, especialmente em rela\u00e7\u00e3o \u00e0s principais moedas globais. Compreender e prever estas flutua\u00e7\u00f5es pode ser essencial para a rentabilidade.<\/li>\n\n\n\n<li><strong>Sensibilidade cultural:<\/strong> Al\u00e9m dos fatores econ\u00f4micos e pol\u00edticos, compreender os costumes, prefer\u00eancias e valores locais pode fazer ou quebrar um empreendimento comercial.<\/li>\n\n\n\n<li><strong>Cen\u00e1rio Regulat\u00f3rio:<\/strong> Uma compreens\u00e3o completa do ambiente regulat\u00f3rio local pode ajudar as empresas a permanecerem em conformidade e evitar poss\u00edveis repercuss\u00f5es legais.<\/li>\n\n\n\n<li><strong>Confian\u00e7a das partes interessadas:<\/strong> Demonstrar um conhecimento profundo do mercado local pode promover a confian\u00e7a entre parceiros, clientes e at\u00e9 reguladores locais.<\/li>\n\n\n\n<li><strong>Marketing sob medida:<\/strong> Com a pesquisa de mercado de pa\u00edses fronteiri\u00e7os, as empresas podem adaptar as suas campanhas de marketing e publicidade para repercutirem no p\u00fablico local, levando a uma melhor perce\u00e7\u00e3o e fidelidade \u00e0 marca.<\/li>\n\n\n\n<li><strong>Evolu\u00e7\u00e3o do mercado:<\/strong> Os mercados fronteiri\u00e7os s\u00e3o din\u00e2micos, com r\u00e1pidas mudan\u00e7as no comportamento do consumidor, na ado\u00e7\u00e3o tecnol\u00f3gica e no crescimento da ind\u00fastria. A pesquisa de mercado de pa\u00edses de mercado fronteiri\u00e7o ajuda empresas e investidores a se manterem \u00e0 frente da curva, prevendo essas mudan\u00e7as.<\/li>\n<\/ul>\n\n\n\n<h2 class=\"wp-block-heading\">Principais pa\u00edses do mercado fronteiri\u00e7o: um foco na pesquisa de mercado do pa\u00eds do mercado fronteiri\u00e7o<\/h2>\n\n\n\n<p>Os mercados fronteiri\u00e7os caracterizam-se pelos seus mercados de capitais em crescimento, combinados com um ambiente econ\u00f3mico que pode n\u00e3o ser t\u00e3o desenvolvido ou eficiente como os mercados mais maduros. O envolvimento em pesquisas de mercado de pa\u00edses fronteiri\u00e7os proporciona aos investidores e \u00e0s empresas uma perspectiva \u00fanica sobre estas economias menos exploradas, mas promissoras. Aqui est\u00e1 uma olhada em alguns dos principais pa\u00edses do mercado fronteiri\u00e7o:<\/p>\n\n\n\n<h3 class=\"wp-block-heading\">\u00c1frica:<\/h3>\n\n\n\n<ul class=\"wp-block-list\">\n<li><strong>Nig\u00e9ria:<\/strong> Despite its size and rich natural resources, challenges such as political instability and terrorist attacks have kept <a href=\"https:\/\/www.sisinternational.com\/pt\/cobertura\/pesquisa-de-mercado-africa\/pesquisa-de-mercado-na-nigeria\/\" title=\"Pesquisa de mercado na Nig\u00e9ria\"  data-wpil-monitor-id=\"5362\">Nigeria in the frontier market<\/a> category.<\/li>\n\n\n\n<li><strong>Qu\u00eania:<\/strong> Um centro tecnol\u00f3gico em crescimento na \u00c1frica Oriental, o Qu\u00e9nia oferece oportunidades \u00fanicas em fintech e telecomunica\u00e7\u00f5es.<\/li>\n\n\n\n<li><strong>Gana:<\/strong> Com relativa estabilidade pol\u00edtica e ricos recursos, o Gana \u00e9 visto com bons olhos entre os investidores do mercado fronteiri\u00e7o.<\/li>\n<\/ul>\n\n\n\n<h3 class=\"wp-block-heading\">\u00c1sia:<\/h3>\n\n\n\n<ul class=\"wp-block-list\">\n<li><strong>Vietn\u00e3:<\/strong> Em r\u00e1pido crescimento e industrializa\u00e7\u00e3o, o Vietname tornou-se um centro de produ\u00e7\u00e3o, especialmente \u00e0 medida que as empresas diversificam as suas cadeias de abastecimento a partir da China.<\/li>\n\n\n\n<li><strong>Bangladesh:<\/strong> Conhecido pela sua ind\u00fastria t\u00eaxtil, Bangladesh tem registado um crescimento econ\u00f3mico consistente nos \u00faltimos anos.<\/li>\n\n\n\n<li><strong>Mianmar:<\/strong> Despite its challenges, Myanmar&#8217;s large population and rich resources make it an interesting <a href=\"https:\/\/www.sisinternational.com\/pt\/cobertura\/pesquisa-de-mercado-asia\/pesquisa-de-mercado-em-mianmar\/\" title=\"Pesquisa de mercado em Mianmar\"  data-wpil-monitor-id=\"5363\">frontier<\/a> market.<\/li>\n<\/ul>\n\n\n\n<h3 class=\"wp-block-heading\">M\u00e9dio Oriente:<\/h3>\n\n\n\n<ul class=\"wp-block-list\">\n<li><strong>Om\u00e3:<\/strong> Com uma economia diversificada que vai al\u00e9m do petr\u00f3leo, Om\u00e3 oferece v\u00e1rios setores que vale a pena explorar.<\/li>\n<\/ul>\n\n\n\n<h3 class=\"wp-block-heading\">Europa:<\/h3>\n\n\n\n<ul class=\"wp-block-list\">\n<li><strong>Rom\u00e9nia:<\/strong> Com o seu crescente setor tecnol\u00f3gico e localiza\u00e7\u00e3o estrat\u00e9gica na Europa, a Rom\u00e9nia apresenta in\u00fameras oportunidades de investimento.<\/li>\n\n\n\n<li><strong>S\u00e9rvia:<\/strong> Beneficiando da sua localiza\u00e7\u00e3o europeia e das ind\u00fastrias em crescimento, a S\u00e9rvia est\u00e1 a ganhar a aten\u00e7\u00e3o dos investidores do mercado fronteiri\u00e7o.<\/li>\n<\/ul>\n\n\n\n<h3 class=\"wp-block-heading\">Am\u00e9rica latina:<\/h3>\n\n\n\n<ul class=\"wp-block-list\">\n<li><strong>Paraguai:<\/strong> Often overshadowed by its larger neighbors, Paraguay&#8217;s agricultural sector and consistent growth make it an interesting <a href=\"https:\/\/www.sisinternational.com\/pt\/cobertura\/as-americas\/pesquisa-de-mercado-na-america-latina\/pesquisa-de-mercado-paraguai\/\" title=\"Pesquisa de mercado no Paraguai\"  data-wpil-monitor-id=\"5314\">frontier<\/a> market.<\/li>\n<\/ul>\n\n\n\n<h2 class=\"wp-block-heading\">Tend\u00eancias que moldam o mercado fronteiri\u00e7o Pesquisa de mercado nacional<\/h2>\n\n\n\n<figure class=\"gb-block-image gb-block-image-206b3e38\"><img loading=\"lazy\" decoding=\"async\" width=\"1456\" height=\"816\" class=\"gb-image gb-image-206b3e38\" src=\"https:\/\/www.sisinternational.com\/wp-content\/uploads\/2025\/08\/Global-5.jpg\" alt=\"Pesquisa e Estrat\u00e9gia de Mercado Internacional da SIS\" title=\"Global (5)\" srcset=\"https:\/\/www.sisinternational.com\/wp-content\/uploads\/2025\/08\/Global-5.jpg 1456w, https:\/\/www.sisinternational.com\/wp-content\/uploads\/2025\/08\/Global-5-300x168.jpg 300w, https:\/\/www.sisinternational.com\/wp-content\/uploads\/2025\/08\/Global-5-1024x574.jpg 1024w, https:\/\/www.sisinternational.com\/wp-content\/uploads\/2025\/08\/Global-5-768x430.jpg 768w, https:\/\/www.sisinternational.com\/wp-content\/uploads\/2025\/08\/Global-5-18x10.jpg 18w\" sizes=\"auto, (max-width: 1456px) 100vw, 1456px\"><\/figure>\n\n\n\n<p><\/p>\n\n\n\n<p>O mundo da pesquisa de mercado de pa\u00edses de mercado fronteiri\u00e7o est\u00e1 em constante evolu\u00e7\u00e3o, influenciado tanto pelas macrotend\u00eancias globais quanto pela din\u00e2mica do mercado local \u2013 e aqui est\u00e3o algumas das tend\u00eancias mais proeminentes:<\/p>\n\n\n\n<ul class=\"wp-block-list\">\n<li><strong>Aumento da penetra\u00e7\u00e3o da Internet:<\/strong> Com mais pessoas a aceder \u00e0 Internet, especialmente atrav\u00e9s de dispositivos m\u00f3veis, os mercados fronteiri\u00e7os est\u00e3o a testemunhar uma revolu\u00e7\u00e3o digital. Isso fornece aos pesquisadores novos caminhos para coletar dados e insights.<\/li>\n\n\n\n<li><strong>Growing <\/strong><a href=\"https:\/\/www.sisinternational.com\/pt\/pesquisa-de-mercado-no-oriente-medio\/\" title=\"Pesquisa de mercado no Oriente M\u00e9dio\"  data-wpil-monitor-id=\"7328\">Middle Class: Many frontier markets<\/a> are experiencing the rise of a more affluent middle class, changing consumption patterns and demanding more sophisticated products and services.<\/li>\n\n\n\n<li><strong>Urbaniza\u00e7\u00e3o:<\/strong> \u00c0 medida que mais pessoas se mudam para \u00e1reas urbanas, h\u00e1 uma mudan\u00e7a no estilo de vida, nos h\u00e1bitos de consumo e nas prioridades.<\/li>\n\n\n\n<li><strong>Sustentabilidade e considera\u00e7\u00f5es \u00e9ticas:<\/strong> Com consci\u00eancia global das quest\u00f5es de sustentabilidade, as empresas est\u00e3o interessadas em compreender as considera\u00e7\u00f5es ambientais e sociais locais. A pesquisa de mercado de pa\u00edses de mercado fronteiri\u00e7o est\u00e1 cada vez mais focada nestes aspectos para informar pr\u00e1ticas comerciais \u00e9ticas.<\/li>\n\n\n\n<li><strong>Integra\u00e7\u00e3o de Tecnologias Avan\u00e7adas:<\/strong> O uso de Intelig\u00eancia Artificial (IA) e Aprendizado de M\u00e1quina (ML) est\u00e1 aumentando para analisar grandes quantidades de dados, identificar padr\u00f5es e prever tend\u00eancias de mercado. A Realidade Virtual (VR) e a Realidade Aumentada (AR) est\u00e3o sendo empregadas para visitas virtuais ao mercado e estudos imersivos de experi\u00eancia do consumidor.<\/li>\n\n\n\n<li><strong>Nuances Culturais e Estrat\u00e9gias Localizadas:<\/strong> H\u00e1 uma aprecia\u00e7\u00e3o crescente pelas diversas nuances culturais que existem nos mercados fronteiri\u00e7os. Metodologias de investiga\u00e7\u00e3o personalizadas que tenham em conta as tradi\u00e7\u00f5es, l\u00ednguas e comportamentos locais s\u00e3o cada vez mais procuradas.<\/li>\n\n\n\n<li><strong>Foco nas economias informais:<\/strong> Reconhecendo que uma parte significativa da actividade econ\u00f3mica nos mercados fronteiri\u00e7os acontece fora dos canais formais, os investigadores est\u00e3o a dedicar recursos \u00e0 compreens\u00e3o destes sectores informais.<\/li>\n\n\n\n<li><strong>Gerenciamento de riscos:<\/strong> Dadas as volatilidades inerentes aos mercados fronteiri\u00e7os, existe um foco acrescido na avalia\u00e7\u00e3o de riscos, que vai desde riscos pol\u00edticos a flutua\u00e7\u00f5es cambiais. Os investigadores est\u00e3o a utilizar ferramentas e metodologias mais sofisticadas para avaliar e comunicar estes riscos.<\/li>\n<\/ul>","protected":false},"excerpt":{"rendered":"<p>O termo \u201cmercado fronteiri\u00e7o\u201d descreve pa\u00edses que se encontram na fase de transi\u00e7\u00e3o entre o estatuto de mercado em desenvolvimento e emergente.<\/p>","protected":false},"author":1,"featured_media":62416,"parent":14514,"menu_order":351,"comment_status":"closed","ping_status":"closed","template":"","meta":{"footnotes":""},"class_list":["post-43332","page","type-page","status-publish","has-post-thumbnail"],"_links":{"self":[{"href":"https:\/\/www.sisinternational.com\/pt\/wp-json\/wp\/v2\/pages\/43332","targetHints":{"allow":["GET"]}}],"collection":[{"href":"https:\/\/www.sisinternational.com\/pt\/wp-json\/wp\/v2\/pages"}],"about":[{"href":"https:\/\/www.sisinternational.com\/pt\/wp-json\/wp\/v2\/types\/page"}],"author":[{"embeddable":true,"href":"https:\/\/www.sisinternational.com\/pt\/wp-json\/wp\/v2\/users\/1"}],"replies":[{"embeddable":true,"href":"https:\/\/www.sisinternational.com\/pt\/wp-json\/wp\/v2\/comments?post=43332"}],"version-history":[{"count":7,"href":"https:\/\/www.sisinternational.com\/pt\/wp-json\/wp\/v2\/pages\/43332\/revisions"}],"predecessor-version":[{"id":81210,"href":"https:\/\/www.sisinternational.com\/pt\/wp-json\/wp\/v2\/pages\/43332\/revisions\/81210"}],"up":[{"embeddable":true,"href":"https:\/\/www.sisinternational.com\/pt\/wp-json\/wp\/v2\/pages\/14514"}],"wp:featuredmedia":[{"embeddable":true,"href":"https:\/\/www.sisinternational.com\/pt\/wp-json\/wp\/v2\/media\/62416"}],"wp:attachment":[{"href":"https:\/\/www.sisinternational.com\/pt\/wp-json\/wp\/v2\/media?parent=43332"}],"curies":[{"name":"wp","href":"https:\/\/api.w.org\/{rel}","templated":true}]}}