{"id":43329,"date":"2023-09-02T12:08:21","date_gmt":"2023-09-02T16:08:21","guid":{"rendered":"https:\/\/www.sisinternational.com\/?page_id=43329"},"modified":"2026-03-12T20:02:02","modified_gmt":"2026-03-13T00:02:02","slug":"pesquisa-de-mercado-de-delicatessen","status":"publish","type":"page","link":"https:\/\/www.sisinternational.com\/pt\/solucoes\/pesquisa-de-mercado-da-industria-de-bebidas-alimenticias\/pesquisa-de-mercado-de-delicatessen\/","title":{"rendered":"Pesquisa de mercado de delicatessen"},"content":{"rendered":"<h1 class=\"wp-block-heading\">Pesquisa de mercado de delicatessen<\/h1>\n\n\n\n<figure class=\"gb-block-image gb-block-image-4e3af304\"><img loading=\"lazy\" decoding=\"async\" width=\"1456\" height=\"816\" class=\"gb-image gb-image-4e3af304\" src=\"https:\/\/www.sisinternational.com\/wp-content\/uploads\/2025\/08\/Retail-26.jpg\" alt=\"Pesquisa e Estrat\u00e9gia de Mercado Internacional da SIS\" title=\"Retail (26)\" srcset=\"https:\/\/www.sisinternational.com\/wp-content\/uploads\/2025\/08\/Retail-26.jpg 1456w, https:\/\/www.sisinternational.com\/wp-content\/uploads\/2025\/08\/Retail-26-300x168.jpg 300w, https:\/\/www.sisinternational.com\/wp-content\/uploads\/2025\/08\/Retail-26-1024x574.jpg 1024w, https:\/\/www.sisinternational.com\/wp-content\/uploads\/2025\/08\/Retail-26-768x430.jpg 768w, https:\/\/www.sisinternational.com\/wp-content\/uploads\/2025\/08\/Retail-26-18x10.jpg 18w\" sizes=\"auto, (max-width: 1456px) 100vw, 1456px\"><\/figure>\n\n\n\n<p><\/p>\n\n\n\n<p>Uma delicatessen \u00e9 um estabelecimento de varejo que vende uma sele\u00e7\u00e3o de alimentos finos, incomuns ou preparados no exterior. Mas o setor de delicatessen n\u00e3o \u00e9 est\u00e1tico. \u00c9 influenciado pela mudan\u00e7a nas prefer\u00eancias dos consumidores, pela evolu\u00e7\u00e3o das tend\u00eancias culin\u00e1rias e por factores socioecon\u00f3micos mais amplos. Esse dinamismo ressalta a necessidade de uma pesquisa abrangente de mercado de delicatessen para obter uma compreens\u00e3o do mercado de delicatessen para as partes interessadas que desejam se aventurar ou expandir neste segmento.<\/p>\n\n\n\n<h2 class=\"wp-block-heading\">Vis\u00e3o geral global do mercado de delicatessen<\/h2>\n\n\n\n<p>No mundo interconectado de hoje, o paladar do consumidor m\u00e9dio evoluiu para abranger uma ampla variedade de sabores \u2013 e o setor de delicatessen serve como uma ponte entre a tradi\u00e7\u00e3o e a inova\u00e7\u00e3o. Atrav\u00e9s da pesquisa de mercado de delicatessen, as empresas podem compreender totalmente esta ind\u00fastria para atender \u00e0s demandas em constante evolu\u00e7\u00e3o dos consumidores globais.<\/p>\n\n\n\n<ul class=\"wp-block-list\">\n<li><a href=\"https:\/\/www.sisinternational.com\/pt\/transportadoras-de-baixo-custo-na-industria-da-aviacao\/\" title=\"Pesquisa de mercado de companhias a\u00e9reas de baixo custo\"  data-wpil-monitor-id=\"9912\">Market Size and Growth: The global<\/a> deli market has witnessed consistent growth over the past few years, with a current market valuation running into billions of dollars.<\/li>\n\n\n\n<li><strong>Distribui\u00e7\u00e3o geogr\u00e1fica:<\/strong> Deli <a href=\"https:\/\/www.sisinternational.com\/pt\/cobertura\/europa\/pesquisa-de-mercado-sao-marino-europa\/\" title=\"Pesquisa de mercado em San Marino, Europa\"  data-wpil-monitor-id=\"3779\">market research reveals that while Europe<\/a> and North America have traditionally been dominant players due to their rich history of charcuterie and artisanal food culture, Asia-Pacific regions, particularly Japan and South Korea, are rapidly emerging as significant markets. This growth is fueled by a blend of Western influence and a deep-rooted appreciation for specialty foods.<\/li>\n\n\n\n<li><strong>Tend\u00eancias de consumo:<\/strong> H\u00e1 uma clara inclina\u00e7\u00e3o para produtos org\u00e2nicos, de origem local e artesanais. Al\u00e9m disso, com o aumento da consci\u00eancia sobre a sa\u00fade, h\u00e1 uma demanda crescente por delicatessens que ofere\u00e7am op\u00e7\u00f5es frescas, com baixas calorias e sem conservantes.<\/li>\n\n\n\n<li><strong>Influ\u00eancia digital:<\/strong> Online deli stores and delivery services are gaining traction as consumers seek convenience along with quality. Additionally, delis are leveraging <a href=\"https:\/\/www.sisinternational.com\/pt\/solucoes\/solucoes-de-branding-e-pesquisa-de-clientes\/o-que-e-marketing-de-influenciador\/\" title=\"O que \u00e9 marketing de influ\u00eancia? Marketing de m\u00eddia social?\"  data-wpil-monitor-id=\"9916\">social media platforms for marketing<\/a>, engaging with their customers, and even taking orders.<\/li>\n\n\n\n<li><strong>Sustentabilidade e considera\u00e7\u00f5es \u00e9ticas:<\/strong> Os consumidores modernos n\u00e3o est\u00e3o apenas preocupados com o sabor e a qualidade, est\u00e3o cada vez mais conscientes das implica\u00e7\u00f5es ambientais e \u00e9ticas das suas escolhas alimentares. Assim, a pesquisa de mercado de delicatessen mostra uma procura crescente por produtos de origem sustent\u00e1vel e gado tratado eticamente, empurrando as Delis para pr\u00e1ticas mais transparentes e respons\u00e1veis.<\/li>\n<\/ul>\n\n\n\n<h2 class=\"wp-block-heading\">Benef\u00edcios de realizar pesquisas de mercado Deli<\/h2>\n\n\n\n<p>A realiza\u00e7\u00e3o de pesquisas de mercado de delicatessen pode fornecer insights inestim\u00e1veis, orientando as partes interessadas a tomar decis\u00f5es informadas e a conquistar um nicho neste cen\u00e1rio competitivo. Aqui est\u00e3o alguns dos principais benef\u00edcios:<\/p>\n\n\n\n<ul class=\"wp-block-list\">\n<li><strong>Insights do consumidor:<\/strong> A pesquisa de mercado Deli oferece um mergulho profundo nos comportamentos, prefer\u00eancias e padr\u00f5es de compra do consumidor. Ajuda as empresas a adaptar as suas ofertas, garantindo que atendam \u00e0s crescentes demandas de seu p\u00fablico-alvo.<\/li>\n\n\n\n<li><strong>Vantagem competitiva:<\/strong> As empresas podem identificar lacunas no mercado, \u00e1reas de diferencia\u00e7\u00e3o e oportunidades potenciais para obter vantagem competitiva com insights abrangentes sobre as estrat\u00e9gias e o desempenho dos concorrentes.<\/li>\n\n\n\n<li><strong>Desenvolvimento de Produto:<\/strong> A pesquisa de mercado de delicatessen pode destacar tend\u00eancias alimentares emergentes, ingredientes populares e novas t\u00e9cnicas culin\u00e1rias. Esta informa\u00e7\u00e3o \u00e9 crucial para o desenvolvimento de produtos que repercutam nos consumidores modernos e antecipem as necessidades futuras do mercado.<\/li>\n\n\n\n<li><strong>Estrat\u00e9gia de pre\u00e7os:<\/strong> Ao compreender as sensibilidades dos pre\u00e7os do consumidor e ao fazer compara\u00e7\u00f5es com os concorrentes, as empresas podem desenvolver estrat\u00e9gias de pre\u00e7os que maximizam a rentabilidade, ao mesmo tempo que oferecem valor aos clientes.<\/li>\n\n\n\n<li><strong>Expans\u00e3o e Crescimento:<\/strong> Para empresas que buscam expandir-se, seja geograficamente ou na gama de produtos, a pesquisa de mercado de delicatessen fornece insights sobre mercados potenciais, prefer\u00eancias regionais e segmentos demogr\u00e1ficos prontos para explora\u00e7\u00e3o.<\/li>\n\n\n\n<li><a href=\"https:\/\/www.sisinternational.com\/pt\/solucoes\/pesquisa-de-consultoria-em-estrategia-fintech\/pesquisa-de-mercado-financeiro-da-cadeia-de-suprimentos\/\" title=\"Pesquisa de mercado financeiro da cadeia de suprimentos\"  data-wpil-monitor-id=\"9923\">Supply Chain Optimization: Research<\/a> can help businesses identify reliable suppliers, understand fluctuations in raw material prices, and streamline their supply chain for efficiency and sustainability.<\/li>\n\n\n\n<li><strong>Gerenciamento de riscos:<\/strong> As empresas podem preparar-se e tra\u00e7ar estrat\u00e9gias para mitigar os riscos de forma eficaz, identificando potenciais desafios, tais como altera\u00e7\u00f5es regulamentares, nuances culturais ou mudan\u00e7as no comportamento do consumidor.<\/li>\n\n\n\n<li><strong>Posicionamento e marketing da marca:<\/strong> Os insights da pesquisa de mercado de delicatessen podem orientar os esfor\u00e7os de branding e marketing, garantindo que eles repercutam no p\u00fablico-alvo, melhorem o recall da marca e promovam a fidelidade do cliente.<\/li>\n\n\n\n<li><a href=\"https:\/\/www.sisinternational.com\/pt\/solucoes\/pesquisa-de-consultoria-em-estrategia-fintech\/fundos-de-hedge-e-pesquisa-de-mercado-de-investimento\/\" title=\"Pesquisa de fundos de hedge e mercado de investimento\"  data-wpil-monitor-id=\"9919\">Investment Decisions: Market research<\/a> provides a comprehensive understanding of the industry&#8217;s health, growth prospects, and areas of potential return on investment.<\/li>\n\n\n\n<li><strong>Feedback e Melhoria Cont\u00ednua:<\/strong> A pesquisa regular de mercado de delicatessen permite que as empresas obtenham feedback sobre seus produtos e servi\u00e7os, permitindo-lhes refinar suas ofertas e se adaptar \u00e0s mudan\u00e7as nas condi\u00e7\u00f5es do mercado.<\/li>\n\n\n\n<li><strong>Conformidade regulat\u00f3ria:<\/strong> Compreender os regulamentos regionais, os requisitos de rotulagem e os padr\u00f5es de sa\u00fade garante que as empresas permane\u00e7am em conformidade, evitando potenciais armadilhas legais.<\/li>\n<\/ul>\n\n\n\n<h2 class=\"wp-block-heading\">Oportunidades em pesquisa de mercado Deli<\/h2>\n\n\n\n<p>Deli market research unveils several opportunities for various stakeholders \u2013 from businesses and investors to <a href=\"https:\/\/www.sisinternational.com\/pt\/solucoes\/consultoria-estrategica\/pesquisa-de-mercado-da-cadeia-de-suprimentos\/\" title=\"Pesquisa de mercado da cadeia de suprimentos\"  data-wpil-monitor-id=\"9921\">marketers and supply chain<\/a> specialists. Here&#8217;s a closer look at some of these opportunities:<\/p>\n\n\n\n<ul class=\"wp-block-list\">\n<li><strong>Ofertas preocupadas com a sa\u00fade:<\/strong> Com uma tend\u00eancia crescente em sa\u00fade e bem-estar, h\u00e1 uma oportunidade significativa para desenvolver e promover produtos de delicatessen que atendam \u00e0s prefer\u00eancias diet\u00e9ticas, como sem gl\u00faten, org\u00e2nicos, de baixa caloria ou \u00e0 base de plantas.<\/li>\n\n\n\n<li><strong>Iguarias \u00e9tnicas:<\/strong> A globaliza\u00e7\u00e3o e os padr\u00f5es de migra\u00e7\u00e3o levaram a um aumento na procura de especialidades de delicatessen \u00e9tnicas e regionais de diferentes partes do mundo.<\/li>\n\n\n\n<li><strong>Mercados emergentes:<\/strong> While established <a href=\"https:\/\/www.sisinternational.com\/pt\/cobertura\/europa\/pesquisa-de-mercado-da-europa-oriental\/\" title=\"Pesquisa de Mercado da Europa Oriental\"  data-wpil-monitor-id=\"6430\">markets like North America and Europe<\/a> continue to be lucrative, emerging markets in Asia, Africa, and South America present a vast untapped potential, given the rising middle class and their increasing disposable income.<\/li>\n\n\n\n<li><strong>E-Delis:<\/strong> A transforma\u00e7\u00e3o digital oferece oportunidades para a cria\u00e7\u00e3o de plataformas ou aplicativos de delicatessen online que podem atingir um p\u00fablico mais amplo, oferecer conveni\u00eancia e aproveitar a tend\u00eancia das entregas em domic\u00edlio.<\/li>\n\n\n\n<li><strong>Iniciativas de Sustentabilidade:<\/strong> \u00c0 medida que os consumidores se tornam mais conscientes do ponto de vista ambiental, h\u00e1 uma oportunidade crescente de adotar e promover pr\u00e1ticas sustent\u00e1veis, desde a origem at\u00e9 \u00e0 embalagem.<\/li>\n\n\n\n<li><strong>Varejo orientado \u00e0 experi\u00eancia:<\/strong> Modern <a href=\"https:\/\/www.sisinternational.com\/pt\/solucoes\/solucoes-de-branding-e-pesquisa-de-clientes\/pesquisa-de-mercado-para-testes-de-produtos\/product-testing-for-consumer-products\/\" title=\"Product Testing for Consumer Products\"  data-wpil-monitor-id=\"9914\">consumers often seek experiences along with products<\/a>. Integrating tasting sessions, workshops, or culinary classes within the deli space can enhance customer engagement and loyalty.<\/li>\n\n\n\n<li><strong>Parcerias e Colabora\u00e7\u00f5es:<\/strong> A colabora\u00e7\u00e3o com agricultores locais, produtores artesanais ou mesmo marcas n\u00e3o alimentares para promo\u00e7\u00f5es cruzadas pode abrir novos caminhos para o crescimento e visibilidade da marca.<\/li>\n\n\n\n<li><strong>An\u00e1lise do Consumidor:<\/strong> Delving deep into consumer behavior, preferences, and feedback can not only guide <a href=\"https:\/\/www.sisinternational.com\/pt\/solucoes\/consultoria-estrategica\/consultoria-em-estrategia-de-pesquisa-de-mercado-de-responsabilidade-do-produto\/\" title=\"Pesquisa de mercado de responsabilidade do produto e consultoria estrat\u00e9gica\"  data-wpil-monitor-id=\"9924\">product development but also refine marketing strategies<\/a>, ensuring better ROI on promotional campaigns.<\/li>\n\n\n\n<li><strong>Informa\u00e7\u00f5es regulat\u00f3rias:<\/strong> \u00c0 medida que as regulamenta\u00e7\u00f5es em torno da seguran\u00e7a alimentar, das importa\u00e7\u00f5es e da rotulagem se tornam mais rigorosas, a investiga\u00e7\u00e3o do mercado de charcutaria pode oferecer informa\u00e7\u00f5es sobre como enfrentar estes desafios, garantir a conformidade e evitar potenciais obst\u00e1culos legais.<\/li>\n<\/ul>\n\n\n\n<h2 class=\"wp-block-heading\">Desafios da pesquisa de mercado Deli<\/h2>\n\n\n\n<p><a href=\"https:\/\/www.sisinternational.com\/pt\/how-to-conduct-effective-quantitative-market-research\/\" title=\"How to Conduct Effective Quantitative Market Research\"  data-wpil-monitor-id=\"9918\">Realiza\u00e7\u00e3o de pesquisas de mercado<\/a> for any sector is a complex undertaking, and the deli industry poses its own set of unique challenges. Understanding these challenges can help stakeholders prepare better and design their research methodologies to be more effective. Here&#8217;s an exploration of the challenges faced when conducting deli market research:<\/p>\n\n\n\n<ul class=\"wp-block-list\">\n<li><strong>Gama diversificada de produtos:<\/strong> O setor de delicatessen abrange uma grande variedade de produtos, desde carnes e queijos at\u00e9 alimentos preparados e itens de panifica\u00e7\u00e3o. Capturar dados abrangentes em um espectro t\u00e3o amplo pode ser um desafio.<\/li>\n\n\n\n<li><strong>Varia\u00e7\u00f5es locais:<\/strong> As delicatessens geralmente atendem aos gostos e prefer\u00eancias locais, que podem variar significativamente de uma regi\u00e3o para outra. Esta varia\u00e7\u00e3o regional torna dif\u00edcil generalizar os resultados ou aplic\u00e1-los universalmente.<\/li>\n\n\n\n<li><strong>Complexidades da cadeia de suprimentos:<\/strong> As delicatessens dependem de intrincadas cadeias de abastecimento de produtos frescos. Compreender as nuances destas cadeias, desde a origem at\u00e9 ao transporte, pode ser um aspecto desafiante da investiga\u00e7\u00e3o.<\/li>\n\n\n\n<li><strong>Cole\u00e7\u00e3o de dados:<\/strong> Ao contr\u00e1rio de alguns setores onde os dados digitais podem ser facilmente recolhidos, muitas delicatessens tradicionais podem n\u00e3o ter uma forte presen\u00e7a online. Isto torna a recolha de dados mais dependente de levantamentos e observa\u00e7\u00f5es ao n\u00edvel do solo, que consomem muitos recursos.<\/li>\n\n\n\n<li><strong>Diferen\u00e7as regulat\u00f3rias e de conformidade:<\/strong> Diferentes regi\u00f5es t\u00eam regulamenta\u00e7\u00f5es relativas \u00e0 seguran\u00e7a alimentar, padr\u00f5es de higiene e regras de importa\u00e7\u00e3o e exporta\u00e7\u00e3o. Manter-se atualizado sobre essas diversas regulamenta\u00e7\u00f5es e compreender seu impacto exige um esfor\u00e7o cont\u00ednuo.<\/li>\n\n\n\n<li><strong>Integra\u00e7\u00e3o Tecnol\u00f3gica:<\/strong> \u00c0 medida que a ind\u00fastria de delicatessen come\u00e7a a integrar mais tecnologia, desde sistemas POS at\u00e9 plataformas online, compreender esta integra\u00e7\u00e3o e as suas implica\u00e7\u00f5es torna-se uma camada adicional de complexidade.<\/li>\n\n\n\n<li><strong>Controle de qualidade e autenticidade:<\/strong> Garantir que os dados recolhidos sejam genu\u00ednos e n\u00e3o influenciados por preconceitos ou fatores externos \u00e9 sempre um desafio. Em sectores como a ind\u00fastria de charcutaria, onde as percep\u00e7\u00f5es sobre sabor e qualidade podem ser subjectivas, isto torna-se ainda mais significativo.<\/li>\n<\/ul>","protected":false},"excerpt":{"rendered":"<p>Uma delicatessen \u00e9 um estabelecimento de varejo que vende uma sele\u00e7\u00e3o de alimentos finos, incomuns ou preparados no exterior, e suas ofertas variam de acordo com o tempo.<\/p>","protected":false},"author":1,"featured_media":62501,"parent":22018,"menu_order":350,"comment_status":"closed","ping_status":"closed","template":"","meta":{"footnotes":""},"class_list":["post-43329","page","type-page","status-publish","has-post-thumbnail"],"_links":{"self":[{"href":"https:\/\/www.sisinternational.com\/pt\/wp-json\/wp\/v2\/pages\/43329","targetHints":{"allow":["GET"]}}],"collection":[{"href":"https:\/\/www.sisinternational.com\/pt\/wp-json\/wp\/v2\/pages"}],"about":[{"href":"https:\/\/www.sisinternational.com\/pt\/wp-json\/wp\/v2\/types\/page"}],"author":[{"embeddable":true,"href":"https:\/\/www.sisinternational.com\/pt\/wp-json\/wp\/v2\/users\/1"}],"replies":[{"embeddable":true,"href":"https:\/\/www.sisinternational.com\/pt\/wp-json\/wp\/v2\/comments?post=43329"}],"version-history":[{"count":6,"href":"https:\/\/www.sisinternational.com\/pt\/wp-json\/wp\/v2\/pages\/43329\/revisions"}],"predecessor-version":[{"id":81645,"href":"https:\/\/www.sisinternational.com\/pt\/wp-json\/wp\/v2\/pages\/43329\/revisions\/81645"}],"up":[{"embeddable":true,"href":"https:\/\/www.sisinternational.com\/pt\/wp-json\/wp\/v2\/pages\/22018"}],"wp:featuredmedia":[{"embeddable":true,"href":"https:\/\/www.sisinternational.com\/pt\/wp-json\/wp\/v2\/media\/62501"}],"wp:attachment":[{"href":"https:\/\/www.sisinternational.com\/pt\/wp-json\/wp\/v2\/media?parent=43329"}],"curies":[{"name":"wp","href":"https:\/\/api.w.org\/{rel}","templated":true}]}}