{"id":43326,"date":"2023-09-02T11:57:23","date_gmt":"2023-09-02T15:57:23","guid":{"rendered":"https:\/\/www.sisinternational.com\/?page_id=43326"},"modified":"2026-01-26T16:49:25","modified_gmt":"2026-01-26T21:49:25","slug":"pesquisa-de-mercado-de-tecnologia-limpa","status":"publish","type":"page","link":"https:\/\/www.sisinternational.com\/pt\/pericia\/pesquisa-de-mercado-de-tecnologia-limpa\/","title":{"rendered":"Pesquisa de mercado de tecnologia limpa"},"content":{"rendered":"<h1 class=\"wp-block-heading\">Pesquisa de mercado de tecnologia limpa<\/h1>\n\n\n\n<figure class=\"gb-block-image gb-block-image-d4d0da08\"><img loading=\"lazy\" decoding=\"async\" width=\"1456\" height=\"816\" class=\"gb-image gb-image-d4d0da08\" src=\"https:\/\/www.sisinternational.com\/wp-content\/uploads\/2025\/09\/FinTech-Terch-technology-AI-artificial-intelligence-28.jpg\" alt=\"Pesquisa e Estrat\u00e9gia de Mercado Internacional da SIS\" title=\"FinTech Terch technology AI artificial intelligence (28)\" srcset=\"https:\/\/www.sisinternational.com\/wp-content\/uploads\/2025\/09\/FinTech-Terch-technology-AI-artificial-intelligence-28.jpg 1456w, https:\/\/www.sisinternational.com\/wp-content\/uploads\/2025\/09\/FinTech-Terch-technology-AI-artificial-intelligence-28-300x168.jpg 300w, https:\/\/www.sisinternational.com\/wp-content\/uploads\/2025\/09\/FinTech-Terch-technology-AI-artificial-intelligence-28-1024x574.jpg 1024w, https:\/\/www.sisinternational.com\/wp-content\/uploads\/2025\/09\/FinTech-Terch-technology-AI-artificial-intelligence-28-768x430.jpg 768w, https:\/\/www.sisinternational.com\/wp-content\/uploads\/2025\/09\/FinTech-Terch-technology-AI-artificial-intelligence-28-18x10.jpg 18w\" sizes=\"auto, (max-width: 1456px) 100vw, 1456px\"><\/figure>\n\n\n\n<p><\/p>\n\n\n\n<p>Na era dos desafios ambientais prementes e da necessidade urgente de reduzir as pegadas de carbono, a tecnologia limpa ganhou destaque na aten\u00e7\u00e3o global. Para aproveitar estas oportunidades e navegar pelas complexidades, as empresas, os investidores e os decisores pol\u00edticos dependem fortemente da investiga\u00e7\u00e3o do mercado de tecnologias limpas.<\/p>\n\n\n\n<p>A pesquisa de mercado de tecnologia limpa oferece um mergulho profundo nas prefer\u00eancias dos consumidores, nos avan\u00e7os tecnol\u00f3gicos, nos cen\u00e1rios regulat\u00f3rios e na din\u00e2mica competitiva, fornecendo \u00e0s partes interessadas os insights necess\u00e1rios para tomar decis\u00f5es informadas.<\/p>\n\n\n\n<h2 class=\"wp-block-heading\">Import\u00e2ncia da Pesquisa de Mercado de Tecnologia Limpa<\/h2>\n\n\n\n<p>O objetivo principal das tecnologias limpas \u00e9 reduzir os danos ambientais. Ajudam a diminuir a polui\u00e7\u00e3o, a reduzir as emiss\u00f5es de gases com efeito de estufa e a preservar os ecossistemas, garantindo um planeta mais saud\u00e1vel.<\/p>\n\n\n\n<p>For this reason, clean <a href=\"https:\/\/www.sisinternational.com\/pt\/mercado-de-tecnologia-automotiva\/\" title=\"Pesquisa de mercado de tecnologia automotiva\"  data-wpil-monitor-id=\"3564\">technology market research<\/a> guides innovators, investors, businesses, and policymakers through the rapidly evolving landscape of clean technologies. Here&#8217;s a closer look at why this form of research is crucial in this industry:<\/p>\n\n\n\n<ul class=\"wp-block-list\">\n<li><strong>Investimento informado:<\/strong> For investors, clean <a href=\"https:\/\/www.sisinternational.com\/pt\/pericia\/industrias\/tecnologia-medica-pesquisa-de-mercado-de-tecnologia-medica\/\" title=\"Pesquisa de mercado de tecnologia m\u00e9dica (Med Tech)\"  data-wpil-monitor-id=\"3759\">technology market research<\/a> provides a roadmap. It helps in identifying which technologies are emerging, which markets are ripe for expansion, and where the most significant returns on investment lie.<\/li>\n\n\n\n<li><strong>Compreendendo os sentimentos do consumidor:<\/strong> As consumers grow more eco-conscious, their preferences shift. Clean <a href=\"https:\/\/www.sisinternational.com\/pt\/pericia\/industrias\/pesquisa-de-mercado-de-tecnologia-de-moda\/\" title=\"Pesquisa de mercado de tecnologia de moda\"  data-wpil-monitor-id=\"5947\">technology market research<\/a> offers insights into what consumers want, enabling businesses to align their products and strategies accordingly.<\/li>\n\n\n\n<li><strong>Alinhamento Regulat\u00f3rio:<\/strong> With governments worldwide implementing regulations to combat climate change, businesses need to stay ahead of the curve. Clean <a href=\"https:\/\/www.sisinternational.com\/pt\/pericia\/industrias\/pesquisa-de-mercado-de-tecnologia-de-viagens\/\" title=\"Pesquisa de mercado de tecnologia de viagens\"  data-wpil-monitor-id=\"6219\">technology market research<\/a> provides insights into current and potential future regulatory landscapes, ensuring companies are well-prepared and compliant.<\/li>\n\n\n\n<li><a href=\"https:\/\/www.sisinternational.com\/pt\/europa-nova-tecnologia-de-navegacao-global-gnss\/\" title=\"O que \u00e9 a tecnologia de navega\u00e7\u00e3o global GNSS?\"  data-wpil-monitor-id=\"1763\">Global Perspective: The clean technology<\/a> sector is global. Understanding regional nuances, opportunities, and challenges in various parts of the world can offer a more holistic view and open doors to international expansion.<\/li>\n\n\n\n<li><strong>Facilitando Parcerias:<\/strong> Through clean <a href=\"https:\/\/www.sisinternational.com\/pt\/solucoes\/solucoes-edtech-de-tecnologia-educacional\/pesquisa-de-mercado-de-tecnologia-educacional\/\" title=\"Pesquisa de mercado de tecnologia educacional\"  data-wpil-monitor-id=\"6518\">technology market research<\/a>, businesses can identify potential partners, whether they are technology providers, distribution channels, or research institutions, fostering collaborations that drive growth.<\/li>\n\n\n\n<li><strong>Definindo benchmarks:<\/strong> Para as empresas que j\u00e1 atuam no setor das tecnologias limpas, a pesquisa de mercado pode ajudar a comparar o seu desempenho com os padr\u00f5es da ind\u00fastria, destacando as \u00e1reas fortes e as \u00e1reas que necessitam de melhorias.<\/li>\n\n\n\n<li><strong>\u00c0 prova de futuro:<\/strong> O setor de tecnologia limpa \u00e9 din\u00e2mico, com avan\u00e7os cont\u00ednuos. A pesquisa de mercado de tecnologia limpa n\u00e3o apenas fornece um retrato do cen\u00e1rio atual, mas tamb\u00e9m oferece previs\u00f5es e tend\u00eancias para o futuro, garantindo que as empresas permane\u00e7am relevantes por mais tempo.<\/li>\n<\/ul>\n\n\n\n<h2 class=\"wp-block-heading\">Benef\u00edcios da realiza\u00e7\u00e3o de pesquisas de mercado de tecnologia limpa<\/h2>\n\n\n\n<figure class=\"gb-block-image gb-block-image-5e180a8b\"><img loading=\"lazy\" decoding=\"async\" width=\"1456\" height=\"816\" class=\"gb-image gb-image-5e180a8b\" src=\"https:\/\/www.sisinternational.com\/wp-content\/uploads\/2025\/09\/FinTech-Terch-technology-AI-artificial-intelligence-29.jpg\" alt=\"Pesquisa e Estrat\u00e9gia de Mercado Internacional da SIS\" title=\"FinTech Terch technology AI artificial intelligence (29)\" srcset=\"https:\/\/www.sisinternational.com\/wp-content\/uploads\/2025\/09\/FinTech-Terch-technology-AI-artificial-intelligence-29.jpg 1456w, https:\/\/www.sisinternational.com\/wp-content\/uploads\/2025\/09\/FinTech-Terch-technology-AI-artificial-intelligence-29-300x168.jpg 300w, https:\/\/www.sisinternational.com\/wp-content\/uploads\/2025\/09\/FinTech-Terch-technology-AI-artificial-intelligence-29-1024x574.jpg 1024w, https:\/\/www.sisinternational.com\/wp-content\/uploads\/2025\/09\/FinTech-Terch-technology-AI-artificial-intelligence-29-768x430.jpg 768w, https:\/\/www.sisinternational.com\/wp-content\/uploads\/2025\/09\/FinTech-Terch-technology-AI-artificial-intelligence-29-18x10.jpg 18w\" sizes=\"auto, (max-width: 1456px) 100vw, 1456px\"><\/figure>\n\n\n\n<p><\/p>\n\n\n\n<p>Uma pesquisa abrangente de mercado de tecnologia limpa oferece diversas vantagens. Ao obter uma compreens\u00e3o mais profunda da din\u00e2mica do mercado, as partes interessadas podem tomar decis\u00f5es mais informadas e aproveitar as oportunidades de forma eficaz:<\/p>\n\n\n\n<ul class=\"wp-block-list\">\n<li><strong>Identificando o potencial do mercado:<\/strong> A pesquisa de mercado revela o tamanho, a taxa de crescimento e o potencial de segmentos espec\u00edficos no setor de tecnologia limpa. Esta informa\u00e7\u00e3o \u00e9 inestim\u00e1vel para empresas que procuram entrar em novos mercados ou expandir a sua gama de produtos.<\/li>\n\n\n\n<li><strong>Percep\u00e7\u00f5es dos clientes:<\/strong> Obter uma compreens\u00e3o mais profunda das necessidades, prefer\u00eancias e pontos problem\u00e1ticos do cliente permite que as empresas adaptem suas ofertas de maneira mais eficaz. Isso pode levar ao aumento da satisfa\u00e7\u00e3o e fidelidade do cliente.<\/li>\n\n\n\n<li><strong>Analise competitiva:<\/strong> Atrav\u00e9s de pesquisas de mercado de tecnologia limpa, as empresas podem identificar os principais concorrentes, compreender as suas estrat\u00e9gias, pontos fortes e fracos e encontrar formas de se diferenciarem no mercado.<\/li>\n\n\n\n<li><strong>Riscos de neg\u00f3cios reduzidos:<\/strong> As empresas podem evitar armadilhas comuns, prever potenciais desafios e desenvolver estrat\u00e9gias de mitiga\u00e7\u00e3o, reduzindo assim o risco de erros dispendiosos.<\/li>\n\n\n\n<li><strong>Previs\u00e3o e an\u00e1lise de tend\u00eancias:<\/strong> A pesquisa de mercado de tecnologia limpa oferece uma perspectiva prospectiva, ajudando as partes interessadas a antecipar tend\u00eancias emergentes, mudan\u00e7as no comportamento do consumidor e poss\u00edveis avan\u00e7os tecnol\u00f3gicos.<\/li>\n\n\n\n<li><strong>Estrat\u00e9gias de marketing otimizadas:<\/strong> Ao compreender quais canais e mensagens t\u00eam maior repercuss\u00e3o no p\u00fablico-alvo, as empresas podem otimizar seus gastos e campanhas de marketing para obter um melhor ROI.<\/li>\n\n\n\n<li><strong>Desenvolvimento e inova\u00e7\u00e3o de produtos:<\/strong> <a href=\"https:\/\/www.sisinternational.com\/pt\/cobertura\/pesquisa-de-mercado-na-australia\/\" title=\"Pesquisa de mercado na Austr\u00e1lia\"  data-wpil-monitor-id=\"2886\">Research can reveal gaps in the market<\/a>, leading to the development of innovative solutions that address unmet needs or improve upon existing technologies.<\/li>\n\n\n\n<li><strong>Conformidade regulat\u00f3ria:<\/strong> Manter-se atualizado sobre o panorama regulat\u00f3rio \u00e9 crucial no setor de tecnologias limpas. A pesquisa de mercado garante que as empresas estejam cientes das regulamenta\u00e7\u00f5es atuais e futuras, permitindo-lhes manter a conformidade e evitar poss\u00edveis complica\u00e7\u00f5es legais.<\/li>\n\n\n\n<li><strong>Atrair Investimentos:<\/strong> As startups e empresas do setor das tecnologias limpas exigem frequentemente investimentos significativos. Ter uma pesquisa robusta de mercado de tecnologia limpa pode ser persuasivo para atrair o interesse e a confian\u00e7a de potenciais investidores.<\/li>\n\n\n\n<li><strong>Compreendendo os impactos socioecon\u00f4micos:<\/strong> \u00c0 medida que a tecnologia limpa se cruza com quest\u00f5es sociais e econ\u00f3micas, a compreens\u00e3o destas intera\u00e7\u00f5es pode ajudar as empresas a enfrentar potenciais desafios e a aproveitar oportunidades para um impacto positivo.<\/li>\n<\/ul>\n\n\n\n<h2 class=\"wp-block-heading\">Tend\u00eancias atuais<\/h2>\n\n\n\n<p>A tecnologia limpa tem experimentado v\u00e1rias tend\u00eancias na sua trajet\u00f3ria \u2013 e a pesquisa de mercado de tecnologia limpa tem sido fundamental na determina\u00e7\u00e3o de padr\u00f5es emergentes, inova\u00e7\u00f5es revolucion\u00e1rias e din\u00e2micas de mercado. Aqui est\u00e3o algumas das tend\u00eancias mais proeminentes observadas neste campo:<\/p>\n\n\n\n<ul class=\"wp-block-list\">\n<li><strong>Ascens\u00e3o das solu\u00e7\u00f5es de armazenamento de energia:<\/strong> Com a crescente ado\u00e7\u00e3o de energias renov\u00e1veis, h\u00e1 um interesse em solu\u00e7\u00f5es de armazenamento de energia. Tecnologias de baterias, como baterias de \u00edons de l\u00edtio e alternativas mais recentes, est\u00e3o sendo extensivamente pesquisadas e desenvolvidas.<\/li>\n\n\n\n<li><strong>Hidrog\u00eanio Verde:<\/strong> A investiga\u00e7\u00e3o do mercado de tecnologias limpas destaca o interesse crescente no hidrog\u00e9nio verde como um potencial combust\u00edvel limpo do futuro, especialmente para sectores dif\u00edceis de electrificar, como os transportes pesados e a ind\u00fastria.<\/li>\n\n\n\n<li><strong>Sistemas Energ\u00e9ticos Descentralizados:<\/strong> As microrredes e as solu\u00e7\u00f5es energ\u00e9ticas descentralizadas est\u00e3o a ganhar for\u00e7a, permitindo que as comunidades e as empresas sejam mais autossuficientes e resilientes, reduzindo a depend\u00eancia das redes energ\u00e9ticas centrais.<\/li>\n\n\n\n<li><strong>Pr\u00e1ticas de Economia Circular:<\/strong> A tecnologia limpa est\u00e1 cada vez mais focada no desenvolvimento de solu\u00e7\u00f5es que promovam a reciclagem, a reutiliza\u00e7\u00e3o e a redu\u00e7\u00e3o, afastando-se do tradicional modelo linear de \u201cretirar-fazer-descartar\u201d.<\/li>\n\n\n\n<li><strong>Captura e utiliza\u00e7\u00e3o de carbono:<\/strong> As tecnologias destinadas a capturar as emiss\u00f5es de di\u00f3xido de carbono e a convert\u00ea-las em produtos utiliz\u00e1veis est\u00e3o a registar um aumento na investiga\u00e7\u00e3o e no investimento.<\/li>\n\n\n\n<li><strong>Eletrifica\u00e7\u00e3o dos Transportes:<\/strong> Al\u00e9m dos carros el\u00e9ctricos, h\u00e1 uma tend\u00eancia crescente para a electrifica\u00e7\u00e3o de autocarros, navios e at\u00e9 avi\u00f5es, impulsionada pelos avan\u00e7os na tecnologia de baterias e nas transmiss\u00f5es el\u00e9ctricas.<\/li>\n\n\n\n<li><strong>Tratamento de \u00c1gua e Dessaliniza\u00e7\u00e3o:<\/strong> \u00c0 medida que os recursos de \u00e1gua doce se tornam mais escassos, as tecnologias centradas na purifica\u00e7\u00e3o da \u00e1gua, no tratamento de \u00e1guas residuais e na dessaliniza\u00e7\u00e3o est\u00e3o a receber maior aten\u00e7\u00e3o.<\/li>\n\n\n\n<li><strong>IA e Big Data em Tecnologia Limpa:<\/strong> A integra\u00e7\u00e3o da intelig\u00eancia artificial e da an\u00e1lise de big data est\u00e1 ajudando a otimizar o uso de energia, prever a manuten\u00e7\u00e3o de equipamentos e agilizar v\u00e1rios processos de tecnologia limpa.<\/li>\n\n\n\n<li><strong>Tecnologia Limpa na Constru\u00e7\u00e3o:<\/strong> Materiais de constru\u00e7\u00e3o sustent\u00e1veis, arquitetura verde e pr\u00e1ticas de constru\u00e7\u00e3o com efici\u00eancia energ\u00e9tica representam tend\u00eancias crescentes nesta ind\u00fastria din\u00e2mica.<\/li>\n\n\n\n<li><strong>Investimento Socialmente Respons\u00e1vel:<\/strong> Os investidores est\u00e3o cada vez mais a considerar crit\u00e9rios ambientais, sociais e de governa\u00e7\u00e3o, direcionando capital para empreendimentos de tecnologia limpa sustent\u00e1veis e socialmente respons\u00e1veis.<\/li>\n<\/ul>","protected":false},"excerpt":{"rendered":"<p>A pesquisa de mercado de tecnologia limpa oferece insights para tomar decis\u00f5es informadas sobre as prefer\u00eancias do consumidor, tecnologia, regulamenta\u00e7\u00f5es e concorrentes.<\/p>","protected":false},"author":1,"featured_media":69483,"parent":14514,"menu_order":349,"comment_status":"closed","ping_status":"closed","template":"","meta":{"footnotes":""},"class_list":["post-43326","page","type-page","status-publish","has-post-thumbnail"],"_links":{"self":[{"href":"https:\/\/www.sisinternational.com\/pt\/wp-json\/wp\/v2\/pages\/43326","targetHints":{"allow":["GET"]}}],"collection":[{"href":"https:\/\/www.sisinternational.com\/pt\/wp-json\/wp\/v2\/pages"}],"about":[{"href":"https:\/\/www.sisinternational.com\/pt\/wp-json\/wp\/v2\/types\/page"}],"author":[{"embeddable":true,"href":"https:\/\/www.sisinternational.com\/pt\/wp-json\/wp\/v2\/users\/1"}],"replies":[{"embeddable":true,"href":"https:\/\/www.sisinternational.com\/pt\/wp-json\/wp\/v2\/comments?post=43326"}],"version-history":[{"count":11,"href":"https:\/\/www.sisinternational.com\/pt\/wp-json\/wp\/v2\/pages\/43326\/revisions"}],"predecessor-version":[{"id":80101,"href":"https:\/\/www.sisinternational.com\/pt\/wp-json\/wp\/v2\/pages\/43326\/revisions\/80101"}],"up":[{"embeddable":true,"href":"https:\/\/www.sisinternational.com\/pt\/wp-json\/wp\/v2\/pages\/14514"}],"wp:featuredmedia":[{"embeddable":true,"href":"https:\/\/www.sisinternational.com\/pt\/wp-json\/wp\/v2\/media\/69483"}],"wp:attachment":[{"href":"https:\/\/www.sisinternational.com\/pt\/wp-json\/wp\/v2\/media?parent=43326"}],"curies":[{"name":"wp","href":"https:\/\/api.w.org\/{rel}","templated":true}]}}