{"id":43182,"date":"2023-08-22T09:28:18","date_gmt":"2023-08-22T13:28:18","guid":{"rendered":"https:\/\/www.sisinternational.com\/?page_id=43182"},"modified":"2026-01-26T18:47:05","modified_gmt":"2026-01-26T23:47:05","slug":"pesquisa-de-mercado-de-telemetria","status":"publish","type":"page","link":"https:\/\/www.sisinternational.com\/pt\/pericia\/pesquisa-de-mercado-de-telemetria\/","title":{"rendered":"Pesquisa de mercado de telemetria"},"content":{"rendered":"<h1 class=\"wp-block-heading\">Pesquisa de mercado de telemetria<\/h1>\n\n\n\n<figure class=\"gb-block-image gb-block-image-ab1c3e47\"><img loading=\"lazy\" decoding=\"async\" width=\"1456\" height=\"816\" class=\"gb-image gb-image-ab1c3e47\" src=\"https:\/\/www.sisinternational.com\/wp-content\/uploads\/2025\/08\/Medical-dewvice-1.jpg\" alt=\"Pesquisa e Estrat\u00e9gia de Mercado Internacional da SIS\" title=\"Medical dewvice (1)\" srcset=\"https:\/\/www.sisinternational.com\/wp-content\/uploads\/2025\/08\/Medical-dewvice-1.jpg 1456w, https:\/\/www.sisinternational.com\/wp-content\/uploads\/2025\/08\/Medical-dewvice-1-300x168.jpg 300w, https:\/\/www.sisinternational.com\/wp-content\/uploads\/2025\/08\/Medical-dewvice-1-1024x574.jpg 1024w, https:\/\/www.sisinternational.com\/wp-content\/uploads\/2025\/08\/Medical-dewvice-1-768x430.jpg 768w, https:\/\/www.sisinternational.com\/wp-content\/uploads\/2025\/08\/Medical-dewvice-1-18x10.jpg 18w\" sizes=\"auto, (max-width: 1456px) 100vw, 1456px\"><\/figure>\n\n\n\n<p><\/p>\n\n\n\n<p>Hoje em dia, a necessidade de informa\u00e7\u00e3o em tempo real e transmiss\u00e3o de dados tornou-se fundamental em v\u00e1rios setores \u2013 e a telemetria (o processo de recolha de dados de locais remotos e transmiss\u00e3o para esta\u00e7\u00f5es de rece\u00e7\u00e3o para monitoriza\u00e7\u00e3o e an\u00e1lise) emergiu como uma espinha dorsal nos sistemas de dados atuais. mundo conduzido.<\/p>\n\n\n\n<p>Portanto, a pesquisa de mercado de telemetria torna-se crucial, uma vez que as empresas pretendem aproveitar o potencial desta tecnologia enquanto navegam pelas suas complexidades e aproveitam todo o potencial que esta tecnologia pode trazer \u00e0s empresas.<\/p>\n\n\n\n<h2 class=\"wp-block-heading\">Pesquisa de mercado de telemetria: uma explora\u00e7\u00e3o aprofundada<\/h2>\n\n\n\n<p>A pesquisa de mercado de telemetria \u00e9 o processo sistem\u00e1tico de coleta, an\u00e1lise e interpreta\u00e7\u00e3o de dados especificamente relacionados \u00e0 ind\u00fastria de telemetria. Telemetria refere-se \u00e0 medi\u00e7\u00e3o e transmiss\u00e3o autom\u00e1tica de dados de fontes remotas ou inacess\u00edveis para esta\u00e7\u00f5es receptoras para monitoramento e an\u00e1lise.<\/p>\n\n\n\n<p>\u00c0 medida que as ind\u00fastrias se tornam mais interligadas e dependentes de dados em tempo real, a telemetria torna-se uma ferramenta essencial para diversas aplica\u00e7\u00f5es, desde sistemas de sa\u00fade e autom\u00f3veis at\u00e9 servi\u00e7os p\u00fablicos e aeroespacial \u2013 e dadas as suas diversas aplica\u00e7\u00f5es, a investiga\u00e7\u00e3o de mercado de telemetria procura compreender:<\/p>\n\n\n\n<ul class=\"wp-block-list\">\n<li><strong>Din\u00e2mica de Mercado:<\/strong> Isso abrange o tamanho atual do mercado de telemetria, o crescimento projetado, os principais players e potenciais disruptores do mercado.<\/li>\n\n\n\n<li><strong>Evolu\u00e7\u00e3o Tecnol\u00f3gica:<\/strong> Compreender os avan\u00e7os na tecnologia de telemetria, incluindo hardware, software e protocolos de comunica\u00e7\u00e3o.<\/li>\n\n\n\n<li><strong>Aplica\u00e7\u00f5es da ind\u00fastria:<\/strong> Determinar quais os setores que utilizam a telemetria mais extensivamente e identificar os setores emergentes que poderiam beneficiar da sua integra\u00e7\u00e3o.<\/li>\n\n\n\n<li><strong>Demanda e prefer\u00eancias do usu\u00e1rio:<\/strong> Avaliar o que as empresas e os usu\u00e1rios finais procuram em solu\u00e7\u00f5es de telemetria, incluindo recursos, precis\u00e3o e confiabilidade.<\/li>\n\n\n\n<li><strong>Desafios e Barreiras:<\/strong> Identifying potential hurdles in the telemetry <a href=\"https:\/\/www.sisinternational.com\/pt\/solucoes\/pesquisa-de-mercado-de-ia-e-consultoria-estrategica\/consultoria-de-inteligencia-artificial-de-automacao-da-industria-de-tecnologia\/\" title=\"Consultoria em Automa\u00e7\u00e3o da Ind\u00fastria de Tecnologia e Intelig\u00eancia Artificial\"  data-wpil-monitor-id=\"9522\">industry such as technological<\/a> challenges, regulatory issues, or data security concerns.<\/li>\n\n\n\n<li><strong>Oportunidades e potencial de crescimento:<\/strong> Identificando tend\u00eancias emergentes, inova\u00e7\u00f5es e \u00e1reas potenciais de expans\u00e3o no setor de telemetria.<\/li>\n\n\n\n<li><strong>Cen\u00e1rio Regulat\u00f3rio:<\/strong> Compreender as regulamenta\u00e7\u00f5es globais e regionais relativas \u00e0 privacidade, seguran\u00e7a e conformidade de dados torna-se essencial.<\/li>\n\n\n\n<li><a href=\"https:\/\/www.sisinternational.com\/pt\/como-conduzir-analises-competitivas\/\" title=\"An\u00e1lise Competitiva em Marketing\"  data-wpil-monitor-id=\"9518\">Competitive Analysis: Surveying the market<\/a> to pinpoint major players, their offerings, market share, and strategic approaches.<\/li>\n\n\n\n<li><strong>Impacto econ\u00f4mico:<\/strong> Avaliar o valor econ\u00f3mico gerado pela ind\u00fastria da telemetria, tanto em termos de receitas como de emprego.<\/li>\n<\/ul>\n\n\n\n<h2 class=\"wp-block-heading\">Benef\u00edcios e import\u00e2ncia da pesquisa de mercado de telemetria<\/h2>\n\n\n\n<p>Market research specifically geared towards telemetry provides a wealth of insights that are invaluable to businesses and organizations. Here are the key <a href=\"https:\/\/www.sisinternational.com\/pt\/solucoes\/solucoes-de-pesquisa-quantitativa-qualitativa\/quantitative-research-benefits\/\" title=\"Quantitative Research Benefits\"  data-wpil-monitor-id=\"9523\">benefits and importance of such research<\/a>:<\/p>\n\n\n\n<ul class=\"wp-block-list\">\n<li><strong>Tomada de decis\u00e3o informada:<\/strong> A pesquisa de mercado de telemetria oferece dados precisos e atuais sobre a din\u00e2mica do mercado, permitindo que as empresas tomem decis\u00f5es estrat\u00e9gicas informadas que se alinhem com as tend\u00eancias do setor e as prefer\u00eancias do consumidor.<\/li>\n\n\n\n<li><strong>Identifica\u00e7\u00e3o de oportunidades de crescimento:<\/strong> Um estudo abrangente sobre este t\u00f3pico revela \u00e1reas com potencial inexplorado ou aplica\u00e7\u00f5es emergentes de telemetria. Isso \u00e9 inestim\u00e1vel para empresas que buscam expandir ou diversificar.<\/li>\n\n\n\n<li><strong>Compreendendo cen\u00e1rios competitivos:<\/strong> A pesquisa de mercado de telemetria identifica os principais players, seus pontos fortes, estrat\u00e9gias e participa\u00e7\u00f5es de mercado, ajudando as empresas a se posicionarem de forma eficaz e a reconhecerem amea\u00e7as competitivas.<\/li>\n\n\n\n<li><strong>Avan\u00e7os tecnol\u00f3gicos:<\/strong> \u00c0 medida que a tecnologia continua a evoluir, as pesquisas de mercado identificam as mais recentes inova\u00e7\u00f5es e avan\u00e7os em telemetria, permitindo que as empresas permane\u00e7am na vanguarda e adotem solu\u00e7\u00f5es de ponta.<\/li>\n\n\n\n<li><strong>Mitiga\u00e7\u00e3o de riscos:<\/strong> A pesquisa de mercado de telemetria pode destacar potenciais desafios, mudan\u00e7as regulat\u00f3rias ou armadilhas. Essa previs\u00e3o ajuda as empresas a resolver esses problemas de forma preventiva, minimizando os riscos.<\/li>\n\n\n\n<li><strong>Insights do consumidor e do usu\u00e1rio final:<\/strong> Ele investiga as necessidades, prefer\u00eancias e pontos problem\u00e1ticos dos usu\u00e1rios finais. Essas informa\u00e7\u00f5es s\u00e3o essenciais para que as empresas aprimorem suas ofertas de produtos e adaptem suas solu\u00e7\u00f5es.<\/li>\n\n\n\n<li><strong>Previs\u00e3o Financeira:<\/strong> Businesses can make more accurate financial predictions and set budgets accordingly with <a href=\"https:\/\/www.sisinternational.com\/pt\/global-beverage-market\/\" title=\"Global Beverage Market: Market Dynamics, Growth Projections &amp; Consumer Insights\"  data-wpil-monitor-id=\"9519\">insights into market growth<\/a>, potential revenue streams, and emerging sectors.<\/li>\n\n\n\n<li><strong>Insights regulat\u00f3rios e de conformidade:<\/strong> A telemetria frequentemente lida com dados confidenciais, tornando-os sujeitos a diversas regulamenta\u00e7\u00f5es. Assim, a pesquisa de mercado de telemetria pode fornecer insights sobre as regulamenta\u00e7\u00f5es atuais e futuras, garantindo que as empresas permane\u00e7am em conformidade.<\/li>\n\n\n\n<li><strong>Tailored <a href=\"https:\/\/www.sisinternational.com\/pt\/solucoes\/pesquisa-de-mercado-de-vendas-corporativas-b2b\/\" title=\"Pesquisa de mercado de vendas corporativas B2B\"  data-wpil-monitor-id=\"9520\">Marketing and Sales<\/a> Strategies:<\/strong> Com uma compreens\u00e3o clara do mercado, as empresas podem adaptar as suas estrat\u00e9gias de marketing e vendas de forma mais eficaz, atingindo o p\u00fablico certo com a mensagem certa.<\/li>\n<\/ul>\n\n\n\n<h2 class=\"wp-block-heading\">Oportunidades e desafios na pesquisa de mercado de telemetria<\/h2>\n\n\n\n<p>A capacidade de coletar e transmitir dados remotamente abriu portas para in\u00fameras inova\u00e7\u00f5es e melhorias em todos os setores. No entanto, como acontece com qualquer campo em r\u00e1pida evolu\u00e7\u00e3o, o caminho da investiga\u00e7\u00e3o de mercado de telemetria tem oportunidades e desafios \u2013 e a compreens\u00e3o destas nuances pode oferecer uma vantagem competitiva distinta \u00e0s empresas e \u00e0s partes interessadas.<\/p>\n\n\n\n<h3 class=\"wp-block-heading\">Oportunidades<\/h3>\n\n\n\n<ul class=\"wp-block-list\">\n<li><strong>Avan\u00e7os tecnol\u00f3gicos:<\/strong> O crescimento exponencial dos dispositivos da Internet das Coisas (IoT) oferece uma mina de ouro para aplica\u00e7\u00f5es de telemetria. Esses dispositivos dependem fortemente da transmiss\u00e3o de dados em tempo real e do monitoramento remoto, tornando a telemetria indispens\u00e1vel. Da mesma forma, as redes 5G prometem uma transmiss\u00e3o de dados mais r\u00e1pida e eficiente. \u00c0 medida que os pa\u00edses implementam infraestruturas 5G, o mercado de telemetria ir\u00e1 beneficiar imensamente.<\/li>\n\n\n\n<li><strong>Diversas aplica\u00e7\u00f5es industriais:<\/strong> Al\u00e9m dos setores tradicionais, como o aeroespacial e a defesa, a telemetria est\u00e1 a encontrar aplica\u00e7\u00f5es nos setores da sa\u00fade (telessa\u00fade), autom\u00f3vel (carros inteligentes), agricultura (agricultura de precis\u00e3o) e servi\u00e7os p\u00fablicos (redes inteligentes). Al\u00e9m disso, parcerias entre empresas de tecnologia, fornecedores de solu\u00e7\u00f5es de telemetria e empresas espec\u00edficas do setor podem levar a solu\u00e7\u00f5es personalizadas e mais eficientes.<\/li>\n\n\n\n<li><a href=\"https:\/\/www.sisinternational.com\/pt\/transportadoras-de-baixo-custo-na-industria-da-aviacao\/\" title=\"Pesquisa de mercado de companhias a\u00e9reas de baixo custo\"  data-wpil-monitor-id=\"9517\">Global Expansion: Emerging markets<\/a>, especially in the Asia-Pacific region, are mature enough for telemetry expansion, given their rapid industrialization and growing tech infrastructure.<\/li>\n<\/ul>\n\n\n\n<h3 class=\"wp-block-heading\">Desafios<\/h3>\n\n\n\n<ul class=\"wp-block-list\">\n<li><strong>Cen\u00e1rio Regulat\u00f3rio:<\/strong> Os governos est\u00e3o se tornando mais rigorosos em rela\u00e7\u00e3o \u00e0 transmiss\u00e3o de dados e \u00e0 privacidade dos usu\u00e1rios. Os participantes do mercado de telemetria devem adaptar-se constantemente a essas regulamenta\u00e7\u00f5es em constante mudan\u00e7a.<\/li>\n\n\n\n<li><strong>R\u00e1pida Evolu\u00e7\u00e3o Tecnol\u00f3gica:<\/strong> O ritmo acelerado dos avan\u00e7os tecnol\u00f3gicos significa que as solu\u00e7\u00f5es de telemetria podem tornar-se obsoletas rapidamente, exigindo atualiza\u00e7\u00f5es e pesquisas constantes. Al\u00e9m disso, a implanta\u00e7\u00e3o de sistemas de telemetria de \u00faltima gera\u00e7\u00e3o pode exigir um capital intensivo, impedindo potencialmente as pequenas e m\u00e9dias empresas de adotarem as solu\u00e7\u00f5es mais recentes.<\/li>\n\n\n\n<li><strong>Lacuna de habilidades:<\/strong> The telemetry field requires specialized knowledge, and there is a growing need for skilled professionals who understand both the <a href=\"https:\/\/www.sisinternational.com\/pt\/pericia\/industrias\/tecnologia-de-alimentos-e-bebidas-pesquisa-de-mercado-tecnologia-de-alimentos\/\" title=\"Pesquisa de mercado de tecnologia de alimentos e bebidas | Tecnologia de Alimentos\"  data-wpil-monitor-id=\"9521\">technology and its market<\/a> implications. Furthermore, for businesses with existing infrastructures, integrating telemetry solutions without disrupting current operations can be intricate and challenging.<\/li>\n<\/ul>\n\n\n\n<h2 class=\"wp-block-heading\">Perspectivas Futuras: Previs\u00f5es de Pesquisa de Mercado de Telemetria<\/h2>\n\n\n\n<ul class=\"wp-block-list\">\n<li><strong>Maior integra\u00e7\u00e3o com IoT:<\/strong> \u00c0 medida que o n\u00famero de dispositivos IoT aumenta, a telemetria ser\u00e1 a espinha dorsal deste ecossistema, garantindo uma comunica\u00e7\u00e3o e transmiss\u00e3o de dados suaves entre dispositivos. As empresas podem esperar um aumento exponencial nas solu\u00e7\u00f5es integradas de telemetria IoT.<\/li>\n\n\n\n<li><strong>An\u00e1lise avan\u00e7ada em tempo real:<\/strong> Com a integra\u00e7\u00e3o da IA e da aprendizagem autom\u00e1tica, os dados de telemetria ser\u00e3o processados em tempo real, oferecendo insights, previs\u00f5es e automa\u00e7\u00e3o instant\u00e2neos, aumentando a efici\u00eancia em todos os setores.<\/li>\n\n\n\n<li><strong>Protocolos de seguran\u00e7a aprimorados:<\/strong> Dadas as preocupa\u00e7\u00f5es com viola\u00e7\u00f5es de dados, a ind\u00fastria de telemetria testemunhar\u00e1 avan\u00e7os na criptografia e nos protocolos de seguran\u00e7a, garantindo uma transmiss\u00e3o de dados mais segura.<\/li>\n\n\n\n<li><strong>Crescimento nos mercados emergentes:<\/strong> As technology infrastructure in regions like <a href=\"https:\/\/www.sisinternational.com\/pt\/pesquisa-de-mercado-de-saude-emea\/\" title=\"Pesquisa de mercado de sa\u00fade na Europa\"  data-wpil-monitor-id=\"7037\">\u00c1frica<\/a> and parts of Asia improves, there will be a surge in demand for telemetry solutions tailored to these markets&#8217; unique needs.<\/li>\n\n\n\n<li><strong>Evolu\u00e7\u00e3o da telemetria automotiva:<\/strong> With the rise of autonomous vehicles, telemetry will become crucial in vehicle-to-vehicle and vehicle-to-infrastructure communications, ensuring <a href=\"https:\/\/www.sisinternational.com\/pt\/pericia\/industrias\/pesquisa-de-mercado-de-seguranca-viaria\/\" title=\"Pesquisa de mercado de seguran\u00e7a rodovi\u00e1ria\"  data-wpil-monitor-id=\"9524\">safety and efficiency on roads<\/a>.<\/li>\n\n\n\n<li><strong>Solu\u00e7\u00f5es ecol\u00f3gicas:<\/strong> \u00c0 medida que a sustentabilidade se torna uma prioridade global, a telemetria oferecer\u00e1 solu\u00e7\u00f5es para monitorizar e gerir o consumo de energia, a utiliza\u00e7\u00e3o de \u00e1gua e outros recursos, promovendo pr\u00e1ticas mais ecol\u00f3gicas.<\/li>\n<\/ul>","protected":false},"excerpt":{"rendered":"<p>A pesquisa de mercado de telemetria \u00e9 a coleta e transmiss\u00e3o automatizada de dados de fontes remotas para an\u00e1lise na ind\u00fastria de telemetria.<\/p>","protected":false},"author":1,"featured_media":63844,"parent":14514,"menu_order":340,"comment_status":"closed","ping_status":"closed","template":"","meta":{"footnotes":""},"class_list":["post-43182","page","type-page","status-publish","has-post-thumbnail"],"_links":{"self":[{"href":"https:\/\/www.sisinternational.com\/pt\/wp-json\/wp\/v2\/pages\/43182","targetHints":{"allow":["GET"]}}],"collection":[{"href":"https:\/\/www.sisinternational.com\/pt\/wp-json\/wp\/v2\/pages"}],"about":[{"href":"https:\/\/www.sisinternational.com\/pt\/wp-json\/wp\/v2\/types\/page"}],"author":[{"embeddable":true,"href":"https:\/\/www.sisinternational.com\/pt\/wp-json\/wp\/v2\/users\/1"}],"replies":[{"embeddable":true,"href":"https:\/\/www.sisinternational.com\/pt\/wp-json\/wp\/v2\/comments?post=43182"}],"version-history":[{"count":5,"href":"https:\/\/www.sisinternational.com\/pt\/wp-json\/wp\/v2\/pages\/43182\/revisions"}],"predecessor-version":[{"id":81587,"href":"https:\/\/www.sisinternational.com\/pt\/wp-json\/wp\/v2\/pages\/43182\/revisions\/81587"}],"up":[{"embeddable":true,"href":"https:\/\/www.sisinternational.com\/pt\/wp-json\/wp\/v2\/pages\/14514"}],"wp:featuredmedia":[{"embeddable":true,"href":"https:\/\/www.sisinternational.com\/pt\/wp-json\/wp\/v2\/media\/63844"}],"wp:attachment":[{"href":"https:\/\/www.sisinternational.com\/pt\/wp-json\/wp\/v2\/media?parent=43182"}],"curies":[{"name":"wp","href":"https:\/\/api.w.org\/{rel}","templated":true}]}}