{"id":43177,"date":"2023-08-22T00:08:48","date_gmt":"2023-08-22T04:08:48","guid":{"rendered":"https:\/\/www.sisinternational.com\/?page_id=43177"},"modified":"2026-01-26T18:30:38","modified_gmt":"2026-01-26T23:30:38","slug":"pesquisa-de-mercado-de-extensao-de-servico","status":"publish","type":"page","link":"https:\/\/www.sisinternational.com\/pt\/pericia\/pesquisa-de-mercado-de-extensao-de-servico\/","title":{"rendered":"Pesquisa de mercado de extens\u00e3o de servi\u00e7o"},"content":{"rendered":"<h1 class=\"wp-block-heading\">Pesquisa de mercado de extens\u00e3o de servi\u00e7o<\/h1>\n\n\n\n<figure class=\"gb-block-image gb-block-image-d9d03913\"><img loading=\"lazy\" decoding=\"async\" width=\"1456\" height=\"816\" class=\"gb-image gb-image-d9d03913\" src=\"https:\/\/www.sisinternational.com\/wp-content\/uploads\/2025\/09\/Etnography-market-research-2-1.jpg\" alt=\"Pesquisa e Estrat\u00e9gia de Mercado Internacional da SIS\" title=\"Etnography market research (2)\" srcset=\"https:\/\/www.sisinternational.com\/wp-content\/uploads\/2025\/09\/Etnography-market-research-2-1.jpg 1456w, https:\/\/www.sisinternational.com\/wp-content\/uploads\/2025\/09\/Etnography-market-research-2-1-300x168.jpg 300w, https:\/\/www.sisinternational.com\/wp-content\/uploads\/2025\/09\/Etnography-market-research-2-1-1024x574.jpg 1024w, https:\/\/www.sisinternational.com\/wp-content\/uploads\/2025\/09\/Etnography-market-research-2-1-768x430.jpg 768w, https:\/\/www.sisinternational.com\/wp-content\/uploads\/2025\/09\/Etnography-market-research-2-1-18x10.jpg 18w\" sizes=\"auto, (max-width: 1456px) 100vw, 1456px\"><\/figure>\n\n\n\n<p><\/p>\n\n\n\n<p>No din\u00e2mico mundo dos neg\u00f3cios, as empresas est\u00e3o sempre a encontrar novas formas de melhorar as suas ofertas, expandir a sua base de clientes e aumentar as receitas. Uma estrat\u00e9gia que provou ser ao mesmo tempo desafiadora e gratificante \u00e9 a extens\u00e3o do servi\u00e7o.<\/p>\n\n\n\n<p>But what exactly is a service extension? It refers to the addition of new features or components to an existing service offering with the intent to cater to a wider audience or address new customer needs. And <a href=\"https:\/\/www.sisinternational.com\/pt\/solucoes\/solucoes-de-pesquisa-quantitativa-qualitativa\/pesquisa-de-mercado-de-servicos-de-campo\/\" title=\"Pesquisa de mercado de servi\u00e7os de campo\"  data-wpil-monitor-id=\"4526\">pesquisa de mercado de extens\u00e3o de servi\u00e7o<\/a> is one of the most important tools to help companies understand market trends, assess customer preferences and evaluate the competitive landscape in a saturated market.<\/p>\n\n\n\n<h2 class=\"wp-block-heading\">A import\u00e2ncia da pesquisa de mercado de extens\u00e3o de servi\u00e7o<\/h2>\n\n\n\n<p><a href=\"https:\/\/www.sisinternational.com\/pt\/solucoes\/teste-de-sabor\/servicos-de-avaliacao-sensorial-em-nova-york\/\" title=\"Servi\u00e7os de avalia\u00e7\u00e3o sensorial em Nova York\"  data-wpil-monitor-id=\"3726\">Service extension market research<\/a> is a specialized branch of market research that focuses on evaluating the feasibility, acceptance, and potential success of introducing new services or enhancing existing ones within a company&#8217;s current portfolio.<\/p>\n\n\n\n<p>However, venturing into new <a href=\"https:\/\/www.sisinternational.com\/pt\/solucoes\/pesquisa-de-mercado-de-ia-e-consultoria-estrategica\/pesquisa-de-mercado-de-ia-de-visao-computacional\/\" title=\"Pesquisa de mercado de IA de vis\u00e3o computacional\"  data-wpil-monitor-id=\"6907\">markets without an informed vision<\/a> can be risky. This is why using this resource is a must for companies to improve their offerings to customers \u2013 and some of its benefits are:<\/p>\n\n\n\n<ul class=\"wp-block-list\">\n<li><strong>Compreendendo as necessidades do cliente:<\/strong> Through comprehensive <a href=\"https:\/\/www.sisinternational.com\/pt\/pericia\/industrias\/pesquisa-de-mercado-de-servicos-ambientais\/\" title=\"Pesquisa de mercado de servi\u00e7os ambientais\"  data-wpil-monitor-id=\"4852\">pesquisa de mercado de extens\u00e3o de servi\u00e7o<\/a>, businesses can gain insights into their customers&#8217; evolving preferences, unmet requirements, and expectations.<\/li>\n\n\n\n<li><strong>Mitigando Riscos:<\/strong> Expanding services involves investments in terms of time, money, and resources. Thus, <a href=\"https:\/\/www.sisinternational.com\/pt\/pericia\/industrias\/pesquisa-de-mercado-de-servicos-de-comunicacao\/\" title=\"Pesquisa de mercado de servi\u00e7os de comunica\u00e7\u00e3o\"  data-wpil-monitor-id=\"5709\">pesquisa de mercado de extens\u00e3o de servi\u00e7o<\/a> helps in identifying potential pitfalls, ensuring that businesses make decisions that are not just instinctive but also data-backed, minimizing the risk of failures.<\/li>\n\n\n\n<li><strong>Identificando oportunidades de mercado:<\/strong> A pesquisa de mercado de extens\u00e3o de servi\u00e7os pode destacar lacunas no mercado atual, apresentando \u00e0s organiza\u00e7\u00f5es \u00e1reas potenciais de expans\u00e3o que, de outra forma, poderiam ter negligenciado.<\/li>\n\n\n\n<li><strong>Diferencia\u00e7\u00e3o Competitiva:<\/strong> Ao compreender o que os concorrentes oferecem e onde ficam aqu\u00e9m, as empresas podem adaptar as suas extens\u00f5es de servi\u00e7o para fornecer propostas de valor \u00fanicas.<\/li>\n\n\n\n<li><strong>Estrat\u00e9gias de pre\u00e7os ideais:<\/strong> Ajuda a compreender as sensibilidades dos pre\u00e7os e a identificar a faixa de pre\u00e7os ideal que maximiza os lucros e, ao mesmo tempo, garante a aceita\u00e7\u00e3o do cliente.<\/li>\n\n\n\n<li><strong>Construindo a fidelidade do cliente:<\/strong> Ao demonstrar um compromisso em satisfazer as necessidades dos clientes e melhorar continuamente as ofertas, as empresas podem promover relacionamentos mais fortes com a sua base de clientes, levando a uma maior fidelidade e reten\u00e7\u00e3o.<\/li>\n\n\n\n<li><strong>Estrat\u00e9gias de marketing informadas:<\/strong> Os insights da pesquisa de mercado de extens\u00e3o de servi\u00e7o fornecem informa\u00e7\u00f5es valiosas para campanhas de marketing. Ao saber o que os clientes valorizam no novo servi\u00e7o, as empresas podem criar estrat\u00e9gias promocionais mais eficazes e ressonantes.<\/li>\n\n\n\n<li><strong>Aumentando o valor geral da marca:<\/strong> Extens\u00f5es de servi\u00e7o introduzidas com sucesso e bem recebidas podem aumentar a percep\u00e7\u00e3o geral da marca, tornando-a mais atraente para clientes existentes e potenciais.<\/li>\n<\/ul>\n\n\n\n<h2 class=\"wp-block-heading\">Tend\u00eancias atuais em pesquisa de mercado de extens\u00e3o de servi\u00e7os<\/h2>\n\n\n\n<figure class=\"gb-block-image gb-block-image-49ca24e9\"><img loading=\"lazy\" decoding=\"async\" width=\"1456\" height=\"816\" class=\"gb-image gb-image-49ca24e9\" src=\"https:\/\/www.sisinternational.com\/wp-content\/uploads\/2025\/10\/Payments-Market-Research-2.jpg\" alt=\"Pesquisa e Estrat\u00e9gia de Mercado Internacional da SIS\" title=\"Payments Market Research (2)\" srcset=\"https:\/\/www.sisinternational.com\/wp-content\/uploads\/2025\/10\/Payments-Market-Research-2.jpg 1456w, https:\/\/www.sisinternational.com\/wp-content\/uploads\/2025\/10\/Payments-Market-Research-2-300x168.jpg 300w, https:\/\/www.sisinternational.com\/wp-content\/uploads\/2025\/10\/Payments-Market-Research-2-1024x574.jpg 1024w, https:\/\/www.sisinternational.com\/wp-content\/uploads\/2025\/10\/Payments-Market-Research-2-768x430.jpg 768w, https:\/\/www.sisinternational.com\/wp-content\/uploads\/2025\/10\/Payments-Market-Research-2-18x10.jpg 18w\" sizes=\"auto, (max-width: 1456px) 100vw, 1456px\"><\/figure>\n\n\n\n<p><\/p>\n\n\n\n<p>No atual cen\u00e1rio empresarial, a pesquisa de mercado de extens\u00e3o de servi\u00e7os destaca-se como uma ferramenta din\u00e2mica, em constante adapta\u00e7\u00e3o para refletir as mudan\u00e7as no comportamento do consumidor, os avan\u00e7os tecnol\u00f3gicos e as necessidades do mercado. Aqui est\u00e3o as tend\u00eancias atuais que moldam a arena de pesquisa de mercado:<\/p>\n\n\n\n<ul class=\"wp-block-list\">\n<li><strong>Impulsione a personaliza\u00e7\u00e3o:<\/strong> Experi\u00eancias personalizadas s\u00e3o comuns hoje em dia e as pesquisas de mercado concentram-se em insights espec\u00edficos dos clientes, garantindo que as empresas possam criar extens\u00f5es de servi\u00e7o personalizadas para atender a necessidades espec\u00edficas.<\/li>\n\n\n\n<li><strong>Extens\u00f5es Sustent\u00e1veis e \u00c9ticas:<\/strong> With the global drive towards sustainability, service extension <a href=\"https:\/\/www.sisinternational.com\/pt\/servicos-de-pesquisa-de-segmentacao-de-mercado\/\" title=\"Servi\u00e7os de pesquisa de segmenta\u00e7\u00e3o de mercado\"  data-wpil-monitor-id=\"2495\">market research is emphasizing understanding consumer<\/a> inclination towards eco-friendly and ethically aligned services.<\/li>\n\n\n\n<li><strong>Integra\u00e7\u00e3o de insights neurol\u00f3gicos:<\/strong> Advanced techniques like <a class=\"wpil_keyword_link\" href=\"https:\/\/www.sisinternational.com\/pt\/neuromarketing-para-pequenas-empresas\/\"   title=\"Neuromarketing para pequenas empresas\" data-wpil-keyword-link=\"linked\"  data-wpil-monitor-id=\"333\">neuromarketing<\/a> are finding their way into service extension research. By understanding the brain&#8217;s reactions to services, businesses can design emotionally resonant offerings.<\/li>\n\n\n\n<li><strong>Usando VR e AR para testes simulados:<\/strong> Os estudos de extens\u00e3o de servi\u00e7os est\u00e3o aproveitando a realidade virtual e aumentada para simular novas experi\u00eancias de servi\u00e7os, permitindo que as empresas refinem as ofertas antes da implementa\u00e7\u00e3o f\u00edsica.<\/li>\n\n\n\n<li><strong>Priorizando a Diversidade e a Inclus\u00e3o:<\/strong> Refletindo a diversidade do mercado global, a pesquisa de mercado de extens\u00e3o de servi\u00e7os enfatiza a inclus\u00e3o, garantindo que as extens\u00f5es de servi\u00e7o atendam a dados demogr\u00e1ficos e nuances culturais variados. Isto permitiria \u00e0s empresas obter maiores investimentos, satisfazendo os crit\u00e9rios dos investidores e visando um novo segmento da popula\u00e7\u00e3o.<\/li>\n<\/ul>\n\n\n\n<h2 class=\"wp-block-heading\">Oportunidades em pesquisa de mercado de extens\u00e3o de servi\u00e7os<\/h2>\n\n\n\n<p>Esta pesquisa de mercado abre uma infinidade de oportunidades para empresas e pesquisadores. \u00c0 medida que os mercados se tornam mais complexos e as necessidades dos consumidores evoluem, aproveitar estas oportunidades pode ser crucial para o crescimento sustentado e a inova\u00e7\u00e3o.<\/p>\n\n\n\n<ul class=\"wp-block-list\">\n<li><strong>Segmentos de mercado desconhecidos:<\/strong> Muitas vezes revela segmentos de consumidores inexplorados com necessidades espec\u00edficas. Atender a esses nichos pode oferecer \u00e0s empresas uma vantagem competitiva e novas fontes de receita.<\/li>\n\n\n\n<li><strong>Inova\u00e7\u00e3o na coleta de dados:<\/strong> With advancements in technology, there is a growing opportunity to innovate in data collection methods. Techniques like AI-driven sentiment analysis or virtual reality simulations can enrich the quality of insights in <a href=\"https:\/\/www.sisinternational.com\/pt\/solucoes\/pesquisa-de-mercado-de-ia-e-consultoria-estrategica\/pesquisa-de-mercado-de-ia-com-realidade-aumentada\/\" title=\"Pesquisa de mercado de IA em realidade aumentada\"  data-wpil-monitor-id=\"2389\">pesquisa de mercado<\/a>.<\/li>\n\n\n\n<li><strong>Extens\u00f5es de servi\u00e7o ecologicamente conscientes:<\/strong> \u00c0 medida que a sustentabilidade se torna uma prioridade global, a investiga\u00e7\u00e3o do mercado de extens\u00e3o de servi\u00e7os pode orientar as empresas no sentido de inova\u00e7\u00f5es de servi\u00e7os amigas do ambiente, satisfazendo tanto a procura dos consumidores como as responsabilidades ambientais.<\/li>\n\n\n\n<li><strong>Colabora\u00e7\u00f5es entre setores:<\/strong> H\u00e1 um potencial crescente para servi\u00e7os que unem diferentes ind\u00fastrias. Pode identificar intersec\u00e7\u00f5es onde parcerias ou colabora\u00e7\u00f5es podem criar servi\u00e7os \u00fanicos e de valor acrescentado.<\/li>\n\n\n\n<li><strong>Aumentando a fidelidade do cliente:<\/strong> Ao aperfei\u00e7oar e ampliar continuamente os servi\u00e7os com base no feedback dos consumidores, as empresas t\u00eam a oportunidade de aumentar a reten\u00e7\u00e3o e a fidelidade dos clientes, levando a um crescimento sustentado das receitas.<\/li>\n\n\n\n<li><strong>Expans\u00e3o Geogr\u00e1fica:<\/strong> A pesquisa de mercado tamb\u00e9m pode destacar regi\u00f5es geogr\u00e1ficas com necessidades n\u00e3o atendidas, permitindo que as empresas expandam estrategicamente os seus servi\u00e7os para novos territ\u00f3rios.<\/li>\n<\/ul>\n\n\n\n<h2 class=\"wp-block-heading\">Desafios na pesquisa de mercado de extens\u00e3o de servi\u00e7os<\/h2>\n\n\n\n<p>A pesquisa de mercado de extens\u00e3o de servi\u00e7os \u00e9 crucial para empresas que pretendem refinar ou ampliar as suas ofertas de servi\u00e7os. No entanto, apresenta desafios que os investigadores e as empresas precisam de reconhecer e enfrentar. Aqui est\u00e1 um mergulho em alguns desafios significativos enfrentados por esse tipo de pesquisa:<\/p>\n\n\n\n<ul class=\"wp-block-list\">\n<li><strong>Sobrecarga de dados:<\/strong> Na era digital, os dados s\u00e3o abundantes. Filtrar informa\u00e7\u00f5es relevantes e discernir insights acion\u00e1veis a partir do ru\u00eddo torna-se uma tarefa monumental para os profissionais de pesquisa de mercado, que agora devem discernir quais informa\u00e7\u00f5es s\u00e3o relevantes e quais informa\u00e7\u00f5es devem ser descartadas.<\/li>\n\n\n\n<li><strong>Diversas expectativas do cliente:<\/strong> Com os mercados globais surge um caldeir\u00e3o de prefer\u00eancias culturais, regionais e individuais. A pesquisa de mercado enfrenta o desafio de sintetizar estas diversas expectativas em estrat\u00e9gias de servi\u00e7o coerentes.<\/li>\n\n\n\n<li><strong>Obst\u00e1culos legais e regulat\u00f3rios:<\/strong> \u00c0 medida que as empresas pretendem alargar os servi\u00e7os, poder\u00e3o enfrentar desafios regulamentares, especialmente em setores como os cuidados de sa\u00fade, as finan\u00e7as ou o com\u00e9rcio internacional. A investiga\u00e7\u00e3o de extens\u00e3o de servi\u00e7os precisa de estar ciente destes potenciais obst\u00e1culos e atualizar constantemente as suas bases de dados para garantir que os clientes sejam mantidos sob as regulamenta\u00e7\u00f5es locais.<\/li>\n\n\n\n<li><strong>Mudando o comportamento do consumidor:<\/strong> O comportamento do consumidor n\u00e3o \u00e9 est\u00e1tico. \u00c9 influenciado por eventos sociais, econ\u00f4micos e at\u00e9 pol\u00edticos. Como resultado, a pesquisa de mercado de extens\u00e3o de servi\u00e7os enfrenta o desafio constante de permanecer alinhada com estas mudan\u00e7as de comportamento.<\/li>\n<\/ul>","protected":false},"excerpt":{"rendered":"<p>A pesquisa de mercado de extens\u00e3o de servi\u00e7os avalia novos servi\u00e7os ou melhora os existentes no portf\u00f3lio atual de uma empresa.<\/p>","protected":false},"author":1,"featured_media":67293,"parent":14514,"menu_order":339,"comment_status":"closed","ping_status":"closed","template":"","meta":{"footnotes":""},"class_list":["post-43177","page","type-page","status-publish","has-post-thumbnail"],"_links":{"self":[{"href":"https:\/\/www.sisinternational.com\/pt\/wp-json\/wp\/v2\/pages\/43177","targetHints":{"allow":["GET"]}}],"collection":[{"href":"https:\/\/www.sisinternational.com\/pt\/wp-json\/wp\/v2\/pages"}],"about":[{"href":"https:\/\/www.sisinternational.com\/pt\/wp-json\/wp\/v2\/types\/page"}],"author":[{"embeddable":true,"href":"https:\/\/www.sisinternational.com\/pt\/wp-json\/wp\/v2\/users\/1"}],"replies":[{"embeddable":true,"href":"https:\/\/www.sisinternational.com\/pt\/wp-json\/wp\/v2\/comments?post=43177"}],"version-history":[{"count":11,"href":"https:\/\/www.sisinternational.com\/pt\/wp-json\/wp\/v2\/pages\/43177\/revisions"}],"predecessor-version":[{"id":80477,"href":"https:\/\/www.sisinternational.com\/pt\/wp-json\/wp\/v2\/pages\/43177\/revisions\/80477"}],"up":[{"embeddable":true,"href":"https:\/\/www.sisinternational.com\/pt\/wp-json\/wp\/v2\/pages\/14514"}],"wp:featuredmedia":[{"embeddable":true,"href":"https:\/\/www.sisinternational.com\/pt\/wp-json\/wp\/v2\/media\/67293"}],"wp:attachment":[{"href":"https:\/\/www.sisinternational.com\/pt\/wp-json\/wp\/v2\/media?parent=43177"}],"curies":[{"name":"wp","href":"https:\/\/api.w.org\/{rel}","templated":true}]}}