{"id":43137,"date":"2023-08-21T16:56:11","date_gmt":"2023-08-21T20:56:11","guid":{"rendered":"https:\/\/www.sisinternational.com\/?page_id=43137"},"modified":"2026-02-15T16:49:52","modified_gmt":"2026-02-15T21:49:52","slug":"pesquisa-de-mercado-de-rebranding-de-hoteis","status":"publish","type":"page","link":"https:\/\/www.sisinternational.com\/pt\/pericia\/pesquisa-de-mercado-de-rebranding-de-hoteis\/","title":{"rendered":"Pesquisa de mercado de reformula\u00e7\u00e3o de marca de hot\u00e9is"},"content":{"rendered":"<h1 class=\"wp-block-heading\">Pesquisa de mercado de reformula\u00e7\u00e3o de marca de hot\u00e9is<\/h1>\n\n\n\n<figure class=\"gb-block-image gb-block-image-f1da408e\"><img loading=\"lazy\" decoding=\"async\" width=\"1456\" height=\"816\" class=\"gb-image gb-image-f1da408e\" src=\"https:\/\/www.sisinternational.com\/wp-content\/uploads\/2025\/08\/Hotel-furniture-11.jpg\" alt=\"Pesquisa e Estrat\u00e9gia de Mercado Internacional da SIS\" title=\"Hotel furniture (11)\" srcset=\"https:\/\/www.sisinternational.com\/wp-content\/uploads\/2025\/08\/Hotel-furniture-11.jpg 1456w, https:\/\/www.sisinternational.com\/wp-content\/uploads\/2025\/08\/Hotel-furniture-11-300x168.jpg 300w, https:\/\/www.sisinternational.com\/wp-content\/uploads\/2025\/08\/Hotel-furniture-11-1024x574.jpg 1024w, https:\/\/www.sisinternational.com\/wp-content\/uploads\/2025\/08\/Hotel-furniture-11-768x430.jpg 768w, https:\/\/www.sisinternational.com\/wp-content\/uploads\/2025\/08\/Hotel-furniture-11-18x10.jpg 18w\" sizes=\"auto, (max-width: 1456px) 100vw, 1456px\"><\/figure>\n\n\n\n<p><\/p>\n\n\n\n<hr class=\"wp-block-separator has-alpha-channel-opacity is-style-dots\"\/>\n\n\n\n<p>A reformula\u00e7\u00e3o da marca de um hotel \u00e9 mais do que um logotipo redesenhado; \u00e9 uma transforma\u00e7\u00e3o estrat\u00e9gica para tornar a marca mais competitiva e atrativa para seus consumidores. \u00c9 a\u00ed que surge o papel cr\u00edtico da pesquisa de mercado de rebranding de hot\u00e9is.<\/p>\n\n\n\n<p>A pesquisa de mercado de rebranding de hot\u00e9is ajuda as empresas globais a modernizar a marca e atingir um novo p\u00fablico com um redesenho que lhes permite ficar em sintonia com as atualiza\u00e7\u00f5es do mercado.<\/p>\n\n\n\n<h2 class=\"wp-block-heading\">Por que a pesquisa de mercado de rebranding de hot\u00e9is \u00e9 t\u00e3o importante?<\/h2>\n\n\n\n<figure class=\"gb-block-image gb-block-image-ed76ab28\"><img loading=\"lazy\" decoding=\"async\" width=\"1456\" height=\"816\" class=\"gb-image gb-image-ed76ab28\" src=\"https:\/\/www.sisinternational.com\/wp-content\/uploads\/2025\/08\/hotel-24.jpg\" alt=\"Pesquisa e Estrat\u00e9gia de Mercado Internacional da SIS\" title=\"hotel (24)\" srcset=\"https:\/\/www.sisinternational.com\/wp-content\/uploads\/2025\/08\/hotel-24.jpg 1456w, https:\/\/www.sisinternational.com\/wp-content\/uploads\/2025\/08\/hotel-24-300x168.jpg 300w, https:\/\/www.sisinternational.com\/wp-content\/uploads\/2025\/08\/hotel-24-1024x574.jpg 1024w, https:\/\/www.sisinternational.com\/wp-content\/uploads\/2025\/08\/hotel-24-768x430.jpg 768w, https:\/\/www.sisinternational.com\/wp-content\/uploads\/2025\/08\/hotel-24-18x10.jpg 18w\" sizes=\"auto, (max-width: 1456px) 100vw, 1456px\"><\/figure>\n\n\n\n<p><\/p>\n\n\n\n<p>O rebranding de um hotel \u00e9 uma transforma\u00e7\u00e3o estrat\u00e9gica que procura alinhar a identidade de um hotel com a din\u00e2mica atual do mercado, as aspira\u00e7\u00f5es futuras e a evolu\u00e7\u00e3o das expectativas dos h\u00f3spedes.<\/p>\n\n\n\n<p>However, beneath this transformation lies several considerations, risks, and opportunities, each of which holds the power to shape the trajectory and outcome of the rebranding endeavor. This is where hotel <a class=\"wpil_keyword_link\" href=\"https:\/\/www.sisinternational.com\/pt\/solucoes\/solucoes-de-branding-e-pesquisa-de-clientes\/pesquisa-de-mercado-de-reformulacao-da-marca\/\" title=\"Pesquisa de mercado de reformula\u00e7\u00e3o da marca\" data-wpil-keyword-link=\"linked\" data-wpil-monitor-id=\"336\">pesquisa de mercado de reformula\u00e7\u00e3o da marca<\/a> becomes an irreplaceable resource to take into account before making any modifications to the brand.<\/p>\n\n\n\n<p>Some of the elements that make hotel <a href=\"https:\/\/www.sisinternational.com\/pt\/pericia\/industrias\/pesquisa-de-mercado-de-reformulacao-de-marca-de-motocicleta\/\" title=\"Pesquisa de mercado de reformula\u00e7\u00e3o de marca de motocicleta\" data-wpil-monitor-id=\"4700\">pesquisa de mercado de reformula\u00e7\u00e3o da marca<\/a> an indispensable tool include:<\/p>\n\n\n\n<ul class=\"wp-block-list\">\n<li><strong>Mudan\u00e7as demogr\u00e1ficas:<\/strong> As the generational composition of travelers changes, so do their preferences, values, and expectations. <a href=\"https:\/\/www.sisinternational.com\/pt\/pericia\/industrias\/pesquisa-de-mercado-de-moveis-para-hoteis\/\" title=\"Pesquisa de mercado de m\u00f3veis para hot\u00e9is\" data-wpil-monitor-id=\"7202\">Hotel rebranding market research<\/a> provides valuable perspectives into these evolving dynamics, ensuring that rebranding resonates with both existing and emerging customer segments.<\/li>\n\n\n\n<li><strong>Loop de feedback:<\/strong> H\u00f3spedes anteriores fornecem feedback valioso sobre o que gostaram e o que sentiram que faltou em sua experi\u00eancia no hotel. Esse feedback se torna a base sobre a qual as estrat\u00e9gias de rebranding s\u00e3o formuladas na pesquisa de mercado.<\/li>\n\n\n\n<li><strong>Posicionamento:<\/strong> Understanding where the hotel currently stands in the market compared to competitors is crucial. <a href=\"https:\/\/www.sisinternational.com\/pt\/solucoes\/consultoria-em-hotelaria-e-turismo-em-viagens\/reformulacao-da-marca-do-hotel-boutique\/\" title=\"Rebranding de hot\u00e9is boutique\" data-wpil-monitor-id=\"2904\">hotel<\/a> rebranding market research can also spotlight areas where competitors are underperforming, providing an opportunity for the hotel to fill those gaps through its rebranding efforts.<\/li>\n\n\n\n<li><strong>Tomada de decis\u00e3o informada:<\/strong> Rather than relying on intuition, decisions backed by concrete data minimize risks of missteps or oversights during the rebranding process. <\/li>\n\n\n\n<li><strong>Prioriza\u00e7\u00e3o:<\/strong> A pesquisa de mercado de rebranding de hot\u00e9is ajuda a definir prioridades claras, garantindo que os elementos mais impactantes do processo de rebranding sejam abordados primeiro. Compreender quais aspectos da marca precisam de grandes revis\u00f5es e quais requerem pequenos ajustes garante que os recursos sejam alocados de maneira ideal.<\/li>\n\n\n\n<li><strong>Consist\u00eancia:<\/strong> Uma pesquisa abrangente de mercado de rebranding de hot\u00e9is garante que todos os elementos do rebranding, desde elementos visuais at\u00e9 experi\u00eancias dos h\u00f3spedes, transmitam uma mensagem de marca consistente e coesa.<\/li>\n<\/ul>\n\n\n\n<p><\/p>","protected":false},"excerpt":{"rendered":"<p>O rebranding de um hotel \u00e9 uma transforma\u00e7\u00e3o estrat\u00e9gica que alinha a identidade de um hotel com a din\u00e2mica do mercado, aspira\u00e7\u00f5es e expectativas dos h\u00f3spedes.<\/p>","protected":false},"author":1,"featured_media":63584,"parent":14514,"menu_order":330,"comment_status":"closed","ping_status":"closed","template":"","meta":{"footnotes":""},"class_list":["post-43137","page","type-page","status-publish","has-post-thumbnail"],"_links":{"self":[{"href":"https:\/\/www.sisinternational.com\/pt\/wp-json\/wp\/v2\/pages\/43137","targetHints":{"allow":["GET"]}}],"collection":[{"href":"https:\/\/www.sisinternational.com\/pt\/wp-json\/wp\/v2\/pages"}],"about":[{"href":"https:\/\/www.sisinternational.com\/pt\/wp-json\/wp\/v2\/types\/page"}],"author":[{"embeddable":true,"href":"https:\/\/www.sisinternational.com\/pt\/wp-json\/wp\/v2\/users\/1"}],"replies":[{"embeddable":true,"href":"https:\/\/www.sisinternational.com\/pt\/wp-json\/wp\/v2\/comments?post=43137"}],"version-history":[{"count":10,"href":"https:\/\/www.sisinternational.com\/pt\/wp-json\/wp\/v2\/pages\/43137\/revisions"}],"predecessor-version":[{"id":82701,"href":"https:\/\/www.sisinternational.com\/pt\/wp-json\/wp\/v2\/pages\/43137\/revisions\/82701"}],"up":[{"embeddable":true,"href":"https:\/\/www.sisinternational.com\/pt\/wp-json\/wp\/v2\/pages\/14514"}],"wp:featuredmedia":[{"embeddable":true,"href":"https:\/\/www.sisinternational.com\/pt\/wp-json\/wp\/v2\/media\/63584"}],"wp:attachment":[{"href":"https:\/\/www.sisinternational.com\/pt\/wp-json\/wp\/v2\/media?parent=43137"}],"curies":[{"name":"wp","href":"https:\/\/api.w.org\/{rel}","templated":true}]}}