{"id":43119,"date":"2023-08-21T12:58:19","date_gmt":"2023-08-21T16:58:19","guid":{"rendered":"https:\/\/www.sisinternational.com\/?page_id=43119"},"modified":"2026-03-25T01:20:43","modified_gmt":"2026-03-25T05:20:43","slug":"pesquisa-sensorial-de-alimentos-pesquisa-de-mercado","status":"publish","type":"page","link":"https:\/\/www.sisinternational.com\/pt\/solucoes\/pesquisa-de-mercado-da-industria-de-bebidas-alimenticias\/pesquisa-sensorial-de-alimentos-pesquisa-de-mercado\/","title":{"rendered":"Pesquisa de mercado de pesquisa sensorial de alimentos e bebidas"},"content":{"rendered":"<h1 class=\"wp-block-heading\">Pesquisa de mercado sensorial de alimentos e bebidas<\/h1>\n\n\n\n<figure class=\"gb-block-image gb-block-image-ff47fa21\"><img loading=\"lazy\" decoding=\"async\" width=\"1456\" height=\"816\" class=\"gb-image gb-image-ff47fa21\" src=\"https:\/\/www.sisinternational.com\/wp-content\/uploads\/2025\/08\/Food-taste-testing-5.jpg\" alt=\"Pesquisa e Estrat\u00e9gia de Mercado Internacional da SIS\" title=\"Food taste testing (5)\" srcset=\"https:\/\/www.sisinternational.com\/wp-content\/uploads\/2025\/08\/Food-taste-testing-5.jpg 1456w, https:\/\/www.sisinternational.com\/wp-content\/uploads\/2025\/08\/Food-taste-testing-5-300x168.jpg 300w, https:\/\/www.sisinternational.com\/wp-content\/uploads\/2025\/08\/Food-taste-testing-5-1024x574.jpg 1024w, https:\/\/www.sisinternational.com\/wp-content\/uploads\/2025\/08\/Food-taste-testing-5-768x430.jpg 768w, https:\/\/www.sisinternational.com\/wp-content\/uploads\/2025\/08\/Food-taste-testing-5-18x10.jpg 18w\" sizes=\"auto, (max-width: 1456px) 100vw, 1456px\"><\/figure>\n\n\n\n<p><\/p>\n\n\n\n<p>A pesquisa de mercado sobre an\u00e1lise sensorial de alimentos e bebidas \u00e9 uma ferramenta essencial para pesquisadores de mercado, fazendo a ponte entre os atributos do produto e a percep\u00e7\u00e3o do consumidor.<\/p>\n\n\n\n<p>Esta t\u00e9cnica de pesquisa investiga profundamente a experi\u00eancia sensorial proporcionada pelos produtos alimentares, analisando aspectos como sabor, aroma, textura e apar\u00eancia \u2013 e com uma base de consumidores em constante evolu\u00e7\u00e3o e r\u00e1pidas mudan\u00e7as nas prefer\u00eancias alimentares, a confian\u00e7a na pesquisa de mercado de alimentos e bebidas nunca foi t\u00e3o crucial.<\/p>\n\n\n\n<h2 class=\"wp-block-heading\">Vis\u00e3o geral da pesquisa de mercado sensorial de alimentos e bebidas<\/h2>\n\n\n\n<p>A an\u00e1lise sensorial \u00e9 a disciplina cient\u00edfica que evoca, mede, analisa e interpreta as respostas humanas \u00e0s caracter\u00edsticas dos alimentos e materiais conforme s\u00e3o percebidas pelos sentidos da vis\u00e3o, olfato, paladar, tato e audi\u00e7\u00e3o. Sua aplica\u00e7\u00e3o \u00e9 abrangente, abrangendo desde as etapas de desenvolvimento do produto at\u00e9 as avalia\u00e7\u00f5es p\u00f3s-lan\u00e7amento, garantindo que o produto aliment\u00edcio esteja alinhado \u00e0s expectativas do consumidor.<\/p>\n\n\n\n<p>Historicamente, a primeira apar\u00eancia de an\u00e1lise sensorial remonta a civiliza\u00e7\u00f5es antigas, onde a sele\u00e7\u00e3o de alimentos era baseada principalmente em atributos sensoriais. No entanto, foi somente no s\u00e9culo 20 que a an\u00e1lise sensorial come\u00e7ou a assumir uma forma estruturada. Com a ascens\u00e3o dos bens de consumo e a industrializa\u00e7\u00e3o da ind\u00fastria alimentar, tornou-se uma necessidade absoluta compreender e quantificar as prefer\u00eancias dos consumidores para oferecer produtos cada vez melhores ao mercado.<\/p>\n\n\n\n<p>Currently, <a href=\"https:\/\/www.sisinternational.com\/pt\/solucoes\/pesquisa-de-mercado-de-alimentos-qsr\/\" title=\"Pesquisa de mercado de alimentos QSR\"  data-wpil-monitor-id=\"2306\">food and beverage market research<\/a> has become a highly sophisticated discipline \u2013 and as the global food market grows increasingly competitive, the spotlight on sensory analysis becomes brighter, marking its significance not just as a research tool, but as a vital component in a brand&#8217;s success strategy.<\/p>\n\n\n\n<h2 class=\"wp-block-heading\">A import\u00e2ncia da pesquisa de mercado sensorial de alimentos e bebidas hoje<\/h2>\n\n\n\n<figure class=\"gb-block-image gb-block-image-929ede74\"><img loading=\"lazy\" decoding=\"async\" width=\"1456\" height=\"816\" class=\"gb-image gb-image-929ede74\" src=\"https:\/\/www.sisinternational.com\/wp-content\/uploads\/2025\/08\/Food-taste-testing-3.jpg\" alt=\"Pesquisa e Estrat\u00e9gia de Mercado Internacional da SIS\" title=\"Food taste testing (3)\" srcset=\"https:\/\/www.sisinternational.com\/wp-content\/uploads\/2025\/08\/Food-taste-testing-3.jpg 1456w, https:\/\/www.sisinternational.com\/wp-content\/uploads\/2025\/08\/Food-taste-testing-3-300x168.jpg 300w, https:\/\/www.sisinternational.com\/wp-content\/uploads\/2025\/08\/Food-taste-testing-3-1024x574.jpg 1024w, https:\/\/www.sisinternational.com\/wp-content\/uploads\/2025\/08\/Food-taste-testing-3-768x430.jpg 768w, https:\/\/www.sisinternational.com\/wp-content\/uploads\/2025\/08\/Food-taste-testing-3-18x10.jpg 18w\" sizes=\"auto, (max-width: 1456px) 100vw, 1456px\"><\/figure>\n\n\n\n<p><\/p>\n\n\n\n<p>Understanding and satisfying consumer demands is a requirement in the competitive marketplace of the food industry. Therefore, food and beverage <a class=\"wpil_keyword_link\" href=\"https:\/\/www.sisinternational.com\/pt\/pericia\/industrias\/pesquisa-de-mercado-sensorial-2\/\"   title=\"Pesquisa de mercado sensorial\" data-wpil-keyword-link=\"linked\"  data-wpil-monitor-id=\"338\">pesquisa de mercado sensorial<\/a> has become a cornerstone of modern business strategies, ensuring alignment between product offerings and consumer expectations.<\/p>\n\n\n\n<p>Entre as vantagens mais significativas que traz \u00e0s empresas est\u00e3o as seguintes:<\/p>\n\n\n\n<ul class=\"wp-block-list\">\n<li><strong>Insights detalhados do consumidor:<\/strong> Today\u2019s consumers are not just concerned with the basic attributes of taste and texture. They are also heavily influenced by elements such as aroma, appearance, and even the sound of the food product. <a href=\"https:\/\/www.sisinternational.com\/pt\/pericia\/industrias\/pesquisa-de-mercado-de-alimentos-congelados\/\" title=\"Pesquisa de mercado de alimentos congelados\"  data-wpil-monitor-id=\"3116\">Food and beverage market research<\/a> helps companies understand these elements, offering insights that are often intangible and complex to enable brands to craft products that resonate deeply with their target audience.<\/li>\n\n\n\n<li><strong>Diferencia\u00e7\u00e3o Competitiva:<\/strong> O mercado de alimentos est\u00e1 inundado com uma variedade de produtos similares. A an\u00e1lise sensorial fornece um diferenciador que permite \u00e0s empresas identificar e ampliar atributos \u00fanicos do produto, conquistando uma posi\u00e7\u00e3o distinta no mercado. Ao acentuar estes diferenciais sensoriais, as marcas podem estabelecer uma vantagem competitiva, promovendo a lealdade e impulsionando compras repetidas.<\/li>\n\n\n\n<li><strong>Aumentando o valor da marca:<\/strong> Os consumidores tendem a associar experi\u00eancias sensoriais positivas \u00e0 qualidade da marca. Quando um produto cumpre consistentemente suas promessas sensoriais, aumenta o valor percebido da marca. Com o tempo, esta imagem de marca elevada pode gerar pre\u00e7os premium, aumentando a rentabilidade.<\/li>\n\n\n\n<li><strong>Mitiga\u00e7\u00e3o de riscos no desenvolvimento de novos produtos:<\/strong> O processo de lan\u00e7amento de um novo produto \u00e9 caro e arriscado. A an\u00e1lise sensorial atua como uma b\u00fassola, orientando o processo de desenvolvimento do produto e destacando poss\u00edveis armadilhas, reduzindo drasticamente o risco de falhas do produto p\u00f3s-lan\u00e7amento.<\/li>\n\n\n\n<li><strong>Ciclo de Feedback para Melhoria Cont\u00ednua:<\/strong> Consumer preferences evolve, influenced by factors like cultural shifts, dietary trends, and innovations in food technology. Thus, <a href=\"https:\/\/www.sisinternational.com\/pt\/pericia\/industrias\/pesquisa-de-mercado-de-franquias-de-fast-food\/\" title=\"Pesquisa de mercado de franquia de fast food\"  data-wpil-monitor-id=\"3995\">food and beverage sensory analysis market research<\/a> offers an ongoing feedback mechanism, allowing businesses to adapt and evolve in tandem with market dynamics.<\/li>\n<\/ul>\n\n\n\n<h2 class=\"wp-block-heading\">Tend\u00eancias globais na pesquisa de mercado sensorial de alimentos e bebidas<\/h2>\n\n\n\n<p>O <a href=\"https:\/\/www.sisinternational.com\/pt\/pericia\/industrias\/pesquisa-de-mercado-de-perda-de-peso-de-alimentos-dieteticos\/\" title=\"Pesquisa de mercado de alimentos diet\u00e9ticos e perda de peso\"  data-wpil-monitor-id=\"5656\">food and beverage sensory market research<\/a> domain has experienced significant evolution over the years, propelled by technological advancements, changing consumer behaviors, and the intensified competitive landscape in the food industry \u2013 and some of the most notorious market trends are:<\/p>\n\n\n\n<ul class=\"wp-block-list\">\n<li><strong>IA e aprendizado de m\u00e1quina:<\/strong> Estas tecnologias s\u00e3o cada vez mais utilizadas para analisar grandes quantidades de dados sensoriais, identificar padr\u00f5es \u2013 e at\u00e9 prever as prefer\u00eancias dos consumidores com base em dados hist\u00f3ricos.<\/li>\n\n\n\n<li><strong>Perfil sensorial personalizado:<\/strong> With the rise of personalized nutrition and wellness trends, brands are leveraging <a href=\"https:\/\/www.sisinternational.com\/pt\/pericia\/industrias\/pesquisa-de-mercado-da-marca\/\" title=\"Pesquisa de mercado da marca\"  data-wpil-monitor-id=\"7089\">food and beverage market research<\/a> to craft products tailored to niche market segments \u2013 or even individual preferences.<\/li>\n\n\n\n<li><strong>Experi\u00eancias sensoriais hol\u00edsticas:<\/strong> Al\u00e9m do sabor e da textura, as marcas est\u00e3o enfatizando toda a experi\u00eancia sensorial, considerando fatores como a est\u00e9tica da embalagem, os sons \u2013 e at\u00e9 mesmo a experi\u00eancia t\u00e1til de manuseio de um produto.<\/li>\n\n\n\n<li><strong>Sustentabilidade e An\u00e1lise Sensorial:<\/strong> As sustainability becomes a major consumer demand, <a href=\"https:\/\/www.sisinternational.com\/pt\/pericia\/industrias\/pesquisa-de-mercado-de-alimentos-e-bebidas-para-jantar\/\" title=\"Pesquisa de mercado de alimentos e bebidas para jantares\"  data-wpil-monitor-id=\"7165\">food and beverage market research<\/a> is increasingly ensuring that its products are eco-friendly and meet consumer sensory expectations.<\/li>\n\n\n\n<li><strong>Paladar Globalizados e Pain\u00e9is Sensoriais Regionais:<\/strong> \u00c0 medida que o com\u00e9rcio e as viagens globais exp\u00f5em os consumidores a uma infinidade de experi\u00eancias culin\u00e1rias, as marcas globais est\u00e3o a criar pain\u00e9is sensoriais regionais para garantir que os atributos dos produtos se alinhem com os gostos locais e as nuances culturais.<\/li>\n\n\n\n<li><strong>Integra\u00e7\u00e3o com T\u00e9cnicas Neurocient\u00edficas:<\/strong> A neurogastronomia est\u00e1 ganhando for\u00e7a e as marcas est\u00e3o explorando a integra\u00e7\u00e3o desse conhecimento para melhor integrar-se \u00e0s respostas de seus consumidores e compreender a resposta do c\u00e9rebro a diferentes est\u00edmulos alimentares.<\/li>\n\n\n\n<li><strong>Foco na sa\u00fade e bem-estar:<\/strong> With health and wellness trends at the forefront, food sensory <a href=\"https:\/\/www.sisinternational.com\/pt\/solucoes\/solucoes-de-pesquisa-quantitativa-qualitativa\/pesquisa-de-mercado-de-analise-de-cluster\/\" title=\"Pesquisa de mercado de an\u00e1lise de cluster\"  data-wpil-monitor-id=\"7045\">analysis market research<\/a> is being used to reformulate products, reducing sugar, salt, or fat without compromising on taste and overall sensory appeal.<\/li>\n\n\n\n<li><strong>Ascens\u00e3o de categorias de produtos n\u00e3o tradicionais:<\/strong> Com o boom de alimentos alternativos, como carnes cultivadas em laborat\u00f3rio ou prote\u00ednas de insetos, a an\u00e1lise sensorial desempenha um papel fundamental para garantir que estes novos produtos se alinhem com as expectativas sensoriais do consumidor.<\/li>\n<\/ul>\n\n\n\n<h2 class=\"wp-block-heading\">Oportunidades e desafios na pesquisa de mercado sensorial de alimentos e bebidas<\/h2>\n\n\n\n<figure class=\"gb-block-image gb-block-image-fced0f21\"><img loading=\"lazy\" decoding=\"async\" width=\"1456\" height=\"816\" class=\"gb-image gb-image-fced0f21\" src=\"https:\/\/www.sisinternational.com\/wp-content\/uploads\/2025\/08\/Food-taste-testing-20.jpg\" alt=\"Pesquisa e Estrat\u00e9gia de Mercado Internacional da SIS\" title=\"Food taste testing (20)\" srcset=\"https:\/\/www.sisinternational.com\/wp-content\/uploads\/2025\/08\/Food-taste-testing-20.jpg 1456w, https:\/\/www.sisinternational.com\/wp-content\/uploads\/2025\/08\/Food-taste-testing-20-300x168.jpg 300w, https:\/\/www.sisinternational.com\/wp-content\/uploads\/2025\/08\/Food-taste-testing-20-1024x574.jpg 1024w, https:\/\/www.sisinternational.com\/wp-content\/uploads\/2025\/08\/Food-taste-testing-20-768x430.jpg 768w, https:\/\/www.sisinternational.com\/wp-content\/uploads\/2025\/08\/Food-taste-testing-20-18x10.jpg 18w\" sizes=\"auto, (max-width: 1456px) 100vw, 1456px\"><\/figure>\n\n\n\n<p><\/p>\n\n\n\n<p>O cen\u00e1rio em mudan\u00e7a da ind\u00fastria aliment\u00edcia proporcionou um estudo de mercado de an\u00e1lise sensorial de alimentos com desafios e oportunidades. Estas din\u00e2micas moldam as estrat\u00e9gias e metodologias que as empresas adotam, orientando a sua jornada rumo ao sucesso e \u00e0 inova\u00e7\u00e3o.<\/p>\n\n\n\n<h3 class=\"wp-block-heading\">Oportunidades:<\/h3>\n\n\n\n<ul class=\"wp-block-list\">\n<li><strong>Avan\u00e7os tecnol\u00f3gicos:<\/strong> Com a ascens\u00e3o da IA, da aprendizagem autom\u00e1tica e de outras ferramentas anal\u00edticas avan\u00e7adas, as empresas t\u00eam uma oportunidade sem precedentes de obter insights mais profundos a partir de dados sensoriais, prever as prefer\u00eancias dos consumidores e agilizar os processos de desenvolvimento de produtos.<\/li>\n\n\n\n<li><strong>Expans\u00e3o do mercado globalizado:<\/strong> Brands expanding into new international <a href=\"https:\/\/www.sisinternational.com\/pt\/solucoes\/pesquisa-de-mercado-da-industria-de-bebidas-alimenticias\/pesquisa-de-mercado-de-bebidas-prontas-para-beber-idt\/\" title=\"Pesquisa de mercado de bebidas prontas para beber (RTD)\"  data-wpil-monitor-id=\"11494\">markets can leverage food and beverage market research<\/a> to adapt products to local tastes and preferences, ensuring successful market entry and consumer acceptance.<\/li>\n\n\n\n<li><strong>Inova\u00e7\u00f5es de produtos voltadas para o consumidor:<\/strong> Com ciclos de feedback imediatos da an\u00e1lise sensorial, as empresas podem iterar e inovar rapidamente, adaptando os produtos \u00e0s crescentes demandas dos consumidores.<\/li>\n\n\n\n<li><strong>Sustentabilidade e Foco na Sa\u00fade:<\/strong> A an\u00e1lise sensorial pode ajudar na cria\u00e7\u00e3o de produtos que sejam sustent\u00e1veis e centrados na sa\u00fade, garantindo que, embora os produtos sejam ecol\u00f3gicos ou mais saud\u00e1veis, n\u00e3o comprometem o sabor ou o apelo sensorial.<\/li>\n\n\n\n<li><strong>Integra\u00e7\u00e3o com outros fluxos de dados:<\/strong> Os dados sensoriais, quando integrados com outros mecanismos de feedback do consumidor, como an\u00e1lises online ou dados de vendas, podem oferecer uma vis\u00e3o de 360 graus do desempenho do produto.<\/li>\n<\/ul>\n\n\n\n<h3 class=\"wp-block-heading\">Desafios:<\/h3>\n\n\n\n<ul class=\"wp-block-list\">\n<li><strong>Mantendo a consist\u00eancia do painel:<\/strong> Garantir que os pain\u00e9is sensoriais permane\u00e7am consistentes e imparciais ao longo do tempo pode ser um desafio, exigindo treinamento e calibra\u00e7\u00e3o cont\u00ednuos.<\/li>\n\n\n\n<li><strong>Altos custos:<\/strong> T\u00e9cnicas e ferramentas sensoriais avan\u00e7adas, especialmente aquelas que envolvem tecnologia ou equipamentos especializados, podem ser caras para as pequenas empresas.<\/li>\n\n\n\n<li><strong>Prefer\u00eancias do consumidor em r\u00e1pida evolu\u00e7\u00e3o:<\/strong> O ritmo a que as prefer\u00eancias dos consumidores mudam, influenciado por fatores como as redes sociais e as tend\u00eancias globais, representa um desafio para as empresas que tentam manter-se \u00e0 frente da curva.<\/li>\n\n\n\n<li><strong>Nuances Culturais e Regionais:<\/strong> Para as marcas globais, compreender e atender \u00e0s intrincadas prefer\u00eancias sensoriais culturais e regionais pode ser complexo e requer um conhecimento profundo do mercado, apesar dos avan\u00e7os tecnol\u00f3gicos e da evolu\u00e7\u00e3o das t\u00e9cnicas de recolha de dados.<\/li>\n<\/ul>","protected":false},"excerpt":{"rendered":"<p>A Pesquisa de Mercado Sensorial de Alimentos e Bebidas \u00e9 o estudo cient\u00edfico de como os humanos respondem aos alimentos e materiais com base em seus sentidos.<\/p>","protected":false},"author":1,"featured_media":64708,"parent":22018,"menu_order":328,"comment_status":"closed","ping_status":"closed","template":"","meta":{"footnotes":""},"class_list":["post-43119","page","type-page","status-publish","has-post-thumbnail"],"_links":{"self":[{"href":"https:\/\/www.sisinternational.com\/pt\/wp-json\/wp\/v2\/pages\/43119","targetHints":{"allow":["GET"]}}],"collection":[{"href":"https:\/\/www.sisinternational.com\/pt\/wp-json\/wp\/v2\/pages"}],"about":[{"href":"https:\/\/www.sisinternational.com\/pt\/wp-json\/wp\/v2\/types\/page"}],"author":[{"embeddable":true,"href":"https:\/\/www.sisinternational.com\/pt\/wp-json\/wp\/v2\/users\/1"}],"replies":[{"embeddable":true,"href":"https:\/\/www.sisinternational.com\/pt\/wp-json\/wp\/v2\/comments?post=43119"}],"version-history":[{"count":13,"href":"https:\/\/www.sisinternational.com\/pt\/wp-json\/wp\/v2\/pages\/43119\/revisions"}],"predecessor-version":[{"id":85102,"href":"https:\/\/www.sisinternational.com\/pt\/wp-json\/wp\/v2\/pages\/43119\/revisions\/85102"}],"up":[{"embeddable":true,"href":"https:\/\/www.sisinternational.com\/pt\/wp-json\/wp\/v2\/pages\/22018"}],"wp:featuredmedia":[{"embeddable":true,"href":"https:\/\/www.sisinternational.com\/pt\/wp-json\/wp\/v2\/media\/64708"}],"wp:attachment":[{"href":"https:\/\/www.sisinternational.com\/pt\/wp-json\/wp\/v2\/media?parent=43119"}],"curies":[{"name":"wp","href":"https:\/\/api.w.org\/{rel}","templated":true}]}}