{"id":43115,"date":"2023-08-21T12:25:23","date_gmt":"2023-08-21T16:25:23","guid":{"rendered":"https:\/\/www.sisinternational.com\/?page_id=43115"},"modified":"2026-01-26T16:50:56","modified_gmt":"2026-01-26T21:50:56","slug":"pesquisa-de-mercado-de-petroleo-bruto","status":"publish","type":"page","link":"https:\/\/www.sisinternational.com\/pt\/pericia\/pesquisa-de-mercado-de-petroleo-bruto\/","title":{"rendered":"Pesquisa de mercado de petr\u00f3leo bruto"},"content":{"rendered":"<h1 class=\"wp-block-heading\">Pesquisa de mercado de petr\u00f3leo bruto<\/h1>\n\n\n\n<figure class=\"gb-block-image gb-block-image-e77f2b9b\"><img loading=\"lazy\" decoding=\"async\" width=\"1456\" height=\"816\" class=\"gb-image gb-image-e77f2b9b\" src=\"https:\/\/www.sisinternational.com\/wp-content\/uploads\/2025\/08\/Crude-petroleum-6.jpg\" alt=\"Pesquisa e Estrat\u00e9gia de Mercado Internacional da SIS\" title=\"Crude petroleum (6)\" srcset=\"https:\/\/www.sisinternational.com\/wp-content\/uploads\/2025\/08\/Crude-petroleum-6.jpg 1456w, https:\/\/www.sisinternational.com\/wp-content\/uploads\/2025\/08\/Crude-petroleum-6-300x168.jpg 300w, https:\/\/www.sisinternational.com\/wp-content\/uploads\/2025\/08\/Crude-petroleum-6-1024x574.jpg 1024w, https:\/\/www.sisinternational.com\/wp-content\/uploads\/2025\/08\/Crude-petroleum-6-768x430.jpg 768w, https:\/\/www.sisinternational.com\/wp-content\/uploads\/2025\/08\/Crude-petroleum-6-18x10.jpg 18w\" sizes=\"auto, (max-width: 1456px) 100vw, 1456px\"><\/figure>\n\n\n\n<p><\/p>\n\n\n\n<p>O petr\u00f3leo bruto permanece como uma das mercadorias mais cr\u00edticas no cen\u00e1rio econ\u00f3mico global, influenciando tudo, desde os or\u00e7amentos nacionais at\u00e9 ao pre\u00e7o global na bomba de gasolina. As complexidades da oferta, da procura e dos pre\u00e7os influenciam a pol\u00edtica, as economias e as ind\u00fastrias globais. \u00c9 por isso que a investiga\u00e7\u00e3o do mercado do petr\u00f3leo bruto \u00e9 t\u00e3o significativa para o bom desenvolvimento da economia actual.<\/p>\n\n\n\n<h2 class=\"wp-block-heading\">Import\u00e2ncia da Pesquisa de Mercado de Petr\u00f3leo Bruto<\/h2>\n\n\n\n<p>Crude <a class=\"wpil_keyword_link\" href=\"https:\/\/www.sisinternational.com\/pt\/pericia\/industrias\/pesquisa-de-mercado-de-petroleo\/\"   title=\"Pesquisa de mercado de petr\u00f3leo\" data-wpil-keyword-link=\"linked\"  data-wpil-monitor-id=\"339\">pesquisa de mercado de petr\u00f3leo<\/a> aims to delve deep into the multifaceted world of oil, shedding light on its historical trajectory, current market scenarios, and the potential shifts awaiting the industry in the future.<\/p>\n\n\n\n<p>Tamb\u00e9m serve como \u00e2ncora, proporcionando clareza, previs\u00e3o e dire\u00e7\u00e3o. Veja por que essa pesquisa \u00e9 cr\u00edtica hoje em dia:<\/p>\n\n\n\n<ul class=\"wp-block-list\">\n<li><strong>Implica\u00e7\u00f5es Econ\u00f4micas:<\/strong> The prices and availability of <a href=\"https:\/\/www.sisinternational.com\/pt\/perspectivas-economicas-do-catar\/\" title=\"Perspectivas Econ\u00f4micas e Pesquisa de Mercado do Catar\"  data-wpil-monitor-id=\"3573\">pesquisa de mercado de petr\u00f3leo bruto<\/a> directly influence macroeconomic indicators such as inflation, trade balances, and foreign exchange reserves. It aids policymakers in crafting monetary and fiscal policies by forecasting oil price trajectories.<\/li>\n\n\n\n<li><strong>Planejamento Estrat\u00e9gico para Corpora\u00e7\u00f5es:<\/strong> Para entidades que operam na ind\u00fastria do petr\u00f3leo, uma pesquisa de mercado abrangente auxilia no posicionamento estrat\u00e9gico, na aloca\u00e7\u00e3o de capital e no planejamento operacional.<\/li>\n\n\n\n<li><strong>Mitiga\u00e7\u00e3o de riscos:<\/strong> A ind\u00fastria petrol\u00edfera est\u00e1 repleta de riscos, desde tens\u00f5es geopol\u00edticas nas principais regi\u00f5es produtoras de petr\u00f3leo at\u00e9 desafios ambientais. Uma pesquisa minuciosa do mercado do petr\u00f3leo bruto fornece informa\u00e7\u00f5es sobre potenciais perturba\u00e7\u00f5es, permitindo que empresas e governos elaborem planos de conting\u00eancia.<\/li>\n\n\n\n<li><strong>Decis\u00f5es de investimento:<\/strong> Investors rely on crude petroleum <a href=\"https:\/\/www.sisinternational.com\/pt\/solucoes\/solucoes-de-pesquisa-quantitativa-qualitativa\/discrete-choice-in-market-research\/\" title=\"Discrete Choice in Market Research\"  data-wpil-monitor-id=\"930\">market research to make informed investment choices<\/a>, gauge market sentiment, and assess potential returns and risks.<\/li>\n\n\n\n<li><strong>Insights tecnol\u00f3gicos e orientados para a inova\u00e7\u00e3o:<\/strong> Esta pesquisa fornece insights sobre tecnologias emergentes em extra\u00e7\u00e3o, refino e distribui\u00e7\u00e3o. As empresas podem assim alinhar as suas iniciativas de I&amp;D, inovar e manter uma vantagem competitiva.<\/li>\n\n\n\n<li><strong>Considera\u00e7\u00f5es ambientais e de sustentabilidade:<\/strong> \u00c0 medida que o mundo enfrenta as altera\u00e7\u00f5es clim\u00e1ticas, a investiga\u00e7\u00e3o do mercado do petr\u00f3leo bruto fornece informa\u00e7\u00f5es sobre os impactos ambientais da extrac\u00e7\u00e3o e utiliza\u00e7\u00e3o do petr\u00f3leo. Ajuda na an\u00e1lise de estrat\u00e9gias sustent\u00e1veis e no alinhamento com as metas ambientais globais.<\/li>\n\n\n\n<li><strong>Comportamento do Consumidor e Previs\u00e3o de Demanda:<\/strong> Ao analisar tend\u00eancias, prefer\u00eancias e padr\u00f5es de consumo, a pesquisa do mercado de petr\u00f3leo bruto auxilia na previs\u00e3o da demanda. Isso \u00e9 vital para gerenciamento de estoque, decis\u00f5es de produ\u00e7\u00e3o e estrat\u00e9gias de pre\u00e7os.<\/li>\n\n\n\n<li><strong>Conformidade regulat\u00f3ria e insights jur\u00eddicos:<\/strong> O sector petrol\u00edfero \u00e9 fortemente regulamentado \u2013 e uma pesquisa de mercado aprofundada oferece informa\u00e7\u00f5es sobre as mudan\u00e7as regulamentares, ajudando as entidades a permanecerem em conformidade e a evitarem repercuss\u00f5es legais.<\/li>\n\n\n\n<li><strong>Com\u00e9rcio global e din\u00e2mica de mercado:<\/strong> For nations and corporations engaged in international trade, understanding the crude petroleum market is essential. Crude petroleum <a href=\"https:\/\/www.sisinternational.com\/pt\/compreender-o-regime-de-comercio-de-emissoes-da-ue-um-relatorio-sis\/\" title=\"Pesquisa de mercado de com\u00e9rcio de emiss\u00f5es\"  data-wpil-monitor-id=\"1746\">market research provides insights into trade<\/a> flows, supply chains, and potential disruptions, ensuring seamless operations.<\/li>\n<\/ul>\n\n\n\n<h2 class=\"wp-block-heading\">Pesquisa de mercado de petr\u00f3leo bruto e seu cen\u00e1rio competitivo<\/h2>\n\n\n\n<figure class=\"gb-block-image gb-block-image-35529609\"><img loading=\"lazy\" decoding=\"async\" width=\"1456\" height=\"816\" class=\"gb-image gb-image-35529609\" src=\"https:\/\/www.sisinternational.com\/wp-content\/uploads\/2025\/08\/Crude-petroleum-2.jpg\" alt=\"Pesquisa e Estrat\u00e9gia de Mercado Internacional da SIS\" title=\"Crude petroleum (2)\" srcset=\"https:\/\/www.sisinternational.com\/wp-content\/uploads\/2025\/08\/Crude-petroleum-2.jpg 1456w, https:\/\/www.sisinternational.com\/wp-content\/uploads\/2025\/08\/Crude-petroleum-2-300x168.jpg 300w, https:\/\/www.sisinternational.com\/wp-content\/uploads\/2025\/08\/Crude-petroleum-2-1024x574.jpg 1024w, https:\/\/www.sisinternational.com\/wp-content\/uploads\/2025\/08\/Crude-petroleum-2-768x430.jpg 768w, https:\/\/www.sisinternational.com\/wp-content\/uploads\/2025\/08\/Crude-petroleum-2-18x10.jpg 18w\" sizes=\"auto, (max-width: 1456px) 100vw, 1456px\"><\/figure>\n\n\n\n<p><\/p>\n\n\n\n<p>O cen\u00e1rio competitivo da ind\u00fastria petrol\u00edfera \u00e9 marcado por uma combina\u00e7\u00e3o \u00fanica de entidades estatais e empresas multinacionais que partilham a sua influ\u00eancia sobre a din\u00e2mica petrol\u00edfera global.<\/p>\n\n\n\n<ul class=\"wp-block-list\">\n<li><strong>Empresas petrol\u00edferas nacionais estatais (NOCs):<\/strong> Estas entidades, muitas vezes controladas por na\u00e7\u00f5es ricas em petr\u00f3leo, det\u00eam uma parte significativa das reservas petrol\u00edferas globais. Exemplos proeminentes incluem a Saudi Aramco (Ar\u00e1bia Saudita), a National Iranian Oil Company (Ir\u00e3) e a PDVSA (Venezuela).<\/li>\n\n\n\n<li><strong>Principais empresas petrol\u00edferas internacionais:<\/strong> S\u00e3o gigantes do setor privado com opera\u00e7\u00f5es em v\u00e1rios continentes. Os exemplos incluem ExxonMobil, Royal Dutch Shell, BP e Chevron.<\/li>\n\n\n\n<li><strong>Cons\u00f3rcios:<\/strong> Grupos como a Organiza\u00e7\u00e3o dos Pa\u00edses Exportadores de Petr\u00f3leo (OPEP) t\u00eam um impacto significativo nos pre\u00e7os globais do petr\u00f3leo e nas quotas de produ\u00e7\u00e3o, atrav\u00e9s do controlo do fornecimento de petr\u00f3leo a n\u00edvel mundial, uma vez que a maioria dos pa\u00edses produtores est\u00e3o associados \u00e0 OPEP.<\/li>\n<\/ul>\n\n\n\n<h2 class=\"wp-block-heading\">Oportunidades e desafios da pesquisa de mercado de petr\u00f3leo bruto<\/h2>\n\n\n\n<p>O dom\u00ednio do petr\u00f3leo bruto \u00e9 complexo, influenciado por uma mir\u00edade de factores que abrangem complexidades geopol\u00edticas, avan\u00e7os tecnol\u00f3gicos e sa\u00fade econ\u00f3mica global.<\/p>\n\n\n\n<h3 class=\"wp-block-heading\">Oportunidades:<\/h3>\n\n\n\n<ul class=\"wp-block-list\">\n<li><strong>Insights baseados em dados:<\/strong> A ascens\u00e3o da an\u00e1lise de big data permite uma an\u00e1lise mais granular do mercado. As empresas podem explorar vastos bancos de dados para tomar decis\u00f5es mais bem informadas, otimizar estrat\u00e9gias e prever poss\u00edveis interrup\u00e7\u00f5es.<\/li>\n\n\n\n<li><strong>Explora\u00e7\u00e3o de mercados emergentes:<\/strong> \u00c0 medida que os mercados estabelecidos amadurecem, a investiga\u00e7\u00e3o oferece a oportunidade de identificar e compreender os mercados emergentes, abrindo caminhos para a expans\u00e3o e diversifica\u00e7\u00e3o dos neg\u00f3cios.<\/li>\n\n\n\n<li><strong>Mitiga\u00e7\u00e3o de Impacto Ambiental:<\/strong> \u00c0 medida que a narrativa global avan\u00e7a no sentido da sustentabilidade, a investiga\u00e7\u00e3o do mercado do petr\u00f3leo bruto pode identificar tecnologias e metodologias verdes que se alinhem com os mandatos ambientais, oferecendo vantagens competitivas.<\/li>\n<\/ul>\n\n\n\n<h3 class=\"wp-block-heading\">Desafios:<\/h3>\n\n\n\n<ul class=\"wp-block-list\">\n<li><strong>Sobrecarga de dados:<\/strong> Embora os dados ofere\u00e7am insights, o enorme volume e a complexidade das informa\u00e7\u00f5es dispon\u00edveis podem sobrecarregar os pesquisadores, levando potencialmente \u00e0 paralisia da an\u00e1lise ou a conclus\u00f5es equivocadas.<\/li>\n\n\n\n<li><strong>Cen\u00e1rio geopol\u00edtico vol\u00e1til:<\/strong> A natureza imprevis\u00edvel da pol\u00edtica global significa que mesmo a investiga\u00e7\u00e3o mais robusta pode tornar-se obsoleta devido a acontecimentos geopol\u00edticos s\u00fabitos, como a guerra na Ucr\u00e2nia ou conflitos pol\u00edticos com a R\u00fassia.<\/li>\n\n\n\n<li><strong>Preocupa\u00e7\u00f5es ambientais:<\/strong> \u00c0 medida que o mundo se concentra nas altera\u00e7\u00f5es clim\u00e1ticas, prever com precis\u00e3o o impacto de pol\u00edticas ambientais rigorosas e a mudan\u00e7a global para as energias renov\u00e1veis no mercado do petr\u00f3leo bruto torna-se uma tarefa complexa.<\/li>\n<\/ul>\n\n\n\n<h2 class=\"wp-block-heading\">Tend\u00eancias atuais na pesquisa de mercado de petr\u00f3leo bruto<\/h2>\n\n\n\n<figure class=\"gb-block-image gb-block-image-c6f6dbc0\"><img loading=\"lazy\" decoding=\"async\" width=\"1456\" height=\"816\" class=\"gb-image gb-image-c6f6dbc0\" src=\"https:\/\/www.sisinternational.com\/wp-content\/uploads\/2025\/08\/Crude-petroleum-5.jpg\" alt=\"Pesquisa e Estrat\u00e9gia de Mercado Internacional da SIS\" title=\"Crude petroleum (5)\" srcset=\"https:\/\/www.sisinternational.com\/wp-content\/uploads\/2025\/08\/Crude-petroleum-5.jpg 1456w, https:\/\/www.sisinternational.com\/wp-content\/uploads\/2025\/08\/Crude-petroleum-5-300x168.jpg 300w, https:\/\/www.sisinternational.com\/wp-content\/uploads\/2025\/08\/Crude-petroleum-5-1024x574.jpg 1024w, https:\/\/www.sisinternational.com\/wp-content\/uploads\/2025\/08\/Crude-petroleum-5-768x430.jpg 768w, https:\/\/www.sisinternational.com\/wp-content\/uploads\/2025\/08\/Crude-petroleum-5-18x10.jpg 18w\" sizes=\"auto, (max-width: 1456px) 100vw, 1456px\"><\/figure>\n\n\n\n<p><\/p>\n\n\n\n<p>Among the most important trends observed in the <a href=\"https:\/\/www.sisinternational.com\/pt\/pericia\/industrias\/pesquisa-de-mercado-de-plataformas-de-petroleo\/\" title=\"Pesquisa de mercado de plataformas petrol\u00edferas\"  data-wpil-monitor-id=\"3092\">oil industry market and its market research<\/a> are the following:<\/p>\n\n\n\n<ul class=\"wp-block-list\">\n<li><strong>Digitaliza\u00e7\u00e3o de Opera\u00e7\u00f5es:<\/strong> The digital revolution is changing <a href=\"https:\/\/www.sisinternational.com\/pt\/pericia\/industrias\/pesquisa-de-mercado-de-persona-digital\/\" title=\"Pesquisa de mercado de personalidade digital\"  data-wpil-monitor-id=\"6235\">pesquisa de mercado de petr\u00f3leo bruto<\/a> by integrating AI, IoT, and other digital tools into exploration, drilling, and distribution processes. Now, <a href=\"https:\/\/www.sisinternational.com\/pt\/pericia\/industrias\/pesquisa-de-mercado-com-mapa-de-calor\/\" title=\"Pesquisa de mercado com mapa de calor\"  data-wpil-monitor-id=\"3106\">market research seeks to map<\/a> the trajectory of this transformation and its potential ROI.<\/li>\n\n\n\n<li><strong>Diversifica\u00e7\u00e3o de Portf\u00f3lios Energ\u00e9ticos:<\/strong> \u00c0 medida que o mundo se orienta lentamente para as energias renov\u00e1veis, os principais conglomerados petrol\u00edferos est\u00e3o a diversificar os seus portef\u00f3lios. A investiga\u00e7\u00e3o do mercado do petr\u00f3leo bruto centra-se na avalia\u00e7\u00e3o do potencial destas fontes alternativas de energia e na previs\u00e3o das suas implica\u00e7\u00f5es para o futuro do mercado do petr\u00f3leo bruto.<\/li>\n\n\n\n<li><strong>Revolu\u00e7\u00e3o do \u00f3leo de xisto:<\/strong> O boom do xisto nos EUA perturbou a hierarquia petrol\u00edfera tradicional. Os investigadores est\u00e3o agora a explorar a sustentabilidade da produ\u00e7\u00e3o de xisto, as suas implica\u00e7\u00f5es econ\u00f3micas e o seu impacto a longo prazo nos pre\u00e7os e reservas globais do petr\u00f3leo.<\/li>\n<\/ul>\n\n\n\n<h2 class=\"wp-block-heading\">Pesquisa de mercado de petr\u00f3leo bruto: tend\u00eancias e proje\u00e7\u00f5es futuras<\/h2>\n\n\n\n<figure class=\"gb-block-image gb-block-image-64d3718b\"><img loading=\"lazy\" decoding=\"async\" width=\"1456\" height=\"816\" class=\"gb-image gb-image-64d3718b\" src=\"https:\/\/www.sisinternational.com\/wp-content\/uploads\/2025\/08\/Crude-petroleum-3.jpg\" alt=\"Pesquisa e Estrat\u00e9gia de Mercado Internacional da SIS\" title=\"Crude petroleum (3)\" srcset=\"https:\/\/www.sisinternational.com\/wp-content\/uploads\/2025\/08\/Crude-petroleum-3.jpg 1456w, https:\/\/www.sisinternational.com\/wp-content\/uploads\/2025\/08\/Crude-petroleum-3-300x168.jpg 300w, https:\/\/www.sisinternational.com\/wp-content\/uploads\/2025\/08\/Crude-petroleum-3-1024x574.jpg 1024w, https:\/\/www.sisinternational.com\/wp-content\/uploads\/2025\/08\/Crude-petroleum-3-768x430.jpg 768w, https:\/\/www.sisinternational.com\/wp-content\/uploads\/2025\/08\/Crude-petroleum-3-18x10.jpg 18w\" sizes=\"auto, (max-width: 1456px) 100vw, 1456px\"><\/figure>\n\n\n\n<p><\/p>\n\n\n\n<p>Sendo uma das ind\u00fastrias fundamentais da economia global, qualquer flutua\u00e7\u00e3o na sua trajet\u00f3ria repercute \u00e0 escala mundial. Isto torna o futuro da investiga\u00e7\u00e3o do mercado do petr\u00f3leo bruto uma pe\u00e7a indispens\u00e1vel para futuros projectos econ\u00f3micos.<\/p>\n\n\n\n<ul class=\"wp-block-list\">\n<li><strong>Transi\u00e7\u00e3o para energias renov\u00e1veis:<\/strong> As the urgency to combat climate change intensifies, there will be a broader push toward renewable energy sources. While petroleum&#8217;s role remains significant in the foreseeable future, its dominance might diminish as alternative <a href=\"https:\/\/www.sisinternational.com\/pt\/foi-com-o-vento-a-crise-financeira-e-a-energia-eolica\/\" title=\"E o Vento Levou? A crise financeira e a energia e\u00f3lica\"  data-wpil-monitor-id=\"4504\">energies like wind<\/a>, solar, and hydroelectric power become more mainstream.<\/li>\n\n\n\n<li><strong>T\u00e9cnicas Avan\u00e7adas de Explora\u00e7\u00e3o:<\/strong> As tecnologias de \u00faltima gera\u00e7\u00e3o, desde an\u00e1lises baseadas em IA at\u00e9 imagens s\u00edsmicas aprimoradas, ir\u00e3o refinar ainda mais a explora\u00e7\u00e3o. Isto promete a descoberta de novas reservas e uma extra\u00e7\u00e3o mais eficiente das existentes.<\/li>\n\n\n\n<li><strong>Mudan\u00e7as geopol\u00edticas:<\/strong> A tape\u00e7aria geopol\u00edtica em constante mudan\u00e7a desempenhar\u00e1 um papel crucial na jornada global do petr\u00f3leo, influenciando os pre\u00e7os, as rotas de abastecimento e as reservas estrat\u00e9gicas. A ascens\u00e3o das economias emergentes tamb\u00e9m ir\u00e1 remodelar a procura de petr\u00f3leo.<\/li>\n\n\n\n<li><strong>Revolu\u00e7\u00e3o do Ve\u00edculo El\u00e9trico (EV):<\/strong> A crescente popularidade dos VE pode levar \u00e0 redu\u00e7\u00e3o da procura de gasolina, colocando desafios \u00e0s refinarias e aos distribuidores, ao mesmo tempo que abre caminhos para inova\u00e7\u00f5es de novos produtos.<\/li>\n\n\n\n<li><strong>Economia Circular e Pl\u00e1sticos:<\/strong> O impulso global contra os pl\u00e1sticos descart\u00e1veis e o impulso para uma economia circular podem potencialmente impactar o sector petroqu\u00edmico, um ramo significativo da ind\u00fastria do petr\u00f3leo bruto.<\/li>\n<\/ul>","protected":false},"excerpt":{"rendered":"<p>A pesquisa do mercado de petr\u00f3leo bruto explora a hist\u00f3ria do petr\u00f3leo em todo o mundo, o mercado atual e as poss\u00edveis mudan\u00e7as na ind\u00fastria.<\/p>","protected":false},"author":1,"featured_media":64279,"parent":14514,"menu_order":327,"comment_status":"closed","ping_status":"closed","template":"","meta":{"footnotes":""},"class_list":["post-43115","page","type-page","status-publish","has-post-thumbnail"],"_links":{"self":[{"href":"https:\/\/www.sisinternational.com\/pt\/wp-json\/wp\/v2\/pages\/43115","targetHints":{"allow":["GET"]}}],"collection":[{"href":"https:\/\/www.sisinternational.com\/pt\/wp-json\/wp\/v2\/pages"}],"about":[{"href":"https:\/\/www.sisinternational.com\/pt\/wp-json\/wp\/v2\/types\/page"}],"author":[{"embeddable":true,"href":"https:\/\/www.sisinternational.com\/pt\/wp-json\/wp\/v2\/users\/1"}],"replies":[{"embeddable":true,"href":"https:\/\/www.sisinternational.com\/pt\/wp-json\/wp\/v2\/comments?post=43115"}],"version-history":[{"count":11,"href":"https:\/\/www.sisinternational.com\/pt\/wp-json\/wp\/v2\/pages\/43115\/revisions"}],"predecessor-version":[{"id":79820,"href":"https:\/\/www.sisinternational.com\/pt\/wp-json\/wp\/v2\/pages\/43115\/revisions\/79820"}],"up":[{"embeddable":true,"href":"https:\/\/www.sisinternational.com\/pt\/wp-json\/wp\/v2\/pages\/14514"}],"wp:featuredmedia":[{"embeddable":true,"href":"https:\/\/www.sisinternational.com\/pt\/wp-json\/wp\/v2\/media\/64279"}],"wp:attachment":[{"href":"https:\/\/www.sisinternational.com\/pt\/wp-json\/wp\/v2\/media?parent=43115"}],"curies":[{"name":"wp","href":"https:\/\/api.w.org\/{rel}","templated":true}]}}