{"id":43035,"date":"2023-08-10T18:53:29","date_gmt":"2023-08-10T22:53:29","guid":{"rendered":"https:\/\/www.sisinternational.com\/?page_id=43035"},"modified":"2026-01-27T16:38:50","modified_gmt":"2026-01-27T21:38:50","slug":"o-que-e-consultoria-estrategica","status":"publish","type":"page","link":"https:\/\/www.sisinternational.com\/pt\/solucoes\/consultoria-estrategica\/o-que-e-consultoria-estrategica\/","title":{"rendered":"O que \u00e9 Consultoria Estrat\u00e9gica?"},"content":{"rendered":"<h1 class=\"wp-block-heading\">O que \u00e9 Consultoria Estrat\u00e9gica?<\/h1>\n\n\n\n<figure class=\"gb-block-image gb-block-image-0f87a777\"><img loading=\"lazy\" decoding=\"async\" width=\"1456\" height=\"816\" class=\"gb-image gb-image-0f87a777\" src=\"https:\/\/www.sisinternational.com\/wp-content\/uploads\/2025\/10\/Strategy-consulting-1.jpg\" alt=\"Pesquisa e Estrat\u00e9gia de Mercado Internacional da SIS\" title=\"Strategy consulting (1)\" srcset=\"https:\/\/www.sisinternational.com\/wp-content\/uploads\/2025\/10\/Strategy-consulting-1.jpg 1456w, https:\/\/www.sisinternational.com\/wp-content\/uploads\/2025\/10\/Strategy-consulting-1-300x168.jpg 300w, https:\/\/www.sisinternational.com\/wp-content\/uploads\/2025\/10\/Strategy-consulting-1-1024x574.jpg 1024w, https:\/\/www.sisinternational.com\/wp-content\/uploads\/2025\/10\/Strategy-consulting-1-768x430.jpg 768w, https:\/\/www.sisinternational.com\/wp-content\/uploads\/2025\/10\/Strategy-consulting-1-18x10.jpg 18w\" sizes=\"auto, (max-width: 1456px) 100vw, 1456px\"><\/figure>\n\n\n\n<p><\/p>\n\n\n\n<p>A consultoria estrat\u00e9gica ajuda as organiza\u00e7\u00f5es a projetar e implementar estrat\u00e9gias robustas que agilizam as opera\u00e7\u00f5es, melhoram o desempenho e alcan\u00e7am os objetivos de neg\u00f3cios.<\/p>\n\n\n\n<p>Destaca-se na ind\u00fastria de consultoria por seu foco espec\u00edfico em auxiliar empresas com processos de tomada de decis\u00e3o de alto n\u00edvel que definem sua trajet\u00f3ria de mercado e as ajudam a superar todos os desafios que possam enfrentar durante seu crescimento, especialmente em tempos de recess\u00e3o econ\u00f4mica e instabilidade. mercados.<\/p>\n\n\n\n<h2 class=\"wp-block-heading\">Compreendendo a consultoria estrat\u00e9gica<\/h2>\n\n\n\n<p>A consultoria estrat\u00e9gica \u00e9 um servi\u00e7o profissional para auxiliar as organiza\u00e7\u00f5es na tomada de decis\u00f5es estrat\u00e9gicas de alto n\u00edvel.<\/p>\n\n\n\n<p>These decisions often involve defining the company&#8217;s direction, identifying potential growth opportunities, understanding market dynamics, and aligning business operations with strategic goals. In corporate strategy, for instance, <a href=\"https:\/\/www.sisinternational.com\/pt\/pericia\/industrias\/empresa-de-consultoria-em-pesquisa-de-mercado-de-franquia\/\" title=\"Empresa de pesquisa e consultoria de mercado de franquia\"  data-wpil-monitor-id=\"9793\">consultants might help a company<\/a> determine which markets to enter or how to allocate resources effectively. In digital strategy, they might guide a firm on how to leverage technology for growth or optimize its digital presence.<\/p>\n\n\n\n<p>O que diferencia a consultoria estrat\u00e9gica de outras formas de consultoria \u00e9 o seu foco no planejamento de alto n\u00edvel e longo prazo. Em vez de abordar quest\u00f5es funcionais espec\u00edficas ou desafios imediatos, os consultores estrat\u00e9gicos concentram-se no quadro mais amplo, desenvolvendo estrat\u00e9gias que podem moldar o futuro de uma empresa.<\/p>\n\n\n\n<h2 class=\"wp-block-heading\">O papel principal de um consultor de estrat\u00e9gia<\/h2>\n\n\n\n<p>A <a href=\"https:\/\/www.sisinternational.com\/pt\/solucoes\/pesquisa-de-consultoria-em-estrategia-fintech\/consultoria-em-estrategia-de-pesquisa-de-mercado-de-seguros-contra-interrupcao-de-negocios\/\" title=\"Pesquisa de mercado de seguros contra interrup\u00e7\u00e3o de neg\u00f3cios e consultoria estrat\u00e9gica\"  data-wpil-monitor-id=\"9788\">strategy consultant<\/a> assists organizations in analyzing their business models, identifying areas for improvement, and formulating strategies that align with their objectives and market dynamics.<\/p>\n\n\n\n<p>Eles conduzem an\u00e1lises completas de v\u00e1rios fatores, como estrat\u00e9gias atuais da empresa, posi\u00e7\u00e3o de mercado, concorr\u00eancia e tend\u00eancias do setor. Isto envolve a recolha e an\u00e1lise de dados, entrevistas com o pessoal da empresa \u2013 e possivelmente envolvimento com clientes ou fornecedores.<\/p>\n\n\n\n<p>Once they have a comprehensive understanding of the client&#8217;s business, <a href=\"https:\/\/www.sisinternational.com\/pt\/solucoes\/consultoria-estrategica\/planejamento-de-cenario\/\" title=\"Consultoria estrat\u00e9gica de planejamento de cen\u00e1rios\"  data-wpil-monitor-id=\"7096\">strategy consultants formulate strategic plans<\/a> designed to achieve specific goals, such as market penetration, cost reduction, revenue growth, or digital transformation.<\/p>\n\n\n\n<h2 class=\"wp-block-heading\">As habilidades de um Consultor de Estrat\u00e9gia<\/h2>\n\n\n\n<figure class=\"gb-block-image gb-block-image-1b02ca92\"><img loading=\"lazy\" decoding=\"async\" width=\"1456\" height=\"816\" class=\"gb-image gb-image-1b02ca92\" src=\"https:\/\/www.sisinternational.com\/wp-content\/uploads\/2025\/08\/Strategy-consulting-6.jpg\" alt=\"Pesquisa e Estrat\u00e9gia de Mercado Internacional da SIS\" title=\"Strategy consulting (6)\" srcset=\"https:\/\/www.sisinternational.com\/wp-content\/uploads\/2025\/08\/Strategy-consulting-6.jpg 1456w, https:\/\/www.sisinternational.com\/wp-content\/uploads\/2025\/08\/Strategy-consulting-6-300x168.jpg 300w, https:\/\/www.sisinternational.com\/wp-content\/uploads\/2025\/08\/Strategy-consulting-6-1024x574.jpg 1024w, https:\/\/www.sisinternational.com\/wp-content\/uploads\/2025\/08\/Strategy-consulting-6-768x430.jpg 768w, https:\/\/www.sisinternational.com\/wp-content\/uploads\/2025\/08\/Strategy-consulting-6-18x10.jpg 18w\" sizes=\"auto, (max-width: 1456px) 100vw, 1456px\"><\/figure>\n\n\n\n<p><\/p>\n\n\n\n<p>Um consultor estrat\u00e9gico de sucesso precisa de um forte conjunto de habilidades, incluindo pensamento anal\u00edtico, resolu\u00e7\u00e3o de problemas, excelente comunica\u00e7\u00e3o e uma compreens\u00e3o profunda da din\u00e2mica dos neg\u00f3cios e do mercado, entre outras habilidades.<\/p>\n\n\n\n<p>Algumas das habilidades mais importantes de um consultor de estrat\u00e9gia s\u00e3o:<\/p>\n\n\n\n<ul class=\"wp-block-list\">\n<li><strong>Gerenciamento de partes interessadas:<\/strong> Capacidade de se envolver e gerenciar relacionamentos em diferentes n\u00edveis de uma organiza\u00e7\u00e3o, desde executivos de alto escal\u00e3o at\u00e9 equipes operacionais.<\/li>\n\n\n\n<li><strong>Gerenciamento de projetos:<\/strong> Coordenar v\u00e1rios aspectos de um projeto estrat\u00e9gico, garantindo que os prazos sejam cumpridos e os recursos sejam utilizados de forma eficaz.<\/li>\n\n\n\n<li><strong>Habilidades interpessoais:<\/strong> Capacidade de trabalhar em equipes diversas, compreender diferentes perspectivas e motivar os membros da equipe.<\/li>\n\n\n\n<li><strong>Adaptabilidade e flexibilidade:<\/strong> Dada a natureza din\u00e2mica e acelerada das empresas, a capacidade de se adaptar \u00e0s condi\u00e7\u00f5es em mudan\u00e7a e de modificar as estrat\u00e9gias em conformidade \u00e9 crucial.<\/li>\n\n\n\n<li><strong>Julgamento \u00c9tico e Integridade:<\/strong> Ofere\u00e7a recomenda\u00e7\u00f5es imparciais que se alinhem tanto com os objetivos do cliente quanto com as considera\u00e7\u00f5es \u00e9ticas.<\/li>\n\n\n\n<li><strong>Perspic\u00e1cia financeira:<\/strong> Entenda as demonstra\u00e7\u00f5es financeiras, execute modelagem financeira e interprete indicadores financeiros para orientar decis\u00f5es estrat\u00e9gicas.<\/li>\n\n\n\n<li><strong>Profici\u00eancia Tecnol\u00f3gica:<\/strong> Familiaridade com as mais recentes ferramentas anal\u00edticas, software e plataformas que auxiliam na coleta, an\u00e1lise e apresenta\u00e7\u00e3o de dados.<\/li>\n\n\n\n<li><strong>Aprendizado cont\u00ednuo:<\/strong> Mantenha-se atualizado com as \u00faltimas tend\u00eancias do setor, mudan\u00e7as de mercado e tecnologias emergentes para fornecer recomenda\u00e7\u00f5es informadas.<\/li>\n\n\n\n<li><strong>Habilidades de negocia\u00e7\u00e3o:<\/strong> Capacidade de navegar por diverg\u00eancias ou conflitos e chegar a solu\u00e7\u00f5es mutuamente ben\u00e9ficas.<\/li>\n\n\n\n<li><strong>Criatividade e inova\u00e7\u00e3o:<\/strong> Al\u00e9m de analisar dados e processos existentes, os consultores estrat\u00e9gicos muitas vezes precisam pensar fora da caixa para identificar novas solu\u00e7\u00f5es ou caminhos para crescimento.<\/li>\n\n\n\n<li><strong>Consci\u00eancia cultural:<\/strong> Para consultores que trabalham com clientes internacionais ou em ambientes diversos, compreender as nuances e sensibilidades culturais pode ser crucial.<\/li>\n<\/ul>\n\n\n\n<h2 class=\"wp-block-heading\">Benef\u00edcios da Consultoria Estrat\u00e9gica<\/h2>\n\n\n\n<p>Entre as vantagens mais valiosas da consultoria estrat\u00e9gica est\u00e1 a capacidade de tomar decis\u00f5es estrat\u00e9gicas informadas que visam o sucesso da organiza\u00e7\u00e3o a longo prazo e gerar um retorno consider\u00e1vel do investimento.<\/p>\n\n\n\n<ul class=\"wp-block-list\">\n<li>A consultoria estrat\u00e9gica fornece insights que podem ser negligenciados internamente devido a preconceitos operacionais ou falta de recursos.<\/li>\n\n\n\n<li>Another benefit is the potential for improved business performance. By identifying gaps in current strategies and proposing optimal solutions, <a href=\"https:\/\/www.sisinternational.com\/pt\/cobertura\/as-americas\/pesquisa-de-mercado-no-caribe\/empresa-de-consultoria-estrategica-caribenha\/\" title=\"Empresa de consultoria estrat\u00e9gica do Caribe\"  data-wpil-monitor-id=\"9779\">strategy consultants can help companies<\/a> enhance their operations, increase efficiency, and boost profitability. For instance, a well-devised <a href=\"https:\/\/www.sisinternational.com\/pt\/pericia\/industrias\/consultoria-em-estrategia-de-pesquisa-de-mercado-de-identidade-digital\/\" title=\"Pesquisa de mercado de identidade digital e consultoria estrat\u00e9gica\"  data-wpil-monitor-id=\"9791\">digital strategy<\/a> could lead to more effective online marketing, resulting in increased sales and customer engagement.<\/li>\n\n\n\n<li>A consultoria estrat\u00e9gica tamb\u00e9m pode promover a inova\u00e7\u00e3o. Ao trazer novas perspectivas e aplicar o seu amplo conhecimento de diferentes ind\u00fastrias e mercados, os consultores podem estimular o pensamento inovador, levando a novos produtos, servi\u00e7os ou modelos de neg\u00f3cios.<\/li>\n\n\n\n<li>Pode ajudar no gerenciamento da mudan\u00e7a. Quer uma empresa esteja passando por uma fus\u00e3o, aquisi\u00e7\u00e3o ou por uma mudan\u00e7a significativa em seu modelo de neg\u00f3cios, os consultores podem oferecer orienta\u00e7\u00e3o sobre como navegar nessas transi\u00e7\u00f5es de maneira tranquila e bem-sucedida.<\/li>\n<\/ul>\n\n\n\n<h2 class=\"wp-block-heading\">Desafios em Consultoria Estrat\u00e9gica<\/h2>\n\n\n\n<figure class=\"gb-block-image gb-block-image-9c0b4665\"><img loading=\"lazy\" decoding=\"async\" width=\"1456\" height=\"816\" class=\"gb-image gb-image-9c0b4665\" src=\"https:\/\/www.sisinternational.com\/wp-content\/uploads\/2025\/08\/Strategy-consulting-31.jpg\" alt=\"Pesquisa e Estrat\u00e9gia de Mercado Internacional da SIS\" title=\"Strategy consulting (31)\" srcset=\"https:\/\/www.sisinternational.com\/wp-content\/uploads\/2025\/08\/Strategy-consulting-31.jpg 1456w, https:\/\/www.sisinternational.com\/wp-content\/uploads\/2025\/08\/Strategy-consulting-31-300x168.jpg 300w, https:\/\/www.sisinternational.com\/wp-content\/uploads\/2025\/08\/Strategy-consulting-31-1024x574.jpg 1024w, https:\/\/www.sisinternational.com\/wp-content\/uploads\/2025\/08\/Strategy-consulting-31-768x430.jpg 768w, https:\/\/www.sisinternational.com\/wp-content\/uploads\/2025\/08\/Strategy-consulting-31-18x10.jpg 18w\" sizes=\"auto, (max-width: 1456px) 100vw, 1456px\"><\/figure>\n\n\n\n<ul class=\"wp-block-list\">\n<li>A implementa\u00e7\u00e3o de planos estrat\u00e9gicos. Mesmo as estrat\u00e9gias mais bem pensadas podem falhar se n\u00e3o forem executadas adequadamente. Isto pode dever-se a v\u00e1rios factores, tais como a falta de ades\u00e3o das principais partes interessadas, recursos insuficientes ou mudan\u00e7as imprevistas no mercado.<\/li>\n\n\n\n<li>Outro desafio \u00e9 <a href=\"https:\/\/www.sisinternational.com\/pt\/solucoes\/pesquisa-de-consultoria-em-estrategia-fintech\/consultoria-em-estrategia-de-pesquisa-de-mercado-em-gestao-de-mudancas-em-servicos-financeiros\/\" title=\"Pesquisa de mercado e consultoria estrat\u00e9gica em gest\u00e3o de mudan\u00e7as em servi\u00e7os financeiros\"  data-wpil-monitor-id=\"9781\">managing the complexity of strategy consulting<\/a>. Formulating strategic plans often requires dealing with a high degree of uncertainty and making decisions based on incomplete information. Furthermore, consultants must consider a wide range of factors and potential scenarios, making the task complex and demanding.<\/li>\n\n\n\n<li>Manter a objetividade tamb\u00e9m pode representar um desafio. Embora os consultores estrat\u00e9gicos sejam externos \u00e0 organiza\u00e7\u00e3o e idealmente imparciais, podem ser influenciados pelas suas experi\u00eancias anteriores ou no\u00e7\u00f5es preconcebidas.<\/li>\n<\/ul>\n\n\n\n<h2 class=\"wp-block-heading\">Consultoria Estrat\u00e9gica: Tend\u00eancias Atuais<\/h2>\n\n\n\n<p>O mundo da consultoria estrat\u00e9gica n\u00e3o \u00e9 est\u00e1tico e evolui continuamente em resposta \u00e0s mudan\u00e7as no ambiente de neg\u00f3cios \u2013 e v\u00e1rias tend\u00eancias atuais est\u00e3o moldando o campo, tais como:<\/p>\n\n\n\n<ul class=\"wp-block-list\">\n<li><strong>Transforma\u00e7\u00e3o Digital:<\/strong> Businesses across industries are leveraging digital technologies to improve their operations, customer experiences, and competitive positioning. Strategy consultants are increasingly helping companies navigate their digital transformation journeys, advising on the use of <a href=\"https:\/\/www.sisinternational.com\/pt\/solucoes\/pesquisa-de-mercado-de-ia-e-consultoria-estrategica\/consultoria-de-inteligencia-artificial-de-automacao-da-industria-de-tecnologia\/\" title=\"Consultoria em Automa\u00e7\u00e3o da Ind\u00fastria de Tecnologia e Intelig\u00eancia Artificial\"  data-wpil-monitor-id=\"9783\">technologies such as artificial intelligence<\/a>, data analytics, cloud computing, and blockchain.<\/li>\n\n\n\n<li><strong>Sustentabilidade e consultoria ambiental, social e de governan\u00e7a (ESG):<\/strong> As the importance of ESG factors gains recognition, companies are seeking strategic guidance on integrating sustainability into their business models. <a href=\"https:\/\/www.sisinternational.com\/pt\/estrategias-de-sustentabilidade-corporativa-um-estudo-de-caso-da-siemens-2\/\" title=\"Estrat\u00e9gias de Sustentabilidade Corporativa: Um Estudo de Caso da Siemens\"  data-wpil-monitor-id=\"7500\">Strategy consultants<\/a> are offering ESG consulting to help businesses improve their sustainability performance and capitalize on related opportunities.<\/li>\n\n\n\n<li><strong>Estrat\u00e9gias baseadas em dados:<\/strong> O advento do big data e de ferramentas anal\u00edticas avan\u00e7adas possibilitou que as empresas baseassem suas estrat\u00e9gias em insights mais precisos e detalhados. Os consultores est\u00e3o ajudando as empresas a aproveitar essas ferramentas para formular estrat\u00e9gias baseadas em dados que respondam melhor \u00e0 din\u00e2mica do mercado.<\/li>\n\n\n\n<li><strong>Maior especializa\u00e7\u00e3o:<\/strong> A consultoria estrat\u00e9gica est\u00e1 se tornando mais especializada, com consultores oferecendo consultoria especializada em \u00e1reas de nicho como estrat\u00e9gia digital, estrat\u00e9gia de cadeia de suprimentos ou estrat\u00e9gias espec\u00edficas do setor.<\/li>\n<\/ul>\n\n\n\n<h2 class=\"wp-block-heading\">O futuro da consultoria estrat\u00e9gica<\/h2>\n\n\n\n<figure class=\"gb-block-image gb-block-image-7a0578b4\"><img loading=\"lazy\" decoding=\"async\" width=\"1456\" height=\"816\" class=\"gb-image gb-image-7a0578b4\" src=\"https:\/\/www.sisinternational.com\/wp-content\/uploads\/2025\/10\/AI-Strategy-Consulting-3.jpg\" alt=\"Pesquisa e Estrat\u00e9gia de Mercado Internacional da SIS\" title=\"AI Strategy Consulting (3)\" srcset=\"https:\/\/www.sisinternational.com\/wp-content\/uploads\/2025\/10\/AI-Strategy-Consulting-3.jpg 1456w, https:\/\/www.sisinternational.com\/wp-content\/uploads\/2025\/10\/AI-Strategy-Consulting-3-300x168.jpg 300w, https:\/\/www.sisinternational.com\/wp-content\/uploads\/2025\/10\/AI-Strategy-Consulting-3-1024x574.jpg 1024w, https:\/\/www.sisinternational.com\/wp-content\/uploads\/2025\/10\/AI-Strategy-Consulting-3-768x430.jpg 768w, https:\/\/www.sisinternational.com\/wp-content\/uploads\/2025\/10\/AI-Strategy-Consulting-3-18x10.jpg 18w\" sizes=\"auto, (max-width: 1456px) 100vw, 1456px\"><\/figure>\n\n\n\n<p><\/p>\n\n\n\n<p>O futuro da consultoria estrat\u00e9gica parece din\u00e2mico. Tend\u00eancias emergentes e avan\u00e7os tecnol\u00f3gicos dever\u00e3o moldar este campo de v\u00e1rias maneiras.<\/p>\n\n\n\n<p>One such trend is the increasing emphasis on digital transformation. As technology becomes more integrated into business operations, strategy consultants will play a critical role in guiding firms through digital strategy formulation and implementation. This could involve everything from advising on <a href=\"https:\/\/www.sisinternational.com\/pt\/solucoes\/consultoria-estrategica\/analise-de-dados\/\" title=\"Empresa de an\u00e1lise de dados\"  data-wpil-monitor-id=\"9786\">an\u00e1lise de dados<\/a> for strategic decision-making to guiding companies on the use of AI or blockchain in their operations.<\/p>\n\n\n\n<p>Sustainability is another area that is likely to feature prominently in future strategy consulting. As businesses face growing pressure to reduce their environmental footprint, consultants will need to help them devise <a href=\"https:\/\/www.sisinternational.com\/pt\/melhores-praticas-no-varejo\/\" title=\"Melhores Pr\u00e1ticas no Varejo\"  data-wpil-monitor-id=\"9776\">strategies<\/a> that not only improve their sustainability performance but also capitalize on the opportunities that green practices can offer.<\/p>\n\n\n\n<p>O papel dos dados na consultoria estrat\u00e9gica tamb\u00e9m dever\u00e1 crescer. Com a ascens\u00e3o do big data e da an\u00e1lise avan\u00e7ada, os consultores de estrat\u00e9gia depender\u00e3o cada vez mais de insights baseados em dados para informar as suas recomenda\u00e7\u00f5es. Isso exigir\u00e1 que desenvolvam fortes habilidades de an\u00e1lise de dados e um profundo conhecimento das ferramentas anal\u00edticas.<\/p>\n\n\n\n<p>Por \u00faltimo, \u00e0 medida que a economia global se torna mais interligada, a consultoria estrat\u00e9gica ter\u00e1 de adoptar uma perspectiva mais global. Isto significa compreender as nuances dos diferentes mercados e ajudar as empresas a navegar pelas complexidades das opera\u00e7\u00f5es internacionais.<\/p>","protected":false},"excerpt":{"rendered":"<p>A consultoria estrat\u00e9gica ajuda as organiza\u00e7\u00f5es a implementar estrat\u00e9gias que agilizam as opera\u00e7\u00f5es, melhoram o desempenho e atingem as metas de neg\u00f3cios.<\/p>","protected":false},"author":1,"featured_media":71983,"parent":14567,"menu_order":28,"comment_status":"closed","ping_status":"closed","template":"","meta":{"footnotes":""},"class_list":["post-43035","page","type-page","status-publish","has-post-thumbnail"],"_links":{"self":[{"href":"https:\/\/www.sisinternational.com\/pt\/wp-json\/wp\/v2\/pages\/43035","targetHints":{"allow":["GET"]}}],"collection":[{"href":"https:\/\/www.sisinternational.com\/pt\/wp-json\/wp\/v2\/pages"}],"about":[{"href":"https:\/\/www.sisinternational.com\/pt\/wp-json\/wp\/v2\/types\/page"}],"author":[{"embeddable":true,"href":"https:\/\/www.sisinternational.com\/pt\/wp-json\/wp\/v2\/users\/1"}],"replies":[{"embeddable":true,"href":"https:\/\/www.sisinternational.com\/pt\/wp-json\/wp\/v2\/comments?post=43035"}],"version-history":[{"count":6,"href":"https:\/\/www.sisinternational.com\/pt\/wp-json\/wp\/v2\/pages\/43035\/revisions"}],"predecessor-version":[{"id":81626,"href":"https:\/\/www.sisinternational.com\/pt\/wp-json\/wp\/v2\/pages\/43035\/revisions\/81626"}],"up":[{"embeddable":true,"href":"https:\/\/www.sisinternational.com\/pt\/wp-json\/wp\/v2\/pages\/14567"}],"wp:featuredmedia":[{"embeddable":true,"href":"https:\/\/www.sisinternational.com\/pt\/wp-json\/wp\/v2\/media\/71983"}],"wp:attachment":[{"href":"https:\/\/www.sisinternational.com\/pt\/wp-json\/wp\/v2\/media?parent=43035"}],"curies":[{"name":"wp","href":"https:\/\/api.w.org\/{rel}","templated":true}]}}