{"id":43030,"date":"2023-08-10T18:24:50","date_gmt":"2023-08-10T22:24:50","guid":{"rendered":"https:\/\/www.sisinternational.com\/?page_id=43030"},"modified":"2026-03-12T22:38:26","modified_gmt":"2026-03-13T02:38:26","slug":"pesquisa-de-mercado-de-aco","status":"publish","type":"page","link":"https:\/\/www.sisinternational.com\/pt\/construction-market-research-solutions\/pesquisa-de-mercado-de-aco\/","title":{"rendered":"Pesquisa de mercado de a\u00e7o"},"content":{"rendered":"<h1 class=\"wp-block-heading\">Pesquisa de mercado de a\u00e7o<\/h1>\n\n\n\n<figure class=\"gb-block-image gb-block-image-c443beca\"><img loading=\"lazy\" decoding=\"async\" width=\"1456\" height=\"816\" class=\"gb-image gb-image-c443beca\" src=\"https:\/\/www.sisinternational.com\/wp-content\/uploads\/2025\/08\/Iron-3.jpg\" alt=\"Pesquisa e Estrat\u00e9gia de Mercado Internacional da SIS\" title=\"Iron (3)\" srcset=\"https:\/\/www.sisinternational.com\/wp-content\/uploads\/2025\/08\/Iron-3.jpg 1456w, https:\/\/www.sisinternational.com\/wp-content\/uploads\/2025\/08\/Iron-3-300x168.jpg 300w, https:\/\/www.sisinternational.com\/wp-content\/uploads\/2025\/08\/Iron-3-1024x574.jpg 1024w, https:\/\/www.sisinternational.com\/wp-content\/uploads\/2025\/08\/Iron-3-768x430.jpg 768w, https:\/\/www.sisinternational.com\/wp-content\/uploads\/2025\/08\/Iron-3-18x10.jpg 18w\" sizes=\"auto, (max-width: 1456px) 100vw, 1456px\"><\/figure>\n\n\n\n<p><\/p>\n\n\n\n<p>No mundo expansivo dos materiais industriais, o a\u00e7o se destaca como um material indispens\u00e1vel para diversas ind\u00fastrias devido \u00e0 sua resist\u00eancia inflex\u00edvel e versatilidade. Da constru\u00e7\u00e3o e do setor automotivo a m\u00e1quinas e eletrodom\u00e9sticos, o a\u00e7o continua sendo um produto essencial e cada vez mais consumido. Como tal, uma compreens\u00e3o profunda da din\u00e2mica do mercado sider\u00fargico torna-se cr\u00edtica para fabricantes, fornecedores e partes interessadas.<\/p>\n\n\n\n<p>Therefore, steel market research provides nuanced insights into market conditions, trends, and <a href=\"https:\/\/www.sisinternational.com\/pt\/industry-forecast\/it-industry-forecast\/\" title=\"IT Industry Forecast\"  data-wpil-monitor-id=\"3215\">forecasts in the context of industries<\/a> that are growing and are likely to become even more important in the future.<\/p>\n\n\n\n<h2 class=\"wp-block-heading\">Compreendendo o a\u00e7o e suas aplica\u00e7\u00f5es<\/h2>\n\n\n\n<p>O a\u00e7o \u00e9 uma liga composta principalmente de ferro e carbono. Sua robustez, durabilidade e conformabilidade tornaram-no a escolha preferida para uma ampla gama de aplica\u00e7\u00f5es.<\/p>\n\n\n\n<p>Na ind\u00fastria da constru\u00e7\u00e3o, o a\u00e7o \u00e9 utilizado em tudo, desde estruturas estruturais at\u00e9 materiais de cobertura. O setor automotivo tamb\u00e9m depende fortemente do a\u00e7o para carrocerias, motores e outros componentes devido \u00e0 sua resist\u00eancia e maleabilidade. O a\u00e7o \u00e9 fundamental na fabrica\u00e7\u00e3o de m\u00e1quinas, eletrodom\u00e9sticos e ferramentas, devido \u00e0 sua durabilidade e resist\u00eancia ao desgaste.<\/p>\n\n\n\n<p>Dada a sua ampla gama de aplica\u00e7\u00f5es, compreender a din\u00e2mica do mercado sider\u00fargico atrav\u00e9s de pesquisas do mercado sider\u00fargico torna-se cada vez mais essencial. Ele oferece uma perspectiva clara da demanda atual, das tend\u00eancias emergentes e das \u00e1reas de crescimento futuro nas diversas ind\u00fastrias que o a\u00e7o atende.<\/p>\n\n\n\n<h2 class=\"wp-block-heading\">Fatores que impulsionam o mercado sider\u00fargico<\/h2>\n\n\n\n<figure class=\"gb-block-image gb-block-image-d791e28d\"><img loading=\"lazy\" decoding=\"async\" width=\"1456\" height=\"816\" class=\"gb-image gb-image-d791e28d\" src=\"https:\/\/www.sisinternational.com\/wp-content\/uploads\/2025\/08\/Iron-1.jpg\" alt=\"Pesquisa e Estrat\u00e9gia de Mercado Internacional da SIS\" title=\"Iron (1)\" srcset=\"https:\/\/www.sisinternational.com\/wp-content\/uploads\/2025\/08\/Iron-1.jpg 1456w, https:\/\/www.sisinternational.com\/wp-content\/uploads\/2025\/08\/Iron-1-300x168.jpg 300w, https:\/\/www.sisinternational.com\/wp-content\/uploads\/2025\/08\/Iron-1-1024x574.jpg 1024w, https:\/\/www.sisinternational.com\/wp-content\/uploads\/2025\/08\/Iron-1-768x430.jpg 768w, https:\/\/www.sisinternational.com\/wp-content\/uploads\/2025\/08\/Iron-1-18x10.jpg 18w\" sizes=\"auto, (max-width: 1456px) 100vw, 1456px\"><\/figure>\n\n\n\n<p><\/p>\n\n\n\n<p>V\u00e1rios fatores influenciam a din\u00e2mica de demanda e oferta do mercado sider\u00fargico. De acordo com pesquisas recentes do mercado sider\u00fargico, estes s\u00e3o alguns dos principais impulsionadores:<\/p>\n\n\n\n<ul class=\"wp-block-list\">\n<li><strong>Crescimento Industrial:<\/strong> A r\u00e1pida industrializa\u00e7\u00e3o, especialmente nas economias emergentes como a China e a \u00cdndia, aumentou significativamente a procura de a\u00e7o. Este crescimento \u00e9 especialmente vis\u00edvel em sectores como a constru\u00e7\u00e3o, o autom\u00f3vel e o desenvolvimento de infra-estruturas.<\/li>\n\n\n\n<li><strong>Urbaniza\u00e7\u00e3o:<\/strong> \u00c0 medida que as popula\u00e7\u00f5es urbanas se expandem, h\u00e1 uma necessidade crescente de desenvolvimento de infra-estruturas, aumentando a procura de a\u00e7o na constru\u00e7\u00e3o civil, nos sistemas de transporte e nos servi\u00e7os p\u00fablicos.<\/li>\n\n\n\n<li><strong>Avan\u00e7os tecnol\u00f3gicos:<\/strong> As inova\u00e7\u00f5es tecnol\u00f3gicas nos processos de fabrica\u00e7\u00e3o de a\u00e7o, como a ado\u00e7\u00e3o da tecnologia de fornos el\u00e9tricos a arco, melhoraram a efici\u00eancia e a sustentabilidade.<\/li>\n\n\n\n<li><strong>Mercados emergentes:<\/strong> Os mercados emergentes apresentam uma oportunidade significativa para a ind\u00fastria sider\u00fargica. Espera-se que o aumento do poder de compra, juntamente com o crescimento industrial nestas regi\u00f5es, impulsione o mercado sider\u00fargico.<\/li>\n\n\n\n<li><strong>Pol\u00edticas governamentais:<\/strong> As iniciativas e pol\u00edticas governamentais que apoiam o desenvolvimento de infra-estruturas, especialmente nos pa\u00edses em desenvolvimento, t\u00eam um impacto positivo directo na ind\u00fastria sider\u00fargica.<\/li>\n\n\n\n<li><strong>Tend\u00eancias de Sustentabilidade:<\/strong> A crescente demanda por a\u00e7o leve e de alta resist\u00eancia em ind\u00fastrias como a automotiva e aeroespacial para melhor efici\u00eancia de combust\u00edvel e menores emiss\u00f5es tamb\u00e9m est\u00e1 contribuindo para o crescimento do mercado.<\/li>\n<\/ul>\n\n\n\n<h2 class=\"wp-block-heading\">Oportunidades<\/h2>\n\n\n\n<p>A ind\u00fastria sider\u00fargica apresenta uma infinidade de oportunidades de pesquisa para empresas que desejam capitalizar as tend\u00eancias emergentes. Aqui est\u00e3o alguns dos caminhos mais promissores na pesquisa do mercado de a\u00e7o:<\/p>\n\n\n\n<ul class=\"wp-block-list\">\n<li><strong>Sustentabilidade e Produ\u00e7\u00e3o de A\u00e7o Verde:<\/strong> With the increasing emphasis on sustainable and eco-friendly practices, there is a significant interest in producing &#8220;green&#8221; steel using methods that reduce carbon <a href=\"https:\/\/www.sisinternational.com\/pt\/compreender-o-regime-de-comercio-de-emissoes-da-ue-um-relatorio-sis\/\" title=\"Pesquisa de mercado de com\u00e9rcio de emiss\u00f5es\"  data-wpil-monitor-id=\"1749\">emissions according to steel market research<\/a>.<\/li>\n\n\n\n<li><strong>A\u00e7os Avan\u00e7ados de Alta Resist\u00eancia (AHSS):<\/strong> A procura por variantes de a\u00e7o mais leves e resistentes em ind\u00fastrias como a autom\u00f3vel e a constru\u00e7\u00e3o abre caminhos para a investiga\u00e7\u00e3o do AHSS e das suas potenciais aplica\u00e7\u00f5es.<\/li>\n\n\n\n<li><strong>Din\u00e2mica de mercado em economias emergentes:<\/strong> A r\u00e1pida urbaniza\u00e7\u00e3o e o desenvolvimento infra-estrutural em pa\u00edses como a \u00cdndia, o Brasil e partes de \u00c1frica levam a mudan\u00e7as nos padr\u00f5es de procura.<\/li>\n\n\n\n<li><strong>Reciclagem de A\u00e7o e Economia Circular:<\/strong> A ind\u00fastria sider\u00fargica \u00e9 um dos setores l\u00edderes no que diz respeito \u00e0 reciclagem. A investiga\u00e7\u00e3o destinada a melhorar a efici\u00eancia dos processos de reciclagem e a explorar a economia da economia circular no setor sider\u00fargico pode ser ben\u00e9fica.<\/li>\n\n\n\n<li><strong>A\u00e7o em Infraestrutura e Mega Projetos:<\/strong> Com muitas na\u00e7\u00f5es a embarcar em projectos de infra-estruturas significativos, h\u00e1 uma oportunidade de estudar a procura potencial de a\u00e7o e os tipos de a\u00e7o que ser\u00e3o mais procurados.<\/li>\n\n\n\n<li><strong>Inova\u00e7\u00f5es Tecnol\u00f3gicas na Fabrica\u00e7\u00e3o de A\u00e7o:<\/strong> Os avan\u00e7os na tecnologia, incluindo IA e automa\u00e7\u00e3o, est\u00e3o transformando os processos de fabrica\u00e7\u00e3o de a\u00e7o. Estudos aprofundados sobre essas tecnologias e seu ROI podem orientar as decis\u00f5es de investimento.<\/li>\n\n\n\n<li><strong>Din\u00e2micas e Pol\u00edticas Comerciais:<\/strong> Dadas as frequentes mudan\u00e7as na din\u00e2mica do com\u00e9rcio global, nas tarifas e nas regulamenta\u00e7\u00f5es relativas ao a\u00e7o, h\u00e1 uma necessidade constante de investiga\u00e7\u00e3o para compreender e antecipar estas mudan\u00e7as.<\/li>\n\n\n\n<li><strong>Comportamento do consumidor e do usu\u00e1rio final:<\/strong> Compreender as prefer\u00eancias do utilizador final, especialmente em setores como o fabrico de autom\u00f3veis, a constru\u00e7\u00e3o e os bens de consumo, pode levar a insights sobre a qualidade do a\u00e7o, os pre\u00e7os e as expectativas de entrega.<\/li>\n\n\n\n<li><strong>Impactos geopol\u00edticos nas cadeias de abastecimento de a\u00e7o:<\/strong> A ind\u00fastria sider\u00fargica est\u00e1 profundamente interligada com a geopol\u00edtica global. A investiga\u00e7\u00e3o de potenciais perturba\u00e7\u00f5es, riscos e estrat\u00e9gias para gerir os desafios geopol\u00edticos pode ser crucial para os grandes produtores e utilizadores de a\u00e7o.<\/li>\n\n\n\n<li><strong>Nichos de mercado de a\u00e7o:<\/strong> A explora\u00e7\u00e3o de a\u00e7os especiais, como o a\u00e7o inoxid\u00e1vel para aplica\u00e7\u00f5es m\u00e9dicas ou ligas espec\u00edficas para a ind\u00fastria aeroespacial, pode fornecer insights sobre nichos, mas segmentos de mercado lucrativos.<\/li>\n\n\n\n<li><strong>Materiais Concorrentes e Complementares:<\/strong> \u00c0 medida que materiais como o alum\u00ednio, os comp\u00f3sitos e a fibra de carbono competem por aplica\u00e7\u00f5es tradicionalmente dominadas pelo a\u00e7o, a compreens\u00e3o deste cen\u00e1rio competitivo pode ajudar a ind\u00fastria sider\u00fargica a inovar e a adaptar-se.<\/li>\n<\/ul>\n\n\n\n<h2 class=\"wp-block-heading\">Desafios<\/h2>\n\n\n\n<p>Apesar dos robustos motores de crescimento, o mercado sider\u00fargico enfrenta v\u00e1rios desafios que poder\u00e3o impactar a sua trajet\u00f3ria.<\/p>\n\n\n\n<ul class=\"wp-block-list\">\n<li><strong>Impacto ambiental:<\/strong> A produ\u00e7\u00e3o de a\u00e7o, especialmente atrav\u00e9s de m\u00e9todos tradicionais, est\u00e1 associada a elevadas emiss\u00f5es de carbono e consumo de energia. Esta pegada ambiental levou a um maior escrut\u00ednio regulamentar e \u00e0 press\u00e3o para a adop\u00e7\u00e3o de pr\u00e1ticas de produ\u00e7\u00e3o mais ecol\u00f3gicas.<\/li>\n\n\n\n<li><strong>Volatilidade nos pre\u00e7os das mat\u00e9rias-primas:<\/strong> A ind\u00fastria sider\u00fargica \u00e9 fortemente dependente de mat\u00e9rias-primas como min\u00e9rio de ferro e carv\u00e3o. As flutua\u00e7\u00f5es nos seus pre\u00e7os podem impactar o custo de produ\u00e7\u00e3o do a\u00e7o, afetando a din\u00e2mica do mercado.<\/li>\n\n\n\n<li><strong>Pol\u00edticas Comerciais:<\/strong> Mudan\u00e7as nas pol\u00edticas comerciais internacionais, tarifas e restri\u00e7\u00f5es de importa\u00e7\u00e3o e exporta\u00e7\u00e3o podem criar incertezas no mercado, influenciando tanto a oferta como a procura.<\/li>\n\n\n\n<li><strong>Excesso de capacidade:<\/strong> A sobreprodu\u00e7\u00e3o de a\u00e7o, especialmente em regi\u00f5es como a China, levou a um desequil\u00edbrio global entre oferta e procura, afectando os pre\u00e7os e a rentabilidade no mercado. No entanto, as empresas podem lidar com este desafio tirando partido da investiga\u00e7\u00e3o do mercado sider\u00fargico.<\/li>\n\n\n\n<li><strong>Concorr\u00eancia de materiais substitutos:<\/strong> Materiais alternativos como o alum\u00ednio e os materiais comp\u00f3sitos representam um desafio para a ind\u00fastria sider\u00fargica, especialmente em setores como o autom\u00f3vel e a constru\u00e7\u00e3o, onde o peso e a sustentabilidade s\u00e3o considera\u00e7\u00f5es importantes.<\/li>\n<\/ul>\n\n\n\n<h2 class=\"wp-block-heading\">Futuro do Mercado Sider\u00fargico<\/h2>\n\n\n\n<figure class=\"gb-block-image gb-block-image-c5862d93\"><img loading=\"lazy\" decoding=\"async\" width=\"1456\" height=\"816\" class=\"gb-image gb-image-c5862d93\" src=\"https:\/\/www.sisinternational.com\/wp-content\/uploads\/2025\/08\/Iron-4.jpg\" alt=\"Pesquisa e Estrat\u00e9gia de Mercado Internacional da SIS\" title=\"Iron (4)\" srcset=\"https:\/\/www.sisinternational.com\/wp-content\/uploads\/2025\/08\/Iron-4.jpg 1456w, https:\/\/www.sisinternational.com\/wp-content\/uploads\/2025\/08\/Iron-4-300x168.jpg 300w, https:\/\/www.sisinternational.com\/wp-content\/uploads\/2025\/08\/Iron-4-1024x574.jpg 1024w, https:\/\/www.sisinternational.com\/wp-content\/uploads\/2025\/08\/Iron-4-768x430.jpg 768w, https:\/\/www.sisinternational.com\/wp-content\/uploads\/2025\/08\/Iron-4-18x10.jpg 18w\" sizes=\"auto, (max-width: 1456px) 100vw, 1456px\"><\/figure>\n\n\n\n<p><\/p>\n\n\n\n<p>\u00c0 medida que o mundo entra numa nova era de tecnologia e sustentabilidade, o mercado sider\u00fargico est\u00e1 preparado para transforma\u00e7\u00f5es significativas. Com base em pesquisas recentes do mercado sider\u00fargico, aqui est\u00e3o alguns desenvolvimentos previstos para o futuro:<\/p>\n\n\n\n<ul class=\"wp-block-list\">\n<li><strong>Sustentabilidade:<\/strong> O futuro da produ\u00e7\u00e3o de a\u00e7o est\u00e1 em pr\u00e1ticas sustent\u00e1veis. De acordo com a pesquisa do mercado sider\u00fargico, espera-se que as empresas invistam mais em tecnologias verdes, como a produ\u00e7\u00e3o de a\u00e7o \u00e0 base de hidrog\u00e9nio, a captura de carbono e a reciclagem, para reduzir o seu impacto ambiental.<\/li>\n\n\n\n<li><strong>Digitaliza\u00e7\u00e3o e Automa\u00e7\u00e3o:<\/strong> Technological advancements will continue to shape <a href=\"https:\/\/www.sisinternational.com\/pt\/automacao-em-pesquisa-de-mercado\/\" title=\"Automa\u00e7\u00e3o em Pesquisa de Mercado\"  data-wpil-monitor-id=\"2529\">pesquisa de mercado de a\u00e7o<\/a>. Automation, AI, and IoT are predicted to enhance operational efficiency, safety, and product quality in steel manufacturing.<\/li>\n\n\n\n<li><strong>Crescimento da demanda:<\/strong> Com a urbaniza\u00e7\u00e3o e a industrializa\u00e7\u00e3o n\u00e3o mostrando sinais de abrandamento, especialmente nas economias emergentes, a procura de a\u00e7o dever\u00e1 continuar a crescer.<\/li>\n\n\n\n<li><strong>Inova\u00e7\u00e3o em Produtos Sider\u00fargicos:<\/strong> O desenvolvimento de novos tipos de a\u00e7o leve e de alta resist\u00eancia continuar\u00e1, impulsionado por setores como o automotivo e o aeroespacial, que buscam efici\u00eancia e sustentabilidade.<\/li>\n\n\n\n<li><strong>Consolida\u00e7\u00e3o:<\/strong> A ind\u00fastria poder\u00e1 testemunhar uma maior consolida\u00e7\u00e3o, com os grandes intervenientes a adquirirem os mais pequenos para expans\u00e3o do mercado e para adquirirem conhecimentos tecnol\u00f3gicos.<\/li>\n<\/ul>","protected":false},"excerpt":{"rendered":"<p>O a\u00e7o \u00e9 indispens\u00e1vel para diversas ind\u00fastrias no vasto mundo dos materiais industriais devido \u00e0 sua resist\u00eancia inflex\u00edvel e versatilidade.<\/p>","protected":false},"author":1,"featured_media":63204,"parent":84498,"menu_order":324,"comment_status":"closed","ping_status":"closed","template":"","meta":{"footnotes":""},"class_list":["post-43030","page","type-page","status-publish","has-post-thumbnail"],"_links":{"self":[{"href":"https:\/\/www.sisinternational.com\/pt\/wp-json\/wp\/v2\/pages\/43030","targetHints":{"allow":["GET"]}}],"collection":[{"href":"https:\/\/www.sisinternational.com\/pt\/wp-json\/wp\/v2\/pages"}],"about":[{"href":"https:\/\/www.sisinternational.com\/pt\/wp-json\/wp\/v2\/types\/page"}],"author":[{"embeddable":true,"href":"https:\/\/www.sisinternational.com\/pt\/wp-json\/wp\/v2\/users\/1"}],"replies":[{"embeddable":true,"href":"https:\/\/www.sisinternational.com\/pt\/wp-json\/wp\/v2\/comments?post=43030"}],"version-history":[{"count":6,"href":"https:\/\/www.sisinternational.com\/pt\/wp-json\/wp\/v2\/pages\/43030\/revisions"}],"predecessor-version":[{"id":77499,"href":"https:\/\/www.sisinternational.com\/pt\/wp-json\/wp\/v2\/pages\/43030\/revisions\/77499"}],"up":[{"embeddable":true,"href":"https:\/\/www.sisinternational.com\/pt\/wp-json\/wp\/v2\/pages\/84498"}],"wp:featuredmedia":[{"embeddable":true,"href":"https:\/\/www.sisinternational.com\/pt\/wp-json\/wp\/v2\/media\/63204"}],"wp:attachment":[{"href":"https:\/\/www.sisinternational.com\/pt\/wp-json\/wp\/v2\/media?parent=43030"}],"curies":[{"name":"wp","href":"https:\/\/api.w.org\/{rel}","templated":true}]}}