{"id":42977,"date":"2023-08-09T15:42:40","date_gmt":"2023-08-09T19:42:40","guid":{"rendered":"https:\/\/www.sisinternational.com\/?page_id=42977"},"modified":"2026-03-12T22:35:43","modified_gmt":"2026-03-13T02:35:43","slug":"pesquisa-de-mercado-concreta","status":"publish","type":"page","link":"https:\/\/www.sisinternational.com\/pt\/construction-market-research-solutions\/pesquisa-de-mercado-concreta\/","title":{"rendered":"Pesquisa de mercado concreto"},"content":{"rendered":"<h1 class=\"wp-block-heading\">Pesquisa de mercado concreto<\/h1>\n\n\n\n<figure class=\"gb-block-image gb-block-image-74fe41c2\"><img loading=\"lazy\" decoding=\"async\" width=\"1456\" height=\"816\" class=\"gb-image gb-image-74fe41c2\" src=\"https:\/\/www.sisinternational.com\/wp-content\/uploads\/2025\/08\/Concrete-4.jpg\" alt=\"Pesquisa e Estrat\u00e9gia de Mercado Internacional da SIS\" title=\"Concrete (4)\" srcset=\"https:\/\/www.sisinternational.com\/wp-content\/uploads\/2025\/08\/Concrete-4.jpg 1456w, https:\/\/www.sisinternational.com\/wp-content\/uploads\/2025\/08\/Concrete-4-300x168.jpg 300w, https:\/\/www.sisinternational.com\/wp-content\/uploads\/2025\/08\/Concrete-4-1024x574.jpg 1024w, https:\/\/www.sisinternational.com\/wp-content\/uploads\/2025\/08\/Concrete-4-768x430.jpg 768w, https:\/\/www.sisinternational.com\/wp-content\/uploads\/2025\/08\/Concrete-4-18x10.jpg 18w\" sizes=\"auto, (max-width: 1456px) 100vw, 1456px\"><\/figure>\n\n\n\n<p><\/p>\n\n\n\n<p>A ind\u00fastria do concreto \u00e9 um pilar cr\u00edtico do setor de constru\u00e7\u00e3o global devido \u00e0 sua durabilidade, resist\u00eancia e versatilidade. Como tal, compreender a din\u00e2mica do mercado do bet\u00e3o \u00e9 crucial para os intervenientes na ind\u00fastria da constru\u00e7\u00e3o.<\/p>\n\n\n\n<p>Por esta raz\u00e3o, pesquisas de mercado concretas permitem que as empresas se mantenham a par das inova\u00e7\u00f5es e tend\u00eancias do mercado e aproveitem as oportunidades em tempo h\u00e1bil.<\/p>\n\n\n\n<h2 class=\"wp-block-heading\">Compreendendo o concreto e seus usos<\/h2>\n\n\n\n<p>Desde infraestruturas como pontes, estradas e barragens at\u00e9 edif\u00edcios, tanto residenciais como comerciais, o bet\u00e3o \u00e9 fundamental na ind\u00fastria da constru\u00e7\u00e3o. Sua capacidade de suportar altas cargas de compress\u00e3o o torna ideal para elementos estruturais como funda\u00e7\u00f5es, paredes e colunas. Al\u00e9m disso, devido \u00e0 sua resist\u00eancia ao fogo e efici\u00eancia energ\u00e9tica, \u00e9 frequentemente o material de escolha por quest\u00f5es de seguran\u00e7a e sustentabilidade.<\/p>\n\n\n\n<p>China is the largest producer of concrete in the world, given its rapid urbanization and ongoing infrastructure development. Major Chinese concrete <a href=\"https:\/\/www.sisinternational.com\/pt\/cobertura\/pesquisa-de-mercado-asia\/market-research-in-china-2\/pesquisa-empresa-de-pesquisa-de-mercado-china\/\" title=\"Empresa de pesquisa de mercado na China\"  data-wpil-monitor-id=\"9092\">companies include China<\/a> National Building Material Company and Anhui Conch Cement.<\/p>\n\n\n\n<p>Os EUA tamb\u00e9m t\u00eam um mercado de concreto consider\u00e1vel, com empresas como CEMEX e Vulcan Materials sendo players proeminentes no setor.<\/p>\n\n\n\n<p>Na Europa, pa\u00edses como Alemanha, It\u00e1lia e Fran\u00e7a s\u00e3o produtores significativos de concreto, com empresas como Heidelberg Cement e Lafarge Holcim.<\/p>\n\n\n\n<h2 class=\"wp-block-heading\">Drivers e restri\u00e7\u00f5es no mercado de concreto<\/h2>\n\n\n\n<p>The growth and evolution of the concrete <a href=\"https:\/\/www.sisinternational.com\/pt\/solucoes\/solucoes-de-branding-e-pesquisa-de-clientes\/pesquisa-de-mercado-de-influenciadores\/\" title=\"Pesquisa de mercado de influenciadores\"  data-wpil-monitor-id=\"9086\">market are influenced<\/a> by a variety of factors. On one hand, there are several drivers propelling the market forward, while on the other hand, some restraints are posing challenges to its growth according to concrete market research.<\/p>\n\n\n\n<h3 class=\"wp-block-heading\">Drivers de mercado:<\/h3>\n\n\n\n<ul class=\"wp-block-list\">\n<li><strong>Urbaniza\u00e7\u00e3o e Desenvolvimento de Infraestruturas:<\/strong> A r\u00e1pida urbaniza\u00e7\u00e3o, especialmente nas economias emergentes, est\u00e1 a criar uma elevada procura de novas infra-estruturas, impulsionando assim o mercado do bet\u00e3o.<\/li>\n\n\n\n<li><strong>Atividades de renova\u00e7\u00e3o e repara\u00e7\u00e3o:<\/strong> Muitas economias desenvolvidas est\u00e3o a testemunhar uma necessidade crescente de repara\u00e7\u00e3o e renova\u00e7\u00e3o de infraestruturas envelhecidas, estimulando ainda mais a procura de bet\u00e3o \u2013 e as empresas podem aproveitar esta oportunidade atrav\u00e9s de pesquisas de mercado concretas.<\/li>\n\n\n\n<li><strong>Avan\u00e7os tecnol\u00f3gicos:<\/strong> Inova\u00e7\u00f5es em tecnologias de concreto, como o desenvolvimento de concreto verde e de alto desempenho, est\u00e3o expandindo as aplica\u00e7\u00f5es do concreto e impulsionando o crescimento do mercado.<\/li>\n<\/ul>\n\n\n\n<h3 class=\"wp-block-heading\">Restri\u00e7\u00f5es de mercado:<\/h3>\n\n\n\n<figure class=\"gb-block-image gb-block-image-f006c66a\"><img loading=\"lazy\" decoding=\"async\" width=\"1456\" height=\"816\" class=\"gb-image gb-image-f006c66a\" src=\"https:\/\/www.sisinternational.com\/wp-content\/uploads\/2025\/08\/Concrete-2.jpg\" alt=\"Pesquisa e Estrat\u00e9gia de Mercado Internacional da SIS\" title=\"Concrete (2)\" srcset=\"https:\/\/www.sisinternational.com\/wp-content\/uploads\/2025\/08\/Concrete-2.jpg 1456w, https:\/\/www.sisinternational.com\/wp-content\/uploads\/2025\/08\/Concrete-2-300x168.jpg 300w, https:\/\/www.sisinternational.com\/wp-content\/uploads\/2025\/08\/Concrete-2-1024x574.jpg 1024w, https:\/\/www.sisinternational.com\/wp-content\/uploads\/2025\/08\/Concrete-2-768x430.jpg 768w, https:\/\/www.sisinternational.com\/wp-content\/uploads\/2025\/08\/Concrete-2-18x10.jpg 18w\" sizes=\"auto, (max-width: 1456px) 100vw, 1456px\"><\/figure>\n\n\n\n<ul class=\"wp-block-list\">\n<li><strong>Preocupa\u00e7\u00f5es ambientais:<\/strong> A produ\u00e7\u00e3o de cimento, componente prim\u00e1rio do concreto, contribui significativamente para as emiss\u00f5es de CO2, representando uma grande preocupa\u00e7\u00e3o ambiental que poderia potencialmente dificultar o crescimento do mercado.<\/li>\n\n\n\n<li><strong>Volatilidade nos pre\u00e7os das mat\u00e9rias-primas:<\/strong> As flutua\u00e7\u00f5es nos pre\u00e7os das mat\u00e9rias-primas, especialmente do cimento, podem representar um desafio significativo para a ind\u00fastria do bet\u00e3o.<\/li>\n\n\n\n<li><strong>Escassez de m\u00e3o de obra:<\/strong> A ind\u00fastria da constru\u00e7\u00e3o, em geral, enfrenta escassez de m\u00e3o de obra que pode afetar o ritmo de crescimento do mercado de concreto.<\/li>\n<\/ul>\n\n\n\n<h2 class=\"wp-block-heading\">Oportunidades no mercado de concreto<\/h2>\n\n\n\n<p>O mercado concreto apresenta diversas oportunidades de crescimento e inova\u00e7\u00e3o que podem ser facilmente descobertas com pesquisas de mercado concretas.<\/p>\n\n\n\n<ul class=\"wp-block-list\">\n<li><strong>Concreto Verde e Sustent\u00e1vel:<\/strong> Com as crescentes preocupa\u00e7\u00f5es ambientais e regulamenta\u00e7\u00f5es mais rigorosas, h\u00e1 uma procura crescente por solu\u00e7\u00f5es concretas verdes e sustent\u00e1veis. Estas incluem a utiliza\u00e7\u00e3o de materiais de cimenta\u00e7\u00e3o suplementares (SCMs) e agregados reciclados, bem como o desenvolvimento de tecnologias de captura e armazenamento de carbono (CCS) na produ\u00e7\u00e3o de cimento.<\/li>\n\n\n\n<li><strong>Concreto de alto desempenho:<\/strong> O concreto de alto desempenho, conhecido por sua durabilidade, resist\u00eancia e trabalhabilidade superiores, oferece oportunidades consider\u00e1veis. A sua utiliza\u00e7\u00e3o pode prolongar a vida \u00fatil da estrutura e reduzir os custos de manuten\u00e7\u00e3o, tornando-a uma escolha apelativa para muitos projetos de constru\u00e7\u00e3o.<\/li>\n\n\n\n<li><strong>Mercados emergentes:<\/strong> Rapid urbanization in emerging economies such as China, India, and Brazil presents significant opportunities. These <a href=\"https:\/\/www.sisinternational.com\/pt\/pericia\/industrias\/pesquisa-de-mercado-de-construcao\/\" title=\"Pesquisa de mercado de constru\u00e7\u00e3o\"  data-wpil-monitor-id=\"9087\">markets are experiencing increased construction<\/a> activities, both in terms of new infrastructure development and renovation of existing structures.<\/li>\n<\/ul>\n\n\n\n<h2 class=\"wp-block-heading\">Desafios enfrentados pelo mercado de concreto<\/h2>\n\n\n\n<p>While the concrete <a href=\"https:\/\/www.sisinternational.com\/pt\/solucoes\/consultoria-estrategica\/pesquisa-de-oportunidade-de-mercado\/\" title=\"Pesquisa de oportunidades de mercado\"  data-wpil-monitor-id=\"9088\">market offers promising opportunities<\/a>, it is also facing several challenges that could influence its growth trajectory, which can be overcome with concrete market research.<\/p>\n\n\n\n<ul class=\"wp-block-list\">\n<li><strong>Impacto ambiental:<\/strong> A produ\u00e7\u00e3o de bet\u00e3o, especialmente de cimento, contribui para uma quantidade significativa de emiss\u00f5es de CO2, representando um desafio ambiental consider\u00e1vel. Isto levou a um maior escrut\u00ednio e regulamenta\u00e7\u00e3o, levando a ind\u00fastria a procurar m\u00e9todos de produ\u00e7\u00e3o mais sustent\u00e1veis.<\/li>\n\n\n\n<li><strong>Volatilidade dos pre\u00e7os das mat\u00e9rias-primas:<\/strong> The costs of key components such as cement and aggregate, often experience price fluctuations due to changes in demand and supply, transport costs, and geopolitical events. This volatility can impact profit <a href=\"https:\/\/www.sisinternational.com\/pt\/solucoes\/pesquisa-de-consultoria-em-estrategia-fintech\/pesquisa-de-mercado-de-margem-de-preco\/\" title=\"Pesquisa de mercado com margem de pre\u00e7o\"  data-wpil-monitor-id=\"9091\">margins and create unpredictability in the market<\/a>.<\/li>\n\n\n\n<li><strong>Escassez de m\u00e3o de obra:<\/strong> Like many sectors within the construction industry, the concrete <a href=\"https:\/\/www.sisinternational.com\/pt\/pericia\/industrias\/pesquisa-de-mercado-de-trabalho\/\" title=\"Pesquisa de Mercado de Trabalho\"  data-wpil-monitor-id=\"9089\">market faces labor<\/a> shortages. Difficulty in attracting and retaining skilled labor can affect production rates and the timely completion of projects.<\/li>\n\n\n\n<li><strong>Produ\u00e7\u00e3o com uso intensivo de energia:<\/strong> A produ\u00e7\u00e3o de concreto, especialmente a fabrica\u00e7\u00e3o de cimento, consome muita energia, contribuindo para custos operacionais e impactos ambientais. O aumento dos pre\u00e7os da energia e a necessidade de reduzir as emiss\u00f5es est\u00e3o a pressionar a ind\u00fastria a melhorar a efici\u00eancia energ\u00e9tica.<\/li>\n<\/ul>\n\n\n\n<h2 class=\"wp-block-heading\">Inova\u00e7\u00f5es Tecnol\u00f3gicas na Ind\u00fastria do Concreto<\/h2>\n\n\n\n<figure class=\"gb-block-image gb-block-image-35a46a88\"><img loading=\"lazy\" decoding=\"async\" width=\"1456\" height=\"816\" class=\"gb-image gb-image-35a46a88\" src=\"https:\/\/www.sisinternational.com\/wp-content\/uploads\/2025\/08\/Concrete-5.jpg\" alt=\"Pesquisa e Estrat\u00e9gia de Mercado Internacional da SIS\" title=\"Concrete (5)\" srcset=\"https:\/\/www.sisinternational.com\/wp-content\/uploads\/2025\/08\/Concrete-5.jpg 1456w, https:\/\/www.sisinternational.com\/wp-content\/uploads\/2025\/08\/Concrete-5-300x168.jpg 300w, https:\/\/www.sisinternational.com\/wp-content\/uploads\/2025\/08\/Concrete-5-1024x574.jpg 1024w, https:\/\/www.sisinternational.com\/wp-content\/uploads\/2025\/08\/Concrete-5-768x430.jpg 768w, https:\/\/www.sisinternational.com\/wp-content\/uploads\/2025\/08\/Concrete-5-18x10.jpg 18w\" sizes=\"auto, (max-width: 1456px) 100vw, 1456px\"><\/figure>\n\n\n\n<p><\/p>\n\n\n\n<p>The concrete <a href=\"https:\/\/www.sisinternational.com\/pt\/solucoes\/pesquisa-de-mercado-de-ia-e-consultoria-estrategica\/consultoria-de-inteligencia-artificial-de-automacao-da-industria-de-tecnologia\/\" title=\"Consultoria em Automa\u00e7\u00e3o da Ind\u00fastria de Tecnologia e Intelig\u00eancia Artificial\"  data-wpil-monitor-id=\"9090\">industry is increasingly turning to technology<\/a> and innovation to address its challenges, drive efficiency, and unlock new opportunities. Here are some of the key technological innovations shaping the concrete market that have previously been unveiled through concrete market research:<\/p>\n\n\n\n<ul class=\"wp-block-list\">\n<li><strong>impressao 3D:<\/strong> O uso da impress\u00e3o 3D em concreto \u00e9 uma tend\u00eancia crescente. Permite a cria\u00e7\u00e3o de formas e estruturas complexas e pode reduzir significativamente o tempo e o desperd\u00edcio de constru\u00e7\u00e3o. Com pesquisas de mercado concretas, as empresas globais podem capitalizar esta tend\u00eancia.<\/li>\n\n\n\n<li><strong>Concreto Inteligente:<\/strong> Esse tipo de concreto cont\u00e9m sensores que podem monitorar aspectos como tens\u00f5es, temperatura e vibra\u00e7\u00f5es, fornecendo dados em tempo real sobre a sa\u00fade estrutural de um edif\u00edcio ou infraestrutura.<\/li>\n\n\n\n<li><strong>Captura e Armazenamento de Carbono (CCS):<\/strong> Em resposta ao impacto ambiental da produ\u00e7\u00e3o de cimento, a ind\u00fastria est\u00e1 a explorar tecnologias CCS. Estes captam as emiss\u00f5es de CO2 das f\u00e1bricas de cimento e armazenam-nas no subsolo, reduzindo significativamente a pegada de carbono da ind\u00fastria.<\/li>\n<\/ul>\n\n\n\n<h2 class=\"wp-block-heading\">Futuro do Mercado de Concreto<\/h2>\n\n\n\n<p>Through concrete market research, it is possible to determine some of the <a href=\"https:\/\/www.sisinternational.com\/pt\/future-trends-in-qualitative-market-research\/\" title=\"Future Trends in Qualitative Market Research\"  data-wpil-monitor-id=\"9085\">future trends in this market<\/a>. Some of the most evident trends are the following:<\/p>\n\n\n\n<ul class=\"wp-block-list\">\n<li><strong>Aumento da demanda:<\/strong> A procura de bet\u00e3o dever\u00e1 crescer, impulsionada pelo aumento da urbaniza\u00e7\u00e3o, especialmente nas economias emergentes. Haver\u00e1 tamb\u00e9m uma procura sustentada nas economias desenvolvidas devido \u00e0 necessidade de manter e substituir infra-estruturas envelhecidas.<\/li>\n\n\n\n<li><strong>Sustentabilidade:<\/strong> A busca pela sustentabilidade ser\u00e1 uma tend\u00eancia importante que moldar\u00e1 o futuro da ind\u00fastria do concreto. \u00c0 medida que as regulamenta\u00e7\u00f5es ambientais se tornam mais rigorosas, haver\u00e1 uma maior adop\u00e7\u00e3o de bet\u00e3o verde, pr\u00e1ticas de reciclagem e tecnologias de captura de carbono.<\/li>\n\n\n\n<li><strong>Inova\u00e7\u00f5es Tecnol\u00f3gicas:<\/strong> O futuro da ind\u00fastria do concreto tamb\u00e9m ser\u00e1 moldado por inova\u00e7\u00f5es tecnol\u00f3gicas. Os avan\u00e7os no concreto autocur\u00e1vel, no concreto inteligente e na impress\u00e3o 3D de concreto oferecer\u00e3o novas oportunidades para a ind\u00fastria.<\/li>\n\n\n\n<li><strong>Resili\u00eancia:<\/strong> A pandemia de COVID-19 destacou a necessidade de resili\u00eancia face \u00e0s perturba\u00e7\u00f5es globais. No futuro, as empresas do mercado concreto ter\u00e3o de desenvolver cadeias de abastecimento e modelos de neg\u00f3cio mais resilientes para mitigar riscos futuros, de acordo com pesquisas de mercado concretas.<\/li>\n<\/ul>","protected":false},"excerpt":{"rendered":"<p>A pesquisa concreta de mercado permite que as empresas se mantenham a par das inova\u00e7\u00f5es e tend\u00eancias do mercado e aproveitem as oportunidades.<\/p>","protected":false},"author":1,"featured_media":64243,"parent":84498,"menu_order":318,"comment_status":"closed","ping_status":"closed","template":"","meta":{"footnotes":""},"class_list":["post-42977","page","type-page","status-publish","has-post-thumbnail"],"_links":{"self":[{"href":"https:\/\/www.sisinternational.com\/pt\/wp-json\/wp\/v2\/pages\/42977","targetHints":{"allow":["GET"]}}],"collection":[{"href":"https:\/\/www.sisinternational.com\/pt\/wp-json\/wp\/v2\/pages"}],"about":[{"href":"https:\/\/www.sisinternational.com\/pt\/wp-json\/wp\/v2\/types\/page"}],"author":[{"embeddable":true,"href":"https:\/\/www.sisinternational.com\/pt\/wp-json\/wp\/v2\/users\/1"}],"replies":[{"embeddable":true,"href":"https:\/\/www.sisinternational.com\/pt\/wp-json\/wp\/v2\/comments?post=42977"}],"version-history":[{"count":4,"href":"https:\/\/www.sisinternational.com\/pt\/wp-json\/wp\/v2\/pages\/42977\/revisions"}],"predecessor-version":[{"id":81521,"href":"https:\/\/www.sisinternational.com\/pt\/wp-json\/wp\/v2\/pages\/42977\/revisions\/81521"}],"up":[{"embeddable":true,"href":"https:\/\/www.sisinternational.com\/pt\/wp-json\/wp\/v2\/pages\/84498"}],"wp:featuredmedia":[{"embeddable":true,"href":"https:\/\/www.sisinternational.com\/pt\/wp-json\/wp\/v2\/media\/64243"}],"wp:attachment":[{"href":"https:\/\/www.sisinternational.com\/pt\/wp-json\/wp\/v2\/media?parent=42977"}],"curies":[{"name":"wp","href":"https:\/\/api.w.org\/{rel}","templated":true}]}}