{"id":42926,"date":"2023-07-26T14:37:01","date_gmt":"2023-07-26T18:37:01","guid":{"rendered":"https:\/\/www.sisinternational.com\/?page_id=42926"},"modified":"2025-10-29T23:56:31","modified_gmt":"2025-10-30T03:56:31","slug":"pesquisa-de-mercado-tampa-florida","status":"publish","type":"page","link":"https:\/\/www.sisinternational.com\/pt\/cobertura\/north-america\/cobertura-dos-eua\/pesquisa-de-mercado-tampa-florida\/","title":{"rendered":"Pesquisa de mercado em Tampa, Fl\u00f3rida"},"content":{"rendered":"<h1 class=\"wp-block-heading\">Pesquisa de mercado em Tampa, Fl\u00f3rida<\/h1>\n\n\n\n<figure class=\"gb-block-image gb-block-image-8c63ec84\"><img loading=\"lazy\" decoding=\"async\" width=\"1456\" height=\"816\" class=\"gb-image gb-image-8c63ec84\" src=\"https:\/\/www.sisinternational.com\/wp-content\/uploads\/2025\/09\/Jacksonville-Florida-2.jpg\" alt=\"Pesquisa e Estrat\u00e9gia de Mercado Internacional da SIS\" title=\"Jacksonville Florida (2)\" srcset=\"https:\/\/www.sisinternational.com\/wp-content\/uploads\/2025\/09\/Jacksonville-Florida-2.jpg 1456w, https:\/\/www.sisinternational.com\/wp-content\/uploads\/2025\/09\/Jacksonville-Florida-2-300x168.jpg 300w, https:\/\/www.sisinternational.com\/wp-content\/uploads\/2025\/09\/Jacksonville-Florida-2-1024x574.jpg 1024w, https:\/\/www.sisinternational.com\/wp-content\/uploads\/2025\/09\/Jacksonville-Florida-2-768x430.jpg 768w, https:\/\/www.sisinternational.com\/wp-content\/uploads\/2025\/09\/Jacksonville-Florida-2-18x10.jpg 18w\" sizes=\"auto, (max-width: 1456px) 100vw, 1456px\"><\/figure>\n\n\n\n<p><\/p>\n\n\n\n<hr class=\"wp-block-separator has-alpha-channel-opacity is-style-dots\"\/>\n\n\n\n<p>A cidade de Tampa tem uma economia florescente e uma popula\u00e7\u00e3o diversificada \u2013 e a pesquisa de mercado assume um papel crucial para obter insights profundos sobre a din\u00e2mica do mercado, o comportamento do consumidor, a concorr\u00eancia e as tend\u00eancias da ind\u00fastria de Tampa.<\/p>\n\n\n\n<p>Por isso, compreender o mercado de Tampa (seus consumidores, suas caracter\u00edsticas \u00fanicas, seus desafios e oportunidades) requer uma abordagem s\u00f3lida e abrangente que os especialistas neste mercado j\u00e1 possuem. Esta abordagem precisa n\u00e3o apenas capturar as tend\u00eancias gerais do mercado, mas tamb\u00e9m revelar os detalhes sutis que podem fazer a diferen\u00e7a em um ambiente de neg\u00f3cios altamente competitivo.<\/p>\n\n\n\n<p><\/p>\n\n\n\n<div class=\"wp-block-columns has-global-color-9-color has-text-color has-background has-link-color wp-elements-b942dd1e4cb4ad704b2a5f8b5947cdf5 is-layout-flex wp-container-core-columns-is-layout-9d6595d7 wp-block-columns-is-layout-flex\" style=\"background-color:#f7f9fa6e\">\n<div class=\"wp-block-column is-layout-flow wp-block-column-is-layout-flow\" style=\"flex-basis:18%\"><\/div>\n\n\n\n<div class=\"wp-block-column is-vertically-aligned-center is-layout-flow wp-block-column-is-layout-flow\" style=\"flex-basis:71.28%\">\n<div class=\"wp-block-rank-math-toc-block aligncenter has-global-color-9-color has-text-color has-link-color wp-elements-ee889757fe9c4eb434e2b529c6c61512\" style=\"font-size:16px\" id=\"rank-math-toc\"><h2><br><strong>T<\/strong>able of Contents<\/h2><nav><ul><li class=\"\"><a href=\"#tampas-market-profile\">Perfil de mercado de Tampa<\/a><\/li><li class=\"\"><a href=\"#digital-market-research-in-tampa-florida\">Pesquisa de mercado digital em Tampa, Fl\u00f3rida<\/a><\/li><li class=\"\"><a href=\"#opportunities-in-conducting-market-research-in-tampa-florida\">Oportunidades na realiza\u00e7\u00e3o de pesquisas de mercado em Tampa, Fl\u00f3rida<\/a><\/li><li class=\"\"><a href=\"#challenges-in-conducting-market-research-in-tampa\">Desafios na condu\u00e7\u00e3o de pesquisas de mercado em Tampa<\/a><\/li><\/ul><\/nav><\/div>\n<\/div>\n<\/div>\n\n\n\n<p><\/p>\n\n\n\n<h2 class=\"wp-block-heading\" id=\"tampas-market-profile\">Perfil de mercado de Tampa<\/h2>\n\n\n\n<p>A economia de Tampa \u00e9 diversificada, oferecendo uma mistura de setores tradicionais e emergentes, como finan\u00e7as, sa\u00fade, turismo e imobili\u00e1rio. No entanto, ao longo dos \u00faltimos anos, Tampa registou um crescimento impressionante no sector da tecnologia e inova\u00e7\u00e3o, com um aumento no n\u00famero de startups tecnol\u00f3gicas e no desenvolvimento de centros de inova\u00e7\u00e3o.<\/p>\n\n\n\n<p>Por outro lado, os consumidores de Tampa s\u00e3o conhecidos pela sua sofistica\u00e7\u00e3o e adaptabilidade. Eles adotam rapidamente novas tecnologias, produtos e servi\u00e7os, tornando Tampa um campo de testes ideal para ofertas inovadoras. Ao mesmo tempo, os consumidores de Tampa valorizam a qualidade e a autenticidade, privilegiando empresas que oferecem produtos de qualidade superior e demonstram compromisso com a comunidade local.<\/p>\n\n\n\n<h3 class=\"wp-block-heading\">A import\u00e2ncia da pesquisa de mercado em Tampa para se destacar<\/h3>\n\n\n\n<figure class=\"gb-block-image gb-block-image-82faff04\"><img loading=\"lazy\" decoding=\"async\" width=\"1456\" height=\"816\" class=\"gb-image gb-image-82faff04\" src=\"https:\/\/www.sisinternational.com\/wp-content\/uploads\/2025\/09\/Jacksonville-Florida-1.jpg\" alt=\"Pesquisa e Estrat\u00e9gia de Mercado Internacional da SIS\" title=\"Jacksonville Florida (1)\" srcset=\"https:\/\/www.sisinternational.com\/wp-content\/uploads\/2025\/09\/Jacksonville-Florida-1.jpg 1456w, https:\/\/www.sisinternational.com\/wp-content\/uploads\/2025\/09\/Jacksonville-Florida-1-300x168.jpg 300w, https:\/\/www.sisinternational.com\/wp-content\/uploads\/2025\/09\/Jacksonville-Florida-1-1024x574.jpg 1024w, https:\/\/www.sisinternational.com\/wp-content\/uploads\/2025\/09\/Jacksonville-Florida-1-768x430.jpg 768w, https:\/\/www.sisinternational.com\/wp-content\/uploads\/2025\/09\/Jacksonville-Florida-1-18x10.jpg 18w\" sizes=\"auto, (max-width: 1456px) 100vw, 1456px\"><\/figure>\n\n\n\n<p><\/p>\n\n\n\n<p>A pesquisa de mercado em Tampa pode fornecer \u00e0s empresas as informa\u00e7\u00f5es cr\u00edticas de que necessitam para compreender o mercado \u2013 e, em \u00faltima an\u00e1lise, alcan\u00e7ar o sucesso nesta cidade vibrante. Portanto, alguns dos benef\u00edcios mais destacados s\u00e3o:<\/p>\n\n\n\n<ul class=\"wp-block-list\">\n<li><strong>Compreendendo o mercado diversificado:<\/strong> O perfil econ\u00f3mico e demogr\u00e1fico diversificado de Tampa significa que as empresas precisam de compreender uma vasta gama de comportamentos e prefer\u00eancias dos consumidores. Consequentemente, a pesquisa de mercado em Tampa fornece insights sobre estes aspectos, permitindo que as empresas adaptem os seus produtos ou servi\u00e7os para atender \u00e0s necessidades espec\u00edficas dos diferentes grupos demogr\u00e1ficos dos consumidores.<\/li>\n\n\n\n<li><strong>Ficar \u00e0 frente da concorr\u00eancia:<\/strong> A pesquisa de mercado em Tampa oferece uma compreens\u00e3o abrangente do cen\u00e1rio competitivo, incluindo as estrat\u00e9gias, pontos fortes e fracos dos concorrentes. Este conhecimento pode ajudar as empresas a identificar oportunidades de diferencia\u00e7\u00e3o e vantagem competitiva num ambiente de neg\u00f3cios altamente competitivo (que est\u00e1 a tornar-se ainda mais competitivo).<\/li>\n\n\n\n<li><strong>Identificando oportunidades e riscos de mercado:<\/strong> A pesquisa de mercado em Tampa apoia as empresas na identifica\u00e7\u00e3o de tend\u00eancias emergentes, oportunidades potenciais e riscos no mercado. Estes estudos podem identificar rapidamente uma procura crescente de um determinado produto, mudan\u00e7as nos h\u00e1bitos de consumo dos consumidores, mudan\u00e7as econ\u00f3micas ou o impacto de novas regulamenta\u00e7\u00f5es.<\/li>\n\n\n\n<li><strong>Testando novos produtos e servi\u00e7os:<\/strong> Dada a natureza adaptativa e sofisticada dos consumidores de Tampa, a cidade oferece um ambiente ideal para testar novos produtos, servi\u00e7os e estrat\u00e9gias de marketing. \u00c9 por isso que a pesquisa de mercado em Tampa ajuda as empresas a avaliar as respostas dos consumidores a estas novas ideias antes de um lan\u00e7amento em grande escala, reduzindo o risco de falhas dispendiosas.<\/li>\n<\/ul>\n\n\n\n<p><\/p>\n\n\n\n<!DOCTYPE html>\n<html lang=\"en\">\n<head>\n    <meta charset=\"UTF-8\">\n    <meta name=\"viewport\" content=\"width=device-width, initial-scale=1.0\">\n    <title>Tampa, FL Market Data<\/title>\n    <style>\n        \/* Responsive Table & SIS International-inspired Styling\n          - Uses corporate blue and a clean, sans-serif font.\n          - Fully responsive design ensures no page distortion on any device.\n        *\/\n        \n        .sis-table-container {\n            font-family: -apple-system, BlinkMacSystemFont, \"Segoe UI\", Roboto, Helvetica, Arial, sans-serif;\n            margin: 2em 0;\n            width: 100%;\n            \/* Allows horizontal scroll on small screens to prevent page distortion *\/\n            overflow-x: auto;\n            -webkit-overflow-scrolling: touch; \/* Smooth scrolling on iOS *\/\n        }\n\n        .sis-table-container h3 {\n            font-size: 1.5rem; \/* 24px *\/\n            font-weight: 600;\n            color: #333;\n            margin-bottom: 0.75em;\n            padding: 0;\n        }\n\n        .sis-table {\n            width: 100%;\n            border-collapse: collapse;\n            min-width: 550px; \/* Ensures table structure holds, container scrolls if needed *\/\n        }\n\n        .sis-table th,\n        .sis-table td {\n            padding: 12px 15px;\n            text-align: left;\n            line-height: 1.5;\n        }\n\n        \/* Header Styling *\/\n        .sis-table thead th {\n            background-color: #005cbf; \/* SIS corporate blue *\/\n            color: #ffffff;\n            font-weight: 600;\n            font-size: 0.9rem; \n            text-transform: uppercase;\n            letter-spacing: 0.5px;\n        }\n\n        \/* Body Styling *\/\n        .sis-table tbody tr {\n            border-bottom: 1px solid #ddd;\n        }\n\n        .sis-table tbody tr:nth-of-type(even) {\n            background-color: #f8f8f8; \/* Light gray alternate rows *\/\n        }\n\n        .sis-table tbody tr:last-of-type {\n            border-bottom: 2px solid #005cbf; \/* Match header blue *\/\n        }\n\n        .sis-table td {\n            color: #444;\n            font-size: 0.95rem; \n            vertical-align: top;\n        }\n        \n        \/* Align data cells *\/\n        .sis-table td:nth-child(2) {\n            text-align: right;\n            white-space: nowrap; \/* Prevents long numbers from wrapping *\/\n        }\n         .sis-table th:nth-child(2) {\n            text-align: right;\n        }\n\n        .sis-table-container .source-caption {\n            margin-top: 10px;\n            font-size: 0.85rem; \n            color: #555;\n            font-style: italic;\n        }\n\n        .sis-table-container .source-caption a {\n            color: #005cbf; \/* Match brand blue *\/\n            text-decoration: none;\n        }\n\n        .sis-table-container .source-caption a:hover {\n            text-decoration: underline;\n        }\n    <\/style>\n<\/head>\n<body>\n\n    <!-- \n      HTML for WordPress:\n      Copy and paste the code from .sis-table-container start to end into a Custom HTML block.\n    -->\n    <div class=\"sis-table-container\">\n        \n        <h3>Tampa, Florida Key Economic and Market Indicators<\/h3>\n\n        <table class=\"sis-table\">\n            <thead>\n                <tr>\n                    <th>Indicator<\/th>\n                    <th>Value (Recent Estimate)<\/th>\n                <\/tr>\n            <\/thead>\n            <tbody>\n                <tr>\n                    <td>Tampa Metro Area (MSA) Population<\/td>\n                    <td>~3.2 Million<\/td>\n                <\/tr>\n                <tr>\n                    <td>Median Household Income<\/td>\n                    <td>~$65,000<\/td>\n                <\/tr>\n                <tr>\n                    <td>Principais setores econ\u00f4micos<\/td>\n                    <td>Financial Services, Healthcare, Logistics\/Trade<\/td>\n                <\/tr>\n                 <tr>\n                    <td>Annualized GDP Growth Rate (Metro)<\/td>\n                    <td>Consistent Positive Growth Rate<\/td>\n                <\/tr>\n                 <tr>\n                    <td>Unemployment Rate<\/td>\n                    <td>Consistently Below National Average<\/td>\n                <\/tr>\n            <\/tbody>\n        <\/table>\n\n        <p class=\"source-caption\">\n             Source: Data derived from the <a href=\"https:\/\/data.census.gov\/cedsci\/\" target=\"_blank\" rel=\"noopener noreferrer\">U.S. Census Bureau<\/a> e <a href=\"https:\/\/www.bls.gov\/eag\/eag.fl_tampa_msa.htm\" target=\"_blank\" rel=\"noopener noreferrer\">Bureau of Labor Statistics (BLS)<\/a> reports from recent periods.\n        <\/p>\n\n    <\/div>\n\n<\/body>\n<\/html>\n\n\n\n<p><\/p>\n\n\n\n<h2 class=\"wp-block-heading\" id=\"digital-market-research-in-tampa-florida\">Pesquisa de mercado digital em Tampa, Fl\u00f3rida<\/h2>\n\n\n\n<p>In the digital age, market research has evolved significantly and traditional methods are complemented by digital techniques that leverage the vast amounts of data available online. Tampa, with its tech-savvy population and growing digital economy, is an ideal environment for <a href=\"https:\/\/www.sisinternational.com\/pt\/sis-lanca-novas-solucoes-de-pesquisa-digital\/\" title=\"SIS lan\u00e7a novas solu\u00e7\u00f5es de Pesquisa Digital\" data-wpil-monitor-id=\"9773\">digital market research<\/a>.<\/p>\n\n\n\n<ul class=\"wp-block-list\">\n<li><strong>Pesquisas e enquetes on-line:<\/strong> Este \u00e9 um dos m\u00e9todos mais comuns de pesquisa de mercado digital em Tampa. Essas ferramentas fornecem insights cr\u00edticos sobre as prefer\u00eancias, atitudes e comportamentos do consumidor. Eles tamb\u00e9m permitem que as empresas alcancem um grupo grande e diversificado de entrevistados de maneira econ\u00f4mica e eficiente.<\/li>\n\n\n\n<li><strong>An\u00e1lise de m\u00eddia social:<\/strong> Social media platforms are rich sources of consumer data nowadays. By analyzing likes, shares, comments, and other forms of engagement, businesses can gain insights into consumer sentiment and trends. Social media analytics can also help businesses monitor their <a href=\"https:\/\/www.sisinternational.com\/pt\/publicidade-de-choque-e-marketing-de-choque\/\" title=\"Publicidade de choque e marketing de choque\" data-wpil-monitor-id=\"9777\">brand<\/a> reputation and understand the impact of their marketing campaigns.<\/li>\n\n\n\n<li><strong>An\u00e1lise da Web:<\/strong> Web analytics can provide detailed insights into how consumers interact with a business&#8217;s online presence. This can include metrics such as website visit duration, bounce rates, and conversion rates. Such data can help businesses optimize their websites and <a href=\"https:\/\/www.sisinternational.com\/pt\/estrategia-de-marketing-completa-para-uma-empresa-americana-de-financas-pessoais-online\/\" title=\"Estrat\u00e9gia de marketing completa para uma empresa americana de finan\u00e7as pessoais online\" data-wpil-monitor-id=\"9795\">online marketing strategies<\/a> to better serve their customers and achieve their business objectives.<\/li>\n\n\n\n<li><strong>Intelig\u00eancia Artificial (IA) e Big Data:<\/strong> These technologies can process vast amounts of data from diverse sources to uncover patterns and trends that might be missed by traditional <a href=\"https:\/\/www.sisinternational.com\/pt\/quantitative-market-research-methods-and-techniques\/\" title=\"Quantitative Market Research Methods and Techniques\" data-wpil-monitor-id=\"9780\">market research methods<\/a>. They can also provide predictive analytics and a level of automation never seen before, enabling companies to forecast <a href=\"https:\/\/www.sisinternational.com\/pt\/future-trends-in-qualitative-market-research\/\" title=\"Future Trends in Qualitative Market Research\" data-wpil-monitor-id=\"9792\">future market trends<\/a> and consumer behaviors.<\/li>\n\n\n\n<li><strong><a href=\"https:\/\/www.sisinternational.com\/pt\/solucoes\/solucoes-de-pesquisa-quantitativa-qualitativa\/grupos-focais-on-line\/\" title=\"Grupos de foco on-line\" data-wpil-monitor-id=\"9782\">Grupos de foco on-line<\/a> and Interviews:<\/strong> Grupos focais e entrevistas online podem fornecer insights qualitativos sobre as atitudes e comportamentos dos consumidores. Esses m\u00e9todos digitais permitem um formato mais flex\u00edvel e conveniente para empresas e participantes, em compara\u00e7\u00e3o com os m\u00e9todos presenciais tradicionais.<\/li>\n<\/ul>\n\n\n\n<h2 class=\"wp-block-heading\" id=\"opportunities-in-conducting-market-research-in-tampa-florida\">Oportunidades na realiza\u00e7\u00e3o de pesquisas de mercado em Tampa, Fl\u00f3rida<\/h2>\n\n\n\n<figure class=\"gb-block-image gb-block-image-717c215b\"><img loading=\"lazy\" decoding=\"async\" width=\"1456\" height=\"816\" class=\"gb-image gb-image-717c215b\" src=\"https:\/\/www.sisinternational.com\/wp-content\/uploads\/2025\/09\/Tallahassee-Florida-5.jpg\" alt=\"Pesquisa e Estrat\u00e9gia de Mercado Internacional da SIS\" title=\"Tallahassee, Florida (5)\" srcset=\"https:\/\/www.sisinternational.com\/wp-content\/uploads\/2025\/09\/Tallahassee-Florida-5.jpg 1456w, https:\/\/www.sisinternational.com\/wp-content\/uploads\/2025\/09\/Tallahassee-Florida-5-300x168.jpg 300w, https:\/\/www.sisinternational.com\/wp-content\/uploads\/2025\/09\/Tallahassee-Florida-5-1024x574.jpg 1024w, https:\/\/www.sisinternational.com\/wp-content\/uploads\/2025\/09\/Tallahassee-Florida-5-768x430.jpg 768w, https:\/\/www.sisinternational.com\/wp-content\/uploads\/2025\/09\/Tallahassee-Florida-5-18x10.jpg 18w\" sizes=\"auto, (max-width: 1456px) 100vw, 1456px\"><\/figure>\n\n\n\n<p><\/p>\n\n\n\n<p>A realiza\u00e7\u00e3o de pesquisas de mercado em Tampa apresenta \u00e0s empresas uma s\u00e9rie de oportunidades para compreender a din\u00e2mica do mercado, otimizar suas opera\u00e7\u00f5es e permanecer \u00e0 frente da concorr\u00eancia. Aqui est\u00e3o algumas oportunidades not\u00e1veis:<\/p>\n\n\n\n<ul class=\"wp-block-list\">\n<li><strong>Capitalizando o crescente setor de tecnologia de Tampa:<\/strong> O setor tecnol\u00f3gico de Tampa est\u00e1 a registar um r\u00e1pido crescimento, atraindo consumidores conhecedores de tecnologia e promovendo uma cultura de inova\u00e7\u00e3o. Esta \u00e9 uma situa\u00e7\u00e3o favor\u00e1vel para novos empreendimentos e empresas consolidadas no mercado que desejam ingressar em Tampa.<\/li>\n\n\n\n<li><strong>Acesso a fontes de dados ricas:<\/strong> A infraestrutura digital avan\u00e7ada de Tampa e o uso generalizado de plataformas digitais entre os consumidores proporcionam \u00e0s empresas acesso a uma riqueza de dados. Esses dados podem fornecer insights em tempo real sobre o comportamento do consumidor, tend\u00eancias de mercado e din\u00e2mica competitiva, oferecendo oportunidades valiosas para as empresas obterem vantagem competitiva.<\/li>\n\n\n\n<li><strong>Aproveitando o crescimento econ\u00f4mico de Tampa:<\/strong> A economia de Tampa est\u00e1 a crescer a um ritmo r\u00e1pido, criando novas oportunidades para empresas em v\u00e1rios sectores. A pesquisa de mercado pode ajudar as empresas a manterem-se informadas sobre as tend\u00eancias econ\u00f3micas, identificar oportunidades emergentes e desenvolver estrat\u00e9gias para capitalizar este crescimento.<\/li>\n<\/ul>\n\n\n\n<h2 class=\"wp-block-heading\" id=\"challenges-in-conducting-market-research-in-tampa\">Desafios na condu\u00e7\u00e3o de pesquisas de mercado em Tampa<\/h2>\n\n\n\n<p>Embora a realiza\u00e7\u00e3o de pesquisas de mercado em Tampa ofere\u00e7a in\u00fameras vantagens e oportunidades, tamb\u00e9m apresenta v\u00e1rios desafios que as empresas precisam considerar antes de investir nesta cidade.<\/p>\n\n\n\n<ul class=\"wp-block-list\">\n<li><strong>Acompanhando as mudan\u00e7as r\u00e1pidas:<\/strong> Tampa&#8217;s market is dynamic, with consumer preferences, market trends, and competitive dynamics changing rapidly. Thus, keeping up with these changes and ensuring that <a href=\"https:\/\/www.sisinternational.com\/pt\/pericia\/industrias\/dados-de-treinamento-pesquisa-de-mercado\/\" title=\"Pesquisa de mercado de dados de treinamento\" data-wpil-monitor-id=\"9785\">market research data<\/a> remains current and relevant can be a challenging task.<\/li>\n\n\n\n<li><strong>Navegando em um cen\u00e1rio competitivo:<\/strong> O ambiente de neg\u00f3cios em Tampa \u00e9 altamente competitivo, com in\u00fameras empresas disputando uma fatia do mercado em v\u00e1rios setores. Portanto, obter informa\u00e7\u00f5es precisas e detalhadas sobre a concorr\u00eancia pode ser um desafio, mas \u00e9 crucial para o desenvolvimento de estrat\u00e9gias empresariais eficazes.<\/li>\n\n\n\n<li><strong>Gerenciando grandes volumes de dados:<\/strong> A era digital trouxe uma abund\u00e2ncia de dados dispon\u00edveis para pesquisas de mercado. No entanto, gerenciar e compreender esses grandes volumes de dados pode ser um desafio. As empresas precisam de habilidades e ferramentas avan\u00e7adas de an\u00e1lise de dados para extrair insights significativos desses dados.<\/li>\n<\/ul>\n\n\n\n<p><\/p>\n\n\n<h2>Localiza\u00e7\u00e3o de nossas instala\u00e7\u00f5es em Nova York<\/h2>\n<p><!-- \/wp:post-content --> <!-- wp:html --> <iframe loading=\"lazy\" src=\"https:\/\/www.google.com\/maps\/embed?pb=!1m18!1m12!1m3!1d3022.976188376966!2d-73.99130312499956!3d40.740549471389315!2m3!1f0!2f0!3f0!3m2!1i1024!2i768!4f13.1!3m3!1m2!1s0x89c259a15798c731%3A0xd695d09bdd495f25!2s11%20E%2022nd%20St%20FL%202%2C%20New%20York%2C%20NY%2010010%2C%20USA!5e0!3m2!1sen!2spe!4v1726171763526!5m2!1sen!2spe\" width=\"600\" height=\"450\" allowfullscreen=\"allowfullscreen\" data-mce-fragment=\"1\"><\/iframe> <!-- \/wp:html --> <!-- wp:paragraph --><\/p>\n<h3 class=\"wp-block-heading\">11 E 22nd Street, andar 2, Nova York, NY 10010 T: +1(212) 505-6805<\/h3>\n<hr \/>\n<h2><span style=\"font-weight: 400;\">Sobre SIS Internacional<\/span><\/h2>\n<p><a href=\"https:\/\/www.sisinternational.com\/pt\/\"><span style=\"font-weight: 400;\">SIS Internacional<\/span><\/a><span style=\"font-weight: 400;\"> offers Quantitative, Qualitative, and Strategy Research. We provide data, tools, strategies, reports, and insights for decision-making. We also conduct interviews, surveys, focus groups, and other <a href=\"https:\/\/www.sisinternational.com\/pt\/pericia\/industrias\/pesquisa-de-mercado-automotivo\/clinicas-de-carros-estaticos-vs-dinamicos\/\" title=\"Market Research Methods for Automotive Research &#8211; Static vs Dynamic Car Clinics\" data-wpil-monitor-id=\"9789\">Market Research methods<\/a> and approaches.<\/span><a href=\"https:\/\/www.sisinternational.com\/pt\/sobre-a-sis-international-research\/contact-sis-international-market-research\/\"><span style=\"font-weight: 400;\"> Entre em contato conosco<\/span><\/a><span style=\"font-weight: 400;\"> para o seu pr\u00f3ximo projeto de pesquisa de mercado.<\/span><\/p>\n<p><!-- wp:heading --><\/p>\n<h2 id=\"about-sis-international\" class=\"wp-block-heading\">\u00a0<\/h2>\n<p><!-- \/wp:heading --><\/p>","protected":false},"excerpt":{"rendered":"<p>Ao realizar pesquisas de mercado em Tampa, as empresas podem usar insights de mercado para melhorar as opera\u00e7\u00f5es e obter vantagem competitiva.<\/p>","protected":false},"author":1,"featured_media":66579,"parent":19303,"menu_order":66,"comment_status":"closed","ping_status":"closed","template":"","meta":{"footnotes":""},"class_list":["post-42926","page","type-page","status-publish","has-post-thumbnail"],"_links":{"self":[{"href":"https:\/\/www.sisinternational.com\/pt\/wp-json\/wp\/v2\/pages\/42926","targetHints":{"allow":["GET"]}}],"collection":[{"href":"https:\/\/www.sisinternational.com\/pt\/wp-json\/wp\/v2\/pages"}],"about":[{"href":"https:\/\/www.sisinternational.com\/pt\/wp-json\/wp\/v2\/types\/page"}],"author":[{"embeddable":true,"href":"https:\/\/www.sisinternational.com\/pt\/wp-json\/wp\/v2\/users\/1"}],"replies":[{"embeddable":true,"href":"https:\/\/www.sisinternational.com\/pt\/wp-json\/wp\/v2\/comments?post=42926"}],"version-history":[{"count":6,"href":"https:\/\/www.sisinternational.com\/pt\/wp-json\/wp\/v2\/pages\/42926\/revisions"}],"predecessor-version":[{"id":81628,"href":"https:\/\/www.sisinternational.com\/pt\/wp-json\/wp\/v2\/pages\/42926\/revisions\/81628"}],"up":[{"embeddable":true,"href":"https:\/\/www.sisinternational.com\/pt\/wp-json\/wp\/v2\/pages\/19303"}],"wp:featuredmedia":[{"embeddable":true,"href":"https:\/\/www.sisinternational.com\/pt\/wp-json\/wp\/v2\/media\/66579"}],"wp:attachment":[{"href":"https:\/\/www.sisinternational.com\/pt\/wp-json\/wp\/v2\/media?parent=42926"}],"curies":[{"name":"wp","href":"https:\/\/api.w.org\/{rel}","templated":true}]}}