{"id":42915,"date":"2023-07-26T12:00:52","date_gmt":"2023-07-26T16:00:52","guid":{"rendered":"https:\/\/www.sisinternational.com\/?page_id=42915"},"modified":"2025-10-29T17:35:22","modified_gmt":"2025-10-29T21:35:22","slug":"pesquisa-de-mercado-napoles-florida","status":"publish","type":"page","link":"https:\/\/www.sisinternational.com\/pt\/cobertura\/north-america\/cobertura-dos-eua\/pesquisa-de-mercado-napoles-florida\/","title":{"rendered":"Pesquisa de mercado em N\u00e1poles, Fl\u00f3rida"},"content":{"rendered":"<h1 class=\"wp-block-heading\">Pesquisa de mercado em N\u00e1poles, Fl\u00f3rida<\/h1>\n\n\n\n<figure class=\"gb-block-image gb-block-image-b35bdb69\"><img loading=\"lazy\" decoding=\"async\" width=\"1456\" height=\"816\" class=\"gb-image gb-image-b35bdb69\" src=\"https:\/\/www.sisinternational.com\/wp-content\/uploads\/2025\/09\/Naples-Florida-4.jpg\" alt=\"Pesquisa e Estrat\u00e9gia de Mercado Internacional da SIS\" title=\"Naples, Florida (4)\" srcset=\"https:\/\/www.sisinternational.com\/wp-content\/uploads\/2025\/09\/Naples-Florida-4.jpg 1456w, https:\/\/www.sisinternational.com\/wp-content\/uploads\/2025\/09\/Naples-Florida-4-300x168.jpg 300w, https:\/\/www.sisinternational.com\/wp-content\/uploads\/2025\/09\/Naples-Florida-4-1024x574.jpg 1024w, https:\/\/www.sisinternational.com\/wp-content\/uploads\/2025\/09\/Naples-Florida-4-768x430.jpg 768w, https:\/\/www.sisinternational.com\/wp-content\/uploads\/2025\/09\/Naples-Florida-4-18x10.jpg 18w\" sizes=\"auto, (max-width: 1456px) 100vw, 1456px\"><\/figure>\n\n\n\n<p><\/p>\n\n\n\n<hr class=\"wp-block-separator has-alpha-channel-opacity is-style-dots\"\/>\n\n\n\n<p>O panorama da estrat\u00e9gia empresarial e da tomada de decis\u00f5es est\u00e1 a tornar-se cada vez mais orientado por dados \u2013 e N\u00e1poles, Florida, n\u00e3o \u00e9 exce\u00e7\u00e3o.<\/p>\n\n\n\n<p>Desde PME locais at\u00e9 conglomerados globais, as organiza\u00e7\u00f5es compreendem a import\u00e2ncia de analisar o mercado para navegar nas suas complexidades. Por esta raz\u00e3o, a pesquisa de mercado em N\u00e1poles tornou-se mais do que apenas uma ferramenta estrat\u00e9gica \u00fatil \u2013 e \u00e9 agora um elemento essencial de qualquer plano de neg\u00f3cios robusto.<\/p>\n\n\n\n<p><\/p>\n\n\n\n<div class=\"wp-block-columns has-global-color-9-color has-text-color has-background has-link-color wp-elements-6256118dcc002a9f44d8a3fbd925de12 is-layout-flex wp-container-core-columns-is-layout-9d6595d7 wp-block-columns-is-layout-flex\" style=\"background-color:#f7f9fa6e\">\n<div class=\"wp-block-column is-layout-flow wp-block-column-is-layout-flow\" style=\"flex-basis:18%\"><\/div>\n\n\n\n<div class=\"wp-block-column is-vertically-aligned-center is-layout-flow wp-block-column-is-layout-flow\" style=\"flex-basis:71.28%\">\n<div class=\"wp-block-rank-math-toc-block aligncenter has-global-color-9-color has-text-color has-link-color wp-elements-1263cee8700e281a83730e501110397b\" style=\"font-size:16px\" id=\"rank-math-toc\"><h2><br><strong>T<\/strong>able of Contents<\/h2><nav><ul><li class=\"\"><a href=\"#overview-of-naples-economy\">Vis\u00e3o geral da economia de N\u00e1poles<\/a><\/li><li class=\"\"><a href=\"#why-is-it-crucial-to-conduct-market-research-in-naples\">Por que \u00e9 crucial realizar pesquisas de mercado em N\u00e1poles?<\/a><\/li><li class=\"\"><a href=\"#market-research-in-naples-its-current-trends\">Pesquisa de mercado em N\u00e1poles: suas tend\u00eancias atuais<\/a><\/li><li class=\"\"><a href=\"#opportunities-and-challenges-in-conducting-market-research-in-naples\">Oportunidades e desafios na realiza\u00e7\u00e3o de pesquisas de mercado em N\u00e1poles<\/a><\/li><li class=\"\"><a href=\"#future-prospects-of-market-research-in-naples\">Perspectivas Futuras da Pesquisa de Mercado em N\u00e1poles<\/a><\/li><\/ul><\/nav><\/div>\n<\/div>\n<\/div>\n\n\n\n<p><\/p>\n\n\n\n<h2 class=\"wp-block-heading\" id=\"overview-of-naples-economy\">Vis\u00e3o geral da economia de N\u00e1poles<\/h2>\n\n\n\n<p>Um dos principais componentes da estrutura econ\u00f4mica da cidade \u00e9 a ind\u00fastria do turismo. As praias \u00fanicas e populares, os campos de golfe e as lojas de luxo de N\u00e1poles fazem dela um destino popular para turistas. O crescimento populacional sazonal que acompanha este turismo tem um grande impacto na economia local e afeta o comportamento do consumidor.<\/p>\n\n\n\n<p>N\u00e1poles tamb\u00e9m abriga um n\u00famero crescente de aposentados. O envelhecimento da popula\u00e7\u00e3o impacta significativamente o setor de sa\u00fade, que \u00e9 outro setor importante na cidade. Os prestadores de cuidados de sa\u00fade, desde hospitais a servi\u00e7os de cuidados domicili\u00e1rios, constituem uma parte substancial da economia local.<\/p>\n\n\n\n<p>Similarly, real estate is another significant contributor to Naples&#8217; economy, fueled by the city&#8217;s attractiveness as a retirement destination and a vacation hotspot. The high-end <a href=\"https:\/\/www.sisinternational.com\/pt\/pericia\/industrias\/pesquisa-de-mercado-imobiliario-comercial\/\" title=\"Pesquisa de mercado imobili\u00e1rio comercial\"  data-wpil-monitor-id=\"9798\">real estate market<\/a> caters to affluent residents and second-home buyers, influencing the retail sector, particularly luxury goods and services.<\/p>\n\n\n\n<h2 class=\"wp-block-heading\" id=\"why-is-it-crucial-to-conduct-market-research-in-naples\">Por que \u00e9 crucial realizar pesquisas de mercado em N\u00e1poles?<\/h2>\n\n\n\n<figure class=\"gb-block-image gb-block-image-d62b6d00\"><img loading=\"lazy\" decoding=\"async\" width=\"1456\" height=\"816\" class=\"gb-image gb-image-d62b6d00\" src=\"https:\/\/www.sisinternational.com\/wp-content\/uploads\/2025\/09\/Naples-Florida-2.jpg\" alt=\"Pesquisa e Estrat\u00e9gia de Mercado Internacional da SIS\" title=\"Naples, Florida (2)\" srcset=\"https:\/\/www.sisinternational.com\/wp-content\/uploads\/2025\/09\/Naples-Florida-2.jpg 1456w, https:\/\/www.sisinternational.com\/wp-content\/uploads\/2025\/09\/Naples-Florida-2-300x168.jpg 300w, https:\/\/www.sisinternational.com\/wp-content\/uploads\/2025\/09\/Naples-Florida-2-1024x574.jpg 1024w, https:\/\/www.sisinternational.com\/wp-content\/uploads\/2025\/09\/Naples-Florida-2-768x430.jpg 768w, https:\/\/www.sisinternational.com\/wp-content\/uploads\/2025\/09\/Naples-Florida-2-18x10.jpg 18w\" sizes=\"auto, (max-width: 1456px) 100vw, 1456px\"><\/figure>\n\n\n\n<p><\/p>\n\n\n\n<p>A pesquisa de mercado \u00e9 essencial para compreender totalmente o cen\u00e1rio empresarial de qualquer cidade. Mas, em N\u00e1poles, a situa\u00e7\u00e3o \u00e9 ainda mais cr\u00edtica por uma s\u00e9rie de raz\u00f5es:<\/p>\n\n\n\n<ul class=\"wp-block-list\">\n<li><strong>Compreendendo as prefer\u00eancias do cliente de N\u00e1poles:<\/strong> Com uma economia moldada por residentes locais abastados, uma popula\u00e7\u00e3o substancial de reformados e turistas sazonais, N\u00e1poles possui um mix de consumidores \u00fanico. \u00c9 por isso que a pesquisa de mercado em N\u00e1poles \u00e9 vital para compreender as diversas prefer\u00eancias, comportamentos e necessidades destes diferentes segmentos de clientes.<\/li>\n\n\n\n<li><strong>Navegando no cen\u00e1rio competitivo:<\/strong> Dada a diversidade de ind\u00fastrias em N\u00e1poles \u2013 desde cuidados de sa\u00fade e imobili\u00e1rio at\u00e9 turismo e tecnologia \u2013 as empresas enfrentam concorr\u00eancia de diferentes \u00e2ngulos. No entanto, a pesquisa de mercado em N\u00e1poles ajuda as empresas a compreender os seus concorrentes, identificar as suas propostas de venda \u00fanicas e determinar o seu posicionamento no mercado.<\/li>\n\n\n\n<li><strong>Enhancing <\/strong><a href=\"https:\/\/www.sisinternational.com\/pt\/pericia\/industrias\/voz-da-pesquisa-de-mercado-do-cliente-sobre-alimentos-e-bebidas\/\" title=\"Pesquisa de Mercado Voz do Cliente em Alimentos e Bebidas\"  data-wpil-monitor-id=\"9801\">Customer Satisfaction: Through market research<\/a>, businesses can gain a deeper understanding of their customer&#8217;s needs and preferences. This knowledge can guide efforts to improve product offerings, customer service, and overall customer experience, leading to increased customer satisfaction and loyalty.<\/li>\n\n\n\n<li><strong>Tomando decis\u00f5es de neg\u00f3cios informadas:<\/strong> By providing robust and reliable data, market research can support informed decision-making. Whether it&#8217;s determining the viability of a new product or choosing the best location for a new store, <a href=\"https:\/\/www.sisinternational.com\/pt\/publicacoes\/pesquisa-de-mercado-de-negocios-escalaveis-7-maneiras-de-construir-um-negocio-escalavel\/\" title=\"Pesquisa de mercado de neg\u00f3cios escal\u00e1veis: 7 maneiras de construir um neg\u00f3cio escal\u00e1vel\"  data-wpil-monitor-id=\"9802\">market research can help businesses<\/a> make decisions that are grounded in data rather than guesswork.<\/li>\n<\/ul>\n\n\n\n<p><\/p>\n\n\n\n<!DOCTYPE html>\n<html lang=\"en\">\n<head>\n    <meta charset=\"UTF-8\">\n    <meta name=\"viewport\" content=\"width=device-width, initial-scale=1.0\">\n    <title>Naples, FL Market Data<\/title>\n    <style>\n        \/* Responsive Table & SIS International-inspired Styling\n          - Uses a corporate blue and clean, sans-serif fonts.\n          - Fully responsive with horizontal scroll on small screens to prevent page distortion.\n        *\/\n        \n        .sis-table-container {\n            font-family: -apple-system, BlinkMacSystemFont, \"Segoe UI\", Roboto, Helvetica, Arial, sans-serif;\n            margin: 2em 0;\n            width: 100%;\n            \/* Allows horizontal scroll on small screens if needed *\/\n            overflow-x: auto;\n            -webkit-overflow-scrolling: touch; \/* Smooth scrolling on iOS *\/\n        }\n\n        .sis-table-container h3 {\n            font-size: 1.5rem; \/* 24px *\/\n            font-weight: 600;\n            color: #333;\n            margin-bottom: 0.75em;\n            padding: 0;\n        }\n\n        .sis-table {\n            width: 100%;\n            border-collapse: collapse;\n            min-width: 550px; \/* Ensures layout preservation, container scrolls if needed *\/\n        }\n\n        .sis-table th,\n        .sis-table td {\n            padding: 12px 15px;\n            text-align: left;\n            line-height: 1.5;\n        }\n\n        \/* Header Styling *\/\n        .sis-table thead th {\n            background-color: #005cbf; \/* SIS corporate blue *\/\n            color: #ffffff;\n            font-weight: 600;\n            font-size: 0.9rem; \/* 14.4px *\/\n            text-transform: uppercase;\n            letter-spacing: 0.5px;\n        }\n\n        \/* Body Styling *\/\n        .sis-table tbody tr {\n            border-bottom: 1px solid #ddd;\n        }\n\n        .sis-table tbody tr:nth-of-type(even) {\n            background-color: #f8f8f8; \/* Light gray alternate rows *\/\n        }\n\n        .sis-table tbody tr:last-of-type {\n            border-bottom: 2px solid #005cbf; \/* Match header blue *\/\n        }\n\n        .sis-table td {\n            color: #444;\n            font-size: 0.95rem; \/* 15.2px *\/\n            vertical-align: top;\n        }\n        \n        \/* Align data cells *\/\n        .sis-table td:nth-child(2) {\n            text-align: right;\n            white-space: nowrap;\n        }\n         .sis-table th:nth-child(2) {\n            text-align: right;\n        }\n\n\n        .sis-table-container .source-caption {\n            margin-top: 10px;\n            font-size: 0.85rem; \/* 13.6px *\/\n            color: #555;\n            font-style: italic;\n        }\n\n        .sis-table-container .source-caption a {\n            color: #005cbf; \/* Match brand blue *\/\n            text-decoration: none;\n        }\n\n        .sis-table-container .source-caption a:hover {\n            text-decoration: underline;\n        }\n    <\/style>\n<\/head>\n<body>\n\n    <!-- \n      HTML for WordPress:\n      Copy and paste the code from .sis-table-container start to end into a Custom HTML block.\n    -->\n    <div class=\"sis-table-container\">\n        \n        <h3>Naples, Florida (Collier County) Key Market Demographics<\/h3>\n\n        <table class=\"sis-table\">\n            <thead>\n                <tr>\n                    <th>Indicator<\/th>\n                    <th>Value (Recent Estimate)<\/th>\n                <\/tr>\n            <\/thead>\n            <tbody>\n                <tr>\n                    <td>County Population (Collier)<\/td>\n                    <td>~390,000<\/td>\n                <\/tr>\n                <tr>\n                    <td>Median Household Income<\/td>\n                    <td>~$81,000<\/td>\n                <\/tr>\n                <tr>\n                    <td>Median Home Value<\/td>\n                    <td>~$410,000<\/td>\n                <\/tr>\n                 <tr>\n                    <td>Population aged 65 years and over<\/td>\n                    <td>~30%<\/td>\n                <\/tr>\n                 <tr>\n                    <td>Unemployment Rate (Collier County)<\/td>\n                    <td>~3.5%<\/td>\n                <\/tr>\n            <\/tbody>\n        <\/table>\n\n        <p class=\"source-caption\">\n             Source: Data derived from the <a href=\"https:\/\/www.census.gov\/quickfacts\/fact\/table\/colliercountyflorida\/PST045223\" target=\"_blank\" rel=\"noopener noreferrer\">U.S. Census Bureau QuickFacts<\/a> e <a href=\"https:\/\/www.bls.gov\/eag\/eag.fl_naples_md.htm\" target=\"_blank\" rel=\"noopener noreferrer\">Bureau of Labor Statistics (BLS)<\/a>, covering recent years.\n        <\/p>\n\n    <\/div>\n\n<\/body>\n<\/html>\n\n\n\n\n<p><\/p>\n\n\n\n<h2 class=\"wp-block-heading\" id=\"market-research-in-naples-its-current-trends\">Pesquisa de mercado em N\u00e1poles: suas tend\u00eancias atuais<\/h2>\n\n\n\n<p>\u00c0 medida que o cen\u00e1rio empresarial de N\u00e1poles continua a evoluir, as empresas aproveitam estas tend\u00eancias para obter conhecimentos mais profundos sobre os seus clientes, mercados e concorrentes. Aqui est\u00e3o algumas das tend\u00eancias atuais em pesquisa de mercado em N\u00e1poles:<\/p>\n\n\n\n<ul class=\"wp-block-list\">\n<li><strong>Digitaliza\u00e7\u00e3o:<\/strong> Com a tecnologia digital continuando a permear todas as facetas do neg\u00f3cio, a pesquisa de mercado em N\u00e1poles est\u00e1 cada vez mais digital. As empresas est\u00e3o usando ferramentas digitais para pesquisas, enquetes e escuta nas redes sociais para coletar insights sobre o comportamento do cliente e as tend\u00eancias do mercado.<\/li>\n\n\n\n<li><strong>An\u00e1lise Preditiva:<\/strong> Com a ajuda de dados e an\u00e1lises avan\u00e7adas, as empresas podem prever tend\u00eancias futuras e comportamentos dos clientes. Esta abordagem voltada para o futuro permite que as empresas sejam proativas, tomando decis\u00f5es estrat\u00e9gicas com base em previs\u00f5es futuras.<\/li>\n\n\n\n<li><strong><a href=\"https:\/\/www.sisinternational.com\/pt\/varejo-fisico-e-a-revolucao-movel\/\" title=\"Pesquisa de mercado de varejo m\u00f3vel\" data-wpil-monitor-id=\"9800\">mobile market research<\/a>:<\/strong> Com a maior parte da navega\u00e7\u00e3o na Internet ocorrendo agora em dispositivos m\u00f3veis, as pesquisas de mercado m\u00f3vel est\u00e3o aumentando. As empresas est\u00e3o usando pesquisas m\u00f3veis, pesquisas baseadas em localiza\u00e7\u00e3o e dados de uso m\u00f3vel para obter insights sobre o comportamento do cliente.<\/li>\n<\/ul>\n\n\n\n<h2 class=\"wp-block-heading\" id=\"opportunities-and-challenges-in-conducting-market-research-in-naples\">Oportunidades e desafios na realiza\u00e7\u00e3o de pesquisas de mercado em N\u00e1poles<\/h2>\n\n\n\n<figure class=\"gb-block-image gb-block-image-65ef9f55\"><img loading=\"lazy\" decoding=\"async\" width=\"1456\" height=\"816\" class=\"gb-image gb-image-65ef9f55\" src=\"https:\/\/www.sisinternational.com\/wp-content\/uploads\/2025\/09\/Naples-Florida-1.jpg\" alt=\"Pesquisa e Estrat\u00e9gia de Mercado Internacional da SIS\" title=\"Naples, Florida (1)\" srcset=\"https:\/\/www.sisinternational.com\/wp-content\/uploads\/2025\/09\/Naples-Florida-1.jpg 1456w, https:\/\/www.sisinternational.com\/wp-content\/uploads\/2025\/09\/Naples-Florida-1-300x168.jpg 300w, https:\/\/www.sisinternational.com\/wp-content\/uploads\/2025\/09\/Naples-Florida-1-1024x574.jpg 1024w, https:\/\/www.sisinternational.com\/wp-content\/uploads\/2025\/09\/Naples-Florida-1-768x430.jpg 768w, https:\/\/www.sisinternational.com\/wp-content\/uploads\/2025\/09\/Naples-Florida-1-18x10.jpg 18w\" sizes=\"auto, (max-width: 1456px) 100vw, 1456px\"><\/figure>\n\n\n\n<p><\/p>\n\n\n\n<p>Tal como qualquer actividade empresarial, a realiza\u00e7\u00e3o de pesquisas de mercado em N\u00e1poles apresenta o seu pr\u00f3prio conjunto de desafios e oportunidades \u00fanicos.<\/p>\n\n\n\n<h3 class=\"wp-block-heading\">Oportunidades:<\/h3>\n\n\n\n<ul class=\"wp-block-list\">\n<li><strong>Cen\u00e1rio de neg\u00f3cios pr\u00f3spero:<\/strong> N\u00e1poles \u00e9 o lar de um cen\u00e1rio empresarial pr\u00f3spero com uma ampla gama de ind\u00fastrias. Isso oferece amplas oportunidades para as empresas se envolverem em v\u00e1rios tipos de pesquisas de mercado.<\/li>\n\n\n\n<li><strong>\u00canfase crescente na experi\u00eancia do cliente:<\/strong> \u00c0 medida que as empresas em N\u00e1poles se concentram cada vez mais na melhoria da experi\u00eancia do cliente, existem oportunidades para pesquisas de mercado mais aprofundadas e especializadas centradas no cliente.<\/li>\n\n\n\n<li><strong>Acesso \u00e0 riqueza de dados:<\/strong> Com a prolifera\u00e7\u00e3o das tecnologias digitais, as empresas t\u00eam acesso a uma riqueza de dados, apresentando oportunidades para pesquisas de mercado mais abrangentes e granulares.<\/li>\n<\/ul>\n\n\n\n<h3 class=\"wp-block-heading\">Desafios:<\/h3>\n\n\n\n<ul class=\"wp-block-list\">\n<li><strong>Mudan\u00e7as sazonais na popula\u00e7\u00e3o:<\/strong> Naples is known for its fluctuating population, with a significant increase in residents during the winter months. This presents a challenge for <a href=\"https:\/\/www.sisinternational.com\/pt\/b2b-market-research-strategies-and-techniques\/\" title=\"B2B Market Research Strategies and Techniques\" data-wpil-monitor-id=\"9803\">market research as it requires strategies<\/a> to accurately account for these variations.<\/li>\n\n\n\n<li><strong>Demografia Diversificada:<\/strong> N\u00e1poles acolhe um grupo demogr\u00e1fico diversificado, desde reformados a fam\u00edlias jovens e profissionais activos. Compreender as diversas necessidades e prefer\u00eancias destes grupos distintos pode ser complexo.<\/li>\n\n\n\n<li><strong>Mudan\u00e7as r\u00e1pidas no mercado:<\/strong> Com o crescimento da ind\u00fastria tecnol\u00f3gica e a r\u00e1pida evolu\u00e7\u00e3o dos h\u00e1bitos de consumo, as empresas devem manter-se atualizadas e adaptar-se rapidamente. Isso requer pesquisas de mercado cont\u00ednuas e atualizadas.<\/li>\n<\/ul>\n\n\n\n<h2 class=\"wp-block-heading\" id=\"future-prospects-of-market-research-in-naples\">Perspectivas Futuras da Pesquisa de Mercado em N\u00e1poles<\/h2>\n\n\n\n<figure class=\"gb-block-image gb-block-image-61384dc3\"><img loading=\"lazy\" decoding=\"async\" width=\"1456\" height=\"816\" class=\"gb-image gb-image-61384dc3\" src=\"https:\/\/www.sisinternational.com\/wp-content\/uploads\/2025\/09\/Naples-Florida-5.jpg\" alt=\"Pesquisa e Estrat\u00e9gia de Mercado Internacional da SIS\" title=\"Naples, Florida (5)\" srcset=\"https:\/\/www.sisinternational.com\/wp-content\/uploads\/2025\/09\/Naples-Florida-5.jpg 1456w, https:\/\/www.sisinternational.com\/wp-content\/uploads\/2025\/09\/Naples-Florida-5-300x168.jpg 300w, https:\/\/www.sisinternational.com\/wp-content\/uploads\/2025\/09\/Naples-Florida-5-1024x574.jpg 1024w, https:\/\/www.sisinternational.com\/wp-content\/uploads\/2025\/09\/Naples-Florida-5-768x430.jpg 768w, https:\/\/www.sisinternational.com\/wp-content\/uploads\/2025\/09\/Naples-Florida-5-18x10.jpg 18w\" sizes=\"auto, (max-width: 1456px) 100vw, 1456px\"><\/figure>\n\n\n\n<p><\/p>\n\n\n\n<p>A pesquisa de mercado em N\u00e1poles est\u00e1 no bom caminho para continuar a sua trajet\u00f3ria de crescimento e inova\u00e7\u00e3o. Impulsionado pelos avan\u00e7os na tecnologia, pelas mudan\u00e7as no comportamento do consumidor e pela necessidade de insights mais acion\u00e1veis, o futuro da pesquisa de mercado nesta regi\u00e3o apresenta uma s\u00e9rie de perspectivas promissoras:<\/p>\n\n\n\n<ul class=\"wp-block-list\">\n<li><strong>Integra\u00e7\u00e3o de IA e aprendizado de m\u00e1quina:<\/strong> AI and machine learning will increasingly become a part of <a href=\"https:\/\/www.sisinternational.com\/pt\/solucoes\/pesquisa-de-mercado-de-ia-e-consultoria-estrategica\/processamento-de-linguagem-natural-pesquisa-de-mercado-de-ia\/\" title=\"Pesquisa de mercado de IA de processamento de linguagem natural\" data-wpil-monitor-id=\"9799\">market research processes<\/a>, from data collection to analysis. These technologies can process large data sets quickly, recognize patterns, and offer predictive insights, all of which can dramatically enhance the quality of market research outcomes.<\/li>\n\n\n\n<li><strong>\u00canfase na Experi\u00eancia do Cliente:<\/strong> As businesses seek to differentiate themselves in a crowded marketplace, there will be a growing focus on improving the customer experience. Market research in Naples is essential to understand local customer needs and preferences, <a href=\"https:\/\/www.sisinternational.com\/pt\/solucoes\/solucoes-de-branding-e-pesquisa-de-clientes\/mapeamento-da-jornada-do-cliente\/\" title=\"Mapeamento da Jornada do Cliente\" data-wpil-monitor-id=\"9796\">mapping customer journeys<\/a>, and enhancing customer satisfaction.<\/li>\n\n\n\n<li><strong>Pesquisa multicanal:<\/strong> Com os clientes interagindo com empresas em v\u00e1rios canais, a necessidade de pesquisa multicanal se intensificar\u00e1. Este tipo de pesquisa fornece uma vis\u00e3o hol\u00edstica da experi\u00eancia do cliente em todos os pontos de contato, ajudando as empresas a melhorar a sua estrat\u00e9gia geral.<\/li>\n\n\n\n<li><strong>Foco na Sustentabilidade:<\/strong> \u00c0 medida que a sociedade se torna cada vez mais consciente da import\u00e2ncia da sustentabilidade, as empresas utilizar\u00e3o pesquisas de mercado para compreender as atitudes dos clientes em rela\u00e7\u00e3o a pr\u00e1ticas e produtos ecol\u00f3gicos. Estas informa\u00e7\u00f5es orientar\u00e3o as empresas no desenvolvimento de pr\u00e1ticas e produtos mais sustent\u00e1veis.<\/li>\n<\/ul>\n\n\n<h2>Localiza\u00e7\u00e3o de nossas instala\u00e7\u00f5es em Nova York<\/h2>\n<p><!-- \/wp:post-content --> <!-- wp:html --> <iframe loading=\"lazy\" src=\"https:\/\/www.google.com\/maps\/embed?pb=!1m18!1m12!1m3!1d3022.976188376966!2d-73.99130312499956!3d40.740549471389315!2m3!1f0!2f0!3f0!3m2!1i1024!2i768!4f13.1!3m3!1m2!1s0x89c259a15798c731%3A0xd695d09bdd495f25!2s11%20E%2022nd%20St%20FL%202%2C%20New%20York%2C%20NY%2010010%2C%20USA!5e0!3m2!1sen!2spe!4v1726171763526!5m2!1sen!2spe\" width=\"600\" height=\"450\" allowfullscreen=\"allowfullscreen\" data-mce-fragment=\"1\"><\/iframe> <!-- \/wp:html --> <!-- wp:paragraph --><\/p>\n<h3 class=\"wp-block-heading\">11 E 22nd Street, andar 2, Nova York, NY 10010 T: +1(212) 505-6805<\/h3>\n<hr \/>\n<h2><span style=\"font-weight: 400;\">Sobre SIS Internacional<\/span><\/h2>\n<p><a href=\"https:\/\/www.sisinternational.com\/pt\/\"><span style=\"font-weight: 400;\">SIS Internacional<\/span><\/a><span style=\"font-weight: 400;\"> offers Quantitative, Qualitative, and Strategy Research. We provide data, tools, strategies, reports, and insights for decision-making. We also conduct interviews, surveys, focus groups, and other <a href=\"https:\/\/www.sisinternational.com\/pt\/quantitative-market-research-methods-and-techniques\/\" title=\"Quantitative Market Research Methods and Techniques\" data-wpil-monitor-id=\"9797\">Market Research methods<\/a> and approaches.<\/span><a href=\"https:\/\/www.sisinternational.com\/pt\/sobre-a-sis-international-research\/contact-sis-international-market-research\/\"><span style=\"font-weight: 400;\"> Entre em contato conosco<\/span><\/a><span style=\"font-weight: 400;\"> para o seu pr\u00f3ximo projeto de pesquisa de mercado.<\/span><\/p>\n<p><!-- wp:heading --><\/p>\n<h2 id=\"about-sis-international\" class=\"wp-block-heading\">\u00a0<\/h2>\n\n<!-- \/wp:heading -->","protected":false},"excerpt":{"rendered":"<p>A pesquisa de mercado em N\u00e1poles mostra perspectivas brilhantes de crescimento e inova\u00e7\u00e3o. Tecnologia, comportamento do consumidor e insights moldam o futuro de N\u00e1poles.<\/p>","protected":false},"author":1,"featured_media":66682,"parent":19303,"menu_order":63,"comment_status":"closed","ping_status":"closed","template":"","meta":{"footnotes":""},"class_list":["post-42915","page","type-page","status-publish","has-post-thumbnail"],"_links":{"self":[{"href":"https:\/\/www.sisinternational.com\/pt\/wp-json\/wp\/v2\/pages\/42915","targetHints":{"allow":["GET"]}}],"collection":[{"href":"https:\/\/www.sisinternational.com\/pt\/wp-json\/wp\/v2\/pages"}],"about":[{"href":"https:\/\/www.sisinternational.com\/pt\/wp-json\/wp\/v2\/types\/page"}],"author":[{"embeddable":true,"href":"https:\/\/www.sisinternational.com\/pt\/wp-json\/wp\/v2\/users\/1"}],"replies":[{"embeddable":true,"href":"https:\/\/www.sisinternational.com\/pt\/wp-json\/wp\/v2\/comments?post=42915"}],"version-history":[{"count":5,"href":"https:\/\/www.sisinternational.com\/pt\/wp-json\/wp\/v2\/pages\/42915\/revisions"}],"predecessor-version":[{"id":81629,"href":"https:\/\/www.sisinternational.com\/pt\/wp-json\/wp\/v2\/pages\/42915\/revisions\/81629"}],"up":[{"embeddable":true,"href":"https:\/\/www.sisinternational.com\/pt\/wp-json\/wp\/v2\/pages\/19303"}],"wp:featuredmedia":[{"embeddable":true,"href":"https:\/\/www.sisinternational.com\/pt\/wp-json\/wp\/v2\/media\/66682"}],"wp:attachment":[{"href":"https:\/\/www.sisinternational.com\/pt\/wp-json\/wp\/v2\/media?parent=42915"}],"curies":[{"name":"wp","href":"https:\/\/api.w.org\/{rel}","templated":true}]}}