{"id":42898,"date":"2023-07-20T21:24:06","date_gmt":"2023-07-21T01:24:06","guid":{"rendered":"https:\/\/www.sisinternational.com\/?page_id=42898"},"modified":"2026-01-27T16:35:02","modified_gmt":"2026-01-27T21:35:02","slug":"empresa-de-pesquisa-de-mercado-caribenha","status":"publish","type":"page","link":"https:\/\/www.sisinternational.com\/pt\/cobertura\/pesquisa-de-mercado-no-caribe\/empresa-de-pesquisa-de-mercado-caribenha\/","title":{"rendered":"Empresa de pesquisa de mercado caribenha"},"content":{"rendered":"<h1 class=\"wp-block-heading\">Empresa de pesquisa de mercado caribenha<\/h1>\n\n\n\n<figure class=\"gb-block-image gb-block-image-2a7df5bf\"><img loading=\"lazy\" decoding=\"async\" width=\"1456\" height=\"816\" class=\"gb-image gb-image-2a7df5bf\" src=\"https:\/\/www.sisinternational.com\/wp-content\/uploads\/2025\/09\/Dutch-Caribbean-1.jpg\" alt=\"Pesquisa e Estrat\u00e9gia de Mercado Internacional da SIS\" title=\"Dutch Caribbean (1)\" srcset=\"https:\/\/www.sisinternational.com\/wp-content\/uploads\/2025\/09\/Dutch-Caribbean-1.jpg 1456w, https:\/\/www.sisinternational.com\/wp-content\/uploads\/2025\/09\/Dutch-Caribbean-1-300x168.jpg 300w, https:\/\/www.sisinternational.com\/wp-content\/uploads\/2025\/09\/Dutch-Caribbean-1-1024x574.jpg 1024w, https:\/\/www.sisinternational.com\/wp-content\/uploads\/2025\/09\/Dutch-Caribbean-1-768x430.jpg 768w, https:\/\/www.sisinternational.com\/wp-content\/uploads\/2025\/09\/Dutch-Caribbean-1-18x10.jpg 18w\" sizes=\"auto, (max-width: 1456px) 100vw, 1456px\"><\/figure>\n\n\n\n<p><\/p>\n\n\n\n<hr class=\"wp-block-separator has-alpha-channel-opacity is-style-dots\"\/>\n\n\n\n<p>O Caribe oferece um conjunto \u00fanico de oportunidades para empresas. No entanto, tirar partido destas perspectivas requer uma compreens\u00e3o profunda e matizada da din\u00e2mica do mercado da regi\u00e3o que apenas o pessoal dedicado de uma Empresa de Pesquisa de Mercado das Cara\u00edbas pode fornecer.<\/p>\n\n\n\n<p>Com assist\u00eancia qualificada, uma empresa global pode ter \u00e0 sua disposi\u00e7\u00e3o conhecimentos essenciais do mercado caribenho baseados em pesquisas sistem\u00e1ticas, objetivas e exaustivas.<\/p>\n\n\n\n<h2 class=\"wp-block-heading\">O que uma empresa caribenha de pesquisa de mercado faz?<\/h2>\n\n\n\n<p>A <a href=\"https:\/\/www.sisinternational.com\/pt\/cobertura\/as-americas\/pesquisa-de-mercado-no-caribe\/pesquisa-de-mercado-holandes-caribenho\/\" title=\"Pesquisa de Mercado no Caribe Holand\u00eas\"  data-wpil-monitor-id=\"5818\">Pesquisa de mercado caribenho<\/a> Company provides customized services that enable businesses to understand the region&#8217;s complex market environment, with an emphasis on the markets that best fit the company&#8217;s needs and have the greatest potential for future growth.<\/p>\n\n\n\n<p>Ao realizar pesquisas completas e personalizadas, essas empresas fornecem informa\u00e7\u00f5es valiosas sobre o comportamento do consumidor, tend\u00eancias de mercado, cen\u00e1rio competitivo e nuances regulat\u00f3rias espec\u00edficas do Caribe.<\/p>\n\n\n\n<h2 class=\"wp-block-heading\">A import\u00e2ncia da pesquisa de mercado no Caribe<\/h2>\n\n\n\n<figure class=\"gb-block-image gb-block-image-a03178db\"><img loading=\"lazy\" decoding=\"async\" width=\"1456\" height=\"816\" class=\"gb-image gb-image-a03178db\" src=\"https:\/\/www.sisinternational.com\/wp-content\/uploads\/2025\/09\/Dutch-Caribbean-4.jpg\" alt=\"Pesquisa e Estrat\u00e9gia de Mercado Internacional da SIS\" title=\"Dutch Caribbean (4)\" srcset=\"https:\/\/www.sisinternational.com\/wp-content\/uploads\/2025\/09\/Dutch-Caribbean-4.jpg 1456w, https:\/\/www.sisinternational.com\/wp-content\/uploads\/2025\/09\/Dutch-Caribbean-4-300x168.jpg 300w, https:\/\/www.sisinternational.com\/wp-content\/uploads\/2025\/09\/Dutch-Caribbean-4-1024x574.jpg 1024w, https:\/\/www.sisinternational.com\/wp-content\/uploads\/2025\/09\/Dutch-Caribbean-4-768x430.jpg 768w, https:\/\/www.sisinternational.com\/wp-content\/uploads\/2025\/09\/Dutch-Caribbean-4-18x10.jpg 18w\" sizes=\"auto, (max-width: 1456px) 100vw, 1456px\"><\/figure>\n\n\n\n<p><\/p>\n\n\n\n<p>Market research is a fundamental pillar for any business seeking to succeed in a competitive environment \u2013 and the Caribbean region is no exception. A Caribbean <a href=\"https:\/\/www.sisinternational.com\/pt\/cobertura\/as-americas\/cobertura-dos-eua\/empresa-de-pesquisa-de-mercado-em-atlanta\/\" title=\"Empresa de pesquisa de mercado em Atlanta\"  data-wpil-monitor-id=\"6418\">Market Research Company<\/a> plays an essential role in helping businesses understand the intricacies of this diverse market.<\/p>\n\n\n\n<h3 class=\"wp-block-heading\">Por exemplo, alguns dos elementos mais cr\u00edticos que uma empresa pode obter s\u00e3o os seguintes:<\/h3>\n\n\n\n<ul class=\"wp-block-list\">\n<li><strong>Compreens\u00e3o profunda do mercado:<\/strong> Uma empresa caribenha de pesquisa de mercado fornece \u00e0s empresas uma imagem clara desses mercados \u00fanicos. Identifica as principais caracter\u00edsticas demogr\u00e1ficas e socioecon\u00f3micas, as prefer\u00eancias dos consumidores e as tend\u00eancias que influenciam a din\u00e2mica do mercado.<\/li>\n\n\n\n<li><strong>Orientando a estrat\u00e9gia de neg\u00f3cios:<\/strong> The insights <a href=\"https:\/\/www.sisinternational.com\/pt\/solucoes\/pesquisa-de-mercado-de-ia-e-consultoria-estrategica\/pesquisa-de-mercado-generativa-de-ia\/\" title=\"Pesquisa de mercado de IA generativa\"  data-wpil-monitor-id=\"2044\">generated by a Caribbean Market Research<\/a> Company can significantly influence a business&#8217;s strategic decisions. These insights can guide aspects like product development, pricing, marketing and sales strategies \u2013 and even business expansion plans in the Caribbean region.<\/li>\n\n\n\n<li><strong>Mitigando Riscos:<\/strong> Entrar em um novo mercado ou lan\u00e7ar um novo produto sempre traz riscos. Consequentemente, uma pesquisa de mercado abrangente pode ajudar a mitigar estes riscos, fornecendo informa\u00e7\u00f5es baseadas em dados sobre potenciais desafios e oportunidades. Pode ajudar as empresas globais a compreender o cen\u00e1rio competitivo, o ambiente regulat\u00f3rio e as potenciais barreiras \u00e0 entrada.<\/li>\n\n\n\n<li><strong>Identificando oportunidades:<\/strong> Uma empresa caribenha de pesquisa de mercado pode identificar e quantificar oportunidades de mercado que as empresas podem ignorar. Isto inclui novos segmentos de clientes, \u00e1reas geogr\u00e1ficas inexploradas, nichos de mercado e tend\u00eancias emergentes que poderiam ser aproveitadas para o crescimento.<\/li>\n\n\n\n<li><strong>Construindo a compreens\u00e3o do cliente:<\/strong> Compreender o comportamento, as prefer\u00eancias e as necessidades dos clientes \u00e9 fundamental para oferecer produtos e servi\u00e7os que ressoem com o p\u00fablico-alvo em qualquer mercado caribenho. As empresas de pesquisa de mercado fornecem informa\u00e7\u00f5es detalhadas sobre os clientes, sua jornada de compra e os fatores que influenciam suas decis\u00f5es de compra.<\/li>\n\n\n\n<li><strong>Monitorando as mudan\u00e7as do mercado:<\/strong> Like any other, the Caribbean market is dynamic and subject to change. Regular market <a href=\"https:\/\/www.sisinternational.com\/pt\/pericia\/curriculos-de-experiencia\/pesquisa-de-marca\/\" title=\"Empresa de pesquisa de marca\"  data-wpil-monitor-id=\"6315\">research helps companies<\/a> keep track of market trends, competitors&#8217; strategies, changes in consumer behavior, and other factors that could affect the business, ensuring positive long-term performance.<\/li>\n<\/ul>\n\n\n\n<h2 class=\"wp-block-heading\">Oportunidades e desafios para uma empresa caribenha de pesquisa de mercado<\/h2>\n\n\n\n<h3 class=\"wp-block-heading\">Oportunidades:<\/h3>\n\n\n\n<ul class=\"wp-block-list\">\n<li><strong>Mercado diversificado:<\/strong> O mercado diversificado das Cara\u00edbas oferece m\u00faltiplas oportunidades de investimento, especialmente em setores como o financeiro e o turismo, mas tamb\u00e9m noutros setores que n\u00e3o atingiram o seu pleno potencial e oferecem grandes oportunidades de crescimento com a digitaliza\u00e7\u00e3o e a automatiza\u00e7\u00e3o operacional.<\/li>\n\n\n\n<li><strong>Industria do turismo:<\/strong> A forte ind\u00fastria tur\u00edstica da regi\u00e3o apresenta oportunidades para pesquisas de mercado relacionadas com comportamentos, prefer\u00eancias e padr\u00f5es de gastos dos turistas. Compreender essas din\u00e2micas pode ser crucial para empresas que operam ou t\u00eam como alvo esse setor.<\/li>\n\n\n\n<li><strong>Setores emergentes:<\/strong> \u00c0 medida que a economia das Cara\u00edbas evolui, setores emergentes como as energias renov\u00e1veis, os servi\u00e7os digitais e o agroneg\u00f3cio apresentam novos caminhos para investiga\u00e7\u00e3o e an\u00e1lise.<\/li>\n<\/ul>\n\n\n\n<p><\/p>\n\n\n\n<!DOCTYPE html>\n<html lang=\"en\">\n<head>\n    <meta charset=\"UTF-8\">\n    <meta name=\"viewport\" content=\"width=device-width, initial-scale=1.0\">\n    <title>Caribbean Key Market Sector Data<\/title>\n    <style>\n        \/* Responsive Table & SIS International-inspired Styling\n          - Uses a corporate blue and clean, sans-serif fonts.\n          - Fully responsive with horizontal scroll on small screens to prevent page distortion.\n        *\/\n        \n        .sis-table-container {\n            font-family: -apple-system, BlinkMacSystemFont, \"Segoe UI\", Roboto, Helvetica, Arial, sans-serif;\n            margin: 2em 0;\n            width: 100%;\n            \/* Allows horizontal scroll on small screens *\/\n            overflow-x: auto;\n            -webkit-overflow-scrolling: touch; \/* Smooth scrolling on iOS *\/\n        }\n\n        .sis-table-container h3 {\n            font-size: 1.5rem; \/* 24px *\/\n            font-weight: 600;\n            color: #333;\n            margin-bottom: 0.75em;\n            padding: 0;\n        }\n\n        .sis-table {\n            width: 100%;\n            border-collapse: collapse;\n            min-width: 650px; \/* Ensures layout preservation, container scrolls if needed *\/\n        }\n\n        .sis-table th,\n        .sis-table td {\n            padding: 12px 15px;\n            text-align: left;\n            line-height: 1.5;\n        }\n        \n        \/* Make country names visible without wrapping on mobile *\/\n        .sis-table td:first-child,\n        .sis-table th:first-child {\n            white-space: nowrap; \n        }\n\n        \/* Header Styling *\/\n        .sis-table thead th {\n            background-color: #005cbf; \/* SIS corporate blue *\/\n            color: #ffffff;\n            font-weight: 600;\n            font-size: 0.9rem; \/* 14.4px *\/\n            text-transform: uppercase;\n            letter-spacing: 0.5px;\n        }\n\n        \/* Body Styling *\/\n        .sis-table tbody tr {\n            border-bottom: 1px solid #ddd;\n        }\n\n        .sis-table tbody tr:nth-of-type(even) {\n            background-color: #f8f8f8; \/* Light gray alternate rows *\/\n        }\n\n        .sis-table tbody tr:last-of-type {\n            border-bottom: 2px solid #005cbf; \/* Match header blue *\/\n        }\n\n        .sis-table td {\n            color: #444;\n            font-size: 0.95rem; \/* 15.2px *\/\n            vertical-align: top;\n        }\n        \n        \/* Center-align data for better comparison *\/\n        .sis-table td:not(:first-child) {\n            text-align: center;\n        }\n        .sis-table th:not(:first-child) {\n            text-align: center;\n        }\n\n\n        .sis-table-container .source-caption {\n            margin-top: 10px;\n            font-size: 0.85rem; \/* 13.6px *\/\n            color: #555;\n            font-style: italic;\n        }\n\n        .sis-table-container .source-caption a {\n            color: #005cbf; \/* Match brand blue *\/\n            text-decoration: none;\n        }\n\n        .sis-table-container .source-caption a:hover {\n            text-decoration: underline;\n        }\n    <\/style>\n<\/head>\n<body>\n\n    <!-- \n      HTML for WordPress:\n      Copy and paste the code from .sis-table-container start to end into a Custom HTML block.\n    -->\n    <div class=\"sis-table-container\">\n        \n        <h3>Economic Sector Dependence in Major Caribbean Markets<\/h3>\n\n        <table class=\"sis-table\">\n            <thead>\n                <tr>\n                    <th>Major Economic Sector<\/th>\n                    <th>Barbados (Tourism-Led)<\/th>\n                    <th>Jamaica (Diversifying Economy)<\/th> \n                    <th><a href=\"https:\/\/www.sisinternational.com\/pt\/cobertura\/as-americas\/pesquisa-de-mercado-no-caribe\/pesquisa-de-mercado-trinidad-tobago\/\" title=\"Pesquisa de mercado em Trinidad e Tobago\"  data-wpil-monitor-id=\"6200\">Trinidad &#038; Tobago<\/a> (Energy-Led)<\/th> \n                <\/tr>\n            <\/thead>\n            <tbody>\n                <tr>\n                    <td>Tourism &#038; Travel Contribution to GDP<\/td>\n                    <td>Very High (Over 35% direct\/indirect)<\/td>\n                    <td>High (Approx. 20-25% direct\/indirect)<\/td>\n                    <td>Low (Under 8%)<\/td>\n                <\/tr>\n                <tr>\n                    <td>Financial &#038; Business Services<\/td>\n                    <td>Medium (Key offshore sector)<\/td>\n                    <td>Medium (Focus on BPOs and logistics)<\/td>\n                    <td>Medium (Regional banking hub)<\/td>\n                <\/tr>\n                <tr>\n                    <td>Hydrocarbons (Oil &#038; Gas)<\/td>\n                    <td>Minimal (Focus on renewables)<\/td>\n                    <td>Minimal<\/td>\n                    <td>Very High (Dominant sector)<\/td>\n                <\/tr>\n                <tr>\n                    <td>Manufacturing &#038; Industry<\/td>\n                    <td>Low<\/td>\n                    <td>Medium (Food processing, construction)<\/td>\n                    <td>High (Petrochemicals, steel)<\/td>\n                <\/tr>\n            <\/tbody>\n        <\/table>\n\n        <p class=\"source-caption\">\n             Source: Data derived from recent economic assessments by the <a href=\"https:\/\/www.worldbank.org\/\" target=\"_blank\" rel=\"noopener noreferrer\">World Bank<\/a> e a <a href=\"https:\/\/www.caribank.org\/\" target=\"_blank\" rel=\"noopener noreferrer\">Caribbean Development Bank (CDB)<\/a> on GDP sectoral contributions and national account statistics.\n        <\/p>\n\n    <\/div>\n\n<\/body>\n<\/html>\n\n\n\n\n<p><\/p>\n\n\n\n<h3 class=\"wp-block-heading\">Desafios:<\/h3>\n\n\n\n<ul class=\"wp-block-list\">\n<li><strong>Fragmenta\u00e7\u00e3o do Mercado:<\/strong> The Caribbean is formed by several independent nations, each with its own characteristics. This fragmentation of the <a href=\"https:\/\/www.sisinternational.com\/pt\/pericia\/industrias\/pesquisa-de-mercado-de-butano\/\" title=\"Pesquisa de mercado de butano\" data-wpil-monitor-id=\"3038\">market can make comprehensive research<\/a> more complex and time-consuming. In addition, the multiplicity of languages and cultures spoken in the Caribbean can make successful market entry difficult.<\/li>\n\n\n\n<li><strong>Acessibilidade de dados:<\/strong> Por vezes, pode ser dif\u00edcil obter dados fi\u00e1veis e atualizados, especialmente para ilhas mais pequenas e zonas menos desenvolvidas, onde os dados n\u00e3o s\u00e3o atualizados com frequ\u00eancia ou onde a informa\u00e7\u00e3o p\u00fablica n\u00e3o \u00e9 totalmente fi\u00e1vel.<\/li>\n\n\n\n<li><strong>Fosso digital:<\/strong> Embora a transforma\u00e7\u00e3o digital ofere\u00e7a novas ferramentas de investiga\u00e7\u00e3o, ainda existe uma exclus\u00e3o digital em algumas partes das Cara\u00edbas. Isto pode limitar o alcance e a efic\u00e1cia dos m\u00e9todos de investiga\u00e7\u00e3o digital.<\/li>\n<\/ul>\n\n\n\n<h2 class=\"wp-block-heading\">Principais mercados para pesquisa<\/h2>\n\n\n\n<ul class=\"wp-block-list\">\n<li><strong>Ilhas Virgens Brit\u00e2nicas:<\/strong> The British Virgin Islands boast an economy driven predominantly by tourism and financial services, contributing the largest shares of the territory&#8217;s GDP. The British Virgin Islands also have a growing offshore incorporation sector, attracting international businesses. Therefore, a Caribbean <a href=\"https:\/\/www.sisinternational.com\/pt\/dia-mundial-do-autismo\/\" title=\"Estudos de pesquisa de mercado sobre autismo\" data-wpil-monitor-id=\"7439\">Market Research Company could focus on studying<\/a> trends and behaviors related to these sectors.<\/li>\n\n\n\n<li><strong>Ilhas Cayman:<\/strong> Conhecidas como um dos principais para\u00edsos fiscais globais, as Ilhas Cayman possuem um sofisticado setor de servi\u00e7os financeiros, juntamente com uma pr\u00f3spera ind\u00fastria tur\u00edstica. A pesquisa de mercado aqui poderia concentrar-se nas tend\u00eancias dos servi\u00e7os financeiros, incluindo fundos de investimento, bancos e seguros.<\/li>\n\n\n\n<li><strong>Caribe Holand\u00eas:<\/strong> O Caribe Holand\u00eas, que inclui mercados como Aruba, Bonaire e Cura\u00e7ao, apresenta uma s\u00e9rie de oportunidades para pesquisas de mercado. Cada ilha tem caracter\u00edsticas \u00fanicas, mas o turismo, o transporte mar\u00edtimo e a refina\u00e7\u00e3o de petr\u00f3leo s\u00e3o setores comuns em toda a regi\u00e3o. Por exemplo, mercados como Cura\u00e7ao especializam-se em servi\u00e7os financeiros, enquanto Aruba \u00e9 uma pot\u00eancia no sector do turismo, e ter dados e conhecimentos locais especializados pode fazer a diferen\u00e7a entre uma entrada bem sucedida no mercado e um investimento n\u00e3o rent\u00e1vel.<\/li>\n\n\n\n<li><strong>Ilhas Turcas e Caicos:<\/strong> A economia das Ilhas Turks e Caicos depende fortemente do turismo, do desenvolvimento imobili\u00e1rio e de servi\u00e7os financeiros offshore. A pesquisa de mercado neste contexto pode envolver o estudo do comportamento de turistas e investidores imobili\u00e1rios, tend\u00eancias no setor da constru\u00e7\u00e3o e pr\u00e1ticas banc\u00e1rias offshore. As ilhas tamb\u00e9m est\u00e3o a assistir a um aumento no turismo de luxo, tornando esta uma \u00e1rea valiosa para explorar.<\/li>\n\n\n\n<li><strong>Ilhas Virgens dos EUA:<\/strong> O turismo \u00e9 um sector crucial nas Ilhas Virgens dos EUA, mas a ind\u00fastria transformadora, incluindo a refina\u00e7\u00e3o de petr\u00f3leo e a destila\u00e7\u00e3o de rum, tamb\u00e9m desempenha um papel substancial. Uma empresa caribenha de pesquisa de mercado pode pesquisar diversas \u00e1reas: desde tend\u00eancias do turismo e comportamentos da ind\u00fastria hoteleira at\u00e9 pr\u00e1ticas da ind\u00fastria manufatureira e din\u00e2mica do mercado.<\/li>\n\n\n\n<li><strong>Trinidad e Tobago:<\/strong> A economia de Trinidad e Tobago \u00e9 uma das mais diversificadas do Caribe, com setores fortes de petr\u00f3leo e g\u00e1s, manufatura, turismo e ind\u00fastrias criativas. A pesquisa de mercado aqui pode variar desde o estudo das tend\u00eancias da ind\u00fastria de petr\u00f3leo e g\u00e1s at\u00e9 a compreens\u00e3o da din\u00e2mica do mercado manufatureiro, dos comportamentos dos turistas e do crescente setor criativo e cultural.<\/li>\n<\/ul>\n\n\n\n<h2 class=\"wp-block-heading\">Perspectivas futuras para uma empresa caribenha de pesquisa de mercado<\/h2>\n\n\n\n<figure class=\"gb-block-image gb-block-image-152e925c\"><img loading=\"lazy\" decoding=\"async\" width=\"1456\" height=\"816\" class=\"gb-image gb-image-152e925c\" src=\"https:\/\/www.sisinternational.com\/wp-content\/uploads\/2025\/09\/Dutch-Caribbean-4-1.jpg\" alt=\"Pesquisa e Estrat\u00e9gia de Mercado Internacional da SIS\" title=\"Dutch Caribbean 4\" srcset=\"https:\/\/www.sisinternational.com\/wp-content\/uploads\/2025\/09\/Dutch-Caribbean-4-1.jpg 1456w, https:\/\/www.sisinternational.com\/wp-content\/uploads\/2025\/09\/Dutch-Caribbean-4-1-300x168.jpg 300w, https:\/\/www.sisinternational.com\/wp-content\/uploads\/2025\/09\/Dutch-Caribbean-4-1-1024x574.jpg 1024w, https:\/\/www.sisinternational.com\/wp-content\/uploads\/2025\/09\/Dutch-Caribbean-4-1-768x430.jpg 768w, https:\/\/www.sisinternational.com\/wp-content\/uploads\/2025\/09\/Dutch-Caribbean-4-1-18x10.jpg 18w\" sizes=\"auto, (max-width: 1456px) 100vw, 1456px\"><\/figure>\n\n\n\n<ul class=\"wp-block-list\">\n<li><strong>Aumento da demanda por insights de mercado:<\/strong> \u00c0 medida que mais empresas reconhecem o potencial do mercado caribenho, a procura por informa\u00e7\u00f5es detalhadas do mercado dever\u00e1 aumentar. As empresas de todos os setores procurar\u00e3o compreender os aspectos \u00fanicos do mercado caribenho, impulsionando o crescimento das empresas de pesquisa de mercado na regi\u00e3o.<\/li>\n\n\n\n<li><strong>Transforma\u00e7\u00e3o Digital:<\/strong> O ritmo acelerado da transforma\u00e7\u00e3o digital nas Cara\u00edbas apresenta uma oportunidade significativa. \u00c0 medida que mais consumidores acessam a Internet, uma grande quantidade de dados fica dispon\u00edvel para an\u00e1lise. Os m\u00e9todos de investiga\u00e7\u00e3o digital tornar-se-\u00e3o cada vez mais cr\u00edticos, fornecendo informa\u00e7\u00f5es ricas e em tempo real sobre os comportamentos dos consumidores e as tend\u00eancias do mercado.<\/li>\n\n\n\n<li><strong>Mercados e Setores Emergentes:<\/strong> The Caribbean economy is diversifying, with sectors such as renewable energy, digital services, and agri-business showing strong growth potential. As a result, a Caribbean Market <a href=\"https:\/\/www.sisinternational.com\/pt\/mercado-fmcg-no-vietna\/\" title=\"Mercado FMCG no Vietn\u00e3\" data-wpil-monitor-id=\"2446\">Research Company<\/a> helps in understanding these emerging markets and guiding businesses to tap into these opportunities.<\/li>\n<\/ul>","protected":false},"excerpt":{"rendered":"<p>Uma empresa caribenha de pesquisa de mercado auxilia as empresas a compreender seus mercados-alvo \u00fanicos e complexos para expans\u00e3o futura.<\/p>","protected":false},"author":1,"featured_media":66255,"parent":33287,"menu_order":24,"comment_status":"closed","ping_status":"closed","template":"","meta":{"footnotes":""},"class_list":["post-42898","page","type-page","status-publish","has-post-thumbnail"],"_links":{"self":[{"href":"https:\/\/www.sisinternational.com\/pt\/wp-json\/wp\/v2\/pages\/42898","targetHints":{"allow":["GET"]}}],"collection":[{"href":"https:\/\/www.sisinternational.com\/pt\/wp-json\/wp\/v2\/pages"}],"about":[{"href":"https:\/\/www.sisinternational.com\/pt\/wp-json\/wp\/v2\/types\/page"}],"author":[{"embeddable":true,"href":"https:\/\/www.sisinternational.com\/pt\/wp-json\/wp\/v2\/users\/1"}],"replies":[{"embeddable":true,"href":"https:\/\/www.sisinternational.com\/pt\/wp-json\/wp\/v2\/comments?post=42898"}],"version-history":[{"count":12,"href":"https:\/\/www.sisinternational.com\/pt\/wp-json\/wp\/v2\/pages\/42898\/revisions"}],"predecessor-version":[{"id":81070,"href":"https:\/\/www.sisinternational.com\/pt\/wp-json\/wp\/v2\/pages\/42898\/revisions\/81070"}],"up":[{"embeddable":true,"href":"https:\/\/www.sisinternational.com\/pt\/wp-json\/wp\/v2\/pages\/33287"}],"wp:featuredmedia":[{"embeddable":true,"href":"https:\/\/www.sisinternational.com\/pt\/wp-json\/wp\/v2\/media\/66255"}],"wp:attachment":[{"href":"https:\/\/www.sisinternational.com\/pt\/wp-json\/wp\/v2\/media?parent=42898"}],"curies":[{"name":"wp","href":"https:\/\/api.w.org\/{rel}","templated":true}]}}